{"id":1319,"date":"2021-04-06T11:11:22","date_gmt":"2021-04-06T09:11:22","guid":{"rendered":"https:\/\/strangercam.com\/?page_id=1319"},"modified":"2023-08-21T11:40:39","modified_gmt":"2023-08-21T09:40:39","slug":"camloo","status":"publish","type":"page","link":"https:\/\/strangercam.com\/sv\/camloo\/","title":{"rendered":"Camloo"},"content":{"rendered":"<p>Camloo \u00e4r en live video <a href=\"https:\/\/strangercam.com\/sv\/chatroulette\/\">chatt<\/a> programvara som hj\u00e4lper dig att <a href=\"https:\/\/strangercam.com\/sv\/coomeet\/\">tr\u00e4ffas<\/a> slumpm\u00e4ssiga m\u00e4nniskor \u00f6ver internet. F\u00f6rdelen med att anv\u00e4nda Camloo \u00e4r att det g\u00f6r att du kan f\u00e5 kontakt med olika m\u00e4nniskor runt om i v\u00e4rlden med ett klick p\u00e5 fingret. Med sitt senaste videoaktiverade samtal kan du enkelt f\u00e5 v\u00e4nner genom slumpm\u00e4ssiga chattchattar, online-dejting, konversationer och andra p\u00e5 din handspets.<\/p>\n<p>Camloo hj\u00e4lper dig att tr\u00e4ffa intressanta m\u00e4nniskor fr\u00e5n hela v\u00e4rlden genom slumpm\u00e4ssiga konversationer. Vidare l\u00e5ter den h\u00e4r appen dig kommunicera med fr\u00e4mlingar f\u00f6r att ansluta direkt med energiska konversationer.<\/p>\n<p>Vad v\u00e4ntar du p\u00e5, kom och g\u00e5 med i denna intressanta gemenskap av Camloo?<\/p>\n<h2>Egenskaper f\u00f6r Camloo<\/h2>\n<p>Att l\u00e4ra k\u00e4nna olika m\u00e4nniskor fr\u00e5n hela v\u00e4rlden \u00e4r inte bara l\u00e4tt utan ocks\u00e5 enkelt med Camloo. Om du \u00e4r en av dem som ivrigt v\u00e4ntar p\u00e5 att tr\u00e4ffa n\u00e5gon, d\u00e5 \u00e4r Camloo den perfekta plattformen f\u00f6r dig. Med Camloo i din smartphone-enhet kan du g\u00f6ra nya uppt\u00e4ckter varje dag.<\/p>\n<p>Dessutom \u00e4r det den perfekta plattformen f\u00f6r att dela dina k\u00e4nslor, id\u00e9er eller till och med din personliga diskussion med n\u00e5gon.<br \/>\nCamloo kan hj\u00e4lpa till att f\u00f6ra samman alla m\u00e4nniskor genom internetv\u00e4rlden. Med Camloo i din hand kommer du aldrig att k\u00e4nna dig ensam. Funktionerna i Camloo hj\u00e4lper dig att f\u00e5 kontakt med din partner direkt.<\/p>\n<p>Anslut nu till mer meningsfulla konversationer fr\u00e5n fr\u00e4mlingar fr\u00e5n hela v\u00e4rlden enkelt och utan n\u00e5gra st\u00f6rningar.<\/p>\n<h2>Funktioner i slumpm\u00e4ssig videochatt<\/h2>\n<ul>\n<li>Enkel chatt - Att ansluta till fr\u00e4mlingar i Camloo \u00e4r enkelt och enkelt. Vidare tillhandah\u00e5ller den ocks\u00e5 videochatt utan kostnad. Du kan till och med anv\u00e4nda en mer anpassad version av Camloo som hj\u00e4lper dig att utforska mer intressanta funktioner p\u00e5 denna plattform.<\/li>\n<li>Hitta bra matchning - Om du vill flytta till ett annat samtal i Camloo kan du g\u00f6ra det som en cakewalk. Du beh\u00f6ver bara trycka p\u00e5 n\u00e4sta pil f\u00f6r att <a href=\"https:\/\/strangercam.com\/sv\/american-random-video-call\/\">videosamtal<\/a> till en annan person efter att ha avslutat det f\u00f6reg\u00e5ende samtalet. Visst \u00e4r det enkelt?<\/li>\n<li>F\u00e5 nya v\u00e4nner - Camloo community v\u00e4ntar p\u00e5 att ta dig f\u00f6r att tr\u00e4ffa nya och intressanta m\u00e4nniskor varje dag. B\u00e4ttre att inte f\u00e5 dem att v\u00e4nta p\u00e5 dig. Att f\u00e5 nya v\u00e4nner och umg\u00e5s p\u00e5 denna fantastiska plattform \u00e4r inte bara b\u00e4st utan ocks\u00e5 perfekt f\u00f6r dig.<\/li>\n<li>Visa upp din talang - Har du en fantastisk r\u00f6st? F\u00e5r din dans v\u00e4rlden att dansa till ditt arvode? D\u00e5 \u00e4r Camloo bara den b\u00e4sta plattformen du beh\u00f6ver f\u00f6r dig sj\u00e4lv. Camloo kan ta det b\u00e4sta av din talang och hj\u00e4lpa dig att g\u00f6ra en superstj\u00e4rna.<\/li>\n<li>Rent s\u00e4kert - Teamet av Camloo arbetar h\u00e5rt f\u00f6r att g\u00f6ra dig chattar enkelt och s\u00e4kert. Det g\u00f6r dig inte bara bekymmersfri utan ocks\u00e5 stressfri fr\u00e5n hacking och andra s\u00e4kerhetsproblem. Gl\u00f6m aldrig att kontrollera deras integritetstips f\u00f6r fullst\u00e4ndig sinnesfrid.<\/li>\n<\/ul>\n<h2>F\u00f6r- och nackdelar med Camloo<\/h2>\n<p>Det finns m\u00e5nga dejtingappar d\u00e4r ute, men Camloo \u00e4r annorlunda. Det \u00e4r inte bara ett s\u00e4tt att tr\u00e4ffa slumpm\u00e4ssiga m\u00e4nniskor, det \u00e4r ett s\u00e4tt att tr\u00e4ffa slumpm\u00e4ssiga m\u00e4nniskor och ha lite kul. Men \u00e4r det verkligen v\u00e4rt din tid? L\u00e5t oss ta en titt p\u00e5 f\u00f6r- och nackdelarna med Camloo.<\/p>\n<h4>PROS:<\/h4>\n<ul>\n<li style=\"font-weight: 400;\" aria-level=\"1\">Den \u00e4r helt gratis! Du beh\u00f6ver inte betala n\u00e5got f\u00f6r att anv\u00e4nda appen.<\/li>\n<li style=\"font-weight: 400;\" aria-level=\"1\">Det \u00e4r l\u00e4tt att anv\u00e4nda. Gr\u00e4nssnittet \u00e4r enkelt och okomplicerat.<\/li>\n<li style=\"font-weight: 400;\" aria-level=\"1\">Det \u00e4r anonymt. Du beh\u00f6ver inte anv\u00e4nda ditt riktiga namn eller n\u00e5gon annan personlig information.<\/li>\n<li style=\"font-weight: 400;\" aria-level=\"1\">Det g\u00e5r snabbt. Du kan snabbt bl\u00e4ddra igenom profiler och hitta n\u00e5gon att chatta med.<\/li>\n<\/ul>\n<h4>CONS:<\/h4>\n<ul>\n<li style=\"font-weight: 400;\" aria-level=\"1\">Den \u00e4r inte s\u00e4rskilt popul\u00e4r. Det finns inte m\u00e5nga anv\u00e4ndare av appen \u00e4nnu, s\u00e5 dina alternativ kan vara begr\u00e4nsade.<\/li>\n<li style=\"font-weight: 400;\" aria-level=\"1\">Den \u00e4r inte s\u00e4rskilt v\u00e4lk\u00e4nd. Camloo \u00e4r inte lika v\u00e4lk\u00e4nd som n\u00e5gra av de andra dejtingapparna d\u00e4r ute, s\u00e5 det kan vara sv\u00e5rare att hitta matchningar.<\/li>\n<\/ul>\n<h2>Hur anv\u00e4nder man Camloo?<\/h2>\n<p>Om du letar efter ett nytt s\u00e4tt att tr\u00e4ffa slumpm\u00e4ssiga m\u00e4nniskor \u00e4r Camloo ett bra alternativ. S\u00e5 h\u00e4r anv\u00e4nder du det:<\/p>\n<ol>\n<li style=\"font-weight: 400;\" aria-level=\"1\">Registrera dig f\u00f6r ett konto. Du m\u00e5ste ange grundl\u00e4ggande information som ditt namn och din e-postadress.<\/li>\n<li style=\"font-weight: 400;\" aria-level=\"1\">N\u00e4r du har loggat in ser du en lista \u00f6ver alla tillg\u00e4ngliga anv\u00e4ndare. Du kan bl\u00e4ddra igenom dem eller anv\u00e4nda s\u00f6kfunktionen f\u00f6r att hitta n\u00e5gon specifik.<\/li>\n<li style=\"font-weight: 400;\" aria-level=\"1\">N\u00e4r du hittar n\u00e5gon som du vill prata med klickar du bara p\u00e5 deras namn s\u00e5 kommer du till deras profilsida. D\u00e4rifr\u00e5n kan du starta en konversation genom att skriva i textrutan l\u00e4ngst ner p\u00e5 sidan.<\/li>\n<li style=\"font-weight: 400;\" aria-level=\"1\">S\u00e5 \u00e4r det bara! Du kan forts\u00e4tta chatta s\u00e5 l\u00e4nge du vill eller g\u00e5 vidare till n\u00e5gon annan n\u00e4r som helst.<\/li>\n<\/ol>\n<h2>Varf\u00f6r Camloo \u00e4r s\u00e5 popul\u00e4r slumpm\u00e4ssig videochattplattform?<\/h2>\n<p>Camloo \u00e4r en ny slumpm\u00e4ssig videochattplattform som tar internet med storm. Det finns m\u00e5nga anledningar till varf\u00f6r Camloo \u00e4r s\u00e5 popul\u00e4rt, men en av de fr\u00e4msta anledningarna \u00e4r att det g\u00f6r det m\u00f6jligt f\u00f6r anv\u00e4ndare att tr\u00e4ffa nya m\u00e4nniskor fr\u00e5n hela v\u00e4rlden p\u00e5 ett roligt och interaktivt s\u00e4tt.<\/p>\n<p>En annan anledning till att Camloo \u00e4r s\u00e5 popul\u00e4r \u00e4r att det \u00e4r ett mycket tryggt och s\u00e4kert s\u00e4tt att chatta med fr\u00e4mlingar. Alla konversationer \u00e4r krypterade och Camloo erbjuder ocks\u00e5 ett antal s\u00e4kerhetsfunktioner, till exempel m\u00f6jligheten att rapportera anv\u00e4ndare som beter sig ol\u00e4mpligt.<\/p>\n<p>S\u00e5 om du letar efter ett nytt och sp\u00e4nnande s\u00e4tt att tr\u00e4ffa slumpm\u00e4ssiga m\u00e4nniskor fr\u00e5n hela v\u00e4rlden, se till att kolla in Camloo!<\/p>\n<h2>Hur f\u00e5r man ut s\u00e5 mycket som m\u00f6jligt av Camloo?<\/h2>\n<p>Om du \u00e4r n\u00e5gon som \u00e4lskar att tr\u00e4ffa nya m\u00e4nniskor och f\u00e5 v\u00e4nner, d\u00e5 \u00e4r Camloo den perfekta plattformen f\u00f6r dig. Camloo \u00e4r en ny social n\u00e4tverkswebbplats som hj\u00e4lper dig att f\u00e5 kontakt med slumpm\u00e4ssiga m\u00e4nniskor fr\u00e5n hela v\u00e4rlden. Du kan anv\u00e4nda Camloo f\u00f6r att chatta med nya v\u00e4nner, tr\u00e4ffa nya m\u00e4nniskor och till och med hitta k\u00e4rleken. Men hur kan du f\u00e5 ut det mesta av Camloo? H\u00e4r \u00e4r n\u00e5gra tips:<\/p>\n<ol>\n<li style=\"font-weight: 400;\" aria-level=\"1\">\u00a0Anv\u00e4nd s\u00f6kfunktionen f\u00f6r att hitta personer som delar dina intressen. P\u00e5 s\u00e5 s\u00e4tt kan du l\u00e4ttare starta en konversation.<\/li>\n<li style=\"font-weight: 400;\" aria-level=\"1\">\u00a0Join-grupper och delta i diskussioner. Det h\u00e4r \u00e4r ett utm\u00e4rkt s\u00e4tt att tr\u00e4ffa nya m\u00e4nniskor och f\u00e5 v\u00e4nner.<\/li>\n<li style=\"font-weight: 400;\" aria-level=\"1\">Var aktiv p\u00e5 webbplatsen. Ju mer aktiv du \u00e4r, desto mer sannolikt \u00e4r det att folk vill bli din v\u00e4n.<\/li>\n<li style=\"font-weight: 400;\" aria-level=\"1\">Var dig sj\u00e4lv! Var inte r\u00e4dd f\u00f6r att visa din personlighet p\u00e5 Camloo. Det h\u00e4r \u00e4r ett bra s\u00e4tt att f\u00e5 v\u00e4nner och tr\u00e4ffa nya m\u00e4nniskor.<\/li>\n<\/ol>\n<h2>\u00c4r Camloo s\u00e4kert?<\/h2>\n<p>N\u00e4r det g\u00e4ller n\u00e4tdejting \u00e4r s\u00e4kerhet alltid ett stort problem. S\u00e5 \u00e4r Camloo s\u00e4kert? Det korta svaret \u00e4r ja, Camloo \u00e4r ett tryggt och s\u00e4kert s\u00e4tt att tr\u00e4ffa nya m\u00e4nniskor online. H\u00e4r \u00e4r n\u00e5gra av de saker som vi g\u00f6r f\u00f6r att h\u00e5lla v\u00e5ra medlemmar s\u00e4kra:<\/p>\n<p>Vi till\u00e5ter endast att medlemmar registrerar sig med en giltig e-postadress. Detta hj\u00e4lper oss att verifiera varje medlem och se till att de \u00e4r den de utger sig f\u00f6r att vara.<\/p>\n<p>Vi har en strikt antispam-policy p\u00e5 plats. Det inneb\u00e4r att medlemmar bara kan skicka meddelanden till andra medlemmar som har kommit \u00f6verens om att chatta. Detta bidrar till att minska antalet o\u00f6nskade meddelanden och spam.<\/p>\n<p>Vi modererar alla profiler och foton innan de l\u00e4ggs ut p\u00e5 webbplatsen. Detta hj\u00e4lper till att s\u00e4kerst\u00e4lla att alla medlemmar \u00e4r \u00e4kta och att det inte finns n\u00e5gra falska profiler eller foton.<\/p>\n<p>Vi har ett dedikerat team av kundtj\u00e4nstmedarbetare som \u00e4r tillg\u00e4ngliga dygnet runt f\u00f6r att hj\u00e4lpa dig med eventuella problem eller fr\u00e5gor som du kan ha.<\/p>\n<p>S\u00e5 du kan vara s\u00e4ker p\u00e5 att Camloo \u00e4r ett tryggt och s\u00e4kert s\u00e4tt att tr\u00e4ffa nya m\u00e4nniskor online.<\/p>\n<h2>F\u00f6rebyggande \u00e5tg\u00e4rder som ska vidtas n\u00e4r du anv\u00e4nder slumpm\u00e4ssig videochattplattform:<\/h2>\n<p>N\u00e4r du anv\u00e4nder n\u00e5gon <a href=\"https:\/\/strangercam.com\/sv\/chathub\/\">slumpm\u00e4ssig videochatt<\/a> \u00e4r det viktigt att vidta vissa f\u00f6rebyggande \u00e5tg\u00e4rder f\u00f6r att garantera din s\u00e4kerhet. H\u00e4r \u00e4r n\u00e5gra tips:<\/p>\n<ul>\n<li style=\"font-weight: 400;\" aria-level=\"1\">L\u00e4mna aldrig ut personlig information som namn, adress eller telefonnummer.<\/li>\n<li style=\"font-weight: 400;\" aria-level=\"1\">Om n\u00e5gon du chattar med ber om personlig information, tacka artigt nej och avsluta samtalet.<\/li>\n<li style=\"font-weight: 400;\" aria-level=\"1\">Undvik att skicka eller ta emot n\u00e5gon typ av fil fr\u00e5n n\u00e5gon du inte k\u00e4nner. Dessa filer kan inneh\u00e5lla virus eller skadlig kod som kan skada din dator.<\/li>\n<li style=\"font-weight: 400;\" aria-level=\"1\">Om du n\u00e5gonsin k\u00e4nner dig obekv\u00e4m eller hotad under en chatt ska du omedelbart avsluta konversationen och rapportera anv\u00e4ndaren till plattformsadministrat\u00f6rerna.<\/li>\n<\/ul>\n<h2>Slutsats<\/h2>\n<p>Camloo \u00e4r ett utm\u00e4rkt s\u00e4tt att tr\u00e4ffa nya m\u00e4nniskor, oavsett om du letar efter k\u00e4rlek eller bara vill f\u00e5 n\u00e5gra nya v\u00e4nner. Det b\u00e4sta med Camloo \u00e4r att det \u00e4r helt gratis att anv\u00e4nda, s\u00e5 du har inget att f\u00f6rlora genom att ge det ett f\u00f6rs\u00f6k. Varf\u00f6r inte registrera dig idag och se vem du tr\u00e4ffar?<\/p>","protected":false},"excerpt":{"rendered":"<p>Camloo is a live video chat software that helps you to meet random people over the internet. The benefit of using Camloo is that enables you to connect with different people around the world with the click of your finger. With its latest video-enabled calling, you can make friends easily through random chit-chats, online dating, [&hellip;]<\/p>\n","protected":false},"author":6,"featured_media":559,"parent":0,"menu_order":0,"comment_status":"closed","ping_status":"closed","template":"","meta":{"footnotes":""},"class_list":["post-1319","page","type-page","status-publish","has-post-thumbnail","hentry"],"yoast_head":"<!-- This site is optimized with the Yoast SEO plugin v27.4 - https:\/\/yoast.com\/product\/yoast-seo-wordpress\/ -->\n<title>Camloo - Free Random Video Chat - Cam on StrangerCam.com<\/title>\n<meta name=\"description\" content=\"Like Camloo? Come chat with more than 5.000.000 strangers on Stranger Cam for Free! Turn on your cam and find new friends &amp; maby a match!\" \/>\n<meta name=\"robots\" content=\"index, follow, max-snippet:-1, max-image-preview:large, max-video-preview:-1\" \/>\n<link rel=\"canonical\" href=\"https:\/\/strangercam.com\/sv\/camloo\/\" \/>\n<meta property=\"og:locale\" content=\"sv_SE\" \/>\n<meta property=\"og:type\" content=\"article\" \/>\n<meta property=\"og:title\" content=\"Camloo - Free Random Video Chat - Cam on StrangerCam.com\" \/>\n<meta property=\"og:description\" content=\"Like Camloo? Come chat with more than 5.000.000 strangers on Stranger Cam for Free! Turn on your cam and find new friends &amp; maby a match!\" \/>\n<meta property=\"og:url\" content=\"https:\/\/strangercam.com\/sv\/camloo\/\" \/>\n<meta property=\"og:site_name\" content=\"Strangercam\" \/>\n<meta property=\"article:publisher\" content=\"https:\/\/www.facebook.com\/strangercam\" \/>\n<meta property=\"article:modified_time\" content=\"2023-08-21T09:40:39+00:00\" \/>\n<meta property=\"og:image\" content=\"https:\/\/strangercam.com\/wp-content\/uploads\/2020\/11\/stranger-cam-1.png\" \/>\n\t<meta property=\"og:image:width\" content=\"800\" \/>\n\t<meta property=\"og:image:height\" content=\"800\" \/>\n\t<meta property=\"og:image:type\" content=\"image\/png\" \/>\n<meta name=\"twitter:card\" content=\"summary_large_image\" \/>\n<meta name=\"twitter:site\" content=\"@strangercamapp\" \/>\n<meta name=\"twitter:label1\" content=\"Ber\u00e4knad l\u00e4stid\" \/>\n\t<meta name=\"twitter:data1\" content=\"7 minuter\" \/>\n<script type=\"application\/ld+json\" class=\"yoast-schema-graph\">{\"@context\":\"https:\\\/\\\/schema.org\",\"@graph\":[{\"@type\":\"WebPage\",\"@id\":\"https:\\\/\\\/strangercam.com\\\/camloo\\\/\",\"url\":\"https:\\\/\\\/strangercam.com\\\/camloo\\\/\",\"name\":\"Camloo - Free Random Video Chat - Cam on StrangerCam.com\",\"isPartOf\":{\"@id\":\"https:\\\/\\\/strangercam.com\\\/#website\"},\"primaryImageOfPage\":{\"@id\":\"https:\\\/\\\/strangercam.com\\\/camloo\\\/#primaryimage\"},\"image\":{\"@id\":\"https:\\\/\\\/strangercam.com\\\/camloo\\\/#primaryimage\"},\"thumbnailUrl\":\"https:\\\/\\\/strangercam.com\\\/wp-content\\\/uploads\\\/2020\\\/11\\\/stranger-cam-1.png\",\"datePublished\":\"2021-04-06T09:11:22+00:00\",\"dateModified\":\"2023-08-21T09:40:39+00:00\",\"description\":\"Like Camloo? Come chat with more than 5.000.000 strangers on Stranger Cam for Free! Turn on your cam and find new friends & maby a match!\",\"breadcrumb\":{\"@id\":\"https:\\\/\\\/strangercam.com\\\/camloo\\\/#breadcrumb\"},\"inLanguage\":\"sv-SE\",\"potentialAction\":[{\"@type\":\"ReadAction\",\"target\":[\"https:\\\/\\\/strangercam.com\\\/camloo\\\/\"]}]},{\"@type\":\"ImageObject\",\"inLanguage\":\"sv-SE\",\"@id\":\"https:\\\/\\\/strangercam.com\\\/camloo\\\/#primaryimage\",\"url\":\"https:\\\/\\\/strangercam.com\\\/wp-content\\\/uploads\\\/2020\\\/11\\\/stranger-cam-1.png\",\"contentUrl\":\"https:\\\/\\\/strangercam.com\\\/wp-content\\\/uploads\\\/2020\\\/11\\\/stranger-cam-1.png\",\"width\":800,\"height\":800,\"caption\":\"stranger cam random video chat\"},{\"@type\":\"BreadcrumbList\",\"@id\":\"https:\\\/\\\/strangercam.com\\\/camloo\\\/#breadcrumb\",\"itemListElement\":[{\"@type\":\"ListItem\",\"position\":1,\"name\":\"Home\",\"item\":\"https:\\\/\\\/strangercam.com\\\/\"},{\"@type\":\"ListItem\",\"position\":2,\"name\":\"Camloo\"}]},{\"@type\":\"WebSite\",\"@id\":\"https:\\\/\\\/strangercam.com\\\/#website\",\"url\":\"https:\\\/\\\/strangercam.com\\\/\",\"name\":\"Strangercam\",\"description\":\"Random Video Chat with Strangers\",\"publisher\":{\"@id\":\"https:\\\/\\\/strangercam.com\\\/#organization\"},\"alternateName\":\"Strangercam.com\",\"potentialAction\":[{\"@type\":\"SearchAction\",\"target\":{\"@type\":\"EntryPoint\",\"urlTemplate\":\"https:\\\/\\\/strangercam.com\\\/?s={search_term_string}\"},\"query-input\":{\"@type\":\"PropertyValueSpecification\",\"valueRequired\":true,\"valueName\":\"search_term_string\"}}],\"inLanguage\":\"sv-SE\"},{\"@type\":\"Organization\",\"@id\":\"https:\\\/\\\/strangercam.com\\\/#organization\",\"name\":\"Strangercam\",\"alternateName\":\"Strangercam.com\",\"url\":\"https:\\\/\\\/strangercam.com\\\/\",\"logo\":{\"@type\":\"ImageObject\",\"inLanguage\":\"sv-SE\",\"@id\":\"https:\\\/\\\/strangercam.com\\\/#\\\/schema\\\/logo\\\/image\\\/\",\"url\":\"https:\\\/\\\/strangercam.com\\\/wp-content\\\/uploads\\\/2020\\\/11\\\/cropped-new-favicon-black.png\",\"contentUrl\":\"https:\\\/\\\/strangercam.com\\\/wp-content\\\/uploads\\\/2020\\\/11\\\/cropped-new-favicon-black.png\",\"width\":512,\"height\":512,\"caption\":\"Strangercam\"},\"image\":{\"@id\":\"https:\\\/\\\/strangercam.com\\\/#\\\/schema\\\/logo\\\/image\\\/\"},\"sameAs\":[\"https:\\\/\\\/www.facebook.com\\\/strangercam\",\"https:\\\/\\\/x.com\\\/strangercamapp\"]}]}<\/script>\n<!-- \/ Yoast SEO plugin. -->","yoast_head_json":{"title":"Camloo - Gratis slumpm\u00e4ssig videochatt - Cam p\u00e5 StrangerCam.com","description":"Gillar du Camloo? Kom och chatta med mer \u00e4n 5.000.000 fr\u00e4mlingar p\u00e5 Stranger Cam helt gratis! Sl\u00e5 p\u00e5 din kamera och hitta nya v\u00e4nner och kanske en match!","robots":{"index":"index","follow":"follow","max-snippet":"max-snippet:-1","max-image-preview":"max-image-preview:large","max-video-preview":"max-video-preview:-1"},"canonical":"https:\/\/strangercam.com\/sv\/camloo\/","og_locale":"sv_SE","og_type":"article","og_title":"Camloo - Free Random Video Chat - Cam on StrangerCam.com","og_description":"Like Camloo? Come chat with more than 5.000.000 strangers on Stranger Cam for Free! Turn on your cam and find new friends & maby a match!","og_url":"https:\/\/strangercam.com\/sv\/camloo\/","og_site_name":"Strangercam","article_publisher":"https:\/\/www.facebook.com\/strangercam","article_modified_time":"2023-08-21T09:40:39+00:00","og_image":[{"width":800,"height":800,"url":"https:\/\/strangercam.com\/wp-content\/uploads\/2020\/11\/stranger-cam-1.png","type":"image\/png"}],"twitter_card":"summary_large_image","twitter_site":"@strangercamapp","twitter_misc":{"Ber\u00e4knad l\u00e4stid":"7 minuter"},"schema":{"@context":"https:\/\/schema.org","@graph":[{"@type":"WebPage","@id":"https:\/\/strangercam.com\/camloo\/","url":"https:\/\/strangercam.com\/camloo\/","name":"Camloo - Gratis slumpm\u00e4ssig videochatt - Cam p\u00e5 StrangerCam.com","isPartOf":{"@id":"https:\/\/strangercam.com\/#website"},"primaryImageOfPage":{"@id":"https:\/\/strangercam.com\/camloo\/#primaryimage"},"image":{"@id":"https:\/\/strangercam.com\/camloo\/#primaryimage"},"thumbnailUrl":"https:\/\/strangercam.com\/wp-content\/uploads\/2020\/11\/stranger-cam-1.png","datePublished":"2021-04-06T09:11:22+00:00","dateModified":"2023-08-21T09:40:39+00:00","description":"Gillar du Camloo? Kom och chatta med mer \u00e4n 5.000.000 fr\u00e4mlingar p\u00e5 Stranger Cam helt gratis! Sl\u00e5 p\u00e5 din kamera och hitta nya v\u00e4nner och kanske en match!","breadcrumb":{"@id":"https:\/\/strangercam.com\/camloo\/#breadcrumb"},"inLanguage":"sv-SE","potentialAction":[{"@type":"ReadAction","target":["https:\/\/strangercam.com\/camloo\/"]}]},{"@type":"ImageObject","inLanguage":"sv-SE","@id":"https:\/\/strangercam.com\/camloo\/#primaryimage","url":"https:\/\/strangercam.com\/wp-content\/uploads\/2020\/11\/stranger-cam-1.png","contentUrl":"https:\/\/strangercam.com\/wp-content\/uploads\/2020\/11\/stranger-cam-1.png","width":800,"height":800,"caption":"stranger cam random video chat"},{"@type":"BreadcrumbList","@id":"https:\/\/strangercam.com\/camloo\/#breadcrumb","itemListElement":[{"@type":"ListItem","position":1,"name":"Home","item":"https:\/\/strangercam.com\/"},{"@type":"ListItem","position":2,"name":"Camloo"}]},{"@type":"WebSite","@id":"https:\/\/strangercam.com\/#website","url":"https:\/\/strangercam.com\/","name":"Strangercam","description":"Slumpm\u00e4ssig videochatt med fr\u00e4mlingar","publisher":{"@id":"https:\/\/strangercam.com\/#organization"},"alternateName":"Strangercam.com","potentialAction":[{"@type":"SearchAction","target":{"@type":"EntryPoint","urlTemplate":"https:\/\/strangercam.com\/?s={search_term_string}"},"query-input":{"@type":"PropertyValueSpecification","valueRequired":true,"valueName":"search_term_string"}}],"inLanguage":"sv-SE"},{"@type":"Organization","@id":"https:\/\/strangercam.com\/#organization","name":"Strangercam","alternateName":"Strangercam.com","url":"https:\/\/strangercam.com\/","logo":{"@type":"ImageObject","inLanguage":"sv-SE","@id":"https:\/\/strangercam.com\/#\/schema\/logo\/image\/","url":"https:\/\/strangercam.com\/wp-content\/uploads\/2020\/11\/cropped-new-favicon-black.png","contentUrl":"https:\/\/strangercam.com\/wp-content\/uploads\/2020\/11\/cropped-new-favicon-black.png","width":512,"height":512,"caption":"Strangercam"},"image":{"@id":"https:\/\/strangercam.com\/#\/schema\/logo\/image\/"},"sameAs":["https:\/\/www.facebook.com\/strangercam","https:\/\/x.com\/strangercamapp"]}]}},"_links":{"self":[{"href":"https:\/\/strangercam.com\/sv\/wp-json\/wp\/v2\/pages\/1319","targetHints":{"allow":["GET"]}}],"collection":[{"href":"https:\/\/strangercam.com\/sv\/wp-json\/wp\/v2\/pages"}],"about":[{"href":"https:\/\/strangercam.com\/sv\/wp-json\/wp\/v2\/types\/page"}],"author":[{"embeddable":true,"href":"https:\/\/strangercam.com\/sv\/wp-json\/wp\/v2\/users\/6"}],"replies":[{"embeddable":true,"href":"https:\/\/strangercam.com\/sv\/wp-json\/wp\/v2\/comments?post=1319"}],"version-history":[{"count":0,"href":"https:\/\/strangercam.com\/sv\/wp-json\/wp\/v2\/pages\/1319\/revisions"}],"wp:featuredmedia":[{"embeddable":true,"href":"https:\/\/strangercam.com\/sv\/wp-json\/wp\/v2\/media\/559"}],"wp:attachment":[{"href":"https:\/\/strangercam.com\/sv\/wp-json\/wp\/v2\/media?parent=1319"}],"curies":[{"name":"wp","href":"https:\/\/api.w.org\/{rel}","templated":true}]}}