{"id":1311,"date":"2021-04-06T10:56:49","date_gmt":"2021-04-06T08:56:49","guid":{"rendered":"https:\/\/strangercam.com\/?page_id=1311"},"modified":"2023-08-21T12:24:41","modified_gmt":"2023-08-21T10:24:41","slug":"holla","status":"publish","type":"page","link":"https:\/\/strangercam.com\/sv\/holla\/","title":{"rendered":"Holla"},"content":{"rendered":"<p>Det har aldrig varit l\u00e4tt att f\u00e5 kontakt och prata med varandra fysiskt genom en <a href=\"https:\/\/strangercam.com\/sv\/mili\/\">leva<\/a> video <a href=\"https:\/\/strangercam.com\/sv\/chatroulette\/\">chatt<\/a> med din avl\u00e4gsna sl\u00e4kting, eller v\u00e4nner f\u00f6rr i tiden. Idag har videochatt eliminerat den barri\u00e4ren och f\u00f6rt tusen kilometer av avst\u00e5nd till ditt hem. Du kan nu enkelt h\u00e5lla ett <a href=\"https:\/\/strangercam.com\/sv\/rabbit-video-chat\/\">videochatt<\/a> med dina v\u00e4nner eller din familj i fj\u00e4rran l\u00e4nder via Holla.<\/p>\n<p>L\u00e4tt tillg\u00e4nglig i mer \u00e4n 40 l\u00e4nder, Holla anses vara den b\u00e4sta videochatten 2020. Du kan ha en live <a href=\"https:\/\/strangercam.com\/sv\/amerikanskt-slumpmassigt-videosamtal\/\">videosamtal<\/a> till alla fr\u00e4mlingar fr\u00e5n hela v\u00e4rlden. Denna plattform best\u00e5r av mer \u00e4n 30 miljoner registrerade anv\u00e4ndare fr\u00e5n 190 olika l\u00e4nder.<\/p>\n<h2>F\u00f6rdelar<\/h2>\n<ul>\n<li>B\u00e4sta videoprogramvara - Denna programvara tilldelas som den b\u00e4sta videoprogramvaran 2020. Detta beror p\u00e5 att den h\u00e4r programvaran l\u00e5ter dig kommunicera med en slumpm\u00e4ssig fr\u00e4mling via videochatt, r\u00f6stchatt och till och med textchatt. Alla dessa funktioner kommer utan kostnad. Dessutom l\u00e5ter det dig f\u00e5 v\u00e4nner runt om i v\u00e4rlden genom att bara svepa med fingret och l\u00e5ter dig v\u00e4lja mellan tusentals alternativ.<br \/>\nO\u00f6vertr\u00e4ffat ljud och<\/li>\n<li>Kvalitet - Holla ger dig plattformen f\u00f6r att enkelt prata med dina v\u00e4nner, fr\u00e4mlingar eller till och med familjemedlemmar som bor tusentals kilometer bort. Detta beror p\u00e5 att det ger dig friheten att v\u00e4lja och kommunicera genom oj\u00e4mf\u00f6rligt ljud och kvalitet s\u00e5 att ditt samtal inte kommer att avbrytas p\u00e5 grund av d\u00e5ligt n\u00e4tverk eller ljudkvalitet.<\/li>\n<li>M\u00e5nga funktioner - Dessutom \u00e4r den h\u00e4r programvaran tillg\u00e4nglig f\u00f6r anv\u00e4ndning i alla n\u00e4tverk som 3G, 4G eller till och med Wi-Fi-n\u00e4tverksanslutning. Det l\u00e5ter dig ocks\u00e5 anv\u00e4nda gratis live videochatt, gratis live r\u00f6stchatt och gratis textchatt. Holla ger sina anv\u00e4ndare m\u00f6jlighet att h\u00e5lla en-mot-en direkt live videosamtalsfunktion. Du beh\u00f6ver bara v\u00e4lja k\u00f6n och region som du f\u00f6redrar. S\u00e4ker och sund att anv\u00e4nda, du kan enkelt <a href=\"https:\/\/strangercam.com\/sv\/coomeet\/\">tr\u00e4ffas<\/a> nya m\u00e4nniskor \u00f6ver hela v\u00e4rlden utan kr\u00e5ngel.<\/li>\n<\/ul>\n<h3>Centrala funktioner f\u00f6r Holla<\/h3>\n<p>Genom att anv\u00e4nda Holla kan man f\u00f6rv\u00e4nta sig m\u00e5nga \u00f6verraskningar. Betydelse, n\u00e4r du har en videochatt, eller till och med n\u00e4r du chattar med en ok\u00e4nd fr\u00e4mling, kommer du att bli full av \u00f6verraskningar. Vidare \u00e4r du omedveten om vem du kommer att tr\u00e4ffa i n\u00e4sta kommande minut. Alla beg\u00e5vade ungdomar kommer upp p\u00e5 denna plattform f\u00f6r att tr\u00e4ffas och f\u00e5 nya v\u00e4nner online genom konversationer i realtid.<\/p>\n<p>Hela definitionen av gratis live videochatt v\u00e4ntar p\u00e5 dig med videofilter och klisterm\u00e4rken som skapar en fantastisk upplevelse f\u00f6r dig. Holla \u00e4r gratis att anv\u00e4nda, du kan f\u00e5 bonus premiumfunktioner som endast \u00e4r tillg\u00e4ngliga i live videochatt med anpassad videostreaming och matchning.<\/p>","protected":false},"excerpt":{"rendered":"<p>It was never easy to connect and talk one-on-one physically through a live video chat with your distant relative, or friends in earlier days. Today, video chatting has eliminated that barrier and brought a thousand kilometres of distance to your home. You can now easily hold a video chat with your friends, or family in [&hellip;]<\/p>\n","protected":false},"author":6,"featured_media":559,"parent":0,"menu_order":0,"comment_status":"closed","ping_status":"closed","template":"","meta":{"footnotes":""},"class_list":["post-1311","page","type-page","status-publish","has-post-thumbnail","hentry"],"yoast_head":"<!-- This site is optimized with the Yoast SEO plugin v26.9 - https:\/\/yoast.com\/product\/yoast-seo-wordpress\/ -->\n<title>Holla - Best Random Video Chat - Cam on StrangerCam.com<\/title>\n<meta name=\"description\" content=\"Like Holla? Come chat with more than 5.000.000 strangers on Stranger Cam for Free! Turn on your cam and find new friends &amp; maby a match!\" \/>\n<meta name=\"robots\" content=\"index, follow, max-snippet:-1, max-image-preview:large, max-video-preview:-1\" \/>\n<link rel=\"canonical\" href=\"https:\/\/strangercam.com\/sv\/holla\/\" \/>\n<meta property=\"og:locale\" content=\"sv_SE\" \/>\n<meta property=\"og:type\" content=\"article\" \/>\n<meta property=\"og:title\" content=\"Holla - Best Random Video Chat - Cam on StrangerCam.com\" \/>\n<meta property=\"og:description\" content=\"Like Holla? Come chat with more than 5.000.000 strangers on Stranger Cam for Free! Turn on your cam and find new friends &amp; maby a match!\" \/>\n<meta property=\"og:url\" content=\"https:\/\/strangercam.com\/sv\/holla\/\" \/>\n<meta property=\"og:site_name\" content=\"Strangercam\" \/>\n<meta property=\"article:publisher\" content=\"https:\/\/www.facebook.com\/strangercam\" \/>\n<meta property=\"article:modified_time\" content=\"2023-08-21T10:24:41+00:00\" \/>\n<meta property=\"og:image\" content=\"https:\/\/strangercam.com\/wp-content\/uploads\/2020\/11\/stranger-cam-1.png\" \/>\n\t<meta property=\"og:image:width\" content=\"800\" \/>\n\t<meta property=\"og:image:height\" content=\"800\" \/>\n\t<meta property=\"og:image:type\" content=\"image\/png\" \/>\n<meta name=\"twitter:card\" content=\"summary_large_image\" \/>\n<meta name=\"twitter:site\" content=\"@strangercamapp\" \/>\n<meta name=\"twitter:label1\" content=\"Ber\u00e4knad l\u00e4stid\" \/>\n\t<meta name=\"twitter:data1\" content=\"2 minuter\" \/>\n<script type=\"application\/ld+json\" class=\"yoast-schema-graph\">{\"@context\":\"https:\/\/schema.org\",\"@graph\":[{\"@type\":\"WebPage\",\"@id\":\"https:\/\/strangercam.com\/holla\/\",\"url\":\"https:\/\/strangercam.com\/holla\/\",\"name\":\"Holla - Best Random Video Chat - Cam on StrangerCam.com\",\"isPartOf\":{\"@id\":\"https:\/\/strangercam.com\/#website\"},\"primaryImageOfPage\":{\"@id\":\"https:\/\/strangercam.com\/holla\/#primaryimage\"},\"image\":{\"@id\":\"https:\/\/strangercam.com\/holla\/#primaryimage\"},\"thumbnailUrl\":\"https:\/\/strangercam.com\/wp-content\/uploads\/2020\/11\/stranger-cam-1.png\",\"datePublished\":\"2021-04-06T08:56:49+00:00\",\"dateModified\":\"2023-08-21T10:24:41+00:00\",\"description\":\"Like Holla? Come chat with more than 5.000.000 strangers on Stranger Cam for Free! Turn on your cam and find new friends & maby a match!\",\"breadcrumb\":{\"@id\":\"https:\/\/strangercam.com\/holla\/#breadcrumb\"},\"inLanguage\":\"sv-SE\",\"potentialAction\":[{\"@type\":\"ReadAction\",\"target\":[\"https:\/\/strangercam.com\/holla\/\"]}]},{\"@type\":\"ImageObject\",\"inLanguage\":\"sv-SE\",\"@id\":\"https:\/\/strangercam.com\/holla\/#primaryimage\",\"url\":\"https:\/\/strangercam.com\/wp-content\/uploads\/2020\/11\/stranger-cam-1.png\",\"contentUrl\":\"https:\/\/strangercam.com\/wp-content\/uploads\/2020\/11\/stranger-cam-1.png\",\"width\":800,\"height\":800,\"caption\":\"stranger cam random video chat\"},{\"@type\":\"BreadcrumbList\",\"@id\":\"https:\/\/strangercam.com\/holla\/#breadcrumb\",\"itemListElement\":[{\"@type\":\"ListItem\",\"position\":1,\"name\":\"Home\",\"item\":\"https:\/\/strangercam.com\/\"},{\"@type\":\"ListItem\",\"position\":2,\"name\":\"Holla\"}]},{\"@type\":\"WebSite\",\"@id\":\"https:\/\/strangercam.com\/#website\",\"url\":\"https:\/\/strangercam.com\/\",\"name\":\"Strangercam\",\"description\":\"Random Video Chat with Strangers\",\"publisher\":{\"@id\":\"https:\/\/strangercam.com\/#organization\"},\"alternateName\":\"Strangercam.com\",\"potentialAction\":[{\"@type\":\"SearchAction\",\"target\":{\"@type\":\"EntryPoint\",\"urlTemplate\":\"https:\/\/strangercam.com\/?s={search_term_string}\"},\"query-input\":{\"@type\":\"PropertyValueSpecification\",\"valueRequired\":true,\"valueName\":\"search_term_string\"}}],\"inLanguage\":\"sv-SE\"},{\"@type\":\"Organization\",\"@id\":\"https:\/\/strangercam.com\/#organization\",\"name\":\"Strangercam\",\"alternateName\":\"Strangercam.com\",\"url\":\"https:\/\/strangercam.com\/\",\"logo\":{\"@type\":\"ImageObject\",\"inLanguage\":\"sv-SE\",\"@id\":\"https:\/\/strangercam.com\/#\/schema\/logo\/image\/\",\"url\":\"https:\/\/strangercam.com\/wp-content\/uploads\/2020\/11\/cropped-new-favicon-black.png\",\"contentUrl\":\"https:\/\/strangercam.com\/wp-content\/uploads\/2020\/11\/cropped-new-favicon-black.png\",\"width\":512,\"height\":512,\"caption\":\"Strangercam\"},\"image\":{\"@id\":\"https:\/\/strangercam.com\/#\/schema\/logo\/image\/\"},\"sameAs\":[\"https:\/\/www.facebook.com\/strangercam\",\"https:\/\/x.com\/strangercamapp\"]}]}<\/script>\n<!-- \/ Yoast SEO plugin. -->","yoast_head_json":{"title":"Holla - B\u00e4sta slumpm\u00e4ssiga videochatt - Cam p\u00e5 StrangerCam.com","description":"Gillar du Holla? Kom och chatta med mer \u00e4n 5.000.000 fr\u00e4mlingar p\u00e5 Stranger Cam helt gratis! Sl\u00e5 p\u00e5 din kamera och hitta nya v\u00e4nner och kanske en match!","robots":{"index":"index","follow":"follow","max-snippet":"max-snippet:-1","max-image-preview":"max-image-preview:large","max-video-preview":"max-video-preview:-1"},"canonical":"https:\/\/strangercam.com\/sv\/holla\/","og_locale":"sv_SE","og_type":"article","og_title":"Holla - Best Random Video Chat - Cam on StrangerCam.com","og_description":"Like Holla? Come chat with more than 5.000.000 strangers on Stranger Cam for Free! Turn on your cam and find new friends & maby a match!","og_url":"https:\/\/strangercam.com\/sv\/holla\/","og_site_name":"Strangercam","article_publisher":"https:\/\/www.facebook.com\/strangercam","article_modified_time":"2023-08-21T10:24:41+00:00","og_image":[{"width":800,"height":800,"url":"https:\/\/strangercam.com\/wp-content\/uploads\/2020\/11\/stranger-cam-1.png","type":"image\/png"}],"twitter_card":"summary_large_image","twitter_site":"@strangercamapp","twitter_misc":{"Ber\u00e4knad l\u00e4stid":"2 minuter"},"schema":{"@context":"https:\/\/schema.org","@graph":[{"@type":"WebPage","@id":"https:\/\/strangercam.com\/holla\/","url":"https:\/\/strangercam.com\/holla\/","name":"Holla - B\u00e4sta slumpm\u00e4ssiga videochatt - Cam p\u00e5 StrangerCam.com","isPartOf":{"@id":"https:\/\/strangercam.com\/#website"},"primaryImageOfPage":{"@id":"https:\/\/strangercam.com\/holla\/#primaryimage"},"image":{"@id":"https:\/\/strangercam.com\/holla\/#primaryimage"},"thumbnailUrl":"https:\/\/strangercam.com\/wp-content\/uploads\/2020\/11\/stranger-cam-1.png","datePublished":"2021-04-06T08:56:49+00:00","dateModified":"2023-08-21T10:24:41+00:00","description":"Gillar du Holla? Kom och chatta med mer \u00e4n 5.000.000 fr\u00e4mlingar p\u00e5 Stranger Cam helt gratis! Sl\u00e5 p\u00e5 din kamera och hitta nya v\u00e4nner och kanske en match!","breadcrumb":{"@id":"https:\/\/strangercam.com\/holla\/#breadcrumb"},"inLanguage":"sv-SE","potentialAction":[{"@type":"ReadAction","target":["https:\/\/strangercam.com\/holla\/"]}]},{"@type":"ImageObject","inLanguage":"sv-SE","@id":"https:\/\/strangercam.com\/holla\/#primaryimage","url":"https:\/\/strangercam.com\/wp-content\/uploads\/2020\/11\/stranger-cam-1.png","contentUrl":"https:\/\/strangercam.com\/wp-content\/uploads\/2020\/11\/stranger-cam-1.png","width":800,"height":800,"caption":"stranger cam random video chat"},{"@type":"BreadcrumbList","@id":"https:\/\/strangercam.com\/holla\/#breadcrumb","itemListElement":[{"@type":"ListItem","position":1,"name":"Home","item":"https:\/\/strangercam.com\/"},{"@type":"ListItem","position":2,"name":"Holla"}]},{"@type":"WebSite","@id":"https:\/\/strangercam.com\/#website","url":"https:\/\/strangercam.com\/","name":"Strangercam","description":"Slumpm\u00e4ssig videochatt med fr\u00e4mlingar","publisher":{"@id":"https:\/\/strangercam.com\/#organization"},"alternateName":"Strangercam.com","potentialAction":[{"@type":"SearchAction","target":{"@type":"EntryPoint","urlTemplate":"https:\/\/strangercam.com\/?s={search_term_string}"},"query-input":{"@type":"PropertyValueSpecification","valueRequired":true,"valueName":"search_term_string"}}],"inLanguage":"sv-SE"},{"@type":"Organization","@id":"https:\/\/strangercam.com\/#organization","name":"Strangercam","alternateName":"Strangercam.com","url":"https:\/\/strangercam.com\/","logo":{"@type":"ImageObject","inLanguage":"sv-SE","@id":"https:\/\/strangercam.com\/#\/schema\/logo\/image\/","url":"https:\/\/strangercam.com\/wp-content\/uploads\/2020\/11\/cropped-new-favicon-black.png","contentUrl":"https:\/\/strangercam.com\/wp-content\/uploads\/2020\/11\/cropped-new-favicon-black.png","width":512,"height":512,"caption":"Strangercam"},"image":{"@id":"https:\/\/strangercam.com\/#\/schema\/logo\/image\/"},"sameAs":["https:\/\/www.facebook.com\/strangercam","https:\/\/x.com\/strangercamapp"]}]}},"_links":{"self":[{"href":"https:\/\/strangercam.com\/sv\/wp-json\/wp\/v2\/pages\/1311","targetHints":{"allow":["GET"]}}],"collection":[{"href":"https:\/\/strangercam.com\/sv\/wp-json\/wp\/v2\/pages"}],"about":[{"href":"https:\/\/strangercam.com\/sv\/wp-json\/wp\/v2\/types\/page"}],"author":[{"embeddable":true,"href":"https:\/\/strangercam.com\/sv\/wp-json\/wp\/v2\/users\/6"}],"replies":[{"embeddable":true,"href":"https:\/\/strangercam.com\/sv\/wp-json\/wp\/v2\/comments?post=1311"}],"version-history":[{"count":0,"href":"https:\/\/strangercam.com\/sv\/wp-json\/wp\/v2\/pages\/1311\/revisions"}],"wp:featuredmedia":[{"embeddable":true,"href":"https:\/\/strangercam.com\/sv\/wp-json\/wp\/v2\/media\/559"}],"wp:attachment":[{"href":"https:\/\/strangercam.com\/sv\/wp-json\/wp\/v2\/media?parent=1311"}],"curies":[{"name":"wp","href":"https:\/\/api.w.org\/{rel}","templated":true}]}}