{"id":13057,"date":"2025-10-24T10:20:35","date_gmt":"2025-10-24T08:20:35","guid":{"rendered":"https:\/\/strangercam.com\/?page_id=13057"},"modified":"2025-10-24T10:20:35","modified_gmt":"2025-10-24T08:20:35","slug":"umingle","status":"publish","type":"page","link":"https:\/\/strangercam.com\/sv\/umingle\/","title":{"rendered":"Umingle"},"content":{"rendered":"<p>I tiden efter Omegle kan dussintals slumpm\u00e4ssiga videofilmer <a href=\"https:\/\/strangercam.com\/sv\/chathub\/\">chatt<\/a> plattformar har dykt upp, och alla f\u00f6rs\u00f6ker de f\u00e5nga sp\u00e4nningen i spontana konversationer p\u00e5 n\u00e4tet. F\u00e5 lyckas dock kombinera enkelhet, snabbhet och s\u00e4kerhet p\u00e5 ett s\u00e4tt som faktiskt fungerar. Umingle \u00e4r en av de nyaste akt\u00f6rerna i detta utrymme - en global slumpm\u00e4ssig videochattplattform byggd f\u00f6r m\u00e4nniskor som vill <a href=\"https:\/\/strangercam.com\/sv\/coomeet\/\">tr\u00e4ffas<\/a> fr\u00e4mlingar direkt, utan registreringar eller komplicerade funktioner.<\/p>\n<p>Umingle \u00e4r designad f\u00f6r en generation som v\u00e4rdes\u00e4tter snabba, autentiska interaktioner och ger en modern twist till den klassiska \"prata med fr\u00e4mlingar\"-upplevelsen. Men hur st\u00e5r den sig mot etablerade namn som Ohmegle, Lotta och ChatRT? L\u00e5t oss ta en n\u00e4rmare titt.<\/p>\n<h2>Vad \u00e4r Umingle?<\/h2>\n<p>Umingle \u00e4r en gratis slumpm\u00e4ssig videochattplattform som kopplar samman anv\u00e4ndare runt om i v\u00e4rlden f\u00f6r konversationer i realtid, ansikte mot ansikte. Du beh\u00f6ver inte skapa ett konto, ladda upp ett foto eller verifiera din identitet - klicka bara p\u00e5 \"Starta chatt\" s\u00e5 matchas du direkt med en fr\u00e4mling.<\/p>\n<p>Webbplatsens namn \u00e5terspeglar dess m\u00e5l perfekt: \"att mingla\" online, avslappnat och fritt. Till skillnad fr\u00e5n dejtingappar som kr\u00e4ver biografier, swipes och o\u00e4ndlig v\u00e4ntan, ger Umingle dig direkt, spontan interaktion fr\u00e5n det \u00f6gonblick du anl\u00e4nder.<\/p>\n<h2>Vad \u00e4r syftet med Umingle?<\/h2>\n<p>Umingles uppdrag \u00e4r enkelt: att g\u00f6ra det roligt, snabbt och friktionsfritt att tr\u00e4ffa m\u00e4nniskor online.<\/p>\n<p>Den \u00e4r byggd f\u00f6r anv\u00e4ndare som:<\/p>\n<ul>\n<li>Saknar enkelheten med videochatt i Omegle-stil<\/li>\n<li>Vill du tr\u00e4ffa nya m\u00e4nniskor p\u00e5 ett anonymt s\u00e4tt utan press?<\/li>\n<li>F\u00f6redrar snabba, spontana konversationer framf\u00f6r kuraterade profiler<\/li>\n<li>Njut av kulturellt utbyte och globala kontakter<\/li>\n<\/ul>\n<p>Oavsett om du vill skaffa v\u00e4nner, \u00f6va p\u00e5 ett spr\u00e5k, flirta eller bara f\u00f6rdriva tiden, skapar Umingle ett v\u00e4lkomnande digitalt utrymme f\u00f6r autentisk interaktion mellan tv\u00e5 personer.<\/p>\n<h2>Viktiga funktioner<\/h2>\n<p>1. Omedelbar slumpm\u00e4ssig videochatt<br \/>\nK\u00e4rnfunktionen i Umingle \u00e4r dess live en-mot-en videochatt-system. Med ett klick matchas du med n\u00e5gon ny, direkt. Det finns ingen k\u00f6, ingen v\u00e4ntetid och ingen registrering.<\/p>\n<p>2. Skip\/Next-knapp<br \/>\nTycker du inte om din nuvarande chatt? Klicka bara p\u00e5 \"N\u00e4sta\" f\u00f6r att hoppa vidare och bli matchad med n\u00e5gon annan. Det \u00e4r snabbt och smidigt, s\u00e5 att du kan tr\u00e4ffa dussintals nya m\u00e4nniskor p\u00e5 n\u00e5gra minuter.<\/p>\n<p>3. Alternativ f\u00f6r textchatt<br \/>\nF\u00f6rutom video erbjuder Umingle en textchattfunktion, som \u00e4r perfekt f\u00f6r att bryta isen eller chatta tyst n\u00e4r du inte vill anv\u00e4nda mikrofonen.<\/p>\n<p>4. 100% Anonym upplevelse<br \/>\nUmingle fr\u00e5gar inte efter ditt namn, e-post eller telefonnummer. Din integritet respekteras fr\u00e5n b\u00f6rjan, och du f\u00f6rblir helt anonym under dina chattar.<\/p>\n<p>5. Mobil- och skrivbordsanpassad<br \/>\nPlattformen \u00e4r utformad f\u00f6r att fungera perfekt p\u00e5 b\u00e5de station\u00e4ra webbl\u00e4sare och mobila enheter. Oavsett om du anv\u00e4nder din telefon eller b\u00e4rbara dator justeras gr\u00e4nssnittet s\u00f6ml\u00f6st f\u00f6r smidig video- och textchatt.<\/p>\n<p>6. L\u00e4ttviktigt, modernt gr\u00e4nssnitt<br \/>\nUmingle har en ren, minimalistisk design. Det finns inga distraherande popup-f\u00f6nster eller \u00f6verdrivna annonser - bara ett stort videof\u00f6nster, intuitiva knappar och snabba anslutningar.<\/p>\n<p>7. Rapport- och modereringsverktyg<br \/>\nAnv\u00e4ndarnas s\u00e4kerhet \u00e4r h\u00f6gsta prioritet. Om du st\u00f6ter p\u00e5 ol\u00e4mpligt beteende kan du omedelbart flagga chatten med hj\u00e4lp av rapportknappen. Umingle anv\u00e4nder en blandning av AI-filter och m\u00e4nsklig moderering f\u00f6r att uppr\u00e4tth\u00e5lla en s\u00e4ker milj\u00f6.<\/p>\n<h2>\u00c4r Umingle gratis?<\/h2>\n<p>Ja - Umingle \u00e4r 100% gratis att anv\u00e4nda.<\/p>\n<p>Alla grundl\u00e4ggande funktioner \u00e4r tillg\u00e4ngliga utan kostnad:<\/p>\n<ul>\n<li>Obegr\u00e4nsat antal slumpm\u00e4ssiga video- och textchattar<\/li>\n<li>Funktion f\u00f6r direkt hoppa \u00f6ver\/n\u00e4sta<\/li>\n<li>Kompatibilitet med mobiler och datorer<\/li>\n<\/ul>\n<p>Det finns inga prenumerationer, mynt eller betalda uppgraderingar. Plattformen \u00e4r fullt tillg\u00e4nglig f\u00f6r alla, med st\u00f6d av l\u00e4tt reklam som inte st\u00f6r chattupplevelsen.<\/p>\n<h2>Vem anv\u00e4nder Umingle?<\/h2>\n<p>Umingle attraherar en m\u00e5ngsidig och internationell publik som gillar att umg\u00e5s online:<\/p>\n<ul>\n<li>\u00c5ldersintervall: Mestadels 18-35 (endast f\u00f6r vuxna, 18+)<\/li>\n<li>Anv\u00e4ndarbas: Studenter, resen\u00e4rer, unga yrkesverksamma och tillf\u00e4lliga chattare<\/li>\n<li>L\u00e4nder: Popul\u00e4rt i USA, Storbritannien, Frankrike, Indien, Brasilien och Filippinerna<\/li>\n<li>Motivering: Tr\u00e4ffa nya v\u00e4nner, flirta, kulturutbyte, spr\u00e5kpraktik eller helt enkelt f\u00f6r att lindra tristess<\/li>\n<\/ul>\n<p>Det som g\u00f6r Umingle tilltalande \u00e4r dess balanserade, v\u00e4nliga gemenskap. \u00c4ven om det har global r\u00e4ckvidd bidrar gr\u00e4nssnittet och modereringen till att uppr\u00e4tth\u00e5lla en mer positiv och respektfull milj\u00f6 \u00e4n m\u00e5nga \u00e4ldre slumpm\u00e4ssiga chattplattformar.<\/p>\n<h2>S\u00e4kerhet, integritet och moderering<\/h2>\n<p>Umingle f\u00f6rst\u00e5r att anonymitet kan locka till sig b\u00e5de det b\u00e4sta och det v\u00e4rsta beteendet p\u00e5 n\u00e4tet. F\u00f6r att motverka detta anv\u00e4nder de starka s\u00e4kerhets\u00e5tg\u00e4rder och moderering av gemenskapen.<\/p>\n<h3>Integritet<\/h3>\n<ul>\n<li>Ingen registrering eller personlig information kr\u00e4vs<\/li>\n<li>Chattar spelas inte in eller lagras<\/li>\n<li>\u00c5tkomst till webbkamera och mikrofon styrs helt av anv\u00e4ndaren<\/li>\n<li>HTTPS-kryptering garanterar s\u00e4kra anslutningar<\/li>\n<\/ul>\n<h3>Moderering<\/h3>\n<ul>\n<li>AI-baserad inneh\u00e5llsdetektering hj\u00e4lper till att identifiera ol\u00e4mpligt beteende<\/li>\n<li>Rapporteringsverktyg f\u00f6r anv\u00e4ndare m\u00f6jligg\u00f6r snabb flaggning av \u00f6vertr\u00e4delser<\/li>\n<li>M\u00e4nskliga moderatorer granskar rapporter och tar bort \u00e5terfallsf\u00f6rbrytare<\/li>\n<\/ul>\n<h3>Tips om s\u00e4kerhet<\/h3>\n<ul>\n<li>Dela aldrig personliga uppgifter som fullst\u00e4ndigt namn, adress eller sociala medier<\/li>\n<li>Avsluta alla samtal som g\u00f6r dig obekv\u00e4m<\/li>\n<li>Anv\u00e4nd \"Hoppa \u00f6ver\" och \"Rapportera\" n\u00e4r det beh\u00f6vs<\/li>\n<li>Behandla varje interaktion som anonym och tillf\u00e4llig<\/li>\n<\/ul>\n<h2>Anv\u00e4ndarupplevelse och design<\/h2>\n<p>Umingle ger en smidig, snabb och \u00f6versk\u00e5dlig upplevelse som k\u00e4nns modern och intuitiv:<\/p>\n<ul>\n<li>Hemsida: Enkel layout med en framtr\u00e4dande \"Starta chatt\"-knapp och tydliga riktlinjer<\/li>\n<li>Videogr\u00e4nssnitt: Stora videopaneler och l\u00e4ttillg\u00e4ngliga kontroller f\u00f6r hoppa \u00f6ver, text och rapport<\/li>\n<li>Prestanda: Snabba anslutningar, minimal f\u00f6rdr\u00f6jning och snabba \u00e5teranslutningar mellan chattar<\/li>\n<li>Mobil optimering: Perfekt responsiv p\u00e5 smartphones och surfplattor<\/li>\n<li>Visuell stil: Ren, minimal design med fokus p\u00e5 videon i f\u00f6rsta hand, inte p\u00e5 distraherande element<\/li>\n<\/ul>\n<p>Sammantaget k\u00e4nns Umingle professionellt och l\u00e4ttviktigt - och undviker det f\u00f6r\u00e5ldrade utseendet p\u00e5 \u00e4ldre slumpm\u00e4ssiga chattwebbplatser.<\/p>\n<h2>Umingle vs andra slumpm\u00e4ssiga chattplattformar<\/h2>\n<p>Hur \u00e4r Umingle j\u00e4mf\u00f6rt med andra alternativ i stil med Omegle?<\/p>\n<table>\n<thead>\n<tr>\n<th>Funktion<\/th>\n<th>Umingle<\/th>\n<th><a href=\"https:\/\/strangercam.com\/sv\/omegle\/\">Omegle<\/a> (st\u00e4ngd)<\/th>\n<th>Ohmegle<\/th>\n<th>Lotta<\/th>\n<th>ChatRT<\/th>\n<th>MatchPub<\/th>\n<th><a href=\"https:\/\/strangercam.com\/sv\/ometv\/\">OmeTV<\/a><\/th>\n<\/tr>\n<\/thead>\n<tbody>\n<tr>\n<td>Slumpm\u00e4ssig videochatt<\/td>\n<td>Ja<\/td>\n<td>Ja<\/td>\n<td>Ja<\/td>\n<td>Ja<\/td>\n<td>Ja<\/td>\n<td>Ja<\/td>\n<td>Ja<\/td>\n<\/tr>\n<tr>\n<td>Alternativ f\u00f6r textchatt<\/td>\n<td>Ja<\/td>\n<td>Ja<\/td>\n<td>Ja<\/td>\n<td>Ja<\/td>\n<td>Ja<\/td>\n<td>Ja<\/td>\n<td>Ja<\/td>\n<\/tr>\n<tr>\n<td>Registrering kr\u00e4vs<\/td>\n<td>Nej<\/td>\n<td>Nej<\/td>\n<td>Nej<\/td>\n<td>Nej<\/td>\n<td>Nej<\/td>\n<td>Nej<\/td>\n<td>Nej<\/td>\n<\/tr>\n<tr>\n<td>Mobilanpassad<\/td>\n<td>Utm\u00e4rkt<\/td>\n<td>D\u00e5lig<\/td>\n<td>Utm\u00e4rkt<\/td>\n<td>Utm\u00e4rkt<\/td>\n<td>Utm\u00e4rkt<\/td>\n<td>Utm\u00e4rkt<\/td>\n<td>Bra<\/td>\n<\/tr>\n<tr>\n<td>Filter f\u00f6r k\u00f6n\/region<\/td>\n<td>Nej<\/td>\n<td>Nej<\/td>\n<td>Nej<\/td>\n<td>Nej<\/td>\n<td>Nej<\/td>\n<td>Nej<\/td>\n<td>Betalade<\/td>\n<\/tr>\n<tr>\n<td>Modereringsverktyg<\/td>\n<td>Stark<\/td>\n<td>Svag<\/td>\n<td>M\u00e5ttlig<\/td>\n<td>Bra<\/td>\n<td>Stark<\/td>\n<td>Bra<\/td>\n<td>Stark<\/td>\n<\/tr>\n<tr>\n<td>Gratis att anv\u00e4nda<\/td>\n<td>Ja<\/td>\n<td>Ja<\/td>\n<td>Ja<\/td>\n<td>Ja<\/td>\n<td>Ja<\/td>\n<td>Ja<\/td>\n<td>Ja\/betald<\/td>\n<\/tr>\n<\/tbody>\n<\/table>\n<p>Sammanfattning: Umingle \u00e4r mest j\u00e4mf\u00f6rbar med ChatRT och Lotta - alla gratis, anonyma och snabba - men det sticker ut f\u00f6r sitt renare gr\u00e4nssnitt och smidigare mobilupplevelse. \u00c4ven om det \u00e4nnu inte erbjuder avancerade filter, \u00e4r dess enkelhet en del av dess charm.<\/p>\n<h2>F\u00f6r- och nackdelar<\/h2>\n<p>F\u00f6rdelar:<\/p>\n<ul>\n<li>100% gratis utan registrering<\/li>\n<li>Snabb och anonym slumpm\u00e4ssig videochatt<\/li>\n<li>Ren, modern design med smidig prestanda<\/li>\n<li>Fungerar perfekt p\u00e5 b\u00e5de mobil och dator<\/li>\n<li>Alternativ f\u00f6r omedelbar skipning och textchatt<\/li>\n<li>Starka modererings- och rapporteringsverktyg<\/li>\n<\/ul>\n<p>Nackdelar:<\/p>\n<ul>\n<li>Inga filter f\u00f6r k\u00f6n eller land<\/li>\n<li>Enstaka ol\u00e4mpliga anv\u00e4ndare (vanligt p\u00e5 alla anonyma chattwebbplatser)<\/li>\n<li>Fler manliga anv\u00e4ndare \u00e4n kvinnliga anv\u00e4ndare<\/li>\n<li>Inget profil- eller v\u00e4nsystem<\/li>\n<li>\u00d6kar fortfarande sin anv\u00e4ndarbas j\u00e4mf\u00f6rt med \u00e4ldre alternativ<\/li>\n<\/ul>\n<h2>Idealiska anv\u00e4ndningsfall<\/h2>\n<p>Umingle \u00e4r perfekt f\u00f6r:<\/p>\n<ul>\n<li>Fl\u00e4ktar av Omegle och <a href=\"https:\/\/strangercam.com\/sv\/chatroulette\/\">Chatroulette<\/a> som vill ha en modern ers\u00e4ttning<\/li>\n<li>Personer som tycker om anonyma samtal p\u00e5 tu man hand<\/li>\n<li>Spr\u00e5kinl\u00e4rare eller resen\u00e4rer som utforskar globala kontakter<\/li>\n<li>Studenter och unga vuxna som vill umg\u00e5s p\u00e5 ett avslappnat s\u00e4tt<\/li>\n<li>Mobila anv\u00e4ndare som s\u00f6ker snabb, gratis slumpm\u00e4ssig videochatt<\/li>\n<\/ul>\n<p>Mindre idealisk f\u00f6r:<\/p>\n<ul>\n<li>Minder\u00e5riga anv\u00e4ndare (endast 18+)<\/li>\n<li>De som vill ha dejtingfilter eller alternativ f\u00f6r ommatchning<\/li>\n<li>Personer som s\u00f6ker l\u00e5ngsiktiga kontakter eller sociala profiler<\/li>\n<\/ul>\n<p>Umingle \u00e4r en av de mest lovande slumpm\u00e4ssiga videochattplattformarna i Omegle-stil 2025. Den f\u00e5ngar allt som gjorde spontana onlinechattar roliga - enkelhet, hastighet och global r\u00e4ckvidd - samtidigt som den uppdateras med en modern, mobilv\u00e4nlig design och starka s\u00e4kerhetsverktyg.<\/p>\n<p>Om du letar efter ett snabbt, gratis och anonymt s\u00e4tt att tr\u00e4ffa fr\u00e4mlingar online, levererar Umingle exakt det. Med smidig prestanda, enkel rapportering och en v\u00e4lkomnande anv\u00e4ndarbas blir det snabbt en av \u00e5rets b\u00e4sta nya slumpm\u00e4ssiga chattwebbplatser.<\/p>\n<p>Oavsett om du vill f\u00e5 v\u00e4nner, flirta eller bara f\u00f6rdriva tiden \u00e4r Umingle absolut v\u00e4rt att prova.<\/p>","protected":false},"excerpt":{"rendered":"<p>In the post-Omegle era, dozens of random video chat platforms have emerged, all trying to capture the excitement of spontaneous online conversations. Few, however, manage to combine simplicity, speed, and safety in a way that actually works. Umingle is one of the newest entrants in this space \u2014 a global random video chat platform built [&hellip;]<\/p>\n","protected":false},"author":6,"featured_media":0,"parent":0,"menu_order":0,"comment_status":"closed","ping_status":"closed","template":"","meta":{"footnotes":""},"class_list":["post-13057","page","type-page","status-publish","hentry"],"yoast_head":"<!-- This site is optimized with the Yoast SEO plugin v26.9 - https:\/\/yoast.com\/product\/yoast-seo-wordpress\/ -->\n<title>Umingle - Chat with Strangers - StrangerCam.com<\/title>\n<meta name=\"description\" content=\"Like Umingle? Come chat with more than 5.000.000 strangers on Strangercam for Free! Turn on your cam and find new friends &amp; maby a match!\" \/>\n<meta name=\"robots\" content=\"index, follow, max-snippet:-1, max-image-preview:large, max-video-preview:-1\" \/>\n<link rel=\"canonical\" href=\"https:\/\/strangercam.com\/sv\/umingle\/\" \/>\n<meta property=\"og:locale\" content=\"sv_SE\" \/>\n<meta property=\"og:type\" content=\"article\" \/>\n<meta property=\"og:title\" content=\"Umingle - Chat with Strangers - StrangerCam.com\" \/>\n<meta property=\"og:description\" content=\"Like Umingle? Come chat with more than 5.000.000 strangers on Strangercam for Free! Turn on your cam and find new friends &amp; maby a match!\" \/>\n<meta property=\"og:url\" content=\"https:\/\/strangercam.com\/sv\/umingle\/\" \/>\n<meta property=\"og:site_name\" content=\"Strangercam\" \/>\n<meta property=\"article:publisher\" content=\"https:\/\/www.facebook.com\/strangercam\" \/>\n<meta property=\"og:image\" content=\"https:\/\/strangercam.com\/wp-content\/uploads\/2021\/10\/Untitled-2.png\" \/>\n\t<meta property=\"og:image:width\" content=\"800\" \/>\n\t<meta property=\"og:image:height\" content=\"532\" \/>\n\t<meta property=\"og:image:type\" content=\"image\/png\" \/>\n<meta name=\"twitter:card\" content=\"summary_large_image\" \/>\n<meta name=\"twitter:site\" content=\"@strangercamapp\" \/>\n<meta name=\"twitter:label1\" content=\"Ber\u00e4knad l\u00e4stid\" \/>\n\t<meta name=\"twitter:data1\" content=\"6 minuter\" \/>\n<script type=\"application\/ld+json\" class=\"yoast-schema-graph\">{\"@context\":\"https:\/\/schema.org\",\"@graph\":[{\"@type\":\"WebPage\",\"@id\":\"https:\/\/strangercam.com\/umingle\/\",\"url\":\"https:\/\/strangercam.com\/umingle\/\",\"name\":\"Umingle - Chat with Strangers - StrangerCam.com\",\"isPartOf\":{\"@id\":\"https:\/\/strangercam.com\/#website\"},\"datePublished\":\"2025-10-24T08:20:35+00:00\",\"description\":\"Like Umingle? Come chat with more than 5.000.000 strangers on Strangercam for Free! Turn on your cam and find new friends & maby a match!\",\"breadcrumb\":{\"@id\":\"https:\/\/strangercam.com\/umingle\/#breadcrumb\"},\"inLanguage\":\"sv-SE\",\"potentialAction\":[{\"@type\":\"ReadAction\",\"target\":[\"https:\/\/strangercam.com\/umingle\/\"]}]},{\"@type\":\"BreadcrumbList\",\"@id\":\"https:\/\/strangercam.com\/umingle\/#breadcrumb\",\"itemListElement\":[{\"@type\":\"ListItem\",\"position\":1,\"name\":\"Home\",\"item\":\"https:\/\/strangercam.com\/\"},{\"@type\":\"ListItem\",\"position\":2,\"name\":\"Umingle\"}]},{\"@type\":\"WebSite\",\"@id\":\"https:\/\/strangercam.com\/#website\",\"url\":\"https:\/\/strangercam.com\/\",\"name\":\"Strangercam\",\"description\":\"Random Video Chat with Strangers\",\"publisher\":{\"@id\":\"https:\/\/strangercam.com\/#organization\"},\"alternateName\":\"Strangercam.com\",\"potentialAction\":[{\"@type\":\"SearchAction\",\"target\":{\"@type\":\"EntryPoint\",\"urlTemplate\":\"https:\/\/strangercam.com\/?s={search_term_string}\"},\"query-input\":{\"@type\":\"PropertyValueSpecification\",\"valueRequired\":true,\"valueName\":\"search_term_string\"}}],\"inLanguage\":\"sv-SE\"},{\"@type\":\"Organization\",\"@id\":\"https:\/\/strangercam.com\/#organization\",\"name\":\"Strangercam\",\"alternateName\":\"Strangercam.com\",\"url\":\"https:\/\/strangercam.com\/\",\"logo\":{\"@type\":\"ImageObject\",\"inLanguage\":\"sv-SE\",\"@id\":\"https:\/\/strangercam.com\/#\/schema\/logo\/image\/\",\"url\":\"https:\/\/strangercam.com\/wp-content\/uploads\/2020\/11\/cropped-new-favicon-black.png\",\"contentUrl\":\"https:\/\/strangercam.com\/wp-content\/uploads\/2020\/11\/cropped-new-favicon-black.png\",\"width\":512,\"height\":512,\"caption\":\"Strangercam\"},\"image\":{\"@id\":\"https:\/\/strangercam.com\/#\/schema\/logo\/image\/\"},\"sameAs\":[\"https:\/\/www.facebook.com\/strangercam\",\"https:\/\/x.com\/strangercamapp\"]}]}<\/script>\n<!-- \/ Yoast SEO plugin. -->","yoast_head_json":{"title":"Umingle - Chatta med fr\u00e4mlingar - StrangerCam.com","description":"Gillar du Umingle? Kom och chatta med mer \u00e4n 5.000.000 fr\u00e4mlingar p\u00e5 Strangercam helt gratis! Sl\u00e5 p\u00e5 din kamera och hitta nya v\u00e4nner och kanske en match!","robots":{"index":"index","follow":"follow","max-snippet":"max-snippet:-1","max-image-preview":"max-image-preview:large","max-video-preview":"max-video-preview:-1"},"canonical":"https:\/\/strangercam.com\/sv\/umingle\/","og_locale":"sv_SE","og_type":"article","og_title":"Umingle - Chat with Strangers - StrangerCam.com","og_description":"Like Umingle? Come chat with more than 5.000.000 strangers on Strangercam for Free! Turn on your cam and find new friends & maby a match!","og_url":"https:\/\/strangercam.com\/sv\/umingle\/","og_site_name":"Strangercam","article_publisher":"https:\/\/www.facebook.com\/strangercam","og_image":[{"width":800,"height":532,"url":"https:\/\/strangercam.com\/wp-content\/uploads\/2021\/10\/Untitled-2.png","type":"image\/png"}],"twitter_card":"summary_large_image","twitter_site":"@strangercamapp","twitter_misc":{"Ber\u00e4knad l\u00e4stid":"6 minuter"},"schema":{"@context":"https:\/\/schema.org","@graph":[{"@type":"WebPage","@id":"https:\/\/strangercam.com\/umingle\/","url":"https:\/\/strangercam.com\/umingle\/","name":"Umingle - Chatta med fr\u00e4mlingar - StrangerCam.com","isPartOf":{"@id":"https:\/\/strangercam.com\/#website"},"datePublished":"2025-10-24T08:20:35+00:00","description":"Gillar du Umingle? Kom och chatta med mer \u00e4n 5.000.000 fr\u00e4mlingar p\u00e5 Strangercam helt gratis! Sl\u00e5 p\u00e5 din kamera och hitta nya v\u00e4nner och kanske en match!","breadcrumb":{"@id":"https:\/\/strangercam.com\/umingle\/#breadcrumb"},"inLanguage":"sv-SE","potentialAction":[{"@type":"ReadAction","target":["https:\/\/strangercam.com\/umingle\/"]}]},{"@type":"BreadcrumbList","@id":"https:\/\/strangercam.com\/umingle\/#breadcrumb","itemListElement":[{"@type":"ListItem","position":1,"name":"Home","item":"https:\/\/strangercam.com\/"},{"@type":"ListItem","position":2,"name":"Umingle"}]},{"@type":"WebSite","@id":"https:\/\/strangercam.com\/#website","url":"https:\/\/strangercam.com\/","name":"Strangercam","description":"Slumpm\u00e4ssig videochatt med fr\u00e4mlingar","publisher":{"@id":"https:\/\/strangercam.com\/#organization"},"alternateName":"Strangercam.com","potentialAction":[{"@type":"SearchAction","target":{"@type":"EntryPoint","urlTemplate":"https:\/\/strangercam.com\/?s={search_term_string}"},"query-input":{"@type":"PropertyValueSpecification","valueRequired":true,"valueName":"search_term_string"}}],"inLanguage":"sv-SE"},{"@type":"Organization","@id":"https:\/\/strangercam.com\/#organization","name":"Strangercam","alternateName":"Strangercam.com","url":"https:\/\/strangercam.com\/","logo":{"@type":"ImageObject","inLanguage":"sv-SE","@id":"https:\/\/strangercam.com\/#\/schema\/logo\/image\/","url":"https:\/\/strangercam.com\/wp-content\/uploads\/2020\/11\/cropped-new-favicon-black.png","contentUrl":"https:\/\/strangercam.com\/wp-content\/uploads\/2020\/11\/cropped-new-favicon-black.png","width":512,"height":512,"caption":"Strangercam"},"image":{"@id":"https:\/\/strangercam.com\/#\/schema\/logo\/image\/"},"sameAs":["https:\/\/www.facebook.com\/strangercam","https:\/\/x.com\/strangercamapp"]}]}},"_links":{"self":[{"href":"https:\/\/strangercam.com\/sv\/wp-json\/wp\/v2\/pages\/13057","targetHints":{"allow":["GET"]}}],"collection":[{"href":"https:\/\/strangercam.com\/sv\/wp-json\/wp\/v2\/pages"}],"about":[{"href":"https:\/\/strangercam.com\/sv\/wp-json\/wp\/v2\/types\/page"}],"author":[{"embeddable":true,"href":"https:\/\/strangercam.com\/sv\/wp-json\/wp\/v2\/users\/6"}],"replies":[{"embeddable":true,"href":"https:\/\/strangercam.com\/sv\/wp-json\/wp\/v2\/comments?post=13057"}],"version-history":[{"count":1,"href":"https:\/\/strangercam.com\/sv\/wp-json\/wp\/v2\/pages\/13057\/revisions"}],"predecessor-version":[{"id":13058,"href":"https:\/\/strangercam.com\/sv\/wp-json\/wp\/v2\/pages\/13057\/revisions\/13058"}],"wp:attachment":[{"href":"https:\/\/strangercam.com\/sv\/wp-json\/wp\/v2\/media?parent=13057"}],"curies":[{"name":"wp","href":"https:\/\/api.w.org\/{rel}","templated":true}]}}