{"id":1303,"date":"2025-08-05T10:30:38","date_gmt":"2025-08-05T08:30:38","guid":{"rendered":"https:\/\/strangercam.com\/?page_id=1303"},"modified":"2025-08-05T10:41:12","modified_gmt":"2025-08-05T08:41:12","slug":"app-for-apor","status":"publish","type":"page","link":"https:\/\/strangercam.com\/sv\/monkey-app\/","title":{"rendered":"Monkey App"},"content":{"rendered":"<p>I takt med att v\u00e4rlden av onlinevideo <a href=\"https:\/\/strangercam.com\/sv\/chatroulette\/\">chatt<\/a> och sociala n\u00e4tverk utvecklas, dyker det st\u00e4ndigt upp nya appar f\u00f6r att tillgodose behoven hos en yngre, mer mobilanpassad publik. Monkey App \u00e4r en s\u00e5dan plattform, som blandar sp\u00e4nningen i <a href=\"https:\/\/strangercam.com\/sv\/chathub\/\">slumpm\u00e4ssig videochatt<\/a> med social uppt\u00e4ckt och kortformad video - vilket skapar ett unikt utrymme som k\u00e4nns som en del av <a href=\"https:\/\/strangercam.com\/sv\/omegle\/\">Omegle<\/a>, delvis TikTok och delvis grupph\u00e4ng.<\/p>\n<p>Men sticker Monkey App ut? \u00c4r det s\u00e4kert, engagerande och v\u00e4rt din tid? I den h\u00e4r djupg\u00e5ende recensionen t\u00e4cker vi allt du beh\u00f6ver veta om Monkey: hur det fungerar, vilka funktioner det erbjuder, vem det \u00e4r f\u00f6r och hur det j\u00e4mf\u00f6rs med andra ledande videochattar och sociala plattformar.<\/p>\n<h2>Vad \u00e4r Monkey App?<\/h2>\n<p>Monkey App \u00e4r en mobilbaserad slumpm\u00e4ssig videochatt och social uppt\u00e4cktsplattform som kopplar samman anv\u00e4ndare f\u00f6r live, en-mot-en-videosamtal och interaktiva grupprum. Monkey, som lanserades 2016 och har lanserats flera g\u00e5nger sedan dess, \u00e4r s\u00e4rskilt popul\u00e4r bland Gen Z och yngre millennials och erbjuder en upplevelse som handlar lika mycket om att ha kul och vara kreativ som att tr\u00e4ffa nya m\u00e4nniskor.<\/p>\n<p>Till skillnad fr\u00e5n klassiska slumpm\u00e4ssiga chattsidor som bara fokuserar p\u00e5 anonymitet inneh\u00e5ller Monkey element av sociala medier, med anv\u00e4ndarprofiler, korta videoklipp och trendigt inneh\u00e5ll, vilket g\u00f6r det till en av de mest livliga videochattgemenskaperna som finns.<\/p>\n<h2>Vad \u00e4r syftet med Monkey App?<\/h2>\n<p>Monkey App:s uppdrag \u00e4r att g\u00f6ra socialt umg\u00e4nge p\u00e5 n\u00e4tet spontant, kreativt och roligt. Appen syftar till att:<\/p>\n<ul>\n<li>Koppla samman m\u00e4nniskor direkt via livevideo och gruppchatt<\/li>\n<li>Uppmuntra kreativa uttryck genom videointron, klipp och trendigt inneh\u00e5ll<\/li>\n<li>Skapa ett tryggt, ungdomsv\u00e4nligt utrymme f\u00f6r genuin interaktion och v\u00e4nskap<\/li>\n<\/ul>\n<p>Monkey \u00e4r inte bara en slumpm\u00e4ssig chattapp, det \u00e4r en fullst\u00e4ndig social upplevelse f\u00f6r TikTok-generationen - en d\u00e4r du kan visa upp din personlighet, uppt\u00e4cka nya trender och bygga ett globalt n\u00e4tverk av v\u00e4nner i realtid.<\/p>\n<h2>Viktiga funktioner<\/h2>\n<p>1. En-till-en slumpm\u00e4ssig videochatt<br \/>\nK\u00e4rnan i Monkey \u00e4r omedelbar videomatchning i realtid. Tryck p\u00e5 \"Start\" s\u00e5 paras du ihop med en annan anv\u00e4ndare f\u00f6r en snabb chatt mellan kamerorna - vanligtvis 15 sekunder, men ni kan komma \u00f6verens om att f\u00f6rl\u00e4nga sessionen f\u00f6r en l\u00e4ngre konversation.<\/p>\n<p>2. Gruppvideorum (\"hubbar\")<br \/>\nMonkey l\u00e5ter anv\u00e4ndarna g\u00e5 med i eller skapa tematiska \"hubbar\" - virtuella grupprum baserade p\u00e5 intressen, musik, spel eller trender. H\u00e4r kan flera anv\u00e4ndare videochatta, interagera via text och skicka reaktioner i en livlig, festliknande atmosf\u00e4r.<\/p>\n<p>3. Sociala profiler och videoklipp<br \/>\nTill skillnad fr\u00e5n gamla hederliga chattappar kan du med Monkey skapa en profil med foto, \u00e5lder och intressen. Du kan ladda upp korta videointron eller klipp (liknande TikTok), vilket g\u00f6r det l\u00e4ttare f\u00f6r andra att uppt\u00e4cka och f\u00e5 kontakt med dig baserat p\u00e5 personlighet.<\/p>\n<p>4. Trendigt inneh\u00e5ll och ledartavlor<br \/>\nMonkey har anv\u00e4ndarsektioner med \"trending\" och \"featured\", d\u00e4r popul\u00e4ra profiler och kreativa videoklipp presenteras. Anv\u00e4ndare kan stiga i graderna genom aktivitet, vilket g\u00f6r plattformen konkurrenskraftig och interaktiv.<\/p>\n<p>5. Textchatt och snabbmeddelanden<br \/>\nOm du inte \u00e4r redo f\u00f6r video erbjuder Monkey ocks\u00e5 textchatt. Du kan skicka direktmeddelanden, emojis eller g\u00e5 med i p\u00e5g\u00e5ende texttr\u00e5dar i hubbar.<\/p>\n<p>6. Matchande filter<br \/>\nPremiumanv\u00e4ndare kan anv\u00e4nda k\u00f6ns- och regionfilter f\u00f6r en mer skr\u00e4ddarsydd upplevelse, medan gratisanv\u00e4ndare f\u00e5r slumpm\u00e4ssiga globala anslutningar.<\/p>\n<p>7. Rapporterings- och s\u00e4kerhetsverktyg<br \/>\nMonkey tillhandah\u00e5ller rapporterings-, blockerings- och modereringsverktyg i appen. Plattformen anv\u00e4nder ocks\u00e5 AI-moderering f\u00f6r att h\u00e5lla chattar positiva och fria fr\u00e5n kr\u00e4nkande eller ol\u00e4mpligt inneh\u00e5ll.<\/p>\n<h2>\u00c4r Monkey App gratis?<\/h2>\n<p>Monkey \u00e4r gratis att ladda ner och anv\u00e4nda, med tillg\u00e5ng till k\u00e4rnan slumpm\u00e4ssig videochatt, hubbar och grundl\u00e4ggande meddelanden. Vissa premiumfunktioner - som avancerade matchningsfilter, ut\u00f6kade videochattar eller profilboosts - kan dock kr\u00e4va k\u00f6p i appen eller en prenumeration.<\/p>\n<p>Alla anv\u00e4ndare kan g\u00f6ra det:<\/p>\n<ul>\n<li>Join live videochattar och grupphubb<\/li>\n<li>Bl\u00e4ddra och f\u00e5 kontakt med trendiga profiler<\/li>\n<li>Skapa en personlig profil och ladda upp klipp<\/li>\n<li>Anv\u00e4nda s\u00e4kerhets- och modereringsverktyg<\/li>\n<\/ul>\n<p>Premiumfunktioner (betalda) inkluderar:<\/p>\n<ul>\n<li>Matchning av k\u00f6n och region<\/li>\n<li>Obegr\u00e4nsad \"l\u00e4gg till tid\" i chattar<\/li>\n<li>Prioriterad exponering i trendiga avsnitt<\/li>\n<\/ul>\n<p>Priss\u00e4ttningen \u00e4r konkurrenskraftig med andra sociala appar och beskrivs tydligt p\u00e5 appens butikssida.<\/p>\n<h2>Vem anv\u00e4nder Monkey App?<\/h2>\n<p>Monkey \u00e4r byggt f\u00f6r en ung, internationell och socialt aktiv publik:<\/p>\n<ul>\n<li>\u00c5lder: 18-25 \u00e4r k\u00e4rndemografin (Monkey \u00e4r strikt 18+)<\/li>\n<li>Platser: USA, Kanada, Storbritannien, Europa, Brasilien, Indien, Sydostasien m.fl.<\/li>\n<li>Anv\u00e4ndare: Studenter, kreat\u00f6rer, musiker, influencers och alla som s\u00f6ker spontan, kreativ interaktion<\/li>\n<\/ul>\n<p>Plattformen lockar m\u00e4nniskor som \u00e4lskar inneh\u00e5ll i TikTok-stil, tycker om att tr\u00e4ffa nya v\u00e4nner eller bara vill ha ett roligt s\u00e4tt att f\u00f6rdriva tiden och dela sin personlighet med v\u00e4rlden.<\/p>\n<h2>S\u00e4kerhet, integritet och moderering<\/h2>\n<p>Monkey App inser vikten av s\u00e4kerhet, s\u00e4rskilt f\u00f6r sin unga publik, och vidtar flera \u00e5tg\u00e4rder:<\/p>\n<h3>Integritet<\/h3>\n<ul>\n<li>Anv\u00e4ndare kan styra vad de delar p\u00e5 sin profil<\/li>\n<li>Chattar \u00e4r inte offentligt arkiverade eller s\u00f6kbara<\/li>\n<li>Ingen delning av personlig kontaktinformation \u00e4r till\u00e5ten i offentliga chattar<\/li>\n<\/ul>\n<h3>Moderering<\/h3>\n<ul>\n<li>AI-driven filtrering av inneh\u00e5ll: Uppt\u00e4cker nakenhet, missbruk eller regel\u00f6vertr\u00e4delser<\/li>\n<li>Manuell rapportering och blockering: Anv\u00e4ndare kan flagga ol\u00e4mpligt beteende direkt<\/li>\n<li>Gemenskapens riktlinjer: Strikta regler kring mobbning, trakasserier och delning av inneh\u00e5ll<\/li>\n<\/ul>\n<p>Monkey \u00e4r utformad f\u00f6r att vara en positiv, ungdomsv\u00e4nlig plattform, men som med alla livechattappar b\u00f6r anv\u00e4ndarna vara f\u00f6rsiktiga och undvika att dela personlig information med fr\u00e4mlingar.<\/p>\n<h2>Anv\u00e4ndarupplevelse och design<\/h2>\n<p>Monkeys design \u00e4r ungdomlig, intuitiv och mobilanpassad:<\/p>\n<ul>\n<li>Appen startar med ett rent, svepbart gr\u00e4nssnitt med tydliga alternativ f\u00f6r att chatta, g\u00e5 med i hubbar eller bl\u00e4ddra i trendigt inneh\u00e5ll<\/li>\n<li>Profiler och videof\u00f6nster \u00e4r stora och l\u00e4tta att navigera i<\/li>\n<li>F\u00e4rgglada ikoner, animationer och musikintegration ger appen en lekfull och festlig k\u00e4nsla<\/li>\n<li>Notifieringar och meddelanden \u00e4r enkla och inte p\u00e5tr\u00e4ngande<\/li>\n<\/ul>\n<p>Prestanda \u00e4r smidig p\u00e5 b\u00e5de Android- och iOS-enheter, med frekventa uppdateringar och nya funktioner f\u00f6r att h\u00e5lla saker och ting fr\u00e4scha.<\/p>\n<h2>Monkey App j\u00e4mf\u00f6rt med andra appar f\u00f6r videochatt och social uppt\u00e4ckt<\/h2>\n<p>Hur st\u00e5r sig Monkey i j\u00e4mf\u00f6relse med andra ledande videochattplattformar?<\/p>\n<table>\n<thead>\n<tr>\n<th>Funktion<\/th>\n<th>Apa<\/th>\n<th><a href=\"https:\/\/strangercam.com\/sv\/ometv\/\">OmeTV<\/a><\/th>\n<th>Azar<\/th>\n<th>ChitChatTV<\/th>\n<th>Yubo<\/th>\n<\/tr>\n<\/thead>\n<tbody>\n<tr>\n<td>En-till-en videochatt<\/td>\n<td>Ja<\/td>\n<td>Ja<\/td>\n<td>Ja<\/td>\n<td>Ja<\/td>\n<td>Ja<\/td>\n<\/tr>\n<tr>\n<td>Videorum f\u00f6r grupper<\/td>\n<td>Ja<\/td>\n<td>Nej<\/td>\n<td>Nej<\/td>\n<td>Nej<\/td>\n<td>Ja<\/td>\n<\/tr>\n<tr>\n<td>Sociala profiler\/klipp<\/td>\n<td>Ja<\/td>\n<td>Nej<\/td>\n<td>Ja<\/td>\n<td>Nej<\/td>\n<td>Ja<\/td>\n<\/tr>\n<tr>\n<td>Matchande filter<\/td>\n<td>Betalade<\/td>\n<td>Betalade<\/td>\n<td>Betalade<\/td>\n<td>Nej<\/td>\n<td>Begr\u00e4nsad<\/td>\n<\/tr>\n<tr>\n<td>Gratis att anv\u00e4nda<\/td>\n<td>Ja<\/td>\n<td>Ja<\/td>\n<td>Ja<\/td>\n<td>Ja<\/td>\n<td>Ja<\/td>\n<\/tr>\n<tr>\n<td>Trendigt inneh\u00e5ll<\/td>\n<td>Ja<\/td>\n<td>Nej<\/td>\n<td>Nej<\/td>\n<td>Nej<\/td>\n<td>Ja<\/td>\n<\/tr>\n<tr>\n<td>\u00c5ldersfokus<\/td>\n<td>18-25<\/td>\n<td>18+<\/td>\n<td>18+<\/td>\n<td>18+<\/td>\n<td>18-25<\/td>\n<\/tr>\n<tr>\n<td>Mobil-f\u00f6rst-design<\/td>\n<td>Ja<\/td>\n<td>Ja<\/td>\n<td>Ja<\/td>\n<td>Ja<\/td>\n<td>Ja<\/td>\n<\/tr>\n<\/tbody>\n<\/table>\n<p>Sammanfattning : Monkey utm\u00e4rker sig genom sin blandning av live videochatt, kreativt inneh\u00e5ll, grupprum och ett roligt, t\u00e4vlingsinriktat socialt element. Det handlar mindre om ren anonymitet och mer om att uppt\u00e4cka och uttrycka sin personlighet i realtid.<\/p>\n<h2>F\u00f6r- och nackdelar<\/h2>\n<p>F\u00f6rdelar:<\/p>\n<ul>\n<li>Gratis, omedelbar videochatt med fr\u00e4mlingar \u00f6ver hela v\u00e4rlden<\/li>\n<li>Unika gruppnav f\u00f6r tematiska videoh\u00e4ngm\u00f6ten<\/li>\n<li>Roliga, kreativa sociala funktioner och profilanpassning<\/li>\n<li>Ungdomligt, livskraftigt samh\u00e4lle<\/li>\n<li>Premium matchningsfilter och ut\u00f6kade chattalternativ<\/li>\n<li>Starka verktyg f\u00f6r s\u00e4kerhet och moderering<\/li>\n<\/ul>\n<p>Nackdelar:<\/p>\n<ul>\n<li>Utformad f\u00f6r 18-25 \u00e5r, s\u00e5 \u00e4ldre anv\u00e4ndare kan k\u00e4nna sig malplacerade<\/li>\n<li>K\u00f6p i appen f\u00f6r vissa filter och funktioner<\/li>\n<li>Vissa anv\u00e4ndare kan missbruka plattformen, trots moderering<\/li>\n<li>Mobilapp kr\u00e4vs - ingen webbl\u00e4sarversion f\u00f6r datoranv\u00e4ndare<\/li>\n<li>H\u00f6gt tempo kanske inte passar alla<\/li>\n<\/ul>\n<h2>Idealiska anv\u00e4ndningsfall<\/h2>\n<p>Monkey \u00e4r perfekt f\u00f6r:<\/p>\n<ul>\n<li>Unga vuxna som vill <a href=\"https:\/\/strangercam.com\/sv\/coomeet\/\">tr\u00e4ffas<\/a> nya m\u00e4nniskor i en livlig och kreativ onlinemilj\u00f6<\/li>\n<li>Fans av TikTok eller Instagram Reels som ocks\u00e5 tycker om livekonversation<\/li>\n<li>Anv\u00e4ndare som vill delta i gruppvideoh\u00e4ngningar eller sociala rum med olika teman<\/li>\n<li>Kreat\u00f6rer, musiker eller influencers som vill synas och engagera sin publik<\/li>\n<\/ul>\n<p>Mindre idealisk f\u00f6r:<\/p>\n<ul>\n<li>Anv\u00e4ndare som vill chatta helt anonymt eller bara med text<\/li>\n<li>Vuxna \u00f6ver 30 \u00e5r (atmosf\u00e4ren \u00e4r mycket Gen Z)<\/li>\n<li>De som inte har tillg\u00e5ng till en kompatibel mobil enhet<\/li>\n<\/ul>\n<p>Monkey App \u00e4r den ledande plattformen f\u00f6r videochatt och sociala uppt\u00e4ckter f\u00f6r Gen Z \u00e5r 2025. Den kombinerar spontaniteten i klassisk slumpm\u00e4ssig chatt med kreativiteten och gemenskapen i moderna sociala appar, vilket g\u00f6r det roligt, s\u00e4kert och mycket engagerande f\u00f6r unga vuxna \u00f6ver hela v\u00e4rlden.<\/p>\n<p>Oavsett om du vill chatta en mot en, g\u00e5 med i en grupp eller dela dina egna videor och intressen, erbjuder Monkey ett lekfullt och unikt utrymme f\u00f6r att f\u00e5 kontakt. Om du letar efter ett snabbt, visuellt och socialt s\u00e4tt att f\u00e5 nya v\u00e4nner och uttrycka dig sj\u00e4lv \u00e4r Monkey App absolut v\u00e4rt ett f\u00f6rs\u00f6k.<\/p>","protected":false},"excerpt":{"rendered":"<p>As the world of online video chat and social networking evolves, new apps are constantly emerging to cater to the needs of a younger, more mobile-first audience. Monkey App is one such platform, blending the thrill of random video chat with social discovery and short-form video\u2014creating a unique space that feels part Omegle, part TikTok, [&hellip;]<\/p>\n","protected":false},"author":6,"featured_media":0,"parent":0,"menu_order":0,"comment_status":"closed","ping_status":"closed","template":"","meta":{"footnotes":""},"class_list":["post-1303","page","type-page","status-publish","hentry"],"yoast_head":"<!-- This site is optimized with the Yoast SEO plugin v27.4 - https:\/\/yoast.com\/product\/yoast-seo-wordpress\/ -->\n<title>Monkey App - Random Video Chat Omegle - StrangerCam.com<\/title>\n<meta name=\"description\" content=\"Like Monkey App? Come chat with more than 5.000.000 strangers on Strangercam for Free! Turn on your cam and find new friends &amp; maby a match!\" \/>\n<meta name=\"robots\" content=\"index, follow, max-snippet:-1, max-image-preview:large, max-video-preview:-1\" \/>\n<link rel=\"canonical\" href=\"https:\/\/strangercam.com\/sv\/app-for-apor\/\" \/>\n<meta property=\"og:locale\" content=\"sv_SE\" \/>\n<meta property=\"og:type\" content=\"article\" \/>\n<meta property=\"og:title\" content=\"Monkey App - Random Video Chat Omegle - StrangerCam.com\" \/>\n<meta property=\"og:description\" content=\"Like Monkey App? Come chat with more than 5.000.000 strangers on Strangercam for Free! Turn on your cam and find new friends &amp; maby a match!\" \/>\n<meta property=\"og:url\" content=\"https:\/\/strangercam.com\/sv\/app-for-apor\/\" \/>\n<meta property=\"og:site_name\" content=\"Strangercam\" \/>\n<meta property=\"article:publisher\" content=\"https:\/\/www.facebook.com\/strangercam\" \/>\n<meta property=\"article:modified_time\" content=\"2025-08-05T08:41:12+00:00\" \/>\n<meta property=\"og:image\" content=\"https:\/\/strangercam.com\/wp-content\/uploads\/2021\/10\/Untitled-2.png\" \/>\n\t<meta property=\"og:image:width\" content=\"800\" \/>\n\t<meta property=\"og:image:height\" content=\"532\" \/>\n\t<meta property=\"og:image:type\" content=\"image\/png\" \/>\n<meta name=\"twitter:card\" content=\"summary_large_image\" \/>\n<meta name=\"twitter:site\" content=\"@strangercamapp\" \/>\n<meta name=\"twitter:label1\" content=\"Ber\u00e4knad l\u00e4stid\" \/>\n\t<meta name=\"twitter:data1\" content=\"6 minuter\" \/>\n<script type=\"application\/ld+json\" class=\"yoast-schema-graph\">{\"@context\":\"https:\\\/\\\/schema.org\",\"@graph\":[{\"@type\":\"WebPage\",\"@id\":\"https:\\\/\\\/strangercam.com\\\/monkey-app\\\/\",\"url\":\"https:\\\/\\\/strangercam.com\\\/monkey-app\\\/\",\"name\":\"Monkey App - Random Video Chat Omegle - StrangerCam.com\",\"isPartOf\":{\"@id\":\"https:\\\/\\\/strangercam.com\\\/#website\"},\"datePublished\":\"2025-08-05T08:30:38+00:00\",\"dateModified\":\"2025-08-05T08:41:12+00:00\",\"description\":\"Like Monkey App? Come chat with more than 5.000.000 strangers on Strangercam for Free! Turn on your cam and find new friends & maby a match!\",\"breadcrumb\":{\"@id\":\"https:\\\/\\\/strangercam.com\\\/monkey-app\\\/#breadcrumb\"},\"inLanguage\":\"sv-SE\",\"potentialAction\":[{\"@type\":\"ReadAction\",\"target\":[\"https:\\\/\\\/strangercam.com\\\/monkey-app\\\/\"]}]},{\"@type\":\"BreadcrumbList\",\"@id\":\"https:\\\/\\\/strangercam.com\\\/monkey-app\\\/#breadcrumb\",\"itemListElement\":[{\"@type\":\"ListItem\",\"position\":1,\"name\":\"Home\",\"item\":\"https:\\\/\\\/strangercam.com\\\/\"},{\"@type\":\"ListItem\",\"position\":2,\"name\":\"Monkey App\"}]},{\"@type\":\"WebSite\",\"@id\":\"https:\\\/\\\/strangercam.com\\\/#website\",\"url\":\"https:\\\/\\\/strangercam.com\\\/\",\"name\":\"Strangercam\",\"description\":\"Random Video Chat with Strangers\",\"publisher\":{\"@id\":\"https:\\\/\\\/strangercam.com\\\/#organization\"},\"alternateName\":\"Strangercam.com\",\"potentialAction\":[{\"@type\":\"SearchAction\",\"target\":{\"@type\":\"EntryPoint\",\"urlTemplate\":\"https:\\\/\\\/strangercam.com\\\/?s={search_term_string}\"},\"query-input\":{\"@type\":\"PropertyValueSpecification\",\"valueRequired\":true,\"valueName\":\"search_term_string\"}}],\"inLanguage\":\"sv-SE\"},{\"@type\":\"Organization\",\"@id\":\"https:\\\/\\\/strangercam.com\\\/#organization\",\"name\":\"Strangercam\",\"alternateName\":\"Strangercam.com\",\"url\":\"https:\\\/\\\/strangercam.com\\\/\",\"logo\":{\"@type\":\"ImageObject\",\"inLanguage\":\"sv-SE\",\"@id\":\"https:\\\/\\\/strangercam.com\\\/#\\\/schema\\\/logo\\\/image\\\/\",\"url\":\"https:\\\/\\\/strangercam.com\\\/wp-content\\\/uploads\\\/2020\\\/11\\\/cropped-new-favicon-black.png\",\"contentUrl\":\"https:\\\/\\\/strangercam.com\\\/wp-content\\\/uploads\\\/2020\\\/11\\\/cropped-new-favicon-black.png\",\"width\":512,\"height\":512,\"caption\":\"Strangercam\"},\"image\":{\"@id\":\"https:\\\/\\\/strangercam.com\\\/#\\\/schema\\\/logo\\\/image\\\/\"},\"sameAs\":[\"https:\\\/\\\/www.facebook.com\\\/strangercam\",\"https:\\\/\\\/x.com\\\/strangercamapp\"]}]}<\/script>\n<!-- \/ Yoast SEO plugin. -->","yoast_head_json":{"title":"Monkey App - Slumpm\u00e4ssig videochatt Omegle - StrangerCam.com","description":"Gillar du Monkey App? Kom och chatta med mer \u00e4n 5.000.000 fr\u00e4mlingar p\u00e5 Strangercam helt gratis! Sl\u00e5 p\u00e5 din kamera och hitta nya v\u00e4nner och kanske en match!","robots":{"index":"index","follow":"follow","max-snippet":"max-snippet:-1","max-image-preview":"max-image-preview:large","max-video-preview":"max-video-preview:-1"},"canonical":"https:\/\/strangercam.com\/sv\/app-for-apor\/","og_locale":"sv_SE","og_type":"article","og_title":"Monkey App - Random Video Chat Omegle - StrangerCam.com","og_description":"Like Monkey App? Come chat with more than 5.000.000 strangers on Strangercam for Free! Turn on your cam and find new friends & maby a match!","og_url":"https:\/\/strangercam.com\/sv\/app-for-apor\/","og_site_name":"Strangercam","article_publisher":"https:\/\/www.facebook.com\/strangercam","article_modified_time":"2025-08-05T08:41:12+00:00","og_image":[{"width":800,"height":532,"url":"https:\/\/strangercam.com\/wp-content\/uploads\/2021\/10\/Untitled-2.png","type":"image\/png"}],"twitter_card":"summary_large_image","twitter_site":"@strangercamapp","twitter_misc":{"Ber\u00e4knad l\u00e4stid":"6 minuter"},"schema":{"@context":"https:\/\/schema.org","@graph":[{"@type":"WebPage","@id":"https:\/\/strangercam.com\/monkey-app\/","url":"https:\/\/strangercam.com\/monkey-app\/","name":"Monkey App - Slumpm\u00e4ssig videochatt Omegle - StrangerCam.com","isPartOf":{"@id":"https:\/\/strangercam.com\/#website"},"datePublished":"2025-08-05T08:30:38+00:00","dateModified":"2025-08-05T08:41:12+00:00","description":"Gillar du Monkey App? Kom och chatta med mer \u00e4n 5.000.000 fr\u00e4mlingar p\u00e5 Strangercam helt gratis! Sl\u00e5 p\u00e5 din kamera och hitta nya v\u00e4nner och kanske en match!","breadcrumb":{"@id":"https:\/\/strangercam.com\/monkey-app\/#breadcrumb"},"inLanguage":"sv-SE","potentialAction":[{"@type":"ReadAction","target":["https:\/\/strangercam.com\/monkey-app\/"]}]},{"@type":"BreadcrumbList","@id":"https:\/\/strangercam.com\/monkey-app\/#breadcrumb","itemListElement":[{"@type":"ListItem","position":1,"name":"Home","item":"https:\/\/strangercam.com\/"},{"@type":"ListItem","position":2,"name":"Monkey App"}]},{"@type":"WebSite","@id":"https:\/\/strangercam.com\/#website","url":"https:\/\/strangercam.com\/","name":"Strangercam","description":"Slumpm\u00e4ssig videochatt med fr\u00e4mlingar","publisher":{"@id":"https:\/\/strangercam.com\/#organization"},"alternateName":"Strangercam.com","potentialAction":[{"@type":"SearchAction","target":{"@type":"EntryPoint","urlTemplate":"https:\/\/strangercam.com\/?s={search_term_string}"},"query-input":{"@type":"PropertyValueSpecification","valueRequired":true,"valueName":"search_term_string"}}],"inLanguage":"sv-SE"},{"@type":"Organization","@id":"https:\/\/strangercam.com\/#organization","name":"Strangercam","alternateName":"Strangercam.com","url":"https:\/\/strangercam.com\/","logo":{"@type":"ImageObject","inLanguage":"sv-SE","@id":"https:\/\/strangercam.com\/#\/schema\/logo\/image\/","url":"https:\/\/strangercam.com\/wp-content\/uploads\/2020\/11\/cropped-new-favicon-black.png","contentUrl":"https:\/\/strangercam.com\/wp-content\/uploads\/2020\/11\/cropped-new-favicon-black.png","width":512,"height":512,"caption":"Strangercam"},"image":{"@id":"https:\/\/strangercam.com\/#\/schema\/logo\/image\/"},"sameAs":["https:\/\/www.facebook.com\/strangercam","https:\/\/x.com\/strangercamapp"]}]}},"_links":{"self":[{"href":"https:\/\/strangercam.com\/sv\/wp-json\/wp\/v2\/pages\/1303","targetHints":{"allow":["GET"]}}],"collection":[{"href":"https:\/\/strangercam.com\/sv\/wp-json\/wp\/v2\/pages"}],"about":[{"href":"https:\/\/strangercam.com\/sv\/wp-json\/wp\/v2\/types\/page"}],"author":[{"embeddable":true,"href":"https:\/\/strangercam.com\/sv\/wp-json\/wp\/v2\/users\/6"}],"replies":[{"embeddable":true,"href":"https:\/\/strangercam.com\/sv\/wp-json\/wp\/v2\/comments?post=1303"}],"version-history":[{"count":1,"href":"https:\/\/strangercam.com\/sv\/wp-json\/wp\/v2\/pages\/1303\/revisions"}],"predecessor-version":[{"id":12953,"href":"https:\/\/strangercam.com\/sv\/wp-json\/wp\/v2\/pages\/1303\/revisions\/12953"}],"wp:attachment":[{"href":"https:\/\/strangercam.com\/sv\/wp-json\/wp\/v2\/media?parent=1303"}],"curies":[{"name":"wp","href":"https:\/\/api.w.org\/{rel}","templated":true}]}}