{"id":13022,"date":"2025-09-10T11:55:23","date_gmt":"2025-09-10T09:55:23","guid":{"rendered":"https:\/\/strangercam.com\/?page_id=13022"},"modified":"2025-09-10T11:55:34","modified_gmt":"2025-09-10T09:55:34","slug":"buzzcast","status":"publish","type":"page","link":"https:\/\/strangercam.com\/sv\/buzzcast\/","title":{"rendered":"Buzzcast"},"content":{"rendered":"<p>Gr\u00e4nsen mellan slumpm\u00e4ssig video <a href=\"https:\/\/strangercam.com\/sv\/chatroulette\/\">chatt<\/a>, Det blir allt sv\u00e5rare att skilja mellan livestreaming och sociala n\u00e4tverk. BuzzCast \u00e4r ett utm\u00e4rkt exempel p\u00e5 denna trend - en social videoplattform d\u00e4r anv\u00e4ndare kan livestreama, hitta nya v\u00e4nner, delta i slumpm\u00e4ssiga videochattar och interagera genom g\u00e5vor och communities. BuzzCast lanserades ursprungligen som en app f\u00f6r livestreaming och har vuxit till en fullfj\u00e4drad plattform f\u00f6r sociala uppt\u00e4ckter med miljontals anv\u00e4ndare \u00f6ver hela v\u00e4rlden.<\/p>\n<p>Men \u00e4r BuzzCast v\u00e4rt din tid 2025? Hur j\u00e4mf\u00f6r det sig med andra appar som Bigo Live, Azar eller Monkey? I denna detaljerade recension kommer vi att utforska vad BuzzCast erbjuder, vem det \u00e4r f\u00f6r och om det verkligen sticker ut p\u00e5 den st\u00e4ndigt \u00f6verfulla marknaden f\u00f6r sociala chattar.<\/p>\n<h2>Vad \u00e4r BuzzCast?<\/h2>\n<p>BuzzCast \u00e4r en mobilbaserad app f\u00f6r livestreaming och videochatt som finns tillg\u00e4nglig p\u00e5 iOS och Android. Plattformen kombinerar element av streaming i Twitch-stil, korta videor i TikTok-stil och slumpm\u00e4ssig chatt i Omegle-stil. Anv\u00e4ndare kan:<\/p>\n<ul>\n<li>V\u00e4rd f\u00f6r lives\u00e4ndningar och interagera med tittarna i realtid<\/li>\n<li>Titta p\u00e5 och engagera dig i direkts\u00e4ndningar fr\u00e5n hela v\u00e4rlden<\/li>\n<li>Join slumpm\u00e4ssiga en-mot-en videochattar till <a href=\"https:\/\/strangercam.com\/sv\/coomeet\/\">tr\u00e4ffas<\/a> nya m\u00e4nniskor<\/li>\n<li>Skicka och ta emot virtuella g\u00e5vor f\u00f6r att st\u00f6dja streamers eller g\u00f6ra konversationer mer engagerande<\/li>\n<\/ul>\n<p>Appen profilerar sig som ett n\u00e4tverk f\u00f6r sociala uppt\u00e4ckter, inte bara ett kommunikationsverktyg. Den uppmuntrar m\u00e4nniskor att visa upp sina talanger, personligheter och livsstilar genom livevideo.<\/p>\n<h2>Vad \u00e4r syftet med BuzzCast?<\/h2>\n<p>BuzzCasts uppdrag \u00e4r att skapa en global scen f\u00f6r interaktion, kreativitet och kontakt. Det \u00f6verbryggar klyftan mellan social underh\u00e5llning och kommunikation genom att:<\/p>\n<ul>\n<li>Ge vem som helst verktygen f\u00f6r att s\u00e4nda sig sj\u00e4lv till en v\u00e4rldsomsp\u00e4nnande publik<\/li>\n<li>Till\u00e5ter anv\u00e4ndare att slumpm\u00e4ssigt f\u00e5 kontakt med fr\u00e4mlingar f\u00f6r spontana chattar<\/li>\n<li>Skapa ett system f\u00f6r int\u00e4ktsgenerering d\u00e4r streamare kan tj\u00e4na pengar genom g\u00e5vor<\/li>\n<li>Erbjuder ett mer interaktivt och personligt alternativ till TikTok eller Instagram<\/li>\n<\/ul>\n<p>Det \u00e4r en app som \u00e4r utformad b\u00e5de f\u00f6r inneh\u00e5llsskapare och f\u00f6r sociala utforskare - de som b\u00e5de vill titta p\u00e5 och delta.<\/p>\n<h2>Viktiga funktioner<\/h2>\n<p>1. Direktuppspelning<br \/>\nHj\u00e4rtat i BuzzCast \u00e4r dess livestreaming-funktion. Anv\u00e4ndarna kan s\u00e4nda sig sj\u00e4lva, upptr\u00e4da, chatta eller helt enkelt dela med sig av sin vardag, medan tittarna kan kommentera och skicka presenter.<\/p>\n<p>2. Slumpm\u00e4ssig videochatt en och en<br \/>\nF\u00f6r dem som f\u00f6redrar spontana konversationer inneh\u00e5ller BuzzCast ett slumpm\u00e4ssigt videochattl\u00e4ge som liknar <a href=\"https:\/\/strangercam.com\/sv\/omegle\/\">Omegle<\/a> eller Azar. Med ett klick kopplas du ihop med n\u00e5gon ny f\u00f6r en privat chatt mellan kameror.<\/p>\n<p>3. Virtuella g\u00e5vor och mynt<br \/>\nBuzzCast anv\u00e4nder ett virtuellt valutasystem. Tittarna kan k\u00f6pa mynt och anv\u00e4nda dem f\u00f6r att skicka g\u00e5vor (som emojis, animationer eller virtuella f\u00f6rem\u00e5l) till streamare. Popul\u00e4ra streamers kan omvandla dessa till verkliga int\u00e4kter.<\/p>\n<p>4. Sociala profiler<br \/>\nVarje anv\u00e4ndare har en profil med foton, videor och personlig information. Detta g\u00f6r BuzzCast mer som en hybrid av en datingapp och en livestreamingplattform, eftersom du kan f\u00f6lja, skicka meddelanden och interagera ut\u00f6ver livechattar.<\/p>\n<p>5. Korta videor och klipp<br \/>\nF\u00f6rutom livestreaming st\u00f6der BuzzCast uppladdning av korta klipp, liknande TikTok, vilket g\u00f6r det enkelt f\u00f6r anv\u00e4ndare att f\u00e5 uppm\u00e4rksamhet och \u00f6ka antalet f\u00f6ljare.<\/p>\n<p>6. Integration av textchatt<br \/>\nF\u00f6rutom video kan anv\u00e4ndarna skicka textmeddelanden, emojis och klisterm\u00e4rken f\u00f6r att h\u00e5lla konversationerna livliga.<\/p>\n<p>7. Global r\u00e4ckvidd<br \/>\nBuzzCast kopplar samman anv\u00e4ndare fr\u00e5n hela v\u00e4rlden. Med spr\u00e5kbarri\u00e4rer som underl\u00e4ttas av emojis, video och live-\u00f6vers\u00e4ttningsverktyg \u00e4r det en sann internationell <a href=\"https:\/\/strangercam.com\/sv\/chathub\/\">nav<\/a>.<\/p>\n<h2>\u00c4r BuzzCast gratis?<\/h2>\n<p>Ja, BuzzCast \u00e4r gratis att ladda ner och anv\u00e4nda. Du kan titta p\u00e5 str\u00f6mmar, delta i chattar och interagera utan att betala.<\/p>\n<p>Appens system f\u00f6r int\u00e4ktsgenerering \u00e4r dock uppbyggt kring k\u00f6p i appen:<\/p>\n<ul>\n<li>K\u00f6pa mynt f\u00f6r att skicka virtuella g\u00e5vor<\/li>\n<li>L\u00e5sa upp vissa premiumchattfunktioner<\/li>\n<li>\u00d6kad synlighet f\u00f6r profilen<\/li>\n<\/ul>\n<p>Streamare drar nytta av dessa k\u00f6p genom att tj\u00e4na riktiga pengar, vilket skapar en livlig ekonomi i appen.<\/p>\n<h2>Vem anv\u00e4nder BuzzCast?<\/h2>\n<p>BuzzCasts m\u00e5lgrupp \u00e4r m\u00e5ngsidig, men tenderar att best\u00e5 av yngre, socialt aktiva anv\u00e4ndare:<\/p>\n<ul>\n<li>\u00c5ldersintervall: Fr\u00e4mst 18-30 \u00e5r, men vuxna i alla \u00e5ldrar deltar<\/li>\n<li>Global r\u00e4ckvidd: Popul\u00e4r i Asien, Mellan\u00f6stern, Nordamerika och delar av Europa<\/li>\n<li>Anv\u00e4ndarbas:\n<ul>\n<li>Tittare: M\u00e4nniskor som letar efter underh\u00e5llning, musik, livsstil eller sociala fl\u00f6den<\/li>\n<li>Skapare: Streamare som delar med sig av sina talanger, chattar eller bygger communities<\/li>\n<li>Sociala uppt\u00e4ckare: Anv\u00e4ndare som vill ha slumpm\u00e4ssiga chattar mellan tv\u00e5 personer eller avslappnade globala konversationer<\/li>\n<\/ul>\n<\/li>\n<\/ul>\n<p>BuzzCast v\u00e4nder sig till dem som gillar TikToks kreativitet, Omegles spontanitet och Bigo Lives interaktiva livekultur - allt i en och samma app.<\/p>\n<h2>S\u00e4kerhet, integritet och moderering<\/h2>\n<p>BuzzCast inf\u00f6rlivar flera \u00e5tg\u00e4rder f\u00f6r att h\u00e5lla plattformen s\u00e4ker och anv\u00e4ndarv\u00e4nlig:<\/p>\n<h3>Integritet<\/h3>\n<ul>\n<li>Konton kr\u00e4ver grundl\u00e4ggande registrering (e-post, telefon eller social inloggning)<\/li>\n<li>Anv\u00e4ndare kan styra vad som ska visas p\u00e5 deras profil<\/li>\n<li>Privata konversationer visas inte offentligt<\/li>\n<\/ul>\n<h3>Moderering<\/h3>\n<ul>\n<li>AI-verktyg uppt\u00e4cker nakenhet, st\u00f6tande spr\u00e5k och skr\u00e4ppost<\/li>\n<li>Rapporteringsfunktioner g\u00f6r det m\u00f6jligt f\u00f6r anv\u00e4ndare att flagga ol\u00e4mpligt beteende<\/li>\n<li>M\u00e4nskliga moderatorer granskar flaggat inneh\u00e5ll och verkst\u00e4ller avst\u00e4ngningar<\/li>\n<\/ul>\n<h3>Tips om s\u00e4kerhet<\/h3>\n<ul>\n<li>Dela inte k\u00e4nslig personlig information under livestreaming eller chattar<\/li>\n<li>Anv\u00e4nd blockerings- och rapporteringsverktygen om n\u00e5gon \u00e4r kr\u00e4nkande eller ol\u00e4mplig<\/li>\n<li>Kom ih\u00e5g att g\u00e5vor handlar om riktiga pengar - spendera ansvarsfullt<\/li>\n<\/ul>\n<h2>Anv\u00e4ndarupplevelse och design<\/h2>\n<p>BuzzCast erbjuder en ljus, modern och underh\u00e5llningsdriven design:<\/p>\n<ul>\n<li>Hemsida: Inneh\u00e5ller trendiga str\u00f6mmar, rekommenderade skapare och snabb \u00e5tkomst till videochatt<\/li>\n<li>Gr\u00e4nssnitt f\u00f6r streaming: Stort videof\u00f6nster med livekommentarer och en gifting bar f\u00f6r enkel interaktion<\/li>\n<li>Gr\u00e4nssnitt f\u00f6r chatt: Enkla kontroller f\u00f6r att starta, hoppa \u00f6ver eller rapportera en konversation<\/li>\n<li>Prestanda: Smidig streaming och videochatt p\u00e5 b\u00e5de Wi-Fi och mobildata, med minimal f\u00f6rdr\u00f6jning<\/li>\n<li>F\u00f6rst och fr\u00e4mst mobil: Optimerad f\u00f6r iOS och Android, med frekventa uppdateringar och buggfixar<\/li>\n<\/ul>\n<p>Appen kombinerar estetik f\u00f6r sociala n\u00e4tverk med underh\u00e5llningsfunktioner, vilket g\u00f6r den engagerande utan att vara \u00f6verv\u00e4ldigande.<\/p>\n<h2>BuzzCast j\u00e4mf\u00f6rt med andra plattformar<\/h2>\n<p>Hur st\u00e5r sig BuzzCast i j\u00e4mf\u00f6relse med andra appar f\u00f6r livestreaming och slumpm\u00e4ssig chatt?<\/p>\n<table>\n<thead>\n<tr>\n<th>Funktion<\/th>\n<th>BuzzCast<\/th>\n<th>Bigo Live<\/th>\n<th>Azar<\/th>\n<th>Apa<\/th>\n<th>TikTok<\/th>\n<\/tr>\n<\/thead>\n<tbody>\n<tr>\n<td>Livestreaming<\/td>\n<td>Ja<\/td>\n<td>Ja<\/td>\n<td>Nej<\/td>\n<td>Nej<\/td>\n<td>Ja<\/td>\n<\/tr>\n<tr>\n<td>Slumpm\u00e4ssig videochatt<\/td>\n<td>Ja<\/td>\n<td>Nej<\/td>\n<td>Ja<\/td>\n<td>Ja<\/td>\n<td>Nej<\/td>\n<\/tr>\n<tr>\n<td>System f\u00f6r virtuella g\u00e5vor<\/td>\n<td>Ja<\/td>\n<td>Ja<\/td>\n<td>Ja<\/td>\n<td>Begr\u00e4nsad<\/td>\n<td>Ja<\/td>\n<\/tr>\n<tr>\n<td>Kort videoinneh\u00e5ll<\/td>\n<td>Ja<\/td>\n<td>Nej<\/td>\n<td>Nej<\/td>\n<td>Nej<\/td>\n<td>Ja<\/td>\n<\/tr>\n<tr>\n<td>Sociala profiler<\/td>\n<td>Ja<\/td>\n<td>Ja<\/td>\n<td>Ja<\/td>\n<td>Ja<\/td>\n<td>Ja<\/td>\n<\/tr>\n<tr>\n<td>Gratis att anv\u00e4nda<\/td>\n<td>Ja<\/td>\n<td>Ja<\/td>\n<td>Ja<\/td>\n<td>Ja<\/td>\n<td>Ja<\/td>\n<\/tr>\n<tr>\n<td>Int\u00e4ktsgenerering f\u00f6r kreat\u00f6rer<\/td>\n<td>Ja<\/td>\n<td>Ja<\/td>\n<td>Ja<\/td>\n<td>Begr\u00e4nsad<\/td>\n<td>Ja<\/td>\n<\/tr>\n<\/tbody>\n<\/table>\n<p>Sammanfattning: BuzzCast beskrivs b\u00e4st som en hybridplattform som kombinerar funktioner i Bigo Live och Azar med element fr\u00e5n TikTok. Den h\u00e4r blandningen g\u00f6r den mer m\u00e5ngsidig \u00e4n appar med ett enda syfte.<\/p>\n<h2>F\u00f6r- och nackdelar<\/h2>\n<p>F\u00f6rdelar:<\/p>\n<ul>\n<li>Gratis att anv\u00e4nda med miljontals anv\u00e4ndare \u00f6ver hela v\u00e4rlden<\/li>\n<li>Kombinerar livestreaming, kort video och slumpm\u00e4ssig chatt i en och samma plattform<\/li>\n<li>Virtuella g\u00e5vor g\u00f6r det m\u00f6jligt f\u00f6r upphovsm\u00e4n att tj\u00e4na pengar<\/li>\n<li>Mobilv\u00e4nlig, med smidig prestanda<\/li>\n<li>Stark lokal och internationell r\u00e4ckvidd<\/li>\n<li>Rolig, interaktiv design med klisterm\u00e4rken, emojis och sociala verktyg<\/li>\n<\/ul>\n<p>Nackdelar:<\/p>\n<ul>\n<li>Stor vikt l\u00e4ggs vid k\u00f6p i appen f\u00f6r g\u00e5vor och boosting<\/li>\n<li>Visst inneh\u00e5ll kan passera moderering<\/li>\n<li>Mer fokuserad p\u00e5 underh\u00e5llning \u00e4n rent anonym chatt<\/li>\n<li>Kan vara beroendeframkallande p\u00e5 grund av spelifiering och int\u00e4ktsgenerering<\/li>\n<li>Kr\u00e4ver registrering (inte helt anonym som Omegle-alternativ)<\/li>\n<\/ul>\n<h2>Idealiska anv\u00e4ndningsfall<\/h2>\n<p>BuzzCast \u00e4r perfekt f\u00f6r:<\/p>\n<ul>\n<li>Blivande inneh\u00e5llsskapare som vill streama och tj\u00e4na pengar genom g\u00e5vor<\/li>\n<li>Tittare som s\u00f6ker liveunderh\u00e5llning och social interaktion<\/li>\n<li>Vuxna som s\u00f6ker en blandning av slumpm\u00e4ssiga chattar och strukturerat socialt n\u00e4tverkande<\/li>\n<li>Fans av TikTok eller Bigo Live som vill ha en mer interaktiv plattform<\/li>\n<\/ul>\n<p>Mindre idealisk f\u00f6r:<\/p>\n<ul>\n<li>Anv\u00e4ndare som vill ha en helt anonym videochatt (som Omegle eller Lotta)<\/li>\n<li>De som ogillar k\u00f6p i appar eller virtuella g\u00e5voekonomier<\/li>\n<li>Personer som letar efter professionella kommunikationsverktyg<\/li>\n<\/ul>\n<p>BuzzCast \u00e4r en av de mest m\u00e5ngsidiga sociala plattformarna 2025 och kombinerar livestreaming, slumpm\u00e4ssig videochatt och kortformad video i en och samma app. Dess blandning av underh\u00e5llning och interaktion g\u00f6r att den sticker ut fr\u00e5n appar med ett enda syfte, medan dess int\u00e4ktsmodell s\u00e4kerst\u00e4ller att skaparna f\u00f6rblir engagerade.<\/p>\n<p>Om du vill ha en app som kombinerar spontaniteten i Omegle, det roliga med Monkey och kreativiteten i TikTok, \u00e4r BuzzCast absolut v\u00e4rt att prova. Oavsett om du \u00e4r en streamer, en tittare eller bara \u00e4r nyfiken p\u00e5 att tr\u00e4ffa m\u00e4nniskor \u00f6ver hela v\u00e4rlden, levererar BuzzCast en livlig, modern social upplevelse.<\/p>","protected":false},"excerpt":{"rendered":"<p>The line between random video chat, live streaming, and social networking is becoming increasingly blurred. BuzzCast is a prime example of this trend\u2014a social video platform where users can livestream, discover new friends, join random video chats, and interact through gifts and communities. Originally launched as a live streaming app, BuzzCast has grown into a [&hellip;]<\/p>\n","protected":false},"author":6,"featured_media":0,"parent":0,"menu_order":0,"comment_status":"closed","ping_status":"closed","template":"","meta":{"footnotes":""},"class_list":["post-13022","page","type-page","status-publish","hentry"],"yoast_head":"<!-- This site is optimized with the Yoast SEO plugin v26.9 - https:\/\/yoast.com\/product\/yoast-seo-wordpress\/ -->\n<title>Buzzcast - Live Stream, Live Video Chat - StrangerCam.com<\/title>\n<meta name=\"description\" content=\"Like Buzzcast? Come chat with more than 5.000.000 strangers on Strangercam for Free! Turn on your cam and find new friends &amp; maby a match!\" \/>\n<meta name=\"robots\" content=\"index, follow, max-snippet:-1, max-image-preview:large, max-video-preview:-1\" \/>\n<link rel=\"canonical\" href=\"https:\/\/strangercam.com\/sv\/buzzcast\/\" \/>\n<meta property=\"og:locale\" content=\"sv_SE\" \/>\n<meta property=\"og:type\" content=\"article\" \/>\n<meta property=\"og:title\" content=\"Buzzcast - Live Stream, Live Video Chat - StrangerCam.com\" \/>\n<meta property=\"og:description\" content=\"Like Buzzcast? Come chat with more than 5.000.000 strangers on Strangercam for Free! Turn on your cam and find new friends &amp; maby a match!\" \/>\n<meta property=\"og:url\" content=\"https:\/\/strangercam.com\/sv\/buzzcast\/\" \/>\n<meta property=\"og:site_name\" content=\"Strangercam\" \/>\n<meta property=\"article:publisher\" content=\"https:\/\/www.facebook.com\/strangercam\" \/>\n<meta property=\"article:modified_time\" content=\"2025-09-10T09:55:34+00:00\" \/>\n<meta property=\"og:image\" content=\"https:\/\/strangercam.com\/wp-content\/uploads\/2021\/10\/Untitled-2.png\" \/>\n\t<meta property=\"og:image:width\" content=\"800\" \/>\n\t<meta property=\"og:image:height\" content=\"532\" \/>\n\t<meta property=\"og:image:type\" content=\"image\/png\" \/>\n<meta name=\"twitter:card\" content=\"summary_large_image\" \/>\n<meta name=\"twitter:site\" content=\"@strangercamapp\" \/>\n<meta name=\"twitter:label1\" content=\"Ber\u00e4knad l\u00e4stid\" \/>\n\t<meta name=\"twitter:data1\" content=\"6 minuter\" \/>\n<script type=\"application\/ld+json\" class=\"yoast-schema-graph\">{\"@context\":\"https:\/\/schema.org\",\"@graph\":[{\"@type\":\"WebPage\",\"@id\":\"https:\/\/strangercam.com\/buzzcast\/\",\"url\":\"https:\/\/strangercam.com\/buzzcast\/\",\"name\":\"Buzzcast - Live Stream, Live Video Chat - StrangerCam.com\",\"isPartOf\":{\"@id\":\"https:\/\/strangercam.com\/#website\"},\"datePublished\":\"2025-09-10T09:55:23+00:00\",\"dateModified\":\"2025-09-10T09:55:34+00:00\",\"description\":\"Like Buzzcast? Come chat with more than 5.000.000 strangers on Strangercam for Free! Turn on your cam and find new friends & maby a match!\",\"breadcrumb\":{\"@id\":\"https:\/\/strangercam.com\/buzzcast\/#breadcrumb\"},\"inLanguage\":\"sv-SE\",\"potentialAction\":[{\"@type\":\"ReadAction\",\"target\":[\"https:\/\/strangercam.com\/buzzcast\/\"]}]},{\"@type\":\"BreadcrumbList\",\"@id\":\"https:\/\/strangercam.com\/buzzcast\/#breadcrumb\",\"itemListElement\":[{\"@type\":\"ListItem\",\"position\":1,\"name\":\"Home\",\"item\":\"https:\/\/strangercam.com\/\"},{\"@type\":\"ListItem\",\"position\":2,\"name\":\"Buzzcast\"}]},{\"@type\":\"WebSite\",\"@id\":\"https:\/\/strangercam.com\/#website\",\"url\":\"https:\/\/strangercam.com\/\",\"name\":\"Strangercam\",\"description\":\"Random Video Chat with Strangers\",\"publisher\":{\"@id\":\"https:\/\/strangercam.com\/#organization\"},\"alternateName\":\"Strangercam.com\",\"potentialAction\":[{\"@type\":\"SearchAction\",\"target\":{\"@type\":\"EntryPoint\",\"urlTemplate\":\"https:\/\/strangercam.com\/?s={search_term_string}\"},\"query-input\":{\"@type\":\"PropertyValueSpecification\",\"valueRequired\":true,\"valueName\":\"search_term_string\"}}],\"inLanguage\":\"sv-SE\"},{\"@type\":\"Organization\",\"@id\":\"https:\/\/strangercam.com\/#organization\",\"name\":\"Strangercam\",\"alternateName\":\"Strangercam.com\",\"url\":\"https:\/\/strangercam.com\/\",\"logo\":{\"@type\":\"ImageObject\",\"inLanguage\":\"sv-SE\",\"@id\":\"https:\/\/strangercam.com\/#\/schema\/logo\/image\/\",\"url\":\"https:\/\/strangercam.com\/wp-content\/uploads\/2020\/11\/cropped-new-favicon-black.png\",\"contentUrl\":\"https:\/\/strangercam.com\/wp-content\/uploads\/2020\/11\/cropped-new-favicon-black.png\",\"width\":512,\"height\":512,\"caption\":\"Strangercam\"},\"image\":{\"@id\":\"https:\/\/strangercam.com\/#\/schema\/logo\/image\/\"},\"sameAs\":[\"https:\/\/www.facebook.com\/strangercam\",\"https:\/\/x.com\/strangercamapp\"]}]}<\/script>\n<!-- \/ Yoast SEO plugin. -->","yoast_head_json":{"title":"Buzzcast - Direkts\u00e4ndning, direkts\u00e4nd videochatt - StrangerCam.com","description":"Gillar du Buzzcast? Kom och chatta med mer \u00e4n 5.000.000 fr\u00e4mlingar p\u00e5 Strangercam helt gratis! Sl\u00e5 p\u00e5 din kamera och hitta nya v\u00e4nner och kanske en match!","robots":{"index":"index","follow":"follow","max-snippet":"max-snippet:-1","max-image-preview":"max-image-preview:large","max-video-preview":"max-video-preview:-1"},"canonical":"https:\/\/strangercam.com\/sv\/buzzcast\/","og_locale":"sv_SE","og_type":"article","og_title":"Buzzcast - Live Stream, Live Video Chat - StrangerCam.com","og_description":"Like Buzzcast? Come chat with more than 5.000.000 strangers on Strangercam for Free! Turn on your cam and find new friends & maby a match!","og_url":"https:\/\/strangercam.com\/sv\/buzzcast\/","og_site_name":"Strangercam","article_publisher":"https:\/\/www.facebook.com\/strangercam","article_modified_time":"2025-09-10T09:55:34+00:00","og_image":[{"width":800,"height":532,"url":"https:\/\/strangercam.com\/wp-content\/uploads\/2021\/10\/Untitled-2.png","type":"image\/png"}],"twitter_card":"summary_large_image","twitter_site":"@strangercamapp","twitter_misc":{"Ber\u00e4knad l\u00e4stid":"6 minuter"},"schema":{"@context":"https:\/\/schema.org","@graph":[{"@type":"WebPage","@id":"https:\/\/strangercam.com\/buzzcast\/","url":"https:\/\/strangercam.com\/buzzcast\/","name":"Buzzcast - Direkts\u00e4ndning, direkts\u00e4nd videochatt - StrangerCam.com","isPartOf":{"@id":"https:\/\/strangercam.com\/#website"},"datePublished":"2025-09-10T09:55:23+00:00","dateModified":"2025-09-10T09:55:34+00:00","description":"Gillar du Buzzcast? Kom och chatta med mer \u00e4n 5.000.000 fr\u00e4mlingar p\u00e5 Strangercam helt gratis! Sl\u00e5 p\u00e5 din kamera och hitta nya v\u00e4nner och kanske en match!","breadcrumb":{"@id":"https:\/\/strangercam.com\/buzzcast\/#breadcrumb"},"inLanguage":"sv-SE","potentialAction":[{"@type":"ReadAction","target":["https:\/\/strangercam.com\/buzzcast\/"]}]},{"@type":"BreadcrumbList","@id":"https:\/\/strangercam.com\/buzzcast\/#breadcrumb","itemListElement":[{"@type":"ListItem","position":1,"name":"Home","item":"https:\/\/strangercam.com\/"},{"@type":"ListItem","position":2,"name":"Buzzcast"}]},{"@type":"WebSite","@id":"https:\/\/strangercam.com\/#website","url":"https:\/\/strangercam.com\/","name":"Strangercam","description":"Slumpm\u00e4ssig videochatt med fr\u00e4mlingar","publisher":{"@id":"https:\/\/strangercam.com\/#organization"},"alternateName":"Strangercam.com","potentialAction":[{"@type":"SearchAction","target":{"@type":"EntryPoint","urlTemplate":"https:\/\/strangercam.com\/?s={search_term_string}"},"query-input":{"@type":"PropertyValueSpecification","valueRequired":true,"valueName":"search_term_string"}}],"inLanguage":"sv-SE"},{"@type":"Organization","@id":"https:\/\/strangercam.com\/#organization","name":"Strangercam","alternateName":"Strangercam.com","url":"https:\/\/strangercam.com\/","logo":{"@type":"ImageObject","inLanguage":"sv-SE","@id":"https:\/\/strangercam.com\/#\/schema\/logo\/image\/","url":"https:\/\/strangercam.com\/wp-content\/uploads\/2020\/11\/cropped-new-favicon-black.png","contentUrl":"https:\/\/strangercam.com\/wp-content\/uploads\/2020\/11\/cropped-new-favicon-black.png","width":512,"height":512,"caption":"Strangercam"},"image":{"@id":"https:\/\/strangercam.com\/#\/schema\/logo\/image\/"},"sameAs":["https:\/\/www.facebook.com\/strangercam","https:\/\/x.com\/strangercamapp"]}]}},"_links":{"self":[{"href":"https:\/\/strangercam.com\/sv\/wp-json\/wp\/v2\/pages\/13022","targetHints":{"allow":["GET"]}}],"collection":[{"href":"https:\/\/strangercam.com\/sv\/wp-json\/wp\/v2\/pages"}],"about":[{"href":"https:\/\/strangercam.com\/sv\/wp-json\/wp\/v2\/types\/page"}],"author":[{"embeddable":true,"href":"https:\/\/strangercam.com\/sv\/wp-json\/wp\/v2\/users\/6"}],"replies":[{"embeddable":true,"href":"https:\/\/strangercam.com\/sv\/wp-json\/wp\/v2\/comments?post=13022"}],"version-history":[{"count":1,"href":"https:\/\/strangercam.com\/sv\/wp-json\/wp\/v2\/pages\/13022\/revisions"}],"predecessor-version":[{"id":13023,"href":"https:\/\/strangercam.com\/sv\/wp-json\/wp\/v2\/pages\/13022\/revisions\/13023"}],"wp:attachment":[{"href":"https:\/\/strangercam.com\/sv\/wp-json\/wp\/v2\/media?parent=13022"}],"curies":[{"name":"wp","href":"https:\/\/api.w.org\/{rel}","templated":true}]}}