{"id":13020,"date":"2025-09-10T11:53:09","date_gmt":"2025-09-10T09:53:09","guid":{"rendered":"https:\/\/strangercam.com\/?page_id=13020"},"modified":"2025-09-10T11:53:09","modified_gmt":"2025-09-10T09:53:09","slug":"chato","status":"publish","type":"page","link":"https:\/\/strangercam.com\/sv\/chato\/","title":{"rendered":"Chato"},"content":{"rendered":"<p>Med <a href=\"https:\/\/strangercam.com\/sv\/omegle\/\">Omegle<\/a> sedan dess har en v\u00e5g av nya plattformar dykt upp f\u00f6r att fylla gapet f\u00f6r m\u00e4nniskor som fortfarande vill ha anonyma, slumpm\u00e4ssiga konversationer med fr\u00e4mlingar online. Chato \u00e4r en av de nyare utmanarna 2025 och positionerar sig som ett snabbt, gratis och mobilv\u00e4nligt Omegle-alternativ. Dess fokus \u00e4r enkelt: en-mot-en video <a href=\"https:\/\/strangercam.com\/sv\/chathub\/\">chatt<\/a> med fr\u00e4mlingar, utan att beh\u00f6va registrera sig, ladda ner eller anv\u00e4nda komplicerade funktioner.<\/p>\n<p>Men levererar Chato sitt l\u00f6fte om att vara en topp slumpm\u00e4ssig chattwebbplats? Hur s\u00e4kert \u00e4r det, vem anv\u00e4nder det, och hur j\u00e4mf\u00f6r det med andra alternativ som Lotta, Ohmegle och MatchPub? I den h\u00e4r recensionen bryter vi ner allt du beh\u00f6ver veta om Chato innan du dyker in.<\/p>\n<h2>Vad \u00e4r Chato?<\/h2>\n<p>Chato \u00e4r en webbl\u00e4sarbaserad slumpm\u00e4ssig videochattwebbplats som ansluter fr\u00e4mlingar \u00f6ver hela v\u00e4rlden f\u00f6r privata, live, ansikte mot ansikte konversationer. Precis som Omegle kr\u00e4ver den ingen registrering - du klickar bara p\u00e5 \"Start\", till\u00e5ter din kamera och mikrofon och matchas direkt med n\u00e5gon ny.<\/p>\n<p>Plattformen betonar enkelhet och snabbhet och fokuserar p\u00e5 konversationer snarare \u00e4n funktioner. Chatos moderna design och smidiga mobilprestanda g\u00f6r det till ett attraktivt alternativ f\u00f6r anv\u00e4ndare som \u00e4r tr\u00f6tta p\u00e5 klumpiga, f\u00f6r\u00e5ldrade webbplatser.<\/p>\n<h2>Vad \u00e4r syftet med Chato?<\/h2>\n<p>Chatos uppdrag \u00e4r att \u00e5terskapa sp\u00e4nningen i anonyma onlinekonversationer som gjorde Omegle ber\u00f6md, samtidigt som man f\u00f6rb\u00e4ttrar anv\u00e4ndbarheten och s\u00e4kerheten. Dess m\u00e5l inkluderar:<\/p>\n<ul>\n<li>Tillhandah\u00e5lla spontana chattar p\u00e5 tu man hand utan krav p\u00e5 personlig information<\/li>\n<li>Erbjuda en kostnadsfri, l\u00e4ttillg\u00e4nglig plattform som fungerar direkt p\u00e5 datorn eller i mobilen<\/li>\n<li>Skapa en v\u00e4nlig och s\u00e4ker milj\u00f6 f\u00f6r globala anv\u00e4ndare att <a href=\"https:\/\/strangercam.com\/sv\/coomeet\/\">tr\u00e4ffas<\/a> nya m\u00e4nniskor<\/li>\n<li>Ge anv\u00e4ndarna friheten att hoppa \u00f6ver, g\u00e5 vidare eller stanna kvar s\u00e5 l\u00e4nge de vill<\/li>\n<\/ul>\n<p>Oavsett om du vill skaffa v\u00e4nner, \u00f6va spr\u00e5k, flirta eller bara ha tr\u00e5kigt, erbjuder Chato ett l\u00e4tt utrymme d\u00e4r du kan f\u00e5 kontakt med fr\u00e4mlingar.<\/p>\n<h2>Viktiga funktioner<\/h2>\n<p>1. Omedelbar slumpm\u00e4ssig videochatt<br \/>\nK\u00e4rnan i Chato \u00e4r privata, en-mot-en cam-to-cam-konversationer. Matchningar sker direkt, utan k\u00f6er eller f\u00f6rdr\u00f6jningar, vilket m\u00f6jligg\u00f6r snabb social samvaro.<\/p>\n<p>2. Skip\/Next-knapp<br \/>\nTycker du inte om chatten? Tryck p\u00e5 \"N\u00e4sta\" f\u00f6r att omedelbart g\u00e5 vidare till en annan anv\u00e4ndare. Denna snabbcyklande mekanik h\u00e5ller saker och ting roliga och dynamiska.<\/p>\n<p>3. Alternativ f\u00f6r textchatt<br \/>\nF\u00f6rutom video inkluderar Chato textmeddelanden under sessionerna. Det \u00e4r anv\u00e4ndbart f\u00f6r att bryta isen, \u00f6vervinna spr\u00e5kbarri\u00e4rer eller chatta tyst utan ljud.<\/p>\n<p>4. Ingen registrering kr\u00e4vs<br \/>\nChato kr\u00e4ver inget konto, e-post eller telefonnummer. Detta g\u00f6r att upplevelsen \u00e4r helt anonym och problemfri.<\/p>\n<p>5. Kompatibilitet mellan mobil och dator<br \/>\nPlattformen \u00e4r optimerad f\u00f6r alla enheter. Oavsett om du anv\u00e4nder en b\u00e4rbar dator eller en smartphone laddas Chato snabbt och fungerar smidigt.<\/p>\n<p>6. Rapport- och blockeringsverktyg<br \/>\nChato inneh\u00e5ller en rapportknapp i varje chatt, vilket g\u00f6r det m\u00f6jligt f\u00f6r anv\u00e4ndare att flagga kr\u00e4nkande eller ol\u00e4mpligt beteende. Blockeringsverktyg hj\u00e4lper till att f\u00f6rhindra upprepade m\u00f6ten med st\u00f6rande anv\u00e4ndare.<\/p>\n<p>7. L\u00e4ttvikt, minimalistisk design<br \/>\nGr\u00e4nssnittet \u00e4r modernt och distraktionsfritt. Med stora videof\u00f6nster och enkla kontroller beh\u00e5ller du fokus p\u00e5 samtalet.<\/p>\n<h2>\u00c4r Chato gratis?<\/h2>\n<p>Ja, Chato \u00e4r 100% gratis att anv\u00e4nda. Till skillnad fr\u00e5n vissa konkurrenter d\u00f6ljer det inte funktioner bakom prenumerationer eller tokens.<\/p>\n<p>Det kan du:<\/p>\n<ul>\n<li>Starta obegr\u00e4nsade chattar med fr\u00e4mlingar<\/li>\n<li>Anv\u00e4nd textchatt tillsammans med video<\/li>\n<li>Hoppa \u00f6ver och rapportera s\u00e5 ofta som beh\u00f6vs<\/li>\n<li>F\u00e5 tillg\u00e5ng till plattformen fr\u00e5n mobil eller dator<\/li>\n<\/ul>\n<p>Webbplatsen kan inneh\u00e5lla sm\u00e5 annonser f\u00f6r att st\u00f6dja verksamheten, men det finns inga dolda avgifter eller funktioner som endast \u00e4r premium.<\/p>\n<h2>Vem anv\u00e4nder Chato?<\/h2>\n<p>Chatos m\u00e5lgrupp \u00e4r m\u00e5ngsidig, med anv\u00e4ndare som loggar in fr\u00e5n hela v\u00e4rlden:<\/p>\n<ul>\n<li>\u00c5lder: Fr\u00e4mst 18-35 (endast 18+)<\/li>\n<li>Platser: Aktiva anv\u00e4ndare fr\u00e5n USA, Storbritannien, Europa, Indien, Brasilien och Sydostasien<\/li>\n<li>Motivering: Tr\u00e4ffa nya v\u00e4nner, flirta, \u00f6va p\u00e5 spr\u00e5ket eller bara f\u00f6rdriva tiden<\/li>\n<\/ul>\n<p>P\u00e5 grund av sin tillg\u00e4nglighet och gratis modell tenderar Chato att locka ett brett spektrum av personligheter. Liksom de flesta slumpm\u00e4ssiga chattsidor \u00e4r anv\u00e4ndarbasen \u00f6verv\u00e4gande manlig, \u00e4ven om det kvinnliga deltagandet \u00f6kar i takt med att modereringen f\u00f6rb\u00e4ttras.<\/p>\n<h2>S\u00e4kerhet, integritet och moderering<\/h2>\n<p>Chato balanserar anonymitet med s\u00e4kerhetsfunktioner f\u00f6r att ge anv\u00e4ndarna en s\u00e4ker milj\u00f6:<\/p>\n<h3>Integritet<\/h3>\n<ul>\n<li>Ingen registrering eller personliga uppgifter kr\u00e4vs<\/li>\n<li>Chattar sparas eller spelas inte in<\/li>\n<li>Tillg\u00e5ng till webbkamera och mikrofon \u00e4r tillf\u00e4llig och alltid under anv\u00e4ndarkontroll<\/li>\n<\/ul>\n<h3>Moderering<\/h3>\n<ul>\n<li>Rapportering i chatt f\u00f6r att flagga missbrukande eller st\u00f6tande anv\u00e4ndare<\/li>\n<li>AI-driven inneh\u00e5lls\u00f6vervakning f\u00f6r att minska explicit eller skadligt inneh\u00e5ll<\/li>\n<li>M\u00e4nsklig moderering f\u00f6r att genomdriva f\u00f6rbud mot regel\u00f6vertr\u00e4dare<\/li>\n<\/ul>\n<h3>Tips f\u00f6r s\u00e4ker anv\u00e4ndning<\/h3>\n<ul>\n<li>Undvik att dela med dig av personlig information (namn, adress, sociala medier)<\/li>\n<li>Anv\u00e4nd \"Hoppa \u00f6ver\" och \"Rapportera\" n\u00e4r du k\u00e4nner dig obekv\u00e4m<\/li>\n<li>Behandla interaktioner som tillf\u00e4lliga och anonyma<\/li>\n<\/ul>\n<h2>Anv\u00e4ndarupplevelse och design<\/h2>\n<p>Chato \u00e4r utformad f\u00f6r enkelhet och snabbhet:<\/p>\n<ul>\n<li>Hemsida: Inneh\u00e5ller en fet \"Starta chatt\"-knapp och snabb information om regler och integritet<\/li>\n<li>Videogr\u00e4nssnitt: Stora, tydliga videof\u00f6nster med intuitiva kontroller f\u00f6r att hoppa \u00f6ver, st\u00e4nga av och rapportera<\/li>\n<li>Prestanda: Smidiga \u00f6verg\u00e5ngar mellan chattar med minimal f\u00f6rdr\u00f6jning<\/li>\n<li>Mobil upplevelse: Optimerad f\u00f6r sm\u00e5 sk\u00e4rmar, pekv\u00e4nlig och snabb laddning<\/li>\n<\/ul>\n<p>Till skillnad fr\u00e5n \u00e4ldre webbplatser undviker Chato r\u00f6riga, \u00f6verdrivna annonser eller f\u00f6rvirrande menyer, vilket g\u00f6r upplevelsen l\u00e4tt och trevlig.<\/p>\n<h2>Chato vs andra slumpm\u00e4ssiga videochattplattformar<\/h2>\n<p>Hur \u00e4r Chato j\u00e4mf\u00f6rt med andra webbplatser i Omegle-stil?<\/p>\n<table>\n<thead>\n<tr>\n<th>Funktion<\/th>\n<th>Chato<\/th>\n<th>Omegle (st\u00e4ngd)<\/th>\n<th>Ohmegle<\/th>\n<th>Lotta<\/th>\n<th>MatchPub<\/th>\n<th><a href=\"https:\/\/strangercam.com\/sv\/ometv\/\">OmeTV<\/a><\/th>\n<\/tr>\n<\/thead>\n<tbody>\n<tr>\n<td>Videochatt<\/td>\n<td>Ja<\/td>\n<td>Ja<\/td>\n<td>Ja<\/td>\n<td>Ja<\/td>\n<td>Ja<\/td>\n<td>Ja<\/td>\n<\/tr>\n<tr>\n<td>Textchatt<\/td>\n<td>Ja<\/td>\n<td>Ja<\/td>\n<td>Ja<\/td>\n<td>Ja<\/td>\n<td>Ja<\/td>\n<td>Ja<\/td>\n<\/tr>\n<tr>\n<td>Registrering kr\u00e4vs<\/td>\n<td>Nej<\/td>\n<td>Nej<\/td>\n<td>Nej<\/td>\n<td>Nej<\/td>\n<td>Nej<\/td>\n<td>Nej<\/td>\n<\/tr>\n<tr>\n<td>Mobilt st\u00f6d<\/td>\n<td>Utm\u00e4rkt<\/td>\n<td>D\u00e5lig<\/td>\n<td>Utm\u00e4rkt<\/td>\n<td>Utm\u00e4rkt<\/td>\n<td>Utm\u00e4rkt<\/td>\n<td>Bra<\/td>\n<\/tr>\n<tr>\n<td>Filter f\u00f6r k\u00f6n\/region<\/td>\n<td>Nej<\/td>\n<td>Nej<\/td>\n<td>Nej<\/td>\n<td>Nej<\/td>\n<td>Nej<\/td>\n<td>Betalade<\/td>\n<\/tr>\n<tr>\n<td>Modereringsverktyg<\/td>\n<td>Bra<\/td>\n<td>Svag<\/td>\n<td>M\u00e5ttlig<\/td>\n<td>Bra<\/td>\n<td>Bra<\/td>\n<td>Stark<\/td>\n<\/tr>\n<tr>\n<td>Gratis att anv\u00e4nda<\/td>\n<td>Ja<\/td>\n<td>Ja<\/td>\n<td>Ja<\/td>\n<td>Ja<\/td>\n<td>Ja<\/td>\n<td>Ja\/betald<\/td>\n<\/tr>\n<\/tbody>\n<\/table>\n<p>Sammanfattning: Chato \u00e4r n\u00e4rmast Lotta och MatchPub - snabb, gratis, anonym och l\u00e4tt. \u00c4ven om det inte erbjuder avancerade filter som OmeTV, utm\u00e4rker det sig i anv\u00e4ndarv\u00e4nlighet och mobilprestanda.<\/p>\n<h2>F\u00f6r- och nackdelar<\/h2>\n<p>F\u00f6rdelar:<\/p>\n<ul>\n<li>100% gratis, ingen registrering kr\u00e4vs<\/li>\n<li>Helt anonym chattupplevelse<\/li>\n<li>Snabb och smidig matchning och \u00f6verg\u00e5ngar<\/li>\n<li>Mobiloptimerat, modernt gr\u00e4nssnitt<\/li>\n<li>Enkla skip- och rapportverktyg<\/li>\n<li>Internationell anv\u00e4ndarbas med stor m\u00e5ngfald<\/li>\n<\/ul>\n<p>Nackdelar:<\/p>\n<ul>\n<li>Inga k\u00f6ns- eller platsfilter<\/li>\n<li>Tillf\u00e4llig exponering f\u00f6r ol\u00e4mpligt beteende (gemensamt f\u00f6r alla anonyma plattformar)<\/li>\n<li>Fler manliga \u00e4n kvinnliga anv\u00e4ndare<\/li>\n<li>Inga profiler, v\u00e4nlistor eller \u00e5termatchningsfunktioner<\/li>\n<li>Bygger fortfarande upp sin anv\u00e4ndarbas j\u00e4mf\u00f6rt med \u00e4ldre alternativ<\/li>\n<\/ul>\n<h2>Idealiska anv\u00e4ndningsfall<\/h2>\n<p>Chato \u00e4r perfekt f\u00f6r:<\/p>\n<ul>\n<li>Fl\u00e4ktar av Omegle och <a href=\"https:\/\/strangercam.com\/sv\/chatroulette\/\">Chatroulette<\/a> s\u00f6ker en modern ers\u00e4ttare<\/li>\n<li>Personer som vill ha snabba, anonyma chattar utan att registrera sig<\/li>\n<li>Studenter, resen\u00e4rer och spr\u00e5kinl\u00e4rare som \u00e4r intresserade av kulturellt utbyte<\/li>\n<li>Vuxna som letar efter avslappnad, spontan interaktion \u00f6ver hela v\u00e4rlden<\/li>\n<li>Mobila anv\u00e4ndare som vill ha en smidig och p\u00e5litlig upplevelse n\u00e4r de \u00e4r p\u00e5 spr\u00e5ng<\/li>\n<\/ul>\n<p>Mindre idealisk f\u00f6r:<\/p>\n<ul>\n<li>Anv\u00e4ndare under 18 \u00e5r (endast vuxna)<\/li>\n<li>De som vill ha avancerade filter f\u00f6r dejting eller matchning<\/li>\n<li>Personer som s\u00f6ker l\u00e5ngsiktiga profiler eller kontakter<\/li>\n<\/ul>\n<p>Chato \u00e4r ett av de mest lovande nya Omegle-alternativen 2025 och levererar snabba, anonyma videochattar i ett modernt, mobilv\u00e4nligt paket. Dess gratis modell utan registrering h\u00e5ller saker tillg\u00e4ngliga, medan starka integritets- och rapporteringsverktyg hj\u00e4lper till att skapa en s\u00e4krare milj\u00f6 \u00e4n \u00e4ldre webbplatser.<\/p>\n<p>Om du letar efter en l\u00e4ttviktig, l\u00e4ttanv\u00e4nd plattform f\u00f6r att tr\u00e4ffa fr\u00e4mlingar \u00f6ver hela v\u00e4rlden - oavsett om det \u00e4r roligt, v\u00e4nskap eller avslappnad flirt - \u00e4r Chato absolut v\u00e4rt att prova. Det ger tillbaka spontaniteten i Omegle samtidigt som upplevelsen uppdateras f\u00f6r dagens anv\u00e4ndare.<\/p>","protected":false},"excerpt":{"rendered":"<p>With Omegle gone, a wave of new platforms has appeared to fill the gap for people who still want anonymous, random conversations with strangers online. Chato is one of the newer contenders in 2025, positioning itself as a fast, free, and mobile-friendly Omegle alternative. Its focus is simple: one-on-one video chat with strangers, without the [&hellip;]<\/p>\n","protected":false},"author":6,"featured_media":0,"parent":0,"menu_order":0,"comment_status":"closed","ping_status":"closed","template":"","meta":{"footnotes":""},"class_list":["post-13020","page","type-page","status-publish","hentry"],"yoast_head":"<!-- This site is optimized with the Yoast SEO plugin v27.4 - https:\/\/yoast.com\/product\/yoast-seo-wordpress\/ -->\n<title>Chato - Video Chat &amp; Have Fun - StrangerCam.com<\/title>\n<meta name=\"description\" content=\"Like Chato? Come chat with more than 5.000.000 strangers on Strangercam for Free! Turn on your cam and find new friends &amp; maby a match!\" \/>\n<meta name=\"robots\" content=\"index, follow, max-snippet:-1, max-image-preview:large, max-video-preview:-1\" \/>\n<link rel=\"canonical\" href=\"https:\/\/strangercam.com\/sv\/chato\/\" \/>\n<meta property=\"og:locale\" content=\"sv_SE\" \/>\n<meta property=\"og:type\" content=\"article\" \/>\n<meta property=\"og:title\" content=\"Chato - Video Chat &amp; Have Fun - StrangerCam.com\" \/>\n<meta property=\"og:description\" content=\"Like Chato? Come chat with more than 5.000.000 strangers on Strangercam for Free! Turn on your cam and find new friends &amp; maby a match!\" \/>\n<meta property=\"og:url\" content=\"https:\/\/strangercam.com\/sv\/chato\/\" \/>\n<meta property=\"og:site_name\" content=\"Strangercam\" \/>\n<meta property=\"article:publisher\" content=\"https:\/\/www.facebook.com\/strangercam\" \/>\n<meta property=\"og:image\" content=\"https:\/\/strangercam.com\/wp-content\/uploads\/2021\/10\/Untitled-2.png\" \/>\n\t<meta property=\"og:image:width\" content=\"800\" \/>\n\t<meta property=\"og:image:height\" content=\"532\" \/>\n\t<meta property=\"og:image:type\" content=\"image\/png\" \/>\n<meta name=\"twitter:card\" content=\"summary_large_image\" \/>\n<meta name=\"twitter:site\" content=\"@strangercamapp\" \/>\n<meta name=\"twitter:label1\" content=\"Ber\u00e4knad l\u00e4stid\" \/>\n\t<meta name=\"twitter:data1\" content=\"5 minuter\" \/>\n<script type=\"application\/ld+json\" class=\"yoast-schema-graph\">{\"@context\":\"https:\\\/\\\/schema.org\",\"@graph\":[{\"@type\":\"WebPage\",\"@id\":\"https:\\\/\\\/strangercam.com\\\/chato\\\/\",\"url\":\"https:\\\/\\\/strangercam.com\\\/chato\\\/\",\"name\":\"Chato - Video Chat & Have Fun - StrangerCam.com\",\"isPartOf\":{\"@id\":\"https:\\\/\\\/strangercam.com\\\/#website\"},\"datePublished\":\"2025-09-10T09:53:09+00:00\",\"description\":\"Like Chato? Come chat with more than 5.000.000 strangers on Strangercam for Free! Turn on your cam and find new friends & maby a match!\",\"breadcrumb\":{\"@id\":\"https:\\\/\\\/strangercam.com\\\/chato\\\/#breadcrumb\"},\"inLanguage\":\"sv-SE\",\"potentialAction\":[{\"@type\":\"ReadAction\",\"target\":[\"https:\\\/\\\/strangercam.com\\\/chato\\\/\"]}]},{\"@type\":\"BreadcrumbList\",\"@id\":\"https:\\\/\\\/strangercam.com\\\/chato\\\/#breadcrumb\",\"itemListElement\":[{\"@type\":\"ListItem\",\"position\":1,\"name\":\"Home\",\"item\":\"https:\\\/\\\/strangercam.com\\\/\"},{\"@type\":\"ListItem\",\"position\":2,\"name\":\"Chato\"}]},{\"@type\":\"WebSite\",\"@id\":\"https:\\\/\\\/strangercam.com\\\/#website\",\"url\":\"https:\\\/\\\/strangercam.com\\\/\",\"name\":\"Strangercam\",\"description\":\"Random Video Chat with Strangers\",\"publisher\":{\"@id\":\"https:\\\/\\\/strangercam.com\\\/#organization\"},\"alternateName\":\"Strangercam.com\",\"potentialAction\":[{\"@type\":\"SearchAction\",\"target\":{\"@type\":\"EntryPoint\",\"urlTemplate\":\"https:\\\/\\\/strangercam.com\\\/?s={search_term_string}\"},\"query-input\":{\"@type\":\"PropertyValueSpecification\",\"valueRequired\":true,\"valueName\":\"search_term_string\"}}],\"inLanguage\":\"sv-SE\"},{\"@type\":\"Organization\",\"@id\":\"https:\\\/\\\/strangercam.com\\\/#organization\",\"name\":\"Strangercam\",\"alternateName\":\"Strangercam.com\",\"url\":\"https:\\\/\\\/strangercam.com\\\/\",\"logo\":{\"@type\":\"ImageObject\",\"inLanguage\":\"sv-SE\",\"@id\":\"https:\\\/\\\/strangercam.com\\\/#\\\/schema\\\/logo\\\/image\\\/\",\"url\":\"https:\\\/\\\/strangercam.com\\\/wp-content\\\/uploads\\\/2020\\\/11\\\/cropped-new-favicon-black.png\",\"contentUrl\":\"https:\\\/\\\/strangercam.com\\\/wp-content\\\/uploads\\\/2020\\\/11\\\/cropped-new-favicon-black.png\",\"width\":512,\"height\":512,\"caption\":\"Strangercam\"},\"image\":{\"@id\":\"https:\\\/\\\/strangercam.com\\\/#\\\/schema\\\/logo\\\/image\\\/\"},\"sameAs\":[\"https:\\\/\\\/www.facebook.com\\\/strangercam\",\"https:\\\/\\\/x.com\\\/strangercamapp\"]}]}<\/script>\n<!-- \/ Yoast SEO plugin. -->","yoast_head_json":{"title":"Chato - Videochatta och ha kul - StrangerCam.com","description":"Gillar du Chato? Kom och chatta med mer \u00e4n 5.000.000 fr\u00e4mlingar p\u00e5 Strangercam helt gratis! Sl\u00e5 p\u00e5 din kamera och hitta nya v\u00e4nner och kanske en match!","robots":{"index":"index","follow":"follow","max-snippet":"max-snippet:-1","max-image-preview":"max-image-preview:large","max-video-preview":"max-video-preview:-1"},"canonical":"https:\/\/strangercam.com\/sv\/chato\/","og_locale":"sv_SE","og_type":"article","og_title":"Chato - Video Chat & Have Fun - StrangerCam.com","og_description":"Like Chato? Come chat with more than 5.000.000 strangers on Strangercam for Free! Turn on your cam and find new friends & maby a match!","og_url":"https:\/\/strangercam.com\/sv\/chato\/","og_site_name":"Strangercam","article_publisher":"https:\/\/www.facebook.com\/strangercam","og_image":[{"width":800,"height":532,"url":"https:\/\/strangercam.com\/wp-content\/uploads\/2021\/10\/Untitled-2.png","type":"image\/png"}],"twitter_card":"summary_large_image","twitter_site":"@strangercamapp","twitter_misc":{"Ber\u00e4knad l\u00e4stid":"5 minuter"},"schema":{"@context":"https:\/\/schema.org","@graph":[{"@type":"WebPage","@id":"https:\/\/strangercam.com\/chato\/","url":"https:\/\/strangercam.com\/chato\/","name":"Chato - Videochatta och ha kul - StrangerCam.com","isPartOf":{"@id":"https:\/\/strangercam.com\/#website"},"datePublished":"2025-09-10T09:53:09+00:00","description":"Gillar du Chato? Kom och chatta med mer \u00e4n 5.000.000 fr\u00e4mlingar p\u00e5 Strangercam helt gratis! Sl\u00e5 p\u00e5 din kamera och hitta nya v\u00e4nner och kanske en match!","breadcrumb":{"@id":"https:\/\/strangercam.com\/chato\/#breadcrumb"},"inLanguage":"sv-SE","potentialAction":[{"@type":"ReadAction","target":["https:\/\/strangercam.com\/chato\/"]}]},{"@type":"BreadcrumbList","@id":"https:\/\/strangercam.com\/chato\/#breadcrumb","itemListElement":[{"@type":"ListItem","position":1,"name":"Home","item":"https:\/\/strangercam.com\/"},{"@type":"ListItem","position":2,"name":"Chato"}]},{"@type":"WebSite","@id":"https:\/\/strangercam.com\/#website","url":"https:\/\/strangercam.com\/","name":"Strangercam","description":"Slumpm\u00e4ssig videochatt med fr\u00e4mlingar","publisher":{"@id":"https:\/\/strangercam.com\/#organization"},"alternateName":"Strangercam.com","potentialAction":[{"@type":"SearchAction","target":{"@type":"EntryPoint","urlTemplate":"https:\/\/strangercam.com\/?s={search_term_string}"},"query-input":{"@type":"PropertyValueSpecification","valueRequired":true,"valueName":"search_term_string"}}],"inLanguage":"sv-SE"},{"@type":"Organization","@id":"https:\/\/strangercam.com\/#organization","name":"Strangercam","alternateName":"Strangercam.com","url":"https:\/\/strangercam.com\/","logo":{"@type":"ImageObject","inLanguage":"sv-SE","@id":"https:\/\/strangercam.com\/#\/schema\/logo\/image\/","url":"https:\/\/strangercam.com\/wp-content\/uploads\/2020\/11\/cropped-new-favicon-black.png","contentUrl":"https:\/\/strangercam.com\/wp-content\/uploads\/2020\/11\/cropped-new-favicon-black.png","width":512,"height":512,"caption":"Strangercam"},"image":{"@id":"https:\/\/strangercam.com\/#\/schema\/logo\/image\/"},"sameAs":["https:\/\/www.facebook.com\/strangercam","https:\/\/x.com\/strangercamapp"]}]}},"_links":{"self":[{"href":"https:\/\/strangercam.com\/sv\/wp-json\/wp\/v2\/pages\/13020","targetHints":{"allow":["GET"]}}],"collection":[{"href":"https:\/\/strangercam.com\/sv\/wp-json\/wp\/v2\/pages"}],"about":[{"href":"https:\/\/strangercam.com\/sv\/wp-json\/wp\/v2\/types\/page"}],"author":[{"embeddable":true,"href":"https:\/\/strangercam.com\/sv\/wp-json\/wp\/v2\/users\/6"}],"replies":[{"embeddable":true,"href":"https:\/\/strangercam.com\/sv\/wp-json\/wp\/v2\/comments?post=13020"}],"version-history":[{"count":1,"href":"https:\/\/strangercam.com\/sv\/wp-json\/wp\/v2\/pages\/13020\/revisions"}],"predecessor-version":[{"id":13021,"href":"https:\/\/strangercam.com\/sv\/wp-json\/wp\/v2\/pages\/13020\/revisions\/13021"}],"wp:attachment":[{"href":"https:\/\/strangercam.com\/sv\/wp-json\/wp\/v2\/media?parent=13020"}],"curies":[{"name":"wp","href":"https:\/\/api.w.org\/{rel}","templated":true}]}}