{"id":13018,"date":"2025-09-10T11:48:32","date_gmt":"2025-09-10T09:48:32","guid":{"rendered":"https:\/\/strangercam.com\/?page_id=13018"},"modified":"2025-09-10T11:48:32","modified_gmt":"2025-09-10T09:48:32","slug":"matchpub","status":"publish","type":"page","link":"https:\/\/strangercam.com\/sv\/matchpub\/","title":{"rendered":"MatchPub"},"content":{"rendered":"<p>Efterfr\u00e5gan p\u00e5 spontan, anonym video <a href=\"https:\/\/strangercam.com\/sv\/chathub\/\">chatt<\/a> plattformar forts\u00e4tter att v\u00e4xa i takt med att m\u00e4nniskor s\u00f6ker nya s\u00e4tt att umg\u00e5s online. Efter st\u00e4ngningen av <a href=\"https:\/\/strangercam.com\/sv\/omegle\/\">Omegle<\/a>, har en m\u00e4ngd olika alternativ dykt upp, var och en erbjuder sin egen twist p\u00e5 formeln. MatchPub \u00e4r en av de nyare plattformarna i detta utrymme och kombinerar sp\u00e4nningen med slumpm\u00e4ssig videomatchning med en livlig, social atmosf\u00e4r som g\u00f6r att den k\u00e4nns som en digital h\u00e4ngplats snarare \u00e4n bara en annan chattapp.<\/p>\n<p>Men sticker MatchPub verkligen ut 2025? Hur j\u00e4mf\u00f6r det sig med andra webbplatser i Omegle-stil som ChitChatTV, Lotta och Ohmegle? I den h\u00e4r recensionen tar vi en djupdykning i allt du beh\u00f6ver veta om MatchPub: dess funktioner, anv\u00e4ndarbas, s\u00e4kerhetsstandarder, f\u00f6r- och nackdelar och om det \u00e4r v\u00e4rt din tid.<\/p>\n<h2>Vad \u00e4r MatchPub?<\/h2>\n<p>MatchPub \u00e4r en webbl\u00e4sarbaserad slumpm\u00e4ssig videochattwebbplats som \u00e4r utformad f\u00f6r att ansluta fr\u00e4mlingar direkt f\u00f6r en-mot-en-videosamtal. Liksom Omegle och <a href=\"https:\/\/strangercam.com\/sv\/chatroulette\/\">Chatroulette<\/a> f\u00f6re det h\u00e5ller MatchPub saker enkelt: du beh\u00f6ver inte registrera dig, skapa en profil eller ladda ner en app. Ist\u00e4llet kan du hoppa in i en livechatt inom n\u00e5gra sekunder.<\/p>\n<p>Temat \"pub\" \u00e5terspeglar dess uppdrag: MatchPub syftar till att \u00e5terskapa den avslappnade, sociala atmosf\u00e4ren n\u00e4r man tr\u00e4ffar nya m\u00e4nniskor i en bar eller p\u00e5 ett caf\u00e9, men i en digital milj\u00f6. Den \u00e4r utformad f\u00f6r att vara v\u00e4nlig, v\u00e4lkomnande och global.<\/p>\n<h2>Vad \u00e4r syftet med MatchPub?<\/h2>\n<p>Syftet med MatchPub \u00e4r att g\u00f6ra det lika enkelt och roligt att tr\u00e4ffa nya m\u00e4nniskor online som att inleda en konversation i verkliga livet. Det \u00e4r avsett f\u00f6r anv\u00e4ndare som \u00e4r tr\u00f6tta p\u00e5 tungt kurerade sociala appar, komplicerade registreringar eller o\u00e4ndliga svepningar. Ist\u00e4llet betonar den:<\/p>\n<ul>\n<li>Spontanitet: <a href=\"https:\/\/strangercam.com\/sv\/coomeet\/\">M\u00f6te<\/a> n\u00e5gon ny direkt med bara ett klick<\/li>\n<li>Anonymitet: Inga profiler eller personuppgifter kr\u00e4vs<\/li>\n<li>Global r\u00e4ckvidd: Chatta med m\u00e4nniskor fr\u00e5n hela v\u00e4rlden<\/li>\n<li>K\u00e4nsla av gemenskap: Ett roligt, avslappnat utrymme som k\u00e4nns mindre anonymt \u00e4n Omegle, men mer l\u00e4ttillg\u00e4ngligt \u00e4n en dejtingapp<\/li>\n<\/ul>\n<p>Oavsett om du vill skaffa v\u00e4nner, \u00f6va p\u00e5 ett spr\u00e5k, flirta eller bara f\u00f6rdriva tiden, s\u00e5 erbjuder MatchPub en plats f\u00f6r avslappnade samtal utan manus.<\/p>\n<h2>Viktiga funktioner<\/h2>\n<p>1. En-till-en slumpm\u00e4ssig videochatt<br \/>\nMatchPubs k\u00e4rnfunktion \u00e4r privata, cam-to-cam-konversationer med fr\u00e4mlingar. Matchningen \u00e4r omedelbar och varje session \u00e4r en chans att tr\u00e4ffa n\u00e5gon helt ny.<\/p>\n<p>2. Skip\/Next-knapp<br \/>\nTycker du inte om chatten? Tryck p\u00e5 \"N\u00e4sta\" och g\u00e5 direkt vidare till en annan anv\u00e4ndare. Det finns inget straff f\u00f6r att hoppa \u00f6ver och anslutningar laddas snabbt.<\/p>\n<p>3. Textchattl\u00e4ge<br \/>\nF\u00f6r anv\u00e4ndare som f\u00f6redrar att skriva - eller n\u00e4r video inte \u00e4r ett alternativ - erbjuder MatchPub ocks\u00e5 ett chattl\u00e4ge f\u00f6r enbart text. Detta \u00e4r bra f\u00f6r att bryta isen eller f\u00f6r personer med bandbreddsbegr\u00e4nsningar.<\/p>\n<p>4. Ingen registrering kr\u00e4vs<br \/>\nMatchPub \u00e4r helt anonym. Du beh\u00f6ver inte registrera dig, skapa ett konto eller uppge personliga uppgifter. Klicka bara och b\u00f6rja chatta.<\/p>\n<p>5. Kompatibilitet mellan mobil och dator<br \/>\nWebbplatsen fungerar smidigt i b\u00e5de station\u00e4ra och mobila webbl\u00e4sare. Den rena, responsiva designen g\u00f6r den lika l\u00e4tt att anv\u00e4nda i telefonen som p\u00e5 datorn.<\/p>\n<p>6. Rapport- och blockeringsverktyg<br \/>\nEn synlig \"Rapportera\"-knapp g\u00f6r det m\u00f6jligt f\u00f6r anv\u00e4ndare att flagga ol\u00e4mpligt beteende. Du kan ocks\u00e5 blockera st\u00f6rande chattpartners, vilket ger en mer positiv upplevelse.<\/p>\n<p>7. L\u00e4tt och snabb design<br \/>\nMatchPub laddas snabbt och \u00f6verg\u00e5r s\u00f6ml\u00f6st mellan chattar, \u00e4ven p\u00e5 medelstora enheter och mobiln\u00e4t.<\/p>\n<h2>\u00c4r MatchPub gratis?<\/h2>\n<p>Ja, MatchPub \u00e4r 100% gratis att anv\u00e4nda. Alla dess k\u00e4rnfunktioner - videochatt, textchatt, hoppa \u00f6ver och rapportering - \u00e4r tillg\u00e4ngliga f\u00f6r alla.<\/p>\n<p>Det \u00e4r det:<\/p>\n<ul>\n<li>Inga prenumerationer<\/li>\n<li>Inga polletter eller krediter<\/li>\n<li>Inga dolda kostnader<\/li>\n<\/ul>\n<p>Plattformen kan visa sm\u00e5 annonser f\u00f6r att t\u00e4cka kostnader, men dessa \u00e4r inte p\u00e5tr\u00e4ngande och st\u00f6r inte chattupplevelsen.<\/p>\n<h2>Vem anv\u00e4nder MatchPub?<\/h2>\n<p>MatchPub attraherar en global publik av tillf\u00e4lliga chattare, inklusive:<\/p>\n<ul>\n<li>\u00c5ldersgrupp: I f\u00f6rsta hand 18-35 \u00e5r (endast vuxna, 18+)<\/li>\n<li>Platser: Anv\u00e4ndare fr\u00e5n USA, Storbritannien, Europa, Indien, Brasilien, Sydostasien och andra l\u00e4nder<\/li>\n<li>Sk\u00e4l f\u00f6r att g\u00e5 med: F\u00e5 v\u00e4nner, \u00f6va p\u00e5 spr\u00e5k, flirta, uppt\u00e4cka nya kulturer eller bara f\u00f6rdriva tiden<\/li>\n<\/ul>\n<p>J\u00e4mf\u00f6rt med \u00e4ldre plattformar k\u00e4nns MatchPub yngre och fr\u00e4schare och tilltalar s\u00e4rskilt m\u00e4nniskor som tycker om spontaniteten i Omegle men vill ha en smidigare och modernare upplevelse.<\/p>\n<h2>S\u00e4kerhet, integritet och moderering<\/h2>\n<p>MatchPub \u00e4r medvetna om att anonym chatt medf\u00f6r risker och har d\u00e4rf\u00f6r byggt in verktyg f\u00f6r att fr\u00e4mja s\u00e4kerhet och integritet.<\/p>\n<h3>Integritet<\/h3>\n<ul>\n<li>Inget konto eller personliga uppgifter kr\u00e4vs<\/li>\n<li>Inga chattar sparas, spelas in eller offentligg\u00f6rs<\/li>\n<li>Du har hela tiden kontroll \u00f6ver kameran och mikrofonen<\/li>\n<\/ul>\n<h3>Moderering<\/h3>\n<ul>\n<li>Rapportering i chatt: Flagga snabbt f\u00f6r ol\u00e4mpligt inneh\u00e5ll eller trakasserier<\/li>\n<li>AI-baserade inneh\u00e5llsfilter: Uppt\u00e4ck och begr\u00e4nsa kr\u00e4nkande eller explicit beteende<\/li>\n<li>M\u00e4nskliga moderatorer: Granskar rapporter och verkst\u00e4ller f\u00f6rbud mot \u00e5terfallsf\u00f6rbrytare<\/li>\n<\/ul>\n<h3>Tips f\u00f6r anv\u00e4ndare<\/h3>\n<ul>\n<li>Dela aldrig personlig information i chatten<\/li>\n<li>Anv\u00e4nd knapparna Hoppa \u00f6ver och Rapportera n\u00e4r det beh\u00f6vs<\/li>\n<li>H\u00e5ll dig till l\u00e4tta, avslappnade konversationer tills du litar p\u00e5 din chattpartner<\/li>\n<\/ul>\n<h2>Anv\u00e4ndarupplevelse och design<\/h2>\n<p>MatchPub har en ren, modern och intuitiv design:<\/p>\n<ul>\n<li>Hemsidan har en tydlig \"Starta chatt\"-knapp och grundl\u00e4ggande riktlinjer f\u00f6r samh\u00e4llet<\/li>\n<li>Videof\u00f6nstren \u00e4r stora, skarpa och responsiva<\/li>\n<li>Knapparna f\u00f6r att hoppa \u00f6ver, st\u00e4nga av och rapportera \u00e4r l\u00e4tta att hitta och anv\u00e4nda<\/li>\n<li>Mobil- och desktopversionerna \u00e4r lika smidiga och p\u00e5litliga<\/li>\n<li>Laddningstiderna \u00e4r korta, med omedelbara \u00f6verg\u00e5ngar mellan chattar<\/li>\n<\/ul>\n<p>Till skillnad fr\u00e5n r\u00f6riga eller annonstunga webbplatser k\u00e4nns MatchPub fr\u00e4scht och minimalistiskt och h\u00e5ller fokus p\u00e5 konversation.<\/p>\n<h2>MatchPub vs andra slumpm\u00e4ssiga videochattplattformar<\/h2>\n<p>Hur st\u00e5r sig MatchPub i j\u00e4mf\u00f6relse med sina huvudkonkurrenter?<\/p>\n<table>\n<thead>\n<tr>\n<th>Funktion<\/th>\n<th>MatchPub<\/th>\n<th>Omegle (st\u00e4ngd)<\/th>\n<th>Ohmegle<\/th>\n<th><a href=\"https:\/\/strangercam.com\/sv\/ometv\/\">OmeTV<\/a><\/th>\n<th>Lotta<\/th>\n<th>ChitChatTV<\/th>\n<\/tr>\n<\/thead>\n<tbody>\n<tr>\n<td>Slumpm\u00e4ssig videochatt<\/td>\n<td>Ja<\/td>\n<td>Ja<\/td>\n<td>Ja<\/td>\n<td>Ja<\/td>\n<td>Ja<\/td>\n<td>Ja<\/td>\n<\/tr>\n<tr>\n<td>Alternativ f\u00f6r textchatt<\/td>\n<td>Ja<\/td>\n<td>Ja<\/td>\n<td>Ja<\/td>\n<td>Ja<\/td>\n<td>Ja<\/td>\n<td>Ja<\/td>\n<\/tr>\n<tr>\n<td>Registrering kr\u00e4vs<\/td>\n<td>Nej<\/td>\n<td>Nej<\/td>\n<td>Nej<\/td>\n<td>Nej<\/td>\n<td>Nej<\/td>\n<td>Nej<\/td>\n<\/tr>\n<tr>\n<td>Mobilanpassad<\/td>\n<td>Utm\u00e4rkt<\/td>\n<td>D\u00e5lig<\/td>\n<td>Utm\u00e4rkt<\/td>\n<td>Bra<\/td>\n<td>Utm\u00e4rkt<\/td>\n<td>Utm\u00e4rkt<\/td>\n<\/tr>\n<tr>\n<td>Filter f\u00f6r k\u00f6n\/region<\/td>\n<td>Nej<\/td>\n<td>Nej<\/td>\n<td>Nej<\/td>\n<td>Betalade<\/td>\n<td>Nej<\/td>\n<td>Nej<\/td>\n<\/tr>\n<tr>\n<td>Modereringsverktyg<\/td>\n<td>Bra<\/td>\n<td>Svag<\/td>\n<td>M\u00e5ttlig<\/td>\n<td>Stark<\/td>\n<td>Bra<\/td>\n<td>Bra<\/td>\n<\/tr>\n<tr>\n<td>Gratis att anv\u00e4nda<\/td>\n<td>Ja<\/td>\n<td>Ja<\/td>\n<td>Ja<\/td>\n<td>Ja\/betald<\/td>\n<td>Ja<\/td>\n<td>Ja<\/td>\n<\/tr>\n<\/tbody>\n<\/table>\n<p>Sammanfattning : MatchPub \u00e4r n\u00e4rmast Ohmegle och Lotta - snabb, gratis, anonym och modern. Det erbjuder inte avancerade filter som OmeTV, men det kompenserar f\u00f6r det med enkelhet och anv\u00e4ndarv\u00e4nlighet.<\/p>\n<h2>F\u00f6r- och nackdelar<\/h2>\n<p>F\u00f6rdelar:<\/p>\n<ul>\n<li>100% gratis, ingen registrering kr\u00e4vs<\/li>\n<li>Anonym och privat chattupplevelse<\/li>\n<li>Modern, responsiv design f\u00f6r dator och mobil<\/li>\n<li>Snabba, stabila anslutningar f\u00f6r video- och textchatt<\/li>\n<li>Enkla skip- och rapportverktyg<\/li>\n<li>Internationell anv\u00e4ndarbas med stor m\u00e5ngfald<\/li>\n<\/ul>\n<p>Nackdelar:<\/p>\n<ul>\n<li>Inga k\u00f6ns- eller platsfilter<\/li>\n<li>Tillf\u00e4lligt ol\u00e4mpligt inneh\u00e5ll (gemensamt f\u00f6r alla anonyma chattplattformar)<\/li>\n<li>Fler manliga \u00e4n kvinnliga anv\u00e4ndare<\/li>\n<li>Inga anv\u00e4ndarprofiler eller chatthistorik<\/li>\n<li>Inget s\u00e4tt att \u00e5terknyta kontakten med tidigare anv\u00e4ndare<\/li>\n<\/ul>\n<h2>Idealiska anv\u00e4ndningsfall<\/h2>\n<p>MatchPub \u00e4r perfekt f\u00f6r:<\/p>\n<ul>\n<li>Fl\u00e4ktar till Omegle och Chatroulette som s\u00f6ker en modern ers\u00e4ttare<\/li>\n<li>Vuxna som letar efter spontan, avslappnad chatt med fr\u00e4mlingar<\/li>\n<li>Resen\u00e4rer, studenter och spr\u00e5kinl\u00e4rare som \u00e4r intresserade av globala samtal<\/li>\n<li>Personer som v\u00e4rdes\u00e4tter anonymitet och ogillar att registrera sig f\u00f6r appar eller konton<\/li>\n<li>Alla som vill f\u00f6rdriva tiden och ha sociala m\u00f6ten utan manus<\/li>\n<\/ul>\n<p>Det \u00e4r mindre idealiskt f\u00f6r:<\/p>\n<ul>\n<li>Anv\u00e4ndare under 18 \u00e5r (endast vuxna)<\/li>\n<li>De som s\u00f6ker dejtingspecifika filter eller kuraterade matchningar<\/li>\n<li>Personer som vill ha l\u00e5ngsiktiga kontakter eller m\u00f6jlighet att \u00e5terknyta till tidigare chattar<\/li>\n<\/ul>\n<p>MatchPub \u00e4r en av de b\u00e4sta nya slumpm\u00e4ssiga videochattplattformarna i Omegle-stil 2025. Den kombinerar omedelbara, anonyma anslutningar med ett modernt gr\u00e4nssnitt, stark mobilprestanda och enkla men effektiva modereringsverktyg.<\/p>\n<p>Om du letar efter en plattform som levererar sp\u00e4nningen i Omegle med smidigare design och en fr\u00e4schare gemenskap, \u00e4r MatchPub absolut v\u00e4rt att prova. Det \u00e4r gratis, snabbt och roligt - den perfekta platsen f\u00f6r att uppt\u00e4cka nya ansikten och konversationer fr\u00e5n hela v\u00e4rlden.<\/p>","protected":false},"excerpt":{"rendered":"<p>The demand for spontaneous, anonymous video chat platforms continues to grow as people seek new ways to socialize online. Following the closure of Omegle, a variety of alternatives have appeared, each offering their own twist on the formula. MatchPub is one of the newer platforms in this space\u2014combining the excitement of random video matching with [&hellip;]<\/p>\n","protected":false},"author":6,"featured_media":0,"parent":0,"menu_order":0,"comment_status":"closed","ping_status":"closed","template":"","meta":{"footnotes":""},"class_list":["post-13018","page","type-page","status-publish","hentry"],"yoast_head":"<!-- This site is optimized with the Yoast SEO plugin v27.4 - https:\/\/yoast.com\/product\/yoast-seo-wordpress\/ -->\n<title>MatchPub - Live 1:1 Video Chat - StrangerCam.com<\/title>\n<meta name=\"description\" content=\"Like MatchPub? Come chat with more than 5.000.000 strangers on Strangercam for Free! Turn on your cam and find new friends &amp; maby a match!\" \/>\n<meta name=\"robots\" content=\"index, follow, max-snippet:-1, max-image-preview:large, max-video-preview:-1\" \/>\n<link rel=\"canonical\" href=\"https:\/\/strangercam.com\/sv\/matchpub\/\" \/>\n<meta property=\"og:locale\" content=\"sv_SE\" \/>\n<meta property=\"og:type\" content=\"article\" \/>\n<meta property=\"og:title\" content=\"MatchPub - Live 1:1 Video Chat - StrangerCam.com\" \/>\n<meta property=\"og:description\" content=\"Like MatchPub? Come chat with more than 5.000.000 strangers on Strangercam for Free! Turn on your cam and find new friends &amp; maby a match!\" \/>\n<meta property=\"og:url\" content=\"https:\/\/strangercam.com\/sv\/matchpub\/\" \/>\n<meta property=\"og:site_name\" content=\"Strangercam\" \/>\n<meta property=\"article:publisher\" content=\"https:\/\/www.facebook.com\/strangercam\" \/>\n<meta property=\"og:image\" content=\"https:\/\/strangercam.com\/wp-content\/uploads\/2021\/10\/Untitled-2.png\" \/>\n\t<meta property=\"og:image:width\" content=\"800\" \/>\n\t<meta property=\"og:image:height\" content=\"532\" \/>\n\t<meta property=\"og:image:type\" content=\"image\/png\" \/>\n<meta name=\"twitter:card\" content=\"summary_large_image\" \/>\n<meta name=\"twitter:site\" content=\"@strangercamapp\" \/>\n<meta name=\"twitter:label1\" content=\"Ber\u00e4knad l\u00e4stid\" \/>\n\t<meta name=\"twitter:data1\" content=\"6 minuter\" \/>\n<script type=\"application\/ld+json\" class=\"yoast-schema-graph\">{\"@context\":\"https:\\\/\\\/schema.org\",\"@graph\":[{\"@type\":\"WebPage\",\"@id\":\"https:\\\/\\\/strangercam.com\\\/matchpub\\\/\",\"url\":\"https:\\\/\\\/strangercam.com\\\/matchpub\\\/\",\"name\":\"MatchPub - Live 1:1 Video Chat - StrangerCam.com\",\"isPartOf\":{\"@id\":\"https:\\\/\\\/strangercam.com\\\/#website\"},\"datePublished\":\"2025-09-10T09:48:32+00:00\",\"description\":\"Like MatchPub? Come chat with more than 5.000.000 strangers on Strangercam for Free! Turn on your cam and find new friends & maby a match!\",\"breadcrumb\":{\"@id\":\"https:\\\/\\\/strangercam.com\\\/matchpub\\\/#breadcrumb\"},\"inLanguage\":\"sv-SE\",\"potentialAction\":[{\"@type\":\"ReadAction\",\"target\":[\"https:\\\/\\\/strangercam.com\\\/matchpub\\\/\"]}]},{\"@type\":\"BreadcrumbList\",\"@id\":\"https:\\\/\\\/strangercam.com\\\/matchpub\\\/#breadcrumb\",\"itemListElement\":[{\"@type\":\"ListItem\",\"position\":1,\"name\":\"Home\",\"item\":\"https:\\\/\\\/strangercam.com\\\/\"},{\"@type\":\"ListItem\",\"position\":2,\"name\":\"MatchPub\"}]},{\"@type\":\"WebSite\",\"@id\":\"https:\\\/\\\/strangercam.com\\\/#website\",\"url\":\"https:\\\/\\\/strangercam.com\\\/\",\"name\":\"Strangercam\",\"description\":\"Random Video Chat with Strangers\",\"publisher\":{\"@id\":\"https:\\\/\\\/strangercam.com\\\/#organization\"},\"alternateName\":\"Strangercam.com\",\"potentialAction\":[{\"@type\":\"SearchAction\",\"target\":{\"@type\":\"EntryPoint\",\"urlTemplate\":\"https:\\\/\\\/strangercam.com\\\/?s={search_term_string}\"},\"query-input\":{\"@type\":\"PropertyValueSpecification\",\"valueRequired\":true,\"valueName\":\"search_term_string\"}}],\"inLanguage\":\"sv-SE\"},{\"@type\":\"Organization\",\"@id\":\"https:\\\/\\\/strangercam.com\\\/#organization\",\"name\":\"Strangercam\",\"alternateName\":\"Strangercam.com\",\"url\":\"https:\\\/\\\/strangercam.com\\\/\",\"logo\":{\"@type\":\"ImageObject\",\"inLanguage\":\"sv-SE\",\"@id\":\"https:\\\/\\\/strangercam.com\\\/#\\\/schema\\\/logo\\\/image\\\/\",\"url\":\"https:\\\/\\\/strangercam.com\\\/wp-content\\\/uploads\\\/2020\\\/11\\\/cropped-new-favicon-black.png\",\"contentUrl\":\"https:\\\/\\\/strangercam.com\\\/wp-content\\\/uploads\\\/2020\\\/11\\\/cropped-new-favicon-black.png\",\"width\":512,\"height\":512,\"caption\":\"Strangercam\"},\"image\":{\"@id\":\"https:\\\/\\\/strangercam.com\\\/#\\\/schema\\\/logo\\\/image\\\/\"},\"sameAs\":[\"https:\\\/\\\/www.facebook.com\\\/strangercam\",\"https:\\\/\\\/x.com\\\/strangercamapp\"]}]}<\/script>\n<!-- \/ Yoast SEO plugin. -->","yoast_head_json":{"title":"MatchPub - Live 1:1 videochatt - StrangerCam.com","description":"Gillar du MatchPub? Kom och chatta med mer \u00e4n 5.000.000 fr\u00e4mlingar p\u00e5 Strangercam helt gratis! Sl\u00e5 p\u00e5 din kamera och hitta nya v\u00e4nner och kanske en match!","robots":{"index":"index","follow":"follow","max-snippet":"max-snippet:-1","max-image-preview":"max-image-preview:large","max-video-preview":"max-video-preview:-1"},"canonical":"https:\/\/strangercam.com\/sv\/matchpub\/","og_locale":"sv_SE","og_type":"article","og_title":"MatchPub - Live 1:1 Video Chat - StrangerCam.com","og_description":"Like MatchPub? Come chat with more than 5.000.000 strangers on Strangercam for Free! Turn on your cam and find new friends & maby a match!","og_url":"https:\/\/strangercam.com\/sv\/matchpub\/","og_site_name":"Strangercam","article_publisher":"https:\/\/www.facebook.com\/strangercam","og_image":[{"width":800,"height":532,"url":"https:\/\/strangercam.com\/wp-content\/uploads\/2021\/10\/Untitled-2.png","type":"image\/png"}],"twitter_card":"summary_large_image","twitter_site":"@strangercamapp","twitter_misc":{"Ber\u00e4knad l\u00e4stid":"6 minuter"},"schema":{"@context":"https:\/\/schema.org","@graph":[{"@type":"WebPage","@id":"https:\/\/strangercam.com\/matchpub\/","url":"https:\/\/strangercam.com\/matchpub\/","name":"MatchPub - Live 1:1 videochatt - StrangerCam.com","isPartOf":{"@id":"https:\/\/strangercam.com\/#website"},"datePublished":"2025-09-10T09:48:32+00:00","description":"Gillar du MatchPub? Kom och chatta med mer \u00e4n 5.000.000 fr\u00e4mlingar p\u00e5 Strangercam helt gratis! Sl\u00e5 p\u00e5 din kamera och hitta nya v\u00e4nner och kanske en match!","breadcrumb":{"@id":"https:\/\/strangercam.com\/matchpub\/#breadcrumb"},"inLanguage":"sv-SE","potentialAction":[{"@type":"ReadAction","target":["https:\/\/strangercam.com\/matchpub\/"]}]},{"@type":"BreadcrumbList","@id":"https:\/\/strangercam.com\/matchpub\/#breadcrumb","itemListElement":[{"@type":"ListItem","position":1,"name":"Home","item":"https:\/\/strangercam.com\/"},{"@type":"ListItem","position":2,"name":"MatchPub"}]},{"@type":"WebSite","@id":"https:\/\/strangercam.com\/#website","url":"https:\/\/strangercam.com\/","name":"Strangercam","description":"Slumpm\u00e4ssig videochatt med fr\u00e4mlingar","publisher":{"@id":"https:\/\/strangercam.com\/#organization"},"alternateName":"Strangercam.com","potentialAction":[{"@type":"SearchAction","target":{"@type":"EntryPoint","urlTemplate":"https:\/\/strangercam.com\/?s={search_term_string}"},"query-input":{"@type":"PropertyValueSpecification","valueRequired":true,"valueName":"search_term_string"}}],"inLanguage":"sv-SE"},{"@type":"Organization","@id":"https:\/\/strangercam.com\/#organization","name":"Strangercam","alternateName":"Strangercam.com","url":"https:\/\/strangercam.com\/","logo":{"@type":"ImageObject","inLanguage":"sv-SE","@id":"https:\/\/strangercam.com\/#\/schema\/logo\/image\/","url":"https:\/\/strangercam.com\/wp-content\/uploads\/2020\/11\/cropped-new-favicon-black.png","contentUrl":"https:\/\/strangercam.com\/wp-content\/uploads\/2020\/11\/cropped-new-favicon-black.png","width":512,"height":512,"caption":"Strangercam"},"image":{"@id":"https:\/\/strangercam.com\/#\/schema\/logo\/image\/"},"sameAs":["https:\/\/www.facebook.com\/strangercam","https:\/\/x.com\/strangercamapp"]}]}},"_links":{"self":[{"href":"https:\/\/strangercam.com\/sv\/wp-json\/wp\/v2\/pages\/13018","targetHints":{"allow":["GET"]}}],"collection":[{"href":"https:\/\/strangercam.com\/sv\/wp-json\/wp\/v2\/pages"}],"about":[{"href":"https:\/\/strangercam.com\/sv\/wp-json\/wp\/v2\/types\/page"}],"author":[{"embeddable":true,"href":"https:\/\/strangercam.com\/sv\/wp-json\/wp\/v2\/users\/6"}],"replies":[{"embeddable":true,"href":"https:\/\/strangercam.com\/sv\/wp-json\/wp\/v2\/comments?post=13018"}],"version-history":[{"count":1,"href":"https:\/\/strangercam.com\/sv\/wp-json\/wp\/v2\/pages\/13018\/revisions"}],"predecessor-version":[{"id":13019,"href":"https:\/\/strangercam.com\/sv\/wp-json\/wp\/v2\/pages\/13018\/revisions\/13019"}],"wp:attachment":[{"href":"https:\/\/strangercam.com\/sv\/wp-json\/wp\/v2\/media?parent=13018"}],"curies":[{"name":"wp","href":"https:\/\/api.w.org\/{rel}","templated":true}]}}