{"id":12954,"date":"2025-08-05T10:47:17","date_gmt":"2025-08-05T08:47:17","guid":{"rendered":"https:\/\/strangercam.com\/?page_id=12954"},"modified":"2025-08-05T10:47:38","modified_gmt":"2025-08-05T08:47:38","slug":"gratis-videosamtalsapp-med-slumpmassig-tjej","status":"publish","type":"page","link":"https:\/\/strangercam.com\/sv\/free-video-call-app-with-random-girl\/","title":{"rendered":"Gratis videosamtalsapp med slumpm\u00e4ssig tjej"},"content":{"rendered":"<p>Letar du efter en gratis videosamtalsapp med slumpm\u00e4ssiga tjejer? Du \u00e4r inte ensam om det. Miljontals m\u00e4nniskor varje m\u00e5nad letar efter \u00e4kta, spontana videochattar med nya m\u00e4nniskor - s\u00e4rskilt med tjejer som \u00e4r roliga, v\u00e4nliga och intresserade av att tr\u00e4ffa n\u00e5gon ny. Oavsett om du k\u00e4nner dig ensam, uttr\u00e5kad eller bara nyfiken, g\u00f6r det stor skillnad att hitta r\u00e4tt plattform.<\/p>\n<p>I den h\u00e4r omfattande guiden kommer du att uppt\u00e4cka allt du beh\u00f6ver veta: hur dessa appar fungerar, vilka funktioner du ska leta efter, s\u00e4kerhetstips och en detaljerad j\u00e4mf\u00f6relse av de b\u00e4sta webbplatserna och apparna. I slutet kommer du att veta varf\u00f6r StrangerCam sticker ut som ett av de b\u00e4sta valen om du vill ha en gratis videosamtalsapp med slumpm\u00e4ssig tjej - och hur du kommer ig\u00e5ng idag.<\/p>\n<h2>Vad \u00e4r en gratis videosamtalsapp med slumpm\u00e4ssig tjej?<\/h2>\n<p>En gratis videosamtalsapp med slumpm\u00e4ssig tjej \u00e4r en webb- eller mobilapplikation som l\u00e5ter dig omedelbart ansluta via webbkamera och mikrofon med slumpm\u00e4ssiga kvinnliga anv\u00e4ndare fr\u00e5n hela v\u00e4rlden. Du g\u00e5r helt enkelt in p\u00e5 webbplatsen, trycker p\u00e5 en knapp och inom n\u00e5gra sekunder matchas du med en tjej som ocks\u00e5 vill <a href=\"https:\/\/strangercam.com\/sv\/chathub\/\">chatt<\/a>. Du beh\u00f6ver inte registrera dig, betala eller dela med dig av dina personuppgifter.<\/p>\n<p>Dessa appar har exploderat i popularitet tack vare sin enkelhet och sp\u00e4nningen i att tr\u00e4ffa n\u00e5gon ny ansikte mot ansikte. \u00c4ven om tekniken bakom dem liknar videokonferensverktyg ligger fokus p\u00e5 roliga, slumpm\u00e4ssiga sociala uppt\u00e4ckter - inte p\u00e5 arbete eller aff\u00e4rer.<\/p>\n<h2>Varf\u00f6r m\u00e4nniskor s\u00f6ker efter slumpm\u00e4ssig videochatt med tjejer<\/h2>\n<p>\u00d6kningen av populariteten f\u00f6r nyckelord som \"gratis videosamtalsapp med slumpm\u00e4ssig tjej\" avsl\u00f6jar en v\u00e4xande trend:<\/p>\n<ul>\n<li>Ensamhet och isolering: M\u00e5nga anv\u00e4ndare, s\u00e4rskilt efter pandemin, l\u00e4ngtar efter \u00e4kta interaktion men vill inte anv\u00e4nda traditionella dejtingappar eller sociala medier.<\/li>\n<li>Sp\u00e4nningen i det ok\u00e4nda: Det finns en sp\u00e4nning i att inte veta vem du kommer att tr\u00e4ffa h\u00e4rn\u00e4st - varje samtal \u00e4r en \u00f6verraskning.<\/li>\n<li>Skaffa v\u00e4nner eller flirta: Vissa anv\u00e4ndare vill bara prata, skaffa nya v\u00e4nner eller njuta av en harml\u00f6s flirt i en s\u00e4ker och kontrollerad milj\u00f6.<\/li>\n<li>Undvik f\u00f6rfalskningar och botar: Till skillnad fr\u00e5n textchatt hj\u00e4lper videochatt till att filtrera bort botar och catfishers, s\u00e5 att du vet att du pratar med en riktig person.<\/li>\n<\/ul>\n<h2>Hur fungerar dessa appar?<\/h2>\n<p>Det grundl\u00e4ggande fl\u00f6det f\u00f6r en gratis videosamtalsapp med slumpm\u00e4ssig tjej \u00e4r extremt enkelt:<\/p>\n<ol>\n<li>\u00d6ppna appen eller webbplatsen p\u00e5 din telefon eller dator. Ingen installation beh\u00f6vs f\u00f6r webbversioner.<\/li>\n<li>Ge \u00e5tkomst till kamera och mikrofon n\u00e4r du uppmanas till det. Detta kr\u00e4vs f\u00f6r live videochatt.<\/li>\n<li>Tryck p\u00e5 \"Start\" eller \"N\u00e4sta\". Appen kommer omedelbart att matcha dig med en slumpm\u00e4ssig anv\u00e4ndare - ofta filtrerad efter k\u00f6n eller plats.<\/li>\n<li>Chatta live via video. Om du inte k\u00e4nner f\u00f6r det \u00e4r det bara att klicka p\u00e5 \"N\u00e4sta\" f\u00f6r att g\u00e5 vidare.<\/li>\n<li>Ingen registrering eller betalning kr\u00e4vs p\u00e5 verkligt kostnadsfria plattformar.<\/li>\n<\/ol>\n<p>Vissa plattformar inneh\u00e5ller funktioner som k\u00f6nsfilter, platsbaserad matchning, \u00f6vers\u00e4ttning i chatten och rapporteringsverktyg f\u00f6r att f\u00f6rb\u00e4ttra din upplevelse och s\u00e4kerhet.<\/p>\n<h2>De b\u00e4sta egenskaperna att leta efter<\/h2>\n<p>N\u00e4r du v\u00e4ljer den b\u00e4sta gratis videosamtalsappen med slumpm\u00e4ssig tjej, h\u00e4r \u00e4r vad du ska leta efter:<\/p>\n<h3>1. Genuina k\u00f6nsfilter<\/h3>\n<p>M\u00e5nga anv\u00e4ndare s\u00f6ker specifikt efter flickor, men det \u00e4r inte alla appar som erbjuder ett verkligt k\u00f6nsval. Vissa fejkar funktionen eller g\u00f6r den endast tillg\u00e4nglig f\u00f6r betalande anv\u00e4ndare. Leta efter plattformar som tillhandah\u00e5ller ett gratis och verkligt k\u00f6nsfilter.<\/p>\n<h3>2. Ingen registrering beh\u00f6vs<\/h3>\n<p>De b\u00e4sta plattformarna l\u00e5ter dig hoppa direkt in i chatten - inget konto eller inloggning kr\u00e4vs.<\/p>\n<h3>3. Mobil- och skrivbordsv\u00e4nlig<\/h3>\n<p>Responsiv design eller dedikerade appar s\u00e4kerst\u00e4ller att du kan anv\u00e4nda tj\u00e4nsten p\u00e5 alla enheter, fr\u00e5n din b\u00e4rbara dator till din telefon.<\/p>\n<h3>4. Sekretess och s\u00e4kerhet<\/h3>\n<p>Avancerad kryptering, ingen datainsamling och funktioner som \"blur\" eller \"mask\" hj\u00e4lper till att h\u00e5lla dina videochattar s\u00e4kra.<\/p>\n<h3>5. Moderering och anv\u00e4ndarrapportering<\/h3>\n<p>Aktiv moderering och enkel rapportering h\u00e5ller communityn s\u00e4ker och fri fr\u00e5n missbruk, spam och ol\u00e4mpligt inneh\u00e5ll.<\/p>\n<h3>6. Inga dolda kostnader<\/h3>\n<p>En verkligt gratis app kommer inte pl\u00f6tsligt att be om pengar eller begr\u00e4nsa dig efter n\u00e5gra chattar.<\/p>\n<h2>B\u00e4sta gratis videosamtalsappar med slumpm\u00e4ssig tjej (2025)<\/h2>\n<p>L\u00e5t oss ta en titt p\u00e5 hur de b\u00e4sta plattformarna j\u00e4mf\u00f6rs f\u00f6r anv\u00e4ndare som vill videosamtala med slumpm\u00e4ssiga tjejer. Denna tabell sammanfattar de viktigaste funktionerna:<\/p>\n<table>\n<thead>\n<tr>\n<th>Plattform<\/th>\n<th align=\"center\">Gratis k\u00f6nsfilter<\/th>\n<th align=\"center\">Ingen registrering<\/th>\n<th align=\"center\">Mobilt st\u00f6d<\/th>\n<th align=\"center\">Strikt m\u00e5ttfullhet<\/th>\n<th>Anteckningar<\/th>\n<\/tr>\n<\/thead>\n<tbody>\n<tr>\n<td>StrangerCam<\/td>\n<td align=\"center\">\u2705<\/td>\n<td align=\"center\">\u2705<\/td>\n<td align=\"center\">\u2705<\/td>\n<td align=\"center\">\u2705<\/td>\n<td>100% fritt, verkligt k\u00f6nsfilter<\/td>\n<\/tr>\n<tr>\n<td><a href=\"https:\/\/strangercam.com\/sv\/chatroulette\/\">Chatroulette<\/a><\/td>\n<td align=\"center\">\u274c (Betald)<\/td>\n<td align=\"center\">\u2705<\/td>\n<td align=\"center\">\u2705<\/td>\n<td align=\"center\">\u2705<\/td>\n<td>K\u00f6nsfilter betalv\u00e4gg<\/td>\n<\/tr>\n<tr>\n<td>Chatrandom<\/td>\n<td align=\"center\">\u274c (Betald)<\/td>\n<td align=\"center\">\u2705<\/td>\n<td align=\"center\">\u2705<\/td>\n<td align=\"center\">\u2705<\/td>\n<td>K\u00f6nsfilter betalv\u00e4gg<\/td>\n<\/tr>\n<tr>\n<td><a href=\"https:\/\/strangercam.com\/sv\/ometv\/\">OmeTV<\/a><\/td>\n<td align=\"center\">\u274c (slumpm\u00e4ssig)<\/td>\n<td align=\"center\">\u2705<\/td>\n<td align=\"center\">\u2705<\/td>\n<td align=\"center\">\u2705<\/td>\n<td>Inget tillf\u00f6rlitligt k\u00f6nsurval<\/td>\n<\/tr>\n<tr>\n<td>Shagle<\/td>\n<td align=\"center\">\u274c (Betald)<\/td>\n<td align=\"center\">\u2705<\/td>\n<td align=\"center\">\u2705<\/td>\n<td align=\"center\">\u2705<\/td>\n<td>K\u00f6nsfilter betalv\u00e4gg<\/td>\n<\/tr>\n<tr>\n<td><a href=\"https:\/\/strangercam.com\/sv\/coomeet\/\">CooMeet<\/a><\/td>\n<td align=\"center\">\u2705 (Kostnadsfri provperiod)<\/td>\n<td align=\"center\">\u274c<\/td>\n<td align=\"center\">\u2705<\/td>\n<td align=\"center\">\u2705<\/td>\n<td>Endast de f\u00f6rsta chattarna gratis, sedan betalda<\/td>\n<\/tr>\n<tr>\n<td>LuckyCrush<\/td>\n<td align=\"center\">\u2705 (Betald)<\/td>\n<td align=\"center\">\u274c<\/td>\n<td align=\"center\">\u2705<\/td>\n<td align=\"center\">\u2705<\/td>\n<td>K\u00f6nsmatchning endast f\u00f6r betalande anv\u00e4ndare<\/td>\n<\/tr>\n<\/tbody>\n<\/table>\n<p>StrangerCam \u00e4r en av f\u00e5 plattformar som erbjuder ett verkligt gratis, inget registrering, verkligt k\u00f6nsfilter f\u00f6r videosamtal med tjejer.<\/p>\n<h2>Varf\u00f6r StrangerCam \u00e4r ett f\u00f6rstklassigt val<\/h2>\n<p>Om ditt m\u00e5l \u00e4r att hitta en gratis videosamtalsapp med slumpm\u00e4ssig tjej, erbjuder StrangerCam flera unika f\u00f6rdelar som g\u00f6r det till enast\u00e5ende 2025:<\/p>\n<h3>1. \u00c4kta kvinnliga anslutningar<\/h3>\n<p>Till skillnad fr\u00e5n de flesta konkurrenter erbjuder StrangerCam ett riktigt, fungerande k\u00f6nsfilter utan att debitera dig. Om du vill tr\u00e4ffa och chatta med tjejer, inte slumpm\u00e4ssiga killar eller bots, \u00e4r du p\u00e5 r\u00e4tt plats.<\/p>\n<h3>2. 100% Gratis &amp; ingen registrering kr\u00e4vs<\/h3>\n<p>B\u00f6rja chatta direkt - ingen e-post, ingen inloggning, inga avgifter och inga begr\u00e4nsningar.<\/p>\n<h3>3. Modernt, rent gr\u00e4nssnitt<\/h3>\n<p>En mobiloptimerad och anv\u00e4ndarv\u00e4nlig design inneb\u00e4r smidig video- och ljudkvalitet p\u00e5 alla enheter.<\/p>\n<h3>4. Stark moderering och integritet<\/h3>\n<p>StrangerCam har robusta rapporteringsverktyg, aktiv moderering och ett strikt anti-bot-system f\u00f6r att h\u00e5lla chattar s\u00e4kra och roliga. Du kan blockera, rapportera eller hoppa \u00f6ver vem som helst direkt.<\/p>\n<h3>5. M\u00e5ngsidig global anv\u00e4ndarbas<\/h3>\n<p>Tr\u00e4ffa tjejer fr\u00e5n hela v\u00e4rlden, 24\/7. Oavsett om du letar efter n\u00e5gon i n\u00e4rheten av hemmet eller vill chatta internationellt, kommer du alltid att hitta n\u00e5gon ny.<\/p>\n<h3>6. Rolig, spontan upplevelse<\/h3>\n<p>Inga profiler, ingen swiping, ingen press. Klicka bara och f\u00e5 kontakt med riktiga tjejer, helt gratis.<\/p>\n<h2>Verkliga vittnesm\u00e5l fr\u00e5n anv\u00e4ndare<\/h2>\n<p>Fortfarande os\u00e4ker? H\u00e4r \u00e4r n\u00e5gra verkliga erfarenheter fr\u00e5n anv\u00e4ndare som hittade vad de letade efter:<\/p>\n<blockquote><p><em>\"Jag har provat en massa appar, men StrangerCam var den enda d\u00e4r jag faktiskt fick tr\u00e4ffa och chatta med riktiga tjejer gratis. Inga dolda betalv\u00e4ggar, bara klicka och prata!\"<\/em><br \/>\n- Daniel, 27 \u00e5r<\/p><\/blockquote>\n<blockquote><p><em>\"Som kvinna gillar jag att jag faktiskt kan v\u00e4lja vem jag ska prata med och k\u00e4nna mig trygg. Det finns m\u00e5ttfullhet och m\u00f6jligheten att direkt hoppa \u00f6ver om n\u00e5gon g\u00f6r mig obekv\u00e4m.\"<\/em><br \/>\n- Samantha, 22 \u00e5r<\/p><\/blockquote>\n<blockquote><p><em>\"Det \u00e4r trevligt att man inte beh\u00f6ver registrera sig. Jag pratade med n\u00e5gon fr\u00e5n Brasilien inom en minut efter att jag hade anslutit mig. Roligt s\u00e4tt att tillbringa en kv\u00e4ll.\"<\/em><br \/>\n- Alex, 24 \u00e5r<\/p><\/blockquote>\n<blockquote><p><em>\"Jag var skeptisk till att k\u00f6nsfiltret skulle vara gratis, men det fungerar. Jag har tr\u00e4ffat n\u00e5gra riktigt coola tjejer att chatta med och jag har inte betalat ett \u00f6re.\"<\/em><br \/>\n- Mike, 31 \u00e5r<\/p><\/blockquote>\n<h2>S\u00e4kerhetstips f\u00f6r videochatt online<\/h2>\n<p>N\u00e4r du anv\u00e4nder n\u00e5gon gratis videosamtalsapp b\u00f6r din s\u00e4kerhet och integritet alltid komma f\u00f6rst. H\u00e4r \u00e4r viktiga tips:<\/p>\n<h3>1. Dela aldrig med dig av personlig information<\/h3>\n<p>L\u00e4mna inte ut ditt riktiga namn, din adress, ditt telefonnummer eller n\u00e5gon annan personlig kontaktinformation till fr\u00e4mlingar.<\/p>\n<h3>2. Anv\u00e4nd plattformskontroller<\/h3>\n<p>Om du k\u00e4nner dig obekv\u00e4m med n\u00e5gon ska du omedelbart anv\u00e4nda knapparna \"N\u00e4sta\", \"Blockera\" eller \"Rapportera\".<\/p>\n<h3>3. Var uppm\u00e4rksam p\u00e5 bedr\u00e4gerier<\/h3>\n<p>Skicka aldrig pengar, klicka p\u00e5 misst\u00e4nkta l\u00e4nkar eller acceptera f\u00f6rfr\u00e5gningar om att l\u00e4mna plattformen f\u00f6r en annan chattapp.<\/p>\n<h3>4. Kontrollera din bakgrund<\/h3>\n<p>Var uppm\u00e4rksam p\u00e5 vad kameran visar bakom dig f\u00f6r att undvika att avsl\u00f6ja personliga detaljer.<\/p>\n<h3>5. Om du \u00e4r under 18 \u00e5r, anv\u00e4nd inte chatt f\u00f6r vuxna<\/h3>\n<p>Respektera alltid \u00e5ldersgr\u00e4nser och anv\u00e4nd aldrig slumpm\u00e4ssiga videochattappar om du \u00e4r under \u00e5ldersgr\u00e4nsen.<\/p>\n<h3>6. Anv\u00e4nd ett smeknamn<\/h3>\n<p>Om plattformen l\u00e5ter dig v\u00e4lja ett anv\u00e4ndarnamn eller visningsnamn ska du inte anv\u00e4nda ditt riktiga namn.<\/p>\n<h2>S\u00e5 h\u00e4r kommer du ig\u00e5ng - steg f\u00f6r steg<\/h2>\n<p>Att komma ig\u00e5ng med en gratis videosamtalsapp med slumpm\u00e4ssig tjej \u00e4r enkelt och tar mindre \u00e4n en minut. H\u00e4r \u00e4r hur:<\/p>\n<ol>\n<li>\u00d6ppna plattformen (p\u00e5 din telefon eller dator).<\/li>\n<li>Till\u00e5t kamera- och mikrofon\u00e5tkomst n\u00e4r du uppmanas till det.<\/li>\n<li>V\u00e4lj k\u00f6nspreferens (v\u00e4lj \"flicka\" eller \"kvinna\" om tillg\u00e4ngligt).<\/li>\n<li>Klicka p\u00e5 \"Start\" eller \"Anslut\". Du kommer direkt att matchas med en slumpm\u00e4ssig tjej.<\/li>\n<li>Njut av din chatt! Om du vill tr\u00e4ffa n\u00e5gon annan \u00e4r det bara att trycka p\u00e5 \"N\u00e4sta\".<\/li>\n<li>Upprepa s\u00e5 mycket du vill - det \u00e4r 100% gratis och obegr\u00e4nsat.<\/li>\n<\/ol>\n<p>Proffstips: Anv\u00e4nd h\u00f6rlurar f\u00f6r b\u00e4ttre ljudkvalitet och integritet.<\/p>\n<h2>Vanliga fr\u00e5gor och svar<\/h2>\n<h3>\u00c4r det verkligen gratis att videosamtala med slumpm\u00e4ssiga tjejer?<\/h3>\n<p>Ja, StrangerCam och en handfull andra plattformar l\u00e5ter dig chatta med tjejer gratis - ingen betalning, krediter eller premiumkonto beh\u00f6vs.<\/p>\n<h3>M\u00e5ste jag registrera mig eller skapa ett konto?<\/h3>\n<p>Nej. De b\u00e4sta gratis videosamtalsapparna kr\u00e4ver ingen registrering eller e-post f\u00f6r att komma ig\u00e5ng.<\/p>\n<h3>\u00c4r de m\u00e4nniskor jag tr\u00e4ffar verkliga?<\/h3>\n<p>P\u00e5 StrangerCam, aktiv moderering och videoverifiering hj\u00e4lper till att s\u00e4kerst\u00e4lla att du chattar med riktiga anv\u00e4ndare, inte bots eller fakes.<\/p>\n<h3>Kan jag anv\u00e4nda min telefon?<\/h3>\n<p>StrangerCam \u00e4r helt mobilv\u00e4nlig, s\u00e5 du kan chatta fr\u00e5n vilken modern telefon eller surfplatta som helst.<\/p>\n<h3>\u00c4r det s\u00e4kert?<\/h3>\n<p>\u00c4ven om StrangerCam erbjuder starka sekretess- och s\u00e4kerhetsfunktioner b\u00f6r du alltid f\u00f6lja grundl\u00e4ggande s\u00e4kerhetsregler f\u00f6r internet (se s\u00e4kerhetstips ovan).<\/p>\n<h3>Kan jag v\u00e4lja att bara chatta med tjejer?<\/h3>\n<p>Ja, StrangerCams k\u00f6nsfilter l\u00e5ter dig v\u00e4lja att bara matcha med kvinnliga anv\u00e4ndare - gratis.<\/p>\n<p>Om du n\u00e5gonsin har s\u00f6kt efter en gratis videosamtalsapp med slumpm\u00e4ssig tjej \u00e4r den goda nyheten: den finns verkligen, och den \u00e4r b\u00e4ttre \u00e4n n\u00e5gonsin 2025. StrangerCam kombinerar en modern, intuitiv design med ett verkligt fritt k\u00f6nsfilter och realtidsmoderering f\u00f6r att skapa en av de b\u00e4sta videochattupplevelserna online.<\/p>\n<p>Sl\u00f6sa inte bort din tid med appar som lovar gratis videochatt men tvingar dig att betala eller registrera dig bara f\u00f6r att prata med tjejer. V\u00e4lj en plattform d\u00e4r du kan f\u00e5 kontakt, skratta och f\u00e5 nya v\u00e4nner direkt och gratis.<\/p>\n<p>\u00c4r du redo att tr\u00e4ffa n\u00e5gon ny? Testa en gratis videosamtalsapp nu och upplev sp\u00e4nningen i slumpm\u00e4ssig videochatt med riktiga tjejer - utan f\u00f6rpliktelser.<\/p>","protected":false},"excerpt":{"rendered":"<p>Are you searching for a free video call app with random girls? You\u2019re not alone. Millions of people every month are looking for genuine, spontaneous video chats with new people \u2013 especially with girls who are fun, friendly, and interested in meeting someone new. Whether you\u2019re feeling lonely, bored, or just curious, finding the right [&hellip;]<\/p>\n","protected":false},"author":8,"featured_media":0,"parent":0,"menu_order":0,"comment_status":"closed","ping_status":"closed","template":"","meta":{"footnotes":""},"class_list":["post-12954","page","type-page","status-publish","hentry"],"yoast_head":"<!-- This site is optimized with the Yoast SEO plugin v27.4 - https:\/\/yoast.com\/product\/yoast-seo-wordpress\/ -->\n<title>Free Video Call App With Random Girl - StrangerCam.com<\/title>\n<meta name=\"description\" content=\"Free Video Call App With Random Girl anonymously with over 5.000.000 strangers. No Sign-Up Required! Cam with strangers on StrangerCam.com.\" \/>\n<meta name=\"robots\" content=\"index, follow, max-snippet:-1, max-image-preview:large, max-video-preview:-1\" \/>\n<link rel=\"canonical\" href=\"https:\/\/strangercam.com\/sv\/gratis-videosamtalsapp-med-slumpmassig-tjej\/\" \/>\n<meta property=\"og:locale\" content=\"sv_SE\" \/>\n<meta property=\"og:type\" content=\"article\" \/>\n<meta property=\"og:title\" content=\"Free Video Call App With Random Girl - StrangerCam.com\" \/>\n<meta property=\"og:description\" content=\"Free Video Call App With Random Girl anonymously with over 5.000.000 strangers. No Sign-Up Required! Cam with strangers on StrangerCam.com.\" \/>\n<meta property=\"og:url\" content=\"https:\/\/strangercam.com\/sv\/gratis-videosamtalsapp-med-slumpmassig-tjej\/\" \/>\n<meta property=\"og:site_name\" content=\"Strangercam\" \/>\n<meta property=\"article:publisher\" content=\"https:\/\/www.facebook.com\/strangercam\" \/>\n<meta property=\"article:modified_time\" content=\"2025-08-05T08:47:38+00:00\" \/>\n<meta property=\"og:image\" content=\"https:\/\/strangercam.com\/wp-content\/uploads\/2021\/10\/Untitled-2.png\" \/>\n\t<meta property=\"og:image:width\" content=\"800\" \/>\n\t<meta property=\"og:image:height\" content=\"532\" \/>\n\t<meta property=\"og:image:type\" content=\"image\/png\" \/>\n<meta name=\"twitter:card\" content=\"summary_large_image\" \/>\n<meta name=\"twitter:site\" content=\"@strangercamapp\" \/>\n<meta name=\"twitter:label1\" content=\"Ber\u00e4knad l\u00e4stid\" \/>\n\t<meta name=\"twitter:data1\" content=\"7 minuter\" \/>\n<script type=\"application\/ld+json\" class=\"yoast-schema-graph\">{\"@context\":\"https:\\\/\\\/schema.org\",\"@graph\":[{\"@type\":\"WebPage\",\"@id\":\"https:\\\/\\\/strangercam.com\\\/free-video-call-app-with-random-girl\\\/\",\"url\":\"https:\\\/\\\/strangercam.com\\\/free-video-call-app-with-random-girl\\\/\",\"name\":\"Free Video Call App With Random Girl - StrangerCam.com\",\"isPartOf\":{\"@id\":\"https:\\\/\\\/strangercam.com\\\/#website\"},\"datePublished\":\"2025-08-05T08:47:17+00:00\",\"dateModified\":\"2025-08-05T08:47:38+00:00\",\"description\":\"Free Video Call App With Random Girl anonymously with over 5.000.000 strangers. No Sign-Up Required! Cam with strangers on StrangerCam.com.\",\"breadcrumb\":{\"@id\":\"https:\\\/\\\/strangercam.com\\\/free-video-call-app-with-random-girl\\\/#breadcrumb\"},\"inLanguage\":\"sv-SE\",\"potentialAction\":[{\"@type\":\"ReadAction\",\"target\":[\"https:\\\/\\\/strangercam.com\\\/free-video-call-app-with-random-girl\\\/\"]}]},{\"@type\":\"BreadcrumbList\",\"@id\":\"https:\\\/\\\/strangercam.com\\\/free-video-call-app-with-random-girl\\\/#breadcrumb\",\"itemListElement\":[{\"@type\":\"ListItem\",\"position\":1,\"name\":\"Home\",\"item\":\"https:\\\/\\\/strangercam.com\\\/\"},{\"@type\":\"ListItem\",\"position\":2,\"name\":\"Free Video Call App With Random Girl\"}]},{\"@type\":\"WebSite\",\"@id\":\"https:\\\/\\\/strangercam.com\\\/#website\",\"url\":\"https:\\\/\\\/strangercam.com\\\/\",\"name\":\"Strangercam\",\"description\":\"Random Video Chat with Strangers\",\"publisher\":{\"@id\":\"https:\\\/\\\/strangercam.com\\\/#organization\"},\"alternateName\":\"Strangercam.com\",\"potentialAction\":[{\"@type\":\"SearchAction\",\"target\":{\"@type\":\"EntryPoint\",\"urlTemplate\":\"https:\\\/\\\/strangercam.com\\\/?s={search_term_string}\"},\"query-input\":{\"@type\":\"PropertyValueSpecification\",\"valueRequired\":true,\"valueName\":\"search_term_string\"}}],\"inLanguage\":\"sv-SE\"},{\"@type\":\"Organization\",\"@id\":\"https:\\\/\\\/strangercam.com\\\/#organization\",\"name\":\"Strangercam\",\"alternateName\":\"Strangercam.com\",\"url\":\"https:\\\/\\\/strangercam.com\\\/\",\"logo\":{\"@type\":\"ImageObject\",\"inLanguage\":\"sv-SE\",\"@id\":\"https:\\\/\\\/strangercam.com\\\/#\\\/schema\\\/logo\\\/image\\\/\",\"url\":\"https:\\\/\\\/strangercam.com\\\/wp-content\\\/uploads\\\/2020\\\/11\\\/cropped-new-favicon-black.png\",\"contentUrl\":\"https:\\\/\\\/strangercam.com\\\/wp-content\\\/uploads\\\/2020\\\/11\\\/cropped-new-favicon-black.png\",\"width\":512,\"height\":512,\"caption\":\"Strangercam\"},\"image\":{\"@id\":\"https:\\\/\\\/strangercam.com\\\/#\\\/schema\\\/logo\\\/image\\\/\"},\"sameAs\":[\"https:\\\/\\\/www.facebook.com\\\/strangercam\",\"https:\\\/\\\/x.com\\\/strangercamapp\"]}]}<\/script>\n<!-- \/ Yoast SEO plugin. -->","yoast_head_json":{"title":"Gratis videosamtalsapp med slumpm\u00e4ssig tjej - StrangerCam.com","description":"Gratis videosamtalsapp med slumpm\u00e4ssig tjej anonymt med \u00f6ver 5.000.000 fr\u00e4mlingar. Ingen registrering kr\u00e4vs! Cam med fr\u00e4mlingar p\u00e5 StrangerCam.com.","robots":{"index":"index","follow":"follow","max-snippet":"max-snippet:-1","max-image-preview":"max-image-preview:large","max-video-preview":"max-video-preview:-1"},"canonical":"https:\/\/strangercam.com\/sv\/gratis-videosamtalsapp-med-slumpmassig-tjej\/","og_locale":"sv_SE","og_type":"article","og_title":"Free Video Call App With Random Girl - StrangerCam.com","og_description":"Free Video Call App With Random Girl anonymously with over 5.000.000 strangers. No Sign-Up Required! Cam with strangers on StrangerCam.com.","og_url":"https:\/\/strangercam.com\/sv\/gratis-videosamtalsapp-med-slumpmassig-tjej\/","og_site_name":"Strangercam","article_publisher":"https:\/\/www.facebook.com\/strangercam","article_modified_time":"2025-08-05T08:47:38+00:00","og_image":[{"width":800,"height":532,"url":"https:\/\/strangercam.com\/wp-content\/uploads\/2021\/10\/Untitled-2.png","type":"image\/png"}],"twitter_card":"summary_large_image","twitter_site":"@strangercamapp","twitter_misc":{"Ber\u00e4knad l\u00e4stid":"7 minuter"},"schema":{"@context":"https:\/\/schema.org","@graph":[{"@type":"WebPage","@id":"https:\/\/strangercam.com\/free-video-call-app-with-random-girl\/","url":"https:\/\/strangercam.com\/free-video-call-app-with-random-girl\/","name":"Gratis videosamtalsapp med slumpm\u00e4ssig tjej - StrangerCam.com","isPartOf":{"@id":"https:\/\/strangercam.com\/#website"},"datePublished":"2025-08-05T08:47:17+00:00","dateModified":"2025-08-05T08:47:38+00:00","description":"Gratis videosamtalsapp med slumpm\u00e4ssig tjej anonymt med \u00f6ver 5.000.000 fr\u00e4mlingar. Ingen registrering kr\u00e4vs! Cam med fr\u00e4mlingar p\u00e5 StrangerCam.com.","breadcrumb":{"@id":"https:\/\/strangercam.com\/free-video-call-app-with-random-girl\/#breadcrumb"},"inLanguage":"sv-SE","potentialAction":[{"@type":"ReadAction","target":["https:\/\/strangercam.com\/free-video-call-app-with-random-girl\/"]}]},{"@type":"BreadcrumbList","@id":"https:\/\/strangercam.com\/free-video-call-app-with-random-girl\/#breadcrumb","itemListElement":[{"@type":"ListItem","position":1,"name":"Home","item":"https:\/\/strangercam.com\/"},{"@type":"ListItem","position":2,"name":"Free Video Call App With Random Girl"}]},{"@type":"WebSite","@id":"https:\/\/strangercam.com\/#website","url":"https:\/\/strangercam.com\/","name":"Strangercam","description":"Slumpm\u00e4ssig videochatt med fr\u00e4mlingar","publisher":{"@id":"https:\/\/strangercam.com\/#organization"},"alternateName":"Strangercam.com","potentialAction":[{"@type":"SearchAction","target":{"@type":"EntryPoint","urlTemplate":"https:\/\/strangercam.com\/?s={search_term_string}"},"query-input":{"@type":"PropertyValueSpecification","valueRequired":true,"valueName":"search_term_string"}}],"inLanguage":"sv-SE"},{"@type":"Organization","@id":"https:\/\/strangercam.com\/#organization","name":"Strangercam","alternateName":"Strangercam.com","url":"https:\/\/strangercam.com\/","logo":{"@type":"ImageObject","inLanguage":"sv-SE","@id":"https:\/\/strangercam.com\/#\/schema\/logo\/image\/","url":"https:\/\/strangercam.com\/wp-content\/uploads\/2020\/11\/cropped-new-favicon-black.png","contentUrl":"https:\/\/strangercam.com\/wp-content\/uploads\/2020\/11\/cropped-new-favicon-black.png","width":512,"height":512,"caption":"Strangercam"},"image":{"@id":"https:\/\/strangercam.com\/#\/schema\/logo\/image\/"},"sameAs":["https:\/\/www.facebook.com\/strangercam","https:\/\/x.com\/strangercamapp"]}]}},"_links":{"self":[{"href":"https:\/\/strangercam.com\/sv\/wp-json\/wp\/v2\/pages\/12954","targetHints":{"allow":["GET"]}}],"collection":[{"href":"https:\/\/strangercam.com\/sv\/wp-json\/wp\/v2\/pages"}],"about":[{"href":"https:\/\/strangercam.com\/sv\/wp-json\/wp\/v2\/types\/page"}],"author":[{"embeddable":true,"href":"https:\/\/strangercam.com\/sv\/wp-json\/wp\/v2\/users\/8"}],"replies":[{"embeddable":true,"href":"https:\/\/strangercam.com\/sv\/wp-json\/wp\/v2\/comments?post=12954"}],"version-history":[{"count":1,"href":"https:\/\/strangercam.com\/sv\/wp-json\/wp\/v2\/pages\/12954\/revisions"}],"predecessor-version":[{"id":12955,"href":"https:\/\/strangercam.com\/sv\/wp-json\/wp\/v2\/pages\/12954\/revisions\/12955"}],"wp:attachment":[{"href":"https:\/\/strangercam.com\/sv\/wp-json\/wp\/v2\/media?parent=12954"}],"curies":[{"name":"wp","href":"https:\/\/api.w.org\/{rel}","templated":true}]}}