{"id":12944,"date":"2025-07-28T11:56:56","date_gmt":"2025-07-28T09:56:56","guid":{"rendered":"https:\/\/strangercam.com\/?page_id=12944"},"modified":"2025-07-28T11:56:56","modified_gmt":"2025-07-28T09:56:56","slug":"lotta","status":"publish","type":"page","link":"https:\/\/strangercam.com\/sv\/lotta\/","title":{"rendered":"Lotta"},"content":{"rendered":"<p>Som klassiska slumpm\u00e4ssiga videochattplattformar som <a href=\"https:\/\/strangercam.com\/sv\/omegle\/\">Omegle<\/a> Efter att ha f\u00f6rsvunnit fr\u00e5n rampljuset har en ny v\u00e5g av webbplatser b\u00f6rjat erbjuda anv\u00e4ndarna samma spontana och anonyma upplevelse - med en modern twist. Lotta \u00e4r ett av de nyaste och snabbast v\u00e4xande alternativen 2025, och kombinerar den grundl\u00e4ggande sp\u00e4nningen i slumpm\u00e4ssig cam-to-cam-chatt med f\u00f6rb\u00e4ttrad hastighet, s\u00e4kerhet och ett snyggt, mobilanpassat gr\u00e4nssnitt.<\/p>\n<p>Men \u00e4r Lotta v\u00e4rt din tid? St\u00e5r den ut fr\u00e5n andra nya Omegle-stil videochattwebbplatser? I den h\u00e4r omfattande recensionen t\u00e4cker vi allt du beh\u00f6ver veta: hur Lotta fungerar, vilka funktioner den erbjuder, vem som anv\u00e4nder den och hur den j\u00e4mf\u00f6rs med andra stora slumpm\u00e4ssiga chattplattformar 2025.<\/p>\n<h2>Vad \u00e4r Lotta?<\/h2>\n<p>Lotta \u00e4r en webbl\u00e4sarbaserad, slumpm\u00e4ssig videochattplattform utformad f\u00f6r omedelbara, anonyma anslutningar med fr\u00e4mlingar fr\u00e5n hela v\u00e4rlden. Anv\u00e4ndare kan g\u00e5 med med bara ett klick - ingen registrering, profiler eller appnedladdningar kr\u00e4vs. Webbplatsen \u00e4r byggd f\u00f6r snabbhet och enkelhet, s\u00e5 att du kan starta live videochattar p\u00e5 n\u00e5gra sekunder.<\/p>\n<p>Liksom den ursprungliga Omegle matchar Lotta anv\u00e4ndare en mot en f\u00f6r privata videokonversationer. Men d\u00e4r Omegles gr\u00e4nssnitt nu k\u00e4nns daterat och dess moderering inkonsekvent, levererar Lotta en mer modern, s\u00e4ker och anv\u00e4ndarv\u00e4nlig upplevelse, samtidigt som den f\u00f6rblir 100% fri.<\/p>\n<h2>Vad \u00e4r syftet med Lotta?<\/h2>\n<p>Lotta skapades f\u00f6r att \u00e5teruppliva magin med anonyma, slumpm\u00e4ssiga videochattar som gjorde Omegle till ett kulturellt fenomen, men med viktiga f\u00f6rb\u00e4ttringar f\u00f6r dagens anv\u00e4ndare:<\/p>\n<ul>\n<li>Spontana m\u00f6ten ansikte mot ansikte: <a href=\"https:\/\/strangercam.com\/sv\/coomeet\/\">M\u00f6te<\/a> n\u00e5gon ny, n\u00e4r som helst, var som helst.<\/li>\n<li>Sann anonymitet: Inga profiler, ingen registrering, inga sociala medier.<\/li>\n<li>Modern s\u00e4kerhet och moderering: H\u00e5ll konversationerna s\u00e4kra och v\u00e4lkomnande.<\/li>\n<li>Snabb, friktionsfri \u00e5tkomst: B\u00f6rja chatta direkt p\u00e5 datorn eller i mobilen.<\/li>\n<\/ul>\n<p>Oavsett om du vill f\u00e5 nya v\u00e4nner, \u00f6va p\u00e5 ett spr\u00e5k, flirta eller bara ha en rolig chatt med en fr\u00e4mling, \u00e4r Lotta utformad f\u00f6r dig.<\/p>\n<h2>Viktiga funktioner<\/h2>\n<p>1. En-till-en slumpm\u00e4ssig videochatt<br \/>\nLotta:s k\u00e4rnfunktion \u00e4r dess omedelbara, privata chatt cam-to-cam. Klicka p\u00e5 \"Start\", aktivera din webbkamera och mikrofon och du \u00e4r matchad p\u00e5 n\u00e5gra sekunder. Inga anv\u00e4ndarnamn eller biografier - bara du och en fr\u00e4mling, ansikte mot ansikte.<\/p>\n<p>2. Alternativ f\u00f6r textchatt<br \/>\nF\u00f6rutom video l\u00e5ter Lotta anv\u00e4ndarna skicka textmeddelanden i chatten. Detta \u00e4r anv\u00e4ndbart f\u00f6r att bryta isen, hantera spr\u00e5kbarri\u00e4rer eller om du hellre inte vill prata h\u00f6gt.<\/p>\n<p>3. N\u00e4sta\/Skippa-knapp<br \/>\nOm du inte k\u00e4nner igen dig, tryck bara p\u00e5 \"N\u00e4sta\" f\u00f6r att omedelbart matchas med n\u00e5gon ny. Det finns inget straff eller n\u00e5gon gr\u00e4ns f\u00f6r hur ofta du kan hoppa \u00f6ver.<\/p>\n<p>4. 100% Anonym, ingen registrering<br \/>\nDu beh\u00f6ver inte registrera dig, skapa en profil eller dela n\u00e5gon personlig information. Alla sessioner \u00e4r tillf\u00e4lliga och privata, vilket g\u00f6r Lotta till en av de mest anonyma chattupplevelserna online.<\/p>\n<p>5. Modern, mobilanpassad design<br \/>\nLotta fungerar s\u00f6ml\u00f6st i b\u00e5de station\u00e4ra och mobila webbl\u00e4sare. Gr\u00e4nssnittet \u00e4r rent och responsivt, vilket g\u00f6r det enkelt att chatta p\u00e5 din telefon, surfplatta eller laptop - inga nedladdningar kr\u00e4vs.<\/p>\n<p>6. Modererings- och rapporteringsverktyg<br \/>\nF\u00f6r att h\u00e5lla plattformen s\u00e4ker tillhandah\u00e5ller Lotta en rapporteringsknapp i chatten och anv\u00e4nder en blandning av automatiserad (AI-driven) och m\u00e4nsklig moderering. Anv\u00e4ndare kan flagga ol\u00e4mpligt inneh\u00e5ll eller beteende direkt.<\/p>\n<p>7. Snabb matchning och l\u00e5g latens<br \/>\nLotta:s matchningsmotor \u00e4r byggd f\u00f6r hastighet. Videoanslutningarna \u00e4r snabba och stabila, med minimal f\u00f6rdr\u00f6jning - \u00e4ven under hektiska timmar eller p\u00e5 mobila enheter.<\/p>\n<h2>\u00c4r Lotta gratis?<\/h2>\n<p>Ja, Lotta \u00e4r helt gratis att anv\u00e4nda. Alla k\u00e4rnfunktioner - videochatt, textchatt och obegr\u00e4nsad \u00f6verhoppning - \u00e4r tillg\u00e4ngliga f\u00f6r alla, utan dolda betalv\u00e4ggar eller prenumerationsniv\u00e5er.<\/p>\n<p>Webbplatsen kan inneh\u00e5lla l\u00e4tt, icke-p\u00e5tr\u00e4ngande reklam f\u00f6r att st\u00f6dja verksamheten, men dessa avbryter aldrig chattupplevelsen eller begr\u00e4nsar \u00e5tkomsten.<\/p>\n<h2>Vem anv\u00e4nder Lotta?<\/h2>\n<p>Lotta bygger snabbt upp en m\u00e5ngsidig, global anv\u00e4ndarbas, inklusive:<\/p>\n<ul>\n<li>\u00c5ldersgrupp: I f\u00f6rsta hand 18-35 \u00e5r (endast vuxna)<\/li>\n<li>Platser: Anv\u00e4ndare fr\u00e5n USA, Kanada, Storbritannien, Tyskland, Indien, Brasilien, Sydostasien m.fl.<\/li>\n<li>Intressen: Flirta, skaffa v\u00e4nner, spr\u00e5kutbyte, avslappnad konversation, kulturella uppt\u00e4ckter<\/li>\n<\/ul>\n<p>Eftersom det \u00e4r nytt tenderar Lotta att locka tekniskt kunniga anv\u00e4ndare, studenter och de som saknar den oskrivna energin hos klassiska Omegle. K\u00f6nsf\u00f6rdelningen liknar den i andra <a href=\"https:\/\/strangercam.com\/sv\/bazoocam\/\">kam<\/a> chattsidor, med fler manliga \u00e4n kvinnliga anv\u00e4ndare, men det kvinnliga deltagandet \u00f6kar i takt med att sajten blir mer popul\u00e4r och f\u00e5r ett b\u00e4ttre rykte.<\/p>\n<h2>S\u00e4kerhet, integritet och moderering<\/h2>\n<p>Lotta inser att anonymitet ger b\u00e5de frihet och risk. Plattformen tar ett proaktivt f\u00f6rh\u00e5llningss\u00e4tt till anv\u00e4ndarnas s\u00e4kerhet och integritet:<\/p>\n<h3>Integritet<\/h3>\n<ul>\n<li>Ingen registrering eller personuppgifter kr\u00e4vs<\/li>\n<li>Chattar spelas inte in eller lagras<\/li>\n<li>Du kontrollerar din webbkamera\/mikrofon hela tiden<\/li>\n<li>Ingen IP-delning med chattpartners<\/li>\n<\/ul>\n<h3>Moderering<\/h3>\n<ul>\n<li>Rapporteringsknapp i chatten: Flagga omedelbart alla ol\u00e4mpliga eller kr\u00e4nkande beteenden<\/li>\n<li>AI-baserad filtrering av inneh\u00e5ll: Uppt\u00e4cker och blockerar vissa \u00f6vertr\u00e4delser i realtid<\/li>\n<li>M\u00e4nskliga moderatorer: Granskar rapporter och uppr\u00e4tth\u00e5ller plattformens regler<\/li>\n<\/ul>\n<h3>B\u00e4sta praxis<\/h3>\n<ul>\n<li>Dela aldrig personlig information i chatten<\/li>\n<li>Anv\u00e4nd knapparna \"N\u00e4sta\" och \"Rapportera\" n\u00e4r du k\u00e4nner dig obekv\u00e4m<\/li>\n<li>Kom ih\u00e5g att alla interaktioner sker med fr\u00e4mlingar; iaktta normal f\u00f6rsiktighet p\u00e5 internet<\/li>\n<\/ul>\n<h2>Anv\u00e4ndarupplevelse och design<\/h2>\n<p>Lotta:s anv\u00e4ndargr\u00e4nssnitt \u00e4r en av dess b\u00e4sta funktioner. Det \u00e4r modernt, minimalt och distraktionsfritt:<\/p>\n<ul>\n<li>P\u00e5 startsidan finns en tydlig \"Starta chatt\"-knapp med tydlig sekretessinformation och regler<\/li>\n<li>Inom n\u00e5gra sekunder \u00e4r du matchad och chattar live<\/li>\n<li>Videof\u00f6nstren \u00e4r stora, med smidiga kontroller f\u00f6r att st\u00e4nga av, hoppa \u00f6ver och rapportera<\/li>\n<li>Det mobila gr\u00e4nssnittet \u00e4r lika rent och anv\u00e4ndbart som desktopversionen<\/li>\n<\/ul>\n<p>Lotta undviker popup-f\u00f6nster, \u00f6verdrivna annonser och registreringsmeddelanden, vilket ger en friktionsfri och trevlig chattupplevelse varje g\u00e5ng.<\/p>\n<h2>Lotta vs andra slumpm\u00e4ssiga videochattplattformar<\/h2>\n<p>Hur ser Lotta ut j\u00e4mf\u00f6rt med alternativen Omegle \u00e5r 2025?<\/p>\n<table>\n<thead>\n<tr>\n<th>Funktion<\/th>\n<th>Lotta<\/th>\n<th>Omegle (st\u00e4ngd)<\/th>\n<th>Ohmegle<\/th>\n<th><a href=\"https:\/\/strangercam.com\/sv\/ometv\/\">OmeTV<\/a><\/th>\n<th>Chaty<\/th>\n<th>ChitChatTV<\/th>\n<\/tr>\n<\/thead>\n<tbody>\n<tr>\n<td>Videochatt<\/td>\n<td>Ja<\/td>\n<td>Ja<\/td>\n<td>Ja<\/td>\n<td>Ja<\/td>\n<td>Ja<\/td>\n<td>Ja<\/td>\n<\/tr>\n<tr>\n<td>Textchatt<\/td>\n<td>Ja<\/td>\n<td>Ja<\/td>\n<td>Ja<\/td>\n<td>Ja<\/td>\n<td>Ja<\/td>\n<td>Ja<\/td>\n<\/tr>\n<tr>\n<td>Registrering kr\u00e4vs<\/td>\n<td>Nej<\/td>\n<td>Nej<\/td>\n<td>Nej<\/td>\n<td>Nej<\/td>\n<td>Nej<\/td>\n<td>Nej<\/td>\n<\/tr>\n<tr>\n<td>Mobilt st\u00f6d<\/td>\n<td>Utm\u00e4rkt<\/td>\n<td>D\u00e5lig<\/td>\n<td>Utm\u00e4rkt<\/td>\n<td>Bra<\/td>\n<td>Utm\u00e4rkt<\/td>\n<td>Utm\u00e4rkt<\/td>\n<\/tr>\n<tr>\n<td>Filter f\u00f6r k\u00f6n\/region<\/td>\n<td>Nej<\/td>\n<td>Nej<\/td>\n<td>Nej<\/td>\n<td>Betalade<\/td>\n<td>Nej<\/td>\n<td>Nej<\/td>\n<\/tr>\n<tr>\n<td>Moderering\/Rapportering<\/td>\n<td>Bra<\/td>\n<td>Svag<\/td>\n<td>M\u00e5ttlig<\/td>\n<td>Stark<\/td>\n<td>M\u00e5ttlig<\/td>\n<td>Bra<\/td>\n<\/tr>\n<tr>\n<td>Gratis att anv\u00e4nda<\/td>\n<td>Ja<\/td>\n<td>Ja<\/td>\n<td>Ja<\/td>\n<td>Ja\/betald<\/td>\n<td>Ja<\/td>\n<td>Ja<\/td>\n<\/tr>\n<\/tbody>\n<\/table>\n<p>Sammanfattning: Lotta konkurrerar med Ohmegle, Chaty och ChitChatTV n\u00e4r det g\u00e4ller hastighet och anv\u00e4ndarv\u00e4nlighet, men sticker ut med sin fr\u00e4scha design och smidiga upplevelse, s\u00e4rskilt f\u00f6r nya anv\u00e4ndare och de som anv\u00e4nder mobilen.<\/p>\n<h2>F\u00f6r- och nackdelar<\/h2>\n<p>F\u00f6rdelar:<\/p>\n<ul>\n<li>100% gratis, omedelbar tillg\u00e5ng - ingen registrering beh\u00f6vs<\/li>\n<li>Helt anonym och privat<\/li>\n<li>Snabba, stabila anslutningar f\u00f6r video- och textchatt<\/li>\n<li>Snyggt, modernt och mobiloptimerat gr\u00e4nssnitt<\/li>\n<li>Robusta verktyg f\u00f6r rapportering och moderering<\/li>\n<li>Perfekt f\u00f6r avslappnade, oskrivna konversationer \u00f6ver hela v\u00e4rlden<\/li>\n<\/ul>\n<p>Nackdelar:<\/p>\n<ul>\n<li>Inga filter f\u00f6r k\u00f6n eller plats (matchningarna \u00e4r slumpm\u00e4ssiga)<\/li>\n<li>Tillf\u00e4llig exponering f\u00f6r ol\u00e4mpligt beteende (trots m\u00e5ttfullhet)<\/li>\n<li>Inga anv\u00e4ndarprofiler, v\u00e4nlistor eller m\u00f6jlighet att \u00e5teransluta<\/li>\n<li>Fler manliga \u00e4n kvinnliga anv\u00e4ndare (vanligt i denna nisch)<\/li>\n<li>Plattformen v\u00e4xer fortfarande sin anv\u00e4ndarbas j\u00e4mf\u00f6rt med \u00e4ldre j\u00e4ttar<\/li>\n<\/ul>\n<h2>Idealiska anv\u00e4ndningsfall<\/h2>\n<p>Lotta \u00e4r perfekt f\u00f6r:<\/p>\n<p>Fl\u00e4ktar av Omegle, <a href=\"https:\/\/strangercam.com\/sv\/chatroulette\/\">Chatroulette<\/a>, eller Ohmegle s\u00f6ker en ny plattform<\/p>\n<p>Anv\u00e4ndare som vill ha snabb, anonym chatt med video f\u00f6rst utan registrering<\/p>\n<p>Spr\u00e5kinl\u00e4rare, expats och resen\u00e4rer som vill ha globala samtal<\/p>\n<p>M\u00e4nniskor som letar efter spontant umg\u00e4nge, kul, eller en tristess-buster<\/p>\n<p>Det \u00e4r mindre idealiskt f\u00f6r:<\/p>\n<ul>\n<li>De som s\u00f6ker dejtingspecifika funktioner eller anv\u00e4ndarfilter<\/li>\n<li>Anv\u00e4ndare under 18 \u00e5r (strikt \u00e5lderskrav)<\/li>\n<li>Personer som vill \u00e5terknyta kontakten med specifika anv\u00e4ndare eller bygga upp l\u00e5ngsiktiga chattar<\/li>\n<\/ul>\n<p>Lotta \u00e4r en av de b\u00e4sta nya Omegle-stil videochattwebbplatserna 2025, som levererar omedelbara, anonyma anslutningar med fr\u00e4mlingar i ett modernt, anv\u00e4ndarv\u00e4nligt paket. Utan registrering, snabb matchning och ett starkt fokus p\u00e5 integritet och s\u00e4kerhet \u00e4r det en v\u00e4rdig eftertr\u00e4dare till den klassiska slumpm\u00e4ssiga videochattupplevelsen.<\/p>\n<p>Om du vill tr\u00e4ffa nya m\u00e4nniskor, f\u00e5 v\u00e4nner, flirta eller bara ha en chatt i realtid med n\u00e5gon \u00f6ver hela v\u00e4rlden - Lotta \u00e4r absolut v\u00e4rt ett f\u00f6rs\u00f6k. Dess fr\u00e4scha design, p\u00e5litliga prestanda och l\u00e4ttillg\u00e4ngliga funktioner g\u00f6r den till ett toppval f\u00f6r n\u00e4sta generations slumpm\u00e4ssiga chattare.<\/p>","protected":false},"excerpt":{"rendered":"<p>As classic random video chat platforms like Omegle fade from the spotlight, a new wave of sites is stepping up to offer users the same spontaneous, anonymous experience\u2014with a modern twist. Lotta is one of the newest and fastest-growing alternatives in 2025, combining the core excitement of random cam-to-cam chat with improved speed, security, and [&hellip;]<\/p>\n","protected":false},"author":6,"featured_media":0,"parent":0,"menu_order":0,"comment_status":"closed","ping_status":"closed","template":"","meta":{"footnotes":""},"class_list":["post-12944","page","type-page","status-publish","hentry"],"yoast_head":"<!-- This site is optimized with the Yoast SEO plugin v27.4 - https:\/\/yoast.com\/product\/yoast-seo-wordpress\/ -->\n<title>Lotta - Meet Strangers &amp; Video Chat Online - StrangerCam<\/title>\n<meta name=\"description\" content=\"Like Lotta? Come chat with more than 5.000.000 strangers on Stranger Cam for Free! Turn on your cam and find new friends &amp; maby a match!\" \/>\n<meta name=\"robots\" content=\"index, follow, max-snippet:-1, max-image-preview:large, max-video-preview:-1\" \/>\n<link rel=\"canonical\" href=\"https:\/\/strangercam.com\/sv\/lotta\/\" \/>\n<meta property=\"og:locale\" content=\"sv_SE\" \/>\n<meta property=\"og:type\" content=\"article\" \/>\n<meta property=\"og:title\" content=\"Lotta - Meet Strangers &amp; Video Chat Online - StrangerCam\" \/>\n<meta property=\"og:description\" content=\"Like Lotta? Come chat with more than 5.000.000 strangers on Stranger Cam for Free! Turn on your cam and find new friends &amp; maby a match!\" \/>\n<meta property=\"og:url\" content=\"https:\/\/strangercam.com\/sv\/lotta\/\" \/>\n<meta property=\"og:site_name\" content=\"Strangercam\" \/>\n<meta property=\"article:publisher\" content=\"https:\/\/www.facebook.com\/strangercam\" \/>\n<meta property=\"og:image\" content=\"https:\/\/strangercam.com\/wp-content\/uploads\/2021\/10\/Untitled-2.png\" \/>\n\t<meta property=\"og:image:width\" content=\"800\" \/>\n\t<meta property=\"og:image:height\" content=\"532\" \/>\n\t<meta property=\"og:image:type\" content=\"image\/png\" \/>\n<meta name=\"twitter:card\" content=\"summary_large_image\" \/>\n<meta name=\"twitter:site\" content=\"@strangercamapp\" \/>\n<meta name=\"twitter:label1\" content=\"Ber\u00e4knad l\u00e4stid\" \/>\n\t<meta name=\"twitter:data1\" content=\"6 minuter\" \/>\n<script type=\"application\/ld+json\" class=\"yoast-schema-graph\">{\"@context\":\"https:\\\/\\\/schema.org\",\"@graph\":[{\"@type\":\"WebPage\",\"@id\":\"https:\\\/\\\/strangercam.com\\\/lotta\\\/\",\"url\":\"https:\\\/\\\/strangercam.com\\\/lotta\\\/\",\"name\":\"Lotta - Meet Strangers & Video Chat Online - StrangerCam\",\"isPartOf\":{\"@id\":\"https:\\\/\\\/strangercam.com\\\/#website\"},\"datePublished\":\"2025-07-28T09:56:56+00:00\",\"description\":\"Like Lotta? Come chat with more than 5.000.000 strangers on Stranger Cam for Free! Turn on your cam and find new friends & maby a match!\",\"breadcrumb\":{\"@id\":\"https:\\\/\\\/strangercam.com\\\/lotta\\\/#breadcrumb\"},\"inLanguage\":\"sv-SE\",\"potentialAction\":[{\"@type\":\"ReadAction\",\"target\":[\"https:\\\/\\\/strangercam.com\\\/lotta\\\/\"]}]},{\"@type\":\"BreadcrumbList\",\"@id\":\"https:\\\/\\\/strangercam.com\\\/lotta\\\/#breadcrumb\",\"itemListElement\":[{\"@type\":\"ListItem\",\"position\":1,\"name\":\"Home\",\"item\":\"https:\\\/\\\/strangercam.com\\\/\"},{\"@type\":\"ListItem\",\"position\":2,\"name\":\"Lotta\"}]},{\"@type\":\"WebSite\",\"@id\":\"https:\\\/\\\/strangercam.com\\\/#website\",\"url\":\"https:\\\/\\\/strangercam.com\\\/\",\"name\":\"Strangercam\",\"description\":\"Random Video Chat with Strangers\",\"publisher\":{\"@id\":\"https:\\\/\\\/strangercam.com\\\/#organization\"},\"alternateName\":\"Strangercam.com\",\"potentialAction\":[{\"@type\":\"SearchAction\",\"target\":{\"@type\":\"EntryPoint\",\"urlTemplate\":\"https:\\\/\\\/strangercam.com\\\/?s={search_term_string}\"},\"query-input\":{\"@type\":\"PropertyValueSpecification\",\"valueRequired\":true,\"valueName\":\"search_term_string\"}}],\"inLanguage\":\"sv-SE\"},{\"@type\":\"Organization\",\"@id\":\"https:\\\/\\\/strangercam.com\\\/#organization\",\"name\":\"Strangercam\",\"alternateName\":\"Strangercam.com\",\"url\":\"https:\\\/\\\/strangercam.com\\\/\",\"logo\":{\"@type\":\"ImageObject\",\"inLanguage\":\"sv-SE\",\"@id\":\"https:\\\/\\\/strangercam.com\\\/#\\\/schema\\\/logo\\\/image\\\/\",\"url\":\"https:\\\/\\\/strangercam.com\\\/wp-content\\\/uploads\\\/2020\\\/11\\\/cropped-new-favicon-black.png\",\"contentUrl\":\"https:\\\/\\\/strangercam.com\\\/wp-content\\\/uploads\\\/2020\\\/11\\\/cropped-new-favicon-black.png\",\"width\":512,\"height\":512,\"caption\":\"Strangercam\"},\"image\":{\"@id\":\"https:\\\/\\\/strangercam.com\\\/#\\\/schema\\\/logo\\\/image\\\/\"},\"sameAs\":[\"https:\\\/\\\/www.facebook.com\\\/strangercam\",\"https:\\\/\\\/x.com\\\/strangercamapp\"]}]}<\/script>\n<!-- \/ Yoast SEO plugin. -->","yoast_head_json":{"title":"Lotta - M\u00f6t fr\u00e4mlingar och videochatta online - StrangerCam","description":"Gillar du Lotta? Kom och chatta med mer \u00e4n 5.000.000 fr\u00e4mlingar p\u00e5 Stranger Cam helt gratis! Sl\u00e5 p\u00e5 din kamera och hitta nya v\u00e4nner och kanske en match!","robots":{"index":"index","follow":"follow","max-snippet":"max-snippet:-1","max-image-preview":"max-image-preview:large","max-video-preview":"max-video-preview:-1"},"canonical":"https:\/\/strangercam.com\/sv\/lotta\/","og_locale":"sv_SE","og_type":"article","og_title":"Lotta - Meet Strangers & Video Chat Online - StrangerCam","og_description":"Like Lotta? Come chat with more than 5.000.000 strangers on Stranger Cam for Free! Turn on your cam and find new friends & maby a match!","og_url":"https:\/\/strangercam.com\/sv\/lotta\/","og_site_name":"Strangercam","article_publisher":"https:\/\/www.facebook.com\/strangercam","og_image":[{"width":800,"height":532,"url":"https:\/\/strangercam.com\/wp-content\/uploads\/2021\/10\/Untitled-2.png","type":"image\/png"}],"twitter_card":"summary_large_image","twitter_site":"@strangercamapp","twitter_misc":{"Ber\u00e4knad l\u00e4stid":"6 minuter"},"schema":{"@context":"https:\/\/schema.org","@graph":[{"@type":"WebPage","@id":"https:\/\/strangercam.com\/lotta\/","url":"https:\/\/strangercam.com\/lotta\/","name":"Lotta - M\u00f6t fr\u00e4mlingar och videochatta online - StrangerCam","isPartOf":{"@id":"https:\/\/strangercam.com\/#website"},"datePublished":"2025-07-28T09:56:56+00:00","description":"Gillar du Lotta? Kom och chatta med mer \u00e4n 5.000.000 fr\u00e4mlingar p\u00e5 Stranger Cam helt gratis! Sl\u00e5 p\u00e5 din kamera och hitta nya v\u00e4nner och kanske en match!","breadcrumb":{"@id":"https:\/\/strangercam.com\/lotta\/#breadcrumb"},"inLanguage":"sv-SE","potentialAction":[{"@type":"ReadAction","target":["https:\/\/strangercam.com\/lotta\/"]}]},{"@type":"BreadcrumbList","@id":"https:\/\/strangercam.com\/lotta\/#breadcrumb","itemListElement":[{"@type":"ListItem","position":1,"name":"Home","item":"https:\/\/strangercam.com\/"},{"@type":"ListItem","position":2,"name":"Lotta"}]},{"@type":"WebSite","@id":"https:\/\/strangercam.com\/#website","url":"https:\/\/strangercam.com\/","name":"Strangercam","description":"Slumpm\u00e4ssig videochatt med fr\u00e4mlingar","publisher":{"@id":"https:\/\/strangercam.com\/#organization"},"alternateName":"Strangercam.com","potentialAction":[{"@type":"SearchAction","target":{"@type":"EntryPoint","urlTemplate":"https:\/\/strangercam.com\/?s={search_term_string}"},"query-input":{"@type":"PropertyValueSpecification","valueRequired":true,"valueName":"search_term_string"}}],"inLanguage":"sv-SE"},{"@type":"Organization","@id":"https:\/\/strangercam.com\/#organization","name":"Strangercam","alternateName":"Strangercam.com","url":"https:\/\/strangercam.com\/","logo":{"@type":"ImageObject","inLanguage":"sv-SE","@id":"https:\/\/strangercam.com\/#\/schema\/logo\/image\/","url":"https:\/\/strangercam.com\/wp-content\/uploads\/2020\/11\/cropped-new-favicon-black.png","contentUrl":"https:\/\/strangercam.com\/wp-content\/uploads\/2020\/11\/cropped-new-favicon-black.png","width":512,"height":512,"caption":"Strangercam"},"image":{"@id":"https:\/\/strangercam.com\/#\/schema\/logo\/image\/"},"sameAs":["https:\/\/www.facebook.com\/strangercam","https:\/\/x.com\/strangercamapp"]}]}},"_links":{"self":[{"href":"https:\/\/strangercam.com\/sv\/wp-json\/wp\/v2\/pages\/12944","targetHints":{"allow":["GET"]}}],"collection":[{"href":"https:\/\/strangercam.com\/sv\/wp-json\/wp\/v2\/pages"}],"about":[{"href":"https:\/\/strangercam.com\/sv\/wp-json\/wp\/v2\/types\/page"}],"author":[{"embeddable":true,"href":"https:\/\/strangercam.com\/sv\/wp-json\/wp\/v2\/users\/6"}],"replies":[{"embeddable":true,"href":"https:\/\/strangercam.com\/sv\/wp-json\/wp\/v2\/comments?post=12944"}],"version-history":[{"count":1,"href":"https:\/\/strangercam.com\/sv\/wp-json\/wp\/v2\/pages\/12944\/revisions"}],"predecessor-version":[{"id":12945,"href":"https:\/\/strangercam.com\/sv\/wp-json\/wp\/v2\/pages\/12944\/revisions\/12945"}],"wp:attachment":[{"href":"https:\/\/strangercam.com\/sv\/wp-json\/wp\/v2\/media?parent=12944"}],"curies":[{"name":"wp","href":"https:\/\/api.w.org\/{rel}","templated":true}]}}