{"id":12942,"date":"2025-07-28T11:02:46","date_gmt":"2025-07-28T09:02:46","guid":{"rendered":"https:\/\/strangercam.com\/?page_id=12942"},"modified":"2025-07-28T11:02:46","modified_gmt":"2025-07-28T09:02:46","slug":"chatiwi","status":"publish","type":"page","link":"https:\/\/strangercam.com\/sv\/chatiwi\/","title":{"rendered":"Chatiwi"},"content":{"rendered":"<p>En v\u00e4rld av online <a href=\"https:\/\/strangercam.com\/sv\/chatroulette\/\">chatt<\/a> Rummen har utvecklats snabbt, men efterfr\u00e5gan p\u00e5 enkla, omedelbara och anonyma sociala plattformar \u00e4r st\u00f6rre \u00e4n n\u00e5gonsin. I takt med att \u00e4ldre sajter som <a href=\"https:\/\/strangercam.com\/sv\/chatiw\/\">Chatiw<\/a> och <a href=\"https:\/\/strangercam.com\/sv\/chatib\/\">Chatib<\/a> k\u00e4mpar f\u00f6r att h\u00e5lla j\u00e4mna steg med moderna anv\u00e4ndares f\u00f6rv\u00e4ntningar, Chatiwi kliver in som ett nytt alternativ och erbjuder klassiska livechattrum, privata meddelanden och en v\u00e4nlig, global gemenskap allt i en gratis, l\u00e4ttillg\u00e4nglig plattform.<\/p>\n<p>S\u00e5, hur j\u00e4mf\u00f6r sig Chatiwi med de j\u00e4ttar som inspirerade det? \u00c4r det verkligen gratis, s\u00e4kert och anv\u00e4ndarv\u00e4nligt? I denna djupg\u00e5ende granskning kommer vi att utforska vad Chatiwi erbjuder, vem som anv\u00e4nder det och hur det st\u00e5r sig mot andra ledande chattplattformar 2025.<\/p>\n<h2>Vad \u00e4r Chatiwi?<\/h2>\n<p>Chatiwi \u00e4r en modern, webbl\u00e4sarbaserad webbplats f\u00f6r chattrum som inspirerats av enkelheten och tillg\u00e4ngligheten hos klassiska plattformar som Chatiw och Chatib. Dess k\u00e4rnl\u00f6fte \u00e4r att ansluta m\u00e4nniskor fr\u00e5n hela v\u00e4rlden direkt - ingen registrering eller nedladdning kr\u00e4vs. Oavsett om du \u00e4r intresserad av offentliga chattrum eller privata en-mot-en-konversationer, tar Chatiwi dig in i handlingen med bara ett smeknamn och ett klick.<\/p>\n<p>Med betoning p\u00e5 ren design, responsiv mobilkompatibilitet och en s\u00e4ker chattmilj\u00f6 blir Chatiwi snabbt en favorit bland anv\u00e4ndare som s\u00f6ker \u00e4kta konversationer och nya onlinev\u00e4nner.<\/p>\n<h2>Vad \u00e4r syftet med Chatiwi?<\/h2>\n<p>Chatiwi:s uppdrag \u00e4r att g\u00f6ra socialt umg\u00e4nge online roligt, snabbt och verkligt tillg\u00e4ngligt f\u00f6r alla. Till skillnad fr\u00e5n appar som kr\u00e4ver omfattande registrering, profilbyggnad eller appinstallation, tar Chatiwi ner saker till det v\u00e4sentliga - att ansluta riktiga m\u00e4nniskor f\u00f6r livechatt om \u00e4mnen de bryr sig om.<\/p>\n<p>Viktiga m\u00e5l inkluderar:<\/p>\n<ul>\n<li>Tillhandah\u00e5lla \u00f6ppna chattrum med olika teman f\u00f6r gruppdiskussioner<\/li>\n<li>M\u00f6jligg\u00f6r s\u00f6ml\u00f6sa privata chattar f\u00f6r mer personliga kontakter<\/li>\n<li>Skapa en v\u00e4lkomnande milj\u00f6 f\u00f6r m\u00e4nniskor fr\u00e5n alla bakgrunder, \u00e5ldrar och intressen<\/li>\n<li>S\u00e4kerst\u00e4lla att alla kan delta i samtalet direkt, utan hinder<\/li>\n<\/ul>\n<p>Oavsett om du vill prata om musik, hobbyer, v\u00e4rldsh\u00e4ndelser eller bara s\u00e4ga hej till n\u00e5gon ny, erbjuder Chatiwi ett flexibelt utrymme f\u00f6r att g\u00f6ra det.<\/p>\n<h2>Viktiga funktioner<\/h2>\n<p>1. Live offentliga chattrum<br \/>\nChatiwi:s fr\u00e4msta dragpl\u00e5ster \u00e4r dess m\u00e5nga \u00f6ppna chattrum med olika teman. Fr\u00e5n \u201cAllm\u00e4n chatt\u201d till rum f\u00f6r specialintressen kan anv\u00e4ndarna delta i alla diskussioner med ett enda klick, chatta i realtid och <a href=\"https:\/\/strangercam.com\/sv\/coomeet\/\">tr\u00e4ffas<\/a> m\u00e4nniskor fr\u00e5n hela v\u00e4rlden.<\/p>\n<p>2. En privat chatt en-mot-en<br \/>\nVill du ha en mer personlig konversation? Chatiwi l\u00e5ter anv\u00e4ndarna g\u00e5 fr\u00e5n offentliga rum till privata meddelanden, vilket m\u00f6jligg\u00f6r djupare kontakter, v\u00e4nskapliga r\u00e5d eller konfidentiella diskussioner.<\/p>\n<p>3. Ingen registrering kr\u00e4vs<br \/>\nPrecis som de b\u00e4sta gamla chattwebbplatserna l\u00e5ter Chatiwi dig b\u00f6rja chatta omedelbart. V\u00e4lj bara ett smeknamn - ingen e-post, telefonnummer eller sociala medier beh\u00f6vs.<\/p>\n<p>4. Multi-enhet och mobilv\u00e4nlig<br \/>\nChatiwi \u00e4r helt responsiv och fungerar smidigt i b\u00e5de station\u00e4ra och mobila webbl\u00e4sare, vilket g\u00f6r den perfekt f\u00f6r att chatta n\u00e4r du \u00e4r p\u00e5 spr\u00e5ng.<\/p>\n<p>5. Enkelt och modernt gr\u00e4nssnitt<br \/>\nWebbplatsens rena design h\u00e5ller distraktioner till ett minimum. Budskapen \u00e4r tydliga, rummen \u00e4r l\u00e4tta att navigera i och viktiga kontroller (mute, blockera, rapportera) finns alltid n\u00e4ra till hands.<\/p>\n<p>6. Verktyg f\u00f6r anv\u00e4ndars\u00e4kerhet och moderering<br \/>\nChatiwi anv\u00e4nder en kombination av live-moderatorer och rapporteringsfunktioner i rummet f\u00f6r att uppr\u00e4tth\u00e5lla en s\u00e4ker och respektfull milj\u00f6.<\/p>\n<p>7. Brett utbud av \u00e4mnen<br \/>\nFr\u00e5n regionala chattrum till s\u00e4rskilda intressegrupper finns det en plats f\u00f6r alla - oavsett om du vill diskutera musik, sport, livet eller bara umg\u00e5s.<\/p>\n<h2>\u00c4r Chatiwi gratis?<\/h2>\n<p>Chatiwi \u00e4r 100% gratis att anv\u00e4nda. Det finns inga dolda avgifter, prenumerationer eller betalv\u00e4ggar. Alla funktioner - offentliga rum, privata meddelanden och modereringsverktyg - \u00e4r tillg\u00e4ngliga f\u00f6r alla.<\/p>\n<p>Plattformen kan visa l\u00e4tta, icke-p\u00e5tr\u00e4ngande annonser f\u00f6r att st\u00f6dja webbplatsen, men dessa st\u00f6r aldrig chattupplevelsen.<\/p>\n<h2>Vem anv\u00e4nder Chatiwi?<\/h2>\n<p>Chatiwi attraherar en global, m\u00e5ngsidig anv\u00e4ndarbas, ungef\u00e4r som Chatiw och Chatib. Typiska anv\u00e4ndare inkluderar:<\/p>\n<ul>\n<li>Vuxna i \u00e5ldern 18-40 \u00e5r, men det finns en blandning av \u00e4ldre och yngre deltagare<\/li>\n<li>M\u00e4nniskor fr\u00e5n Nordamerika, Europa, Sydamerika, Indien och Mellan\u00f6stern<\/li>\n<li>Studenter, yrkesverksamma, resen\u00e4rer, expats och alla som s\u00f6ker v\u00e4nskap eller avslappnade samtal<\/li>\n<\/ul>\n<p>Vanliga anledningar till att g\u00e5 med i Chatiwi:<\/p>\n<ul>\n<li>F\u00e5 nya v\u00e4nner och ut\u00f6ka sin sociala krets<\/li>\n<li>F\u00f6rdriva tiden, koppla av eller fly fr\u00e5n den dagliga stressen<\/li>\n<li>Diskutera hobbyer, musik, kultur eller v\u00e4rldsh\u00e4ndelser<\/li>\n<li>S\u00f6ker r\u00e5d, delar med dig av dina erfarenheter eller bara chattar f\u00f6r skojs skull<\/li>\n<\/ul>\n<p>De m\u00e5nga olika chattrummen g\u00f6r att alla kan hitta en plats d\u00e4r de k\u00e4nner sig bekv\u00e4ma och inkluderade.<\/p>\n<h2>S\u00e4kerhet, integritet och moderering<\/h2>\n<p>Chatiwi s\u00e4tter en premie p\u00e5 anv\u00e4ndarnas integritet och s\u00e4ker konversation. S\u00e5 h\u00e4r h\u00e5ller de plattformen s\u00e4ker och v\u00e4lkomnande:<\/p>\n<h3>Integritet<\/h3>\n<ul>\n<li>Inget konto eller personlig information beh\u00f6vs<\/li>\n<li>Chattar \u00e4r inte offentligt arkiverade eller s\u00f6kbara<\/li>\n<li>Anv\u00e4ndare interagerar via valda smeknamn<\/li>\n<\/ul>\n<h3>Moderering<\/h3>\n<ul>\n<li>Live-moderatorer \u00f6vervakar offentliga rum under rusningstid<\/li>\n<li>Rapportering och blockering i chatten g\u00f6r det m\u00f6jligt f\u00f6r anv\u00e4ndare att flagga ol\u00e4mpligt beteende eller spam<\/li>\n<li>Tydliga gemensamma riktlinjer mot mobbning, trakasserier och st\u00f6rande beteende<\/li>\n<\/ul>\n<h3>Anv\u00e4ndarkontroll<\/h3>\n<ul>\n<li>Blockera eller st\u00e4ng av st\u00f6rande anv\u00e4ndare direkt<\/li>\n<li>Byt rum eller \u00e4ndra ditt smeknamn n\u00e4r som helst<\/li>\n<li>G\u00e5 \u00f6ver till privata chattar endast med anv\u00e4ndare som du litar p\u00e5<\/li>\n<\/ul>\n<p>\u00c4ven om inget chattrum kan garantera en perfekt upplevelse, g\u00f6r Chatiwi:s aktiva moderering och anv\u00e4ndardrivna s\u00e4kerhetsverktyg det till ett b\u00e4ttre val \u00e4n de flesta f\u00f6r respektfulla, v\u00e4nliga samtal.<\/p>\n<h2>Anv\u00e4ndarupplevelse och design<\/h2>\n<p>Chatiwi ger en smidig och intuitiv chattupplevelse:<\/p>\n<ul>\n<li>Hemsidan erbjuder enkelt val av rum och inmatning av smeknamn<\/li>\n<li>Chattrum laddas direkt, \u00e4ven p\u00e5 mobila enheter<\/li>\n<li>Snabb och tillf\u00f6rlitlig leverans av meddelanden, \u00e4ven under hektiska tider<\/li>\n<li>Notifieringar och inbjudningar till privata chattar \u00e4r enkla att hantera<\/li>\n<li>Reglage f\u00f6r blockering, avst\u00e4ngning eller rapportering \u00e4r v\u00e4l synliga och l\u00e4tta att anv\u00e4nda<\/li>\n<\/ul>\n<p>Chatiwi undviker r\u00f6ran, popup-f\u00f6nster och f\u00f6rvirrande menyer, vilket g\u00f6r den tillg\u00e4nglig f\u00f6r anv\u00e4ndare i alla \u00e5ldrar och med olika tekniska bakgrunder.<\/p>\n<h2>Chatiwi j\u00e4mf\u00f6rt med andra chattrumsplattformar<\/h2>\n<p>Hur st\u00e5r sig Chatiwi i j\u00e4mf\u00f6relse med sina f\u00f6reg\u00e5ngare och likasinnade?<\/p>\n<table>\n<thead>\n<tr>\n<th>Funktion<\/th>\n<th>Chatiwi<\/th>\n<th>Chatiw<\/th>\n<th>Chatib<\/th>\n<th>OnlineFreeChat<\/th>\n<th><a href=\"https:\/\/strangercam.com\/sv\/wireclub\/\">Wireclub<\/a><\/th>\n<\/tr>\n<\/thead>\n<tbody>\n<tr>\n<td>Fri tillg\u00e5ng<\/td>\n<td>Ja<\/td>\n<td>Ja<\/td>\n<td>Ja<\/td>\n<td>Ja<\/td>\n<td>Ja<\/td>\n<\/tr>\n<tr>\n<td>Ingen registrering kr\u00e4vs<\/td>\n<td>Ja<\/td>\n<td>Ja<\/td>\n<td>Ja<\/td>\n<td>Ja<\/td>\n<td>Nej<\/td>\n<\/tr>\n<tr>\n<td>Chattrum med olika teman<\/td>\n<td>Ja<\/td>\n<td>Ja<\/td>\n<td>Ja<\/td>\n<td>Ja<\/td>\n<td>Ja<\/td>\n<\/tr>\n<tr>\n<td>Privat meddelandehantering<\/td>\n<td>Ja<\/td>\n<td>Ja<\/td>\n<td>Ja<\/td>\n<td>Ja<\/td>\n<td>Ja<\/td>\n<\/tr>\n<tr>\n<td>Mobilt st\u00f6d<\/td>\n<td>Utm\u00e4rkt<\/td>\n<td>Bra<\/td>\n<td>Bra<\/td>\n<td>Utm\u00e4rkt<\/td>\n<td>Bra<\/td>\n<\/tr>\n<tr>\n<td>Modereringsverktyg<\/td>\n<td>Stark<\/td>\n<td>M\u00e5ttlig<\/td>\n<td>M\u00e5ttlig<\/td>\n<td>Stark<\/td>\n<td>Stark<\/td>\n<\/tr>\n<tr>\n<td>Annonser<\/td>\n<td>Minimal<\/td>\n<td>Ja<\/td>\n<td>Ja<\/td>\n<td>Minimal<\/td>\n<td>Ja<\/td>\n<\/tr>\n<\/tbody>\n<\/table>\n<p>Sammanfattning: Chatiwi matchar eller \u00f6vertr\u00e4ffar sina rivaler p\u00e5 alla viktiga omr\u00e5den och erbjuder omedelbar, fri tillg\u00e5ng, modern design och effektiv moderering, med b\u00e4ttre mobilt st\u00f6d och en mer v\u00e4lkomnande community-vibb.<\/p>\n<h2>F\u00f6r- och nackdelar<\/h2>\n<p>F\u00f6rdelar:<\/p>\n<ul>\n<li>100% gratis och anonym chatt<\/li>\n<li>Ingen registrering eller nedladdning kr\u00e4vs<\/li>\n<li>V\u00e4nlig, aktiv global anv\u00e4ndarbas<\/li>\n<li>Alternativ f\u00f6r grupp- och privatchatt<\/li>\n<li>Snabbt, modernt gr\u00e4nssnitt med starkt mobilst\u00f6d<\/li>\n<li>Aktiv moderering och robusta s\u00e4kerhetsverktyg<\/li>\n<\/ul>\n<p>Nackdelar:<\/p>\n<ul>\n<li>Ingen videochatt (endast textbaserad)<\/li>\n<li>Enstaka st\u00f6rande anv\u00e4ndare, som dock oftast hanteras snabbt<\/li>\n<li>Inga l\u00e5ngsiktiga profiler eller anv\u00e4ndarhistorik<\/li>\n<li>Rummens popularitet kan variera under l\u00e5gtrafikerade tider<\/li>\n<\/ul>\n<h2>Idealiska anv\u00e4ndningsfall<\/h2>\n<p>Chatiwi \u00e4r perfekt f\u00f6r:<\/p>\n<ul>\n<li>Alla som gillade klassiska Chatiw eller Chatib men vill ha en mer modern, mobilv\u00e4nlig upplevelse<\/li>\n<li>M\u00e4nniskor som s\u00f6ker ett snabbt, gratis och enkelt s\u00e4tt att chatta med fr\u00e4mlingar<\/li>\n<li>Expats, resen\u00e4rer eller spr\u00e5kstuderande som vill skapa kontakter \u00f6ver hela v\u00e4rlden<\/li>\n<li>Anv\u00e4ndare som v\u00e4rdes\u00e4tter integritet och enkelhet n\u00e4r de umg\u00e5s online<\/li>\n<\/ul>\n<p>Mindre idealisk f\u00f6r:<\/p>\n<ul>\n<li>De som specifikt s\u00f6ker plattformar f\u00f6r videochatt<\/li>\n<li>Anv\u00e4ndare under 18 \u00e5r (plattformen \u00e4r endast f\u00f6r vuxna)<\/li>\n<li>Personer som vill ha avancerade matchnings- eller dejtingfunktioner<\/li>\n<\/ul>\n<p>Chatiwi \u00e4r ett f\u00f6rstklassigt alternativ till Chatiw och Chatib och erbjuder det b\u00e4sta av klassiska onlinechattrum med en modern twist. Snabbt, gratis, anonymt och mobilanpassat, det \u00e4r ett av de enklaste s\u00e4tten att tr\u00e4ffa nya m\u00e4nniskor, f\u00e5 v\u00e4nner eller njuta av en livlig gruppchatt 2025.<\/p>\n<p>Med effektiv moderering, en anv\u00e4ndarv\u00e4nlig design och en v\u00e4lkomnande global gemenskap levererar Chatiwi exakt vad anv\u00e4ndarna vill ha fr\u00e5n en chattrumsplattform - spontana, \u00e4kta och s\u00e4kra konversationer, n\u00e4r som helst och var som helst.<\/p>\n<p>Om du letar efter ett enkelt, tillg\u00e4ngligt chattrum att g\u00e5 med i idag \u00e4r Chatiwi absolut v\u00e4rt ett f\u00f6rs\u00f6k.<\/p>","protected":false},"excerpt":{"rendered":"<p>The world of online chat rooms has evolved rapidly, but the demand for simple, instant, and anonymous social platforms is stronger than ever. As older sites like Chatiw and Chatib struggle to keep up with modern user expectations, Chatiwi steps in as a new alternative\u2014offering classic live chat rooms, private messaging, and a friendly, global [&hellip;]<\/p>\n","protected":false},"author":6,"featured_media":0,"parent":0,"menu_order":0,"comment_status":"closed","ping_status":"closed","template":"","meta":{"footnotes":""},"class_list":["post-12942","page","type-page","status-publish","hentry"],"yoast_head":"<!-- This site is optimized with the Yoast SEO plugin v27.4 - https:\/\/yoast.com\/product\/yoast-seo-wordpress\/ -->\n<title>Chatiwi - Your Anonymous Encrypted Chat - StrangerCam<\/title>\n<meta name=\"description\" content=\"Like Chatiwi? Come chat with more than 5.000.000 strangers on Stranger Cam for Free! Turn on your cam and find new friends &amp; maby a match!\" \/>\n<meta name=\"robots\" content=\"index, follow, max-snippet:-1, max-image-preview:large, max-video-preview:-1\" \/>\n<link rel=\"canonical\" href=\"https:\/\/strangercam.com\/sv\/chatiwi\/\" \/>\n<meta property=\"og:locale\" content=\"sv_SE\" \/>\n<meta property=\"og:type\" content=\"article\" \/>\n<meta property=\"og:title\" content=\"Chatiwi - Your Anonymous Encrypted Chat - StrangerCam\" \/>\n<meta property=\"og:description\" content=\"Like Chatiwi? Come chat with more than 5.000.000 strangers on Stranger Cam for Free! Turn on your cam and find new friends &amp; maby a match!\" \/>\n<meta property=\"og:url\" content=\"https:\/\/strangercam.com\/sv\/chatiwi\/\" \/>\n<meta property=\"og:site_name\" content=\"Strangercam\" \/>\n<meta property=\"article:publisher\" content=\"https:\/\/www.facebook.com\/strangercam\" \/>\n<meta property=\"og:image\" content=\"https:\/\/strangercam.com\/wp-content\/uploads\/2021\/10\/Untitled-2.png\" \/>\n\t<meta property=\"og:image:width\" content=\"800\" \/>\n\t<meta property=\"og:image:height\" content=\"532\" \/>\n\t<meta property=\"og:image:type\" content=\"image\/png\" \/>\n<meta name=\"twitter:card\" content=\"summary_large_image\" \/>\n<meta name=\"twitter:site\" content=\"@strangercamapp\" \/>\n<meta name=\"twitter:label1\" content=\"Ber\u00e4knad l\u00e4stid\" \/>\n\t<meta name=\"twitter:data1\" content=\"6 minuter\" \/>\n<script type=\"application\/ld+json\" class=\"yoast-schema-graph\">{\"@context\":\"https:\\\/\\\/schema.org\",\"@graph\":[{\"@type\":\"WebPage\",\"@id\":\"https:\\\/\\\/strangercam.com\\\/chatiwi\\\/\",\"url\":\"https:\\\/\\\/strangercam.com\\\/chatiwi\\\/\",\"name\":\"Chatiwi - Your Anonymous Encrypted Chat - StrangerCam\",\"isPartOf\":{\"@id\":\"https:\\\/\\\/strangercam.com\\\/#website\"},\"datePublished\":\"2025-07-28T09:02:46+00:00\",\"description\":\"Like Chatiwi? Come chat with more than 5.000.000 strangers on Stranger Cam for Free! Turn on your cam and find new friends & maby a match!\",\"breadcrumb\":{\"@id\":\"https:\\\/\\\/strangercam.com\\\/chatiwi\\\/#breadcrumb\"},\"inLanguage\":\"sv-SE\",\"potentialAction\":[{\"@type\":\"ReadAction\",\"target\":[\"https:\\\/\\\/strangercam.com\\\/chatiwi\\\/\"]}]},{\"@type\":\"BreadcrumbList\",\"@id\":\"https:\\\/\\\/strangercam.com\\\/chatiwi\\\/#breadcrumb\",\"itemListElement\":[{\"@type\":\"ListItem\",\"position\":1,\"name\":\"Home\",\"item\":\"https:\\\/\\\/strangercam.com\\\/\"},{\"@type\":\"ListItem\",\"position\":2,\"name\":\"Chatiwi\"}]},{\"@type\":\"WebSite\",\"@id\":\"https:\\\/\\\/strangercam.com\\\/#website\",\"url\":\"https:\\\/\\\/strangercam.com\\\/\",\"name\":\"Strangercam\",\"description\":\"Random Video Chat with Strangers\",\"publisher\":{\"@id\":\"https:\\\/\\\/strangercam.com\\\/#organization\"},\"alternateName\":\"Strangercam.com\",\"potentialAction\":[{\"@type\":\"SearchAction\",\"target\":{\"@type\":\"EntryPoint\",\"urlTemplate\":\"https:\\\/\\\/strangercam.com\\\/?s={search_term_string}\"},\"query-input\":{\"@type\":\"PropertyValueSpecification\",\"valueRequired\":true,\"valueName\":\"search_term_string\"}}],\"inLanguage\":\"sv-SE\"},{\"@type\":\"Organization\",\"@id\":\"https:\\\/\\\/strangercam.com\\\/#organization\",\"name\":\"Strangercam\",\"alternateName\":\"Strangercam.com\",\"url\":\"https:\\\/\\\/strangercam.com\\\/\",\"logo\":{\"@type\":\"ImageObject\",\"inLanguage\":\"sv-SE\",\"@id\":\"https:\\\/\\\/strangercam.com\\\/#\\\/schema\\\/logo\\\/image\\\/\",\"url\":\"https:\\\/\\\/strangercam.com\\\/wp-content\\\/uploads\\\/2020\\\/11\\\/cropped-new-favicon-black.png\",\"contentUrl\":\"https:\\\/\\\/strangercam.com\\\/wp-content\\\/uploads\\\/2020\\\/11\\\/cropped-new-favicon-black.png\",\"width\":512,\"height\":512,\"caption\":\"Strangercam\"},\"image\":{\"@id\":\"https:\\\/\\\/strangercam.com\\\/#\\\/schema\\\/logo\\\/image\\\/\"},\"sameAs\":[\"https:\\\/\\\/www.facebook.com\\\/strangercam\",\"https:\\\/\\\/x.com\\\/strangercamapp\"]}]}<\/script>\n<!-- \/ Yoast SEO plugin. -->","yoast_head_json":{"title":"Chatiwi - Din anonyma krypterade chatt - StrangerCam","description":"Gillar du Chatiwi? Kom och chatta med mer \u00e4n 5.000.000 fr\u00e4mlingar p\u00e5 Stranger Cam helt gratis! Sl\u00e5 p\u00e5 din kamera och hitta nya v\u00e4nner och kanske en match!","robots":{"index":"index","follow":"follow","max-snippet":"max-snippet:-1","max-image-preview":"max-image-preview:large","max-video-preview":"max-video-preview:-1"},"canonical":"https:\/\/strangercam.com\/sv\/chatiwi\/","og_locale":"sv_SE","og_type":"article","og_title":"Chatiwi - Your Anonymous Encrypted Chat - StrangerCam","og_description":"Like Chatiwi? Come chat with more than 5.000.000 strangers on Stranger Cam for Free! Turn on your cam and find new friends & maby a match!","og_url":"https:\/\/strangercam.com\/sv\/chatiwi\/","og_site_name":"Strangercam","article_publisher":"https:\/\/www.facebook.com\/strangercam","og_image":[{"width":800,"height":532,"url":"https:\/\/strangercam.com\/wp-content\/uploads\/2021\/10\/Untitled-2.png","type":"image\/png"}],"twitter_card":"summary_large_image","twitter_site":"@strangercamapp","twitter_misc":{"Ber\u00e4knad l\u00e4stid":"6 minuter"},"schema":{"@context":"https:\/\/schema.org","@graph":[{"@type":"WebPage","@id":"https:\/\/strangercam.com\/chatiwi\/","url":"https:\/\/strangercam.com\/chatiwi\/","name":"Chatiwi - Din anonyma krypterade chatt - StrangerCam","isPartOf":{"@id":"https:\/\/strangercam.com\/#website"},"datePublished":"2025-07-28T09:02:46+00:00","description":"Gillar du Chatiwi? Kom och chatta med mer \u00e4n 5.000.000 fr\u00e4mlingar p\u00e5 Stranger Cam helt gratis! Sl\u00e5 p\u00e5 din kamera och hitta nya v\u00e4nner och kanske en match!","breadcrumb":{"@id":"https:\/\/strangercam.com\/chatiwi\/#breadcrumb"},"inLanguage":"sv-SE","potentialAction":[{"@type":"ReadAction","target":["https:\/\/strangercam.com\/chatiwi\/"]}]},{"@type":"BreadcrumbList","@id":"https:\/\/strangercam.com\/chatiwi\/#breadcrumb","itemListElement":[{"@type":"ListItem","position":1,"name":"Home","item":"https:\/\/strangercam.com\/"},{"@type":"ListItem","position":2,"name":"Chatiwi"}]},{"@type":"WebSite","@id":"https:\/\/strangercam.com\/#website","url":"https:\/\/strangercam.com\/","name":"Strangercam","description":"Slumpm\u00e4ssig videochatt med fr\u00e4mlingar","publisher":{"@id":"https:\/\/strangercam.com\/#organization"},"alternateName":"Strangercam.com","potentialAction":[{"@type":"SearchAction","target":{"@type":"EntryPoint","urlTemplate":"https:\/\/strangercam.com\/?s={search_term_string}"},"query-input":{"@type":"PropertyValueSpecification","valueRequired":true,"valueName":"search_term_string"}}],"inLanguage":"sv-SE"},{"@type":"Organization","@id":"https:\/\/strangercam.com\/#organization","name":"Strangercam","alternateName":"Strangercam.com","url":"https:\/\/strangercam.com\/","logo":{"@type":"ImageObject","inLanguage":"sv-SE","@id":"https:\/\/strangercam.com\/#\/schema\/logo\/image\/","url":"https:\/\/strangercam.com\/wp-content\/uploads\/2020\/11\/cropped-new-favicon-black.png","contentUrl":"https:\/\/strangercam.com\/wp-content\/uploads\/2020\/11\/cropped-new-favicon-black.png","width":512,"height":512,"caption":"Strangercam"},"image":{"@id":"https:\/\/strangercam.com\/#\/schema\/logo\/image\/"},"sameAs":["https:\/\/www.facebook.com\/strangercam","https:\/\/x.com\/strangercamapp"]}]}},"_links":{"self":[{"href":"https:\/\/strangercam.com\/sv\/wp-json\/wp\/v2\/pages\/12942","targetHints":{"allow":["GET"]}}],"collection":[{"href":"https:\/\/strangercam.com\/sv\/wp-json\/wp\/v2\/pages"}],"about":[{"href":"https:\/\/strangercam.com\/sv\/wp-json\/wp\/v2\/types\/page"}],"author":[{"embeddable":true,"href":"https:\/\/strangercam.com\/sv\/wp-json\/wp\/v2\/users\/6"}],"replies":[{"embeddable":true,"href":"https:\/\/strangercam.com\/sv\/wp-json\/wp\/v2\/comments?post=12942"}],"version-history":[{"count":1,"href":"https:\/\/strangercam.com\/sv\/wp-json\/wp\/v2\/pages\/12942\/revisions"}],"predecessor-version":[{"id":12943,"href":"https:\/\/strangercam.com\/sv\/wp-json\/wp\/v2\/pages\/12942\/revisions\/12943"}],"wp:attachment":[{"href":"https:\/\/strangercam.com\/sv\/wp-json\/wp\/v2\/media?parent=12942"}],"curies":[{"name":"wp","href":"https:\/\/api.w.org\/{rel}","templated":true}]}}