{"id":12939,"date":"2025-07-28T11:00:18","date_gmt":"2025-07-28T09:00:18","guid":{"rendered":"https:\/\/strangercam.com\/?page_id=12939"},"modified":"2025-07-28T11:00:18","modified_gmt":"2025-07-28T09:00:18","slug":"chitchattv","status":"publish","type":"page","link":"https:\/\/strangercam.com\/sv\/chitchattv\/","title":{"rendered":"ChitChatTV"},"content":{"rendered":"<p>Med uppkomsten (och ibland nedg\u00e5ngen) av popul\u00e4ra video <a href=\"https:\/\/strangercam.com\/sv\/chathub\/\">chatt<\/a> appar som Monkey, Azar och <a href=\"https:\/\/strangercam.com\/sv\/ometv\/\">OmeTV<\/a>, har onlinechatscenen aldrig varit mer konkurrenskraftig - eller mer innovativ. ChitChatTV \u00e4r en ny utmanare i det slumpm\u00e4ssiga videochattutrymmet och lovar omedelbara, globala, en-mot-en-anslutningar och en livlig, mobilv\u00e4nlig upplevelse som tilltalar TikTok-generationen och d\u00e4refter.<\/p>\n<p>Levererar ChitChatTV d\u00e4r dess f\u00f6reg\u00e5ngare slutade? Hur fungerar det, vem \u00e4r det till f\u00f6r och \u00e4r det verkligen det b\u00e4sta nya s\u00e4ttet att <a href=\"https:\/\/strangercam.com\/sv\/coomeet\/\">tr\u00e4ffas<\/a> fr\u00e4mlingar online? I den h\u00e4r djupg\u00e5ende recensionen utforskar vi allt du beh\u00f6ver veta om ChitChatTV: dess funktioner, anv\u00e4ndarupplevelse, s\u00e4kerhetsstandarder och hur det st\u00e5r sig mot de st\u00f6rsta namnen inom videochatt f\u00f6r 2025.<\/p>\n<h2>Vad \u00e4r ChitChatTV?<\/h2>\n<p>ChitChatTV \u00e4r en modern, webbl\u00e4sarbaserad slumpm\u00e4ssig videochattplattform som ansluter dig direkt till fr\u00e4mlingar fr\u00e5n hela v\u00e4rlden f\u00f6r privata, live, ansikte mot ansikte-konversationer. Liksom Monkey och OmeTV \u00e4r ChitChatTV utformad f\u00f6r spontana anslutningar i realtid, utan krav p\u00e5 registrering och med fokus p\u00e5 snabbhet, enkelhet och kul.<\/p>\n<p>Plattformen v\u00e4nder sig till en m\u00e5ngfaldig, internationell publik - oavsett om du vill skaffa v\u00e4nner, \u00f6va p\u00e5 ett spr\u00e5k, flirta eller bara f\u00f6rdriva tiden i en s\u00e4ker, social milj\u00f6. Med en stark mobil-f\u00f6rst-design \u00e4r ChitChatTV l\u00e4tt att anv\u00e4nda p\u00e5 b\u00e5de telefoner och station\u00e4ra datorer, vilket g\u00f6r den tillg\u00e4nglig f\u00f6r anv\u00e4ndare var de \u00e4n \u00e4r.<\/p>\n<h2>Vad \u00e4r syftet med ChitChatTV?<\/h2>\n<p>ChitChatTV:s uppdrag \u00e4r att \u00e5teruppliva sp\u00e4nningen i att tr\u00e4ffa nya m\u00e4nniskor online i en s\u00e4ker, anv\u00e4ndarv\u00e4nlig och modern milj\u00f6. Det sticker ut genom att betona:<\/p>\n<ul>\n<li>Snabb, friktionsfri \u00e5tkomst - inga nedladdningar, inga profiler, inga sociala medier kr\u00e4vs<\/li>\n<li>Verklig, oskriptad m\u00e4nsklig interaktion, snarare \u00e4n kuraterat eller algoritmiskt inneh\u00e5ll<\/li>\n<li>En fr\u00e4sch, ungdomlig atmosf\u00e4r som attraherar b\u00e5de Gen Z och millennials som s\u00f6ker mer genuina digitala sociala upplevelser<\/li>\n<\/ul>\n<p>Oavsett om du vill ha ett snabbt skratt, en internationell v\u00e4n eller ett roligt s\u00e4tt att slippa tristess, \u00e4r ChitChatTV utformad f\u00f6r att vara platsen d\u00e4r globala konversationer b\u00f6rjar.<\/p>\n<h2>Viktiga funktioner<\/h2>\n<p>1. Omedelbar slumpm\u00e4ssig videochatt<br \/>\nChitChatTV:s fr\u00e4msta funktion \u00e4r dess videochatt: klicka f\u00f6r att starta och du matchas direkt med en annan onlineanv\u00e4ndare f\u00f6r en privat, direkts\u00e4nd konversation. Det finns ingen v\u00e4ntan p\u00e5 godk\u00e4nnande, matchning eller rumsk\u00f6er - bara du och din chattpartner, ansikte mot ansikte.<\/p>\n<p>2. N\u00e4sta\/Skippa-knapp f\u00f6r snabb matchning<br \/>\nOm du inte k\u00e4nner f\u00f6r en viss konversation kan du hoppa till n\u00e4sta anv\u00e4ndare direkt. Denna snabbcyklande upplevelse efterliknar den beroendeframkallande, snabba stil som gjorde Monkey och <a href=\"https:\/\/strangercam.com\/sv\/omegle\/\">Omegle<\/a> popul\u00e4r.<\/p>\n<p>3. Textchatt och emojis<br \/>\nF\u00f6rutom video kan du skicka textmeddelanden och emojis i chatten. Detta \u00e4r perfekt f\u00f6r att bryta isen, dela sk\u00e4mt eller kommunicera n\u00e4r det finns spr\u00e5kbarri\u00e4rer.<\/p>\n<p>4. Ingen registrering eller skapande av konto<br \/>\nChitChatTV handlar om integritet och hastighet. Anv\u00e4ndarna beh\u00f6ver inte registrera sig eller uppge personuppgifter f\u00f6r att b\u00f6rja chatta, vilket g\u00f6r upplevelsen anonym och problemfri.<\/p>\n<p>5. Mobil-f\u00f6rst, responsiv design<br \/>\nPlattformen fungerar s\u00f6ml\u00f6st i b\u00e5de mobila och station\u00e4ra webbl\u00e4sare. Anv\u00e4ndargr\u00e4nssnittet \u00e4r pekoptimerat, snabbt att ladda och l\u00e4tt att navigera, vilket g\u00f6r det perfekt f\u00f6r att chatta n\u00e4r du \u00e4r p\u00e5 spr\u00e5ng.<\/p>\n<p>6. Global r\u00e4ckvidd och flerspr\u00e5kig gemenskap<br \/>\nChitChatTV kopplar samman m\u00e4nniskor fr\u00e5n hela v\u00e4rlden, vilket g\u00f6r det enkelt att tr\u00e4ffa nya v\u00e4nner, \u00f6va p\u00e5 olika spr\u00e5k och uppleva en m\u00e4ngd olika kulturer i realtid.<\/p>\n<p>7. Verktyg f\u00f6r s\u00e4kerhet och moderering<br \/>\nAnv\u00e4ndars\u00e4kerheten st\u00f6ds med en rapporteringsknapp i chatten och modereringssystem (b\u00e5de AI-drivna och m\u00e4nskligt granskade) som syftar till att begr\u00e4nsa ol\u00e4mpligt beteende och h\u00e5lla plattformen v\u00e4lkomnande f\u00f6r alla.<\/p>\n<h2>\u00c4r ChitChatTV gratis?<\/h2>\n<p>Ja, ChitChatTV \u00e4r helt gratis att anv\u00e4nda. Det finns det:<\/p>\n<ul>\n<li>Inga betalv\u00e4ggar, prenumerationer eller tokens<\/li>\n<li>Obegr\u00e4nsad tillg\u00e5ng till video- och textchatt<\/li>\n<li>Inget behov av premiumkonton f\u00f6r att l\u00e5sa upp funktioner<\/li>\n<\/ul>\n<p>\u00c4ven om det kan f\u00f6rekomma enstaka icke-p\u00e5tr\u00e4ngande annonser f\u00f6r att st\u00f6dja plattformen har alla anv\u00e4ndare lika tillg\u00e5ng till den grundl\u00e4ggande chattupplevelsen.<\/p>\n<h2>Vem anv\u00e4nder ChitChatTV?<\/h2>\n<p>ChitChatTV:s design och atmosf\u00e4r attraherar en bred internationell publik:<\/p>\n<ul>\n<li>\u00c5ldersintervall: Fr\u00e4mst 18-30 \u00e5r, men vuxna i alla \u00e5ldrar deltar<\/li>\n<li>Anv\u00e4ndarbas: Studenter, unga yrkesverksamma, resen\u00e4rer, digitala nomader, spr\u00e5kinl\u00e4rare och tillf\u00e4lliga chattare<\/li>\n<li>Platser: Aktiva anv\u00e4ndarbaser i USA, Storbritannien, Europa, Brasilien, Indien, Sydostasien m.fl.<\/li>\n<\/ul>\n<p>Anv\u00e4ndarna ansluter sig till ChitChatTV av olika anledningar:<\/p>\n<ul>\n<li>F\u00e5 nya v\u00e4nner och ut\u00f6ka sin globala umg\u00e4ngeskrets<\/li>\n<li>Flirta eller hitta likasinnade singlar i en trygg milj\u00f6 med l\u00e5gt tryck<\/li>\n<li>Praktisera spr\u00e5k eller l\u00e4ra sig om olika kulturer<\/li>\n<li>F\u00f6rdriva tiden, fly fr\u00e5n tristess eller s\u00f6ka \u00e4kta konversationer<\/li>\n<\/ul>\n<h2>S\u00e4kerhet, integritet och moderering<\/h2>\n<p>ChitChatTV f\u00f6rst\u00e5r att integritet och s\u00e4kerhet \u00e4r avg\u00f6rande f\u00f6r videochattplattformar och genomf\u00f6r flera \u00e5tg\u00e4rder f\u00f6r att skydda anv\u00e4ndare:<\/p>\n<h3>Integritet<\/h3>\n<ul>\n<li>Inga konton, registreringar eller personlig information kr\u00e4vs<\/li>\n<li>Chattar sparas inte eller offentligg\u00f6rs inte<\/li>\n<li>Du kontrollerar alltid \u00e5tkomsten till din webbkamera och mikrofon<\/li>\n<\/ul>\n<h3>Moderering<\/h3>\n<ul>\n<li>Rapportering i chatt i realtid: Rapportera enkelt alla ol\u00e4mpliga beteenden<\/li>\n<li>AI-baserad uppt\u00e4ckt: Filtrerar och blockerar visst explicit inneh\u00e5ll<\/li>\n<li>M\u00e4nskliga moderatorer: Granskar flaggade anv\u00e4ndare och uppr\u00e4tth\u00e5ller community-riktlinjer<\/li>\n<li>Snabb blockering: Hoppa direkt \u00f6ver eller blockera n\u00e5gon som g\u00f6r dig obekv\u00e4m<\/li>\n<\/ul>\n<h3>Tips f\u00f6r anv\u00e4ndare<\/h3>\n<ul>\n<li>Dela aldrig personliga uppgifter som fullst\u00e4ndigt namn, adress eller l\u00e4nkar till sociala medier<\/li>\n<li>Anv\u00e4nd knapparna \"N\u00e4sta\" och \"Rapportera\" efter behov<\/li>\n<li>Avsluta alla chattar som k\u00e4nns obehagliga eller misst\u00e4nkta<\/li>\n<\/ul>\n<p>ChitChatTV \u00e4r endast f\u00f6r vuxna (18+), och anv\u00e4ndare uppmanas att h\u00e5lla interaktioner respektfulla och l\u00e4ttsamma.<\/p>\n<h2>Anv\u00e4ndarupplevelse och design<\/h2>\n<p>ChitChatTV levererar ett modernt, enkelt och intuitivt gr\u00e4nssnitt. P\u00e5 hemsidan finns en tydlig \"Starta chatt\"-knapp och tydlig information om sekretess och regler. Med bara tv\u00e5 klick \u00e4r du live i en privat chatt.<\/p>\n<p>H\u00f6jdpunkter:<\/p>\n<ul>\n<li>Snabb laddning och n\u00e4stan omedelbar matchning<\/li>\n<li>Stora, tydliga videof\u00f6nster f\u00f6r enkla konversationer ansikte mot ansikte<\/li>\n<li>Smidiga kontroller f\u00f6r att st\u00e4nga av, hoppa \u00f6ver, rapportera och avsluta chattar<\/li>\n<li>Ren, l\u00e4tt\u00f6versk\u00e5dlig layout utan popup-f\u00f6nster eller skr\u00e4p<\/li>\n<li>Stark mobilkompatibilitet f\u00f6r chatt var som helst, n\u00e4r som helst<\/li>\n<\/ul>\n<p>J\u00e4mf\u00f6rt med \u00e4ldre chattwebbplatser k\u00e4nns ChitChatTV l\u00e4ttare, snabbare och mer engagerande - s\u00e4rskilt f\u00f6r yngre, mobilkunniga m\u00e5lgrupper.<\/p>\n<h2>ChitChatTV vs andra plattformar f\u00f6r videochatt<\/h2>\n<p>Hur st\u00e5r sig ChitChatTV j\u00e4mf\u00f6rt med ledande videochattappar 2025?<\/p>\n<table>\n<thead>\n<tr>\n<th>Funktion<\/th>\n<th>ChitChatTV<\/th>\n<th>Apa<\/th>\n<th>Azar<\/th>\n<th>OmeTV<\/th>\n<th>Chaty<\/th>\n<\/tr>\n<\/thead>\n<tbody>\n<tr>\n<td>Slumpm\u00e4ssig videochatt<\/td>\n<td>Ja<\/td>\n<td>Ja<\/td>\n<td>Ja<\/td>\n<td>Ja<\/td>\n<td>Ja<\/td>\n<\/tr>\n<tr>\n<td>Alternativ f\u00f6r textchatt<\/td>\n<td>Ja<\/td>\n<td>Ja<\/td>\n<td>Ja<\/td>\n<td>Ja<\/td>\n<td>Ja<\/td>\n<\/tr>\n<tr>\n<td>Registrering kr\u00e4vs<\/td>\n<td>Nej<\/td>\n<td>Ja<\/td>\n<td>Ja<\/td>\n<td>Nej<\/td>\n<td>Nej<\/td>\n<\/tr>\n<tr>\n<td>Mobilanpassad<\/td>\n<td>Utm\u00e4rkt<\/td>\n<td>Utm\u00e4rkt<\/td>\n<td>Utm\u00e4rkt<\/td>\n<td>Bra<\/td>\n<td>Utm\u00e4rkt<\/td>\n<\/tr>\n<tr>\n<td>Filter f\u00f6r k\u00f6n\/region<\/td>\n<td>Nej<\/td>\n<td>Nej<\/td>\n<td>Betalade<\/td>\n<td>Betalade<\/td>\n<td>Nej<\/td>\n<\/tr>\n<tr>\n<td>Gratis att anv\u00e4nda<\/td>\n<td>Ja<\/td>\n<td>Ja<\/td>\n<td>Ja\/betald<\/td>\n<td>Ja\/betald<\/td>\n<td>Ja<\/td>\n<\/tr>\n<tr>\n<td>Moderering\/Rapportering<\/td>\n<td>Bra<\/td>\n<td>M\u00e5ttlig<\/td>\n<td>Bra<\/td>\n<td>Stark<\/td>\n<td>M\u00e5ttlig<\/td>\n<\/tr>\n<\/tbody>\n<\/table>\n<p>Sammanfattning: ChitChatTV matchar den spontana, snabba atmosf\u00e4ren hos Monkey och Azar, men sticker ut f\u00f6r sin verkligt anonyma, icke-registreringskr\u00e4vande strategi och utm\u00e4rkt mobil support.<\/p>\n<h2>F\u00f6r- och nackdelar<\/h2>\n<p>F\u00f6rdelar:<\/p>\n<ul>\n<li>100% gratis och tillg\u00e4ngligt - ingen registrering eller app beh\u00f6vs<\/li>\n<li>Snabb, anonym matchning f\u00f6r global videochatt p\u00e5 tu man hand<\/li>\n<li>Modernt, mobiloptimerat gr\u00e4nssnitt<\/li>\n<li>Enkel textchatt och st\u00f6d f\u00f6r emoji<\/li>\n<li>Robusta verktyg f\u00f6r s\u00e4kerhet, rapportering och moderering<\/li>\n<li>V\u00e4lkomnande f\u00f6r anv\u00e4ndare fr\u00e5n hela v\u00e4rlden<\/li>\n<\/ul>\n<p>Nackdelar:<\/p>\n<ul>\n<li>Inga filter f\u00f6r k\u00f6n eller region (matcherna \u00e4r helt slumpm\u00e4ssiga)<\/li>\n<li>Tillf\u00e4lligt ol\u00e4mpligt beteende, trots m\u00e5ttfullhet<\/li>\n<li>Fler manliga \u00e4n kvinnliga anv\u00e4ndare (vanligt i denna nisch)<\/li>\n<li>Inga profiler, v\u00e4nlistor eller m\u00f6jlighet att \u00e5teransluta<\/li>\n<li>Endast f\u00f6r vuxna (18+)<\/li>\n<\/ul>\n<h2>Idealiska anv\u00e4ndningsfall<\/h2>\n<p>ChitChatTV \u00e4r perfekt f\u00f6r:<\/p>\n<ul>\n<li>Fans av Monkey, OmeTV och Azar som vill ha en ny, anonym videochattupplevelse<\/li>\n<li>Unga vuxna och studenter som vill ut\u00f6ka sitt globala sociala n\u00e4tverk<\/li>\n<li>Spr\u00e5kinl\u00e4rare, resen\u00e4rer och expats som s\u00f6ker spontant kulturellt utbyte<\/li>\n<li>Alla som vill f\u00f6rdriva tiden, f\u00e5 v\u00e4nner eller hitta en flirtig chattpartner i en s\u00e4ker milj\u00f6<\/li>\n<\/ul>\n<p>Det \u00e4r mindre idealiskt f\u00f6r:<\/p>\n<ul>\n<li>Anv\u00e4ndare under 18 \u00e5r (strikt \u00e5lderskrav)<\/li>\n<li>De som letar efter dejtingspecifika filter, matchningar eller l\u00e5ngvariga relationer<\/li>\n<li>M\u00e4nniskor som k\u00e4nner sig obekv\u00e4ma med interaktion i direkts\u00e4nd video utan manus<\/li>\n<\/ul>\n<p>ChitChatTV \u00e4r ett modernt, anv\u00e4ndarv\u00e4nligt alternativ till de mest popul\u00e4ra slumpm\u00e4ssiga videochattplattformarna, vilket ger snabba, anonyma och globala anslutningar till n\u00e4sta generation av onlinechattare. Med sitt rena gr\u00e4nssnitt, mobila f\u00f6rst design och engagemang f\u00f6r anv\u00e4ndarnas integritet f\u00e5ngar ChitChatTV sp\u00e4nningen i klassisk chatt <a href=\"https:\/\/strangercam.com\/sv\/chatroulette\/\">roulette<\/a> men med en s\u00e4krare och fr\u00e4schare k\u00e4nsla f\u00f6r 2025.<\/p>\n<p>Om du \u00e4r redo att uppt\u00e4cka nya ansikten, f\u00e5 v\u00e4nner eller bara ha kul n\u00e4r du pratar med fr\u00e4mlingar runt om i v\u00e4rlden \u00e4r ChitChatTV absolut v\u00e4rt ett f\u00f6rs\u00f6k - ingen registrering, inget kr\u00e5ngel, bara livekonversation.<\/p>","protected":false},"excerpt":{"rendered":"<p>With the rise (and sometimes fall) of popular video chat apps like Monkey, Azar, and OmeTV, the online chat scene has never been more competitive\u2014or more innovative. ChitChatTV is a new contender in the random video chat space, promising instant, global, one-on-one connections and a lively, mobile-friendly experience that appeals to the TikTok generation and [&hellip;]<\/p>\n","protected":false},"author":6,"featured_media":0,"parent":0,"menu_order":0,"comment_status":"closed","ping_status":"closed","template":"","meta":{"footnotes":""},"class_list":["post-12939","page","type-page","status-publish","hentry"],"yoast_head":"<!-- This site is optimized with the Yoast SEO plugin v27.4 - https:\/\/yoast.com\/product\/yoast-seo-wordpress\/ -->\n<title>ChitChatTV - ChitChat Video Chat - StrangerCam<\/title>\n<meta name=\"description\" content=\"Like ChitChatTV? Come chat with more than 5.000.000 strangers on Stranger Cam for Free! Turn on your cam and find new friends &amp; maby a match!\" \/>\n<meta name=\"robots\" content=\"index, follow, max-snippet:-1, max-image-preview:large, max-video-preview:-1\" \/>\n<link rel=\"canonical\" href=\"https:\/\/strangercam.com\/sv\/chitchattv\/\" \/>\n<meta property=\"og:locale\" content=\"sv_SE\" \/>\n<meta property=\"og:type\" content=\"article\" \/>\n<meta property=\"og:title\" content=\"ChitChatTV - ChitChat Video Chat - StrangerCam\" \/>\n<meta property=\"og:description\" content=\"Like ChitChatTV? Come chat with more than 5.000.000 strangers on Stranger Cam for Free! Turn on your cam and find new friends &amp; maby a match!\" \/>\n<meta property=\"og:url\" content=\"https:\/\/strangercam.com\/sv\/chitchattv\/\" \/>\n<meta property=\"og:site_name\" content=\"Strangercam\" \/>\n<meta property=\"article:publisher\" content=\"https:\/\/www.facebook.com\/strangercam\" \/>\n<meta property=\"og:image\" content=\"https:\/\/strangercam.com\/wp-content\/uploads\/2021\/10\/Untitled-2.png\" \/>\n\t<meta property=\"og:image:width\" content=\"800\" \/>\n\t<meta property=\"og:image:height\" content=\"532\" \/>\n\t<meta property=\"og:image:type\" content=\"image\/png\" \/>\n<meta name=\"twitter:card\" content=\"summary_large_image\" \/>\n<meta name=\"twitter:site\" content=\"@strangercamapp\" \/>\n<meta name=\"twitter:label1\" content=\"Ber\u00e4knad l\u00e4stid\" \/>\n\t<meta name=\"twitter:data1\" content=\"6 minuter\" \/>\n<script type=\"application\/ld+json\" class=\"yoast-schema-graph\">{\"@context\":\"https:\\\/\\\/schema.org\",\"@graph\":[{\"@type\":\"WebPage\",\"@id\":\"https:\\\/\\\/strangercam.com\\\/chitchattv\\\/\",\"url\":\"https:\\\/\\\/strangercam.com\\\/chitchattv\\\/\",\"name\":\"ChitChatTV - ChitChat Video Chat - StrangerCam\",\"isPartOf\":{\"@id\":\"https:\\\/\\\/strangercam.com\\\/#website\"},\"datePublished\":\"2025-07-28T09:00:18+00:00\",\"description\":\"Like ChitChatTV? Come chat with more than 5.000.000 strangers on Stranger Cam for Free! Turn on your cam and find new friends & maby a match!\",\"breadcrumb\":{\"@id\":\"https:\\\/\\\/strangercam.com\\\/chitchattv\\\/#breadcrumb\"},\"inLanguage\":\"sv-SE\",\"potentialAction\":[{\"@type\":\"ReadAction\",\"target\":[\"https:\\\/\\\/strangercam.com\\\/chitchattv\\\/\"]}]},{\"@type\":\"BreadcrumbList\",\"@id\":\"https:\\\/\\\/strangercam.com\\\/chitchattv\\\/#breadcrumb\",\"itemListElement\":[{\"@type\":\"ListItem\",\"position\":1,\"name\":\"Home\",\"item\":\"https:\\\/\\\/strangercam.com\\\/\"},{\"@type\":\"ListItem\",\"position\":2,\"name\":\"ChitChatTV\"}]},{\"@type\":\"WebSite\",\"@id\":\"https:\\\/\\\/strangercam.com\\\/#website\",\"url\":\"https:\\\/\\\/strangercam.com\\\/\",\"name\":\"Strangercam\",\"description\":\"Random Video Chat with Strangers\",\"publisher\":{\"@id\":\"https:\\\/\\\/strangercam.com\\\/#organization\"},\"alternateName\":\"Strangercam.com\",\"potentialAction\":[{\"@type\":\"SearchAction\",\"target\":{\"@type\":\"EntryPoint\",\"urlTemplate\":\"https:\\\/\\\/strangercam.com\\\/?s={search_term_string}\"},\"query-input\":{\"@type\":\"PropertyValueSpecification\",\"valueRequired\":true,\"valueName\":\"search_term_string\"}}],\"inLanguage\":\"sv-SE\"},{\"@type\":\"Organization\",\"@id\":\"https:\\\/\\\/strangercam.com\\\/#organization\",\"name\":\"Strangercam\",\"alternateName\":\"Strangercam.com\",\"url\":\"https:\\\/\\\/strangercam.com\\\/\",\"logo\":{\"@type\":\"ImageObject\",\"inLanguage\":\"sv-SE\",\"@id\":\"https:\\\/\\\/strangercam.com\\\/#\\\/schema\\\/logo\\\/image\\\/\",\"url\":\"https:\\\/\\\/strangercam.com\\\/wp-content\\\/uploads\\\/2020\\\/11\\\/cropped-new-favicon-black.png\",\"contentUrl\":\"https:\\\/\\\/strangercam.com\\\/wp-content\\\/uploads\\\/2020\\\/11\\\/cropped-new-favicon-black.png\",\"width\":512,\"height\":512,\"caption\":\"Strangercam\"},\"image\":{\"@id\":\"https:\\\/\\\/strangercam.com\\\/#\\\/schema\\\/logo\\\/image\\\/\"},\"sameAs\":[\"https:\\\/\\\/www.facebook.com\\\/strangercam\",\"https:\\\/\\\/x.com\\\/strangercamapp\"]}]}<\/script>\n<!-- \/ Yoast SEO plugin. -->","yoast_head_json":{"title":"ChitChatTV - ChitChat Videochatt - StrangerCam","description":"Gillar du ChitChatTV? Kom och chatta med mer \u00e4n 5.000.000 fr\u00e4mlingar p\u00e5 Stranger Cam helt gratis! Sl\u00e5 p\u00e5 din kamera och hitta nya v\u00e4nner och kanske en match!","robots":{"index":"index","follow":"follow","max-snippet":"max-snippet:-1","max-image-preview":"max-image-preview:large","max-video-preview":"max-video-preview:-1"},"canonical":"https:\/\/strangercam.com\/sv\/chitchattv\/","og_locale":"sv_SE","og_type":"article","og_title":"ChitChatTV - ChitChat Video Chat - StrangerCam","og_description":"Like ChitChatTV? Come chat with more than 5.000.000 strangers on Stranger Cam for Free! Turn on your cam and find new friends & maby a match!","og_url":"https:\/\/strangercam.com\/sv\/chitchattv\/","og_site_name":"Strangercam","article_publisher":"https:\/\/www.facebook.com\/strangercam","og_image":[{"width":800,"height":532,"url":"https:\/\/strangercam.com\/wp-content\/uploads\/2021\/10\/Untitled-2.png","type":"image\/png"}],"twitter_card":"summary_large_image","twitter_site":"@strangercamapp","twitter_misc":{"Ber\u00e4knad l\u00e4stid":"6 minuter"},"schema":{"@context":"https:\/\/schema.org","@graph":[{"@type":"WebPage","@id":"https:\/\/strangercam.com\/chitchattv\/","url":"https:\/\/strangercam.com\/chitchattv\/","name":"ChitChatTV - ChitChat Videochatt - StrangerCam","isPartOf":{"@id":"https:\/\/strangercam.com\/#website"},"datePublished":"2025-07-28T09:00:18+00:00","description":"Gillar du ChitChatTV? Kom och chatta med mer \u00e4n 5.000.000 fr\u00e4mlingar p\u00e5 Stranger Cam helt gratis! Sl\u00e5 p\u00e5 din kamera och hitta nya v\u00e4nner och kanske en match!","breadcrumb":{"@id":"https:\/\/strangercam.com\/chitchattv\/#breadcrumb"},"inLanguage":"sv-SE","potentialAction":[{"@type":"ReadAction","target":["https:\/\/strangercam.com\/chitchattv\/"]}]},{"@type":"BreadcrumbList","@id":"https:\/\/strangercam.com\/chitchattv\/#breadcrumb","itemListElement":[{"@type":"ListItem","position":1,"name":"Home","item":"https:\/\/strangercam.com\/"},{"@type":"ListItem","position":2,"name":"ChitChatTV"}]},{"@type":"WebSite","@id":"https:\/\/strangercam.com\/#website","url":"https:\/\/strangercam.com\/","name":"Strangercam","description":"Slumpm\u00e4ssig videochatt med fr\u00e4mlingar","publisher":{"@id":"https:\/\/strangercam.com\/#organization"},"alternateName":"Strangercam.com","potentialAction":[{"@type":"SearchAction","target":{"@type":"EntryPoint","urlTemplate":"https:\/\/strangercam.com\/?s={search_term_string}"},"query-input":{"@type":"PropertyValueSpecification","valueRequired":true,"valueName":"search_term_string"}}],"inLanguage":"sv-SE"},{"@type":"Organization","@id":"https:\/\/strangercam.com\/#organization","name":"Strangercam","alternateName":"Strangercam.com","url":"https:\/\/strangercam.com\/","logo":{"@type":"ImageObject","inLanguage":"sv-SE","@id":"https:\/\/strangercam.com\/#\/schema\/logo\/image\/","url":"https:\/\/strangercam.com\/wp-content\/uploads\/2020\/11\/cropped-new-favicon-black.png","contentUrl":"https:\/\/strangercam.com\/wp-content\/uploads\/2020\/11\/cropped-new-favicon-black.png","width":512,"height":512,"caption":"Strangercam"},"image":{"@id":"https:\/\/strangercam.com\/#\/schema\/logo\/image\/"},"sameAs":["https:\/\/www.facebook.com\/strangercam","https:\/\/x.com\/strangercamapp"]}]}},"_links":{"self":[{"href":"https:\/\/strangercam.com\/sv\/wp-json\/wp\/v2\/pages\/12939","targetHints":{"allow":["GET"]}}],"collection":[{"href":"https:\/\/strangercam.com\/sv\/wp-json\/wp\/v2\/pages"}],"about":[{"href":"https:\/\/strangercam.com\/sv\/wp-json\/wp\/v2\/types\/page"}],"author":[{"embeddable":true,"href":"https:\/\/strangercam.com\/sv\/wp-json\/wp\/v2\/users\/6"}],"replies":[{"embeddable":true,"href":"https:\/\/strangercam.com\/sv\/wp-json\/wp\/v2\/comments?post=12939"}],"version-history":[{"count":2,"href":"https:\/\/strangercam.com\/sv\/wp-json\/wp\/v2\/pages\/12939\/revisions"}],"predecessor-version":[{"id":12941,"href":"https:\/\/strangercam.com\/sv\/wp-json\/wp\/v2\/pages\/12939\/revisions\/12941"}],"wp:attachment":[{"href":"https:\/\/strangercam.com\/sv\/wp-json\/wp\/v2\/media?parent=12939"}],"curies":[{"name":"wp","href":"https:\/\/api.w.org\/{rel}","templated":true}]}}