{"id":12909,"date":"2025-07-14T13:45:54","date_gmt":"2025-07-14T11:45:54","guid":{"rendered":"https:\/\/strangercam.com\/?page_id=12909"},"modified":"2025-07-14T13:46:15","modified_gmt":"2025-07-14T11:46:15","slug":"fox-video-chat","status":"publish","type":"page","link":"https:\/\/strangercam.com\/sv\/fox-video-chat\/","title":{"rendered":"Fox videochatt"},"content":{"rendered":"<p>S\u00f6kandet efter den perfekta slumpm\u00e4ssiga videon <a href=\"https:\/\/strangercam.com\/sv\/chathub\/\">chatt<\/a> forts\u00e4tter eftersom anv\u00e4ndarna s\u00f6ker s\u00e4kra, anonyma och roliga alternativ till klassiker som <a href=\"https:\/\/strangercam.com\/sv\/omegle\/\">Omegle<\/a> och <a href=\"https:\/\/strangercam.com\/sv\/chatroulette\/\">Chatroulette<\/a>. Fox Video Chat \u00e4r en av de senaste plattformarna f\u00f6r att f\u00e5nga \u00f6gat p\u00e5 den globala chattgemenskapen och lovar snabba anslutningar, enkel anv\u00e4ndning och en v\u00e4nlig milj\u00f6 f\u00f6r att tr\u00e4ffa fr\u00e4mlingar online.<\/p>\n<p>Men h\u00e5ller Fox Video Chat vad den lovar? Hur j\u00e4mf\u00f6r det sig med andra plattformar 2025? I den h\u00e4r detaljerade recensionen utforskar vi allt du beh\u00f6ver veta om Fox Video Chat - dess funktioner, anv\u00e4ndarbas, s\u00e4kerhetsverktyg och varf\u00f6r det kan vara din nya favoritplats f\u00f6r spontana onlinekonversationer.<\/p>\n<h2>Vad \u00e4r Fox Video Chat?<\/h2>\n<p>Fox Video Chat \u00e4r en webbl\u00e4sarbaserad, slumpm\u00e4ssig en-mot-en-videochattwebbplats designad f\u00f6r anv\u00e4ndare som vill ansluta direkt till fr\u00e4mlingar fr\u00e5n hela v\u00e4rlden. Utan registrering eller nedladdning kr\u00e4vs, Fox Video Chat s\u00e4tter enkelhet och hastighet i centrum f\u00f6r sin anv\u00e4ndarupplevelse.<\/p>\n<p>Precis som sina andliga f\u00f6reg\u00e5ngare matchar Fox Video Chat dig slumpm\u00e4ssigt med en annan anv\u00e4ndare f\u00f6r en privat konversation via webbkamera och mikrofon. Oavsett om du vill skaffa v\u00e4nner, flirta, \u00f6va p\u00e5 ett nytt spr\u00e5k eller bara f\u00f6rdriva tiden, erbjuder Fox Video Chat ett enkelt och friktionsfritt s\u00e4tt att delta i videochattar i realtid.<\/p>\n<h2>Vad \u00e4r syftet med Fox Video Chat?<\/h2>\n<p>Uppdraget f\u00f6r Fox Video Chat \u00e4r att g\u00f6ra det enkelt, roligt och s\u00e4kert att tr\u00e4ffa nya m\u00e4nniskor online. Plattformen tilltalar dem som:<\/p>\n<ul>\n<li>Vill ha anonym, oskriptad interaktion ansikte mot ansikte<\/li>\n<li>Saknar den klassiska Omegle-upplevelsen men vill ha moderna funktioner och en renare milj\u00f6<\/li>\n<li>S\u00f6ker sociala kontakter, underh\u00e5llning eller kulturellt utbyte<\/li>\n<li>V\u00e4rdes\u00e4tter integritet och vill inte registrera dig eller skapa en offentlig profil<\/li>\n<\/ul>\n<p>Fox Video Chat tar bort sociala fl\u00f6den, kuraterade profiler och matchningsalgoritmer f\u00f6r att fokusera p\u00e5 den r\u00e5a sp\u00e4nningen i slumpm\u00e4ssiga m\u00f6ten i realtid.<\/p>\n<h2>Viktiga funktioner<\/h2>\n<p>1. En-till-en slumpm\u00e4ssig videochatt<br \/>\nHj\u00e4rtat i Fox Video Chat \u00e4r dess snabba, anonyma, cam-to-cam-konversationer. Anv\u00e4ndare matchas omedelbart f\u00f6r privata videochattar, med friheten att hoppa \u00f6ver eller forts\u00e4tta n\u00e4r som helst.<\/p>\n<p>2. Skip\/Next-knapp<br \/>\nOm chatten inte passar dig kan du snabbt g\u00e5 vidare med knappen N\u00e4sta. \u00d6verg\u00e5ngarna mellan anv\u00e4ndare \u00e4r smidiga, vilket g\u00f6r interaktionerna dynamiska och sp\u00e4nnande.<\/p>\n<p>3. Alternativ f\u00f6r textchatt<br \/>\nFox Video Chat erbjuder ocks\u00e5 ett text-only-l\u00e4ge. Detta \u00e4r perfekt f\u00f6r anv\u00e4ndare som \u00e4r kameraskygga, har begr\u00e4nsad bandbredd eller helt enkelt f\u00f6redrar att skriva framf\u00f6r att prata.<\/p>\n<p>4. Ingen registrering kr\u00e4vs<br \/>\nEn av de st\u00f6rsta attraktionerna \u00e4r total anonymitet - inga konton, inga anv\u00e4ndarnamn, inga e-postadresser kr\u00e4vs. Du till\u00e5ter helt enkelt \u00e5tkomst till kamera och mikrofon, och sedan \u00e4r du redo att b\u00f6rja.<\/p>\n<p>5. Kompatibilitet mellan mobil och dator<br \/>\nPlattformen \u00e4r helt optimerad f\u00f6r b\u00e5de station\u00e4ra och mobila webbl\u00e4sare. Oavsett om du anv\u00e4nder en telefon, surfplatta eller b\u00e4rbar dator anpassar Fox Video Chats gr\u00e4nssnitt sig f\u00f6r en smidig upplevelse.<\/p>\n<p>6. Rent och modernt gr\u00e4nssnitt<br \/>\nFox Video Chat erbjuder ett minimalt och intuitivt anv\u00e4ndargr\u00e4nssnitt. Fokus ligger p\u00e5 stora videof\u00f6nster, enkla kontroller och en distraktionsfri layout. Allt \u00e4r l\u00e4tt att hitta och anv\u00e4nda.<\/p>\n<p>7. Rapporterings- och modereringsverktyg<br \/>\nAnv\u00e4ndars\u00e4kerheten st\u00f6ds av en framtr\u00e4dande rapportknapp. Ol\u00e4mpliga anv\u00e4ndare kan flaggas, och Fox Video Chat anv\u00e4nder b\u00e5de m\u00e4nskliga moderatorer och grundl\u00e4ggande AI f\u00f6r att hj\u00e4lpa till att h\u00e5lla milj\u00f6n v\u00e4nlig och s\u00e4ker.<\/p>\n<h2>\u00c4r Fox Video Chat gratis?<\/h2>\n<p>Ja, det \u00e4r helt gratis att anv\u00e4nda. Alla funktioner - inklusive video- och textchatt, \u00f6verhoppningar och rapportering - \u00e4r tillg\u00e4ngliga f\u00f6r alla anv\u00e4ndare utan betalv\u00e4ggar, prenumerationer eller k\u00f6p i appen.<\/p>\n<p>Fox Video Chat kan visa enstaka, icke-p\u00e5tr\u00e4ngande annonser f\u00f6r att st\u00f6dja sin verksamhet, men det finns inga dolda kostnader eller l\u00e5sta funktioner.<\/p>\n<h2>Vem anv\u00e4nder Fox Video Chat?<\/h2>\n<p>Fox Video Chat har snabbt f\u00e5tt en m\u00e5ngsidig och internationell anv\u00e4ndarbas som lockar till sig:<\/p>\n<ul>\n<li>\u00c5ldersgrupp: Fr\u00e4mst 18-35 \u00e5r, men \u00f6ppet f\u00f6r alla vuxna (18+)<\/li>\n<li>Platser: Anv\u00e4ndare fr\u00e5n USA, Storbritannien, Indien, Tyskland, Brasilien, Filippinerna m.fl.<\/li>\n<li>Intressen: Socialisera, flirta, \u00f6va p\u00e5 spr\u00e5k, skaffa v\u00e4nner eller avslappnad underh\u00e5llning<\/li>\n<\/ul>\n<p>B\u00e5de manliga och kvinnliga anv\u00e4ndare \u00e4r aktiva, men - vilket \u00e4r typiskt f\u00f6r slumpm\u00e4ssiga chattplattformar - det finns en st\u00f6rre manlig n\u00e4rvaro. Tjusningen ligger i spontaniteten: du vet aldrig vem du kommer att <a href=\"https:\/\/strangercam.com\/sv\/coomeet\/\">tr\u00e4ffas<\/a> n\u00e4sta.<\/p>\n<h2>S\u00e4kerhet, integritet och moderering<\/h2>\n<p>Fox Video Chat \u00e4r medveten om behovet av integritet och anv\u00e4ndars\u00e4kerhet i slumpm\u00e4ssig videochatt och har inf\u00f6rt flera skydds\u00e5tg\u00e4rder:<\/p>\n<h3>Integritet<\/h3>\n<ul>\n<li>Ingen registrering eller skapande av konto: Anv\u00e4ndarna f\u00f6rblir anonyma hela tiden.<\/li>\n<li>Ingen insamling av data: Inga namn, e-postmeddelanden eller telefonnummer kr\u00e4vs.<\/li>\n<li>Inga inspelningar: Chattar sparas eller lagras inte.<\/li>\n<\/ul>\n<h3>Moderering<\/h3>\n<ul>\n<li>Rapportering i chatt: Anv\u00e4ndare kan snabbt rapportera st\u00f6tande eller kr\u00e4nkande beteende.<\/li>\n<li>AI-detektering: Grundl\u00e4ggande filter hj\u00e4lper till att uppt\u00e4cka nakenhet eller explicit inneh\u00e5ll.<\/li>\n<li>M\u00e4nsklig moderering: Rapporter granskas och \u00e5terfallsf\u00f6rbrytare bannlyses.<\/li>\n<\/ul>\n<h3>B\u00e4sta praxis<\/h3>\n<ul>\n<li>Dela aldrig med dig av personliga uppgifter i chatten.<\/li>\n<li>Anv\u00e4nd knapparna \"N\u00e4sta\" och \"Rapportera\" flitigt om det k\u00e4nns obekv\u00e4mt.<\/li>\n<li>Undvik att engagera dig med misst\u00e4nkta anv\u00e4ndare och h\u00e5ll konversationerna l\u00e4ttsamma och respektfulla.<\/li>\n<\/ul>\n<h2>Anv\u00e4ndarupplevelse och design<\/h2>\n<p>Fox Video Chats moderna, l\u00e4tta gr\u00e4nssnitt \u00e4r byggt f\u00f6r snabb och trevlig chatt:<\/p>\n<ul>\n<li>P\u00e5 startsidan finns en stor \"Start\"-knapp, sekretessinformation och regler.<\/li>\n<li>Videofl\u00f6dena \u00e4r stora och tydliga, med enkel \u00e5tkomst till reglage f\u00f6r ljudavst\u00e4ngning, hoppa \u00f6ver och rapportera.<\/li>\n<li>Chatt\u00f6verg\u00e5ngarna \u00e4r snabba, med minimal nedtid mellan matcherna.<\/li>\n<li>Webbplatsen \u00e4r optimerad f\u00f6r snabba laddningstider och smidig drift \u00e4ven p\u00e5 enheter i mellanklassen.<\/li>\n<\/ul>\n<p>Mobilupplevelsen \u00e4r s\u00e4rskilt bra, vilket g\u00f6r Fox Video Chat till ett utm\u00e4rkt alternativ f\u00f6r att chatta p\u00e5 spr\u00e5ng.<\/p>\n<h2>Fox Video Chat vs andra slumpm\u00e4ssiga chattplattformar<\/h2>\n<p>Hur j\u00e4mf\u00f6r Fox Video Chat med andra b\u00e4sta videochattwebbplatser 2025?<\/p>\n<table>\n<thead>\n<tr>\n<th>Funktion<\/th>\n<th>Fox videochatt<\/th>\n<th>Omegle (st\u00e4ngd)<\/th>\n<th>Chatroulette<\/th>\n<th>Chatrandom<\/th>\n<th>Ohmegle<\/th>\n<\/tr>\n<\/thead>\n<tbody>\n<tr>\n<td>Slumpm\u00e4ssig videochatt<\/td>\n<td>Ja<\/td>\n<td>Ja<\/td>\n<td>Ja<\/td>\n<td>Ja<\/td>\n<td>Ja<\/td>\n<\/tr>\n<tr>\n<td>Alternativ f\u00f6r textchatt<\/td>\n<td>Ja<\/td>\n<td>Ja<\/td>\n<td>Nej<\/td>\n<td>Ja<\/td>\n<td>Ja<\/td>\n<\/tr>\n<tr>\n<td>Registrering kr\u00e4vs<\/td>\n<td>Nej<\/td>\n<td>Nej<\/td>\n<td>Nej<\/td>\n<td>Valfritt<\/td>\n<td>Nej<\/td>\n<\/tr>\n<tr>\n<td>Mobilt st\u00f6d<\/td>\n<td>Utm\u00e4rkt<\/td>\n<td>D\u00e5lig<\/td>\n<td>Bra<\/td>\n<td>Bra<\/td>\n<td>Utm\u00e4rkt<\/td>\n<\/tr>\n<tr>\n<td>Modereringsverktyg<\/td>\n<td>M\u00e5ttlig<\/td>\n<td>Minimal<\/td>\n<td>Svag<\/td>\n<td>M\u00e5ttlig<\/td>\n<td>M\u00e5ttlig<\/td>\n<\/tr>\n<tr>\n<td>Gratis att anv\u00e4nda<\/td>\n<td>Ja<\/td>\n<td>Ja<\/td>\n<td>Ja<\/td>\n<td>Ja\/betald<\/td>\n<td>Ja<\/td>\n<\/tr>\n<tr>\n<td>Filter f\u00f6r k\u00f6n\/region<\/td>\n<td>Nej<\/td>\n<td>Nej<\/td>\n<td>Nej<\/td>\n<td>Betalade<\/td>\n<td>Nej<\/td>\n<\/tr>\n<\/tbody>\n<\/table>\n<p>Sammanfattning: den ger en upplevelse som ligger n\u00e4rmast originalet Omegle, med ett renare gr\u00e4nssnitt och b\u00e4ttre mobilst\u00f6d \u00e4n m\u00e5nga konkurrenter. Modereringsverktygen h\u00e5ller p\u00e5 att f\u00f6rb\u00e4ttras, men det som verkligen lockar \u00e4r webbplatsens enkelhet och snabbhet.<\/p>\n<h2>F\u00f6r- och nackdelar<\/h2>\n<p>F\u00f6rdelar:<\/p>\n<ul>\n<li>100% gratis och anonymt<\/li>\n<li>Ingen registrering eller nedladdning kr\u00e4vs<\/li>\n<li>Snabba, smidiga matchnings- och chatt\u00f6verg\u00e5ngar<\/li>\n<li>Rent och intuitivt gr\u00e4nssnitt f\u00f6r b\u00e5de dator och mobil<\/li>\n<li>Video- och textchattl\u00e4gen tillg\u00e4ngliga<\/li>\n<li>Global anv\u00e4ndarbas<\/li>\n<\/ul>\n<p>Nackdelar:<\/p>\n<ul>\n<li>Ingen filtrering efter k\u00f6n eller plats<\/li>\n<li>Tillf\u00e4llig exponering f\u00f6r ol\u00e4mpligt beteende (vanligt p\u00e5 alla slumpm\u00e4ssiga chattsidor)<\/li>\n<li>Fler manliga \u00e4n kvinnliga anv\u00e4ndare<\/li>\n<li>Inga profiler eller m\u00f6jlighet att \u00e5terknyta kontakten med tidigare anv\u00e4ndare<\/li>\n<\/ul>\n<h2>Idealiska anv\u00e4ndningsfall<\/h2>\n<p>Videochatt \u00e4r perfekt f\u00f6r:<\/p>\n<ul>\n<li>Anv\u00e4ndare som \u00e4r nostalgiska \u00f6ver klassiska slumpm\u00e4ssiga chattplattformar<\/li>\n<li>M\u00e4nniskor som s\u00f6ker spontana samtal med fr\u00e4mlingar<\/li>\n<li>Spr\u00e5kinl\u00e4rare som vill \u00f6va i realtid<\/li>\n<li>Resen\u00e4rer och utlandsstationerade som s\u00f6ker internationella kontakter<\/li>\n<li>Alla som vill ha n\u00e5got roligt att g\u00f6ra utan f\u00f6rpliktelser eller registrering<\/li>\n<\/ul>\n<p>Det \u00e4r mindre idealiskt f\u00f6r:<\/p>\n<ul>\n<li>De som s\u00f6ker dejtingspecifika funktioner eller kuraterade matchningar<\/li>\n<li>Anv\u00e4ndare under 18 \u00e5r (plattformen \u00e4r endast avsedd f\u00f6r vuxna)<\/li>\n<li>Personer som vill \u00e5terknyta kontakten med eller f\u00f6lja tidigare chattpartners<\/li>\n<\/ul>\n<h2>Slutligt omd\u00f6me<\/h2>\n<p>Fox Video Chat \u00e4r ett utm\u00e4rkt val f\u00f6r alla som vill \u00e5terf\u00e5 det roliga och sp\u00e4nnande med slumpm\u00e4ssig onlinevideochatt 2025. Dess anonyma tillv\u00e4gag\u00e5ngss\u00e4tt utan registrering, i kombination med ett snabbt och modernt gr\u00e4nssnitt, g\u00f6r det till en av de mest tillg\u00e4ngliga och roliga chattroulettplattformarna som finns tillg\u00e4ngliga idag.<\/p>\n<p>Oavsett om du s\u00f6ker nya v\u00e4nner, en avslappnad flirt eller bara ett roligt s\u00e4tt att f\u00f6rdriva tiden, erbjuder den en s\u00e4ker, l\u00e4ttviktig och helt gratis milj\u00f6 f\u00f6r spontana globala kontakter. Det \u00e4r inte belamrat med profiler, merf\u00f6rs\u00e4ljning eller p\u00e5tr\u00e4ngande annonser - bara ren, snabb, anonym chatt.<\/p>\n<p>Om du vill ha en modern twist p\u00e5 Omegle-upplevelsen \u00e4r det absolut v\u00e4rt ett f\u00f6rs\u00f6k.<\/p>","protected":false},"excerpt":{"rendered":"<p>The search for the perfect random video chat site continues as users seek safe, anonymous, and fun alternatives to classics like Omegle and Chatroulette. Fox Video Chat is one of the latest platforms to catch the eye of the global chat community, promising fast connections, easy use, and a friendly environment for meeting strangers online. [&hellip;]<\/p>\n","protected":false},"author":6,"featured_media":0,"parent":0,"menu_order":0,"comment_status":"closed","ping_status":"closed","template":"","meta":{"footnotes":""},"class_list":["post-12909","page","type-page","status-publish","hentry"],"yoast_head":"<!-- This site is optimized with the Yoast SEO plugin v26.9 - https:\/\/yoast.com\/product\/yoast-seo-wordpress\/ -->\n<title>Fox Video Chat - Video Chat with Strangers on StrangerCam.com<\/title>\n<meta name=\"description\" content=\"Like Fox Video Chat? Come chat with more than 5.000.000 strangers on Stranger Cam for Free! Turn on your cam and find new friends &amp; maby a match!\" \/>\n<meta name=\"robots\" content=\"index, follow, max-snippet:-1, max-image-preview:large, max-video-preview:-1\" \/>\n<link rel=\"canonical\" href=\"https:\/\/strangercam.com\/sv\/fox-video-chat\/\" \/>\n<meta property=\"og:locale\" content=\"sv_SE\" \/>\n<meta property=\"og:type\" content=\"article\" \/>\n<meta property=\"og:title\" content=\"Fox Video Chat - Video Chat with Strangers on StrangerCam.com\" \/>\n<meta property=\"og:description\" content=\"Like Fox Video Chat? Come chat with more than 5.000.000 strangers on Stranger Cam for Free! Turn on your cam and find new friends &amp; maby a match!\" \/>\n<meta property=\"og:url\" content=\"https:\/\/strangercam.com\/sv\/fox-video-chat\/\" \/>\n<meta property=\"og:site_name\" content=\"Strangercam\" \/>\n<meta property=\"article:publisher\" content=\"https:\/\/www.facebook.com\/strangercam\" \/>\n<meta property=\"article:modified_time\" content=\"2025-07-14T11:46:15+00:00\" \/>\n<meta property=\"og:image\" content=\"https:\/\/strangercam.com\/wp-content\/uploads\/2021\/10\/Untitled-2.png\" \/>\n\t<meta property=\"og:image:width\" content=\"800\" \/>\n\t<meta property=\"og:image:height\" content=\"532\" \/>\n\t<meta property=\"og:image:type\" content=\"image\/png\" \/>\n<meta name=\"twitter:card\" content=\"summary_large_image\" \/>\n<meta name=\"twitter:site\" content=\"@strangercamapp\" \/>\n<meta name=\"twitter:label1\" content=\"Ber\u00e4knad l\u00e4stid\" \/>\n\t<meta name=\"twitter:data1\" content=\"6 minuter\" \/>\n<script type=\"application\/ld+json\" class=\"yoast-schema-graph\">{\"@context\":\"https:\/\/schema.org\",\"@graph\":[{\"@type\":\"WebPage\",\"@id\":\"https:\/\/strangercam.com\/fox-video-chat\/\",\"url\":\"https:\/\/strangercam.com\/fox-video-chat\/\",\"name\":\"Fox Video Chat - Video Chat with Strangers on StrangerCam.com\",\"isPartOf\":{\"@id\":\"https:\/\/strangercam.com\/#website\"},\"datePublished\":\"2025-07-14T11:45:54+00:00\",\"dateModified\":\"2025-07-14T11:46:15+00:00\",\"description\":\"Like Fox Video Chat? Come chat with more than 5.000.000 strangers on Stranger Cam for Free! Turn on your cam and find new friends & maby a match!\",\"breadcrumb\":{\"@id\":\"https:\/\/strangercam.com\/fox-video-chat\/#breadcrumb\"},\"inLanguage\":\"sv-SE\",\"potentialAction\":[{\"@type\":\"ReadAction\",\"target\":[\"https:\/\/strangercam.com\/fox-video-chat\/\"]}]},{\"@type\":\"BreadcrumbList\",\"@id\":\"https:\/\/strangercam.com\/fox-video-chat\/#breadcrumb\",\"itemListElement\":[{\"@type\":\"ListItem\",\"position\":1,\"name\":\"Home\",\"item\":\"https:\/\/strangercam.com\/\"},{\"@type\":\"ListItem\",\"position\":2,\"name\":\"Fox Video Chat\"}]},{\"@type\":\"WebSite\",\"@id\":\"https:\/\/strangercam.com\/#website\",\"url\":\"https:\/\/strangercam.com\/\",\"name\":\"Strangercam\",\"description\":\"Random Video Chat with Strangers\",\"publisher\":{\"@id\":\"https:\/\/strangercam.com\/#organization\"},\"alternateName\":\"Strangercam.com\",\"potentialAction\":[{\"@type\":\"SearchAction\",\"target\":{\"@type\":\"EntryPoint\",\"urlTemplate\":\"https:\/\/strangercam.com\/?s={search_term_string}\"},\"query-input\":{\"@type\":\"PropertyValueSpecification\",\"valueRequired\":true,\"valueName\":\"search_term_string\"}}],\"inLanguage\":\"sv-SE\"},{\"@type\":\"Organization\",\"@id\":\"https:\/\/strangercam.com\/#organization\",\"name\":\"Strangercam\",\"alternateName\":\"Strangercam.com\",\"url\":\"https:\/\/strangercam.com\/\",\"logo\":{\"@type\":\"ImageObject\",\"inLanguage\":\"sv-SE\",\"@id\":\"https:\/\/strangercam.com\/#\/schema\/logo\/image\/\",\"url\":\"https:\/\/strangercam.com\/wp-content\/uploads\/2020\/11\/cropped-new-favicon-black.png\",\"contentUrl\":\"https:\/\/strangercam.com\/wp-content\/uploads\/2020\/11\/cropped-new-favicon-black.png\",\"width\":512,\"height\":512,\"caption\":\"Strangercam\"},\"image\":{\"@id\":\"https:\/\/strangercam.com\/#\/schema\/logo\/image\/\"},\"sameAs\":[\"https:\/\/www.facebook.com\/strangercam\",\"https:\/\/x.com\/strangercamapp\"]}]}<\/script>\n<!-- \/ Yoast SEO plugin. -->","yoast_head_json":{"title":"Fox Video Chat - Videochatt med fr\u00e4mlingar p\u00e5 StrangerCam.com","description":"Gillar du Fox Video Chat? Kom och chatta med mer \u00e4n 5.000.000 fr\u00e4mlingar p\u00e5 Stranger Cam gratis! Sl\u00e5 p\u00e5 din kamera och hitta nya v\u00e4nner och kanske en match!","robots":{"index":"index","follow":"follow","max-snippet":"max-snippet:-1","max-image-preview":"max-image-preview:large","max-video-preview":"max-video-preview:-1"},"canonical":"https:\/\/strangercam.com\/sv\/fox-video-chat\/","og_locale":"sv_SE","og_type":"article","og_title":"Fox Video Chat - Video Chat with Strangers on StrangerCam.com","og_description":"Like Fox Video Chat? Come chat with more than 5.000.000 strangers on Stranger Cam for Free! Turn on your cam and find new friends & maby a match!","og_url":"https:\/\/strangercam.com\/sv\/fox-video-chat\/","og_site_name":"Strangercam","article_publisher":"https:\/\/www.facebook.com\/strangercam","article_modified_time":"2025-07-14T11:46:15+00:00","og_image":[{"width":800,"height":532,"url":"https:\/\/strangercam.com\/wp-content\/uploads\/2021\/10\/Untitled-2.png","type":"image\/png"}],"twitter_card":"summary_large_image","twitter_site":"@strangercamapp","twitter_misc":{"Ber\u00e4knad l\u00e4stid":"6 minuter"},"schema":{"@context":"https:\/\/schema.org","@graph":[{"@type":"WebPage","@id":"https:\/\/strangercam.com\/fox-video-chat\/","url":"https:\/\/strangercam.com\/fox-video-chat\/","name":"Fox Video Chat - Videochatt med fr\u00e4mlingar p\u00e5 StrangerCam.com","isPartOf":{"@id":"https:\/\/strangercam.com\/#website"},"datePublished":"2025-07-14T11:45:54+00:00","dateModified":"2025-07-14T11:46:15+00:00","description":"Gillar du Fox Video Chat? Kom och chatta med mer \u00e4n 5.000.000 fr\u00e4mlingar p\u00e5 Stranger Cam gratis! Sl\u00e5 p\u00e5 din kamera och hitta nya v\u00e4nner och kanske en match!","breadcrumb":{"@id":"https:\/\/strangercam.com\/fox-video-chat\/#breadcrumb"},"inLanguage":"sv-SE","potentialAction":[{"@type":"ReadAction","target":["https:\/\/strangercam.com\/fox-video-chat\/"]}]},{"@type":"BreadcrumbList","@id":"https:\/\/strangercam.com\/fox-video-chat\/#breadcrumb","itemListElement":[{"@type":"ListItem","position":1,"name":"Home","item":"https:\/\/strangercam.com\/"},{"@type":"ListItem","position":2,"name":"Fox Video Chat"}]},{"@type":"WebSite","@id":"https:\/\/strangercam.com\/#website","url":"https:\/\/strangercam.com\/","name":"Strangercam","description":"Slumpm\u00e4ssig videochatt med fr\u00e4mlingar","publisher":{"@id":"https:\/\/strangercam.com\/#organization"},"alternateName":"Strangercam.com","potentialAction":[{"@type":"SearchAction","target":{"@type":"EntryPoint","urlTemplate":"https:\/\/strangercam.com\/?s={search_term_string}"},"query-input":{"@type":"PropertyValueSpecification","valueRequired":true,"valueName":"search_term_string"}}],"inLanguage":"sv-SE"},{"@type":"Organization","@id":"https:\/\/strangercam.com\/#organization","name":"Strangercam","alternateName":"Strangercam.com","url":"https:\/\/strangercam.com\/","logo":{"@type":"ImageObject","inLanguage":"sv-SE","@id":"https:\/\/strangercam.com\/#\/schema\/logo\/image\/","url":"https:\/\/strangercam.com\/wp-content\/uploads\/2020\/11\/cropped-new-favicon-black.png","contentUrl":"https:\/\/strangercam.com\/wp-content\/uploads\/2020\/11\/cropped-new-favicon-black.png","width":512,"height":512,"caption":"Strangercam"},"image":{"@id":"https:\/\/strangercam.com\/#\/schema\/logo\/image\/"},"sameAs":["https:\/\/www.facebook.com\/strangercam","https:\/\/x.com\/strangercamapp"]}]}},"_links":{"self":[{"href":"https:\/\/strangercam.com\/sv\/wp-json\/wp\/v2\/pages\/12909","targetHints":{"allow":["GET"]}}],"collection":[{"href":"https:\/\/strangercam.com\/sv\/wp-json\/wp\/v2\/pages"}],"about":[{"href":"https:\/\/strangercam.com\/sv\/wp-json\/wp\/v2\/types\/page"}],"author":[{"embeddable":true,"href":"https:\/\/strangercam.com\/sv\/wp-json\/wp\/v2\/users\/6"}],"replies":[{"embeddable":true,"href":"https:\/\/strangercam.com\/sv\/wp-json\/wp\/v2\/comments?post=12909"}],"version-history":[{"count":1,"href":"https:\/\/strangercam.com\/sv\/wp-json\/wp\/v2\/pages\/12909\/revisions"}],"predecessor-version":[{"id":12910,"href":"https:\/\/strangercam.com\/sv\/wp-json\/wp\/v2\/pages\/12909\/revisions\/12910"}],"wp:attachment":[{"href":"https:\/\/strangercam.com\/sv\/wp-json\/wp\/v2\/media?parent=12909"}],"curies":[{"name":"wp","href":"https:\/\/api.w.org\/{rel}","templated":true}]}}