{"id":12905,"date":"2025-07-14T13:38:21","date_gmt":"2025-07-14T11:38:21","guid":{"rendered":"https:\/\/strangercam.com\/?page_id=12905"},"modified":"2025-07-14T13:38:21","modified_gmt":"2025-07-14T11:38:21","slug":"stranger-space","status":"publish","type":"page","link":"https:\/\/strangercam.com\/sv\/stranger-space\/","title":{"rendered":"Fr\u00e4mre rymden"},"content":{"rendered":"<p>Med s\u00e5 m\u00e5nga slumpm\u00e4ssiga video <a href=\"https:\/\/strangercam.com\/sv\/chathub\/\">chatt<\/a> plattformar som k\u00e4mpar om uppm\u00e4rksamhet 2025 \u00e4r det s\u00e4llsynt att hitta en webbplats som balanserar anonymitet, s\u00e4kerhet och en modern anv\u00e4ndarupplevelse lika bra som Stranger Space. Designad f\u00f6r anv\u00e4ndare som vill ha spontana kontakter ansikte mot ansikte - men utan de fallgropar som pl\u00e5gat \u00e4ldre plattformar - skiljer sig Stranger Space fr\u00e5n m\u00e4ngden genom smarta designval, inbyggd moderering och en fr\u00e4sch, v\u00e4lkomnande atmosf\u00e4r.<\/p>\n<p>Men \u00e4r Stranger Space den b\u00e4sta nya platsen f\u00f6r videochatt med fr\u00e4mlingar? \u00c4r det s\u00e4kert, l\u00e4tt att anv\u00e4nda och faktiskt roligt? I den h\u00e4r detaljerade recensionen t\u00e4cker vi allt du beh\u00f6ver veta: hur det fungerar, vem som anv\u00e4nder det, vad som g\u00f6r det annorlunda och hur det j\u00e4mf\u00f6rs med andra toppvideochattwebbplatser 2025.<\/p>\n<h2>Vad \u00e4r Stranger Space?<\/h2>\n<p>Stranger Space \u00e4r en gratis, webbl\u00e4sarbaserad slumpm\u00e4ssig videochattplattform som omedelbart kopplar samman dig med fr\u00e4mlingar fr\u00e5n hela v\u00e4rlden. Anv\u00e4ndare kan delta i privata videosamtal p\u00e5 tu man hand eller v\u00e4xla till textchatt, allt utan att beh\u00f6va skapa ett konto eller ladda ner n\u00e5gon app.<\/p>\n<p>Fokus ligger p\u00e5 enkel, anonym och realtidsbaserad kommunikation. Du \u00f6ppnar helt enkelt webbplatsen, aktiverar din webbkamera och mikrofon och klickar f\u00f6r att b\u00f6rja chatta. Stranger Spaces rena gr\u00e4nssnitt och moderna design inneb\u00e4r att du kan prata med n\u00e5gon ny inom n\u00e5gra sekunder.<\/p>\n<h2>Vad \u00e4r syftet med Stranger Space?<\/h2>\n<p>Uppdraget f\u00f6r Stranger Space \u00e4r att \u00e5teruppliva sp\u00e4nningen och enkelheten hos klassiska slumpm\u00e4ssiga chattplattformar - samtidigt som man tar itu med bristerna i s\u00e4kerhet, integritet och anv\u00e4ndbarhet som gjorde webbplatser som <a href=\"https:\/\/strangercam.com\/sv\/omegle\/\">Omegle<\/a> infam\u00f6sa.<\/p>\n<p>Stranger Space \u00e4r byggd f\u00f6r:<\/p>\n<ul>\n<li>M\u00e4nniskor som vill ha spontan, oskriptad interaktion ansikte mot ansikte<\/li>\n<li>Anv\u00e4ndare som v\u00e4rdes\u00e4tter anonymitet och datasekretess<\/li>\n<li>N\u00e5gon som \u00e4r tr\u00f6tt p\u00e5 o\u00e4ndliga profiler, sociala fl\u00f6den och svepande<\/li>\n<li>Spr\u00e5kinl\u00e4rare och resen\u00e4rer som vill vidga sina vyer<\/li>\n<\/ul>\n<p>Framf\u00f6r allt handlar det om att snabbt och s\u00e4kert koppla samman m\u00e4nniskor, s\u00e5 att du kan uppleva nya kulturer, id\u00e9er och v\u00e4nskapsband - eller bara l\u00e4tta p\u00e5 trycket efter en l\u00e5ng dag.<\/p>\n<h2>Viktiga funktioner<\/h2>\n<p>1. Anonym videochatt en-mot-en<br \/>\nK\u00e4rnan i Stranger Space \u00e4r den privata, slumpm\u00e4ssiga videochatten. Klicka f\u00f6r att starta och du \u00e4r omedelbart ihopkopplad med en annan anv\u00e4ndare var som helst i v\u00e4rlden. Det finns inga konton, ingen personlig information kr\u00e4vs och varje konversation \u00e4r unik.<\/p>\n<p>2. Skip\/Next-knapp<br \/>\nOm konversationen inte g\u00e5r bra, eller om du helt enkelt \u00e4r redo f\u00f6r en f\u00f6r\u00e4ndring, tryck bara p\u00e5 \"N\u00e4sta\". Du kommer omedelbart att matchas med en annan anv\u00e4ndare. Denna snabba cykling h\u00e5ller upplevelsen fr\u00e4sch och dynamisk.<\/p>\n<p>3. Alternativ f\u00f6r textchatt<br \/>\nF\u00f6r dem som \u00e4r kameraskygga eller har problem med bandbredden erbjuder Stranger Space ett l\u00e4ge med enbart text. Du kan v\u00e4xla mellan text och video som du vill, vilket g\u00f6r det m\u00e5ngsidigt f\u00f6r alla typer av anv\u00e4ndare.<\/p>\n<p>4. Ingen registrering eller nedladdning<br \/>\nDu beh\u00f6ver aldrig skapa ett konto, s\u00e4tta upp en profil eller ladda ner n\u00e5gon programvara. Stranger Space k\u00f6rs direkt i din webbl\u00e4sare p\u00e5 b\u00e5de dator och mobil.<\/p>\n<p>5. Modern, responsiv design<br \/>\nStranger Space sticker ut med sitt snygga, minimala gr\u00e4nssnitt. Webbplatsen laddas snabbt, kontrollerna \u00e4r l\u00e4tta att hitta och videokvaliteten \u00e4r utm\u00e4rkt - \u00e4ven i mobila webbl\u00e4sare.<\/p>\n<p>6. Verktyg f\u00f6r s\u00e4kerhet och moderering<br \/>\nStranger Space prioriterar s\u00e4kerhet med en synlig rapporteringsknapp i varje chatt, grundl\u00e4ggande AI-driven uppt\u00e4ckt av nakenhet och missbruk samt m\u00e4nsklig moderering i realtid under rusningstid.<\/p>\n<p>7. Flerspr\u00e5kig och internationell anv\u00e4ndarbas<br \/>\nPlattformen st\u00f6der anv\u00e4ndare \u00f6ver hela v\u00e4rlden, vilket g\u00f6r den till en utm\u00e4rkt plats f\u00f6r att \u00f6va spr\u00e5k, uppt\u00e4cka nya kulturer eller helt enkelt f\u00e5 v\u00e4nner fr\u00e5n fj\u00e4rran l\u00e4nder.<\/p>\n<h2>\u00c4r Stranger Space gratis?<\/h2>\n<p>Yes-Stranger Space \u00e4r helt gratis att anv\u00e4nda. Det finns inga:<\/p>\n<ul>\n<li>Betalv\u00e4ggar eller prenumerationer<\/li>\n<li>Mynt, tokens eller k\u00f6p i appen<\/li>\n<li>L\u00e5sta funktioner<\/li>\n<\/ul>\n<p>Alla anv\u00e4ndare har tillg\u00e5ng till b\u00e5de video- och textchatt, hoppa \u00f6ver-funktionalitet och modereringsfunktioner. Plattformen kan visa icke-p\u00e5tr\u00e4ngande annonser f\u00f6r att hj\u00e4lpa till att t\u00e4cka kostnader, men dessa st\u00f6r inte den huvudsakliga chattupplevelsen.<\/p>\n<h2>Vem anv\u00e4nder Stranger Space?<\/h2>\n<p>Plattformens moderna k\u00e4nsla och s\u00e4kerhetsfunktioner lockar en m\u00e5ngsidig, global anv\u00e4ndarbas. De flesta anv\u00e4ndare \u00e4r:<\/p>\n<ul>\n<li>18-35 \u00e5r (plattformen \u00e4r endast avsedd f\u00f6r vuxna)<\/li>\n<li>Fr\u00e5n USA, Storbritannien, Indien, Tyskland, Brasilien, Kanada och Sydostasien<\/li>\n<li>Split mellan m\u00e4nniskor som s\u00f6ker v\u00e4nlig konversation, spr\u00e5kutbyte och avslappnad flirt<\/li>\n<\/ul>\n<p>Till skillnad fr\u00e5n vissa videochattwebbplatser inneb\u00e4r Stranger Spaces engagemang f\u00f6r s\u00e4kerhet och integritet att det tilltalar b\u00e5de m\u00e4n och kvinnor, med ett mer balanserat k\u00f6nsdeltagande \u00e4n vad som \u00e4r typiskt f\u00f6r denna nisch.<\/p>\n<h2>S\u00e4kerhet, integritet och moderering<\/h2>\n<p>S\u00e4kerhet och integritet har h\u00f6gsta prioritet f\u00f6r Stranger Space, och det m\u00e4rks p\u00e5 flera s\u00e4tt:<\/p>\n<h3>Integritet<\/h3>\n<ul>\n<li>Ingen registrering eller profilskapande<\/li>\n<li>Konversationer spelas aldrig in eller lagras<\/li>\n<li>Din webbkamera och mikrofon \u00e4r bara aktiva under din session<\/li>\n<li>Inga personuppgifter samlas in eller delas med andra anv\u00e4ndare<\/li>\n<\/ul>\n<h3>Moderering<\/h3>\n<ul>\n<li>Rapportering i chatten f\u00f6r missbruk, nakenhet eller spam<\/li>\n<li>AI-baserad uppt\u00e4ckt f\u00f6r att automatiskt flagga ol\u00e4mpligt inneh\u00e5ll<\/li>\n<li>Manuell moderering under hektiska perioder<\/li>\n<li>Snabba f\u00f6rbud f\u00f6r \u00e5terfallsf\u00f6rbrytare<\/li>\n<\/ul>\n<h3>Riktlinjer f\u00f6r anv\u00e4ndare<\/h3>\n<ul>\n<li>Plattformen \u00e4r endast avsedd f\u00f6r vuxna (18+)<\/li>\n<li>Anv\u00e4ndare uppmanas starkt att inte dela med sig av personlig information<\/li>\n<li>Gemenskapens normer f\u00f6rbjuder nakenhet, trakasserier och olaglig verksamhet<\/li>\n<\/ul>\n<p>Dessa system samverkar f\u00f6r att skapa en s\u00e4krare och mer v\u00e4lkomnande chattmilj\u00f6 - men som med alla anonyma plattformar kvarst\u00e5r en viss risk och anv\u00e4ndarna b\u00f6r alltid iaktta f\u00f6rsiktighet.<\/p>\n<h2>Anv\u00e4ndarupplevelse och design<\/h2>\n<p>Stranger Space ger en modern, snabb och \u00f6versk\u00e5dlig upplevelse:<\/p>\n<ul>\n<li>P\u00e5 startsidan finns en enkel \"Start\"-knapp, kortfattad s\u00e4kerhetsinformation och direkt\u00e5tkomst till chatten<\/li>\n<li>Videofl\u00f6dena \u00e4r stora, tydliga och anpassar sig v\u00e4l till olika sk\u00e4rmstorlekar<\/li>\n<li>Reglagen f\u00f6r \"N\u00e4sta\", \"Rapport\", \"Mute\" och v\u00e4xling mellan text och video \u00e4r alltid synliga och l\u00e4tta att anv\u00e4nda<\/li>\n<\/ul>\n<p>P\u00e5 b\u00e5de dator och mobil \u00e4r laddningstiderna korta och plattformen fungerar smidigt. Till skillnad fr\u00e5n \u00e4ldre webbplatser k\u00e4nns Stranger Space specialbyggt f\u00f6r dagens internethastigheter och enheter.<\/p>\n<h2>Stranger Space vs andra slumpm\u00e4ssiga videochattplattformar<\/h2>\n<p>Hur \u00e4r Stranger Space j\u00e4mf\u00f6rt med andra ledande webbplatser f\u00f6r videochatt?<\/p>\n<table>\n<thead>\n<tr>\n<th>Funktion<\/th>\n<th>Fr\u00e4mre rymden<\/th>\n<th>Ohmegle<\/th>\n<th><a href=\"https:\/\/strangercam.com\/sv\/ometv\/\">OmeTV<\/a><\/th>\n<th>Chatrandom<\/th>\n<th>Chaty<\/th>\n<\/tr>\n<\/thead>\n<tbody>\n<tr>\n<td>Videochatt<\/td>\n<td>Ja<\/td>\n<td>Ja<\/td>\n<td>Ja<\/td>\n<td>Ja<\/td>\n<td>Ja<\/td>\n<\/tr>\n<tr>\n<td>Alternativ f\u00f6r textchatt<\/td>\n<td>Ja<\/td>\n<td>Ja<\/td>\n<td>Ja<\/td>\n<td>Ja<\/td>\n<td>Ja<\/td>\n<\/tr>\n<tr>\n<td>Registrering kr\u00e4vs<\/td>\n<td>Nej<\/td>\n<td>Nej<\/td>\n<td>Nej<\/td>\n<td>Valfritt<\/td>\n<td>Nej<\/td>\n<\/tr>\n<tr>\n<td>Mobilanpassad<\/td>\n<td>Utm\u00e4rkt<\/td>\n<td>Utm\u00e4rkt<\/td>\n<td>Bra<\/td>\n<td>Bra<\/td>\n<td>Utm\u00e4rkt<\/td>\n<\/tr>\n<tr>\n<td>Moderering\/Rapportering<\/td>\n<td>Stark<\/td>\n<td>M\u00e5ttlig<\/td>\n<td>Stark<\/td>\n<td>M\u00e5ttlig<\/td>\n<td>M\u00e5ttlig<\/td>\n<\/tr>\n<tr>\n<td>Gratis att anv\u00e4nda<\/td>\n<td>Ja<\/td>\n<td>Ja<\/td>\n<td>Ja<\/td>\n<td>Ja\/betald<\/td>\n<td>Ja<\/td>\n<\/tr>\n<tr>\n<td>Filter f\u00f6r k\u00f6n\/region<\/td>\n<td>Nej<\/td>\n<td>Nej<\/td>\n<td>Betalade<\/td>\n<td>Betalade<\/td>\n<td>Nej<\/td>\n<\/tr>\n<\/tbody>\n<\/table>\n<p>Sammanfattning: Stranger Space ligger n\u00e4rmast Ohmegle och Chaty, men sticker ut med sitt moderna anv\u00e4ndargr\u00e4nssnitt och mer proaktiva moderering. Till skillnad fr\u00e5n OmeTV och Chatrandom l\u00e5ser den inte funktioner bakom en betalv\u00e4gg eller kr\u00e4ver registrering.<\/p>\n<h2>F\u00f6r- och nackdelar<\/h2>\n<p>F\u00f6rdelar:<\/p>\n<ul>\n<li>Helt gratis och anonymt<\/li>\n<li>Ingen registrering eller nedladdning kr\u00e4vs<\/li>\n<li>Modern, mobilv\u00e4nlig design<\/li>\n<li>Starka modererings- och s\u00e4kerhetsfunktioner<\/li>\n<li>Snabb och enkel matchning och \u00f6verhoppning<\/li>\n<li>Global, flerspr\u00e5kig anv\u00e4ndarbas<\/li>\n<\/ul>\n<p>Nackdelar:<\/p>\n<ul>\n<li>Inga k\u00f6ns- eller regionfilter (matcherna \u00e4r helt slumpm\u00e4ssiga)<\/li>\n<li>Tillf\u00e4lligt ol\u00e4mpligt inneh\u00e5ll, trots moderering<\/li>\n<li>Inga profiler, anv\u00e4ndarhistorik eller alternativ f\u00f6r \u00e5termatchning<\/li>\n<li>Vissa anv\u00e4ndare kan koppla ner sig snabbt eller hoppa \u00f6ver ofta<\/li>\n<\/ul>\n<h2>Idealiska anv\u00e4ndningsfall<\/h2>\n<p>Stranger Space \u00e4r perfekt f\u00f6r:<\/p>\n<ul>\n<li>Anv\u00e4ndare som vill ha ren, spontan video- eller textchatt<\/li>\n<li>Alla som v\u00e4rdes\u00e4tter integritet och ett rent, modernt gr\u00e4nssnitt<\/li>\n<li>Spr\u00e5kinl\u00e4rare och kulturutforskare<\/li>\n<li>M\u00e4nniskor som letar efter en tristess-buster eller en v\u00e4nlig konversation<\/li>\n<li>Vuxna som s\u00f6ker ett s\u00e4krare alternativ till chatt <a href=\"https:\/\/strangercam.com\/sv\/chatroulette\/\">roulette<\/a> platser<\/li>\n<\/ul>\n<p>Den \u00e4r mindre l\u00e4mpad f\u00f6r:<\/p>\n<ul>\n<li>De som s\u00f6ker kuraterade dejting- eller matchmakingfunktioner<\/li>\n<li>Minder\u00e5riga anv\u00e4ndare (endast 18+)<\/li>\n<li>Personer som vill ha filter f\u00f6r k\u00f6n, land eller intressen<\/li>\n<\/ul>\n<h2>Slutligt omd\u00f6me<\/h2>\n<p>Stranger Space \u00e4r en av de b\u00e4st utformade och s\u00e4kraste slumpm\u00e4ssiga videochattplattformarna som finns 2025. Genom att fokusera p\u00e5 anonymitet, modern anv\u00e4ndbarhet och anv\u00e4ndarskydd tar den klassiska chattroulettupplevelsen in i en ny era - utan den r\u00f6ra och risk som en g\u00e5ng definierade genren.<\/p>\n<p>Om du letar efter en plats att bo p\u00e5 <a href=\"https:\/\/strangercam.com\/sv\/coomeet\/\">tr\u00e4ffas<\/a> fr\u00e4mlingar fr\u00e5n hela v\u00e4rlden, ha oskrivna konversationer eller bara uppleva sp\u00e4nningen i anonym videochatt, Stranger Space \u00e4r absolut v\u00e4rt ett f\u00f6rs\u00f6k. Dess str\u00f6mlinjeformade gr\u00e4nssnitt, snabba matchning och proaktiva moderering g\u00f6r det till ett utm\u00e4rkt val f\u00f6r alla som l\u00e4ngtar efter m\u00e4nsklig anslutning i realtid online - ingen registrering, inga nedladdningar, inga str\u00e4ngar knutna.<\/p>","protected":false},"excerpt":{"rendered":"<p>With so many random video chat platforms vying for attention in 2025, it\u2019s rare to find a site that balances anonymity, safety, and a modern user experience as well as Stranger Space. Designed for users who want spontaneous face-to-face connections\u2014but without the pitfalls that plagued older platforms\u2014Stranger Space sets itself apart through smart design choices, [&hellip;]<\/p>\n","protected":false},"author":6,"featured_media":0,"parent":0,"menu_order":0,"comment_status":"closed","ping_status":"closed","template":"","meta":{"footnotes":""},"class_list":["post-12905","page","type-page","status-publish","hentry"],"yoast_head":"<!-- This site is optimized with the Yoast SEO plugin v27.4 - https:\/\/yoast.com\/product\/yoast-seo-wordpress\/ -->\n<title>Stranger Space - Talk to Strangers for Free on StrangerCam.com<\/title>\n<meta name=\"description\" content=\"Like Stranger Space? Come chat with more than 5.000.000 strangers on Stranger Cam for Free! Turn on your cam and find new friends &amp; maby a match!\" \/>\n<meta name=\"robots\" content=\"index, follow, max-snippet:-1, max-image-preview:large, max-video-preview:-1\" \/>\n<link rel=\"canonical\" href=\"https:\/\/strangercam.com\/sv\/stranger-space\/\" \/>\n<meta property=\"og:locale\" content=\"sv_SE\" \/>\n<meta property=\"og:type\" content=\"article\" \/>\n<meta property=\"og:title\" content=\"Stranger Space - Talk to Strangers for Free on StrangerCam.com\" \/>\n<meta property=\"og:description\" content=\"Like Stranger Space? Come chat with more than 5.000.000 strangers on Stranger Cam for Free! Turn on your cam and find new friends &amp; maby a match!\" \/>\n<meta property=\"og:url\" content=\"https:\/\/strangercam.com\/sv\/stranger-space\/\" \/>\n<meta property=\"og:site_name\" content=\"Strangercam\" \/>\n<meta property=\"article:publisher\" content=\"https:\/\/www.facebook.com\/strangercam\" \/>\n<meta property=\"og:image\" content=\"https:\/\/strangercam.com\/wp-content\/uploads\/2021\/10\/Untitled-2.png\" \/>\n\t<meta property=\"og:image:width\" content=\"800\" \/>\n\t<meta property=\"og:image:height\" content=\"532\" \/>\n\t<meta property=\"og:image:type\" content=\"image\/png\" \/>\n<meta name=\"twitter:card\" content=\"summary_large_image\" \/>\n<meta name=\"twitter:site\" content=\"@strangercamapp\" \/>\n<meta name=\"twitter:label1\" content=\"Ber\u00e4knad l\u00e4stid\" \/>\n\t<meta name=\"twitter:data1\" content=\"6 minuter\" \/>\n<script type=\"application\/ld+json\" class=\"yoast-schema-graph\">{\"@context\":\"https:\\\/\\\/schema.org\",\"@graph\":[{\"@type\":\"WebPage\",\"@id\":\"https:\\\/\\\/strangercam.com\\\/stranger-space\\\/\",\"url\":\"https:\\\/\\\/strangercam.com\\\/stranger-space\\\/\",\"name\":\"Stranger Space - Talk to Strangers for Free on StrangerCam.com\",\"isPartOf\":{\"@id\":\"https:\\\/\\\/strangercam.com\\\/#website\"},\"datePublished\":\"2025-07-14T11:38:21+00:00\",\"description\":\"Like Stranger Space? Come chat with more than 5.000.000 strangers on Stranger Cam for Free! Turn on your cam and find new friends & maby a match!\",\"breadcrumb\":{\"@id\":\"https:\\\/\\\/strangercam.com\\\/stranger-space\\\/#breadcrumb\"},\"inLanguage\":\"sv-SE\",\"potentialAction\":[{\"@type\":\"ReadAction\",\"target\":[\"https:\\\/\\\/strangercam.com\\\/stranger-space\\\/\"]}]},{\"@type\":\"BreadcrumbList\",\"@id\":\"https:\\\/\\\/strangercam.com\\\/stranger-space\\\/#breadcrumb\",\"itemListElement\":[{\"@type\":\"ListItem\",\"position\":1,\"name\":\"Home\",\"item\":\"https:\\\/\\\/strangercam.com\\\/\"},{\"@type\":\"ListItem\",\"position\":2,\"name\":\"Stranger Space\"}]},{\"@type\":\"WebSite\",\"@id\":\"https:\\\/\\\/strangercam.com\\\/#website\",\"url\":\"https:\\\/\\\/strangercam.com\\\/\",\"name\":\"Strangercam\",\"description\":\"Random Video Chat with Strangers\",\"publisher\":{\"@id\":\"https:\\\/\\\/strangercam.com\\\/#organization\"},\"alternateName\":\"Strangercam.com\",\"potentialAction\":[{\"@type\":\"SearchAction\",\"target\":{\"@type\":\"EntryPoint\",\"urlTemplate\":\"https:\\\/\\\/strangercam.com\\\/?s={search_term_string}\"},\"query-input\":{\"@type\":\"PropertyValueSpecification\",\"valueRequired\":true,\"valueName\":\"search_term_string\"}}],\"inLanguage\":\"sv-SE\"},{\"@type\":\"Organization\",\"@id\":\"https:\\\/\\\/strangercam.com\\\/#organization\",\"name\":\"Strangercam\",\"alternateName\":\"Strangercam.com\",\"url\":\"https:\\\/\\\/strangercam.com\\\/\",\"logo\":{\"@type\":\"ImageObject\",\"inLanguage\":\"sv-SE\",\"@id\":\"https:\\\/\\\/strangercam.com\\\/#\\\/schema\\\/logo\\\/image\\\/\",\"url\":\"https:\\\/\\\/strangercam.com\\\/wp-content\\\/uploads\\\/2020\\\/11\\\/cropped-new-favicon-black.png\",\"contentUrl\":\"https:\\\/\\\/strangercam.com\\\/wp-content\\\/uploads\\\/2020\\\/11\\\/cropped-new-favicon-black.png\",\"width\":512,\"height\":512,\"caption\":\"Strangercam\"},\"image\":{\"@id\":\"https:\\\/\\\/strangercam.com\\\/#\\\/schema\\\/logo\\\/image\\\/\"},\"sameAs\":[\"https:\\\/\\\/www.facebook.com\\\/strangercam\",\"https:\\\/\\\/x.com\\\/strangercamapp\"]}]}<\/script>\n<!-- \/ Yoast SEO plugin. -->","yoast_head_json":{"title":"Stranger Space - Prata med fr\u00e4mlingar gratis p\u00e5 StrangerCam.com","description":"Gillar du Stranger Space? Kom och chatta med mer \u00e4n 5.000.000 fr\u00e4mlingar p\u00e5 Stranger Cam helt gratis! Sl\u00e5 p\u00e5 din kamera och hitta nya v\u00e4nner och kanske en match!","robots":{"index":"index","follow":"follow","max-snippet":"max-snippet:-1","max-image-preview":"max-image-preview:large","max-video-preview":"max-video-preview:-1"},"canonical":"https:\/\/strangercam.com\/sv\/stranger-space\/","og_locale":"sv_SE","og_type":"article","og_title":"Stranger Space - Talk to Strangers for Free on StrangerCam.com","og_description":"Like Stranger Space? Come chat with more than 5.000.000 strangers on Stranger Cam for Free! Turn on your cam and find new friends & maby a match!","og_url":"https:\/\/strangercam.com\/sv\/stranger-space\/","og_site_name":"Strangercam","article_publisher":"https:\/\/www.facebook.com\/strangercam","og_image":[{"width":800,"height":532,"url":"https:\/\/strangercam.com\/wp-content\/uploads\/2021\/10\/Untitled-2.png","type":"image\/png"}],"twitter_card":"summary_large_image","twitter_site":"@strangercamapp","twitter_misc":{"Ber\u00e4knad l\u00e4stid":"6 minuter"},"schema":{"@context":"https:\/\/schema.org","@graph":[{"@type":"WebPage","@id":"https:\/\/strangercam.com\/stranger-space\/","url":"https:\/\/strangercam.com\/stranger-space\/","name":"Stranger Space - Prata med fr\u00e4mlingar gratis p\u00e5 StrangerCam.com","isPartOf":{"@id":"https:\/\/strangercam.com\/#website"},"datePublished":"2025-07-14T11:38:21+00:00","description":"Gillar du Stranger Space? Kom och chatta med mer \u00e4n 5.000.000 fr\u00e4mlingar p\u00e5 Stranger Cam helt gratis! Sl\u00e5 p\u00e5 din kamera och hitta nya v\u00e4nner och kanske en match!","breadcrumb":{"@id":"https:\/\/strangercam.com\/stranger-space\/#breadcrumb"},"inLanguage":"sv-SE","potentialAction":[{"@type":"ReadAction","target":["https:\/\/strangercam.com\/stranger-space\/"]}]},{"@type":"BreadcrumbList","@id":"https:\/\/strangercam.com\/stranger-space\/#breadcrumb","itemListElement":[{"@type":"ListItem","position":1,"name":"Home","item":"https:\/\/strangercam.com\/"},{"@type":"ListItem","position":2,"name":"Stranger Space"}]},{"@type":"WebSite","@id":"https:\/\/strangercam.com\/#website","url":"https:\/\/strangercam.com\/","name":"Strangercam","description":"Slumpm\u00e4ssig videochatt med fr\u00e4mlingar","publisher":{"@id":"https:\/\/strangercam.com\/#organization"},"alternateName":"Strangercam.com","potentialAction":[{"@type":"SearchAction","target":{"@type":"EntryPoint","urlTemplate":"https:\/\/strangercam.com\/?s={search_term_string}"},"query-input":{"@type":"PropertyValueSpecification","valueRequired":true,"valueName":"search_term_string"}}],"inLanguage":"sv-SE"},{"@type":"Organization","@id":"https:\/\/strangercam.com\/#organization","name":"Strangercam","alternateName":"Strangercam.com","url":"https:\/\/strangercam.com\/","logo":{"@type":"ImageObject","inLanguage":"sv-SE","@id":"https:\/\/strangercam.com\/#\/schema\/logo\/image\/","url":"https:\/\/strangercam.com\/wp-content\/uploads\/2020\/11\/cropped-new-favicon-black.png","contentUrl":"https:\/\/strangercam.com\/wp-content\/uploads\/2020\/11\/cropped-new-favicon-black.png","width":512,"height":512,"caption":"Strangercam"},"image":{"@id":"https:\/\/strangercam.com\/#\/schema\/logo\/image\/"},"sameAs":["https:\/\/www.facebook.com\/strangercam","https:\/\/x.com\/strangercamapp"]}]}},"_links":{"self":[{"href":"https:\/\/strangercam.com\/sv\/wp-json\/wp\/v2\/pages\/12905","targetHints":{"allow":["GET"]}}],"collection":[{"href":"https:\/\/strangercam.com\/sv\/wp-json\/wp\/v2\/pages"}],"about":[{"href":"https:\/\/strangercam.com\/sv\/wp-json\/wp\/v2\/types\/page"}],"author":[{"embeddable":true,"href":"https:\/\/strangercam.com\/sv\/wp-json\/wp\/v2\/users\/6"}],"replies":[{"embeddable":true,"href":"https:\/\/strangercam.com\/sv\/wp-json\/wp\/v2\/comments?post=12905"}],"version-history":[{"count":1,"href":"https:\/\/strangercam.com\/sv\/wp-json\/wp\/v2\/pages\/12905\/revisions"}],"predecessor-version":[{"id":12906,"href":"https:\/\/strangercam.com\/sv\/wp-json\/wp\/v2\/pages\/12905\/revisions\/12906"}],"wp:attachment":[{"href":"https:\/\/strangercam.com\/sv\/wp-json\/wp\/v2\/media?parent=12905"}],"curies":[{"name":"wp","href":"https:\/\/api.w.org\/{rel}","templated":true}]}}