{"id":12903,"date":"2025-07-14T13:33:31","date_gmt":"2025-07-14T11:33:31","guid":{"rendered":"https:\/\/strangercam.com\/?page_id=12903"},"modified":"2025-07-14T13:33:31","modified_gmt":"2025-07-14T11:33:31","slug":"chaty","status":"publish","type":"page","link":"https:\/\/strangercam.com\/sv\/chaty\/","title":{"rendered":"Chaty"},"content":{"rendered":"<p>I takt med att intresset f\u00f6r spontan video ansikte mot ansikte <a href=\"https:\/\/strangercam.com\/sv\/chathub\/\">chatt<\/a> forts\u00e4tter att v\u00e4xa, har en ny generation plattformar dykt upp f\u00f6r att fylla det tomrum som l\u00e4mnats av <a href=\"https:\/\/strangercam.com\/sv\/omegle\/\">Omegle<\/a> och <a href=\"https:\/\/strangercam.com\/sv\/chatroulette\/\">Chatroulette<\/a>. Chaty \u00e4r en s\u00e5dan utmanare, utformad f\u00f6r anv\u00e4ndare som l\u00e4ngtar efter omedelbara, anonyma videochattar utan kr\u00e5ngel med registrering, profiluppbyggnad eller nedladdning av appar.<\/p>\n<p>Med ett l\u00f6fte om att \"tr\u00e4ffa fr\u00e4mlingar fr\u00e5n hela v\u00e4rlden p\u00e5 n\u00e5gra sekunder\" positionerar sig Chaty som ett anv\u00e4ndarv\u00e4nligt, modernt alternativ till det klassiska slumpm\u00e4ssiga chattformatet. Men hur st\u00e5r det sig mot konkurrensen 2025? \u00c4r det s\u00e4kert, l\u00e4tt att anv\u00e4nda och v\u00e4rt din tid?<\/p>\n<p>I den h\u00e4r omfattande recensionen kommer vi att utforska exakt vad Chaty \u00e4r, hur det fungerar, vilka funktioner det erbjuder, vem som anv\u00e4nder det och hur det j\u00e4mf\u00f6rs med andra toppvideochattwebbplatser.<\/p>\n<h2>Vad \u00e4r Chaty?<\/h2>\n<p>Chaty \u00e4r en gratis, webbl\u00e4sarbaserad slumpm\u00e4ssig videochattwebbplats som ansluter anv\u00e4ndare fr\u00e5n hela v\u00e4rlden f\u00f6r realtid, en-mot-en-konversationer. Upplevelsen \u00e4r enkel och anonym - klicka bara f\u00f6r att starta, till\u00e5t din kamera och mikrofon, s\u00e5 matchas du direkt med en fr\u00e4mling.<\/p>\n<p>Det finns inget behov av att skapa ett konto, tillhandah\u00e5lla en e-postadress eller ladda ner en app. Chaty fokuserar p\u00e5 det v\u00e4sentliga: snabb \u00e5tkomst, smidig videokvalitet och ett enkelt gr\u00e4nssnitt som f\u00e5r dig att chatta p\u00e5 n\u00e5gra sekunder.<\/p>\n<p>Webbplatsen v\u00e4nder sig till alla som s\u00f6ker:<\/p>\n<ul>\n<li>Avslappnad interaktion i realtid<\/li>\n<li>Flirtig eller v\u00e4nlig videochatt med fr\u00e4mlingar<\/li>\n<li>Spr\u00e5kpraktik eller kulturellt utbyte<\/li>\n<li>Ett s\u00e4tt att f\u00f6rdriva tiden eller <a href=\"https:\/\/strangercam.com\/sv\/coomeet\/\">tr\u00e4ffas<\/a> nya m\u00e4nniskor anonymt<\/li>\n<\/ul>\n<h2>Vad \u00e4r syftet med Chaty?<\/h2>\n<p>Det prim\u00e4ra m\u00e5let med Chaty \u00e4r att \u00e5terskapa den klassiska slumpm\u00e4ssiga chattupplevelsen, men med b\u00e4ttre teknik och ett s\u00e4krare, mer anv\u00e4ndarv\u00e4nligt gr\u00e4nssnitt. I en tid av mycket kuraterade dejtingappar, sociala fl\u00f6den och streamingplattformar sticker Chaty ut genom att fokusera p\u00e5 ren, ofiltrerad m\u00e4nsklig kontakt - inga bios, swipes eller sociala medieintegrationer kr\u00e4vs.<\/p>\n<p>Den \u00e4r byggd f\u00f6r:<\/p>\n<ul>\n<li>Anv\u00e4ndare tr\u00f6tta p\u00e5 att scrolla och matcha i o\u00e4ndlighet p\u00e5 dejtingappar<\/li>\n<li>Alla som vill tr\u00e4ffa nya m\u00e4nniskor p\u00e5 ett snabbt och smidigt s\u00e4tt<\/li>\n<li>Personer som v\u00e4rdes\u00e4tter integritet och anonymitet i onlinechattar<\/li>\n<li>Globala anv\u00e4ndare som letar efter ett modernt alternativ till Omegle eller Chatroulette<\/li>\n<\/ul>\n<h2>Viktiga funktioner<\/h2>\n<p>1. En-till-en slumpm\u00e4ssig videochatt<br \/>\nChatys k\u00e4rnfunktion \u00e4r omedelbar, anonym videoanslutning. Du paras slumpm\u00e4ssigt ihop med en annan onlineanv\u00e4ndare f\u00f6r en privat konversation ansikte mot ansikte. Om du inte tycker om chatten klickar du bara p\u00e5 \"N\u00e4sta\" f\u00f6r att g\u00e5 vidare.<\/p>\n<p>2. Ingen registrering eller nedladdning av app<br \/>\nHela upplevelsen sker i din webbl\u00e4sare. Det finns inget behov av att registrera sig, skapa en profil eller installera n\u00e5gon programvara. Detta h\u00e5ller dina personuppgifter privata och onboardingprocessen s\u00e5 snabb som m\u00f6jligt.<\/p>\n<p>3. Snabb matchning och \u00f6verhoppning<br \/>\nChatys backend \u00e4r byggd f\u00f6r snabbhet. Nya matcher laddas snabbt och \u00f6verg\u00e5ngen mellan chattar \u00e4r s\u00f6ml\u00f6s - \u00e4ven i mobila webbl\u00e4sare.<\/p>\n<p>4. Alternativ f\u00f6r textchatt<br \/>\nF\u00f6r dem som f\u00f6redrar att skriva, har begr\u00e4nsad bandbredd eller \u00e4r kameraskygga, erbjuder Chaty ocks\u00e5 ett chattl\u00e4ge med enbart text. Du kan v\u00e4xla l\u00e4ge n\u00e4r som helst.<\/p>\n<p>5. Mobilanpassad design<br \/>\nChaty fungerar felfritt p\u00e5 b\u00e5de station\u00e4ra och mobila webbl\u00e4sare. Gr\u00e4nssnittet \u00e4r responsivt och pekoptimerat, vilket garanterar smidig drift oavsett om du anv\u00e4nder en b\u00e4rbar dator, surfplatta eller smartphone.<\/p>\n<p>6. Enkla kontroller<br \/>\nStora videof\u00f6nster, tydliga knappar f\u00f6r \"N\u00e4sta\" och \"Rapportera\" och en intuitiv layout g\u00f6r anv\u00e4ndarupplevelsen friktionsfri. Du kan st\u00e4nga av din mikrofon, hoppa \u00f6ver en anv\u00e4ndare eller rapportera ol\u00e4mpligt beteende med ett enda tryck.<\/p>\n<p>7. Rapporterings- och modereringsverktyg<br \/>\nAnv\u00e4ndars\u00e4kerheten st\u00f6ds av rapportering i chatten. St\u00f6tande eller ol\u00e4mpliga anv\u00e4ndare kan flaggas f\u00f6r granskning, och Chaty anv\u00e4nder en kombination av m\u00e4nsklig moderering och grundl\u00e4ggande AI f\u00f6r att uppr\u00e4tth\u00e5lla en s\u00e4ker milj\u00f6.<\/p>\n<h2>\u00c4r Chaty gratis?<\/h2>\n<p>Ja, Chaty \u00e4r helt gratis att anv\u00e4nda. Det finns inga:<\/p>\n<ul>\n<li>Betalv\u00e4ggar<\/li>\n<li>Prenumerationer<\/li>\n<li>K\u00f6p i appen<\/li>\n<li>Kredit- eller token-system<\/li>\n<\/ul>\n<p>Alla anv\u00e4ndare har lika tillg\u00e5ng till plattformens fulla funktionalitet. Chaty kan visa l\u00e4tta annonser f\u00f6r att t\u00e4cka driftskostnader, men dessa st\u00f6r inte chattupplevelsen eller kr\u00e4ver interaktion.<\/p>\n<h2>Vem anv\u00e4nder Chaty?<\/h2>\n<p>Chaty attraherar en bred internationell anv\u00e4ndarbas. De flesta anv\u00e4ndarna \u00e4r i \u00e5ldersgruppen 18-35 \u00e5r och k\u00f6nsf\u00f6rdelningen liknar den p\u00e5 andra slumpm\u00e4ssiga chattsajter (fler m\u00e4n, men aktiva kvinnliga anv\u00e4ndare, s\u00e4rskilt under rusningstid).<\/p>\n<p>Vanliga anv\u00e4ndarprofiler inkluderar:<\/p>\n<ul>\n<li>Universitetsstudenter och unga yrkesverksamma<\/li>\n<li>Resen\u00e4rer och digitala nomader<\/li>\n<li>Spr\u00e5kinl\u00e4rare s\u00f6ker riktiga samtalspartners<\/li>\n<li>M\u00e4nniskor som letar efter kul, flirtig eller v\u00e4nlig interaktion<\/li>\n<li>Alla som saknar de r\u00e5a, spontana kontakterna i klassiska Omegle<\/li>\n<\/ul>\n<p>Eftersom det inte finns n\u00e5gon registrering \u00e4r Chatys anv\u00e4ndarbas flytande och f\u00f6r\u00e4ndras st\u00e4ndigt. Du kommer att st\u00f6ta p\u00e5 anv\u00e4ndare fr\u00e5n USA, Storbritannien, Indien, Tyskland, Brasilien och mer - vilket g\u00f6r det till en verkligt global gemenskap.<\/p>\n<h2>S\u00e4kerhet, integritet och moderering<\/h2>\n<p>Chaty betonar integritet och anonymitet, men genomf\u00f6r ocks\u00e5 \u00e5tg\u00e4rder f\u00f6r att skydda anv\u00e4ndarna:<\/p>\n<h3>Integritet<\/h3>\n<ul>\n<li>Ingen registrering, e-post eller personuppgifter kr\u00e4vs<\/li>\n<li>Chattar spelas inte in eller sparas<\/li>\n<li>Du identifieras endast genom din webbkamera\/mikrofon (inga anv\u00e4ndarnamn eller profilbilder)<\/li>\n<li>IP-adresser exponeras inte f\u00f6r andra anv\u00e4ndare<\/li>\n<\/ul>\n<h3>Moderering<\/h3>\n<ul>\n<li>Rapportering i chatt: Flagga snabbt alla st\u00f6tande eller ol\u00e4mpliga anv\u00e4ndare<\/li>\n<li>Grundl\u00e4ggande AI-moderering: Automatisk uppt\u00e4ckt av nakenhet eller explicit inneh\u00e5ll, men inte idiots\u00e4kert<\/li>\n<li>Manuell granskning: Rapporter granskas av m\u00e4nskliga moderatorer och upprepade \u00f6vertr\u00e4delser st\u00e4ngs av<\/li>\n<\/ul>\n<h3>Begr\u00e4nsningar<\/h3>\n<p>Liksom alla anonyma chattplattformar \u00e4r Chaty inte immun mot d\u00e5liga akt\u00f6rer. Anv\u00e4ndare b\u00f6r:<\/p>\n<ul>\n<li>Dela aldrig personlig information (riktigt namn, kontaktuppgifter, sociala medier)<\/li>\n<li>Anv\u00e4nd funktionerna \"Rapportera\" och \"N\u00e4sta\" n\u00e4r det k\u00e4nns obekv\u00e4mt<\/li>\n<li>Var medveten om att vissa chattar kan avslutas abrupt eller inneh\u00e5lla ol\u00e4mpligt beteende<\/li>\n<\/ul>\n<h2>Anv\u00e4ndarupplevelse och design<\/h2>\n<p>Chatys design \u00e4r inriktad p\u00e5 tydlighet, snabbhet och anv\u00e4ndarv\u00e4nlighet. Hemsidan \u00e4r minimal, vanligtvis med bara en framtr\u00e4dande \"Start\" -knapp och tydlig information om integritet och regler. Inom tv\u00e5 klick \u00e4r du ansikte mot ansikte med en fr\u00e4mling.<\/p>\n<h3>H\u00f6jdpunkter:<\/h3>\n<ul>\n<li>Snabb laddning och n\u00e4stan omedelbar matchning<\/li>\n<li>Stora videofl\u00f6den av h\u00f6g kvalitet<\/li>\n<li>Ren layout utan popup-f\u00f6nster eller distraktioner<\/li>\n<li>Enkla kontroller f\u00f6r att st\u00e4nga av, hoppa \u00f6ver eller rapportera<\/li>\n<li>Konsekvent prestanda i webbl\u00e4sare p\u00e5 datorer och mobiler<\/li>\n<\/ul>\n<p>J\u00e4mf\u00f6rt med andra slumpm\u00e4ssiga chattwebbplatser k\u00e4nns Chaty mer modern och stabil, s\u00e4rskilt p\u00e5 smartphones.<\/p>\n<h2>Chaty vs andra plattformar f\u00f6r videochatt<\/h2>\n<p>Hur j\u00e4mf\u00f6r Chaty sig med andra ledande slumpm\u00e4ssiga videochattplattformar 2025?<\/p>\n<table>\n<thead>\n<tr>\n<th>Funktion<\/th>\n<th>Chaty<\/th>\n<th>Ohmegle<\/th>\n<th>Chatroulette<\/th>\n<th>Chatrandom<\/th>\n<th><a href=\"https:\/\/strangercam.com\/sv\/ometv\/\">OmeTV<\/a><\/th>\n<\/tr>\n<\/thead>\n<tbody>\n<tr>\n<td>Slumpm\u00e4ssig videochatt<\/td>\n<td>Ja<\/td>\n<td>Ja<\/td>\n<td>Ja<\/td>\n<td>Ja<\/td>\n<td>Ja<\/td>\n<\/tr>\n<tr>\n<td>Alternativ f\u00f6r textchatt<\/td>\n<td>Ja<\/td>\n<td>Ja<\/td>\n<td>Nej<\/td>\n<td>Ja<\/td>\n<td>Ja<\/td>\n<\/tr>\n<tr>\n<td>Registrering kr\u00e4vs<\/td>\n<td>Nej<\/td>\n<td>Nej<\/td>\n<td>Nej<\/td>\n<td>Valfritt<\/td>\n<td>Nej<\/td>\n<\/tr>\n<tr>\n<td>Mobilt st\u00f6d<\/td>\n<td>Utm\u00e4rkt<\/td>\n<td>Utm\u00e4rkt<\/td>\n<td>Bra<\/td>\n<td>Bra<\/td>\n<td>Bra<\/td>\n<\/tr>\n<tr>\n<td>Filter f\u00f6r k\u00f6n\/land<\/td>\n<td>Nej<\/td>\n<td>Nej<\/td>\n<td>Betalade<\/td>\n<td>Betalade<\/td>\n<td>Betalade<\/td>\n<\/tr>\n<tr>\n<td>Modereringsverktyg<\/td>\n<td>M\u00e5ttlig<\/td>\n<td>M\u00e5ttlig<\/td>\n<td>Svag<\/td>\n<td>M\u00e5ttlig<\/td>\n<td>Stark<\/td>\n<\/tr>\n<tr>\n<td>Gratis att anv\u00e4nda<\/td>\n<td>Ja<\/td>\n<td>Ja<\/td>\n<td>Ja<\/td>\n<td>Ja\/betald<\/td>\n<td>Ja<\/td>\n<\/tr>\n<\/tbody>\n<\/table>\n<p>Sammanfattning: Chaty \u00e4r n\u00e4rmast Ohmegle i anda och enkelhet, men med ett mer modernt gr\u00e4nssnitt och b\u00e4ttre st\u00f6d f\u00f6r mobila webbl\u00e4sare. Det \u00e4r perfekt f\u00f6r anv\u00e4ndare som vill ha ren, ofiltrerad chatt - utan filter, profiler eller merf\u00f6rs\u00e4ljning.<\/p>\n<h2>F\u00f6r- och nackdelar<\/h2>\n<p>F\u00f6rdelar:<\/p>\n<ul>\n<li>100% gratis och anonymt<\/li>\n<li>Ingen registrering eller nedladdning kr\u00e4vs<\/li>\n<li>Snabb och enkel matchning och \u00f6verhoppning<\/li>\n<li>Video- och textchatt<\/li>\n<li>Stark mobilkompatibilitet<\/li>\n<li>Rent och intuitivt anv\u00e4ndargr\u00e4nssnitt<\/li>\n<\/ul>\n<p>Nackdelar:<\/p>\n<ul>\n<li>Ingen filtrering efter k\u00f6n eller region<\/li>\n<li>Tillf\u00e4lligt ol\u00e4mpligt inneh\u00e5ll (trots moderering)<\/li>\n<li>Inga profiler, anv\u00e4ndarhistorik eller uppf\u00f6ljningsfunktioner<\/li>\n<li>Fler manliga \u00e4n kvinnliga anv\u00e4ndare<\/li>\n<li>Chattar \u00e4r kortlivade - inget s\u00e4tt att \u00e5terknyta kontakten<\/li>\n<\/ul>\n<h2>Idealiska anv\u00e4ndningsfall<\/h2>\n<p>Chaty \u00e4r perfekt f\u00f6r:<\/p>\n<ul>\n<li>Alla som saknar Omegle och vill ha en liknande upplevelse<\/li>\n<li>M\u00e4nniskor som s\u00f6ker nya v\u00e4nner eller spontan interaktion i realtid<\/li>\n<li>Spr\u00e5kinl\u00e4rare som \u00f6var p\u00e5 konversationsf\u00e4rdigheter<\/li>\n<li>De som v\u00e4rdes\u00e4tter integritet och anonymitet p\u00e5 n\u00e4tet<\/li>\n<li>Anv\u00e4ndare som vill f\u00f6rdriva tiden eller tr\u00e4ffa n\u00e5gon utanf\u00f6r sin sociala krets<\/li>\n<\/ul>\n<p>Den \u00e4r mindre l\u00e4mpad f\u00f6r:<\/p>\n<ul>\n<li>Anv\u00e4ndare under 18 \u00e5r (plattformen \u00e4r endast tillg\u00e4nglig f\u00f6r vuxna)<\/li>\n<li>De som s\u00f6ker filter f\u00f6r dejting\/matchning eller kurerade upplevelser<\/li>\n<li>Personer som k\u00e4nner sig obekv\u00e4ma med of\u00f6ruts\u00e4gbara eller r\u00e5a chattm\u00f6ten<\/li>\n<\/ul>\n<h2>Slutligt omd\u00f6me<\/h2>\n<p>Chaty \u00e4r en framst\u00e5ende slumpm\u00e4ssig videochattplattform 2025, som levererar exakt vad anv\u00e4ndarna \u00e4lskade om klassiska Omegle och Chatroulette - snabb, gratis, anonym m\u00e4nsklig anslutning utan hinder eller distraktioner. Dess rena gr\u00e4nssnitt, p\u00e5litliga prestanda och fokus p\u00e5 integritet g\u00f6r det till ett av de b\u00e4sta alternativen f\u00f6r spontana konversationer ansikte mot ansikte online.<\/p>\n<p>\u00c4ven om moderering och filtrering kan f\u00f6rb\u00e4ttras, ligger plattformens styrkor i dess enkelhet och anv\u00e4ndarv\u00e4nlighet. Om du letar efter \u00e4kta, oskriptad chatt med fr\u00e4mlingar fr\u00e5n hela v\u00e4rlden - oavsett om det \u00e4r roligt, l\u00e4rande eller bara f\u00f6r att undkomma tristess - \u00e4r Chaty absolut v\u00e4rt att kolla in.<\/p>","protected":false},"excerpt":{"rendered":"<p>As the appetite for spontaneous, face-to-face video chat continues to grow, a new generation of platforms has emerged to fill the gap left by Omegle and Chatroulette. Chaty is one such contender, designed for users who crave instant, anonymous video chats without the hassle of sign-up, profile-building, or downloading apps. With a promise of \u201cmeeting [&hellip;]<\/p>\n","protected":false},"author":6,"featured_media":0,"parent":0,"menu_order":0,"comment_status":"closed","ping_status":"closed","template":"","meta":{"footnotes":""},"class_list":["post-12903","page","type-page","status-publish","hentry"],"yoast_head":"<!-- This site is optimized with the Yoast SEO plugin v27.4 - https:\/\/yoast.com\/product\/yoast-seo-wordpress\/ -->\n<title>Chaty - Chat with People Nearby on StrangerCam.com<\/title>\n<meta name=\"description\" content=\"Like Chaty? Come chat with more than 5.000.000 strangers on Stranger Cam for Free! Turn on your cam and find new friends &amp; maby a match!\" \/>\n<meta name=\"robots\" content=\"index, follow, max-snippet:-1, max-image-preview:large, max-video-preview:-1\" \/>\n<link rel=\"canonical\" href=\"https:\/\/strangercam.com\/sv\/chaty\/\" \/>\n<meta property=\"og:locale\" content=\"sv_SE\" \/>\n<meta property=\"og:type\" content=\"article\" \/>\n<meta property=\"og:title\" content=\"Chaty - Chat with People Nearby on StrangerCam.com\" \/>\n<meta property=\"og:description\" content=\"Like Chaty? Come chat with more than 5.000.000 strangers on Stranger Cam for Free! Turn on your cam and find new friends &amp; maby a match!\" \/>\n<meta property=\"og:url\" content=\"https:\/\/strangercam.com\/sv\/chaty\/\" \/>\n<meta property=\"og:site_name\" content=\"Strangercam\" \/>\n<meta property=\"article:publisher\" content=\"https:\/\/www.facebook.com\/strangercam\" \/>\n<meta property=\"og:image\" content=\"https:\/\/strangercam.com\/wp-content\/uploads\/2021\/10\/Untitled-2.png\" \/>\n\t<meta property=\"og:image:width\" content=\"800\" \/>\n\t<meta property=\"og:image:height\" content=\"532\" \/>\n\t<meta property=\"og:image:type\" content=\"image\/png\" \/>\n<meta name=\"twitter:card\" content=\"summary_large_image\" \/>\n<meta name=\"twitter:site\" content=\"@strangercamapp\" \/>\n<meta name=\"twitter:label1\" content=\"Ber\u00e4knad l\u00e4stid\" \/>\n\t<meta name=\"twitter:data1\" content=\"6 minuter\" \/>\n<script type=\"application\/ld+json\" class=\"yoast-schema-graph\">{\"@context\":\"https:\\\/\\\/schema.org\",\"@graph\":[{\"@type\":\"WebPage\",\"@id\":\"https:\\\/\\\/strangercam.com\\\/chaty\\\/\",\"url\":\"https:\\\/\\\/strangercam.com\\\/chaty\\\/\",\"name\":\"Chaty - Chat with People Nearby on StrangerCam.com\",\"isPartOf\":{\"@id\":\"https:\\\/\\\/strangercam.com\\\/#website\"},\"datePublished\":\"2025-07-14T11:33:31+00:00\",\"description\":\"Like Chaty? Come chat with more than 5.000.000 strangers on Stranger Cam for Free! Turn on your cam and find new friends & maby a match!\",\"breadcrumb\":{\"@id\":\"https:\\\/\\\/strangercam.com\\\/chaty\\\/#breadcrumb\"},\"inLanguage\":\"sv-SE\",\"potentialAction\":[{\"@type\":\"ReadAction\",\"target\":[\"https:\\\/\\\/strangercam.com\\\/chaty\\\/\"]}]},{\"@type\":\"BreadcrumbList\",\"@id\":\"https:\\\/\\\/strangercam.com\\\/chaty\\\/#breadcrumb\",\"itemListElement\":[{\"@type\":\"ListItem\",\"position\":1,\"name\":\"Home\",\"item\":\"https:\\\/\\\/strangercam.com\\\/\"},{\"@type\":\"ListItem\",\"position\":2,\"name\":\"Chaty\"}]},{\"@type\":\"WebSite\",\"@id\":\"https:\\\/\\\/strangercam.com\\\/#website\",\"url\":\"https:\\\/\\\/strangercam.com\\\/\",\"name\":\"Strangercam\",\"description\":\"Random Video Chat with Strangers\",\"publisher\":{\"@id\":\"https:\\\/\\\/strangercam.com\\\/#organization\"},\"alternateName\":\"Strangercam.com\",\"potentialAction\":[{\"@type\":\"SearchAction\",\"target\":{\"@type\":\"EntryPoint\",\"urlTemplate\":\"https:\\\/\\\/strangercam.com\\\/?s={search_term_string}\"},\"query-input\":{\"@type\":\"PropertyValueSpecification\",\"valueRequired\":true,\"valueName\":\"search_term_string\"}}],\"inLanguage\":\"sv-SE\"},{\"@type\":\"Organization\",\"@id\":\"https:\\\/\\\/strangercam.com\\\/#organization\",\"name\":\"Strangercam\",\"alternateName\":\"Strangercam.com\",\"url\":\"https:\\\/\\\/strangercam.com\\\/\",\"logo\":{\"@type\":\"ImageObject\",\"inLanguage\":\"sv-SE\",\"@id\":\"https:\\\/\\\/strangercam.com\\\/#\\\/schema\\\/logo\\\/image\\\/\",\"url\":\"https:\\\/\\\/strangercam.com\\\/wp-content\\\/uploads\\\/2020\\\/11\\\/cropped-new-favicon-black.png\",\"contentUrl\":\"https:\\\/\\\/strangercam.com\\\/wp-content\\\/uploads\\\/2020\\\/11\\\/cropped-new-favicon-black.png\",\"width\":512,\"height\":512,\"caption\":\"Strangercam\"},\"image\":{\"@id\":\"https:\\\/\\\/strangercam.com\\\/#\\\/schema\\\/logo\\\/image\\\/\"},\"sameAs\":[\"https:\\\/\\\/www.facebook.com\\\/strangercam\",\"https:\\\/\\\/x.com\\\/strangercamapp\"]}]}<\/script>\n<!-- \/ Yoast SEO plugin. -->","yoast_head_json":{"title":"Chaty - Chatta med m\u00e4nniskor i n\u00e4rheten p\u00e5 StrangerCam.com","description":"Gillar du Chaty? Kom och chatta med mer \u00e4n 5.000.000 fr\u00e4mlingar p\u00e5 Stranger Cam helt gratis! Sl\u00e5 p\u00e5 din kamera och hitta nya v\u00e4nner och kanske en match!","robots":{"index":"index","follow":"follow","max-snippet":"max-snippet:-1","max-image-preview":"max-image-preview:large","max-video-preview":"max-video-preview:-1"},"canonical":"https:\/\/strangercam.com\/sv\/chaty\/","og_locale":"sv_SE","og_type":"article","og_title":"Chaty - Chat with People Nearby on StrangerCam.com","og_description":"Like Chaty? Come chat with more than 5.000.000 strangers on Stranger Cam for Free! Turn on your cam and find new friends & maby a match!","og_url":"https:\/\/strangercam.com\/sv\/chaty\/","og_site_name":"Strangercam","article_publisher":"https:\/\/www.facebook.com\/strangercam","og_image":[{"width":800,"height":532,"url":"https:\/\/strangercam.com\/wp-content\/uploads\/2021\/10\/Untitled-2.png","type":"image\/png"}],"twitter_card":"summary_large_image","twitter_site":"@strangercamapp","twitter_misc":{"Ber\u00e4knad l\u00e4stid":"6 minuter"},"schema":{"@context":"https:\/\/schema.org","@graph":[{"@type":"WebPage","@id":"https:\/\/strangercam.com\/chaty\/","url":"https:\/\/strangercam.com\/chaty\/","name":"Chaty - Chatta med m\u00e4nniskor i n\u00e4rheten p\u00e5 StrangerCam.com","isPartOf":{"@id":"https:\/\/strangercam.com\/#website"},"datePublished":"2025-07-14T11:33:31+00:00","description":"Gillar du Chaty? Kom och chatta med mer \u00e4n 5.000.000 fr\u00e4mlingar p\u00e5 Stranger Cam helt gratis! Sl\u00e5 p\u00e5 din kamera och hitta nya v\u00e4nner och kanske en match!","breadcrumb":{"@id":"https:\/\/strangercam.com\/chaty\/#breadcrumb"},"inLanguage":"sv-SE","potentialAction":[{"@type":"ReadAction","target":["https:\/\/strangercam.com\/chaty\/"]}]},{"@type":"BreadcrumbList","@id":"https:\/\/strangercam.com\/chaty\/#breadcrumb","itemListElement":[{"@type":"ListItem","position":1,"name":"Home","item":"https:\/\/strangercam.com\/"},{"@type":"ListItem","position":2,"name":"Chaty"}]},{"@type":"WebSite","@id":"https:\/\/strangercam.com\/#website","url":"https:\/\/strangercam.com\/","name":"Strangercam","description":"Slumpm\u00e4ssig videochatt med fr\u00e4mlingar","publisher":{"@id":"https:\/\/strangercam.com\/#organization"},"alternateName":"Strangercam.com","potentialAction":[{"@type":"SearchAction","target":{"@type":"EntryPoint","urlTemplate":"https:\/\/strangercam.com\/?s={search_term_string}"},"query-input":{"@type":"PropertyValueSpecification","valueRequired":true,"valueName":"search_term_string"}}],"inLanguage":"sv-SE"},{"@type":"Organization","@id":"https:\/\/strangercam.com\/#organization","name":"Strangercam","alternateName":"Strangercam.com","url":"https:\/\/strangercam.com\/","logo":{"@type":"ImageObject","inLanguage":"sv-SE","@id":"https:\/\/strangercam.com\/#\/schema\/logo\/image\/","url":"https:\/\/strangercam.com\/wp-content\/uploads\/2020\/11\/cropped-new-favicon-black.png","contentUrl":"https:\/\/strangercam.com\/wp-content\/uploads\/2020\/11\/cropped-new-favicon-black.png","width":512,"height":512,"caption":"Strangercam"},"image":{"@id":"https:\/\/strangercam.com\/#\/schema\/logo\/image\/"},"sameAs":["https:\/\/www.facebook.com\/strangercam","https:\/\/x.com\/strangercamapp"]}]}},"_links":{"self":[{"href":"https:\/\/strangercam.com\/sv\/wp-json\/wp\/v2\/pages\/12903","targetHints":{"allow":["GET"]}}],"collection":[{"href":"https:\/\/strangercam.com\/sv\/wp-json\/wp\/v2\/pages"}],"about":[{"href":"https:\/\/strangercam.com\/sv\/wp-json\/wp\/v2\/types\/page"}],"author":[{"embeddable":true,"href":"https:\/\/strangercam.com\/sv\/wp-json\/wp\/v2\/users\/6"}],"replies":[{"embeddable":true,"href":"https:\/\/strangercam.com\/sv\/wp-json\/wp\/v2\/comments?post=12903"}],"version-history":[{"count":1,"href":"https:\/\/strangercam.com\/sv\/wp-json\/wp\/v2\/pages\/12903\/revisions"}],"predecessor-version":[{"id":12904,"href":"https:\/\/strangercam.com\/sv\/wp-json\/wp\/v2\/pages\/12903\/revisions\/12904"}],"wp:attachment":[{"href":"https:\/\/strangercam.com\/sv\/wp-json\/wp\/v2\/media?parent=12903"}],"curies":[{"name":"wp","href":"https:\/\/api.w.org\/{rel}","templated":true}]}}