{"id":12892,"date":"2025-06-16T15:00:37","date_gmt":"2025-06-16T13:00:37","guid":{"rendered":"https:\/\/strangercam.com\/?page_id=12892"},"modified":"2025-06-16T15:00:37","modified_gmt":"2025-06-16T13:00:37","slug":"ohmegle","status":"publish","type":"page","link":"https:\/\/strangercam.com\/sv\/ohmegle\/","title":{"rendered":"Ohmegle"},"content":{"rendered":"<p>N\u00e4r <a href=\"https:\/\/strangercam.com\/sv\/omegle\/\">Omegle<\/a> st\u00e4ngdes ner 2023, l\u00e4mnades miljontals anv\u00e4ndare utan en plats f\u00f6r spontana, anonyma videochattar med fr\u00e4mlingar. I k\u00f6lvattnet av dess f\u00f6rsvinnande har flera alternativ dykt upp - men f\u00e5 har f\u00e5tt s\u00e5 mycket dragkraft som Ohmegle. Designad f\u00f6r att fylla det exakta tomrummet som l\u00e4mnats kvar, erbjuder Ohmegle en n\u00e4stan identisk upplevelse med moderna f\u00f6rb\u00e4ttringar, starkare prestanda och en lojal, v\u00e4xande anv\u00e4ndarbas.<\/p>\n<p>I den h\u00e4r recensionen utforskar vi allt du beh\u00f6ver veta om Ohmegle - hur det fungerar, vad som g\u00f6r det till den b\u00e4sta Omegle-ers\u00e4ttningen, dess funktioner, s\u00e4kerhetsstandarder och hur det st\u00e5r sig mot liknande slumpm\u00e4ssig video <a href=\"https:\/\/strangercam.com\/sv\/chatroulette\/\">chatt<\/a> platser.<\/p>\n<h2>Vad \u00e4r Ohmegle?<\/h2>\n<p>Ohmegle \u00e4r en gratis, anonym <a href=\"https:\/\/strangercam.com\/sv\/chathub\/\">slumpm\u00e4ssig videochatt<\/a> webbplats som kopplar dig till fr\u00e4mlingar f\u00f6r livekonversationer ansikte mot ansikte. Det \u00e4r en andlig efterf\u00f6ljare till Omegle, som efterliknar dess format och gr\u00e4nssnitt n\u00e4stan exakt - men med b\u00e4ttre drifttid, mobilsupport och ett community som \u00e4r byggt specifikt f\u00f6r anv\u00e4ndare som saknar originalet.<\/p>\n<p>Du beh\u00f6ver inte skapa n\u00e5got konto, inga personuppgifter kr\u00e4vs och inga komplicerade matchningsalgoritmer. Ladda bara webbplatsen, till\u00e5t kamera-\/mikrofonbeh\u00f6righeter och b\u00f6rja chatta med n\u00e5gon ny - slumpm\u00e4ssigt, direkt och anonymt.<\/p>\n<h2>Vad \u00e4r syftet med Ohmegle?<\/h2>\n<p>Ohmegles uppdrag \u00e4r enkelt: att \u00e5terskapa den autentiska Omegle-upplevelsen i ett s\u00e4kert och tillg\u00e4ngligt format f\u00f6r 2025 och fram\u00e5t. Den \u00e4r avsedd f\u00f6r:<\/p>\n<ul>\n<li>Personer som saknar Omegle:s spontana chattmilj\u00f6<\/li>\n<li>Anv\u00e4ndare som f\u00f6redrar video framf\u00f6r textbaserad dejting eller sociala appar<\/li>\n<li>N\u00e5gon som letar efter anonym m\u00e4nsklig anslutning - inga str\u00e4ngar knutna<\/li>\n<\/ul>\n<p>Oavsett om du letar efter en avslappnad konversation, flirtiga m\u00f6ten eller bara n\u00e5gon som lyssnar, \u00e4r Ohmegle utformad f\u00f6r att \u00e5terskapa charmen med den tidiga internetchattkulturen - helt anonymt och i realtid.<\/p>\n<h2>Viktiga funktioner<\/h2>\n<p>1. Slumpm\u00e4ssig videochatt en-mot-en<br \/>\nPrecis som Omegle kopplar Ohmegle omedelbart ihop dig med en fr\u00e4mling via webbkamera och mikrofon. Inga profiler, ingen swipning - bara direkt interaktion.<\/p>\n<p>2. Funktionalitet f\u00f6r hoppa \u00f6ver\/n\u00e4sta<br \/>\nVibbar du inte med n\u00e5gon? Klicka p\u00e5 \u201cN\u00e4sta\u201d f\u00f6r att direkt bli matchad med en annan anv\u00e4ndare. Det \u00e4r snabbt och friktionsfritt, vilket g\u00f6r att du kan <a href=\"https:\/\/strangercam.com\/sv\/coomeet\/\">tr\u00e4ffas<\/a> dussintals m\u00e4nniskor i en enda session.<\/p>\n<p>3. Ingen registrering kr\u00e4vs<br \/>\nOhmegle f\u00f6rblir helt anonym. Det finns inget behov av att ange namn, e-post eller telefonnummer. Det respekterar k\u00e4rnprincipen f\u00f6r Omegle: prata med fr\u00e4mlingar, inte f\u00f6ljare.<\/p>\n<p>4. Valfritt textchattl\u00e4ge<br \/>\nOm du inte \u00e4r bekv\u00e4m med din kamera kan du v\u00e4lja en textbaserad chattversion. Anv\u00e4ndargr\u00e4nssnittet f\u00f6rblir snyggt och enkelt.<\/p>\n<p>5. Kompatibilitet med mobiler<br \/>\nOhmegle \u00e4r optimerad f\u00f6r b\u00e5de station\u00e4ra och mobila webbl\u00e4sare. Du kan chatta fr\u00e5n din telefon utan att ladda ner en app, och webbplatsen anpassar sig v\u00e4l till olika sk\u00e4rmstorlekar och bandbreddsniv\u00e5er.<\/p>\n<p>6. Str\u00f6mlinjeformad design<br \/>\nLayouten \u00e4r avsiktligt minimalistisk och \u00e5terspeglar den klassiska Omegle-looken, men med uppdaterad prestanda. Videof\u00f6nstren \u00e4r stora, kontrollerna \u00e4r l\u00e4tta att anv\u00e4nda och det finns inget on\u00f6digt p\u00e5 sk\u00e4rmen.<\/p>\n<p>7. Rapporterings- och modereringsverktyg<br \/>\nAnv\u00e4ndare kan rapportera ol\u00e4mpligt beteende direkt fr\u00e5n chattf\u00f6nstret. Ohmegle har implementerat grundl\u00e4ggande modereringsverktyg och AI-baserad nakenhetsdetektering f\u00f6r att st\u00e4vja missbruk och h\u00e5lla upplevelsen s\u00e4ker.<\/p>\n<h2>\u00c4r Ohmegle gratis?<\/h2>\n<p>Ja, Ohmegle \u00e4r 100% gratis att anv\u00e4nda. Det finns inga betalv\u00e4ggar, prenumerationer eller freemium-niv\u00e5er. Alla anv\u00e4ndare har lika tillg\u00e5ng till videochatt, textchatt och hela plattformen.<\/p>\n<p>Det finns inte heller n\u00e5gra annonser som r\u00f6r sig p\u00e5 sk\u00e4rmen, vilket \u00e4r s\u00e4llsynt f\u00f6r videochattwebbplatser. Monetariseringen verkar h\u00e5llas minimal f\u00f6r att bevara den snabba och flytande upplevelse som anv\u00e4ndarna f\u00f6rv\u00e4ntar sig.<\/p>\n<h2>Vem anv\u00e4nder Ohmegle?<\/h2>\n<p>Ohmegle lockar ett brett spektrum av anv\u00e4ndare, men speglar i allm\u00e4nhet den ursprungliga Omegle:s demografi:<\/p>\n<ul>\n<li>\u00c5lder: Fr\u00e4mst 18-35 \u00e5r, \u00e4ven om plattformen \u00e4r avsedd f\u00f6r vuxna (18+)<\/li>\n<li>Global m\u00e5lgrupp: Anv\u00e4ndare fr\u00e5n USA, Kanada, Europa, Indien, Brasilien och Sydostasien<\/li>\n<li>Anv\u00e4ndarens avsikt: Delat mellan avslappnad chatt, f\u00e5 v\u00e4nner, flirta och bara f\u00f6rdriva tiden<\/li>\n<\/ul>\n<p>Det finns ingen formell struktur f\u00f6r hur anv\u00e4ndarna interagerar - det \u00e4r upp till dig och din match att styra konversationen. Vissa letar efter skratt, andra efter s\u00e4llskap och vissa helt enkelt efter nyhet.<\/p>\n<h2>S\u00e4kerhet och m\u00e5ttfullhet<\/h2>\n<p>Som med alla anonyma videochattplattformar \u00e4r anv\u00e4ndars\u00e4kerheten ett problem - men Ohmegle anstr\u00e4nger sig f\u00f6r att tillhandah\u00e5lla en s\u00e4ker milj\u00f6 utan att f\u00f6rst\u00f6ra chattens spontana natur.<\/p>\n<h3>Integritet<\/h3>\n<ul>\n<li>Ingen registrering, inga konton eller sp\u00e5rning<\/li>\n<li>Chattar spelas inte in eller lagras<\/li>\n<li>Din IP-adress visas aldrig f\u00f6r den andra anv\u00e4ndaren<\/li>\n<\/ul>\n<h3>Moderering<\/h3>\n<ul>\n<li>Rapportknapp tillg\u00e4nglig under livechatt<\/li>\n<li>AI-baserad uppt\u00e4ckt av nakenhet filtrerar bort en del ol\u00e4mpligt inneh\u00e5ll<\/li>\n<li>Anv\u00e4ndare som rapporteras flera g\u00e5nger kan st\u00e4ngas av fr\u00e5n plattformen<\/li>\n<\/ul>\n<p>Med det sagt censurerar eller \u00f6vermodererar inte Ohmegle, s\u00e5 det finns fortfarande en chans att st\u00f6ta p\u00e5 ol\u00e4mpligt beteende. Anv\u00e4nd plattformen klokt:<\/p>\n<ul>\n<li>Hoppa genast \u00f6ver om n\u00e5gon g\u00f6r dig obekv\u00e4m<\/li>\n<li>Dela aldrig personliga uppgifter som namn, plats eller sociala medier.<\/li>\n<li>Tveka inte att anm\u00e4la f\u00f6r\u00f6vare<\/li>\n<\/ul>\n<h2>Anv\u00e4ndarupplevelse och prestanda<\/h2>\n<p>Ohmegle \u00e4r imponerande l\u00e4ttviktigt och responsivt. Hemsidan laddas snabbt och matchningar sker p\u00e5 n\u00e5gra sekunder. P\u00e5 b\u00e5de station\u00e4r och mobil erbjuder plattformen:<\/p>\n<ul>\n<li>Tydliga, stora videofl\u00f6den<\/li>\n<li>Enkla kontrollknappar (N\u00e4sta, Stopp, Rapport)<\/li>\n<li>Tillf\u00f6rlitlig \u00e5tkomst till kamera och mikrofon<\/li>\n<li>Minimal f\u00f6rdr\u00f6jning eller buffring, \u00e4ven p\u00e5 l\u00e5ngsammare anslutningar<\/li>\n<\/ul>\n<p>Det \u00e4r en av de smidigaste slumpm\u00e4ssiga videochattupplevelserna som f\u00f6r n\u00e4rvarande finns online, s\u00e4rskilt j\u00e4mf\u00f6rt med \u00f6verbelastade konkurrenter som lider av l\u00e5ngsam laddning eller buggiga gr\u00e4nssnitt.<\/p>\n<h2>Ohmegle vs andra slumpm\u00e4ssiga videochattwebbplatser<\/h2>\n<p>Med s\u00e5 m\u00e5nga Omegle-alternativ d\u00e4r ute, hur m\u00e4ter sig Ohmegle?<\/p>\n<table>\n<thead>\n<tr>\n<th>Plattform<\/th>\n<th>Registrering<\/th>\n<th>Videochatt<\/th>\n<th>Textchatt<\/th>\n<th>Genusfilter<\/th>\n<th>Mobilt st\u00f6d<\/th>\n<th>Moderering<\/th>\n<\/tr>\n<\/thead>\n<tbody>\n<tr>\n<td>Ohmegle<\/td>\n<td>Nej<\/td>\n<td>Ja<\/td>\n<td>Ja<\/td>\n<td>Nej<\/td>\n<td>Utm\u00e4rkt<\/td>\n<td>M\u00e5ttlig<\/td>\n<\/tr>\n<tr>\n<td><a href=\"https:\/\/strangercam.com\/sv\/ometv\/\">OmeTV<\/a><\/td>\n<td>Nej<\/td>\n<td>Ja<\/td>\n<td>Ja<\/td>\n<td>Ja (betald)<\/td>\n<td>Bra<\/td>\n<td>Stark<\/td>\n<\/tr>\n<tr>\n<td>Chatrandom<\/td>\n<td>Valfritt<\/td>\n<td>Ja<\/td>\n<td>Ja<\/td>\n<td>Ja (betald)<\/td>\n<td>Bra<\/td>\n<td>M\u00e5ttlig<\/td>\n<\/tr>\n<tr>\n<td>Chatspin<\/td>\n<td>Valfritt<\/td>\n<td>Ja<\/td>\n<td>Ja<\/td>\n<td>Ja (gratis\/betald)<\/td>\n<td>Utm\u00e4rkt<\/td>\n<td>M\u00e5ttlig<\/td>\n<\/tr>\n<tr>\n<td>Camgo<\/td>\n<td>Nej<\/td>\n<td>Ja<\/td>\n<td>Ja<\/td>\n<td>Ja (betald)<\/td>\n<td>Bra<\/td>\n<td>Grundl\u00e4ggande<\/td>\n<\/tr>\n<\/tbody>\n<\/table>\n<p>Sammanfattning: Ohmegles st\u00f6rsta f\u00f6rs\u00e4ljningsargument \u00e4r \u00e4kthet och enkelhet. Till skillnad fr\u00e5n m\u00e5nga konkurrenter som driver anv\u00e4ndare mot premiumabonnemang eller tvingar fram inloggningar, h\u00e5ller Ohmegle det r\u00e5tt och gratis. F\u00f6r de som specifikt vill replikera k\u00e4nslan av den gamla Omegle \u00e4r det h\u00e4r det n\u00e4rmaste du kommer.<\/p>\n<h2>F\u00f6r- och nackdelar<\/h2>\n<h3>Proffs<\/h3>\n<ul>\n<li>100% gratis och anonymt<\/li>\n<li>Ingen registrering eller nedladdning<\/li>\n<li>Snabb matchning och l\u00e5g f\u00f6rdr\u00f6jning<\/li>\n<li>Mobilv\u00e4nlig och fungerar i alla st\u00f6rre webbl\u00e4sare<\/li>\n<li>Rent, minimalt gr\u00e4nssnitt<\/li>\n<li>Perfekt f\u00f6r spontana samtal och avslappnad interaktion<\/li>\n<\/ul>\n<h3>Nackdelar<\/h3>\n<ul>\n<li>Inga k\u00f6ns- eller regionfilter<\/li>\n<li>Potentiell exponering f\u00f6r ol\u00e4mpligt inneh\u00e5ll<\/li>\n<li>Ingen chatthistorik eller \u00e5teranslutningsfunktion<\/li>\n<li>Inga verktyg f\u00f6r social uppt\u00e4ckt eller uppf\u00f6ljningsalternativ<\/li>\n<\/ul>\n<h2>Idealiska anv\u00e4ndningsfall<\/h2>\n<p>Ohmegle \u00e4r b\u00e4st l\u00e4mpad f\u00f6r:<\/p>\n<ul>\n<li>M\u00e4nniskor som \u00e4r nostalgiska \u00f6ver den ursprungliga Omegle-upplevelsen<\/li>\n<li>Anv\u00e4ndare som tycker om anonym social interaktion<\/li>\n<li>Nattugglor, resen\u00e4rer eller andra som vill ha spontana samtal<\/li>\n<li>M\u00e4nniskor som vill tr\u00e4ffa fr\u00e4mlingar utan profilpress eller f\u00f6rv\u00e4ntningar<\/li>\n<\/ul>\n<p>Inte idealisk f\u00f6r:<\/p>\n<ul>\n<li>Anv\u00e4ndare som s\u00f6ker seri\u00f6s dejting eller l\u00e5ngsiktiga kontakter<\/li>\n<li>De som ogillar att bli filmade<\/li>\n<li>Alla som k\u00e4nner sig obekv\u00e4ma med omodererat inneh\u00e5ll<\/li>\n<li>Anv\u00e4ndare under 18 \u00e5r (inte till\u00e5tna p\u00e5 plattformen)<\/li>\n<\/ul>\n<p>Ohmegle \u00e4r det n\u00e4rmaste vi kommer en klassisk Omegle \u00e5r 2025 - och det \u00e4r bra. Det tar bort bruset och r\u00f6ran fr\u00e5n moderna sociala appar och \u00e5terg\u00e5r till ett format som \u00e4r snabbt, anonymt och r\u00e5tt. Om du gillade Omegle f\u00f6r vad det var - oskriven, ofiltrerad m\u00e4nsklig anslutning - levererar Ohmegle det och mer.<\/p>\n<p>Det finns inga gimmicks. Inga \u00e4ndl\u00f6sa anm\u00e4lningsformul\u00e4r. Ingen press att prestera. Bara du, din webbkamera och den som algoritmen kopplar ihop dig med h\u00e4rn\u00e4st.<\/p>\n<p>Om du letar efter det b\u00e4sta gratis och anonyma Omegle-alternativet f\u00f6rtj\u00e4nar Ohmegle topplaceringen. Oavsett om du stannar i fem minuter eller fem timmar \u00e4r upplevelsen unikt m\u00e4nsklig - och i dagens kurerade v\u00e4rld \u00e4r det s\u00e4llsynt.<\/p>","protected":false},"excerpt":{"rendered":"<p>When Omegle shut down in 2023, millions of users were left without a go-to place for spontaneous, anonymous video chatting with strangers. In the wake of its disappearance, several alternatives have emerged\u2014but few have gained as much traction as Ohmegle. Designed to fill the exact void left behind, Ohmegle offers a nearly identical experience with [&hellip;]<\/p>\n","protected":false},"author":6,"featured_media":0,"parent":0,"menu_order":0,"comment_status":"closed","ping_status":"closed","template":"","meta":{"footnotes":""},"class_list":["post-12892","page","type-page","status-publish","hentry"],"yoast_head":"<!-- This site is optimized with the Yoast SEO plugin v27.4 - https:\/\/yoast.com\/product\/yoast-seo-wordpress\/ -->\n<title>Ohmegle - Talk to Strangers Omegle Alternative on StrangerCam.com<\/title>\n<meta name=\"description\" content=\"Like Ohmegle? Come chat with more than 5.000.000 strangers on Stranger Cam for Free! Turn on your cam and find new friends &amp; maby a match!\" \/>\n<meta name=\"robots\" content=\"index, follow, max-snippet:-1, max-image-preview:large, max-video-preview:-1\" \/>\n<link rel=\"canonical\" href=\"https:\/\/strangercam.com\/sv\/ohmegle\/\" \/>\n<meta property=\"og:locale\" content=\"sv_SE\" \/>\n<meta property=\"og:type\" content=\"article\" \/>\n<meta property=\"og:title\" content=\"Ohmegle - Talk to Strangers Omegle Alternative on StrangerCam.com\" \/>\n<meta property=\"og:description\" content=\"Like Ohmegle? Come chat with more than 5.000.000 strangers on Stranger Cam for Free! Turn on your cam and find new friends &amp; maby a match!\" \/>\n<meta property=\"og:url\" content=\"https:\/\/strangercam.com\/sv\/ohmegle\/\" \/>\n<meta property=\"og:site_name\" content=\"Strangercam\" \/>\n<meta property=\"article:publisher\" content=\"https:\/\/www.facebook.com\/strangercam\" \/>\n<meta property=\"og:image\" content=\"https:\/\/strangercam.com\/wp-content\/uploads\/2021\/10\/Untitled-2.png\" \/>\n\t<meta property=\"og:image:width\" content=\"800\" \/>\n\t<meta property=\"og:image:height\" content=\"532\" \/>\n\t<meta property=\"og:image:type\" content=\"image\/png\" \/>\n<meta name=\"twitter:card\" content=\"summary_large_image\" \/>\n<meta name=\"twitter:site\" content=\"@strangercamapp\" \/>\n<meta name=\"twitter:label1\" content=\"Ber\u00e4knad l\u00e4stid\" \/>\n\t<meta name=\"twitter:data1\" content=\"6 minuter\" \/>\n<script type=\"application\/ld+json\" class=\"yoast-schema-graph\">{\"@context\":\"https:\\\/\\\/schema.org\",\"@graph\":[{\"@type\":\"WebPage\",\"@id\":\"https:\\\/\\\/strangercam.com\\\/ohmegle\\\/\",\"url\":\"https:\\\/\\\/strangercam.com\\\/ohmegle\\\/\",\"name\":\"Ohmegle - Talk to Strangers Omegle Alternative on StrangerCam.com\",\"isPartOf\":{\"@id\":\"https:\\\/\\\/strangercam.com\\\/#website\"},\"datePublished\":\"2025-06-16T13:00:37+00:00\",\"description\":\"Like Ohmegle? Come chat with more than 5.000.000 strangers on Stranger Cam for Free! Turn on your cam and find new friends & maby a match!\",\"breadcrumb\":{\"@id\":\"https:\\\/\\\/strangercam.com\\\/ohmegle\\\/#breadcrumb\"},\"inLanguage\":\"sv-SE\",\"potentialAction\":[{\"@type\":\"ReadAction\",\"target\":[\"https:\\\/\\\/strangercam.com\\\/ohmegle\\\/\"]}]},{\"@type\":\"BreadcrumbList\",\"@id\":\"https:\\\/\\\/strangercam.com\\\/ohmegle\\\/#breadcrumb\",\"itemListElement\":[{\"@type\":\"ListItem\",\"position\":1,\"name\":\"Home\",\"item\":\"https:\\\/\\\/strangercam.com\\\/\"},{\"@type\":\"ListItem\",\"position\":2,\"name\":\"Ohmegle\"}]},{\"@type\":\"WebSite\",\"@id\":\"https:\\\/\\\/strangercam.com\\\/#website\",\"url\":\"https:\\\/\\\/strangercam.com\\\/\",\"name\":\"Strangercam\",\"description\":\"Random Video Chat with Strangers\",\"publisher\":{\"@id\":\"https:\\\/\\\/strangercam.com\\\/#organization\"},\"alternateName\":\"Strangercam.com\",\"potentialAction\":[{\"@type\":\"SearchAction\",\"target\":{\"@type\":\"EntryPoint\",\"urlTemplate\":\"https:\\\/\\\/strangercam.com\\\/?s={search_term_string}\"},\"query-input\":{\"@type\":\"PropertyValueSpecification\",\"valueRequired\":true,\"valueName\":\"search_term_string\"}}],\"inLanguage\":\"sv-SE\"},{\"@type\":\"Organization\",\"@id\":\"https:\\\/\\\/strangercam.com\\\/#organization\",\"name\":\"Strangercam\",\"alternateName\":\"Strangercam.com\",\"url\":\"https:\\\/\\\/strangercam.com\\\/\",\"logo\":{\"@type\":\"ImageObject\",\"inLanguage\":\"sv-SE\",\"@id\":\"https:\\\/\\\/strangercam.com\\\/#\\\/schema\\\/logo\\\/image\\\/\",\"url\":\"https:\\\/\\\/strangercam.com\\\/wp-content\\\/uploads\\\/2020\\\/11\\\/cropped-new-favicon-black.png\",\"contentUrl\":\"https:\\\/\\\/strangercam.com\\\/wp-content\\\/uploads\\\/2020\\\/11\\\/cropped-new-favicon-black.png\",\"width\":512,\"height\":512,\"caption\":\"Strangercam\"},\"image\":{\"@id\":\"https:\\\/\\\/strangercam.com\\\/#\\\/schema\\\/logo\\\/image\\\/\"},\"sameAs\":[\"https:\\\/\\\/www.facebook.com\\\/strangercam\",\"https:\\\/\\\/x.com\\\/strangercamapp\"]}]}<\/script>\n<!-- \/ Yoast SEO plugin. -->","yoast_head_json":{"title":"Ohmegle - Talk to Strangers Omegle Alternativ p\u00e5 StrangerCam.com","description":"Gilla Ohmegle? Kom och chatta med mer \u00e4n 5.000.000 fr\u00e4mlingar p\u00e5 Stranger Cam helt gratis! Sl\u00e5 p\u00e5 din kamera och hitta nya v\u00e4nner och kanske en match!","robots":{"index":"index","follow":"follow","max-snippet":"max-snippet:-1","max-image-preview":"max-image-preview:large","max-video-preview":"max-video-preview:-1"},"canonical":"https:\/\/strangercam.com\/sv\/ohmegle\/","og_locale":"sv_SE","og_type":"article","og_title":"Ohmegle - Talk to Strangers Omegle Alternative on StrangerCam.com","og_description":"Like Ohmegle? Come chat with more than 5.000.000 strangers on Stranger Cam for Free! Turn on your cam and find new friends & maby a match!","og_url":"https:\/\/strangercam.com\/sv\/ohmegle\/","og_site_name":"Strangercam","article_publisher":"https:\/\/www.facebook.com\/strangercam","og_image":[{"width":800,"height":532,"url":"https:\/\/strangercam.com\/wp-content\/uploads\/2021\/10\/Untitled-2.png","type":"image\/png"}],"twitter_card":"summary_large_image","twitter_site":"@strangercamapp","twitter_misc":{"Ber\u00e4knad l\u00e4stid":"6 minuter"},"schema":{"@context":"https:\/\/schema.org","@graph":[{"@type":"WebPage","@id":"https:\/\/strangercam.com\/ohmegle\/","url":"https:\/\/strangercam.com\/ohmegle\/","name":"Ohmegle - Talk to Strangers Omegle Alternativ p\u00e5 StrangerCam.com","isPartOf":{"@id":"https:\/\/strangercam.com\/#website"},"datePublished":"2025-06-16T13:00:37+00:00","description":"Gilla Ohmegle? Kom och chatta med mer \u00e4n 5.000.000 fr\u00e4mlingar p\u00e5 Stranger Cam helt gratis! Sl\u00e5 p\u00e5 din kamera och hitta nya v\u00e4nner och kanske en match!","breadcrumb":{"@id":"https:\/\/strangercam.com\/ohmegle\/#breadcrumb"},"inLanguage":"sv-SE","potentialAction":[{"@type":"ReadAction","target":["https:\/\/strangercam.com\/ohmegle\/"]}]},{"@type":"BreadcrumbList","@id":"https:\/\/strangercam.com\/ohmegle\/#breadcrumb","itemListElement":[{"@type":"ListItem","position":1,"name":"Home","item":"https:\/\/strangercam.com\/"},{"@type":"ListItem","position":2,"name":"Ohmegle"}]},{"@type":"WebSite","@id":"https:\/\/strangercam.com\/#website","url":"https:\/\/strangercam.com\/","name":"Strangercam","description":"Slumpm\u00e4ssig videochatt med fr\u00e4mlingar","publisher":{"@id":"https:\/\/strangercam.com\/#organization"},"alternateName":"Strangercam.com","potentialAction":[{"@type":"SearchAction","target":{"@type":"EntryPoint","urlTemplate":"https:\/\/strangercam.com\/?s={search_term_string}"},"query-input":{"@type":"PropertyValueSpecification","valueRequired":true,"valueName":"search_term_string"}}],"inLanguage":"sv-SE"},{"@type":"Organization","@id":"https:\/\/strangercam.com\/#organization","name":"Strangercam","alternateName":"Strangercam.com","url":"https:\/\/strangercam.com\/","logo":{"@type":"ImageObject","inLanguage":"sv-SE","@id":"https:\/\/strangercam.com\/#\/schema\/logo\/image\/","url":"https:\/\/strangercam.com\/wp-content\/uploads\/2020\/11\/cropped-new-favicon-black.png","contentUrl":"https:\/\/strangercam.com\/wp-content\/uploads\/2020\/11\/cropped-new-favicon-black.png","width":512,"height":512,"caption":"Strangercam"},"image":{"@id":"https:\/\/strangercam.com\/#\/schema\/logo\/image\/"},"sameAs":["https:\/\/www.facebook.com\/strangercam","https:\/\/x.com\/strangercamapp"]}]}},"_links":{"self":[{"href":"https:\/\/strangercam.com\/sv\/wp-json\/wp\/v2\/pages\/12892","targetHints":{"allow":["GET"]}}],"collection":[{"href":"https:\/\/strangercam.com\/sv\/wp-json\/wp\/v2\/pages"}],"about":[{"href":"https:\/\/strangercam.com\/sv\/wp-json\/wp\/v2\/types\/page"}],"author":[{"embeddable":true,"href":"https:\/\/strangercam.com\/sv\/wp-json\/wp\/v2\/users\/6"}],"replies":[{"embeddable":true,"href":"https:\/\/strangercam.com\/sv\/wp-json\/wp\/v2\/comments?post=12892"}],"version-history":[{"count":2,"href":"https:\/\/strangercam.com\/sv\/wp-json\/wp\/v2\/pages\/12892\/revisions"}],"predecessor-version":[{"id":12894,"href":"https:\/\/strangercam.com\/sv\/wp-json\/wp\/v2\/pages\/12892\/revisions\/12894"}],"wp:attachment":[{"href":"https:\/\/strangercam.com\/sv\/wp-json\/wp\/v2\/media?parent=12892"}],"curies":[{"name":"wp","href":"https:\/\/api.w.org\/{rel}","templated":true}]}}