{"id":12890,"date":"2025-06-16T14:55:58","date_gmt":"2025-06-16T12:55:58","guid":{"rendered":"https:\/\/strangercam.com\/?page_id=12890"},"modified":"2025-06-16T14:57:21","modified_gmt":"2025-06-16T12:57:21","slug":"anoncam","status":"publish","type":"page","link":"https:\/\/strangercam.com\/sv\/anoncam\/","title":{"rendered":"AnonCam"},"content":{"rendered":"<p>Om du saknar enkelheten i originalet <a href=\"https:\/\/strangercam.com\/sv\/omegle\/\">Omegle<\/a>, d\u00e4r du kunde hoppa in i en videochatt med en fr\u00e4mling direkt och anonymt, kan Anoncam bara vara det moderna alternativet du letar efter. Anoncam \u00e4r byggd f\u00f6r anv\u00e4ndare som v\u00e4rdes\u00e4tter integritet, spontanitet och noll engagemang, och tar slumpm\u00e4ssig videochatt ner till sin mest v\u00e4sentliga form - inga konton, inga bios, inga filter - bara tv\u00e5 fr\u00e4mlingar anslutna via webbkamera.<\/p>\n<p>I den h\u00e4r djupg\u00e5ende recensionen kommer vi att bryta ner vad Anoncam \u00e4r, vilka funktioner det erbjuder, hur det j\u00e4mf\u00f6rs med andra popul\u00e4ra webbplatser som Omegle, <a href=\"https:\/\/strangercam.com\/sv\/chatroulette\/\">Chatroulette<\/a>, och Chatrandom, och om det \u00e4r r\u00e4tt plattform f\u00f6r dig \u00e5r 2025.<\/p>\n<h2>Vad \u00e4r Anoncam?<\/h2>\n<p>Anoncam \u00e4r en 100% anonym slumpm\u00e4ssig videochattplattform som kopplar dig ansikte mot ansikte med fr\u00e4mlingar \u00f6ver hela v\u00e4rlden. Den f\u00f6ljer den traditionella en-mot-en-webbkamerachattmodellen som gjordes popul\u00e4r av Omegle, men f\u00f6rb\u00e4ttrar den med ett snabbare gr\u00e4nssnitt, starkare prestanda p\u00e5 mobila enheter och ett b\u00e4ttre fokus p\u00e5 anv\u00e4ndars\u00e4kerhet.<\/p>\n<p>Det finns inga registreringar, inga anv\u00e4ndarnamn, inga profiler och inga foton. N\u00e4r du bes\u00f6ker Anoncam \u00e4r du bara ett klick fr\u00e5n en live videochatt med n\u00e5gon ny person.<\/p>\n<h2>Vad \u00e4r syftet med Anoncam?<\/h2>\n<p>Anoncam \u00e4r byggt kring en enkel id\u00e9: prata med fr\u00e4mlingar utan att avsl\u00f6ja vem du \u00e4r. I en tid d\u00e4r de flesta sociala plattformar drivs av profiler, f\u00f6ljare och digitala identiteter erbjuder Anoncam en s\u00e4llsynt flykt. Det \u00e5terupplivar andan fr\u00e5n det tidiga internet - spontana konversationer i realtid med fullst\u00e4ndiga fr\u00e4mlingar, utan att vara kopplade till ditt liv p\u00e5 sociala medier.<\/p>\n<p>Dess huvudsakliga m\u00e5l \u00e4r:<\/p>\n<ul>\n<li>F\u00f6r att underl\u00e4tta \u00e4kta, anonym m\u00e4nsklig interaktion<\/li>\n<li>F\u00f6r att hj\u00e4lpa anv\u00e4ndarna <a href=\"https:\/\/strangercam.com\/sv\/coomeet\/\">tr\u00e4ffas<\/a> m\u00e4nniskor utan bagage av profiler eller historia<\/li>\n<li>Att tillhandah\u00e5lla ett s\u00e4kert utrymme f\u00f6r uttryck, kontakt och samtal<\/li>\n<\/ul>\n<p>Oavsett om du \u00e4r uttr\u00e5kad, ensam, nyfiken eller bara vill prata fritt utan att bli d\u00f6md, erbjuder Anoncam en pressfri milj\u00f6 f\u00f6r att g\u00f6ra det.<\/p>\n<h2>Viktiga funktioner<\/h2>\n<p>1. Anonym videochatt en och en<br \/>\nI grund och botten handlar Anoncam om omedelbara videoanslutningar. Du laddar webbplatsen, klickar p\u00e5 \"Start\" och du matchas med en annan fr\u00e4mling med hj\u00e4lp av deras webbkamera. Inga anv\u00e4ndarnamn, ingen matchningsprocess - bara tv\u00e5 personer ansikte mot ansikte.<\/p>\n<p>2. Snabb matchning och hoppa \u00f6ver-funktionalitet<br \/>\nDu kan hoppa till n\u00e4sta person med ett enda klick. Matchningen sker n\u00e4stan omedelbart, med minimal buffring eller nedtid mellan sessionerna, s\u00e4rskilt under rusningstid.<\/p>\n<p>3. Inget konto eller inloggning kr\u00e4vs<br \/>\nEn av Anoncams definierande funktioner \u00e4r dess helt anonyma upplevelse. Du beh\u00f6ver inte registrera dig eller tillhandah\u00e5lla n\u00e5gon information f\u00f6r att anv\u00e4nda webbplatsen. Varje chattsession \u00e4r tillf\u00e4llig och l\u00e4mnar inget digitalt fotavtryck.<\/p>\n<p>4. Mobilanpassad design<br \/>\nAnoncam fungerar bra i b\u00e5de station\u00e4ra och mobila webbl\u00e4sare. Designen \u00e4r pekoptimerad, vilket m\u00f6jligg\u00f6r snabb \u00e5tkomst till kameran och matchning utan att beh\u00f6va en app eller nedladdning.<\/p>\n<p>5. Valfri textchatt<br \/>\n\u00c4ven om fokus ligger p\u00e5 video inneh\u00e5ller Anoncam ocks\u00e5 ett textchattalternativ, antingen tillsammans med video eller som en reserv f\u00f6r anv\u00e4ndare som inte vill prata eller har tekniska problem.<\/p>\n<p>6. Verktyg f\u00f6r rapportering och moderering<br \/>\nAnv\u00e4ndare kan snabbt rapportera ol\u00e4mpligt beteende, och ett modereringsteam arbetar f\u00f6r att granska och f\u00f6rbjuda anv\u00e4ndare som bryter mot plattformsreglerna. \u00c4ven om ingen chattwebbplats \u00e4r perfekt tar Anoncam anv\u00e4ndarnas s\u00e4kerhet p\u00e5 allvar.<\/p>\n<h2>\u00c4r Anoncam gratis?<\/h2>\n<p>Ja, Anoncam \u00e4r helt gratis att anv\u00e4nda. Det finns inga dolda kostnader, betalv\u00e4ggar eller l\u00e5sta funktioner. Du f\u00e5r obegr\u00e4nsad tillg\u00e5ng till:<\/p>\n<ul>\n<li>Videochatt<\/li>\n<li>Textchatt<\/li>\n<li>\u00d6verhoppning av t\u00e4ndstickor<\/li>\n<li>Anv\u00e4ndning av mobil och dator<\/li>\n<\/ul>\n<p>Det finns ingen premiumniv\u00e5 (fr\u00e5n och med 2025), vilket h\u00e5ller upplevelsen tillg\u00e4nglig f\u00f6r alla och minskar risken f\u00f6r att bedragare missbrukar premiumfunktioner.<\/p>\n<h2>Vem anv\u00e4nder Anoncam?<\/h2>\n<p>Anoncam har byggt upp en global anv\u00e4ndarbas som sp\u00e4nner \u00f6ver olika demografiska grupper, men som delar n\u00e5gra grundl\u00e4ggande egenskaper:<\/p>\n<ul>\n<li>\u00c5ldersintervall: I f\u00f6rsta hand 18 till 35 \u00e5r<\/li>\n<li>K\u00f6nsf\u00f6rdelning: Mestadels m\u00e4n, men kvinnor \u00e4r aktiva - s\u00e4rskilt under h\u00f6gtrafikerade timmar<\/li>\n<li>Avsikt: Avslappnade konversationer, flirta, ventilera, spr\u00e5k\u00f6vningar eller bara f\u00f6rdriva tiden<\/li>\n<\/ul>\n<p>Det \u00e4r s\u00e4rskilt popul\u00e4rt bland:<\/p>\n<ul>\n<li>Universitetsstudenter<\/li>\n<li>Nattugglor s\u00f6ker s\u00e4llskap<\/li>\n<li>Digitala nomader och resen\u00e4rer<\/li>\n<li>M\u00e4nniskor som vill ta en paus fr\u00e5n sociala medier<\/li>\n<\/ul>\n<p>P\u00e5 grund av sin anonymitet lockar Anoncam ocks\u00e5 anv\u00e4ndare som vill tala fritt, dela tankar eller utforska \u00e4mnen utan att binda dem till en personlig identitet.<\/p>\n<h2>S\u00e4kerhet, integritet och moderering<\/h2>\n<p>Anonymitet kan vara befriande, men det v\u00e4cker ocks\u00e5 ber\u00e4ttigade farh\u00e5gor kring anv\u00e4ndarnas beteende. Anoncam f\u00f6rs\u00f6ker ta itu med detta med en balanserad s\u00e4kerhetsstrategi:<\/p>\n<h3>Integritet<\/h3>\n<ul>\n<li>Inga konton eller inloggningar<\/li>\n<li>Ingen inspelning eller lagring av videochattar<\/li>\n<li>Din IP-adress \u00e4r inte synlig f\u00f6r allm\u00e4nheten<\/li>\n<li>Inga uppgifter delas med tredje part<\/li>\n<\/ul>\n<h3>Moderering<\/h3>\n<ul>\n<li>Rapporteringsknapp i appen under videochattar<\/li>\n<li>AI-baserad uppt\u00e4ckt av nakenhet eller st\u00f6tande inneh\u00e5ll<\/li>\n<li>Snabba avst\u00e4ngningar f\u00f6r \u00e5terfallsf\u00f6rbrytare eller rapporterade anv\u00e4ndare<\/li>\n<li>Moderering i realtid av sessioner med h\u00f6g trafik<\/li>\n<\/ul>\n<p>Som alltid b\u00f6r anv\u00e4ndarna vara f\u00f6rsiktiga:<\/p>\n<ul>\n<li>Dela aldrig personlig information<\/li>\n<li>Hoppa \u00f6ver anv\u00e4ndare som beter sig misst\u00e4nksamt eller aggressivt<\/li>\n<li>Anv\u00e4nd rapportfunktionen n\u00e4r det beh\u00f6vs<\/li>\n<\/ul>\n<h2>Anv\u00e4ndargr\u00e4nssnitt och anv\u00e4ndarupplevelse<\/h2>\n<p>Anoncams anv\u00e4ndargr\u00e4nssnitt \u00e4r enkelt och effektivt. Hemsidan inneh\u00e5ller bara det viktigaste:<\/p>\n<ul>\n<li>En \"Starta chatt\"-knapp<\/li>\n<li>Grundl\u00e4ggande regler<\/li>\n<li>Fr\u00e5gor om tillst\u00e5nd f\u00f6r kamera och mikrofon<\/li>\n<\/ul>\n<p>N\u00e4r du klickar f\u00f6r att starta matchas du med n\u00e5gon p\u00e5 n\u00e5gra sekunder. Kontrollerna p\u00e5 sk\u00e4rmen l\u00e5ter dig:<\/p>\n<ul>\n<li>Hoppa \u00f6ver<\/li>\n<li>St\u00e4ng av mikrofonen<\/li>\n<li>Avsluta chatten<\/li>\n<li>Rapport<\/li>\n<\/ul>\n<p>Det finns inga popup-f\u00f6nster, registreringsmeddelanden eller distraktioner - en uppfriskande f\u00f6r\u00e4ndring j\u00e4mf\u00f6rt med m\u00e5nga <a href=\"https:\/\/strangercam.com\/sv\/bazoocam\/\">kam<\/a> chattplattformar som driver merf\u00f6rs\u00e4ljning eller annonser aggressivt.<\/p>\n<p>Prestandam\u00e4ssigt fungerar webbplatsen smidigt \u00e4ven p\u00e5 enheter i mellanklassen och st\u00f6der Chrome, Firefox, Safari och Edge p\u00e5 alla plattformar.<\/p>\n<h2>Anoncam vs andra anonyma chattplattformar<\/h2>\n<p>Anoncam sitter i en specifik nisch av verkligt anonym slumpm\u00e4ssig videochatt. S\u00e5 h\u00e4r j\u00e4mf\u00f6rs det med andra stora spelare:<\/p>\n<table>\n<thead>\n<tr>\n<th>Plattform<\/th>\n<th>Registrering<\/th>\n<th>Videochatt<\/th>\n<th>Textchatt<\/th>\n<th>Filter<\/th>\n<th>Anonymitet<\/th>\n<th>Moderering<\/th>\n<\/tr>\n<\/thead>\n<tbody>\n<tr>\n<td>Anoncam<\/td>\n<td>Nej<\/td>\n<td>Ja<\/td>\n<td>Ja<\/td>\n<td>Nej<\/td>\n<td>Stark<\/td>\n<td>M\u00e5ttlig<\/td>\n<\/tr>\n<tr>\n<td>Omegle<\/td>\n<td>Nej<\/td>\n<td>Ja<\/td>\n<td>Ja<\/td>\n<td>Nej<\/td>\n<td>Stark<\/td>\n<td>Svag<\/td>\n<\/tr>\n<tr>\n<td>Chatroulette<\/td>\n<td>Nej<\/td>\n<td>Ja<\/td>\n<td>Begr\u00e4nsad<\/td>\n<td>Ja<\/td>\n<td>M\u00e5ttlig<\/td>\n<td>M\u00e5ttlig<\/td>\n<\/tr>\n<tr>\n<td>Chatrandom<\/td>\n<td>Valfritt<\/td>\n<td>Ja<\/td>\n<td>Ja<\/td>\n<td>Ja<\/td>\n<td>M\u00e5ttlig<\/td>\n<td>Stark<\/td>\n<\/tr>\n<tr>\n<td><a href=\"https:\/\/strangercam.com\/sv\/ometv\/\">OmeTV<\/a><\/td>\n<td>Nej<\/td>\n<td>Ja<\/td>\n<td>Ja<\/td>\n<td>Ja<\/td>\n<td>M\u00e5ttlig<\/td>\n<td>Stark<\/td>\n<\/tr>\n<\/tbody>\n<\/table>\n<p>Sammanfattning: Anoncam prioriterar anonymitet framf\u00f6r filter eller premiumfunktioner. Om du letar efter n\u00e5got minimalt, r\u00e5tt och omedelbart, sl\u00e5r det plattformar som har sv\u00e4ngt in i kontobaserade eller monet\u00e4ra system.<\/p>\n<h2>F\u00f6r- och nackdelar<\/h2>\n<h3>Proffs<\/h3>\n<ul>\n<li>Verkligt anonym videochatt<\/li>\n<li>Ingen registrering eller personlig information kr\u00e4vs<\/li>\n<li>Snabb matchning och stabil prestanda<\/li>\n<li>Mobil- och skrivbordsv\u00e4nlig<\/li>\n<li>Gratis f\u00f6r alltid - inga dolda avgifter<\/li>\n<li>Perfekt f\u00f6r avslappnade samtal, ventilering eller spontana chattar<\/li>\n<\/ul>\n<h3>Nackdelar<\/h3>\n<ul>\n<li>Inga filter f\u00f6r k\u00f6n eller land<\/li>\n<li>Tillf\u00e4llig exponering f\u00f6r ol\u00e4mpliga anv\u00e4ndare<\/li>\n<li>Begr\u00e4nsad anv\u00e4ndarbas j\u00e4mf\u00f6rt med \u00e4ldre plattformar<\/li>\n<li>Inga sparade matcher eller sociala funktioner<\/li>\n<\/ul>\n<h2>Idealiska anv\u00e4ndningsfall<\/h2>\n<p>Anoncam passar utm\u00e4rkt f\u00f6r personer som:<\/p>\n<ul>\n<li>Vill ha anonym interaktion ansikte mot ansikte<\/li>\n<li>Saknar den ursprungliga enkelheten hos Omegle<\/li>\n<li>\u00c4r introverta personer som s\u00f6ker kontakt utan pressen av en profil<\/li>\n<li>Vill bara prata eller ventilera utan att bli d\u00f6md<\/li>\n<li>Utforskar internationella konversationer och v\u00e4nskapsband<\/li>\n<\/ul>\n<p>Den \u00e4r inte idealisk f\u00f6r:<\/p>\n<ul>\n<li>Anv\u00e4ndare som s\u00f6ker dejtingfokuserade upplevelser<\/li>\n<li>M\u00e4nniskor k\u00e4nner sig obekv\u00e4ma med att vara med i webbkameran<\/li>\n<li>De som f\u00f6rv\u00e4ntar sig profilbaserad matchmaking<\/li>\n<li>Minder\u00e5riga anv\u00e4ndare (Anoncam \u00e4r endast f\u00f6r 18+)<\/li>\n<\/ul>\n<p>Anoncam \u00e5terupplivar framg\u00e5ngsrikt den ursprungliga visionen om slumpm\u00e4ssig videochatt - snabb, anonym och m\u00e4nsklig. I en tid d\u00e5 de flesta appar vill ha dina data, dina pengar och din tid, vill Anoncam bara ha en sak: en konversation i realtid mellan tv\u00e5 fr\u00e4mlingar.<\/p>\n<p>Den \u00e4r inte belamrad med funktioner eller prenumerationer. Den utger sig inte f\u00f6r att vara en dejtingapp. Och den kr\u00e4ver inte din e-post, ditt namn eller din plats. Det \u00e4r bara du och den andra personen, ansikte mot ansikte, i n\u00e5gra sekunder - eller minuter - innan du g\u00e5r vidare.<\/p>\n<p>Om du letar efter ett privat, obundet s\u00e4tt att tr\u00e4ffa nya m\u00e4nniskor online 2025, \u00e4r Anoncam en av de b\u00e4sta minimalistiska plattformarna som finns tillg\u00e4ngliga. Enkelt, gratis och anonymt - precis s\u00e5 som slumpm\u00e4ssig chatt var t\u00e4nkt att vara.<\/p>","protected":false},"excerpt":{"rendered":"<p>If you miss the simplicity of the original Omegle, where you could jump into a video chat with a stranger instantly and anonymously, Anoncam might just be the modern-day alternative you\u2019re looking for. Built for users who value privacy, spontaneity, and zero commitment, Anoncam strips random video chat down to its most essential form\u2014no accounts, [&hellip;]<\/p>\n","protected":false},"author":6,"featured_media":0,"parent":0,"menu_order":0,"comment_status":"closed","ping_status":"closed","template":"","meta":{"footnotes":""},"class_list":["post-12890","page","type-page","status-publish","hentry"],"yoast_head":"<!-- This site is optimized with the Yoast SEO plugin v27.4 - https:\/\/yoast.com\/product\/yoast-seo-wordpress\/ -->\n<title>AnonCam - Real Anon Random Video Chat on StrangerCam.com<\/title>\n<meta name=\"description\" content=\"Like AnonCam? Come chat with more than 5.000.000 strangers on Stranger Cam for Free! Turn on your cam and find new friends &amp; maby a match!\" \/>\n<meta name=\"robots\" content=\"index, follow, max-snippet:-1, max-image-preview:large, max-video-preview:-1\" \/>\n<link rel=\"canonical\" href=\"https:\/\/strangercam.com\/sv\/anoncam\/\" \/>\n<meta property=\"og:locale\" content=\"sv_SE\" \/>\n<meta property=\"og:type\" content=\"article\" \/>\n<meta property=\"og:title\" content=\"AnonCam - Real Anon Random Video Chat on StrangerCam.com\" \/>\n<meta property=\"og:description\" content=\"Like AnonCam? Come chat with more than 5.000.000 strangers on Stranger Cam for Free! Turn on your cam and find new friends &amp; maby a match!\" \/>\n<meta property=\"og:url\" content=\"https:\/\/strangercam.com\/sv\/anoncam\/\" \/>\n<meta property=\"og:site_name\" content=\"Strangercam\" \/>\n<meta property=\"article:publisher\" content=\"https:\/\/www.facebook.com\/strangercam\" \/>\n<meta property=\"article:modified_time\" content=\"2025-06-16T12:57:21+00:00\" \/>\n<meta property=\"og:image\" content=\"https:\/\/strangercam.com\/wp-content\/uploads\/2021\/10\/Untitled-2.png\" \/>\n\t<meta property=\"og:image:width\" content=\"800\" \/>\n\t<meta property=\"og:image:height\" content=\"532\" \/>\n\t<meta property=\"og:image:type\" content=\"image\/png\" \/>\n<meta name=\"twitter:card\" content=\"summary_large_image\" \/>\n<meta name=\"twitter:site\" content=\"@strangercamapp\" \/>\n<meta name=\"twitter:label1\" content=\"Ber\u00e4knad l\u00e4stid\" \/>\n\t<meta name=\"twitter:data1\" content=\"6 minuter\" \/>\n<script type=\"application\/ld+json\" class=\"yoast-schema-graph\">{\"@context\":\"https:\\\/\\\/schema.org\",\"@graph\":[{\"@type\":\"WebPage\",\"@id\":\"https:\\\/\\\/strangercam.com\\\/anoncam\\\/\",\"url\":\"https:\\\/\\\/strangercam.com\\\/anoncam\\\/\",\"name\":\"AnonCam - Real Anon Random Video Chat on StrangerCam.com\",\"isPartOf\":{\"@id\":\"https:\\\/\\\/strangercam.com\\\/#website\"},\"datePublished\":\"2025-06-16T12:55:58+00:00\",\"dateModified\":\"2025-06-16T12:57:21+00:00\",\"description\":\"Like AnonCam? Come chat with more than 5.000.000 strangers on Stranger Cam for Free! Turn on your cam and find new friends & maby a match!\",\"breadcrumb\":{\"@id\":\"https:\\\/\\\/strangercam.com\\\/anoncam\\\/#breadcrumb\"},\"inLanguage\":\"sv-SE\",\"potentialAction\":[{\"@type\":\"ReadAction\",\"target\":[\"https:\\\/\\\/strangercam.com\\\/anoncam\\\/\"]}]},{\"@type\":\"BreadcrumbList\",\"@id\":\"https:\\\/\\\/strangercam.com\\\/anoncam\\\/#breadcrumb\",\"itemListElement\":[{\"@type\":\"ListItem\",\"position\":1,\"name\":\"Home\",\"item\":\"https:\\\/\\\/strangercam.com\\\/\"},{\"@type\":\"ListItem\",\"position\":2,\"name\":\"AnonCam\"}]},{\"@type\":\"WebSite\",\"@id\":\"https:\\\/\\\/strangercam.com\\\/#website\",\"url\":\"https:\\\/\\\/strangercam.com\\\/\",\"name\":\"Strangercam\",\"description\":\"Random Video Chat with Strangers\",\"publisher\":{\"@id\":\"https:\\\/\\\/strangercam.com\\\/#organization\"},\"alternateName\":\"Strangercam.com\",\"potentialAction\":[{\"@type\":\"SearchAction\",\"target\":{\"@type\":\"EntryPoint\",\"urlTemplate\":\"https:\\\/\\\/strangercam.com\\\/?s={search_term_string}\"},\"query-input\":{\"@type\":\"PropertyValueSpecification\",\"valueRequired\":true,\"valueName\":\"search_term_string\"}}],\"inLanguage\":\"sv-SE\"},{\"@type\":\"Organization\",\"@id\":\"https:\\\/\\\/strangercam.com\\\/#organization\",\"name\":\"Strangercam\",\"alternateName\":\"Strangercam.com\",\"url\":\"https:\\\/\\\/strangercam.com\\\/\",\"logo\":{\"@type\":\"ImageObject\",\"inLanguage\":\"sv-SE\",\"@id\":\"https:\\\/\\\/strangercam.com\\\/#\\\/schema\\\/logo\\\/image\\\/\",\"url\":\"https:\\\/\\\/strangercam.com\\\/wp-content\\\/uploads\\\/2020\\\/11\\\/cropped-new-favicon-black.png\",\"contentUrl\":\"https:\\\/\\\/strangercam.com\\\/wp-content\\\/uploads\\\/2020\\\/11\\\/cropped-new-favicon-black.png\",\"width\":512,\"height\":512,\"caption\":\"Strangercam\"},\"image\":{\"@id\":\"https:\\\/\\\/strangercam.com\\\/#\\\/schema\\\/logo\\\/image\\\/\"},\"sameAs\":[\"https:\\\/\\\/www.facebook.com\\\/strangercam\",\"https:\\\/\\\/x.com\\\/strangercamapp\"]}]}<\/script>\n<!-- \/ Yoast SEO plugin. -->","yoast_head_json":{"title":"AnonCam - Real Anon slumpm\u00e4ssig videochatt p\u00e5 StrangerCam.com","description":"Gillar du AnonCam? Kom och chatta med mer \u00e4n 5.000.000 fr\u00e4mlingar p\u00e5 Stranger Cam helt gratis! Sl\u00e5 p\u00e5 din kamera och hitta nya v\u00e4nner och kanske en match!","robots":{"index":"index","follow":"follow","max-snippet":"max-snippet:-1","max-image-preview":"max-image-preview:large","max-video-preview":"max-video-preview:-1"},"canonical":"https:\/\/strangercam.com\/sv\/anoncam\/","og_locale":"sv_SE","og_type":"article","og_title":"AnonCam - Real Anon Random Video Chat on StrangerCam.com","og_description":"Like AnonCam? Come chat with more than 5.000.000 strangers on Stranger Cam for Free! Turn on your cam and find new friends & maby a match!","og_url":"https:\/\/strangercam.com\/sv\/anoncam\/","og_site_name":"Strangercam","article_publisher":"https:\/\/www.facebook.com\/strangercam","article_modified_time":"2025-06-16T12:57:21+00:00","og_image":[{"width":800,"height":532,"url":"https:\/\/strangercam.com\/wp-content\/uploads\/2021\/10\/Untitled-2.png","type":"image\/png"}],"twitter_card":"summary_large_image","twitter_site":"@strangercamapp","twitter_misc":{"Ber\u00e4knad l\u00e4stid":"6 minuter"},"schema":{"@context":"https:\/\/schema.org","@graph":[{"@type":"WebPage","@id":"https:\/\/strangercam.com\/anoncam\/","url":"https:\/\/strangercam.com\/anoncam\/","name":"AnonCam - Real Anon slumpm\u00e4ssig videochatt p\u00e5 StrangerCam.com","isPartOf":{"@id":"https:\/\/strangercam.com\/#website"},"datePublished":"2025-06-16T12:55:58+00:00","dateModified":"2025-06-16T12:57:21+00:00","description":"Gillar du AnonCam? Kom och chatta med mer \u00e4n 5.000.000 fr\u00e4mlingar p\u00e5 Stranger Cam helt gratis! Sl\u00e5 p\u00e5 din kamera och hitta nya v\u00e4nner och kanske en match!","breadcrumb":{"@id":"https:\/\/strangercam.com\/anoncam\/#breadcrumb"},"inLanguage":"sv-SE","potentialAction":[{"@type":"ReadAction","target":["https:\/\/strangercam.com\/anoncam\/"]}]},{"@type":"BreadcrumbList","@id":"https:\/\/strangercam.com\/anoncam\/#breadcrumb","itemListElement":[{"@type":"ListItem","position":1,"name":"Home","item":"https:\/\/strangercam.com\/"},{"@type":"ListItem","position":2,"name":"AnonCam"}]},{"@type":"WebSite","@id":"https:\/\/strangercam.com\/#website","url":"https:\/\/strangercam.com\/","name":"Strangercam","description":"Slumpm\u00e4ssig videochatt med fr\u00e4mlingar","publisher":{"@id":"https:\/\/strangercam.com\/#organization"},"alternateName":"Strangercam.com","potentialAction":[{"@type":"SearchAction","target":{"@type":"EntryPoint","urlTemplate":"https:\/\/strangercam.com\/?s={search_term_string}"},"query-input":{"@type":"PropertyValueSpecification","valueRequired":true,"valueName":"search_term_string"}}],"inLanguage":"sv-SE"},{"@type":"Organization","@id":"https:\/\/strangercam.com\/#organization","name":"Strangercam","alternateName":"Strangercam.com","url":"https:\/\/strangercam.com\/","logo":{"@type":"ImageObject","inLanguage":"sv-SE","@id":"https:\/\/strangercam.com\/#\/schema\/logo\/image\/","url":"https:\/\/strangercam.com\/wp-content\/uploads\/2020\/11\/cropped-new-favicon-black.png","contentUrl":"https:\/\/strangercam.com\/wp-content\/uploads\/2020\/11\/cropped-new-favicon-black.png","width":512,"height":512,"caption":"Strangercam"},"image":{"@id":"https:\/\/strangercam.com\/#\/schema\/logo\/image\/"},"sameAs":["https:\/\/www.facebook.com\/strangercam","https:\/\/x.com\/strangercamapp"]}]}},"_links":{"self":[{"href":"https:\/\/strangercam.com\/sv\/wp-json\/wp\/v2\/pages\/12890","targetHints":{"allow":["GET"]}}],"collection":[{"href":"https:\/\/strangercam.com\/sv\/wp-json\/wp\/v2\/pages"}],"about":[{"href":"https:\/\/strangercam.com\/sv\/wp-json\/wp\/v2\/types\/page"}],"author":[{"embeddable":true,"href":"https:\/\/strangercam.com\/sv\/wp-json\/wp\/v2\/users\/6"}],"replies":[{"embeddable":true,"href":"https:\/\/strangercam.com\/sv\/wp-json\/wp\/v2\/comments?post=12890"}],"version-history":[{"count":1,"href":"https:\/\/strangercam.com\/sv\/wp-json\/wp\/v2\/pages\/12890\/revisions"}],"predecessor-version":[{"id":12891,"href":"https:\/\/strangercam.com\/sv\/wp-json\/wp\/v2\/pages\/12890\/revisions\/12891"}],"wp:attachment":[{"href":"https:\/\/strangercam.com\/sv\/wp-json\/wp\/v2\/media?parent=12890"}],"curies":[{"name":"wp","href":"https:\/\/api.w.org\/{rel}","templated":true}]}}