{"id":12887,"date":"2025-06-16T14:52:18","date_gmt":"2025-06-16T12:52:18","guid":{"rendered":"https:\/\/strangercam.com\/?page_id=12887"},"modified":"2025-06-16T14:52:18","modified_gmt":"2025-06-16T12:52:18","slug":"hoppig","status":"publish","type":"page","link":"https:\/\/strangercam.com\/sv\/hoppy\/","title":{"rendered":"Hoppy"},"content":{"rendered":"<p>I en v\u00e4rld av tr\u00f6tthet p\u00e5 att svepa och o\u00e4ndlig skrollning genom dejtingprofiler tillf\u00f6r Hoppy n\u00e5got nytt: video i realtid <a href=\"https:\/\/strangercam.com\/sv\/chathub\/\">chatt<\/a> som det f\u00f6rsta steget till att tr\u00e4ffa n\u00e5gon ny. Genom att blanda det roliga med slumpm\u00e4ssiga cam-to-cam-chattar med avsikten att dejta, positionerar Hoppy sig n\u00e5gonstans mellan en datingapp och en video matchmaking-upplevelse.<\/p>\n<p>Om du \u00e4r tr\u00f6tt p\u00e5 chattar som bara best\u00e5r av text och som slutar innan f\u00f6rsta dejten - eller dejtingappar d\u00e4r folk s\u00e4llan svarar - erbjuder Hoppy ett snabbt, interaktivt och m\u00e4nskligt s\u00e4tt att skapa genuina kontakter.<\/p>\n<p>I den h\u00e4r recensionen kommer vi att utforska exakt hur Hoppy fungerar, vem det \u00e4r b\u00e4st f\u00f6r, vilka funktioner det inneh\u00e5ller, hur det st\u00e5r sig mot andra plattformar och om det \u00e4r v\u00e4rt din tid 2025.<\/p>\n<h2>Vad \u00e4r Hoppy?<\/h2>\n<p>Hoppy \u00e4r en dejtingplattform med videochatt d\u00e4r anv\u00e4ndarna tr\u00e4ffar andra via slumpm\u00e4ssiga videosamtal p\u00e5 tu man hand. Till skillnad fr\u00e5n traditionella dejtingappar d\u00e4r du bl\u00e4ddrar igenom profiler och v\u00e4ntar p\u00e5 matchningar, kastar Hoppy dig in i en liveinteraktion fr\u00e5n b\u00f6rjan. Du ser och pratar med din matchning i realtid och best\u00e4mmer omedelbart om det finns kemi - eller g\u00e5r vidare.<\/p>\n<p>Id\u00e9n \u00e4r enkel: korta videochattar ansikte mot ansikte som fungerar som virtuella \"f\u00f6rsta dejter\", vilket hj\u00e4lper dig att hoppa \u00f6ver de \u00e4ndl\u00f6sa sms:en och se om det finns en verklig koppling fr\u00e5n b\u00f6rjan.<\/p>\n<p>Det beskrivs ofta som:<\/p>\n<ul>\n<li>En dejtingsajt med video som f\u00f6rstahandsval<\/li>\n<li>En speed dating-plattform f\u00f6r den digitala tids\u00e5ldern<\/li>\n<li>En hybrid mellan <a href=\"https:\/\/strangercam.com\/sv\/chatroulette\/\">Chatroulette<\/a> och Tinder<\/li>\n<\/ul>\n<h2>Vad \u00e4r syftet med Hoppy?<\/h2>\n<p>Hoppys mission \u00e4r att hj\u00e4lpa m\u00e4nniskor att bygga riktiga, romantiska kontakter genom livevideo. Plattformen \u00e4r utformad f\u00f6r:<\/p>\n<ul>\n<li>Singlar som vill f\u00e5 ett mer autentiskt f\u00f6rsta intryck<\/li>\n<li>M\u00e4nniskor som \u00e4r tr\u00f6tta p\u00e5 sp\u00f6khistorier och falska profiler<\/li>\n<li>Anv\u00e4ndare som f\u00f6redrar visuell kemi och live-interaktioner framf\u00f6r text<\/li>\n<\/ul>\n<p>D\u00e4r de flesta dejtingappar f\u00f6rlitar sig p\u00e5 kuraterade biografier och filtrerade foton, hoppar Hoppy direkt till verkligheten - tv\u00e5 fr\u00e4mlingar som st\u00e5r ansikte mot ansikte via webbkamera och beslutar om de ska prata vidare eller g\u00e5 vidare.<\/p>\n<p>Plattformen \u00e4r tillr\u00e4ckligt avslappnad f\u00f6r flirt och skoj, men tillr\u00e4ckligt strukturerad f\u00f6r att locka m\u00e4nniskor som \u00e4r genuint intresserade av att dejta och inte bara chatta utan m\u00e5l.<\/p>\n<h2>Viktiga funktioner<\/h2>\n<p>1. Slumpm\u00e4ssig en-mot-en-videomatchning<br \/>\nHoppys huvudfunktion \u00e4r live, en-mot-en videochattar med slumpm\u00e4ssigt matchade anv\u00e4ndare. Varje konversation \u00e4r tidsbest\u00e4md och varar vanligtvis en minut eller tv\u00e5, varefter b\u00e5da anv\u00e4ndarna kan v\u00e4lja att forts\u00e4tta kontakten eller g\u00e5 vidare.<\/p>\n<p>2. Matchningssystem f\u00f6r dubbel opt-in<br \/>\nEfter en videochatt kan b\u00e5da anv\u00e4ndarna \"gilla\" interaktionen. Om b\u00e5da personerna vill prata igen skapas en matchning och ni kan forts\u00e4tta chatta via text eller video i appen.<\/p>\n<p>3. Matchningsk\u00f6 och \u00e5teranslutningar<br \/>\nHoppy inneh\u00e5ller en matchningshistorik och en lista \u00f6ver senaste chattar, s\u00e5 att du kan \u00e5terbes\u00f6ka konversationer eller \u00e5terknyta kontakten med n\u00e5gon du tyckte om att prata med.<\/p>\n<p>4. Filter f\u00f6r k\u00f6n och intressen <em>(Premium-funktion)<\/em><br \/>\n\u00c4ven om basupplevelsen \u00e4r slumpm\u00e4ssig erbjuder Hoppy filter s\u00e5 att du kan matcha med personer av ett visst k\u00f6n eller en viss region. Detta hj\u00e4lper till att \u00f6ka chansen att hitta en matchning som \u00f6verensst\u00e4mmer med dina preferenser.<\/p>\n<p>5. Anpassning av profil<br \/>\nVarje anv\u00e4ndare kan bygga en ljusprofil med:<\/p>\n<ul>\n<li>Profilbild<\/li>\n<li>Grundl\u00e4ggande biografi<\/li>\n<li>Plats<\/li>\n<li>K\u00f6n och dejtingpreferenser<\/li>\n<\/ul>\n<p>Dessa profiler avsl\u00f6jas dock f\u00f6rst efter en matchning, vilket g\u00f6r att den f\u00f6rsta videochatten f\u00f6rblir anonym och fokuserad p\u00e5 naturlig kemi.<\/p>\n<p>6. Antihosting-verktyg<br \/>\nHoppy anv\u00e4nder konversationspuffar och matchningsuppmaningar f\u00f6r att uppmuntra till uppf\u00f6ljande chattar, vilket minimerar \"sp\u00f6kstadseffekten\" som pl\u00e5gar m\u00e5nga dejtingappar.<\/p>\n<p>7. Normer f\u00f6r ett s\u00e4kert samh\u00e4lle<br \/>\nAnv\u00e4ndare kan rapportera ol\u00e4mpligt beteende i realtid. Upprepade \u00f6vertr\u00e4delser leder till f\u00f6rbud eller begr\u00e4nsad \u00e5tkomst, och det finns ett modereringsteam p\u00e5 plats f\u00f6r att granska rapporter.<\/p>\n<h2>\u00c4r Hoppy gratis?<\/h2>\n<p>Hoppy \u00e4r gratis att prova, med alla viktiga videochattfunktioner tillg\u00e4ngliga utan kostnad. Det fungerar dock p\u00e5 en freemium-modell som l\u00e5ser upp premiumfunktioner f\u00f6r en m\u00e5nadsavgift.<\/p>\n<h3>Gratis anv\u00e4ndare kan:<\/h3>\n<ul>\n<li>Ange obegr\u00e4nsat antal videochattar<\/li>\n<li>Matcha och chatta med alla som \u00f6msesidigt gillar dem<\/li>\n<li>Skapa en grundl\u00e4ggande profil<\/li>\n<li>\u00c5terknyta kontakten med nyligen gjorda matchningar<\/li>\n<\/ul>\n<h3>Premium-anv\u00e4ndare f\u00e5r:<\/h3>\n<ul>\n<li>Filter f\u00f6r k\u00f6n och region<\/li>\n<li>Tillg\u00e5ng till mer profilinformation f\u00f6re matchning<\/li>\n<li>Obegr\u00e4nsad ommatchning och f\u00f6rl\u00e4ngd chatttid<\/li>\n<li>\u00d6kad synlighet och matchning av prioriteringar<\/li>\n<\/ul>\n<p>Priserna varierar beroende p\u00e5 region, men typiska premiumabonnemang ligger mellan 9,99 och 19,99TP73T9,99\/m\u00e5nad beroende p\u00e5 abonnemangets l\u00e4ngd.<\/p>\n<h2>Vem \u00e4r Hoppy till f\u00f6r?<\/h2>\n<p>Hoppy \u00e4r s\u00e4rskilt utformat f\u00f6r singlar i \u00e5ldern 18-35 \u00e5r, men \u00e4ldre anv\u00e4ndare \u00e4r ocks\u00e5 v\u00e4lkomna. Den tilltalar mest:<\/p>\n<ul>\n<li>Personer som \u00e4r seri\u00f6sa n\u00e4r det g\u00e4ller dejting, men som \u00e4r frustrerade \u00f6ver vanliga appar<\/li>\n<li>Anv\u00e4ndare som f\u00f6redrar videokommunikation framf\u00f6r textmeddelanden<\/li>\n<li>De som vill tr\u00e4ffa potentiella partners ansikte mot ansikte, direkt<\/li>\n<li>Alla som s\u00f6ker en mer m\u00e4nsklig, mindre skriptad interaktion online<\/li>\n<\/ul>\n<h3>Vanliga demografiska f\u00f6rh\u00e5llanden:<\/h3>\n<ul>\n<li>J\u00e4mn k\u00f6nsf\u00f6rdelning (mer balanserat \u00e4n m\u00e5nga andra <a href=\"https:\/\/strangercam.com\/sv\/bazoocam\/\">kam<\/a> chattplattformar)<\/li>\n<li>Anv\u00e4ndare fr\u00e5n Nordamerika, Europa, Sydostasien och Sydamerika<\/li>\n<li>Personer som s\u00f6ker k\u00e4rlek, tillf\u00e4lliga dejter eller flirtiga konversationer<\/li>\n<\/ul>\n<p>Till skillnad fr\u00e5n rena slumpm\u00e4ssiga chattplattformar som <a href=\"https:\/\/strangercam.com\/sv\/omegle\/\">Omegle<\/a>, Hoppy filtrerar f\u00f6r avsikt - de flesta anv\u00e4ndare \u00e4r d\u00e4r f\u00f6r dejting eller \u00e5tminstone flirt, inte bara tillf\u00e4lligt prat eller trollning.<\/p>\n<h2>S\u00e4kerhet, integritet och moderering<\/h2>\n<p>Hoppy tar s\u00e4kerheten p\u00e5 allvar och balanserar anonymitet med ansvarighet.<\/p>\n<p>Sekretessfunktioner:<\/p>\n<ul>\n<li>Chattar \u00e4r krypterade och spelas inte in<\/li>\n<li>Ingen extern delning av matcher eller data<\/li>\n<li>Din profil \u00e4r bara synlig efter en \u00f6msesidig matchning<\/li>\n<\/ul>\n<p>Modereringsverktyg:<\/p>\n<ul>\n<li>Rapportering i realtid<\/li>\n<li>Uppt\u00e4ckt av ol\u00e4mpligt beteende via AI och m\u00e4nsklig granskning<\/li>\n<li>Avst\u00e4ngningar f\u00f6r anv\u00e4ndare som bryter mot community-standarder<\/li>\n<\/ul>\n<p>Anv\u00e4ndarkontroll:<\/p>\n<ul>\n<li>Hoppa \u00f6ver eller avsluta en chatt n\u00e4r som helst<\/li>\n<li>Blockera anv\u00e4ndare fr\u00e5n att matcha om<\/li>\n<li>Kontrollera vem som ser din profil<\/li>\n<\/ul>\n<p>Som alltid b\u00f6r anv\u00e4ndare aldrig dela med sig av personlig information, inte ens i videochatt, f\u00f6rr\u00e4n f\u00f6rtroende har etablerats.<\/p>\n<h2>Anv\u00e4ndarupplevelse och design<\/h2>\n<p>Hoppys design \u00e4r snygg, modern och optimerad f\u00f6r anv\u00e4ndning med mobilen f\u00f6rst, \u00e4ven om desktopanv\u00e4ndare ocks\u00e5 st\u00f6ds. Viktiga element inkluderar:<\/p>\n<ul>\n<li>Ett stort live-videof\u00f6nster under chattar<\/li>\n<li>Minimala distraktioner eller \u00f6verlagringar<\/li>\n<li>Klara knappar f\u00f6r matchning\/hoppa \u00f6ver\/rapportera<\/li>\n<li>Snabba \u00f6verg\u00e5ngar mellan anv\u00e4ndare<\/li>\n<\/ul>\n<p>Det tidsbest\u00e4mda chattformatet h\u00e5ller saker sp\u00e4nnande och l\u00e5gt tryck. Varje konversation \u00e4r kort men meningsfull, och du fastnar aldrig i en session som du inte tycker om.<\/p>\n<h2>Hoppy j\u00e4mf\u00f6rt med andra plattformar f\u00f6r videochattdejting<\/h2>\n<p>Hur st\u00e5r sig Hoppy i j\u00e4mf\u00f6relse med liknande appar inom cam-dating?<\/p>\n<table>\n<thead>\n<tr>\n<th>Funktion<\/th>\n<th>Hoppy<\/th>\n<th>Apa<\/th>\n<th>Camgo<\/th>\n<th><a href=\"https:\/\/strangercam.com\/sv\/coomeet\/\">CooMeet<\/a><\/th>\n<th>Azar<\/th>\n<\/tr>\n<\/thead>\n<tbody>\n<tr>\n<td>1-mot-1 videochatt<\/td>\n<td>Ja<\/td>\n<td>Ja<\/td>\n<td>Ja<\/td>\n<td>Ja<\/td>\n<td>Ja<\/td>\n<\/tr>\n<tr>\n<td>Fokus p\u00e5 dejting<\/td>\n<td>Stark<\/td>\n<td>Svag<\/td>\n<td>M\u00e5ttlig<\/td>\n<td>Stark<\/td>\n<td>Svag<\/td>\n<\/tr>\n<tr>\n<td>Gratis att anv\u00e4nda<\/td>\n<td>Ja<\/td>\n<td>Ja<\/td>\n<td>Ja<\/td>\n<td>Begr\u00e4nsad<\/td>\n<td>Ja<\/td>\n<\/tr>\n<tr>\n<td>Filter f\u00f6r k\u00f6n<\/td>\n<td>Betalade<\/td>\n<td>Nej<\/td>\n<td>Betalade<\/td>\n<td>Betalade<\/td>\n<td>Betalade<\/td>\n<\/tr>\n<tr>\n<td>Registrering kr\u00e4vs<\/td>\n<td>Ja<\/td>\n<td>Valfritt<\/td>\n<td>Nej<\/td>\n<td>Ja<\/td>\n<td>Ja<\/td>\n<\/tr>\n<tr>\n<td>Matchning i realtid<\/td>\n<td>Ja<\/td>\n<td>Ja<\/td>\n<td>Ja<\/td>\n<td>Ja<\/td>\n<td>Ja<\/td>\n<\/tr>\n<tr>\n<td>Gemenskapens s\u00e4kerhet<\/td>\n<td>M\u00e5ttlig<\/td>\n<td>Svag<\/td>\n<td>M\u00e5ttlig<\/td>\n<td>Stark<\/td>\n<td>M\u00e5ttlig<\/td>\n<\/tr>\n<\/tbody>\n<\/table>\n<p>Sammanfattning: Hoppy erbjuder en starkare dating-first-strategi j\u00e4mf\u00f6rt med de flesta slumpm\u00e4ssiga videoappar, utan att g\u00e5 full betalv\u00e4gg som CooMeet. Det h\u00e5ller saker spontana men meningsfulla, vilket \u00e4r perfekt f\u00f6r anv\u00e4ndare som letar efter riktiga kontakter via video.<\/p>\n<h2>F\u00f6r- och nackdelar<\/h2>\n<p>F\u00f6rdelar:<\/p>\n<ul>\n<li>Omedelbar interaktion ansikte mot ansikte<\/li>\n<li>Starkt dejtingfokus, inte bara tillf\u00e4llig chatt<\/li>\n<li>Gratis att anv\u00e4nda med gener\u00f6s tillg\u00e5ng<\/li>\n<li>Mobiloptimerad upplevelse<\/li>\n<li>H\u00f6g matchningskvalitet genom dubbel opt-in<\/li>\n<li>Filter och s\u00e4kerhetsverktyg tillg\u00e4ngliga<\/li>\n<\/ul>\n<p>Nackdelar:<\/p>\n<ul>\n<li>Premiumfunktioner kan bli dyra<\/li>\n<li>Vissa anv\u00e4ndare kan fortfarande missbruka systemet<\/li>\n<li>Begr\u00e4nsad anv\u00e4ndarbas i vissa tidszoner<\/li>\n<li>Du m\u00e5ste vara redo f\u00f6r kameran f\u00f6r att delta<\/li>\n<\/ul>\n<h2>Idealiska anv\u00e4ndningsfall<\/h2>\n<p>Hoppy \u00e4r perfekt f\u00f6r:<\/p>\n<ul>\n<li>Anv\u00e4ndare av dejtingappar som vill slippa o\u00e4ndliga textmeddelanden<\/li>\n<li>Singlar som f\u00f6redrar kemi framf\u00f6r foton<\/li>\n<li>Extroverta personer som trivs i levande konversationer<\/li>\n<li>Personer som \u00e4r nyfikna p\u00e5 modern speeddejting via video<\/li>\n<\/ul>\n<p>Inte idealisk f\u00f6r:<\/p>\n<ul>\n<li>Anv\u00e4ndare som ogillar att bli filmade<\/li>\n<li>Personer under 18 \u00e5r (g\u00e4ller endast vuxna)<\/li>\n<li>De som s\u00f6ker l\u00e5ngsamma matchmaking- eller traditionella dejtingprofiler<\/li>\n<\/ul>\n<p>Hoppy ger en uppfriskande twist till online-dejtingscenen genom att s\u00e4tta live, ansikte mot ansikte-interaktion i centrum. Ist\u00e4llet f\u00f6r att swipa i o\u00e4ndlighet eller skicka sms i flera dagar f\u00e5r anv\u00e4ndarna ett riktigt f\u00f6rsta intryck direkt - och best\u00e4mmer sig inom n\u00e5gra sekunder om det finns potential.<\/p>\n<p>Det \u00e4r snabbt, roligt och f\u00f6rv\u00e5nansv\u00e4rt autentiskt. Oavsett om du letar efter en avslappnad flirt, seri\u00f6s dejting eller bara vill tr\u00e4ffa n\u00e5gon intressant ikv\u00e4ll, erbjuder Hoppy ett smidigt och tillg\u00e4ngligt s\u00e4tt att f\u00e5 det att h\u00e4nda - inga nedladdningar eller besv\u00e4rliga biografier kr\u00e4vs.<\/p>\n<p>Om du \u00e4r redo att skippa tr\u00f6ttheten p\u00e5 dejtingappar och tr\u00e4ffa riktiga m\u00e4nniskor i realtid \u00e4r Hoppy absolut v\u00e4rt ett f\u00f6rs\u00f6k.<\/p>","protected":false},"excerpt":{"rendered":"<p>In a world of swiping fatigue and endless scrolling through dating profiles, Hoppy brings something different to the table: real-time video chat as the first step to meeting someone new. By blending the fun of random cam-to-cam chats with the intention of dating, Hoppy positions itself somewhere between a dating app and a video matchmaking [&hellip;]<\/p>\n","protected":false},"author":6,"featured_media":0,"parent":0,"menu_order":0,"comment_status":"closed","ping_status":"closed","template":"","meta":{"footnotes":""},"class_list":["post-12887","page","type-page","status-publish","hentry"],"yoast_head":"<!-- This site is optimized with the Yoast SEO plugin v27.4 - https:\/\/yoast.com\/product\/yoast-seo-wordpress\/ -->\n<title>Hoppy - It Takes One Video To Match on StrangerCam.com<\/title>\n<meta name=\"description\" content=\"Like Hoppy? Come chat with more than 5.000.000 strangers on Stranger Cam for Free! Turn on your cam and find new friends &amp; maby a match!\" \/>\n<meta name=\"robots\" content=\"index, follow, max-snippet:-1, max-image-preview:large, max-video-preview:-1\" \/>\n<link rel=\"canonical\" href=\"https:\/\/strangercam.com\/sv\/hoppig\/\" \/>\n<meta property=\"og:locale\" content=\"sv_SE\" \/>\n<meta property=\"og:type\" content=\"article\" \/>\n<meta property=\"og:title\" content=\"Hoppy - It Takes One Video To Match on StrangerCam.com\" \/>\n<meta property=\"og:description\" content=\"Like Hoppy? Come chat with more than 5.000.000 strangers on Stranger Cam for Free! Turn on your cam and find new friends &amp; maby a match!\" \/>\n<meta property=\"og:url\" content=\"https:\/\/strangercam.com\/sv\/hoppig\/\" \/>\n<meta property=\"og:site_name\" content=\"Strangercam\" \/>\n<meta property=\"article:publisher\" content=\"https:\/\/www.facebook.com\/strangercam\" \/>\n<meta property=\"og:image\" content=\"https:\/\/strangercam.com\/wp-content\/uploads\/2021\/10\/Untitled-2.png\" \/>\n\t<meta property=\"og:image:width\" content=\"800\" \/>\n\t<meta property=\"og:image:height\" content=\"532\" \/>\n\t<meta property=\"og:image:type\" content=\"image\/png\" \/>\n<meta name=\"twitter:card\" content=\"summary_large_image\" \/>\n<meta name=\"twitter:site\" content=\"@strangercamapp\" \/>\n<meta name=\"twitter:label1\" content=\"Ber\u00e4knad l\u00e4stid\" \/>\n\t<meta name=\"twitter:data1\" content=\"6 minuter\" \/>\n<script type=\"application\/ld+json\" class=\"yoast-schema-graph\">{\"@context\":\"https:\\\/\\\/schema.org\",\"@graph\":[{\"@type\":\"WebPage\",\"@id\":\"https:\\\/\\\/strangercam.com\\\/hoppy\\\/\",\"url\":\"https:\\\/\\\/strangercam.com\\\/hoppy\\\/\",\"name\":\"Hoppy - It Takes One Video To Match on StrangerCam.com\",\"isPartOf\":{\"@id\":\"https:\\\/\\\/strangercam.com\\\/#website\"},\"datePublished\":\"2025-06-16T12:52:18+00:00\",\"description\":\"Like Hoppy? Come chat with more than 5.000.000 strangers on Stranger Cam for Free! Turn on your cam and find new friends & maby a match!\",\"breadcrumb\":{\"@id\":\"https:\\\/\\\/strangercam.com\\\/hoppy\\\/#breadcrumb\"},\"inLanguage\":\"sv-SE\",\"potentialAction\":[{\"@type\":\"ReadAction\",\"target\":[\"https:\\\/\\\/strangercam.com\\\/hoppy\\\/\"]}]},{\"@type\":\"BreadcrumbList\",\"@id\":\"https:\\\/\\\/strangercam.com\\\/hoppy\\\/#breadcrumb\",\"itemListElement\":[{\"@type\":\"ListItem\",\"position\":1,\"name\":\"Home\",\"item\":\"https:\\\/\\\/strangercam.com\\\/\"},{\"@type\":\"ListItem\",\"position\":2,\"name\":\"Hoppy\"}]},{\"@type\":\"WebSite\",\"@id\":\"https:\\\/\\\/strangercam.com\\\/#website\",\"url\":\"https:\\\/\\\/strangercam.com\\\/\",\"name\":\"Strangercam\",\"description\":\"Random Video Chat with Strangers\",\"publisher\":{\"@id\":\"https:\\\/\\\/strangercam.com\\\/#organization\"},\"alternateName\":\"Strangercam.com\",\"potentialAction\":[{\"@type\":\"SearchAction\",\"target\":{\"@type\":\"EntryPoint\",\"urlTemplate\":\"https:\\\/\\\/strangercam.com\\\/?s={search_term_string}\"},\"query-input\":{\"@type\":\"PropertyValueSpecification\",\"valueRequired\":true,\"valueName\":\"search_term_string\"}}],\"inLanguage\":\"sv-SE\"},{\"@type\":\"Organization\",\"@id\":\"https:\\\/\\\/strangercam.com\\\/#organization\",\"name\":\"Strangercam\",\"alternateName\":\"Strangercam.com\",\"url\":\"https:\\\/\\\/strangercam.com\\\/\",\"logo\":{\"@type\":\"ImageObject\",\"inLanguage\":\"sv-SE\",\"@id\":\"https:\\\/\\\/strangercam.com\\\/#\\\/schema\\\/logo\\\/image\\\/\",\"url\":\"https:\\\/\\\/strangercam.com\\\/wp-content\\\/uploads\\\/2020\\\/11\\\/cropped-new-favicon-black.png\",\"contentUrl\":\"https:\\\/\\\/strangercam.com\\\/wp-content\\\/uploads\\\/2020\\\/11\\\/cropped-new-favicon-black.png\",\"width\":512,\"height\":512,\"caption\":\"Strangercam\"},\"image\":{\"@id\":\"https:\\\/\\\/strangercam.com\\\/#\\\/schema\\\/logo\\\/image\\\/\"},\"sameAs\":[\"https:\\\/\\\/www.facebook.com\\\/strangercam\",\"https:\\\/\\\/x.com\\\/strangercamapp\"]}]}<\/script>\n<!-- \/ Yoast SEO plugin. -->","yoast_head_json":{"title":"Hoppy - Det kr\u00e4vs en video f\u00f6r att matcha p\u00e5 StrangerCam.com","description":"Gillar du Hoppy? Kom och chatta med mer \u00e4n 5.000.000 fr\u00e4mlingar p\u00e5 Stranger Cam helt gratis! Sl\u00e5 p\u00e5 din kamera och hitta nya v\u00e4nner och kanske en match!","robots":{"index":"index","follow":"follow","max-snippet":"max-snippet:-1","max-image-preview":"max-image-preview:large","max-video-preview":"max-video-preview:-1"},"canonical":"https:\/\/strangercam.com\/sv\/hoppig\/","og_locale":"sv_SE","og_type":"article","og_title":"Hoppy - It Takes One Video To Match on StrangerCam.com","og_description":"Like Hoppy? Come chat with more than 5.000.000 strangers on Stranger Cam for Free! Turn on your cam and find new friends & maby a match!","og_url":"https:\/\/strangercam.com\/sv\/hoppig\/","og_site_name":"Strangercam","article_publisher":"https:\/\/www.facebook.com\/strangercam","og_image":[{"width":800,"height":532,"url":"https:\/\/strangercam.com\/wp-content\/uploads\/2021\/10\/Untitled-2.png","type":"image\/png"}],"twitter_card":"summary_large_image","twitter_site":"@strangercamapp","twitter_misc":{"Ber\u00e4knad l\u00e4stid":"6 minuter"},"schema":{"@context":"https:\/\/schema.org","@graph":[{"@type":"WebPage","@id":"https:\/\/strangercam.com\/hoppy\/","url":"https:\/\/strangercam.com\/hoppy\/","name":"Hoppy - Det kr\u00e4vs en video f\u00f6r att matcha p\u00e5 StrangerCam.com","isPartOf":{"@id":"https:\/\/strangercam.com\/#website"},"datePublished":"2025-06-16T12:52:18+00:00","description":"Gillar du Hoppy? Kom och chatta med mer \u00e4n 5.000.000 fr\u00e4mlingar p\u00e5 Stranger Cam helt gratis! Sl\u00e5 p\u00e5 din kamera och hitta nya v\u00e4nner och kanske en match!","breadcrumb":{"@id":"https:\/\/strangercam.com\/hoppy\/#breadcrumb"},"inLanguage":"sv-SE","potentialAction":[{"@type":"ReadAction","target":["https:\/\/strangercam.com\/hoppy\/"]}]},{"@type":"BreadcrumbList","@id":"https:\/\/strangercam.com\/hoppy\/#breadcrumb","itemListElement":[{"@type":"ListItem","position":1,"name":"Home","item":"https:\/\/strangercam.com\/"},{"@type":"ListItem","position":2,"name":"Hoppy"}]},{"@type":"WebSite","@id":"https:\/\/strangercam.com\/#website","url":"https:\/\/strangercam.com\/","name":"Strangercam","description":"Slumpm\u00e4ssig videochatt med fr\u00e4mlingar","publisher":{"@id":"https:\/\/strangercam.com\/#organization"},"alternateName":"Strangercam.com","potentialAction":[{"@type":"SearchAction","target":{"@type":"EntryPoint","urlTemplate":"https:\/\/strangercam.com\/?s={search_term_string}"},"query-input":{"@type":"PropertyValueSpecification","valueRequired":true,"valueName":"search_term_string"}}],"inLanguage":"sv-SE"},{"@type":"Organization","@id":"https:\/\/strangercam.com\/#organization","name":"Strangercam","alternateName":"Strangercam.com","url":"https:\/\/strangercam.com\/","logo":{"@type":"ImageObject","inLanguage":"sv-SE","@id":"https:\/\/strangercam.com\/#\/schema\/logo\/image\/","url":"https:\/\/strangercam.com\/wp-content\/uploads\/2020\/11\/cropped-new-favicon-black.png","contentUrl":"https:\/\/strangercam.com\/wp-content\/uploads\/2020\/11\/cropped-new-favicon-black.png","width":512,"height":512,"caption":"Strangercam"},"image":{"@id":"https:\/\/strangercam.com\/#\/schema\/logo\/image\/"},"sameAs":["https:\/\/www.facebook.com\/strangercam","https:\/\/x.com\/strangercamapp"]}]}},"_links":{"self":[{"href":"https:\/\/strangercam.com\/sv\/wp-json\/wp\/v2\/pages\/12887","targetHints":{"allow":["GET"]}}],"collection":[{"href":"https:\/\/strangercam.com\/sv\/wp-json\/wp\/v2\/pages"}],"about":[{"href":"https:\/\/strangercam.com\/sv\/wp-json\/wp\/v2\/types\/page"}],"author":[{"embeddable":true,"href":"https:\/\/strangercam.com\/sv\/wp-json\/wp\/v2\/users\/6"}],"replies":[{"embeddable":true,"href":"https:\/\/strangercam.com\/sv\/wp-json\/wp\/v2\/comments?post=12887"}],"version-history":[{"count":2,"href":"https:\/\/strangercam.com\/sv\/wp-json\/wp\/v2\/pages\/12887\/revisions"}],"predecessor-version":[{"id":12889,"href":"https:\/\/strangercam.com\/sv\/wp-json\/wp\/v2\/pages\/12887\/revisions\/12889"}],"wp:attachment":[{"href":"https:\/\/strangercam.com\/sv\/wp-json\/wp\/v2\/media?parent=12887"}],"curies":[{"name":"wp","href":"https:\/\/api.w.org\/{rel}","templated":true}]}}