{"id":12883,"date":"2025-06-16T14:46:37","date_gmt":"2025-06-16T12:46:37","guid":{"rendered":"https:\/\/strangercam.com\/?page_id=12883"},"modified":"2025-06-16T14:46:37","modified_gmt":"2025-06-16T12:46:37","slug":"aveola","status":"publish","type":"page","link":"https:\/\/strangercam.com\/sv\/aveola\/","title":{"rendered":"Aveola"},"content":{"rendered":"<p>Den slumpm\u00e4ssiga videon <a href=\"https:\/\/strangercam.com\/sv\/chatroulette\/\">chatt<\/a> \u00e4r mer konkurrensutsatt \u00e4n n\u00e5gonsin. Med plattformar som <a href=\"https:\/\/strangercam.com\/sv\/ometv\/\">OmeTV<\/a>, Monkey och Hay Fun h\u00e5ller takten, men nyare utmanare kommer med snygga gr\u00e4nssnitt och b\u00e4ttre mobilintegration. En av dessa \u00e4r Aveola - en stigande videochattplattform utformad f\u00f6r snabba, anonyma en-mot-en-interaktioner med fr\u00e4mlingar \u00f6ver hela v\u00e4rlden.<\/p>\n<p>Oavsett om du vill flirta, skaffa internationella v\u00e4nner eller bara f\u00f6rdriva tiden med att tr\u00e4ffa nya m\u00e4nniskor, lovar Aveola en mobilupplevelse utan komplikationer med registrering, sociala profiler eller skapande av inneh\u00e5ll.<\/p>\n<p>I den h\u00e4r recensionen tar vi en djupdykning i Aveola - vad det \u00e4r, hur det fungerar, vem det \u00e4r f\u00f6r och hur det j\u00e4mf\u00f6rs med de b\u00e4sta apparna 2025.<\/p>\n<h2>Vad \u00e4r Aveola?<\/h2>\n<p>Aveola \u00e4r en gratis videochattplattform som kopplar samman anv\u00e4ndare direkt via webbkamera och mikrofon. Den \u00e4r tillg\u00e4nglig via webbl\u00e4sare och mobil (med stark betoning p\u00e5 mobiloptimering) och erbjuder snabba, anonyma videochattar utan konton eller nedladdningar.<\/p>\n<p>Precis som konkurrenterna OmeTV och Monkey tillhandah\u00e5ller Aveola:<\/p>\n<ul>\n<li>Konversationer i realtid, ansikte mot ansikte<\/li>\n<li>Global r\u00e4ckvidd med internationella anv\u00e4ndare<\/li>\n<li>Snabb \u00f6verhoppning och matchning<\/li>\n<li>Ett avslappnat och spontant s\u00e4tt att <a href=\"https:\/\/strangercam.com\/sv\/coomeet\/\">tr\u00e4ffas<\/a> nya m\u00e4nniskor<\/li>\n<\/ul>\n<p>Det som skiljer den \u00e5t \u00e4r dess rena anv\u00e4ndargr\u00e4nssnitt, solida modereringsverktyg och anv\u00e4ndarupplevelse som k\u00e4nns specialbyggd f\u00f6r smartphones - \u00e4ven om den fungerar bra p\u00e5 skrivbordet ocks\u00e5.<\/p>\n<h2>Vad \u00e4r syftet med Aveola?<\/h2>\n<p>Aveola utformades f\u00f6r att f\u00f6ra samman m\u00e4nniskor genom snabba, spontana videochattar, utan press att skapa profiler, publicera inneh\u00e5ll eller bygga upp en f\u00f6ljarskara. Plattformen befinner sig n\u00e5gonstans mellan:<\/p>\n<ul>\n<li>Anonymiteten hos <a href=\"https:\/\/strangercam.com\/sv\/omegle\/\">Omegle<\/a><\/li>\n<li>Det polerade anv\u00e4ndargr\u00e4nssnittet f\u00f6r OmeTV<\/li>\n<li>Det snabba tempot och Gen Z-intresset hos Monkey<\/li>\n<\/ul>\n<p>M\u00e5let \u00e4r att g\u00f6ra det s\u00e5 enkelt och snabbt som m\u00f6jligt att tr\u00e4ffa n\u00e5gon ny, utan krav p\u00e5 personlig information eller konton p\u00e5 sociala medier.<\/p>\n<p>Perfekt f\u00f6r:<\/p>\n<ul>\n<li>Chatta med fr\u00e4mlingar fr\u00e5n hela v\u00e4rlden<\/li>\n<li>Avslappnade, v\u00e4nliga eller flirtiga samtal mellan tv\u00e5 personer<\/li>\n<li>Att sl\u00e5 ihj\u00e4l tid eller slippa tristess med m\u00e4nsklig interaktion i realtid<\/li>\n<li>Praktisera ett spr\u00e5k eller utforska olika kulturer<\/li>\n<\/ul>\n<h2>Viktiga funktioner<\/h2>\n<p>1. Videochatt en-mot-en<br \/>\nAveolas huvudfunktion \u00e4r direkt, privat videochatt med slumpm\u00e4ssiga anv\u00e4ndare. Du trycker p\u00e5 \"Start\" och inom n\u00e5gra sekunder \u00e4r du ansikte mot ansikte med n\u00e5gon ny. Videokvaliteten \u00e4r generellt sett h\u00f6g, med l\u00e5g latens och skarpt ljud p\u00e5 stabila anslutningar.<\/p>\n<p>2. Snabbspringning (n\u00e4sta knapp)<br \/>\nSom de flesta appar i det h\u00e4r utrymmet kan du omedelbart hoppa till n\u00e4sta anv\u00e4ndare om den aktuella matchen inte fungerar. Detta \u00e4r s\u00f6ml\u00f6st, med snabba \u00e5teranslutningar och minimala v\u00e4ntetider.<\/p>\n<p>3. Alternativ f\u00f6r textchatt<br \/>\nAveola st\u00f6der textning i chatten, s\u00e5 att du kan skicka meddelanden under din videosamtal. Det h\u00e4r \u00e4r bra f\u00f6r att bryta isen eller kommunicera n\u00e4r det finns spr\u00e5kbarri\u00e4rer.<\/p>\n<p>4. Mobilanpassad upplevelse<br \/>\nOavsett om du anv\u00e4nder Android eller iOS \u00e4r Aveola utformad f\u00f6r mobila webbl\u00e4sare. \u00c4ven om det inte finns n\u00e5gon frist\u00e5ende app f\u00f6r tillf\u00e4llet \u00e4r mobilversionen lyh\u00f6rd, smidig och pekoptimerad. Den fungerar bra i Chrome, Safari och andra moderna mobila webbl\u00e4sare.<\/p>\n<p>5. Ingen registrering kr\u00e4vs<br \/>\nEn av Aveolas st\u00f6rsta f\u00f6rdelar \u00e4r att den \u00e4r helt anonym. Du beh\u00f6ver inte registrera dig, ange en e-postadress eller ansluta ett socialt konto. Allt sker i webbl\u00e4saren med tillf\u00e4lliga, sessionsbaserade chattar.<\/p>\n<p>6. Modereringsverktyg i realtid<br \/>\nAveola ing\u00e5r:<\/p>\n<ul>\n<li>En \"Rapportera\"-knapp f\u00f6r att flagga f\u00f6r kr\u00e4nkande eller ol\u00e4mpligt beteende<\/li>\n<li>Grundl\u00e4ggande modereringsverktyg f\u00f6r AI som \u00f6vervakar nakenhet eller st\u00f6tande inneh\u00e5ll<\/li>\n<li>Snabba f\u00f6rbud f\u00f6r \u00e5terfallsf\u00f6rbrytare<\/li>\n<\/ul>\n<p>\u00c4ven om det inte har ett fullst\u00e4ndigt f\u00f6rtroende- \/ ryktesystem som Emerald Chat, \u00e4r Aveolas moderering b\u00e4ttre \u00e4n m\u00e5nga nyare plattformar.<\/p>\n<p>7. Filter f\u00f6r k\u00f6n och land (Premium-funktion)<br \/>\nAveola inkluderar valfri filtrering efter k\u00f6n och region, men den h\u00e4r funktionen kan vara l\u00e5st bakom en freemium-modell (f\u00f6r att minska spam och botmissbruk). Gratisanv\u00e4ndare f\u00e5r slumpm\u00e4ssiga matchningar, medan betalda anv\u00e4ndare kan f\u00f6rfina vem de f\u00e5r kontakt med.<\/p>\n<h2>\u00c4r Aveola gratis?<\/h2>\n<p>Ja, Aveola \u00e4r gratis att anv\u00e4nda, utan registrering kr\u00e4vs f\u00f6r att f\u00e5 tillg\u00e5ng till k\u00e4rnfunktioner som videochatt, textchatt och snabb matchning. Men som de flesta konkurrenter fungerar det enligt en freemium-modell, vilket inneb\u00e4r att vissa funktioner \u00e4r gated bakom betalda alternativ.<\/p>\n<p>Gratis anv\u00e4ndare kan:<\/p>\n<ul>\n<li>Chatta direkt med fr\u00e4mlingar via video eller text<\/li>\n<li>Hoppa \u00f6ver anv\u00e4ndare utan begr\u00e4nsning<\/li>\n<li>Anv\u00e4nd mobil- och skrivbordsversionerna utan att ladda ner n\u00e5got<\/li>\n<\/ul>\n<p>Premiumfunktioner (med f\u00f6rbeh\u00e5ll f\u00f6r \u00e4ndringar) kan inkludera:<\/p>\n<ul>\n<li>Filter f\u00f6r k\u00f6n<\/li>\n<li>Filter f\u00f6r land<\/li>\n<li>Annonsfri upplevelse<\/li>\n<li>Prioriterad matchning<\/li>\n<\/ul>\n<p>Premium-\u00e5tkomst \u00e4r tillg\u00e4nglig via ink\u00f6pssystem i webbl\u00e4saren och \u00e4r helt valfri.<\/p>\n<h2>Vem anv\u00e4nder Aveola?<\/h2>\n<p>Aveola v\u00e4nder sig till en global, mobilkunnig publik. Baserat p\u00e5 anv\u00e4ndningstrender:<\/p>\n<ul>\n<li>\u00c5ldersintervall: Fr\u00e4mst 18-30 \u00e5r<\/li>\n<li>K\u00f6nsf\u00f6rdelning: Majoritet m\u00e4n, men kvinnor \u00e4r aktiva och mycket eftertraktade<\/li>\n<li>Popul\u00e4ra regioner: USA, Indien, Brasilien, Filippinerna, Storbritannien, Tyskland<\/li>\n<li>Anv\u00e4ndarens avsikt: Avslappnad konversation, flirt, kulturellt utbyte, avkoppling<\/li>\n<\/ul>\n<p>Till skillnad fr\u00e5n TikTok eller Bigo Live \u00e4r Aveola inte utformad f\u00f6r prestanda eller livestream-inneh\u00e5ll. Ist\u00e4llet \u00e4r det fokuserat p\u00e5 realtid, en-mot-en-interaktion. Dess minimala installation g\u00f6r den s\u00e4rskilt tilltalande f\u00f6r:<\/p>\n<ul>\n<li>Gen Z-anv\u00e4ndare<\/li>\n<li>Resen\u00e4rer eller utlandsstationerade<\/li>\n<li>Studenter<\/li>\n<li>M\u00e4nniskor som vill tr\u00e4ffa andra direkt utan att l\u00e4mna sin soffa<\/li>\n<\/ul>\n<h2>S\u00e4kerhet, integritet och moderering<\/h2>\n<p>S\u00e4kerhet \u00e4r en avg\u00f6rande faktor i slumpm\u00e4ssig videochatt, och Aveola presterar relativt bra i detta avseende.<\/p>\n<h3>Integritet<\/h3>\n<ul>\n<li>Ingen registrering, ingen personlig information<\/li>\n<li>Chattsessioner spelas inte in<\/li>\n<li>Mikrofon och <a href=\"https:\/\/strangercam.com\/sv\/bazoocam\/\">kam<\/a> beh\u00f6righeter \u00e4r sessionsbaserade<\/li>\n<\/ul>\n<h3>Moderering<\/h3>\n<ul>\n<li>Flaggning och rapportering i realtid<\/li>\n<li>Grundl\u00e4ggande AI-bildigenk\u00e4nning f\u00f6r att minska nakenhet och st\u00f6tande inneh\u00e5ll<\/li>\n<li>Verktyg f\u00f6r snabb sp\u00e4rrning och blockering av anv\u00e4ndare<\/li>\n<\/ul>\n<h3>Begr\u00e4nsningar<\/h3>\n<ul>\n<li>Som med alla anonyma cam-plattformar kan du fortfarande st\u00f6ta p\u00e5:\n<ul>\n<li>Ol\u00e4mpligt beteende<\/li>\n<li>Anv\u00e4ndare som s\u00f6ker explicit inneh\u00e5ll<\/li>\n<li>Bots eller scammers under perioder med l\u00e5g trafik<\/li>\n<\/ul>\n<\/li>\n<\/ul>\n<p>F\u00f6r att vara s\u00e4ker:<\/p>\n<ul>\n<li>Dela inte ditt riktiga namn, telefonnummer eller sociala profiler<\/li>\n<li>Anv\u00e4nd rapportfunktionen n\u00e4r det beh\u00f6vs<\/li>\n<li>Avsluta varje session som k\u00e4nns obehaglig<\/li>\n<\/ul>\n<h2>Anv\u00e4ndarupplevelse och design<\/h2>\n<p>Aveolas gr\u00e4nssnitt \u00e4r rent, modernt och mobilanpassat. Det laddar snabbt, h\u00e5ller kontrollerna intuitiva och tar dig in i en chatt med minimala klick.<\/p>\n<p>Viktiga UX-h\u00f6jdpunkter:<\/p>\n<ul>\n<li>Stora, tydliga videof\u00f6nster<\/li>\n<li>Synliga knappar f\u00f6r att hoppa \u00f6ver, st\u00e4nga av ljudet och rapportera<\/li>\n<li>Smidiga \u00f6verg\u00e5ngar mellan chattar<\/li>\n<li>Fungerar i alla moderna webbl\u00e4sare (desktop + mobil)<\/li>\n<\/ul>\n<p>Det finns inga:<\/p>\n<ul>\n<li>Popup-f\u00f6nster eller \u00f6verl\u00e4gg<\/li>\n<li>R\u00f6riga menyer<\/li>\n<li>Tvingade omdirigeringar<\/li>\n<\/ul>\n<p>Hela upplevelsen k\u00e4nns l\u00e4tt och v\u00e4lbyggd - s\u00e4rskilt uppfriskande j\u00e4mf\u00f6rt med de \u00f6verkomplicerade gr\u00e4nssnitten hos vissa konkurrenter.<\/p>\n<h2>Aveola j\u00e4mf\u00f6rt med andra videochattplattformar<\/h2>\n<p>L\u00e5t oss j\u00e4mf\u00f6ra Aveola med n\u00e5gra av dess fr\u00e4msta konkurrenter 2025:<\/p>\n<table>\n<thead>\n<tr>\n<th>Funktion<\/th>\n<th>Aveola<\/th>\n<th>OmeTV<\/th>\n<th>Apa<\/th>\n<th>Hay Fun<\/th>\n<th>Chatspin<\/th>\n<\/tr>\n<\/thead>\n<tbody>\n<tr>\n<td>En-till-en videochatt<\/td>\n<td>Ja<\/td>\n<td>Ja<\/td>\n<td>Ja<\/td>\n<td>Ja<\/td>\n<td>Ja<\/td>\n<\/tr>\n<tr>\n<td>Alternativ f\u00f6r textchatt<\/td>\n<td>Ja<\/td>\n<td>Ja<\/td>\n<td>Begr\u00e4nsad<\/td>\n<td>Ja<\/td>\n<td>Ja<\/td>\n<\/tr>\n<tr>\n<td>Mobil optimering<\/td>\n<td>Utm\u00e4rkt<\/td>\n<td>Bra<\/td>\n<td>Utm\u00e4rkt<\/td>\n<td>Bra<\/td>\n<td>Utm\u00e4rkt<\/td>\n<\/tr>\n<tr>\n<td>Genusfilter<\/td>\n<td>Betalade<\/td>\n<td>Betalade<\/td>\n<td>Begr\u00e4nsad<\/td>\n<td>Nej<\/td>\n<td>Betalade<\/td>\n<\/tr>\n<tr>\n<td>Registrering kr\u00e4vs<\/td>\n<td>Nej<\/td>\n<td>Nej<\/td>\n<td>Ja<\/td>\n<td>Valfritt<\/td>\n<td>Valfritt<\/td>\n<\/tr>\n<tr>\n<td>Gruppfunktioner<\/td>\n<td>Nej<\/td>\n<td>Nej<\/td>\n<td>Ja<\/td>\n<td>Nej<\/td>\n<td>Nej<\/td>\n<\/tr>\n<tr>\n<td>Modereringskvalitet<\/td>\n<td>M\u00e5ttlig<\/td>\n<td>M\u00e5ttlig<\/td>\n<td>M\u00e5ttlig<\/td>\n<td>Svag<\/td>\n<td>Bra<\/td>\n<\/tr>\n<\/tbody>\n<\/table>\n<p>Sammanfattning: Aveola passar snyggt in i utrymmet mellan Chatspins polering och Monkeys Gen Z-vibbar. Det f\u00f6rs\u00f6ker inte l\u00e4gga till gruppfunktioner eller komplexa sociala lager - det fokuserar p\u00e5 hastighet, anonymitet och anv\u00e4ndarv\u00e4nlighet.<\/p>\n<h2>F\u00f6r- och nackdelar<\/h2>\n<p>F\u00f6rdelar:<\/p>\n<ul>\n<li>Snabb, gratis och anonym videochatt<\/li>\n<li>Fungerar direkt utan registrering<\/li>\n<li>Rent gr\u00e4nssnitt och snabb laddning<\/li>\n<li>Utm\u00e4rkt p\u00e5 mobila webbl\u00e4sare<\/li>\n<li>St\u00f6d f\u00f6r textchatt och video<\/li>\n<li>Aktiv internationell anv\u00e4ndarbas<\/li>\n<\/ul>\n<p>Nackdelar:<\/p>\n<ul>\n<li>Inget l\u00e5ngsiktigt v\u00e4nsystem eller kontohistorik<\/li>\n<li>Grundl\u00e4ggande moderering - fortfarande m\u00f6jligt att st\u00f6ta p\u00e5 inneh\u00e5ll f\u00f6r vuxna<\/li>\n<li>Filter f\u00f6r k\u00f6n\/land kan kr\u00e4va betalning<\/li>\n<li>Inte idealisk f\u00f6r anv\u00e4ndare som s\u00f6ker djupa konversationer eller gemenskap<\/li>\n<\/ul>\n<h2>Idealiska anv\u00e4ndningsfall<\/h2>\n<p>Aveola \u00e4r perfekt f\u00f6r:<\/p>\n<ul>\n<li>Anv\u00e4ndare som saknar Omegle men vill ha n\u00e5got mobilv\u00e4nligt<\/li>\n<li>Personer som vill flirta, chatta eller umg\u00e5s med fr\u00e4mlingar p\u00e5 ett avslappnat s\u00e4tt<\/li>\n<li>Resen\u00e4rer eller spr\u00e5kstuderande som \u00e4r intresserade av globala samtal<\/li>\n<li>Alla som \u00e4r uttr\u00e5kade och letar efter levande interaktioner ansikte mot ansikte<\/li>\n<\/ul>\n<p>Den \u00e4r inte idealisk f\u00f6r:<\/p>\n<ul>\n<li>Anv\u00e4ndare under 18 \u00e5r (endast vuxna)<\/li>\n<li>Personer som letar efter matchmaking f\u00f6r relationer eller dejtingprofiler<\/li>\n<li>De som vill ha filter och kontroll gratis<\/li>\n<li>Anv\u00e4ndare som \u00e4r obekv\u00e4ma med enstaka NSFW-beteenden<\/li>\n<\/ul>\n<p>Aveola \u00e4r en av de b\u00e4sta nya l\u00e4ttviktiga, mobil-f\u00f6rsta slumpm\u00e4ssiga videochattplattformarna p\u00e5 marknaden 2025. Den kombinerar enkelheten hos Omegle med den smidigare anv\u00e4ndarupplevelsen hos OmeTV, samtidigt som den bibeh\u00e5ller den anonymitet och hastighet som anv\u00e4ndarna f\u00f6rv\u00e4ntar sig av en cam-to-cam-plattform.<\/p>\n<p>Det \u00e4r inte perfekt - moderering har fortfarande utrymme att v\u00e4xa, och k\u00f6nsfilter \u00e4r en betald f\u00f6rm\u00e5n - men f\u00f6r anv\u00e4ndare som letar efter spontana, globala chattar i realtid med fr\u00e4mlingar levererar Aveola en snabb och frustrationsfri upplevelse.<\/p>\n<p>Om du s\u00f6ker en modern, ren och p\u00e5litlig chattupplevelse i Omegle-stil som fungerar bra p\u00e5 olika enheter \u00e4r Aveola definitivt v\u00e4rt ett f\u00f6rs\u00f6k.<\/p>","protected":false},"excerpt":{"rendered":"<p>The random video chat space is more competitive than ever. With platforms like OmeTV, Monkey, and Hay Fun setting the pace, newer contenders are stepping up with sleek interfaces and better mobile integration. One of those is Aveola \u2014 a rising video chat platform designed for fast, anonymous one-on-one interactions with strangers across the world. [&hellip;]<\/p>\n","protected":false},"author":6,"featured_media":0,"parent":0,"menu_order":0,"comment_status":"closed","ping_status":"closed","template":"","meta":{"footnotes":""},"class_list":["post-12883","page","type-page","status-publish","hentry"],"yoast_head":"<!-- This site is optimized with the Yoast SEO plugin v27.4 - https:\/\/yoast.com\/product\/yoast-seo-wordpress\/ -->\n<title>Aveola - Live Video Chat on StrangerCam.com<\/title>\n<meta name=\"description\" content=\"Like Aveola? Come chat with more than 5.000.000 strangers on Stranger Cam for Free! Turn on your cam and find new friends &amp; maby a match!\" \/>\n<meta name=\"robots\" content=\"index, follow, max-snippet:-1, max-image-preview:large, max-video-preview:-1\" \/>\n<link rel=\"canonical\" href=\"https:\/\/strangercam.com\/sv\/aveola\/\" \/>\n<meta property=\"og:locale\" content=\"sv_SE\" \/>\n<meta property=\"og:type\" content=\"article\" \/>\n<meta property=\"og:title\" content=\"Aveola - Live Video Chat on StrangerCam.com\" \/>\n<meta property=\"og:description\" content=\"Like Aveola? Come chat with more than 5.000.000 strangers on Stranger Cam for Free! Turn on your cam and find new friends &amp; maby a match!\" \/>\n<meta property=\"og:url\" content=\"https:\/\/strangercam.com\/sv\/aveola\/\" \/>\n<meta property=\"og:site_name\" content=\"Strangercam\" \/>\n<meta property=\"article:publisher\" content=\"https:\/\/www.facebook.com\/strangercam\" \/>\n<meta property=\"og:image\" content=\"https:\/\/strangercam.com\/wp-content\/uploads\/2021\/10\/Untitled-2.png\" \/>\n\t<meta property=\"og:image:width\" content=\"800\" \/>\n\t<meta property=\"og:image:height\" content=\"532\" \/>\n\t<meta property=\"og:image:type\" content=\"image\/png\" \/>\n<meta name=\"twitter:card\" content=\"summary_large_image\" \/>\n<meta name=\"twitter:site\" content=\"@strangercamapp\" \/>\n<meta name=\"twitter:label1\" content=\"Ber\u00e4knad l\u00e4stid\" \/>\n\t<meta name=\"twitter:data1\" content=\"6 minuter\" \/>\n<script type=\"application\/ld+json\" class=\"yoast-schema-graph\">{\"@context\":\"https:\\\/\\\/schema.org\",\"@graph\":[{\"@type\":\"WebPage\",\"@id\":\"https:\\\/\\\/strangercam.com\\\/aveola\\\/\",\"url\":\"https:\\\/\\\/strangercam.com\\\/aveola\\\/\",\"name\":\"Aveola - Live Video Chat on StrangerCam.com\",\"isPartOf\":{\"@id\":\"https:\\\/\\\/strangercam.com\\\/#website\"},\"datePublished\":\"2025-06-16T12:46:37+00:00\",\"description\":\"Like Aveola? Come chat with more than 5.000.000 strangers on Stranger Cam for Free! Turn on your cam and find new friends & maby a match!\",\"breadcrumb\":{\"@id\":\"https:\\\/\\\/strangercam.com\\\/aveola\\\/#breadcrumb\"},\"inLanguage\":\"sv-SE\",\"potentialAction\":[{\"@type\":\"ReadAction\",\"target\":[\"https:\\\/\\\/strangercam.com\\\/aveola\\\/\"]}]},{\"@type\":\"BreadcrumbList\",\"@id\":\"https:\\\/\\\/strangercam.com\\\/aveola\\\/#breadcrumb\",\"itemListElement\":[{\"@type\":\"ListItem\",\"position\":1,\"name\":\"Home\",\"item\":\"https:\\\/\\\/strangercam.com\\\/\"},{\"@type\":\"ListItem\",\"position\":2,\"name\":\"Aveola\"}]},{\"@type\":\"WebSite\",\"@id\":\"https:\\\/\\\/strangercam.com\\\/#website\",\"url\":\"https:\\\/\\\/strangercam.com\\\/\",\"name\":\"Strangercam\",\"description\":\"Random Video Chat with Strangers\",\"publisher\":{\"@id\":\"https:\\\/\\\/strangercam.com\\\/#organization\"},\"alternateName\":\"Strangercam.com\",\"potentialAction\":[{\"@type\":\"SearchAction\",\"target\":{\"@type\":\"EntryPoint\",\"urlTemplate\":\"https:\\\/\\\/strangercam.com\\\/?s={search_term_string}\"},\"query-input\":{\"@type\":\"PropertyValueSpecification\",\"valueRequired\":true,\"valueName\":\"search_term_string\"}}],\"inLanguage\":\"sv-SE\"},{\"@type\":\"Organization\",\"@id\":\"https:\\\/\\\/strangercam.com\\\/#organization\",\"name\":\"Strangercam\",\"alternateName\":\"Strangercam.com\",\"url\":\"https:\\\/\\\/strangercam.com\\\/\",\"logo\":{\"@type\":\"ImageObject\",\"inLanguage\":\"sv-SE\",\"@id\":\"https:\\\/\\\/strangercam.com\\\/#\\\/schema\\\/logo\\\/image\\\/\",\"url\":\"https:\\\/\\\/strangercam.com\\\/wp-content\\\/uploads\\\/2020\\\/11\\\/cropped-new-favicon-black.png\",\"contentUrl\":\"https:\\\/\\\/strangercam.com\\\/wp-content\\\/uploads\\\/2020\\\/11\\\/cropped-new-favicon-black.png\",\"width\":512,\"height\":512,\"caption\":\"Strangercam\"},\"image\":{\"@id\":\"https:\\\/\\\/strangercam.com\\\/#\\\/schema\\\/logo\\\/image\\\/\"},\"sameAs\":[\"https:\\\/\\\/www.facebook.com\\\/strangercam\",\"https:\\\/\\\/x.com\\\/strangercamapp\"]}]}<\/script>\n<!-- \/ Yoast SEO plugin. -->","yoast_head_json":{"title":"Aveola - Live videochatt p\u00e5 StrangerCam.com","description":"Gillar du Aveola? Kom och chatta med mer \u00e4n 5.000.000 fr\u00e4mlingar p\u00e5 Stranger Cam helt gratis! Sl\u00e5 p\u00e5 din kamera och hitta nya v\u00e4nner och kanske en match!","robots":{"index":"index","follow":"follow","max-snippet":"max-snippet:-1","max-image-preview":"max-image-preview:large","max-video-preview":"max-video-preview:-1"},"canonical":"https:\/\/strangercam.com\/sv\/aveola\/","og_locale":"sv_SE","og_type":"article","og_title":"Aveola - Live Video Chat on StrangerCam.com","og_description":"Like Aveola? Come chat with more than 5.000.000 strangers on Stranger Cam for Free! Turn on your cam and find new friends & maby a match!","og_url":"https:\/\/strangercam.com\/sv\/aveola\/","og_site_name":"Strangercam","article_publisher":"https:\/\/www.facebook.com\/strangercam","og_image":[{"width":800,"height":532,"url":"https:\/\/strangercam.com\/wp-content\/uploads\/2021\/10\/Untitled-2.png","type":"image\/png"}],"twitter_card":"summary_large_image","twitter_site":"@strangercamapp","twitter_misc":{"Ber\u00e4knad l\u00e4stid":"6 minuter"},"schema":{"@context":"https:\/\/schema.org","@graph":[{"@type":"WebPage","@id":"https:\/\/strangercam.com\/aveola\/","url":"https:\/\/strangercam.com\/aveola\/","name":"Aveola - Live videochatt p\u00e5 StrangerCam.com","isPartOf":{"@id":"https:\/\/strangercam.com\/#website"},"datePublished":"2025-06-16T12:46:37+00:00","description":"Gillar du Aveola? Kom och chatta med mer \u00e4n 5.000.000 fr\u00e4mlingar p\u00e5 Stranger Cam helt gratis! Sl\u00e5 p\u00e5 din kamera och hitta nya v\u00e4nner och kanske en match!","breadcrumb":{"@id":"https:\/\/strangercam.com\/aveola\/#breadcrumb"},"inLanguage":"sv-SE","potentialAction":[{"@type":"ReadAction","target":["https:\/\/strangercam.com\/aveola\/"]}]},{"@type":"BreadcrumbList","@id":"https:\/\/strangercam.com\/aveola\/#breadcrumb","itemListElement":[{"@type":"ListItem","position":1,"name":"Home","item":"https:\/\/strangercam.com\/"},{"@type":"ListItem","position":2,"name":"Aveola"}]},{"@type":"WebSite","@id":"https:\/\/strangercam.com\/#website","url":"https:\/\/strangercam.com\/","name":"Strangercam","description":"Slumpm\u00e4ssig videochatt med fr\u00e4mlingar","publisher":{"@id":"https:\/\/strangercam.com\/#organization"},"alternateName":"Strangercam.com","potentialAction":[{"@type":"SearchAction","target":{"@type":"EntryPoint","urlTemplate":"https:\/\/strangercam.com\/?s={search_term_string}"},"query-input":{"@type":"PropertyValueSpecification","valueRequired":true,"valueName":"search_term_string"}}],"inLanguage":"sv-SE"},{"@type":"Organization","@id":"https:\/\/strangercam.com\/#organization","name":"Strangercam","alternateName":"Strangercam.com","url":"https:\/\/strangercam.com\/","logo":{"@type":"ImageObject","inLanguage":"sv-SE","@id":"https:\/\/strangercam.com\/#\/schema\/logo\/image\/","url":"https:\/\/strangercam.com\/wp-content\/uploads\/2020\/11\/cropped-new-favicon-black.png","contentUrl":"https:\/\/strangercam.com\/wp-content\/uploads\/2020\/11\/cropped-new-favicon-black.png","width":512,"height":512,"caption":"Strangercam"},"image":{"@id":"https:\/\/strangercam.com\/#\/schema\/logo\/image\/"},"sameAs":["https:\/\/www.facebook.com\/strangercam","https:\/\/x.com\/strangercamapp"]}]}},"_links":{"self":[{"href":"https:\/\/strangercam.com\/sv\/wp-json\/wp\/v2\/pages\/12883","targetHints":{"allow":["GET"]}}],"collection":[{"href":"https:\/\/strangercam.com\/sv\/wp-json\/wp\/v2\/pages"}],"about":[{"href":"https:\/\/strangercam.com\/sv\/wp-json\/wp\/v2\/types\/page"}],"author":[{"embeddable":true,"href":"https:\/\/strangercam.com\/sv\/wp-json\/wp\/v2\/users\/6"}],"replies":[{"embeddable":true,"href":"https:\/\/strangercam.com\/sv\/wp-json\/wp\/v2\/comments?post=12883"}],"version-history":[{"count":3,"href":"https:\/\/strangercam.com\/sv\/wp-json\/wp\/v2\/pages\/12883\/revisions"}],"predecessor-version":[{"id":12886,"href":"https:\/\/strangercam.com\/sv\/wp-json\/wp\/v2\/pages\/12883\/revisions\/12886"}],"wp:attachment":[{"href":"https:\/\/strangercam.com\/sv\/wp-json\/wp\/v2\/media?parent=12883"}],"curies":[{"name":"wp","href":"https:\/\/api.w.org\/{rel}","templated":true}]}}