{"id":12846,"date":"2025-05-14T09:44:05","date_gmt":"2025-05-14T07:44:05","guid":{"rendered":"https:\/\/strangercam.com\/?page_id=12846"},"modified":"2025-05-14T09:44:05","modified_gmt":"2025-05-14T07:44:05","slug":"motesskip","status":"publish","type":"page","link":"https:\/\/strangercam.com\/sv\/meetskip\/","title":{"rendered":"M\u00f6taSkippa"},"content":{"rendered":"<p>Eftersom fler m\u00e4nniskor letar efter spontana, ansikte mot ansikte-interaktioner online, forts\u00e4tter slumpm\u00e4ssiga videochattplattformar att trivas - s\u00e4rskilt i tiden efter Omegle. Ett av de nyare namnen som g\u00f6r rundorna \u00e4r MeetSkip, en webbl\u00e4sarbaserad slumpm\u00e4ssig <a href=\"https:\/\/strangercam.com\/sv\/bazoocam\/\">kam<\/a> chattplats som erbjuder snabba anslutningar, minimal installation och en upplevelse som p\u00e5minner om de tidiga <a href=\"https:\/\/strangercam.com\/sv\/omegle\/\">Omegle<\/a> dagar.<\/p>\n<p>Men med dussintals liknande webbplatser som t\u00e4vlar om trafik, hur j\u00e4mf\u00f6r MeetSkip? \u00c4r det bara en annan klon, eller erbjuder den n\u00e5got som \u00e4r v\u00e4rt din tid?<\/p>\n<p>I den h\u00e4r recensionen tar vi en detaljerad titt p\u00e5 MeetSkip - vad det \u00e4r, vad det erbjuder, vem det \u00e4r f\u00f6r och hur det st\u00e5r sig mot konkurrenterna.<\/p>\n<h2>Vad \u00e4r MeetSkip?<\/h2>\n<p>MeetSkip \u00e4r en gratis, anonym slumpm\u00e4ssig videochattwebbplats som ansluter anv\u00e4ndare en-mot-en via webbkamera och mikrofon. Det kr\u00e4vs ingen registrering, ingen nedladdning och ingen personlig information. Klicka bara p\u00e5 \"Start\" s\u00e5 \u00e4r du direkt ansikte mot ansikte med n\u00e5gon ny.<\/p>\n<p>Konceptet \u00e4r enkelt - som Omegle, <a href=\"https:\/\/strangercam.com\/sv\/chatroulette\/\">Chatroulette<\/a>, eller Chatrandom, betonar det slumpm\u00e4ssiga m\u00f6ten i realtid, vilket ger anv\u00e4ndarna m\u00f6jlighet att hoppa \u00f6ver eller stanna kvar baserat p\u00e5 hur de k\u00e4nner f\u00f6r den aktuella matchen.<\/p>\n<p>Den \u00e4r utformad f\u00f6r anv\u00e4ndare som vill ha snabba, spontana konversationer utan behov av konton, appar eller sociala medier.<\/p>\n<h2>Vad \u00e4r syftet med MeetSkip?<\/h2>\n<p>M\u00e5let med MeetSkip \u00e4r att \u00e5terskapa den rena, slumpm\u00e4ssiga och anonyma videochattupplevelsen som gjorde Omegle popul\u00e4r fr\u00e5n f\u00f6rsta b\u00f6rjan - men med ett n\u00e5got smidigare gr\u00e4nssnitt och b\u00e4ttre st\u00f6d f\u00f6r moderna enheter.<\/p>\n<p>Den \u00e4r byggd f\u00f6r:<\/p>\n<ul>\n<li>M\u00e4nniskor som tycker om spontana webbkamerakonversationer<\/li>\n<li>Anv\u00e4ndare som inte vill registrera sig eller skapa profiler<\/li>\n<li>Avslappnade skvallerbyttor, flirtar, resen\u00e4rer och spr\u00e5kinl\u00e4rare<\/li>\n<li>Alla som \u00e4r tr\u00f6tta p\u00e5 dejtingappar och letar efter levande interaktion<\/li>\n<\/ul>\n<p>Det finns inga biografier, gillamarkeringar eller meddelandefunktioner. Du <a href=\"https:\/\/strangercam.com\/sv\/coomeet\/\">tr\u00e4ffas<\/a> n\u00e5gon, prata, och sedan antingen g\u00e5 vidare eller forts\u00e4tta prata. S\u00e5 \u00e4r det bara.<\/p>\n<h2>Viktiga funktioner<\/h2>\n<p>1. Videochatt en-mot-en<br \/>\nMeetSkips k\u00e4rnfunktion \u00e4r snabb, anonym webbkamerachatt. N\u00e4r din kamera och mikrofon \u00e4r till\u00e5tna paras du automatiskt ihop med en annan anv\u00e4ndare. Om konversationen inte g\u00e5r bra, tryck p\u00e5 \"N\u00e4sta\" och du kommer omedelbart att kopplas ihop med n\u00e5gon ny.<\/p>\n<p>2. Alternativ f\u00f6r textchatt<br \/>\nF\u00f6r anv\u00e4ndare som inte vill anv\u00e4nda en webbkamera eller befinner sig i en milj\u00f6 med l\u00e5g bandbredd erbjuder MeetSkip ocks\u00e5 ett chattl\u00e4ge med enbart text. Detta kan enkelt v\u00e4xlas till och fungerar bra f\u00f6r mer avslappnade konversationer eller om du bara testar vattnet.<\/p>\n<p>3. Ingen registrering kr\u00e4vs<br \/>\nDu kan komma \u00e5t alla k\u00e4rnfunktioner i MeetSkip utan att skapa ett konto. Det \u00e4r helt anonymt - du beh\u00f6ver inte uppge namn, e-postadress eller socialt handtag. Detta g\u00f6r intr\u00e4desbarri\u00e4ren extremt l\u00e5g.<\/p>\n<p>4. Filter f\u00f6r k\u00f6n och plats (begr\u00e4nsad)<br \/>\nViss filtrering \u00e4r tillg\u00e4nglig, vilket g\u00f6r att du kan f\u00f6rs\u00f6ka matcha med personer baserat p\u00e5 k\u00f6n eller land, men det \u00e4r inte alltid tillf\u00f6rlitligt och kan kr\u00e4va att du ger ytterligare beh\u00f6righeter.<\/p>\n<p>5. Omedelbar hoppning<br \/>\nI enlighet med sitt namn har MeetSkip en snabb \"N\u00e4sta\"-knapp som l\u00e5ter dig hoppa till en ny chattpartner p\u00e5 mindre \u00e4n en sekund. Detta \u00e4r en viktig del av \u00f6verklagandet f\u00f6r anv\u00e4ndare som vill ha hastighet och variation.<\/p>\n<p>6. Fungerar p\u00e5 webbl\u00e4sare f\u00f6r datorer och mobiler<br \/>\nMeetSkip k\u00f6rs helt i din webbl\u00e4sare och \u00e4r mobilanpassat, vilket inneb\u00e4r att du kan anv\u00e4nda det fr\u00e5n din telefon eller surfplatta utan att installera en app. \u00c4ven om det \u00e4r b\u00e4st p\u00e5 skrivbordet f\u00f6r kamerapositionering och layout, \u00e4r mobilupplevelsen smidig och funktionell.<\/p>\n<p>7. Minimalt gr\u00e4nssnitt<br \/>\nAnv\u00e4ndargr\u00e4nssnittet \u00e4r avskalat och enkelt - stort videofl\u00f6de, enkel chattruta, mute-knapp, skip-knapp och rapportalternativ. Det finns inga flashiga funktioner eller sociala gimmicks.<\/p>\n<h2>\u00c4r MeetSkip gratis?<\/h2>\n<p>Ja, MeetSkip \u00e4r 100% gratis att anv\u00e4nda. Det finns inga:<\/p>\n<ul>\n<li>Betalv\u00e4ggar<\/li>\n<li>Krediter eller mynt<\/li>\n<li>VIP-medlemskap<\/li>\n<li>Ladda ner anvisningar<\/li>\n<\/ul>\n<p>\u00c4ven om MeetSkip kan visa annonser f\u00f6r att st\u00f6dja tj\u00e4nsten \u00e4r de f\u00f6r n\u00e4rvarande inte p\u00e5tr\u00e4ngande och alla chattfunktioner f\u00f6rblir tillg\u00e4ngliga f\u00f6r alla.<\/p>\n<h2>Vem anv\u00e4nder MeetSkip?<\/h2>\n<p>MeetSkip har en v\u00e4xande anv\u00e4ndarbas i flera regioner, i synnerhet:<\/p>\n<ul>\n<li>F\u00f6renta staterna<\/li>\n<li>Indien<\/li>\n<li>Tyskland<\/li>\n<li>Brasilien<\/li>\n<li>STORBRITANNIEN<\/li>\n<li>Kanada<\/li>\n<\/ul>\n<p>De flesta anv\u00e4ndare \u00e4r mellan 18 och 35 \u00e5r och - som med de flesta slumpm\u00e4ssiga videochattplattformar - \u00e4r anv\u00e4ndarbasen mansdominerad. Kvinnliga anv\u00e4ndare finns, men f\u00e5r vanligtvis ett mycket h\u00f6gre antal chattf\u00f6rfr\u00e5gningar.<\/p>\n<p>Anv\u00e4ndare letar i allm\u00e4nhet efter:<\/p>\n<ul>\n<li>Avslappnade chattar<\/li>\n<li>Roliga, flirtiga interaktioner<\/li>\n<li>M\u00f6ta fr\u00e4mlingar i realtid<\/li>\n<li>L\u00e4tt socialisering snarare \u00e4n strukturerad dejting<\/li>\n<\/ul>\n<p>MeetSkip \u00e4r inte avsett f\u00f6r l\u00e5ngvarig kommunikation. Det finns inget s\u00e4tt att favoritmarkera anv\u00e4ndare eller l\u00e4gga till v\u00e4nner - det \u00e4r helt uppbyggt kring id\u00e9n om slumpm\u00e4ssighet och f\u00f6rg\u00e4nglighet.<\/p>\n<h2>S\u00e4kerhet, integritet och moderering<\/h2>\n<p>Eftersom MeetSkip \u00e4r anonymt \u00e4r integriteten i sig stark, men detta medf\u00f6r ocks\u00e5 s\u00e4kerhetsutmaningar.<\/p>\n<h3>Vad MeetSkip g\u00f6r bra:<\/h3>\n<ul>\n<li>Inga konton: Du beh\u00f6ver inte ange personlig information f\u00f6r att anv\u00e4nda den.<\/li>\n<li>Endast chatt en mot en: Det finns inga offentliga rum eller profiler.<\/li>\n<li>Inga lagrade chattar: Konversationer sparas eller granskas inte (\u00e4ven om beteendet kan \u00f6vervakas i realtid).<\/li>\n<li>Rapportera-knappen: Anv\u00e4ndare kan flagga ol\u00e4mpligt inneh\u00e5ll.<\/li>\n<\/ul>\n<h3>Begr\u00e4nsningar:<\/h3>\n<ul>\n<li>Moderering \u00e4r l\u00e4tt: Liksom m\u00e5nga andra anonyma chattplattformar finns det begr\u00e4nsad kontroll av efterlevnaden tills missbruk rapporteras.<\/li>\n<li>Ol\u00e4mpligt inneh\u00e5ll \u00e4r m\u00f6jligt: Vissa anv\u00e4ndare missbrukar plattformen, s\u00e4rskilt sent p\u00e5 kv\u00e4llen.<\/li>\n<li>Inga avancerade AI-modereringsverktyg (\u00e4nnu): Nakenhet och st\u00f6tande gester kan f\u00f6rbli ouppt\u00e4ckta under korta perioder.<\/li>\n<\/ul>\n<p>Som med alla \u00f6ppna videochattplattformar rekommenderas anv\u00e4ndare att:<\/p>\n<ul>\n<li>Undvik att dela med dig av personlig information<\/li>\n<li>Anv\u00e4nd plattformen under rusningstid f\u00f6r att f\u00e5 en b\u00e4ttre upplevelse<\/li>\n<li>Avsluta chattar omedelbart om de k\u00e4nner sig obekv\u00e4ma<\/li>\n<\/ul>\n<h2>Anv\u00e4ndarupplevelse och design<\/h2>\n<p>MeetSkip fokuserar p\u00e5 snabbhet och enkelhet, och det m\u00e4rks. Fr\u00e5n det \u00f6gonblick du laddar webbplatsen \u00e4r du tv\u00e5 klick bort fr\u00e5n en live <a href=\"https:\/\/strangercam.com\/sv\/cam-to-cam-chat\/\">kam chatt<\/a>. Gr\u00e4nssnittet \u00e4r minimalt - en m\u00f6rk bakgrund, videoboxar och ett par knappar. Det \u00e4r allt.<\/p>\n<h3>F\u00f6rdelar med UX:<\/h3>\n<ul>\n<li>Laddar snabbt \u00e4ven p\u00e5 l\u00e5ngsamma anslutningar<\/li>\n<li>Inga distraktioner eller r\u00f6riga saker<\/li>\n<li>Stort videof\u00f6nster f\u00f6r interaktion ansikte mot ansikte<\/li>\n<li>Knapparna N\u00e4sta\/mot\/Rapport \u00e4r tydligt synliga<\/li>\n<li>Fungerar bra i b\u00e5de Chrome och Safari<\/li>\n<\/ul>\n<h3>Utrymme f\u00f6r f\u00f6rb\u00e4ttringar:<\/h3>\n<ul>\n<li>Inga profilalternativ, inte ens valfria s\u00e5dana<\/li>\n<li>Filtren \u00e4r begr\u00e4nsade eller op\u00e5litliga<\/li>\n<li>Inget alternativ f\u00f6r att \u00e5teransluta till tidigare anv\u00e4ndare<\/li>\n<li>Inga inbyggda \u00f6vers\u00e4ttnings- eller spr\u00e5kverktyg<\/li>\n<\/ul>\n<p>Men totalt sett \u00e4r anv\u00e4ndarupplevelsen solid f\u00f6r vad den f\u00f6rs\u00f6ker vara - en snabb, gratis, enkel chattroulettupplevelse.<\/p>\n<h2>MeetSkip j\u00e4mf\u00f6rt med andra chattplattformar<\/h2>\n<p>Hur st\u00e5r sig MeetSkip i j\u00e4mf\u00f6relse med n\u00e5gra av de st\u00f6rsta namnen i branschen?<\/p>\n<table>\n<thead>\n<tr>\n<th>Funktion<\/th>\n<th>M\u00f6taSkippa<\/th>\n<th>Omegle (st\u00e4ngd)<\/th>\n<th>Chatroulette<\/th>\n<th>Chatrandom<\/th>\n<th>Emerald Chat<\/th>\n<\/tr>\n<\/thead>\n<tbody>\n<tr>\n<td>Slumpm\u00e4ssig videochatt<\/td>\n<td>Ja<\/td>\n<td>Ja<\/td>\n<td>Ja<\/td>\n<td>Ja<\/td>\n<td>Ja<\/td>\n<\/tr>\n<tr>\n<td>Alternativ f\u00f6r textchatt<\/td>\n<td>Ja<\/td>\n<td>Ja<\/td>\n<td>Nej<\/td>\n<td>Ja<\/td>\n<td>Ja<\/td>\n<\/tr>\n<tr>\n<td>Filter f\u00f6r k\u00f6n<\/td>\n<td>Grundl\u00e4ggande<\/td>\n<td>Betalda (tidigare)<\/td>\n<td>Nej<\/td>\n<td>Betalade<\/td>\n<td>Ja<\/td>\n<\/tr>\n<tr>\n<td>Kompatibilitet med mobila enheter<\/td>\n<td>Bra<\/td>\n<td>D\u00e5lig<\/td>\n<td>D\u00e5lig<\/td>\n<td>Utm\u00e4rkt<\/td>\n<td>Bra<\/td>\n<\/tr>\n<tr>\n<td>Konto kr\u00e4vs<\/td>\n<td>Nej<\/td>\n<td>Nej<\/td>\n<td>Nej<\/td>\n<td>Valfritt<\/td>\n<td>Ja<\/td>\n<\/tr>\n<tr>\n<td>Privat meddelandehantering<\/td>\n<td>Nej<\/td>\n<td>Nej<\/td>\n<td>Nej<\/td>\n<td>Ja<\/td>\n<td>Ja<\/td>\n<\/tr>\n<tr>\n<td>Modereringskvalitet<\/td>\n<td>Ljus<\/td>\n<td>Minimal<\/td>\n<td>Svag<\/td>\n<td>M\u00e5ttlig<\/td>\n<td>Stark<\/td>\n<\/tr>\n<\/tbody>\n<\/table>\n<p>Sammanfattning: MeetSkip uppfinner inte hjulet p\u00e5 nytt, men det \u00e4r ett av de renare och b\u00e4ttre optimerade alternativen som finns tillg\u00e4ngliga just nu - s\u00e4rskilt om du letar efter en plattform i Omegle-stil med ett mer stabilt anv\u00e4ndargr\u00e4nssnitt.<\/p>\n<h2>F\u00f6r- och nackdelar<\/h2>\n<p>F\u00f6rdelar:<\/p>\n<ul>\n<li>Helt gratis och ingen registrering kr\u00e4vs<\/li>\n<li>Direkt videochatt med fr\u00e4mlingar<\/li>\n<li>Fungerar bra p\u00e5 b\u00e5de dator och mobil<\/li>\n<li>Text- och videochattl\u00e4gen tillg\u00e4ngliga<\/li>\n<li>L\u00e4tt, snabb och enkel att anv\u00e4nda<\/li>\n<li>Anonymiteten bevaras genomg\u00e5ende<\/li>\n<\/ul>\n<p>Nackdelar:<\/p>\n<ul>\n<li>Grundl\u00e4ggande eller op\u00e5litliga filtreringsalternativ<\/li>\n<li>Visst ol\u00e4mpligt inneh\u00e5ll kan f\u00f6rekomma<\/li>\n<li>Inga sociala eller matchande funktioner<\/li>\n<li>Ingen anv\u00e4ndarhistorik eller m\u00f6jlighet att \u00e5teransluta<\/li>\n<li>Anv\u00e4ndarbasen best\u00e5r till stor del av m\u00e4n<\/li>\n<\/ul>\n<h2>Idealiska anv\u00e4ndningsfall<\/h2>\n<p>MeetSkip \u00e4r bra f\u00f6r:<\/p>\n<ul>\n<li>M\u00e4nniskor som vill chatta slumpm\u00e4ssigt med fr\u00e4mlingar, som den ursprungliga Omegle<\/li>\n<li>Anv\u00e4ndare som s\u00f6ker en snabb social distraktion eller ett roligt s\u00e4tt att f\u00f6rdriva tiden<\/li>\n<li>Alla som inte vill registrera sig eller ladda ner en app<\/li>\n<li>Internationella anv\u00e4ndare som vill tr\u00e4ffa m\u00e4nniskor fr\u00e5n andra l\u00e4nder<\/li>\n<\/ul>\n<p>Den \u00e4r inte idealisk f\u00f6r:<\/p>\n<ul>\n<li>Anv\u00e4ndare som s\u00f6ker en kurerad dejting- eller matchningsupplevelse<\/li>\n<li>Personer som f\u00f6redrar gruppchattrum eller tematiska diskussions\u00e4mnen<\/li>\n<li>Yngre anv\u00e4ndare som kanske inte k\u00e4nner sig bekv\u00e4ma med att navigera i inneh\u00e5ll f\u00f6r vuxna<\/li>\n<li>Anv\u00e4ndare som vill ha p\u00e5g\u00e5ende konversationer eller funktioner f\u00f6r att l\u00e4gga till v\u00e4nner<\/li>\n<\/ul>\n<h2>Slutligt omd\u00f6me<\/h2>\n<p>MeetSkip \u00e4r en av de b\u00e4ttre slumpm\u00e4ssiga videochattplattformarna i Omegle-stil som finns tillg\u00e4ngliga. \u00c4ven om den inte erbjuder avancerade funktioner eller banbrytande moderering, lyckas den med vad den f\u00f6res\u00e4tter sig att g\u00f6ra: tillhandah\u00e5lla gratis, anonym och omedelbar chatt ansikte mot ansikte med fr\u00e4mlingar \u00f6ver hela v\u00e4rlden.<\/p>\n<p>Om du letar efter en l\u00e4tt, obunden chattwebbplats med minimalt kr\u00e5ngel och snabb matchning, \u00e4r MeetSkip absolut v\u00e4rt att kolla in. Det \u00e4r inte det flashigaste, men det \u00e4r p\u00e5litligt - och ibland \u00e4r det precis vad slumpm\u00e4ssiga chattentusiaster letar efter.<\/p>","protected":false},"excerpt":{"rendered":"<p>As more people look for spontaneous, face-to-face interactions online, random video chat platforms continue to thrive \u2014 especially in the post-Omegle era. One of the newer names making the rounds is MeetSkip, a browser-based random cam chat site offering quick connections, minimal setup, and an experience reminiscent of the early Omegle days. But with dozens [&hellip;]<\/p>\n","protected":false},"author":6,"featured_media":0,"parent":0,"menu_order":0,"comment_status":"closed","ping_status":"closed","template":"","meta":{"footnotes":""},"class_list":["post-12846","page","type-page","status-publish","hentry"],"yoast_head":"<!-- This site is optimized with the Yoast SEO plugin v27.4 - https:\/\/yoast.com\/product\/yoast-seo-wordpress\/ -->\n<title>MeetSkip - Free Online Chat Rooms on StrangerCam.com<\/title>\n<meta name=\"description\" content=\"Like MeetSkip? Come chat with more than 5.000.000 strangers on Stranger Cam for Free! Turn on your cam and find new friends &amp; maby a match!\" \/>\n<meta name=\"robots\" content=\"index, follow, max-snippet:-1, max-image-preview:large, max-video-preview:-1\" \/>\n<link rel=\"canonical\" href=\"https:\/\/strangercam.com\/sv\/motesskip\/\" \/>\n<meta property=\"og:locale\" content=\"sv_SE\" \/>\n<meta property=\"og:type\" content=\"article\" \/>\n<meta property=\"og:title\" content=\"MeetSkip - Free Online Chat Rooms on StrangerCam.com\" \/>\n<meta property=\"og:description\" content=\"Like MeetSkip? Come chat with more than 5.000.000 strangers on Stranger Cam for Free! Turn on your cam and find new friends &amp; maby a match!\" \/>\n<meta property=\"og:url\" content=\"https:\/\/strangercam.com\/sv\/motesskip\/\" \/>\n<meta property=\"og:site_name\" content=\"Strangercam\" \/>\n<meta property=\"article:publisher\" content=\"https:\/\/www.facebook.com\/strangercam\" \/>\n<meta property=\"og:image\" content=\"https:\/\/strangercam.com\/wp-content\/uploads\/2021\/10\/Untitled-2.png\" \/>\n\t<meta property=\"og:image:width\" content=\"800\" \/>\n\t<meta property=\"og:image:height\" content=\"532\" \/>\n\t<meta property=\"og:image:type\" content=\"image\/png\" \/>\n<meta name=\"twitter:card\" content=\"summary_large_image\" \/>\n<meta name=\"twitter:site\" content=\"@strangercamapp\" \/>\n<meta name=\"twitter:label1\" content=\"Ber\u00e4knad l\u00e4stid\" \/>\n\t<meta name=\"twitter:data1\" content=\"6 minuter\" \/>\n<script type=\"application\/ld+json\" class=\"yoast-schema-graph\">{\"@context\":\"https:\\\/\\\/schema.org\",\"@graph\":[{\"@type\":\"WebPage\",\"@id\":\"https:\\\/\\\/strangercam.com\\\/meetskip\\\/\",\"url\":\"https:\\\/\\\/strangercam.com\\\/meetskip\\\/\",\"name\":\"MeetSkip - Free Online Chat Rooms on StrangerCam.com\",\"isPartOf\":{\"@id\":\"https:\\\/\\\/strangercam.com\\\/#website\"},\"datePublished\":\"2025-05-14T07:44:05+00:00\",\"description\":\"Like MeetSkip? Come chat with more than 5.000.000 strangers on Stranger Cam for Free! Turn on your cam and find new friends & maby a match!\",\"breadcrumb\":{\"@id\":\"https:\\\/\\\/strangercam.com\\\/meetskip\\\/#breadcrumb\"},\"inLanguage\":\"sv-SE\",\"potentialAction\":[{\"@type\":\"ReadAction\",\"target\":[\"https:\\\/\\\/strangercam.com\\\/meetskip\\\/\"]}]},{\"@type\":\"BreadcrumbList\",\"@id\":\"https:\\\/\\\/strangercam.com\\\/meetskip\\\/#breadcrumb\",\"itemListElement\":[{\"@type\":\"ListItem\",\"position\":1,\"name\":\"Home\",\"item\":\"https:\\\/\\\/strangercam.com\\\/\"},{\"@type\":\"ListItem\",\"position\":2,\"name\":\"MeetSkip\"}]},{\"@type\":\"WebSite\",\"@id\":\"https:\\\/\\\/strangercam.com\\\/#website\",\"url\":\"https:\\\/\\\/strangercam.com\\\/\",\"name\":\"Strangercam\",\"description\":\"Random Video Chat with Strangers\",\"publisher\":{\"@id\":\"https:\\\/\\\/strangercam.com\\\/#organization\"},\"alternateName\":\"Strangercam.com\",\"potentialAction\":[{\"@type\":\"SearchAction\",\"target\":{\"@type\":\"EntryPoint\",\"urlTemplate\":\"https:\\\/\\\/strangercam.com\\\/?s={search_term_string}\"},\"query-input\":{\"@type\":\"PropertyValueSpecification\",\"valueRequired\":true,\"valueName\":\"search_term_string\"}}],\"inLanguage\":\"sv-SE\"},{\"@type\":\"Organization\",\"@id\":\"https:\\\/\\\/strangercam.com\\\/#organization\",\"name\":\"Strangercam\",\"alternateName\":\"Strangercam.com\",\"url\":\"https:\\\/\\\/strangercam.com\\\/\",\"logo\":{\"@type\":\"ImageObject\",\"inLanguage\":\"sv-SE\",\"@id\":\"https:\\\/\\\/strangercam.com\\\/#\\\/schema\\\/logo\\\/image\\\/\",\"url\":\"https:\\\/\\\/strangercam.com\\\/wp-content\\\/uploads\\\/2020\\\/11\\\/cropped-new-favicon-black.png\",\"contentUrl\":\"https:\\\/\\\/strangercam.com\\\/wp-content\\\/uploads\\\/2020\\\/11\\\/cropped-new-favicon-black.png\",\"width\":512,\"height\":512,\"caption\":\"Strangercam\"},\"image\":{\"@id\":\"https:\\\/\\\/strangercam.com\\\/#\\\/schema\\\/logo\\\/image\\\/\"},\"sameAs\":[\"https:\\\/\\\/www.facebook.com\\\/strangercam\",\"https:\\\/\\\/x.com\\\/strangercamapp\"]}]}<\/script>\n<!-- \/ Yoast SEO plugin. -->","yoast_head_json":{"title":"MeetSkip - Gratis chattrum online p\u00e5 StrangerCam.com","description":"Gillar du MeetSkip? Kom och chatta med mer \u00e4n 5.000.000 fr\u00e4mlingar p\u00e5 Stranger Cam helt gratis! Sl\u00e5 p\u00e5 din kamera och hitta nya v\u00e4nner och kanske en matchning!","robots":{"index":"index","follow":"follow","max-snippet":"max-snippet:-1","max-image-preview":"max-image-preview:large","max-video-preview":"max-video-preview:-1"},"canonical":"https:\/\/strangercam.com\/sv\/motesskip\/","og_locale":"sv_SE","og_type":"article","og_title":"MeetSkip - Free Online Chat Rooms on StrangerCam.com","og_description":"Like MeetSkip? Come chat with more than 5.000.000 strangers on Stranger Cam for Free! Turn on your cam and find new friends & maby a match!","og_url":"https:\/\/strangercam.com\/sv\/motesskip\/","og_site_name":"Strangercam","article_publisher":"https:\/\/www.facebook.com\/strangercam","og_image":[{"width":800,"height":532,"url":"https:\/\/strangercam.com\/wp-content\/uploads\/2021\/10\/Untitled-2.png","type":"image\/png"}],"twitter_card":"summary_large_image","twitter_site":"@strangercamapp","twitter_misc":{"Ber\u00e4knad l\u00e4stid":"6 minuter"},"schema":{"@context":"https:\/\/schema.org","@graph":[{"@type":"WebPage","@id":"https:\/\/strangercam.com\/meetskip\/","url":"https:\/\/strangercam.com\/meetskip\/","name":"MeetSkip - Gratis chattrum online p\u00e5 StrangerCam.com","isPartOf":{"@id":"https:\/\/strangercam.com\/#website"},"datePublished":"2025-05-14T07:44:05+00:00","description":"Gillar du MeetSkip? Kom och chatta med mer \u00e4n 5.000.000 fr\u00e4mlingar p\u00e5 Stranger Cam helt gratis! Sl\u00e5 p\u00e5 din kamera och hitta nya v\u00e4nner och kanske en matchning!","breadcrumb":{"@id":"https:\/\/strangercam.com\/meetskip\/#breadcrumb"},"inLanguage":"sv-SE","potentialAction":[{"@type":"ReadAction","target":["https:\/\/strangercam.com\/meetskip\/"]}]},{"@type":"BreadcrumbList","@id":"https:\/\/strangercam.com\/meetskip\/#breadcrumb","itemListElement":[{"@type":"ListItem","position":1,"name":"Home","item":"https:\/\/strangercam.com\/"},{"@type":"ListItem","position":2,"name":"MeetSkip"}]},{"@type":"WebSite","@id":"https:\/\/strangercam.com\/#website","url":"https:\/\/strangercam.com\/","name":"Strangercam","description":"Slumpm\u00e4ssig videochatt med fr\u00e4mlingar","publisher":{"@id":"https:\/\/strangercam.com\/#organization"},"alternateName":"Strangercam.com","potentialAction":[{"@type":"SearchAction","target":{"@type":"EntryPoint","urlTemplate":"https:\/\/strangercam.com\/?s={search_term_string}"},"query-input":{"@type":"PropertyValueSpecification","valueRequired":true,"valueName":"search_term_string"}}],"inLanguage":"sv-SE"},{"@type":"Organization","@id":"https:\/\/strangercam.com\/#organization","name":"Strangercam","alternateName":"Strangercam.com","url":"https:\/\/strangercam.com\/","logo":{"@type":"ImageObject","inLanguage":"sv-SE","@id":"https:\/\/strangercam.com\/#\/schema\/logo\/image\/","url":"https:\/\/strangercam.com\/wp-content\/uploads\/2020\/11\/cropped-new-favicon-black.png","contentUrl":"https:\/\/strangercam.com\/wp-content\/uploads\/2020\/11\/cropped-new-favicon-black.png","width":512,"height":512,"caption":"Strangercam"},"image":{"@id":"https:\/\/strangercam.com\/#\/schema\/logo\/image\/"},"sameAs":["https:\/\/www.facebook.com\/strangercam","https:\/\/x.com\/strangercamapp"]}]}},"_links":{"self":[{"href":"https:\/\/strangercam.com\/sv\/wp-json\/wp\/v2\/pages\/12846","targetHints":{"allow":["GET"]}}],"collection":[{"href":"https:\/\/strangercam.com\/sv\/wp-json\/wp\/v2\/pages"}],"about":[{"href":"https:\/\/strangercam.com\/sv\/wp-json\/wp\/v2\/types\/page"}],"author":[{"embeddable":true,"href":"https:\/\/strangercam.com\/sv\/wp-json\/wp\/v2\/users\/6"}],"replies":[{"embeddable":true,"href":"https:\/\/strangercam.com\/sv\/wp-json\/wp\/v2\/comments?post=12846"}],"version-history":[{"count":1,"href":"https:\/\/strangercam.com\/sv\/wp-json\/wp\/v2\/pages\/12846\/revisions"}],"predecessor-version":[{"id":12847,"href":"https:\/\/strangercam.com\/sv\/wp-json\/wp\/v2\/pages\/12846\/revisions\/12847"}],"wp:attachment":[{"href":"https:\/\/strangercam.com\/sv\/wp-json\/wp\/v2\/media?parent=12846"}],"curies":[{"name":"wp","href":"https:\/\/api.w.org\/{rel}","templated":true}]}}