{"id":12836,"date":"2025-05-14T09:31:13","date_gmt":"2025-05-14T07:31:13","guid":{"rendered":"https:\/\/strangercam.com\/?page_id=12836"},"modified":"2025-05-14T09:31:13","modified_gmt":"2025-05-14T07:31:13","slug":"omgchat","status":"publish","type":"page","link":"https:\/\/strangercam.com\/sv\/omgchat\/","title":{"rendered":"OMGchat"},"content":{"rendered":"<p>I ett hav av st\u00e4ndigt utvecklande videochattplattformar har vissa namn lyckats h\u00e5lla sig kvar tack vare deras enkelhet, l\u00e5ngvariga anv\u00e4ndarbas och enkla tillv\u00e4gag\u00e5ngss\u00e4tt. OMGChat \u00e4r en s\u00e5dan plattform. \u00c4ven om det kanske inte har samma buzz som nyare appar som Chatspin eller Bigo Live, har det tyst uppr\u00e4tth\u00e5llit en lojal gemenskap och forts\u00e4tter att ge ett enkelt s\u00e4tt att <a href=\"https:\/\/strangercam.com\/sv\/coomeet\/\">tr\u00e4ffas<\/a> m\u00e4nniskor via webbkamera.<\/p>\n<p>Men \u00e5r 2025, med s\u00e5 m\u00e5nga moderna alternativ, \u00e4r OMGChat fortfarande relevant? Vad exakt erbjuder det - och \u00e4nnu viktigare, \u00e4r det v\u00e4rt din tid?<\/p>\n<p>I den h\u00e4r fullst\u00e4ndiga recensionen utforskar vi funktioner, anv\u00e4ndarupplevelse, publik, f\u00f6rdelar och nackdelar och hur OMGChat j\u00e4mf\u00f6rs med dagens b\u00e4sta videochattplattformar.<\/p>\n<h2>Vad \u00e4r OMGChat?<\/h2>\n<p>OMGChat \u00e4r en gratis webbkamerabaserad videochattwebbplats som g\u00f6r det m\u00f6jligt f\u00f6r anv\u00e4ndare att g\u00e5 med i offentliga chattrum eller delta i privata en-mot-en-konversationer. Till skillnad fr\u00e5n rent slumpm\u00e4ssiga videochattplattformar som <a href=\"https:\/\/strangercam.com\/sv\/omegle\/\">Omegle<\/a> eller <a href=\"https:\/\/strangercam.com\/sv\/chatroulette\/\">Chatroulette<\/a>, OMGChat anv\u00e4nder ett rumsbaserat system som liknar det tidiga 2000-talet <a href=\"https:\/\/strangercam.com\/sv\/bazoocam\/\">kam<\/a> d\u00e4r anv\u00e4ndarna kan bl\u00e4ddra bland kategorier, g\u00e5 in i rum baserat p\u00e5 intresse eller k\u00f6n och titta p\u00e5 flera kameror samtidigt.<\/p>\n<p>OMGChat lanserades i b\u00f6rjan av 2010-talet och byggdes f\u00f6r anv\u00e4ndare som vill ha mer kontroll \u00e4n vad slumpm\u00e4ssig matchning erbjuder. \u00c4ven om det inte har f\u00f6r\u00e4ndrats mycket n\u00e4r det g\u00e4ller design eller funktionalitet, \u00e4r det fortfarande popul\u00e4rt bland anv\u00e4ndare som tycker om mer traditionella <a href=\"https:\/\/strangercam.com\/sv\/cam-to-cam-chat\/\">kam chatt<\/a> milj\u00f6er.<\/p>\n<h2>Vad \u00e4r syftet med OMGChat?<\/h2>\n<p>OMGChat syftar till att skapa en community-driven, webbkamerafokuserad chattupplevelse d\u00e4r anv\u00e4ndare kan bl\u00e4ddra bland flera live-kameror, g\u00e5 in i \u00e4mnesbaserade chattrum och inleda privata videosamtal med anv\u00e4ndare de v\u00e4ljer. Det handlar mindre om slumpm\u00e4ssighet och mer om att umg\u00e5s i virtuella utrymmen.<\/p>\n<p>Plattformen \u00e4r avsedd f\u00f6r:<\/p>\n<ul>\n<li>Personer som gillar gamla tiders chattrum f\u00f6r webbkameror<\/li>\n<li>Anv\u00e4ndare som vill bl\u00e4ddra och v\u00e4lja vem de vill prata med<\/li>\n<li>Fans av community-driven videochatt med anv\u00e4ndarkontroll<\/li>\n<li>Personer som s\u00f6ker tillf\u00e4lliga v\u00e4nskaper eller flirtar p\u00e5 n\u00e4tet i ett mindre kaotiskt format \u00e4n slumpm\u00e4ssig matchning<\/li>\n<\/ul>\n<p>OMGChat befinner sig mellan klassiska cam-communities och moderna videochattverktyg. Det driver inte dejting, spelar inte upplevelsen och betonar inte algoritmer. Ist\u00e4llet erbjuder den en mer organisk, rumsbaserad stil f\u00f6r att tr\u00e4ffa nya m\u00e4nniskor.<\/p>\n<h2>Viktiga funktioner<\/h2>\n<p>1. Webbkamera chattrum<br \/>\nAnv\u00e4ndarna kan g\u00e5 in i en m\u00e4ngd olika chattrum, varav m\u00e5nga \u00e4r organiserade efter k\u00f6n (t.ex. \"Endast killar\", \"Endast tjejer\", \"Par\"), plats eller intresse. I varje rum visas anv\u00e4ndarna framf\u00f6r kameran och alla kan se varandras videofl\u00f6den - ungef\u00e4r som i en gammaldags virtuell lounge.<\/p>\n<p>2. Privat chatt fr\u00e5n kamera till kamera<br \/>\nUt\u00f6ver de offentliga rummen kan anv\u00e4ndarna inleda privata videosamtal med andra. Detta m\u00f6jligg\u00f6r en-till-en-interaktion utan distraktioner fr\u00e5n det offentliga fl\u00f6det.<\/p>\n<p>3. Visning med flera kameror<br \/>\nEn av OMGChats utm\u00e4rkande funktioner \u00e4r m\u00f6jligheten att visa flera kameror samtidigt i rutn\u00e4tsformat. Du kan se upp till ett dussin personer samtidigt i ett rum och sedan v\u00e4lja vem du vill interagera mer direkt med.<\/p>\n<p>4. Integration av textchatt<br \/>\nVarje rum har en inbyggd textchattruta vid sidan av videofl\u00f6det. Detta g\u00f6r det m\u00f6jligt f\u00f6r anv\u00e4ndare att kommunicera med alla i rummet, skicka privata meddelanden eller helt enkelt h\u00e5lla sig engagerade utan att sj\u00e4lva vara p\u00e5 kameran.<\/p>\n<p>5. Chatt f\u00f6r ljud och mikrofon<br \/>\nAnv\u00e4ndare kan ocks\u00e5 v\u00e4lja att aktivera r\u00f6stchatt utan att anv\u00e4nda webbkameran, vilket g\u00f6r plattformen mer tillg\u00e4nglig f\u00f6r dem som f\u00f6redrar att inte vara i bild hela tiden.<\/p>\n<p>6. Verktyg f\u00f6r anv\u00e4ndarmoderering<br \/>\nAnv\u00e4ndare kan blockera, st\u00e4nga av ljudet eller rapportera andra f\u00f6r ol\u00e4mpligt beteende. Varje rum har ocks\u00e5 moderatorer som kan ta bort st\u00f6rande anv\u00e4ndare och se till att milj\u00f6n f\u00f6rblir relativt ren.<\/p>\n<p>7. Desktop-fokuserad design<br \/>\nOMGChat \u00e4r fr\u00e4mst optimerad f\u00f6r skrivbordsanv\u00e4ndning. Det finns ingen officiell mobilapp, och \u00e4ven om webbplatsen laddas i mobila webbl\u00e4sare \u00f6vers\u00e4tts inte den fullst\u00e4ndiga multi-cam-upplevelsen bra till mindre sk\u00e4rmar.<\/p>\n<h2>\u00c4r OMGChat gratis?<\/h2>\n<p>Ja, OMGChat \u00e4r helt gratis att anv\u00e4nda, och ingen registrering kr\u00e4vs f\u00f6r offentliga rum. Anv\u00e4ndare kan:<\/p>\n<ul>\n<li>G\u00e5 in i chattrum<\/li>\n<li>Titta p\u00e5 flera live-kameror<\/li>\n<li>Chatta via text eller mikrofon<\/li>\n<li>Skicka privata meddelanden<\/li>\n<\/ul>\n<p>Plattformen har dock ett VIP-system, som erbjuder premiumf\u00f6rm\u00e5ner som t.ex:<\/p>\n<ul>\n<li>Framh\u00e4vande av profil<\/li>\n<li>Prioriterad placering i rum<\/li>\n<li>Avancerade modereringsverktyg<\/li>\n<li>Tillg\u00e5ng till ytterligare funktioner eller privata rum<\/li>\n<\/ul>\n<p>VIP-medlemskapet \u00e4r helt valfritt och riktar sig fr\u00e4mst till power users eller frekventa bes\u00f6kare.<\/p>\n<h2>Vem anv\u00e4nder OMGChat?<\/h2>\n<p>OMGChat har en l\u00e5ngvarig anv\u00e4ndarbas och demografin \u00e5terspeglar det. Du kommer att hitta:<\/p>\n<ul>\n<li>Vuxna i \u00e5ldern 25-45 \u00e5r, med m\u00e5nga anv\u00e4ndare som \u00e5terkommer under \u00e5rens lopp<\/li>\n<li>En \u00f6verv\u00e4gande manlig publik, \u00e4ven om det alltid finns aktiva kvinnliga anv\u00e4ndare och par i k\u00f6nsspecifika rum<\/li>\n<li>Anv\u00e4ndare fr\u00e5n Nordamerika, Storbritannien, Australien och delar av Europa<\/li>\n<\/ul>\n<p>Till skillnad fr\u00e5n nyare plattformar har OMGChat f\u00e4rre ton\u00e5ringar eller Gen Z-anv\u00e4ndare, sannolikt p\u00e5 grund av sin daterade design och brist p\u00e5 mobiloptimering. Den lockar anv\u00e4ndare som redan \u00e4r bekanta med cam-baserade chattplattformar och som s\u00f6ker en upplevelse som inte involverar svepning eller streaming.<\/p>\n<p>Milj\u00f6n lutar \u00e5t flirtig och avslappnad social interaktion, men den \u00e4r inte lika vuxenfokuserad som explicita cam-webbplatser. Tonen \u00e4r n\u00e5gonstans mellan v\u00e4nligt h\u00e4ng och PG-13-chatt.<\/p>\n<h2>S\u00e4kerhet, integritet och moderering<\/h2>\n<p>OMGChat hanterar moderering via:<\/p>\n<ul>\n<li>Rumsmoderatorer som kan sparka eller bannlysa anv\u00e4ndare<\/li>\n<li>Verktyg f\u00f6r rapportering och blockering av anv\u00e4ndare<\/li>\n<li>Ett avtal om anv\u00e4ndarvillkor som f\u00f6rbjuder nakenhet, trakasserier eller olagligt inneh\u00e5ll i allm\u00e4nna rum<\/li>\n<\/ul>\n<p>Modereringen \u00e4r dock i viss m\u00e5n beroende av rummets gemenskap. Eftersom det inte finns n\u00e5gon registrering av riktiga namn kan anonymitet leda till enstaka ol\u00e4mpliga beteenden, s\u00e4rskilt i mer aktiva rum.<\/p>\n<p>Det finns inga sofistikerade AI-verktyg eller avancerade s\u00e4kerhetssystem som de som finns p\u00e5 Emerald Chat eller Yubo. Med det sagt hj\u00e4lper n\u00e4rvaron av synliga moderatorer i rummen till att uppr\u00e4tth\u00e5lla en grundl\u00e4ggande niv\u00e5 av ordning.<\/p>\n<p>Anv\u00e4ndare b\u00f6r:<\/p>\n<ul>\n<li>Undvik att dela med dig av personlig information<\/li>\n<li>H\u00e5ll dig till rum med aktiva moderatorer<\/li>\n<li>Rapportera eventuellt ol\u00e4mpligt inneh\u00e5ll<\/li>\n<\/ul>\n<h2>Anv\u00e4ndarupplevelse och design<\/h2>\n<p>Det \u00e4r h\u00e4r OMGChat kan dela \u00e5sikter. Plattformen har inte genomg\u00e5tt en betydande redesign p\u00e5 m\u00e5nga \u00e5r. Layouten \u00e4r:<\/p>\n<ul>\n<li>Funktionell men omodern<\/li>\n<li>L\u00e4mpar sig b\u00e4st f\u00f6r skrivbordsanv\u00e4ndning med mus och tangentbord<\/li>\n<li>Mycket layout i Flash-stil och gr\u00e4nssnitt i popup-stil<\/li>\n<\/ul>\n<p>M\u00e5nga anv\u00e4ndare uppskattar dock den gamla skolans charm och stabilitet. De rutn\u00e4tsliknande rummen med flera kameror laddas snabbt, och n\u00e4r du v\u00e4l har vant dig vid navigeringen \u00e4r upplevelsen smidig.<\/p>\n<p>P\u00e5 mobila enheter \u00e4r upplevelsen begr\u00e4nsad. Plattformen designades aldrig med mobila anv\u00e4ndare i \u00e5tanke, och det m\u00e4rks. Som ett resultat av detta avnjuts OMGChat b\u00e4st p\u00e5 en helsk\u00e4rmsmonitor med en webbkamera och mikrofon.<\/p>\n<h2>OMGChat j\u00e4mf\u00f6rt med andra plattformar<\/h2>\n<p>Hur st\u00e5r sig OMGChat i j\u00e4mf\u00f6relse med sina konkurrenter? L\u00e5t oss ta en titt:<\/p>\n<table>\n<thead>\n<tr>\n<th>Funktion<\/th>\n<th>OMGChat<\/th>\n<th>Omegle<\/th>\n<th>Chatroulette<\/th>\n<th>Emerald Chat<\/th>\n<th>Camfrog<\/th>\n<\/tr>\n<\/thead>\n<tbody>\n<tr>\n<td>Rumsbaserad chatt<\/td>\n<td>Ja<\/td>\n<td>Nej<\/td>\n<td>Nej<\/td>\n<td>Nej<\/td>\n<td>Ja<\/td>\n<\/tr>\n<tr>\n<td>Gridvy med flera kameror<\/td>\n<td>Ja<\/td>\n<td>Nej<\/td>\n<td>Nej<\/td>\n<td>Nej<\/td>\n<td>Ja<\/td>\n<\/tr>\n<tr>\n<td>Privat videochatt<\/td>\n<td>Ja<\/td>\n<td>Ja<\/td>\n<td>Ja<\/td>\n<td>Ja<\/td>\n<td>Ja<\/td>\n<\/tr>\n<tr>\n<td>Anv\u00e4ndarprofiler<\/td>\n<td>Grundl\u00e4ggande<\/td>\n<td>Ingen<\/td>\n<td>Ingen<\/td>\n<td>Full<\/td>\n<td>Ja<\/td>\n<\/tr>\n<tr>\n<td>Modereringssystem<\/td>\n<td>Gemenskap<\/td>\n<td>Minimal<\/td>\n<td>Svag<\/td>\n<td>Stark<\/td>\n<td>Stark<\/td>\n<\/tr>\n<tr>\n<td>Mobil optimering<\/td>\n<td>D\u00e5lig<\/td>\n<td>M\u00e5ttlig<\/td>\n<td>D\u00e5lig<\/td>\n<td>Bra<\/td>\n<td>M\u00e5ttlig<\/td>\n<\/tr>\n<tr>\n<td>Betalda alternativ<\/td>\n<td>VIP<\/td>\n<td>Ingen<\/td>\n<td>Ingen<\/td>\n<td>Ja<\/td>\n<td>Ja<\/td>\n<\/tr>\n<\/tbody>\n<\/table>\n<p>Sammanfattning: OMGChat sticker ut f\u00f6r anv\u00e4ndare som vill ha rumsbaserad interaktion med synliga kameror, men sl\u00e4par efter n\u00e4r det g\u00e4ller modern UX eller mobilst\u00f6d.<\/p>\n<h2>F\u00f6r- och nackdelar<\/h2>\n<p>F\u00f6rdelar:<\/p>\n<ul>\n<li>Fri tillg\u00e5ng utan krav p\u00e5 registrering<\/li>\n<li>Klassisk struktur f\u00f6r chattrum med webbkamera<\/li>\n<li>Flera kameror synliga samtidigt<\/li>\n<li>Alternativ f\u00f6r privat och offentlig chatt<\/li>\n<li>Lojal, \u00e5terkommande anv\u00e4ndarbas<\/li>\n<li>Rumsmoderering ger viss s\u00e4kerhet<\/li>\n<\/ul>\n<p>Nackdelar:<\/p>\n<ul>\n<li>F\u00f6r\u00e5ldrad design och anv\u00e4ndargr\u00e4nssnitt<\/li>\n<li>D\u00e5lig mobil upplevelse<\/li>\n<li>Obalans mellan k\u00f6nen i de flesta rum<\/li>\n<li>Tillf\u00e4lliga modereringsluckor<\/li>\n<li>Inte perfekt f\u00f6r Gen Z eller tillf\u00e4lliga mobilanv\u00e4ndare<\/li>\n<\/ul>\n<h2>Idealiska anv\u00e4ndningsfall<\/h2>\n<p>OMGChat \u00e4r perfekt f\u00f6r:<\/p>\n<ul>\n<li>Vuxna som nj\u00f6t av de f\u00f6rsta dagarna med chattrum f\u00f6r webbkameror<\/li>\n<li>Anv\u00e4ndare som vill bl\u00e4ddra bland flera kameror innan de v\u00e4ljer vem de vill chatta med<\/li>\n<li>Fans av avslappnade, offentliga chattmilj\u00f6er med m\u00f6jlighet till privata samtal<\/li>\n<li>M\u00e4nniskor som s\u00f6ker mer struktur \u00e4n slumpm\u00e4ssig chatt men mindre press \u00e4n dejtingappar<\/li>\n<\/ul>\n<p>Den \u00e4r inte l\u00e4mplig f\u00f6r:<\/p>\n<ul>\n<li>Anv\u00e4ndare under 18 \u00e5r (ej till\u00e5tet)<\/li>\n<li>Personer som s\u00f6ker swipe-liknande dejting eller algoritmiska matchningar<\/li>\n<li>Mobile-first-anv\u00e4ndare eller de som vill ha ett polerat anv\u00e4ndargr\u00e4nssnitt<\/li>\n<li>De som k\u00e4nner sig obekv\u00e4ma med den mindre filtrerade karakt\u00e4ren hos anonyma cam-rum<\/li>\n<\/ul>\n<h2>Slutligt omd\u00f6me<\/h2>\n<p>OMGChat \u00e4r ett bra val f\u00f6r anv\u00e4ndare som uppskattar traditionella chattrum med webbkamera och vill ha mer kontroll \u00f6ver vem de interagerar med. \u00c4ven om den inte erbjuder den snygga designen eller mobila responsiviteten hos nyare plattformar, lyckas den leverera en fokuserad cam-upplevelse med flera anv\u00e4ndare utan slumpm\u00e4ssighet eller kaos p\u00e5 andra gratis videochattwebbplatser.<\/p>\n<p>Det \u00e4r inte en plattform som f\u00f6rs\u00f6ker uppfinna hjulet p\u00e5 nytt - och det \u00e4r en del av dess \u00f6verklagande. F\u00f6r b\u00e5de lojala anv\u00e4ndare och nykomlingar ger OMGChat ett enkelt och okomplicerat s\u00e4tt att umg\u00e5s, tr\u00e4ffa m\u00e4nniskor och delta i videokonversationer i realtid med en gemenskapsst\u00e4mning.<\/p>\n<p>Om du saknar webbkamerarummen p\u00e5 det tidiga internet eller helt enkelt vill utforska en plattform med lite mer struktur \u00e4n Omegle, \u00e4r OMGChat definitivt v\u00e4rt att prova - se bara till att du \u00e4r p\u00e5 en station\u00e4r dator f\u00f6r b\u00e4sta upplevelse.<\/p>","protected":false},"excerpt":{"rendered":"<p>In a sea of ever-evolving video chat platforms, some names have managed to stick around thanks to their simplicity, long-standing user base, and straightforward approach. OMGChat is one such platform. While it may not have the same buzz as newer apps like Chatspin or Bigo Live, it has quietly sustained a loyal community and continues [&hellip;]<\/p>\n","protected":false},"author":6,"featured_media":0,"parent":0,"menu_order":0,"comment_status":"closed","ping_status":"closed","template":"","meta":{"footnotes":""},"class_list":["post-12836","page","type-page","status-publish","hentry"],"yoast_head":"<!-- This site is optimized with the Yoast SEO plugin v27.4 - https:\/\/yoast.com\/product\/yoast-seo-wordpress\/ -->\n<title>OMGchat - Instant FREE Webcam Chat on StrangerCam.com<\/title>\n<meta name=\"description\" content=\"Like OMGchat? Come chat with more than 5.000.000 strangers on Stranger Cam for Free! Turn on your cam and find new friends &amp; maby a match!\" \/>\n<meta name=\"robots\" content=\"index, follow, max-snippet:-1, max-image-preview:large, max-video-preview:-1\" \/>\n<link rel=\"canonical\" href=\"https:\/\/strangercam.com\/sv\/omgchat\/\" \/>\n<meta property=\"og:locale\" content=\"sv_SE\" \/>\n<meta property=\"og:type\" content=\"article\" \/>\n<meta property=\"og:title\" content=\"OMGchat - Instant FREE Webcam Chat on StrangerCam.com\" \/>\n<meta property=\"og:description\" content=\"Like OMGchat? Come chat with more than 5.000.000 strangers on Stranger Cam for Free! Turn on your cam and find new friends &amp; maby a match!\" \/>\n<meta property=\"og:url\" content=\"https:\/\/strangercam.com\/sv\/omgchat\/\" \/>\n<meta property=\"og:site_name\" content=\"Strangercam\" \/>\n<meta property=\"article:publisher\" content=\"https:\/\/www.facebook.com\/strangercam\" \/>\n<meta property=\"og:image\" content=\"https:\/\/strangercam.com\/wp-content\/uploads\/2021\/10\/Untitled-2.png\" \/>\n\t<meta property=\"og:image:width\" content=\"800\" \/>\n\t<meta property=\"og:image:height\" content=\"532\" \/>\n\t<meta property=\"og:image:type\" content=\"image\/png\" \/>\n<meta name=\"twitter:card\" content=\"summary_large_image\" \/>\n<meta name=\"twitter:site\" content=\"@strangercamapp\" \/>\n<meta name=\"twitter:label1\" content=\"Ber\u00e4knad l\u00e4stid\" \/>\n\t<meta name=\"twitter:data1\" content=\"7 minuter\" \/>\n<script type=\"application\/ld+json\" class=\"yoast-schema-graph\">{\"@context\":\"https:\\\/\\\/schema.org\",\"@graph\":[{\"@type\":\"WebPage\",\"@id\":\"https:\\\/\\\/strangercam.com\\\/omgchat\\\/\",\"url\":\"https:\\\/\\\/strangercam.com\\\/omgchat\\\/\",\"name\":\"OMGchat - Instant FREE Webcam Chat on StrangerCam.com\",\"isPartOf\":{\"@id\":\"https:\\\/\\\/strangercam.com\\\/#website\"},\"datePublished\":\"2025-05-14T07:31:13+00:00\",\"description\":\"Like OMGchat? Come chat with more than 5.000.000 strangers on Stranger Cam for Free! Turn on your cam and find new friends & maby a match!\",\"breadcrumb\":{\"@id\":\"https:\\\/\\\/strangercam.com\\\/omgchat\\\/#breadcrumb\"},\"inLanguage\":\"sv-SE\",\"potentialAction\":[{\"@type\":\"ReadAction\",\"target\":[\"https:\\\/\\\/strangercam.com\\\/omgchat\\\/\"]}]},{\"@type\":\"BreadcrumbList\",\"@id\":\"https:\\\/\\\/strangercam.com\\\/omgchat\\\/#breadcrumb\",\"itemListElement\":[{\"@type\":\"ListItem\",\"position\":1,\"name\":\"Home\",\"item\":\"https:\\\/\\\/strangercam.com\\\/\"},{\"@type\":\"ListItem\",\"position\":2,\"name\":\"OMGchat\"}]},{\"@type\":\"WebSite\",\"@id\":\"https:\\\/\\\/strangercam.com\\\/#website\",\"url\":\"https:\\\/\\\/strangercam.com\\\/\",\"name\":\"Strangercam\",\"description\":\"Random Video Chat with Strangers\",\"publisher\":{\"@id\":\"https:\\\/\\\/strangercam.com\\\/#organization\"},\"alternateName\":\"Strangercam.com\",\"potentialAction\":[{\"@type\":\"SearchAction\",\"target\":{\"@type\":\"EntryPoint\",\"urlTemplate\":\"https:\\\/\\\/strangercam.com\\\/?s={search_term_string}\"},\"query-input\":{\"@type\":\"PropertyValueSpecification\",\"valueRequired\":true,\"valueName\":\"search_term_string\"}}],\"inLanguage\":\"sv-SE\"},{\"@type\":\"Organization\",\"@id\":\"https:\\\/\\\/strangercam.com\\\/#organization\",\"name\":\"Strangercam\",\"alternateName\":\"Strangercam.com\",\"url\":\"https:\\\/\\\/strangercam.com\\\/\",\"logo\":{\"@type\":\"ImageObject\",\"inLanguage\":\"sv-SE\",\"@id\":\"https:\\\/\\\/strangercam.com\\\/#\\\/schema\\\/logo\\\/image\\\/\",\"url\":\"https:\\\/\\\/strangercam.com\\\/wp-content\\\/uploads\\\/2020\\\/11\\\/cropped-new-favicon-black.png\",\"contentUrl\":\"https:\\\/\\\/strangercam.com\\\/wp-content\\\/uploads\\\/2020\\\/11\\\/cropped-new-favicon-black.png\",\"width\":512,\"height\":512,\"caption\":\"Strangercam\"},\"image\":{\"@id\":\"https:\\\/\\\/strangercam.com\\\/#\\\/schema\\\/logo\\\/image\\\/\"},\"sameAs\":[\"https:\\\/\\\/www.facebook.com\\\/strangercam\",\"https:\\\/\\\/x.com\\\/strangercamapp\"]}]}<\/script>\n<!-- \/ Yoast SEO plugin. -->","yoast_head_json":{"title":"OMGchat - Direkt GRATIS webbkamera chatt p\u00e5 StrangerCam.com","description":"Gillar du OMGchat? Kom och chatta med mer \u00e4n 5.000.000 fr\u00e4mlingar p\u00e5 Stranger Cam helt gratis! Sl\u00e5 p\u00e5 din kamera och hitta nya v\u00e4nner och kanske en match!","robots":{"index":"index","follow":"follow","max-snippet":"max-snippet:-1","max-image-preview":"max-image-preview:large","max-video-preview":"max-video-preview:-1"},"canonical":"https:\/\/strangercam.com\/sv\/omgchat\/","og_locale":"sv_SE","og_type":"article","og_title":"OMGchat - Instant FREE Webcam Chat on StrangerCam.com","og_description":"Like OMGchat? Come chat with more than 5.000.000 strangers on Stranger Cam for Free! Turn on your cam and find new friends & maby a match!","og_url":"https:\/\/strangercam.com\/sv\/omgchat\/","og_site_name":"Strangercam","article_publisher":"https:\/\/www.facebook.com\/strangercam","og_image":[{"width":800,"height":532,"url":"https:\/\/strangercam.com\/wp-content\/uploads\/2021\/10\/Untitled-2.png","type":"image\/png"}],"twitter_card":"summary_large_image","twitter_site":"@strangercamapp","twitter_misc":{"Ber\u00e4knad l\u00e4stid":"7 minuter"},"schema":{"@context":"https:\/\/schema.org","@graph":[{"@type":"WebPage","@id":"https:\/\/strangercam.com\/omgchat\/","url":"https:\/\/strangercam.com\/omgchat\/","name":"OMGchat - Direkt GRATIS webbkamera chatt p\u00e5 StrangerCam.com","isPartOf":{"@id":"https:\/\/strangercam.com\/#website"},"datePublished":"2025-05-14T07:31:13+00:00","description":"Gillar du OMGchat? Kom och chatta med mer \u00e4n 5.000.000 fr\u00e4mlingar p\u00e5 Stranger Cam helt gratis! Sl\u00e5 p\u00e5 din kamera och hitta nya v\u00e4nner och kanske en match!","breadcrumb":{"@id":"https:\/\/strangercam.com\/omgchat\/#breadcrumb"},"inLanguage":"sv-SE","potentialAction":[{"@type":"ReadAction","target":["https:\/\/strangercam.com\/omgchat\/"]}]},{"@type":"BreadcrumbList","@id":"https:\/\/strangercam.com\/omgchat\/#breadcrumb","itemListElement":[{"@type":"ListItem","position":1,"name":"Home","item":"https:\/\/strangercam.com\/"},{"@type":"ListItem","position":2,"name":"OMGchat"}]},{"@type":"WebSite","@id":"https:\/\/strangercam.com\/#website","url":"https:\/\/strangercam.com\/","name":"Strangercam","description":"Slumpm\u00e4ssig videochatt med fr\u00e4mlingar","publisher":{"@id":"https:\/\/strangercam.com\/#organization"},"alternateName":"Strangercam.com","potentialAction":[{"@type":"SearchAction","target":{"@type":"EntryPoint","urlTemplate":"https:\/\/strangercam.com\/?s={search_term_string}"},"query-input":{"@type":"PropertyValueSpecification","valueRequired":true,"valueName":"search_term_string"}}],"inLanguage":"sv-SE"},{"@type":"Organization","@id":"https:\/\/strangercam.com\/#organization","name":"Strangercam","alternateName":"Strangercam.com","url":"https:\/\/strangercam.com\/","logo":{"@type":"ImageObject","inLanguage":"sv-SE","@id":"https:\/\/strangercam.com\/#\/schema\/logo\/image\/","url":"https:\/\/strangercam.com\/wp-content\/uploads\/2020\/11\/cropped-new-favicon-black.png","contentUrl":"https:\/\/strangercam.com\/wp-content\/uploads\/2020\/11\/cropped-new-favicon-black.png","width":512,"height":512,"caption":"Strangercam"},"image":{"@id":"https:\/\/strangercam.com\/#\/schema\/logo\/image\/"},"sameAs":["https:\/\/www.facebook.com\/strangercam","https:\/\/x.com\/strangercamapp"]}]}},"_links":{"self":[{"href":"https:\/\/strangercam.com\/sv\/wp-json\/wp\/v2\/pages\/12836","targetHints":{"allow":["GET"]}}],"collection":[{"href":"https:\/\/strangercam.com\/sv\/wp-json\/wp\/v2\/pages"}],"about":[{"href":"https:\/\/strangercam.com\/sv\/wp-json\/wp\/v2\/types\/page"}],"author":[{"embeddable":true,"href":"https:\/\/strangercam.com\/sv\/wp-json\/wp\/v2\/users\/6"}],"replies":[{"embeddable":true,"href":"https:\/\/strangercam.com\/sv\/wp-json\/wp\/v2\/comments?post=12836"}],"version-history":[{"count":1,"href":"https:\/\/strangercam.com\/sv\/wp-json\/wp\/v2\/pages\/12836\/revisions"}],"predecessor-version":[{"id":12837,"href":"https:\/\/strangercam.com\/sv\/wp-json\/wp\/v2\/pages\/12836\/revisions\/12837"}],"wp:attachment":[{"href":"https:\/\/strangercam.com\/sv\/wp-json\/wp\/v2\/media?parent=12836"}],"curies":[{"name":"wp","href":"https:\/\/api.w.org\/{rel}","templated":true}]}}