{"id":12830,"date":"2025-05-14T09:17:21","date_gmt":"2025-05-14T07:17:21","guid":{"rendered":"https:\/\/strangercam.com\/?page_id=12830"},"modified":"2025-05-14T09:17:21","modified_gmt":"2025-05-14T07:17:21","slug":"yubo","status":"publish","type":"page","link":"https:\/\/strangercam.com\/sv\/yubo\/","title":{"rendered":"Yubo"},"content":{"rendered":"<p>Yubo beskrivs av m\u00e5nga som \"Tinder m\u00f6ter Snapchat\" med en rej\u00e4l dos livestreaming. Yubo \u00e4r skr\u00e4ddarsytt f\u00f6r yngre anv\u00e4ndare - s\u00e4rskilt Gen Z - som vill f\u00e5 kontakt, streama och umg\u00e5s i realtid med m\u00e4nniskor fr\u00e5n hela v\u00e4rlden.<\/p>\n<p>Oavsett om du k\u00e4nner till den som Yubo, Yubo Live eller yubo.live har plattformen snabbt vuxit till en av de ledande apparna f\u00f6r sociala uppt\u00e4ckter globalt. Men \u00e4r den s\u00e4ker? Vem \u00e4r det egentligen som anv\u00e4nder den? Och hur st\u00e5r den sig j\u00e4mf\u00f6rt med andra plattformar i videon <a href=\"https:\/\/strangercam.com\/sv\/chathub\/\">chatt<\/a> och livestreaming <a href=\"https:\/\/strangercam.com\/sv\/mocospace\/\">utrymme<\/a>?<\/p>\n<p>I den h\u00e4r fullst\u00e4ndiga recensionen kommer vi att dela upp vad Yubo \u00e4r, vilka funktioner den erbjuder, hur den fungerar, vem den \u00e4r f\u00f6r och om det \u00e4r v\u00e4rt din tid 2025.<\/p>\n<h2>Vad \u00e4r Yubo?<\/h2>\n<p>Yubo \u00e4r en app f\u00f6r sociala uppt\u00e4ckter och livestreaming som \u00e4r utformad f\u00f6r ungdomar (fr\u00e4mst i \u00e5ldern 13-25 \u00e5r) f\u00f6r att <a href=\"https:\/\/strangercam.com\/sv\/coomeet\/\">tr\u00e4ffas<\/a> nya v\u00e4nner, delta i livestreaming i grupp och chatta via text eller video. Tj\u00e4nsten lanserades 2015 i Frankrike och har sedan dess blivit en global succ\u00e9 med \u00f6ver 60 miljoner anv\u00e4ndare i mer \u00e4n 140 l\u00e4nder.<\/p>\n<p>Det som g\u00f6r Yubo unikt \u00e4r att det inte \u00e4r en dejtingapp - \u00e4ven om det kan k\u00e4nnas som en. Ist\u00e4llet positionerar den sig som en plattform f\u00f6r v\u00e4nskap som \u00e4r byggd f\u00f6r realtidsanslutning och samh\u00e4llsengagemang. Den blandar funktioner fr\u00e5n sociala medier, livevideo och slumpm\u00e4ssiga matchningar p\u00e5 ett s\u00e4tt som k\u00e4nns autentiskt och underh\u00e5llande, s\u00e4rskilt f\u00f6r Gen Z.<\/p>\n<h2>Vad \u00e4r syftet med Yubo?<\/h2>\n<p>Yubos m\u00e5l \u00e4r att f\u00e5 det att k\u00e4nnas naturligt, tryggt och roligt att tr\u00e4ffa nya m\u00e4nniskor p\u00e5 n\u00e4tet, utan pressen fr\u00e5n likes, f\u00f6ljare eller kuraterade profiler. Ist\u00e4llet f\u00f6r att jaga influencerstatus uppmuntrar Yubo anv\u00e4ndarna att vara sociala i realtid - t\u00e4nk gruppvideochattar, avslappnade h\u00e4ng och slumpm\u00e4ssig svepning f\u00f6r att uppt\u00e4cka andra.<\/p>\n<p>Dess k\u00e4rnfokus \u00e4r interaktion med v\u00e4nskap i f\u00f6rsta hand, inte dejting eller inneh\u00e5llsskapande. Det \u00e4r en stor skillnad fr\u00e5n plattformar som TikTok eller Instagram, d\u00e4r fokus ligger p\u00e5 prestanda och synlighet. P\u00e5 Yubo dyker du upp live, pratar och f\u00e5r kontakt - inga filter, inga f\u00f6ljare, ingen press.<\/p>\n<p>Den \u00e4r b\u00e4st l\u00e4mpad f\u00f6r:<\/p>\n<ul>\n<li>Ton\u00e5ringar och unga vuxna som vill ut\u00f6ka sin umg\u00e4ngeskrets<\/li>\n<li>Personer som gillar livestreaming eller att delta i gruppchattar med video<\/li>\n<li>Anv\u00e4ndare som vill ha riktiga samtal snarare \u00e4n passiv scrollning<\/li>\n<\/ul>\n<h2>Viktiga funktioner<\/h2>\n<p>1. Direkts\u00e4ndning av grupper<br \/>\nYubos huvudfunktion \u00e4r livestreaming i grupp. Anv\u00e4ndare kan g\u00e5 live med upp till 10 personer p\u00e5 sk\u00e4rmen, medan andra kan titta p\u00e5, kommentera och beg\u00e4ra att f\u00e5 g\u00e5 med. Dessa str\u00f6mmar \u00e4r avslappnade - ofta bara m\u00e4nniskor som chattar, spelar musik eller umg\u00e5s.<\/p>\n<p>2. Swipa f\u00f6r att f\u00e5 v\u00e4nner<br \/>\nI likhet med dejtingappar anv\u00e4nder Yubo en svepfunktion f\u00f6r att hj\u00e4lpa anv\u00e4ndare att uppt\u00e4cka nya m\u00e4nniskor. Svep \u00e5t h\u00f6ger f\u00f6r att f\u00e5 kontakt, svep \u00e5t v\u00e4nster f\u00f6r att g\u00e5 vidare. Men till skillnad fr\u00e5n Tinder finns det ingen betoning p\u00e5 dejting. M\u00e5let \u00e4r att starta en chatt, inte att bygga upp en romantisk profil.<\/p>\n<p>3. Chatt och videosamtal i realtid<br \/>\nN\u00e4r du har matchat med n\u00e5gon kan du starta en textchatt eller ett privat videosamtal. Dessa konversationer \u00e4r avslappnade och leder ofta till l\u00e4ngre interaktioner eller inbjudningar till gruppstr\u00f6mmar.<\/p>\n<p>4. Matchning av intressen och taggar<br \/>\nYubo l\u00e5ter anv\u00e4ndarna v\u00e4lja intressen (t.ex. mode, spel, anime, fitness, resor) som hj\u00e4lper till att skr\u00e4ddarsy deras swipe-fl\u00f6de och rekommendationer. Detta lilla lager av matchning f\u00f6rb\u00e4ttrar kvaliteten p\u00e5 anslutningarna och hj\u00e4lper anv\u00e4ndarna att hitta likasinnade m\u00e4nniskor.<\/p>\n<p>5. Gemenskaper och \u00e4mnesstr\u00f6mmar<br \/>\nAnv\u00e4ndare kan g\u00e5 med i livestreams baserat p\u00e5 plats eller intresse. T\u00e4nk \"New York Teens Chat\", \"Anime Fans\" eller \"Study Room\" - dessa utrymmen samlar anv\u00e4ndare med gemensamma hobbyer eller demografi f\u00f6r temah\u00e4ng.<\/p>\n<p>6. Yubo Power Pack (Premiumfunktioner)<br \/>\nYubo erbjuder en upps\u00e4ttning betalda funktioner som \u00f6kar synligheten och r\u00e4ckvidden. Dessa inkluderar:<\/p>\n<ul>\n<li>Boosts f\u00f6r att marknadsf\u00f6ra din profil<\/li>\n<li>Spolar tillbaka f\u00f6r att \u00e5ngra en svepning<\/li>\n<li>Spotlight ska visas i fler fl\u00f6den<\/li>\n<li>Ghost Mode f\u00f6r att surfa osynligt<\/li>\n<\/ul>\n<p>7. \u00c5ldersbaserad segmentering<br \/>\nYubo delar in anv\u00e4ndarna i \u00e5ldersgrupper - 13-17 och 18+ - f\u00f6r att skydda minder\u00e5riga och s\u00e4kerst\u00e4lla \u00e5ldersanpassade interaktioner. Anv\u00e4ndare kan inte interagera \u00f6ver dessa \u00e5ldersgr\u00e4nser, och modereringen \u00e4r str\u00e4ngare i under\u00e5riga grupper.<\/p>\n<p>8. Verktyg f\u00f6r s\u00e4kerhet och moderering<br \/>\nYubo anv\u00e4nder AI-driven moderering, inneh\u00e5llsskanning i realtid, ansiktsigenk\u00e4nning f\u00f6r \u00e5ldersverifiering och verktyg f\u00f6r communityrapportering f\u00f6r att uppr\u00e4tth\u00e5lla en s\u00e4ker milj\u00f6. Det finns ocks\u00e5 m\u00e4nsklig moderering f\u00f6r livestreams och k\u00e4nsliga fall.<\/p>\n<p>9. Anpassning av profil<br \/>\nAnv\u00e4ndare kan ladda upp foton, l\u00e4gga till biografier och visa upp intressen. Men fokus ligger fortfarande p\u00e5 interaktion snarare \u00e4n att bygga en polerad online-persona.<\/p>\n<h2>\u00c4r Yubo gratis?<\/h2>\n<p>Ja, Yubo \u00e4r gratis att ladda ner och anv\u00e4nda, och de flesta k\u00e4rnfunktioner - som swiping, livestreams och chatt - \u00e4r tillg\u00e4ngliga utan kostnad. Appen genererar dock int\u00e4kter genom k\u00f6p i appen, t.ex:<\/p>\n<ul>\n<li>Yubo Power Pack (vecko-, m\u00e5nads- eller \u00e5rsabonnemang)<\/li>\n<li>F\u00f6rst\u00e4rkningar och str\u00e5lkastarljus<\/li>\n<li>Swipe-paket och f\u00f6rm\u00e5ner f\u00f6r profilanpassning<\/li>\n<\/ul>\n<p>Premiumfunktioner \u00e4r valfria men kan hj\u00e4lpa anv\u00e4ndare att sticka ut i en livlig appmilj\u00f6. De flesta tillf\u00e4lliga anv\u00e4ndare beh\u00f6ver inte spendera pengar, men mer aktiva eller ambiti\u00f6sa anv\u00e4ndare kan v\u00e4lja uppgraderingar.<\/p>\n<h2>Vem anv\u00e4nder Yubo?<\/h2>\n<p>Yubos demografiska m\u00e5lgrupp \u00e4r Gen Z, s\u00e4rskilt ton\u00e5ringar och unga vuxna mellan 13 och 25. Yubo \u00e4r inte utformat f\u00f6r \u00e4ldre m\u00e5lgrupper och till\u00e4mpar strikt \u00e5lderssegmentering f\u00f6r att s\u00e4kerst\u00e4lla s\u00e4kra interaktioner inom kamratgrupper.<\/p>\n<p>Viktiga demografiska data:<\/p>\n<ul>\n<li>\u00c5lder: 13-25 \u00e5r<\/li>\n<li>K\u00f6n: R\u00e4ttvist balanserat, men swipare och privata chattare \u00e4r n\u00e5got mer manliga<\/li>\n<li>Platser: USA, Storbritannien, Kanada, Frankrike, Brasilien, Australien, Tyskland och Sydostasien<\/li>\n<\/ul>\n<p>Det \u00e4r s\u00e4rskilt popul\u00e4rt bland:<\/p>\n<ul>\n<li>Ton\u00e5ringar som s\u00f6ker nya v\u00e4nskapsband utanf\u00f6r skolan eller lokalsamh\u00e4llet<\/li>\n<li>Unga vuxna utforskar social video som ett alternativ till dejtingappar<\/li>\n<li>Kreat\u00f6rer som f\u00f6redrar live-interaktion framf\u00f6r att publicera videor<\/li>\n<\/ul>\n<h2>S\u00e4kerhet, integritet och moderering<\/h2>\n<p>Yubo har tidigare f\u00e5tt kritik f\u00f6r s\u00e4kerheten f\u00f6r minder\u00e5riga och inneh\u00e5llsmoderering. Som svar har det investerat kraftigt i anv\u00e4ndars\u00e4kerhet, inklusive:<\/p>\n<ul>\n<li>AI-moderering i realtid: Yubo skannar text, video och bilder i realtid f\u00f6r att uppt\u00e4cka ol\u00e4mpligt inneh\u00e5ll.<\/li>\n<li>Ansiktsigenk\u00e4nning: Kr\u00e4vs f\u00f6r \u00e5ldersverifiering f\u00f6r att f\u00f6rhindra att vuxna kommer in i omr\u00e5den som endast \u00e4r avsedda f\u00f6r ton\u00e5ringar.<\/li>\n<li>Rapportering till gemenskapen: Anv\u00e4ndare kan enkelt rapportera ol\u00e4mpligt beteende, nakenhet, trakasserier eller falska konton.<\/li>\n<li>Separata \u00e5ldersgrupper: 13-17-anv\u00e4ndare kan inte kontakta 18+-anv\u00e4ndare.<\/li>\n<li>Verifierade konton: Anv\u00e4ndare kan verifiera sin identitet f\u00f6r att skapa f\u00f6rtroende.<\/li>\n<\/ul>\n<p>\u00c4ven om ingen plattform \u00e4r perfekt anses Yubo nu vara en av de s\u00e4krare sociala apparna f\u00f6r yngre anv\u00e4ndare, tack vare sin proaktiva moderering och transparenta gemenskapsstandarder. F\u00f6r\u00e4ldrar b\u00f6r fortfarande \u00f6vervaka yngre ton\u00e5ringar som anv\u00e4nder plattformen, men f\u00f6r 18+ anv\u00e4ndare \u00e4r upplevelsen j\u00e4mf\u00f6rbar med andra vanliga sociala appar.<\/p>\n<h2>Anv\u00e4ndarupplevelse och gr\u00e4nssnitt<\/h2>\n<p>Yubos gr\u00e4nssnitt \u00e4r rent, minimalt och tydligt utformat f\u00f6r mobil anv\u00e4ndning. Navigationen \u00e4r intuitiv, svepningen \u00e4r snabb och att g\u00e5 live tar bara n\u00e5gra kranar. Appen fokuserar p\u00e5 realtidsanslutning \u00f6ver profils\u00f6kning, vilket \u00f6verensst\u00e4mmer med det s\u00e4tt som Gen Z f\u00f6redrar att kommunicera.<\/p>\n<p>F\u00e4rgglada bilder, smidiga \u00f6verg\u00e5ngar och lekfulla ikoner g\u00f6r att upplevelsen k\u00e4nns engagerande utan att vara \u00f6verv\u00e4ldigande. Det finns inga fl\u00f6den, ber\u00e4ttelser eller o\u00e4ndligt inneh\u00e5ll att skrolla igenom - allt leder till interaktion i realtid.<\/p>\n<p>\u00c4ven p\u00e5 l\u00e5ngsammare enheter eller n\u00e4tverk \u00e4r prestandan solid, \u00e4ven om gruppstr\u00f6mmar kan vara kr\u00e4vande f\u00f6r bandbredden. Appen finns tillg\u00e4nglig p\u00e5 iOS och Android, med begr\u00e4nsad funktionalitet p\u00e5 desktop.<\/p>\n<h2>Yubo j\u00e4mf\u00f6rt med andra plattformar<\/h2>\n<p>L\u00e5t oss se hur Yubo st\u00e5r upp mot andra live sociala och videochattappar:<\/p>\n<table>\n<thead>\n<tr>\n<th>Funktion<\/th>\n<th>Yubo<\/th>\n<th>Bigo Live<\/th>\n<th>ChatMatch<\/th>\n<th><a href=\"https:\/\/strangercam.com\/sv\/omegle\/\">Omegle<\/a><\/th>\n<th>Snapchat<\/th>\n<\/tr>\n<\/thead>\n<tbody>\n<tr>\n<td>Direkts\u00e4ndning (grupp)<\/td>\n<td>Ja<\/td>\n<td>Ja<\/td>\n<td>Nej<\/td>\n<td>Nej<\/td>\n<td>Ja<\/td>\n<\/tr>\n<tr>\n<td>\u00c5lderssegmentering<\/td>\n<td>Ja<\/td>\n<td>Nej<\/td>\n<td>Nej<\/td>\n<td>Nej<\/td>\n<td>Nej<\/td>\n<\/tr>\n<tr>\n<td>Svep f\u00f6r att matcha<\/td>\n<td>Ja<\/td>\n<td>Nej<\/td>\n<td>Ja<\/td>\n<td>Nej<\/td>\n<td>Nej<\/td>\n<\/tr>\n<tr>\n<td>1-mot-1 videochatt<\/td>\n<td>Ja<\/td>\n<td>Ja<\/td>\n<td>Ja<\/td>\n<td>Ja<\/td>\n<td>Ja<\/td>\n<\/tr>\n<tr>\n<td>Samh\u00e4llen &amp; intressen<\/td>\n<td>Ja<\/td>\n<td>Nej<\/td>\n<td>Delvis<\/td>\n<td>Nej<\/td>\n<td>Ja<\/td>\n<\/tr>\n<tr>\n<td>Moderering av s\u00e4kerheten<\/td>\n<td>Stark<\/td>\n<td>M\u00e5ttlig<\/td>\n<td>M\u00e5ttlig<\/td>\n<td>Svag<\/td>\n<td>M\u00e5ttlig<\/td>\n<\/tr>\n<tr>\n<td>Alternativ f\u00f6r int\u00e4ktsgenerering<\/td>\n<td>Ja<\/td>\n<td>Ja<\/td>\n<td>Ja<\/td>\n<td>Nej<\/td>\n<td>Ja<\/td>\n<\/tr>\n<tr>\n<td>M\u00e5lgrupp<\/td>\n<td>Gen Z<\/td>\n<td>Allm\u00e4nt<\/td>\n<td>18+ Singlar<\/td>\n<td>Allm\u00e4nt<\/td>\n<td>Ton\u00e5ringar &amp; generation Z<\/td>\n<\/tr>\n<\/tbody>\n<\/table>\n<h2>F\u00f6r- och nackdelar<\/h2>\n<p>F\u00f6rdelar:<\/p>\n<ul>\n<li>S\u00e4rskilt utformad f\u00f6r Gen Z och unga vuxna<\/li>\n<li>Livestreaming \u00e4r enkelt och interaktivt<\/li>\n<li>Swipe-to-match g\u00f6r det roligt att hitta nya v\u00e4nner<\/li>\n<li>Starka modererings- och \u00e5lderskontroller<\/li>\n<li>Intresseavst\u00e4mning hj\u00e4lper till att f\u00f6rb\u00e4ttra chattkvaliteten<\/li>\n<li>Snabb, ren och mobilanpassad upplevelse<\/li>\n<\/ul>\n<p>Nackdelar:<\/p>\n<ul>\n<li>Inte idealisk f\u00f6r anv\u00e4ndare \u00f6ver 25 \u00e5r<\/li>\n<li>Vissa k\u00f6p i appen kan k\u00e4nnas aggressiva<\/li>\n<li>Kr\u00e4ver ansiktsigenk\u00e4nning f\u00f6r full \u00e5tkomst<\/li>\n<li>Inte tillg\u00e4ngligt p\u00e5 skrivbordet<\/li>\n<li>Tillf\u00e4lligt omoget beteende i allm\u00e4nna utrymmen<\/li>\n<\/ul>\n<h2>Idealiska anv\u00e4ndningsfall<\/h2>\n<p>Yubo \u00e4r bra f\u00f6r:<\/p>\n<ul>\n<li>Ton\u00e5ringar och unga vuxna som s\u00f6ker nya v\u00e4nskapsband online<\/li>\n<li>Anv\u00e4ndare som vill ha avslappnade videochattar i grupp och livestreaming med l\u00e5gt tryck<\/li>\n<li>Sociala utforskare som tycker om att uppt\u00e4cka m\u00e4nniskor fr\u00e5n hela v\u00e4rlden<\/li>\n<li>Fans av realtidsinteraktion framf\u00f6r skapande av inneh\u00e5ll<\/li>\n<\/ul>\n<p>Yubo \u00e4r inte idealisk f\u00f6r:<\/p>\n<ul>\n<li>Vuxna utanf\u00f6r Gen Z-demografin<\/li>\n<li>Anv\u00e4ndare som s\u00f6ker privata, anonyma videochattupplevelser<\/li>\n<li>Personer som letar efter inneh\u00e5ll i l\u00e5nga format eller kurerade sociala fl\u00f6den<\/li>\n<\/ul>\n<h2>Slutligt omd\u00f6me<\/h2>\n<p>Yubo \u00e4r en framst\u00e5ende social videoapp f\u00f6r Gen Z \u00e5r 2025. Den erbjuder ett fr\u00e4scht alternativ till traditionella sociala medier genom att fokusera p\u00e5 interaktion i realtid, v\u00e4nskap-f\u00f6rst-anslutningar och engagemang i levande grupper. Med stark moderering, \u00e5lderssegmentering och ett swipe-to-match-system k\u00e4nns det som en modern, s\u00e4krare utveckling av appar som Omegle eller <a href=\"https:\/\/strangercam.com\/sv\/chatroulette\/\">Chatroulette<\/a>.<\/p>\n<p>F\u00f6r sin m\u00e5lgrupp - unga, sociala och mobila - levererar Yubo exakt vad det lovar: en rolig, levande, community-driven plattform f\u00f6r att tr\u00e4ffa nya m\u00e4nniskor och umg\u00e5s i realtid.<\/p>\n<p>Om du \u00e4r mellan 13 och 25 \u00e5r och vill umg\u00e5s utanf\u00f6r din befintliga krets \u00e4r Yubo absolut v\u00e4rt att kolla in.<\/p>","protected":false},"excerpt":{"rendered":"<p>Yubo is described by many as \u201cTinder meets Snapchat\u201d with a heavy dash of livestreaming, Yubo is tailored for younger users \u2014 specifically Gen Z \u2014 who want to connect, stream, and socialize in real time with people from around the world. Whether you know it as Yubo, Yubo Live, or yubo.live, the platform has [&hellip;]<\/p>\n","protected":false},"author":6,"featured_media":0,"parent":0,"menu_order":0,"comment_status":"closed","ping_status":"closed","template":"","meta":{"footnotes":""},"class_list":["post-12830","page","type-page","status-publish","hentry"],"yoast_head":"<!-- This site is optimized with the Yoast SEO plugin v27.4 - https:\/\/yoast.com\/product\/yoast-seo-wordpress\/ -->\n<title>Yubo - Make new friends with chat on StrangerCam.com<\/title>\n<meta name=\"description\" content=\"Like Yubo? Come chat with more than 5.000.000 strangers on Stranger Cam for Free! Turn on your cam and find new friends &amp; maby a match!\" \/>\n<meta name=\"robots\" content=\"index, follow, max-snippet:-1, max-image-preview:large, max-video-preview:-1\" \/>\n<link rel=\"canonical\" href=\"https:\/\/strangercam.com\/sv\/yubo\/\" \/>\n<meta property=\"og:locale\" content=\"sv_SE\" \/>\n<meta property=\"og:type\" content=\"article\" \/>\n<meta property=\"og:title\" content=\"Yubo - Make new friends with chat on StrangerCam.com\" \/>\n<meta property=\"og:description\" content=\"Like Yubo? Come chat with more than 5.000.000 strangers on Stranger Cam for Free! Turn on your cam and find new friends &amp; maby a match!\" \/>\n<meta property=\"og:url\" content=\"https:\/\/strangercam.com\/sv\/yubo\/\" \/>\n<meta property=\"og:site_name\" content=\"Strangercam\" \/>\n<meta property=\"article:publisher\" content=\"https:\/\/www.facebook.com\/strangercam\" \/>\n<meta property=\"og:image\" content=\"https:\/\/strangercam.com\/wp-content\/uploads\/2021\/10\/Untitled-2.png\" \/>\n\t<meta property=\"og:image:width\" content=\"800\" \/>\n\t<meta property=\"og:image:height\" content=\"532\" \/>\n\t<meta property=\"og:image:type\" content=\"image\/png\" \/>\n<meta name=\"twitter:card\" content=\"summary_large_image\" \/>\n<meta name=\"twitter:site\" content=\"@strangercamapp\" \/>\n<meta name=\"twitter:label1\" content=\"Ber\u00e4knad l\u00e4stid\" \/>\n\t<meta name=\"twitter:data1\" content=\"7 minuter\" \/>\n<script type=\"application\/ld+json\" class=\"yoast-schema-graph\">{\"@context\":\"https:\\\/\\\/schema.org\",\"@graph\":[{\"@type\":\"WebPage\",\"@id\":\"https:\\\/\\\/strangercam.com\\\/yubo\\\/\",\"url\":\"https:\\\/\\\/strangercam.com\\\/yubo\\\/\",\"name\":\"Yubo - Make new friends with chat on StrangerCam.com\",\"isPartOf\":{\"@id\":\"https:\\\/\\\/strangercam.com\\\/#website\"},\"datePublished\":\"2025-05-14T07:17:21+00:00\",\"description\":\"Like Yubo? Come chat with more than 5.000.000 strangers on Stranger Cam for Free! Turn on your cam and find new friends & maby a match!\",\"breadcrumb\":{\"@id\":\"https:\\\/\\\/strangercam.com\\\/yubo\\\/#breadcrumb\"},\"inLanguage\":\"sv-SE\",\"potentialAction\":[{\"@type\":\"ReadAction\",\"target\":[\"https:\\\/\\\/strangercam.com\\\/yubo\\\/\"]}]},{\"@type\":\"BreadcrumbList\",\"@id\":\"https:\\\/\\\/strangercam.com\\\/yubo\\\/#breadcrumb\",\"itemListElement\":[{\"@type\":\"ListItem\",\"position\":1,\"name\":\"Home\",\"item\":\"https:\\\/\\\/strangercam.com\\\/\"},{\"@type\":\"ListItem\",\"position\":2,\"name\":\"Yubo\"}]},{\"@type\":\"WebSite\",\"@id\":\"https:\\\/\\\/strangercam.com\\\/#website\",\"url\":\"https:\\\/\\\/strangercam.com\\\/\",\"name\":\"Strangercam\",\"description\":\"Random Video Chat with Strangers\",\"publisher\":{\"@id\":\"https:\\\/\\\/strangercam.com\\\/#organization\"},\"alternateName\":\"Strangercam.com\",\"potentialAction\":[{\"@type\":\"SearchAction\",\"target\":{\"@type\":\"EntryPoint\",\"urlTemplate\":\"https:\\\/\\\/strangercam.com\\\/?s={search_term_string}\"},\"query-input\":{\"@type\":\"PropertyValueSpecification\",\"valueRequired\":true,\"valueName\":\"search_term_string\"}}],\"inLanguage\":\"sv-SE\"},{\"@type\":\"Organization\",\"@id\":\"https:\\\/\\\/strangercam.com\\\/#organization\",\"name\":\"Strangercam\",\"alternateName\":\"Strangercam.com\",\"url\":\"https:\\\/\\\/strangercam.com\\\/\",\"logo\":{\"@type\":\"ImageObject\",\"inLanguage\":\"sv-SE\",\"@id\":\"https:\\\/\\\/strangercam.com\\\/#\\\/schema\\\/logo\\\/image\\\/\",\"url\":\"https:\\\/\\\/strangercam.com\\\/wp-content\\\/uploads\\\/2020\\\/11\\\/cropped-new-favicon-black.png\",\"contentUrl\":\"https:\\\/\\\/strangercam.com\\\/wp-content\\\/uploads\\\/2020\\\/11\\\/cropped-new-favicon-black.png\",\"width\":512,\"height\":512,\"caption\":\"Strangercam\"},\"image\":{\"@id\":\"https:\\\/\\\/strangercam.com\\\/#\\\/schema\\\/logo\\\/image\\\/\"},\"sameAs\":[\"https:\\\/\\\/www.facebook.com\\\/strangercam\",\"https:\\\/\\\/x.com\\\/strangercamapp\"]}]}<\/script>\n<!-- \/ Yoast SEO plugin. -->","yoast_head_json":{"title":"Yubo - F\u00e5 nya v\u00e4nner med chatt p\u00e5 StrangerCam.com","description":"Gillar du Yubo? Kom och chatta med mer \u00e4n 5.000.000 fr\u00e4mlingar p\u00e5 Stranger Cam helt gratis! Sl\u00e5 p\u00e5 din kamera och hitta nya v\u00e4nner och kanske en match!","robots":{"index":"index","follow":"follow","max-snippet":"max-snippet:-1","max-image-preview":"max-image-preview:large","max-video-preview":"max-video-preview:-1"},"canonical":"https:\/\/strangercam.com\/sv\/yubo\/","og_locale":"sv_SE","og_type":"article","og_title":"Yubo - Make new friends with chat on StrangerCam.com","og_description":"Like Yubo? Come chat with more than 5.000.000 strangers on Stranger Cam for Free! Turn on your cam and find new friends & maby a match!","og_url":"https:\/\/strangercam.com\/sv\/yubo\/","og_site_name":"Strangercam","article_publisher":"https:\/\/www.facebook.com\/strangercam","og_image":[{"width":800,"height":532,"url":"https:\/\/strangercam.com\/wp-content\/uploads\/2021\/10\/Untitled-2.png","type":"image\/png"}],"twitter_card":"summary_large_image","twitter_site":"@strangercamapp","twitter_misc":{"Ber\u00e4knad l\u00e4stid":"7 minuter"},"schema":{"@context":"https:\/\/schema.org","@graph":[{"@type":"WebPage","@id":"https:\/\/strangercam.com\/yubo\/","url":"https:\/\/strangercam.com\/yubo\/","name":"Yubo - F\u00e5 nya v\u00e4nner med chatt p\u00e5 StrangerCam.com","isPartOf":{"@id":"https:\/\/strangercam.com\/#website"},"datePublished":"2025-05-14T07:17:21+00:00","description":"Gillar du Yubo? Kom och chatta med mer \u00e4n 5.000.000 fr\u00e4mlingar p\u00e5 Stranger Cam helt gratis! Sl\u00e5 p\u00e5 din kamera och hitta nya v\u00e4nner och kanske en match!","breadcrumb":{"@id":"https:\/\/strangercam.com\/yubo\/#breadcrumb"},"inLanguage":"sv-SE","potentialAction":[{"@type":"ReadAction","target":["https:\/\/strangercam.com\/yubo\/"]}]},{"@type":"BreadcrumbList","@id":"https:\/\/strangercam.com\/yubo\/#breadcrumb","itemListElement":[{"@type":"ListItem","position":1,"name":"Home","item":"https:\/\/strangercam.com\/"},{"@type":"ListItem","position":2,"name":"Yubo"}]},{"@type":"WebSite","@id":"https:\/\/strangercam.com\/#website","url":"https:\/\/strangercam.com\/","name":"Strangercam","description":"Slumpm\u00e4ssig videochatt med fr\u00e4mlingar","publisher":{"@id":"https:\/\/strangercam.com\/#organization"},"alternateName":"Strangercam.com","potentialAction":[{"@type":"SearchAction","target":{"@type":"EntryPoint","urlTemplate":"https:\/\/strangercam.com\/?s={search_term_string}"},"query-input":{"@type":"PropertyValueSpecification","valueRequired":true,"valueName":"search_term_string"}}],"inLanguage":"sv-SE"},{"@type":"Organization","@id":"https:\/\/strangercam.com\/#organization","name":"Strangercam","alternateName":"Strangercam.com","url":"https:\/\/strangercam.com\/","logo":{"@type":"ImageObject","inLanguage":"sv-SE","@id":"https:\/\/strangercam.com\/#\/schema\/logo\/image\/","url":"https:\/\/strangercam.com\/wp-content\/uploads\/2020\/11\/cropped-new-favicon-black.png","contentUrl":"https:\/\/strangercam.com\/wp-content\/uploads\/2020\/11\/cropped-new-favicon-black.png","width":512,"height":512,"caption":"Strangercam"},"image":{"@id":"https:\/\/strangercam.com\/#\/schema\/logo\/image\/"},"sameAs":["https:\/\/www.facebook.com\/strangercam","https:\/\/x.com\/strangercamapp"]}]}},"_links":{"self":[{"href":"https:\/\/strangercam.com\/sv\/wp-json\/wp\/v2\/pages\/12830","targetHints":{"allow":["GET"]}}],"collection":[{"href":"https:\/\/strangercam.com\/sv\/wp-json\/wp\/v2\/pages"}],"about":[{"href":"https:\/\/strangercam.com\/sv\/wp-json\/wp\/v2\/types\/page"}],"author":[{"embeddable":true,"href":"https:\/\/strangercam.com\/sv\/wp-json\/wp\/v2\/users\/6"}],"replies":[{"embeddable":true,"href":"https:\/\/strangercam.com\/sv\/wp-json\/wp\/v2\/comments?post=12830"}],"version-history":[{"count":1,"href":"https:\/\/strangercam.com\/sv\/wp-json\/wp\/v2\/pages\/12830\/revisions"}],"predecessor-version":[{"id":12831,"href":"https:\/\/strangercam.com\/sv\/wp-json\/wp\/v2\/pages\/12830\/revisions\/12831"}],"wp:attachment":[{"href":"https:\/\/strangercam.com\/sv\/wp-json\/wp\/v2\/media?parent=12830"}],"curies":[{"name":"wp","href":"https:\/\/api.w.org\/{rel}","templated":true}]}}