{"id":12815,"date":"2025-04-22T13:50:44","date_gmt":"2025-04-22T11:50:44","guid":{"rendered":"https:\/\/strangercam.com\/?page_id=12815"},"modified":"2025-04-22T13:50:44","modified_gmt":"2025-04-22T11:50:44","slug":"vanachat","status":"publish","type":"page","link":"https:\/\/strangercam.com\/sv\/vanachat\/","title":{"rendered":"VanaChat"},"content":{"rendered":"<p>En v\u00e4rld av slumpm\u00e4ssig video <a href=\"https:\/\/strangercam.com\/sv\/chathub\/\">chatt<\/a> apparna \u00e4r mycket konkurrenskraftiga, med plattformar som <a href=\"https:\/\/strangercam.com\/sv\/omegle\/\">Omegle<\/a>, <a href=\"https:\/\/strangercam.com\/sv\/chatroulette\/\">Chatroulette<\/a>, och nyare namn som ChatMatch sl\u00e5ss om dominansen. Men d\u00e5 och d\u00e5 dyker det upp en ny utmanare med ett unikt tillv\u00e4gag\u00e5ngss\u00e4tt. VanaChat \u00e4r ett av dessa namn. Placerad n\u00e5gonstans mellan en avslappnad <a href=\"https:\/\/strangercam.com\/sv\/bazoocam\/\">kam<\/a> chattwebbplats och en l\u00e4tt social app, VanaChat v\u00e4cker snabbt uppm\u00e4rksamhet - men \u00e4r det verkligen v\u00e4rt att anv\u00e4nda?<\/p>\n<p>I den h\u00e4r omfattande recensionen utforskar vi allt som VanaChat erbjuder: dess funktioner, anv\u00e4ndarupplevelse, publik, s\u00e4kerhetsverktyg och hur det st\u00e5r sig mot andra popul\u00e4ra chattplattformar.<\/p>\n<h2>Vad \u00e4r VanaChat?<\/h2>\n<p>VanaChat \u00e4r en webbl\u00e4sarbaserad slumpm\u00e4ssig videochattplattform som blandar traditionella en-mot-en-videokonversationer med l\u00e4tta sociala uppt\u00e4cktsfunktioner. Till skillnad fr\u00e5n \u00e4ldre webbplatser som enbart fokuserar p\u00e5 slumpm\u00e4ssighet l\u00e4gger VanaChat till ett mer modernt socialt lager till upplevelsen - erbjuder valfria profiler, intressebaserad matchning och till och med ett milt ryktesystem.<\/p>\n<p>VanaChat lanserades i mitten av 2020-talet och marknadsf\u00f6r sig som ett \u201cs\u00e4kert, v\u00e4nligt utrymme f\u00f6r att <a href=\"https:\/\/strangercam.com\/sv\/coomeet\/\">tr\u00e4ffas<\/a> nya m\u00e4nniskor ansikte mot ansikte.\" \u00c4ven om k\u00e4rnupplevelsen fortfarande kretsar kring omedelbara webbkamerabaserade interaktioner med fr\u00e4mlingar, g\u00f6r plattformen ett f\u00f6rs\u00f6k att fr\u00e4mja en mer respektfull och engagerande milj\u00f6.<\/p>\n<h2>Syftet med VanaChat<\/h2>\n<p>Huvudm\u00e5let med VanaChat \u00e4r att tillhandah\u00e5lla en slumpm\u00e4ssig videochattupplevelse som k\u00e4nns mer m\u00e4nsklig och mindre kaotisk. Det \u00e4r utformat f\u00f6r att vara roligt och spontant men utan den oh\u00e4mmade trolling, nakenhet och spam som ofta finns p\u00e5 helt anonyma plattformar.<\/p>\n<p>VanaChat \u00e4r perfekt f\u00f6r:<\/p>\n<ul>\n<li>M\u00e4nniskor som vill tr\u00e4ffa andra ansikte mot ansikte i realtid<\/li>\n<li>Anv\u00e4ndare som s\u00f6ker avslappnade konversationer eller nya v\u00e4nskapsband<\/li>\n<li>Socialt nyfikna anv\u00e4ndare som gillar att prata med fr\u00e4mlingar men f\u00f6redrar lite mer kontroll \u00f6ver vilka de f\u00e5r kontakt med<\/li>\n<li>Alla som s\u00f6ker ett s\u00e4krare, mer modernt alternativ till omodererade cam-sajter<\/li>\n<\/ul>\n<p>Plattformen \u00e4r inte en dejtingapp i sig, men den v\u00e4lkomnar l\u00e4tt fl\u00f6rtande och sociala uppt\u00e4ckter, s\u00e4rskilt bland yngre vuxna.<\/p>\n<h2>Viktiga funktioner<\/h2>\n<p>1. Videochatt en-mot-en<br \/>\nI grunden erbjuder VanaChat snabb, slumpm\u00e4ssig videochatt mellan anv\u00e4ndare. Ett klick, och du \u00e4r ansluten till n\u00e5gon ny. Videofl\u00f6dena \u00e4r responsiva och layouten \u00e4r ren, vilket prioriterar upplevelsen ansikte mot ansikte.<\/p>\n<p>2. Intressebaserad matchning<br \/>\nAnv\u00e4ndare kan v\u00e4lja fr\u00e5n en lista med intressen - allt fr\u00e5n filmer och spel till spr\u00e5k och livsstil - och plattformen f\u00f6rs\u00f6ker matcha personer med liknande preferenser. \u00c4ven om det inte \u00e4r lika djupt som algoritmbaserade dejtingappar, minskar det slumpm\u00e4ssigheten och hj\u00e4lper till att skapa mer meningsfulla konversationer.<\/p>\n<p>3. Valfria anv\u00e4ndarprofiler<br \/>\nDu kan skapa en grundl\u00e4ggande profil med ett visningsnamn, intressen och en kort biografi. Du kan ocks\u00e5 ladda upp en profilbild. Profiler \u00e4r inte obligatoriska, men anv\u00e4ndare med fullst\u00e4ndiga profiler tenderar att f\u00e5 l\u00e4ngre och mer frekventa matchningar.<\/p>\n<p>4. Reputationssystem<br \/>\nEfter varje chatt kan anv\u00e4ndarna betygs\u00e4tta sin upplevelse. Med tiden skapar detta en mjuk ryktespo\u00e4ng som hj\u00e4lper till att dyka upp anv\u00e4ndare av b\u00e4ttre kvalitet och trycka ner spammare eller troll. \u00c4ven om det h\u00e4r systemet fortfarande \u00e4r i beta, visar det l\u00f6fte om att f\u00f6rb\u00e4ttra den \u00f6vergripande atmosf\u00e4ren p\u00e5 plattformen.<\/p>\n<p>5. Chattkontroller och modereringsverktyg<br \/>\nDu kan hoppa \u00f6ver anv\u00e4ndare, st\u00e4nga av dem, rapportera ol\u00e4mpligt beteende och blockera n\u00e5gon som du inte vill prata med igen. Rapporter granskas av moderatorer och systemet st\u00f6ds av grundl\u00e4ggande AI-inneh\u00e5llsskanning f\u00f6r att uppt\u00e4cka nakenhet eller st\u00f6tande beteende.<\/p>\n<p>6. Optimering f\u00f6r datorer och mobiler<br \/>\nVanaChat fungerar s\u00f6ml\u00f6st i moderna webbl\u00e4sare p\u00e5 b\u00e5de datorer och mobiler. Det finns ingen dedikerad mobilapp \u00e4nnu, men den mobila webbl\u00e4sarupplevelsen \u00e4r responsiv och intuitiv. Inga nedladdningar kr\u00e4vs.<\/p>\n<p>7. Ingen registrering kr\u00e4vs (men uppmuntras)<br \/>\nDu kan b\u00f6rja chatta utan att skapa ett konto, men registrering l\u00e5ser upp ytterligare funktioner som intressefiltrering, spara din profil och f\u00e5 tillg\u00e5ng till din ryktespo\u00e4ng.<\/p>\n<h2>\u00c4r VanaChat gratis?<\/h2>\n<p>Ja, VanaChat \u00e4r gratis att anv\u00e4nda, och du kan komma \u00e5t k\u00e4rnfunktionerna f\u00f6r videochatt utan att betala en cent. Det finns dock en premiumplan tillg\u00e4nglig som l\u00e5ser upp:<\/p>\n<ul>\n<li>F\u00f6rb\u00e4ttrad matchning efter region eller k\u00f6n<\/li>\n<li>Prioriterad placering i chattk\u00f6n<\/li>\n<li>En annonsfri upplevelse<\/li>\n<li>Alternativ f\u00f6r profilanpassning<\/li>\n<\/ul>\n<p>Premiumniv\u00e5n \u00e4r konkurrenskraftigt prissatt, vanligtvis mellan $6-$10 per m\u00e5nad, beroende p\u00e5 prenumerationsplan. F\u00f6r de flesta anv\u00e4ndare \u00e4r gratisversionen perfekt funktionell, men premiumversionen \u00e4r ett bra v\u00e4rde f\u00f6r dem som vill ha mer kontroll och ett smidigare anv\u00e4ndarfl\u00f6de.<\/p>\n<h2>Vem anv\u00e4nder VanaChat?<\/h2>\n<p>VanaChat har en v\u00e4xande anv\u00e4ndarbas i flera viktiga regioner:<\/p>\n<ul>\n<li>F\u00f6renta staterna<\/li>\n<li>Kanada<\/li>\n<li>F\u00f6renade kungariket<\/li>\n<li>Tyskland<\/li>\n<li>Brasilien<\/li>\n<li>Indien<\/li>\n<\/ul>\n<p>Majoriteten av anv\u00e4ndarna \u00e4r mellan 18 och 34 \u00e5r, med en ganska varierad blandning av k\u00f6n och bakgrunder. \u00c4ven om de flesta anv\u00e4nder plattformen f\u00f6r roliga och avslappnade konversationer, verkar en m\u00e4rkbar del av anv\u00e4ndarna vara genuint intresserade av att f\u00e5 v\u00e4nner eller hitta personer med gemensamma intressen.<\/p>\n<p>VanaChat \u00e4r s\u00e4rskilt popul\u00e4r bland:<\/p>\n<ul>\n<li>H\u00f6gskolestudenter<\/li>\n<li>Unga yrkesverksamma<\/li>\n<li>Digitala nomader och expats som vill tr\u00e4ffa m\u00e4nniskor p\u00e5 nya platser<\/li>\n<li>Spr\u00e5kinl\u00e4rare som vill \u00f6va med personer som har spr\u00e5ket som modersm\u00e5l<\/li>\n<\/ul>\n<h2>S\u00e4kerhet, integritet och moderering<\/h2>\n<p>Chattplattformar online k\u00e4mpar ofta med s\u00e4kerhet och moderering, men VanaChat tar fr\u00e5gan p\u00e5 allvar. H\u00e4r \u00e4r hur:<\/p>\n<ul>\n<li>AI-baserad \u00f6vervakning: Plattformen anv\u00e4nder maskininl\u00e4rning f\u00f6r att automatiskt uppt\u00e4cka nakenhet eller st\u00f6tande gester i videostr\u00f6mmar. \u00c4ven om det inte \u00e4r perfekt minskar det exponeringen f\u00f6r explicit inneh\u00e5ll.<\/li>\n<li>Anv\u00e4ndarrapporter och moderering: Varje chatt avslutas med en uppmaning om \u00e5terkoppling och rapporter granskas inom 24 timmar.<\/li>\n<li>System f\u00f6r rykte och betygs\u00e4ttning: Hj\u00e4lper till att filtrera bort problematiska anv\u00e4ndare och fr\u00e4mja ett mer respektfullt beteende \u00f6ver tid.<\/li>\n<li>Ingen personlig information kr\u00e4vs: Du blir inte ombedd att uppge telefonnummer eller e-post om du inte registrerar dig (och \u00e4ven d\u00e5 \u00e4r det valfritt).<\/li>\n<\/ul>\n<p>VanaChat samlar inte in alltf\u00f6r mycket data och l\u00e5ter anv\u00e4ndarna vara s\u00e5 anonyma som de vill. Anv\u00e4ndare b\u00f6r \u00e4nd\u00e5 anv\u00e4nda sunt f\u00f6rnuft - dela inte personlig information, klicka inte p\u00e5 l\u00e4nkar eller engagera dig med anv\u00e4ndare som g\u00f6r dig obekv\u00e4m.<\/p>\n<h2>Anv\u00e4ndarupplevelse och design<\/h2>\n<p>VanaChats gr\u00e4nssnitt \u00e4r uppfriskande modernt. Plattformen \u00e4r visuellt ren, intuitiv och responsiv. Navigeringen \u00e4r enkel: en stor videosk\u00e4rm dominerar gr\u00e4nssnittet, med chattkontroller och inst\u00e4llningar snyggt undang\u00f6mda i sidopaneler. Det finns inga r\u00f6riga banners, popup-f\u00f6nster eller irriterande annonser som avbryter fl\u00f6det.<\/p>\n<p>Den \u00f6vergripande estetiken \u00e4r ungdomlig och v\u00e4nlig, utan att f\u00f6rs\u00f6ka f\u00f6r h\u00e5rt f\u00f6r att tilltala en viss demografi. Det k\u00e4nns som en produkt som \u00e4r byggd f\u00f6r avslappnad interaktion - inte f\u00f6r vuxet inneh\u00e5ll och inte f\u00f6r dejting - vilket g\u00f6r den till en bra medelv\u00e4g.<\/p>\n<p>Sidladdningstiderna \u00e4r snabba, videokvaliteten \u00e4r solid och \u00f6verg\u00e5ngarna mellan chattar \u00e4r smidiga och f\u00f6rdr\u00f6jningsfria i de flesta fall. P\u00e5 mobilen k\u00e4nns plattformen n\u00e4stan som en app n\u00e4r det g\u00e4ller hastighet och anv\u00e4ndbarhet, vilket \u00e4r imponerande f\u00f6r en webbl\u00e4sarbaserad upplevelse.<\/p>\n<h2>VanaChat j\u00e4mf\u00f6rt med andra chattplattformar<\/h2>\n<p>L\u00e5t oss ta en titt p\u00e5 hur VanaChat j\u00e4mf\u00f6rs med n\u00e5gra andra ledande plattformar:<\/p>\n<table>\n<thead>\n<tr>\n<th>Funktion<\/th>\n<th>VanaChat<\/th>\n<th>Omegle<\/th>\n<th>ChatMatch<\/th>\n<th>Chatspin<\/th>\n<th>Emerald Chat<\/th>\n<\/tr>\n<\/thead>\n<tbody>\n<tr>\n<td>Videochatt<\/td>\n<td>Ja<\/td>\n<td>Ja<\/td>\n<td>Ja<\/td>\n<td>Ja<\/td>\n<td>Ja<\/td>\n<\/tr>\n<tr>\n<td>R\u00e4ntematchning<\/td>\n<td>Ja<\/td>\n<td>Nej<\/td>\n<td>Ja<\/td>\n<td>Ja<\/td>\n<td>Ja<\/td>\n<\/tr>\n<tr>\n<td>Profiler (tillval)<\/td>\n<td>Ja<\/td>\n<td>Nej<\/td>\n<td>Valfritt<\/td>\n<td>Valfritt<\/td>\n<td>Ja<\/td>\n<\/tr>\n<tr>\n<td>Reputationssystem<\/td>\n<td>Ja<\/td>\n<td>Nej<\/td>\n<td>Nej<\/td>\n<td>Nej<\/td>\n<td>Ja<\/td>\n<\/tr>\n<tr>\n<td>Filter f\u00f6r k\u00f6n\/region<\/td>\n<td>Betalade<\/td>\n<td>Betalade<\/td>\n<td>Betalade<\/td>\n<td>Gratis\/betald<\/td>\n<td>Ja<\/td>\n<\/tr>\n<tr>\n<td>Mobiloptimerad<\/td>\n<td>Ja<\/td>\n<td>M\u00e5ttlig<\/td>\n<td>Ja<\/td>\n<td>Utm\u00e4rkt<\/td>\n<td>Bra<\/td>\n<\/tr>\n<tr>\n<td>Modereringsverktyg<\/td>\n<td>Stark<\/td>\n<td>Svag<\/td>\n<td>M\u00e5ttlig<\/td>\n<td>Bra<\/td>\n<td>Stark<\/td>\n<\/tr>\n<tr>\n<td>Registrering kr\u00e4vs<\/td>\n<td>Nej<\/td>\n<td>Nej<\/td>\n<td>Valfritt<\/td>\n<td>Valfritt<\/td>\n<td>Ja<\/td>\n<\/tr>\n<\/tbody>\n<\/table>\n<h2>F\u00f6r- och nackdelar<\/h2>\n<p>F\u00f6rdelar:<\/p>\n<ul>\n<li>Gratis att anv\u00e4nda utan krav p\u00e5 inloggning<\/li>\n<li>Rent, modernt gr\u00e4nssnitt med snabb prestanda<\/li>\n<li>Intressebaserad matchning f\u00f6rb\u00e4ttrar samtalskvaliteten<\/li>\n<li>Ryktessystem bel\u00f6nar gott beteende<\/li>\n<li>Valfria profiler utan att vara p\u00e5tr\u00e4ngande<\/li>\n<li>Aktiv moderering och inneh\u00e5llsgranskning<\/li>\n<li>Mobilv\u00e4nlig utan att beh\u00f6va en app<\/li>\n<\/ul>\n<p>Nackdelar:<\/p>\n<ul>\n<li>Mindre anv\u00e4ndarbas \u00e4n plattformar som Omegle<\/li>\n<li>Filter f\u00f6r k\u00f6n och region kr\u00e4ver premium<\/li>\n<li>Kan fortfarande uts\u00e4ttas f\u00f6r enstaka ol\u00e4mpliga beteenden<\/li>\n<li>Ingen inbyggd \u00f6vers\u00e4ttare f\u00f6r internationella chattar<\/li>\n<li>\u00c4nnu inga funktioner f\u00f6r gruppchatt eller fleranv\u00e4ndare<\/li>\n<\/ul>\n<h2>Idealiska anv\u00e4ndningsfall<\/h2>\n<p>VanaChat \u00e4r perfekt f\u00f6r:<\/p>\n<ul>\n<li>Personer som tycker om en videochatt med lite mer struktur<\/li>\n<li>Anv\u00e4ndare som letar efter spontana men respektfulla konversationer<\/li>\n<li>Avslappnat umg\u00e4nge, l\u00e4tt flirtande och att tr\u00e4ffa nya m\u00e4nniskor globalt<\/li>\n<li>De som ogillar kaoset p\u00e5 omodererade plattformar som Omegle<\/li>\n<\/ul>\n<p>Den \u00e4r inte idealisk f\u00f6r:<\/p>\n<ul>\n<li>Anv\u00e4ndare som f\u00f6rv\u00e4ntar sig kurering eller matchmaking p\u00e5 dejtingappniv\u00e5<\/li>\n<li>De som letar efter gruppchattar eller \u00e4mnesbaserade chattrum<\/li>\n<li>Personer som f\u00f6redrar rent anonyma interaktioner via text<\/li>\n<\/ul>\n<h2>Slutligt omd\u00f6me<\/h2>\n<p>VanaChat \u00e4r ett uppfriskande tillskott till videochattlandskapet. Den kombinerar omedelbarheten hos slumpm\u00e4ssiga chattplattformar med n\u00e5gra moderna f\u00f6rb\u00e4ttringar - intressefilter, ryktessystem och valfria profiler - som g\u00f6r upplevelsen roligare och anv\u00e4ndarv\u00e4nligare.<\/p>\n<p>F\u00f6r dem som \u00e4r tr\u00f6tta p\u00e5 bots, troll eller NSFW-\u00f6verraskningar p\u00e5 andra webbplatser erbjuder VanaChat en renare, v\u00e4nligare och mer m\u00e4nsklig upplevelse. Den kanske inte har lika m\u00e5nga anv\u00e4ndare som de stora plattformarna, men det den saknar i skala kompenserar den f\u00f6r i kvalitet.<\/p>\n<p>Oavsett om du vill chatta med fr\u00e4mlingar, f\u00e5 v\u00e4nner eller bara f\u00f6rdriva tiden p\u00e5 ett mer socialt s\u00e4tt, \u00e4r VanaChat absolut v\u00e4rt att kolla in.<\/p>","protected":false},"excerpt":{"rendered":"<p>The world of random video chat apps is highly competitive, with platforms like Omegle, Chatroulette, and newer names like ChatMatch fighting for dominance. But every now and then, a new contender enters the space with a unique approach. VanaChat is one of those names. Positioned somewhere between a casual cam chat site and a lightweight [&hellip;]<\/p>\n","protected":false},"author":6,"featured_media":0,"parent":0,"menu_order":0,"comment_status":"closed","ping_status":"closed","template":"","meta":{"footnotes":""},"class_list":["post-12815","page","type-page","status-publish","hentry"],"yoast_head":"<!-- This site is optimized with the Yoast SEO plugin v27.4 - https:\/\/yoast.com\/product\/yoast-seo-wordpress\/ -->\n<title>VanaChat - Live video chat with girls on StrangerCam.com<\/title>\n<meta name=\"description\" content=\"Like VanaChat? Come chat with more than 5.000.000 strangers on Stranger Cam for Free! Turn on your cam and find new friends &amp; maby a match!\" \/>\n<meta name=\"robots\" content=\"index, follow, max-snippet:-1, max-image-preview:large, max-video-preview:-1\" \/>\n<link rel=\"canonical\" href=\"https:\/\/strangercam.com\/sv\/vanachat\/\" \/>\n<meta property=\"og:locale\" content=\"sv_SE\" \/>\n<meta property=\"og:type\" content=\"article\" \/>\n<meta property=\"og:title\" content=\"VanaChat - Live video chat with girls on StrangerCam.com\" \/>\n<meta property=\"og:description\" content=\"Like VanaChat? Come chat with more than 5.000.000 strangers on Stranger Cam for Free! Turn on your cam and find new friends &amp; maby a match!\" \/>\n<meta property=\"og:url\" content=\"https:\/\/strangercam.com\/sv\/vanachat\/\" \/>\n<meta property=\"og:site_name\" content=\"Strangercam\" \/>\n<meta property=\"article:publisher\" content=\"https:\/\/www.facebook.com\/strangercam\" \/>\n<meta property=\"og:image\" content=\"https:\/\/strangercam.com\/wp-content\/uploads\/2021\/10\/Untitled-2.png\" \/>\n\t<meta property=\"og:image:width\" content=\"800\" \/>\n\t<meta property=\"og:image:height\" content=\"532\" \/>\n\t<meta property=\"og:image:type\" content=\"image\/png\" \/>\n<meta name=\"twitter:card\" content=\"summary_large_image\" \/>\n<meta name=\"twitter:site\" content=\"@strangercamapp\" \/>\n<meta name=\"twitter:label1\" content=\"Ber\u00e4knad l\u00e4stid\" \/>\n\t<meta name=\"twitter:data1\" content=\"7 minuter\" \/>\n<script type=\"application\/ld+json\" class=\"yoast-schema-graph\">{\"@context\":\"https:\\\/\\\/schema.org\",\"@graph\":[{\"@type\":\"WebPage\",\"@id\":\"https:\\\/\\\/strangercam.com\\\/vanachat\\\/\",\"url\":\"https:\\\/\\\/strangercam.com\\\/vanachat\\\/\",\"name\":\"VanaChat - Live video chat with girls on StrangerCam.com\",\"isPartOf\":{\"@id\":\"https:\\\/\\\/strangercam.com\\\/#website\"},\"datePublished\":\"2025-04-22T11:50:44+00:00\",\"description\":\"Like VanaChat? Come chat with more than 5.000.000 strangers on Stranger Cam for Free! Turn on your cam and find new friends & maby a match!\",\"breadcrumb\":{\"@id\":\"https:\\\/\\\/strangercam.com\\\/vanachat\\\/#breadcrumb\"},\"inLanguage\":\"sv-SE\",\"potentialAction\":[{\"@type\":\"ReadAction\",\"target\":[\"https:\\\/\\\/strangercam.com\\\/vanachat\\\/\"]}]},{\"@type\":\"BreadcrumbList\",\"@id\":\"https:\\\/\\\/strangercam.com\\\/vanachat\\\/#breadcrumb\",\"itemListElement\":[{\"@type\":\"ListItem\",\"position\":1,\"name\":\"Home\",\"item\":\"https:\\\/\\\/strangercam.com\\\/\"},{\"@type\":\"ListItem\",\"position\":2,\"name\":\"VanaChat\"}]},{\"@type\":\"WebSite\",\"@id\":\"https:\\\/\\\/strangercam.com\\\/#website\",\"url\":\"https:\\\/\\\/strangercam.com\\\/\",\"name\":\"Strangercam\",\"description\":\"Random Video Chat with Strangers\",\"publisher\":{\"@id\":\"https:\\\/\\\/strangercam.com\\\/#organization\"},\"alternateName\":\"Strangercam.com\",\"potentialAction\":[{\"@type\":\"SearchAction\",\"target\":{\"@type\":\"EntryPoint\",\"urlTemplate\":\"https:\\\/\\\/strangercam.com\\\/?s={search_term_string}\"},\"query-input\":{\"@type\":\"PropertyValueSpecification\",\"valueRequired\":true,\"valueName\":\"search_term_string\"}}],\"inLanguage\":\"sv-SE\"},{\"@type\":\"Organization\",\"@id\":\"https:\\\/\\\/strangercam.com\\\/#organization\",\"name\":\"Strangercam\",\"alternateName\":\"Strangercam.com\",\"url\":\"https:\\\/\\\/strangercam.com\\\/\",\"logo\":{\"@type\":\"ImageObject\",\"inLanguage\":\"sv-SE\",\"@id\":\"https:\\\/\\\/strangercam.com\\\/#\\\/schema\\\/logo\\\/image\\\/\",\"url\":\"https:\\\/\\\/strangercam.com\\\/wp-content\\\/uploads\\\/2020\\\/11\\\/cropped-new-favicon-black.png\",\"contentUrl\":\"https:\\\/\\\/strangercam.com\\\/wp-content\\\/uploads\\\/2020\\\/11\\\/cropped-new-favicon-black.png\",\"width\":512,\"height\":512,\"caption\":\"Strangercam\"},\"image\":{\"@id\":\"https:\\\/\\\/strangercam.com\\\/#\\\/schema\\\/logo\\\/image\\\/\"},\"sameAs\":[\"https:\\\/\\\/www.facebook.com\\\/strangercam\",\"https:\\\/\\\/x.com\\\/strangercamapp\"]}]}<\/script>\n<!-- \/ Yoast SEO plugin. -->","yoast_head_json":{"title":"VanaChat - Live videochatt med tjejer p\u00e5 StrangerCam.com","description":"Gillar du VanaChat? Kom och chatta med mer \u00e4n 5.000.000 fr\u00e4mlingar p\u00e5 Stranger Cam helt gratis! Sl\u00e5 p\u00e5 din kamera och hitta nya v\u00e4nner och kanske en match!","robots":{"index":"index","follow":"follow","max-snippet":"max-snippet:-1","max-image-preview":"max-image-preview:large","max-video-preview":"max-video-preview:-1"},"canonical":"https:\/\/strangercam.com\/sv\/vanachat\/","og_locale":"sv_SE","og_type":"article","og_title":"VanaChat - Live video chat with girls on StrangerCam.com","og_description":"Like VanaChat? Come chat with more than 5.000.000 strangers on Stranger Cam for Free! Turn on your cam and find new friends & maby a match!","og_url":"https:\/\/strangercam.com\/sv\/vanachat\/","og_site_name":"Strangercam","article_publisher":"https:\/\/www.facebook.com\/strangercam","og_image":[{"width":800,"height":532,"url":"https:\/\/strangercam.com\/wp-content\/uploads\/2021\/10\/Untitled-2.png","type":"image\/png"}],"twitter_card":"summary_large_image","twitter_site":"@strangercamapp","twitter_misc":{"Ber\u00e4knad l\u00e4stid":"7 minuter"},"schema":{"@context":"https:\/\/schema.org","@graph":[{"@type":"WebPage","@id":"https:\/\/strangercam.com\/vanachat\/","url":"https:\/\/strangercam.com\/vanachat\/","name":"VanaChat - Live videochatt med tjejer p\u00e5 StrangerCam.com","isPartOf":{"@id":"https:\/\/strangercam.com\/#website"},"datePublished":"2025-04-22T11:50:44+00:00","description":"Gillar du VanaChat? Kom och chatta med mer \u00e4n 5.000.000 fr\u00e4mlingar p\u00e5 Stranger Cam helt gratis! Sl\u00e5 p\u00e5 din kamera och hitta nya v\u00e4nner och kanske en match!","breadcrumb":{"@id":"https:\/\/strangercam.com\/vanachat\/#breadcrumb"},"inLanguage":"sv-SE","potentialAction":[{"@type":"ReadAction","target":["https:\/\/strangercam.com\/vanachat\/"]}]},{"@type":"BreadcrumbList","@id":"https:\/\/strangercam.com\/vanachat\/#breadcrumb","itemListElement":[{"@type":"ListItem","position":1,"name":"Home","item":"https:\/\/strangercam.com\/"},{"@type":"ListItem","position":2,"name":"VanaChat"}]},{"@type":"WebSite","@id":"https:\/\/strangercam.com\/#website","url":"https:\/\/strangercam.com\/","name":"Strangercam","description":"Slumpm\u00e4ssig videochatt med fr\u00e4mlingar","publisher":{"@id":"https:\/\/strangercam.com\/#organization"},"alternateName":"Strangercam.com","potentialAction":[{"@type":"SearchAction","target":{"@type":"EntryPoint","urlTemplate":"https:\/\/strangercam.com\/?s={search_term_string}"},"query-input":{"@type":"PropertyValueSpecification","valueRequired":true,"valueName":"search_term_string"}}],"inLanguage":"sv-SE"},{"@type":"Organization","@id":"https:\/\/strangercam.com\/#organization","name":"Strangercam","alternateName":"Strangercam.com","url":"https:\/\/strangercam.com\/","logo":{"@type":"ImageObject","inLanguage":"sv-SE","@id":"https:\/\/strangercam.com\/#\/schema\/logo\/image\/","url":"https:\/\/strangercam.com\/wp-content\/uploads\/2020\/11\/cropped-new-favicon-black.png","contentUrl":"https:\/\/strangercam.com\/wp-content\/uploads\/2020\/11\/cropped-new-favicon-black.png","width":512,"height":512,"caption":"Strangercam"},"image":{"@id":"https:\/\/strangercam.com\/#\/schema\/logo\/image\/"},"sameAs":["https:\/\/www.facebook.com\/strangercam","https:\/\/x.com\/strangercamapp"]}]}},"_links":{"self":[{"href":"https:\/\/strangercam.com\/sv\/wp-json\/wp\/v2\/pages\/12815","targetHints":{"allow":["GET"]}}],"collection":[{"href":"https:\/\/strangercam.com\/sv\/wp-json\/wp\/v2\/pages"}],"about":[{"href":"https:\/\/strangercam.com\/sv\/wp-json\/wp\/v2\/types\/page"}],"author":[{"embeddable":true,"href":"https:\/\/strangercam.com\/sv\/wp-json\/wp\/v2\/users\/6"}],"replies":[{"embeddable":true,"href":"https:\/\/strangercam.com\/sv\/wp-json\/wp\/v2\/comments?post=12815"}],"version-history":[{"count":2,"href":"https:\/\/strangercam.com\/sv\/wp-json\/wp\/v2\/pages\/12815\/revisions"}],"predecessor-version":[{"id":12817,"href":"https:\/\/strangercam.com\/sv\/wp-json\/wp\/v2\/pages\/12815\/revisions\/12817"}],"wp:attachment":[{"href":"https:\/\/strangercam.com\/sv\/wp-json\/wp\/v2\/media?parent=12815"}],"curies":[{"name":"wp","href":"https:\/\/api.w.org\/{rel}","templated":true}]}}