{"id":12812,"date":"2025-04-22T13:45:21","date_gmt":"2025-04-22T11:45:21","guid":{"rendered":"https:\/\/strangercam.com\/?page_id=12812"},"modified":"2025-04-22T13:45:21","modified_gmt":"2025-04-22T11:45:21","slug":"chattmatch","status":"publish","type":"page","link":"https:\/\/strangercam.com\/sv\/chatmatch\/","title":{"rendered":"ChatMatch"},"content":{"rendered":"<p>Eftersom online <a href=\"https:\/\/strangercam.com\/sv\/chathub\/\">chatt<\/a> blir allt mer tr\u00e5ngt, t\u00e4vlar plattformarna om att sticka ut med smartare funktioner, renare design och b\u00e4ttre anv\u00e4ndarupplevelser. En plattform som b\u00f6rjar g\u00f6ra sig ett namn \u00e4r ChatMatch - en webbaserad slumpm\u00e4ssig videochattj\u00e4nst som lutar sig mot algoritmisk matchning och interaktion i realtid utan att kompromissa med enkelheten.<\/p>\n<p>Men \u00e4r ChatMatch bara ett annat ansikte i m\u00e4ngden, eller ger det n\u00e5got nytt till bordet? I den h\u00e4r djupg\u00e5ende recensionen bryter vi ner allt du beh\u00f6ver veta om ChatMatch: hur det fungerar, vem det \u00e4r f\u00f6r, vad det erbjuder och om det \u00e4r v\u00e4rt din tid i det nuvarande landskapet med slumpm\u00e4ssiga videochattappar.<\/p>\n<h2>Vad \u00e4r ChatMatch?<\/h2>\n<p>ChatMatch \u00e4r en onlineplattform som kopplar samman fr\u00e4mlingar via videochatt, med en twist - ist\u00e4llet f\u00f6r att vara helt slumpm\u00e4ssig som <a href=\"https:\/\/strangercam.com\/sv\/omegle\/\">Omegle<\/a> eller <a href=\"https:\/\/strangercam.com\/sv\/chatroulette\/\">Chatroulette<\/a>ChatMatch introducerar smarta matchningsfunktioner som f\u00f6rs\u00f6ker para ihop anv\u00e4ndare baserat p\u00e5 gemensamma intressen, plats eller k\u00f6nspreferens.<\/p>\n<p>ChatMatch lanserades i b\u00f6rjan av 2020-talet och har l\u00e5ngsamt vuxit till en lojal bas av anv\u00e4ndare som letar efter n\u00e5got lite mer avsiktligt \u00e4n ren slumpm\u00e4ssighet. Det erbjuder en webbkamera-f\u00f6rst-upplevelse som riktar sig till m\u00e4nniskor som vill skapa riktiga kontakter, oavsett om det g\u00e4ller v\u00e4nskap, avslappnad flirt eller till och med dejting.<\/p>\n<p>\u00c4ven om det inte \u00e4r en fullfj\u00e4drad dejtingapp, g\u00e5r ChatMatch gr\u00e4nsen mellan omedelbar videochatt och l\u00e4tt matchmaking, vilket g\u00f6r den idealisk f\u00f6r anv\u00e4ndare som vill g\u00e5 l\u00e4ngre \u00e4n meningsl\u00f6st sm\u00e5prat.<\/p>\n<h2>Vad \u00e4r m\u00e5let med ChatMatch?<\/h2>\n<p>ChatMatchs prim\u00e4ra m\u00e5l \u00e4r att skapa mer meningsfulla interaktioner i v\u00e4rlden av online videochatt. Till skillnad fr\u00e5n traditionella plattformar d\u00e4r anv\u00e4ndare matchas helt slumpm\u00e4ssigt - vilket ofta leder till missmatchningar eller kortlivade chattar - f\u00f6rs\u00f6ker ChatMatch ge dig en b\u00e4ttre chans att hitta n\u00e5gon du faktiskt \u00e4r intresserad av att prata med.<\/p>\n<p>Den \u00e4r byggd f\u00f6r:<\/p>\n<ul>\n<li>M\u00e4nniskor som vill ha snabba, direkta kontakter med ett m\u00e4nskligt ansikte<\/li>\n<li>Anv\u00e4ndare som s\u00f6ker semi-kuraterade upplevelser utan fullst\u00e4ndiga dejtingprofiler<\/li>\n<li>Personer som \u00e4r tr\u00f6tta p\u00e5 troll, botar eller rent vuxeninriktade <a href=\"https:\/\/strangercam.com\/sv\/bazoocam\/\">kam<\/a> platser<\/li>\n<li>Alla som \u00e4r \u00f6ppna f\u00f6r avslappnat umg\u00e4nge, l\u00e4tt flirt eller potentiell dejting<\/li>\n<\/ul>\n<h2>Viktiga funktioner<\/h2>\n<p>1. Omedelbar matchning av video<br \/>\nK\u00e4rnan i ChatMatch \u00e4r dess slumpm\u00e4ssiga videochatt, d\u00e4r du paras ihop med en annan anv\u00e4ndare direkt. Gr\u00e4nssnittet \u00e4r snyggt och modernt, med st\u00f6d f\u00f6r HD-video och tydligt ljud. Till skillnad fr\u00e5n \u00e4ldre plattformar k\u00e4nns ChatMatch inte f\u00f6r\u00e5ldrat eller klumpigt.<\/p>\n<p>2. Matchande preferenser<br \/>\nDet \u00e4r h\u00e4r ChatMatch skiljer sig fr\u00e5n varandra. Anv\u00e4ndare kan v\u00e4lja preferenser baserat p\u00e5:<\/p>\n<ul>\n<li>K\u00f6n (man, kvinna eller alla)<\/li>\n<li>Region eller spr\u00e5k<\/li>\n<li>Delade intressen (valda fr\u00e5n en tagg- eller kategorilista)<\/li>\n<\/ul>\n<p>De h\u00e4r filtren \u00e4r inte perfekta, men de hj\u00e4lper till att minska antalet helt irrelevanta matchningar och leder till b\u00e4ttre konversationer.<\/p>\n<p>3. St\u00f6d f\u00f6r textchatt<br \/>\n\u00c4r du inte redo att b\u00f6rja filma direkt? D\u00e5 \u00e4r det inget problem. ChatMatch har ett inbyggt textchattalternativ som fungerar tillsammans med video, vilket g\u00f6r det m\u00f6jligt f\u00f6r anv\u00e4ndare att bryta isen via meddelanden innan de engagerar sig helt ansikte mot ansikte.<\/p>\n<p>4. Konto- och profilsystem (valfritt)<br \/>\nTill skillnad fr\u00e5n plattformar som Omegle l\u00e5ter ChatMatch dig valfritt skapa en profil. Du kan ladda upp en visningsbild, v\u00e4lja intressen och till och med l\u00e4nka din Instagram (om du k\u00e4nner dig bekv\u00e4m). Att skapa en profil \u00e4r valfritt, men att ha en \u00f6kar dina chanser att matchas med liknande anv\u00e4ndare.<\/p>\n<p>5. Mobilanpassad design<br \/>\nChatMatch \u00e4r helt optimerad f\u00f6r mobil. Den laddas snabbt, anpassar sig till mindre sk\u00e4rmar och uppr\u00e4tth\u00e5ller funktionaliteten p\u00e5 de flesta enheter. \u00c4ven om det inte finns n\u00e5gon frist\u00e5ende app \u00e4nnu, \u00e4r den mobila webbl\u00e4sarupplevelsen smidig och tillg\u00e4nglig.<\/p>\n<p>6. Moderering och rapportering av anv\u00e4ndare<br \/>\nPlattformen har inbyggda modereringsverktyg, inklusive:<\/p>\n<ul>\n<li>En rapportknapp f\u00f6r ol\u00e4mpligt beteende<\/li>\n<li>En blockfunktion<\/li>\n<li>AI-baserad uppt\u00e4ckt av nakenhet och skr\u00e4ppost<\/li>\n<\/ul>\n<p>\u00c4ven om inget system \u00e4r perfekt, g\u00f6r ChatMatch ett b\u00e4ttre jobb \u00e4n de flesta n\u00e4r det g\u00e4ller att h\u00e5lla milj\u00f6n relativt ren och respektfull.<\/p>\n<h2>\u00c4r ChatMatch gratis?<\/h2>\n<p>ChatMatch erbjuder en freemium-modell.<\/p>\n<p>Gratis anv\u00e4ndare kan:<\/p>\n<ul>\n<li>Delta i slumpm\u00e4ssiga videochattar<\/li>\n<li>Ange grundl\u00e4ggande matchningspreferenser<\/li>\n<li>Anv\u00e4nd plattformen utan tidsbegr\u00e4nsning<\/li>\n<\/ul>\n<p>Betalande anv\u00e4ndare f\u00e5r tillg\u00e5ng till:<\/p>\n<ul>\n<li>Mer f\u00f6rfinad matchning (inklusive avancerade filter efter land, spr\u00e5k eller intressen)<\/li>\n<li>En boost-funktion som placerar dig f\u00f6rst i k\u00f6n<\/li>\n<li>Annonsfri upplevelse<\/li>\n<li>Premiumm\u00e4rke och \u00f6kad synlighet<\/li>\n<\/ul>\n<p>Premiumplanen \u00e4r prisv\u00e4rd (vanligtvis under $10\/m\u00e5nad), och \u00e4ven om det inte \u00e4r n\u00f6dv\u00e4ndigt f\u00f6r att njuta av plattformen \u00e4r det en bra uppgradering f\u00f6r anv\u00e4ndare som vill ha b\u00e4ttre matchningar och f\u00e4rre avbrott.<\/p>\n<h2>Vem anv\u00e4nder ChatMatch?<\/h2>\n<p>ChatMatch har attraherat en ganska balanserad och internationell anv\u00e4ndarbas. Plattformen \u00e4r popul\u00e4r i:<\/p>\n<ul>\n<li>Nordamerika<\/li>\n<li>V\u00e4steuropa<\/li>\n<li>Syd\u00f6stra Asien<\/li>\n<\/ul>\n<p>N\u00e4r det g\u00e4ller demografi:<\/p>\n<ul>\n<li>Anv\u00e4ndarna \u00e4r vanligtvis i \u00e5ldern 18-35 \u00e5r<\/li>\n<li>Ett relativt balanserat f\u00f6rh\u00e5llande mellan m\u00e4n och kvinnor (b\u00e4ttre \u00e4n hos m\u00e5nga konkurrenter)<\/li>\n<li>M\u00e5nga anv\u00e4ndare \u00e4r \u00f6ppna f\u00f6r tillf\u00e4llig dejting eller flirt, medan andra bara \u00e4r d\u00e4r f\u00f6r att chatta<\/li>\n<\/ul>\n<p>Denna variation \u00e4r en del av ChatMatchs \u00f6verklagande - webbplatsen lyckas vara avslappnad utan att k\u00e4nna sig slampig och social utan att vara alltf\u00f6r allvarlig.<\/p>\n<h2>S\u00e4kerhet och m\u00e5ttfullhet<\/h2>\n<p>Onlinechattplattformar \u00e4r alltid en blandad p\u00e5se n\u00e4r det g\u00e4ller s\u00e4kerhet, men ChatMatch hanterar det b\u00e4ttre \u00e4n m\u00e5nga.<\/p>\n<p>H\u00e4r \u00e4r vad den g\u00f6r bra:<\/p>\n<ul>\n<li>Automatiserad inneh\u00e5llsfiltrering f\u00f6r att uppt\u00e4cka nakenhet eller st\u00f6tande inneh\u00e5ll<\/li>\n<li>Verktyg f\u00f6r anv\u00e4ndarrapportering och blockering som faktiskt fungerar<\/li>\n<li>Aktivt modereringsteam som granskar flaggade anv\u00e4ndare<\/li>\n<li>Du beh\u00f6ver inte dela med dig av personlig information eller ansluta sociala konton om du inte v\u00e4ljer att g\u00f6ra det<\/li>\n<\/ul>\n<p>Men som med alla chattplattformar b\u00f6r anv\u00e4ndarna vidta vanliga f\u00f6rsiktighets\u00e5tg\u00e4rder:<\/p>\n<ul>\n<li>Dela inte med dig av privata uppgifter (e-post, telefonnummer, plats)<\/li>\n<li>Klicka inte p\u00e5 misst\u00e4nkta l\u00e4nkar<\/li>\n<li>Anv\u00e4nd block- och rapportfunktionerna frikostigt<\/li>\n<li>Om du \u00e4r under\u00e5rig ska du undvika plattformen - den \u00e4r endast tillg\u00e4nglig f\u00f6r personer som fyllt 18 \u00e5r<\/li>\n<\/ul>\n<h2>Anv\u00e4ndarupplevelse och gr\u00e4nssnitt<\/h2>\n<p>ChatMatchs design \u00e4r en av dess b\u00e4sta funktioner. Det \u00e4r snyggt, modernt och snyggt. Videofl\u00f6dena \u00e4r stora, knapparna \u00e4r intuitiva och inst\u00e4llningarna \u00e4r l\u00e4tta att hitta. Oavsett om du anv\u00e4nder den p\u00e5 skrivbordet eller mobilen anpassar sig layouten bra, med fokus p\u00e5 att h\u00e5lla saker distraktionsfria.<\/p>\n<p>Laddningstiderna \u00e4r snabba, det finns lite f\u00f6rdr\u00f6jning \u00e4ven p\u00e5 l\u00e5ngsammare anslutningar, och \u00f6verlag k\u00e4nns plattformen stabil och professionellt byggd. Den \u00f6verv\u00e4ldigar dig inte med popup-f\u00f6nster, aviseringar eller skr\u00e4ppostannonser - en uppfriskande f\u00f6r\u00e4ndring fr\u00e5n m\u00e5nga andra gratis chattplattformar.<\/p>\n<h2>ChatMatch vs andra chattplattformar<\/h2>\n<p>L\u00e5t oss se hur ChatMatch st\u00e5r sig mot n\u00e5gra av sina popul\u00e4ra konkurrenter:<\/p>\n<table>\n<thead>\n<tr>\n<th>Funktion<\/th>\n<th>ChatMatch<\/th>\n<th>Omegle<\/th>\n<th>Chatroulette<\/th>\n<th>Chatspin<\/th>\n<th>Emerald Chat<\/th>\n<\/tr>\n<\/thead>\n<tbody>\n<tr>\n<td>Videochatt<\/td>\n<td>Ja<\/td>\n<td>Ja<\/td>\n<td>Ja<\/td>\n<td>Ja<\/td>\n<td>Ja<\/td>\n<\/tr>\n<tr>\n<td>Matchande preferenser<\/td>\n<td>Ja<\/td>\n<td>Begr\u00e4nsad<\/td>\n<td>Nej<\/td>\n<td>Ja<\/td>\n<td>Ja<\/td>\n<\/tr>\n<tr>\n<td>Alternativ f\u00f6r textchatt<\/td>\n<td>Ja<\/td>\n<td>Ja<\/td>\n<td>Nej<\/td>\n<td>Ja<\/td>\n<td>Ja<\/td>\n<\/tr>\n<tr>\n<td>Registrering kr\u00e4vs<\/td>\n<td>Valfritt<\/td>\n<td>Nej<\/td>\n<td>Nej<\/td>\n<td>Valfritt<\/td>\n<td>Ja<\/td>\n<\/tr>\n<tr>\n<td>Mobiloptimerad<\/td>\n<td>Ja<\/td>\n<td>Bra<\/td>\n<td>R\u00e4ttvist<\/td>\n<td>Utm\u00e4rkt<\/td>\n<td>Bra<\/td>\n<\/tr>\n<tr>\n<td>Moderering<\/td>\n<td>Bra<\/td>\n<td>Svag<\/td>\n<td>Minimal<\/td>\n<td>M\u00e5ttlig<\/td>\n<td>Bra<\/td>\n<\/tr>\n<tr>\n<td>Betalda funktioner<\/td>\n<td>Valfritt<\/td>\n<td>Nej<\/td>\n<td>Nej<\/td>\n<td>Ja<\/td>\n<td>Ja<\/td>\n<\/tr>\n<\/tbody>\n<\/table>\n<p>Som tabellen visar balanserar ChatMatch enkelheten hos Omegle med sofistikeringen hos plattformar som Emerald Chat, och erbjuder en hybridupplevelse som ger dig det b\u00e4sta av tv\u00e5 v\u00e4rldar.<\/p>\n<h2>F\u00f6r- och nackdelar<\/h2>\n<p>Proffs<\/p>\n<ul>\n<li>Rent och modernt gr\u00e4nssnitt<\/li>\n<li>Matchande filter f\u00f6rb\u00e4ttrar samtalskvaliteten<\/li>\n<li>Valfria profiler utan tvingande registrering<\/li>\n<li>S\u00e4krare milj\u00f6 \u00e4n de flesta gratis videochattplattformar<\/li>\n<li>Alternativ f\u00f6r text- och videochatt tillg\u00e4ngliga<\/li>\n<li>Fungerar bra p\u00e5 b\u00e5de mobil och dator<\/li>\n<li>Freemium-modell med v\u00e4rdefulla premiumuppgraderingar<\/li>\n<\/ul>\n<p>Nackdelar<\/p>\n<ul>\n<li>Fortfarande f\u00f6rem\u00e5l f\u00f6r enstaka ol\u00e4mpligt inneh\u00e5ll<\/li>\n<li>K\u00f6nsfilter och matchning av intressen \u00e4r inte perfekta<\/li>\n<li>Ingen frist\u00e5ende mobilapp \u00e4nnu<\/li>\n<li>Mindre anv\u00e4ndarbas \u00e4n Omegle eller Chatroulette<\/li>\n<li>Inte idealisk f\u00f6r l\u00e5ngvarig dejting eller relationsbyggande<\/li>\n<\/ul>\n<h2>Idealiska anv\u00e4ndningsfall<\/h2>\n<p>ChatMatch \u00e4r perfekt f\u00f6r:<\/p>\n<ul>\n<li>Personer som vill ha avslappnade sociala videochattar med b\u00e4ttre matchning \u00e4n total slumpm\u00e4ssighet<\/li>\n<li>Anv\u00e4ndare som letar efter l\u00e4tt flirt eller rolig konversation<\/li>\n<li>De som s\u00f6ker ett s\u00e4krare och mer respektfullt alternativ till andra videochattplattformar<\/li>\n<li>Alla som vill chatta utan att skapa en fullst\u00e4ndig profil eller ladda ner en app<\/li>\n<\/ul>\n<p>Den \u00e4r inte idealisk f\u00f6r:<\/p>\n<ul>\n<li>Anv\u00e4ndare som f\u00f6rv\u00e4ntar sig djupa relationer eller kompatibilitet p\u00e5 dejtingappniv\u00e5<\/li>\n<li>Personer som f\u00f6redrar anonyma chattar med enbart text<\/li>\n<li>De som letar efter massiva anv\u00e4ndarvolymer som p\u00e5 Omegle<\/li>\n<\/ul>\n<h2>Slutligt omd\u00f6me<\/h2>\n<p>ChatMatch \u00e4r en av de mer balanserade och genomt\u00e4nkta designade videochattplattformarna som finns tillg\u00e4ngliga. Det g\u00f6r ett bra jobb med att kombinera spontanitet med en k\u00e4nsla av struktur. Oavsett om du \u00e4r d\u00e4r f\u00f6r att <a href=\"https:\/\/strangercam.com\/sv\/coomeet\/\">tr\u00e4ffas<\/a> nya m\u00e4nniskor, flirta eller bara prata med n\u00e5gon utanf\u00f6r din vanliga krets, erbjuder det en smidig, s\u00e4ker och trevlig upplevelse.<\/p>\n<p>M\u00f6jligheten att anv\u00e4nda plattformen gratis, i kombination med anv\u00e4ndbara (men valfria) uppgraderingar, g\u00f6r den tillg\u00e4nglig f\u00f6r alla typer av anv\u00e4ndare. Det f\u00f6rs\u00f6ker inte vara en dejtingsajt eller en app f\u00f6r sociala medier - och den tydligheten i syftet fungerar till dess f\u00f6rdel.<\/p>\n<h2>\u00c4r ChatMatch v\u00e4rt att prova?<\/h2>\n<p>Ja, absolut. Om du har varit frustrerad \u00f6ver den kaotiska, omodererade k\u00e4nslan av \u00e4ldre chattplattformar, erbjuder ChatMatch ett b\u00e4ttre alternativ. Den \u00e4r modern, v\u00e4lbyggd och ger dig lite mer kontroll \u00f6ver vem du chattar med - utan att f\u00f6rst\u00f6ra spontaniteten.<\/p>\n<p>Om du letar efter ett smartare s\u00e4tt att chatta med fr\u00e4mlingar online f\u00f6rtj\u00e4nar ChatMatch en plats p\u00e5 din radar.<\/p>","protected":false},"excerpt":{"rendered":"<p>As the online chat space becomes more crowded, platforms are racing to stand out with smarter features, cleaner designs, and better user experiences. One platform that\u2019s starting to make a name for itself is ChatMatch \u2014 a web-based random video chat service that leans into algorithmic matching and real-time interaction without compromising on simplicity. But [&hellip;]<\/p>\n","protected":false},"author":6,"featured_media":0,"parent":0,"menu_order":0,"comment_status":"closed","ping_status":"closed","template":"","meta":{"footnotes":""},"class_list":["post-12812","page","type-page","status-publish","hentry"],"yoast_head":"<!-- This site is optimized with the Yoast SEO plugin v27.4 - https:\/\/yoast.com\/product\/yoast-seo-wordpress\/ -->\n<title>ChatMatch - Live video chat with girls on StrangerCam.com<\/title>\n<meta name=\"description\" content=\"Like ChatMatch? Come chat with more than 5.000.000 strangers on Stranger Cam for Free! Turn on your cam and find new friends &amp; maby a match!\" \/>\n<meta name=\"robots\" content=\"index, follow, max-snippet:-1, max-image-preview:large, max-video-preview:-1\" \/>\n<link rel=\"canonical\" href=\"https:\/\/strangercam.com\/sv\/chattmatch\/\" \/>\n<meta property=\"og:locale\" content=\"sv_SE\" \/>\n<meta property=\"og:type\" content=\"article\" \/>\n<meta property=\"og:title\" content=\"ChatMatch - Live video chat with girls on StrangerCam.com\" \/>\n<meta property=\"og:description\" content=\"Like ChatMatch? Come chat with more than 5.000.000 strangers on Stranger Cam for Free! Turn on your cam and find new friends &amp; maby a match!\" \/>\n<meta property=\"og:url\" content=\"https:\/\/strangercam.com\/sv\/chattmatch\/\" \/>\n<meta property=\"og:site_name\" content=\"Strangercam\" \/>\n<meta property=\"article:publisher\" content=\"https:\/\/www.facebook.com\/strangercam\" \/>\n<meta property=\"og:image\" content=\"https:\/\/strangercam.com\/wp-content\/uploads\/2021\/10\/Untitled-2.png\" \/>\n\t<meta property=\"og:image:width\" content=\"800\" \/>\n\t<meta property=\"og:image:height\" content=\"532\" \/>\n\t<meta property=\"og:image:type\" content=\"image\/png\" \/>\n<meta name=\"twitter:card\" content=\"summary_large_image\" \/>\n<meta name=\"twitter:site\" content=\"@strangercamapp\" \/>\n<meta name=\"twitter:label1\" content=\"Ber\u00e4knad l\u00e4stid\" \/>\n\t<meta name=\"twitter:data1\" content=\"7 minuter\" \/>\n<script type=\"application\/ld+json\" class=\"yoast-schema-graph\">{\"@context\":\"https:\\\/\\\/schema.org\",\"@graph\":[{\"@type\":\"WebPage\",\"@id\":\"https:\\\/\\\/strangercam.com\\\/chatmatch\\\/\",\"url\":\"https:\\\/\\\/strangercam.com\\\/chatmatch\\\/\",\"name\":\"ChatMatch - Live video chat with girls on StrangerCam.com\",\"isPartOf\":{\"@id\":\"https:\\\/\\\/strangercam.com\\\/#website\"},\"datePublished\":\"2025-04-22T11:45:21+00:00\",\"description\":\"Like ChatMatch? Come chat with more than 5.000.000 strangers on Stranger Cam for Free! Turn on your cam and find new friends & maby a match!\",\"breadcrumb\":{\"@id\":\"https:\\\/\\\/strangercam.com\\\/chatmatch\\\/#breadcrumb\"},\"inLanguage\":\"sv-SE\",\"potentialAction\":[{\"@type\":\"ReadAction\",\"target\":[\"https:\\\/\\\/strangercam.com\\\/chatmatch\\\/\"]}]},{\"@type\":\"BreadcrumbList\",\"@id\":\"https:\\\/\\\/strangercam.com\\\/chatmatch\\\/#breadcrumb\",\"itemListElement\":[{\"@type\":\"ListItem\",\"position\":1,\"name\":\"Home\",\"item\":\"https:\\\/\\\/strangercam.com\\\/\"},{\"@type\":\"ListItem\",\"position\":2,\"name\":\"ChatMatch\"}]},{\"@type\":\"WebSite\",\"@id\":\"https:\\\/\\\/strangercam.com\\\/#website\",\"url\":\"https:\\\/\\\/strangercam.com\\\/\",\"name\":\"Strangercam\",\"description\":\"Random Video Chat with Strangers\",\"publisher\":{\"@id\":\"https:\\\/\\\/strangercam.com\\\/#organization\"},\"alternateName\":\"Strangercam.com\",\"potentialAction\":[{\"@type\":\"SearchAction\",\"target\":{\"@type\":\"EntryPoint\",\"urlTemplate\":\"https:\\\/\\\/strangercam.com\\\/?s={search_term_string}\"},\"query-input\":{\"@type\":\"PropertyValueSpecification\",\"valueRequired\":true,\"valueName\":\"search_term_string\"}}],\"inLanguage\":\"sv-SE\"},{\"@type\":\"Organization\",\"@id\":\"https:\\\/\\\/strangercam.com\\\/#organization\",\"name\":\"Strangercam\",\"alternateName\":\"Strangercam.com\",\"url\":\"https:\\\/\\\/strangercam.com\\\/\",\"logo\":{\"@type\":\"ImageObject\",\"inLanguage\":\"sv-SE\",\"@id\":\"https:\\\/\\\/strangercam.com\\\/#\\\/schema\\\/logo\\\/image\\\/\",\"url\":\"https:\\\/\\\/strangercam.com\\\/wp-content\\\/uploads\\\/2020\\\/11\\\/cropped-new-favicon-black.png\",\"contentUrl\":\"https:\\\/\\\/strangercam.com\\\/wp-content\\\/uploads\\\/2020\\\/11\\\/cropped-new-favicon-black.png\",\"width\":512,\"height\":512,\"caption\":\"Strangercam\"},\"image\":{\"@id\":\"https:\\\/\\\/strangercam.com\\\/#\\\/schema\\\/logo\\\/image\\\/\"},\"sameAs\":[\"https:\\\/\\\/www.facebook.com\\\/strangercam\",\"https:\\\/\\\/x.com\\\/strangercamapp\"]}]}<\/script>\n<!-- \/ Yoast SEO plugin. -->","yoast_head_json":{"title":"ChatMatch - Live videochatt med tjejer p\u00e5 StrangerCam.com","description":"Gillar du ChatMatch? Kom och chatta med mer \u00e4n 5.000.000 fr\u00e4mlingar p\u00e5 Stranger Cam helt gratis! Sl\u00e5 p\u00e5 din kamera och hitta nya v\u00e4nner och kanske en match!","robots":{"index":"index","follow":"follow","max-snippet":"max-snippet:-1","max-image-preview":"max-image-preview:large","max-video-preview":"max-video-preview:-1"},"canonical":"https:\/\/strangercam.com\/sv\/chattmatch\/","og_locale":"sv_SE","og_type":"article","og_title":"ChatMatch - Live video chat with girls on StrangerCam.com","og_description":"Like ChatMatch? Come chat with more than 5.000.000 strangers on Stranger Cam for Free! Turn on your cam and find new friends & maby a match!","og_url":"https:\/\/strangercam.com\/sv\/chattmatch\/","og_site_name":"Strangercam","article_publisher":"https:\/\/www.facebook.com\/strangercam","og_image":[{"width":800,"height":532,"url":"https:\/\/strangercam.com\/wp-content\/uploads\/2021\/10\/Untitled-2.png","type":"image\/png"}],"twitter_card":"summary_large_image","twitter_site":"@strangercamapp","twitter_misc":{"Ber\u00e4knad l\u00e4stid":"7 minuter"},"schema":{"@context":"https:\/\/schema.org","@graph":[{"@type":"WebPage","@id":"https:\/\/strangercam.com\/chatmatch\/","url":"https:\/\/strangercam.com\/chatmatch\/","name":"ChatMatch - Live videochatt med tjejer p\u00e5 StrangerCam.com","isPartOf":{"@id":"https:\/\/strangercam.com\/#website"},"datePublished":"2025-04-22T11:45:21+00:00","description":"Gillar du ChatMatch? Kom och chatta med mer \u00e4n 5.000.000 fr\u00e4mlingar p\u00e5 Stranger Cam helt gratis! Sl\u00e5 p\u00e5 din kamera och hitta nya v\u00e4nner och kanske en match!","breadcrumb":{"@id":"https:\/\/strangercam.com\/chatmatch\/#breadcrumb"},"inLanguage":"sv-SE","potentialAction":[{"@type":"ReadAction","target":["https:\/\/strangercam.com\/chatmatch\/"]}]},{"@type":"BreadcrumbList","@id":"https:\/\/strangercam.com\/chatmatch\/#breadcrumb","itemListElement":[{"@type":"ListItem","position":1,"name":"Home","item":"https:\/\/strangercam.com\/"},{"@type":"ListItem","position":2,"name":"ChatMatch"}]},{"@type":"WebSite","@id":"https:\/\/strangercam.com\/#website","url":"https:\/\/strangercam.com\/","name":"Strangercam","description":"Slumpm\u00e4ssig videochatt med fr\u00e4mlingar","publisher":{"@id":"https:\/\/strangercam.com\/#organization"},"alternateName":"Strangercam.com","potentialAction":[{"@type":"SearchAction","target":{"@type":"EntryPoint","urlTemplate":"https:\/\/strangercam.com\/?s={search_term_string}"},"query-input":{"@type":"PropertyValueSpecification","valueRequired":true,"valueName":"search_term_string"}}],"inLanguage":"sv-SE"},{"@type":"Organization","@id":"https:\/\/strangercam.com\/#organization","name":"Strangercam","alternateName":"Strangercam.com","url":"https:\/\/strangercam.com\/","logo":{"@type":"ImageObject","inLanguage":"sv-SE","@id":"https:\/\/strangercam.com\/#\/schema\/logo\/image\/","url":"https:\/\/strangercam.com\/wp-content\/uploads\/2020\/11\/cropped-new-favicon-black.png","contentUrl":"https:\/\/strangercam.com\/wp-content\/uploads\/2020\/11\/cropped-new-favicon-black.png","width":512,"height":512,"caption":"Strangercam"},"image":{"@id":"https:\/\/strangercam.com\/#\/schema\/logo\/image\/"},"sameAs":["https:\/\/www.facebook.com\/strangercam","https:\/\/x.com\/strangercamapp"]}]}},"_links":{"self":[{"href":"https:\/\/strangercam.com\/sv\/wp-json\/wp\/v2\/pages\/12812","targetHints":{"allow":["GET"]}}],"collection":[{"href":"https:\/\/strangercam.com\/sv\/wp-json\/wp\/v2\/pages"}],"about":[{"href":"https:\/\/strangercam.com\/sv\/wp-json\/wp\/v2\/types\/page"}],"author":[{"embeddable":true,"href":"https:\/\/strangercam.com\/sv\/wp-json\/wp\/v2\/users\/6"}],"replies":[{"embeddable":true,"href":"https:\/\/strangercam.com\/sv\/wp-json\/wp\/v2\/comments?post=12812"}],"version-history":[{"count":2,"href":"https:\/\/strangercam.com\/sv\/wp-json\/wp\/v2\/pages\/12812\/revisions"}],"predecessor-version":[{"id":12814,"href":"https:\/\/strangercam.com\/sv\/wp-json\/wp\/v2\/pages\/12812\/revisions\/12814"}],"wp:attachment":[{"href":"https:\/\/strangercam.com\/sv\/wp-json\/wp\/v2\/media?parent=12812"}],"curies":[{"name":"wp","href":"https:\/\/api.w.org\/{rel}","templated":true}]}}