{"id":12808,"date":"2025-04-22T13:39:13","date_gmt":"2025-04-22T11:39:13","guid":{"rendered":"https:\/\/strangercam.com\/?page_id=12808"},"modified":"2025-04-22T13:39:25","modified_gmt":"2025-04-22T11:39:25","slug":"ifreechat","status":"publish","type":"page","link":"https:\/\/strangercam.com\/sv\/ifreechat\/","title":{"rendered":"iFreeChat"},"content":{"rendered":"<p>I en v\u00e4rld d\u00e4r video och <a href=\"https:\/\/strangercam.com\/sv\/chatroulette\/\">chatt<\/a> appar blir alltmer polerade, filtrerade och monetariserade, finns det en liten men ih\u00e5llande efterfr\u00e5gan p\u00e5 n\u00e5got mer r\u00e5tt och minimalistiskt. Det \u00e4r d\u00e4r iFreeChat kommer in i bilden. Den \u00e4r inte flashig, den \u00e4r inte fullpackad med h\u00f6gteknologiska funktioner och den kommer inte att kosta dig ett \u00f6re. Men erbjuder den verkligt v\u00e4rde? Och \u00e4nnu viktigare - \u00e4r den v\u00e4rd din tid?<\/p>\n<p>I den h\u00e4r ut\u00f6kade granskningen t\u00e4cker vi allt du beh\u00f6ver veta om iFreeChat: vad det \u00e4r, vem som anv\u00e4nder det, hur det fungerar, om det \u00e4r s\u00e4kert och hur det st\u00e5r sig mot konkurrenterna.<\/p>\n<h2>Vad \u00e4r iFreeChat?<\/h2>\n<p>iFreeChat \u00e4r en helt gratis chattplattform online som g\u00f6r det m\u00f6jligt f\u00f6r anv\u00e4ndare att delta i textbaserade konversationer med fr\u00e4mlingar fr\u00e5n hela v\u00e4rlden. Till skillnad fr\u00e5n mer moderna plattformar som betonar video, filter eller spelifierade upplevelser, h\u00e5ller iFreeChat det enkelt: anonym chatt med enbart text, utan inloggning och utan n\u00e5gra krav.<\/p>\n<p>iFreeChat lanserades i b\u00f6rjan av 2010-talet och har i tysthet uppr\u00e4tth\u00e5llit en stadig str\u00f6m av anv\u00e4ndare, fr\u00e4mst tack vare sin ultral\u00e4tta design, snabba laddningstider och nollbarri\u00e4r\u00e5tkomst. Den tillh\u00f6r samma klass av plattformar som <a href=\"https:\/\/strangercam.com\/sv\/omegle\/\">Omegle<\/a> (f\u00f6re videotiden) och <a href=\"https:\/\/strangercam.com\/sv\/chatib\/\">Chatib<\/a>, som tilltalar dem som f\u00f6redrar en gammaldags chattrumsk\u00e4nsla framf\u00f6r interaktion med webbkameran.<\/p>\n<h2>Vad \u00e4r syftet med iFreeChat?<\/h2>\n<p>Huvudsyftet med iFreeChat \u00e4r att underl\u00e4tta spontana, anonyma konversationer mellan fr\u00e4mlingar. Oavsett om du vill sl\u00e5 ihj\u00e4l tid, f\u00e5 en ny v\u00e4n, flirta med n\u00e5gon p\u00e5 andra sidan jorden eller bara njuta av lite m\u00e4nsklig interaktion utan engagemang, levererar iFreeChat det p\u00e5 enklast m\u00f6jliga s\u00e4tt.<\/p>\n<p>Det h\u00e4r \u00e4r inte en plattform f\u00f6r l\u00e5ngvariga relationer, dejtingprofiler eller personifierade sociala medier. Det \u00e4r f\u00f6r avslappnade konversationer i realtid - och inget mer. Dess dragningskraft ligger i m\u00f6jligheten att hoppa in i en konversation utan att logga in, registrera sig eller navigera genom annonser och betalv\u00e4ggar.<\/p>\n<h2>Viktiga funktioner<\/h2>\n<p>\u00c4ven om iFreeChat \u00e4r avsiktligt l\u00e4tt p\u00e5 funktioner, h\u00e4r \u00e4r vad den erbjuder:<\/p>\n<p>1. Omedelbar anonym chatt<br \/>\nS\u00e5 snart du landar p\u00e5 hemsidan \u00e4r du bara ett klick bort fr\u00e5n att chatta med en fr\u00e4mling. Det finns inget behov av att registrera sig, inget konto skapas och ingen e-postverifiering. Du klickar helt enkelt p\u00e5 \u201cB\u00f6rja chatta\u201d och du matchas med en annan anv\u00e4ndare i realtid.<\/p>\n<p>2. Endast textbaserad chatt<br \/>\nTill skillnad fr\u00e5n m\u00e5nga moderna konkurrenter har iFreeChat inte st\u00f6d f\u00f6r video- eller ljudchatt. All kommunikation sker via vanlig text. Detta har b\u00e5de f\u00f6rdelar (mer anonymitet, mindre press att visa sitt ansikte) och nackdelar (mindre personlig kontakt, st\u00f6rre risk f\u00f6r troll).<\/p>\n<p>3. \u00c4mneschattrum (begr\u00e4nsat)<br \/>\nF\u00f6rutom chattar p\u00e5 tu man hand erbjuder iFreeChat \u00e4ven ett par allm\u00e4nna chattrum kategoriserade efter \u00e4mnen som \u201cslumpm\u00e4ssigt\u201d, \u201cton\u00e5rschatt\u201d, \u201cflirt\u201d, \u201cvuxen\u201d och \u201cinternationellt\u201d. Dessa rum \u00e4r mer som klassiska IRC-stil anslagstavlor \u00e4n moderna gruppchattrum. De \u00e4r mycket grundl\u00e4ggande men ger anv\u00e4ndarna m\u00f6jlighet att delta i gruppdiskussioner.<\/p>\n<p>4. Inga filter eller matchande preferenser<br \/>\nDet finns inga filter f\u00f6r k\u00f6n, plats eller intresse. Allt \u00e4r slumpm\u00e4ssigt. Om du vill prata med en viss typ av person \u00e4r det h\u00e4r inte plattformen f\u00f6r det. Tjusningen h\u00e4r ligger i of\u00f6ruts\u00e4gbarheten.<\/p>\n<p>5. Kompatibel med mobiler och datorer<br \/>\niFreeChat fungerar ganska bra p\u00e5 mobila enheter via webbl\u00e4saren, \u00e4ven om anv\u00e4ndarupplevelsen \u00e4r b\u00e4ttre p\u00e5 skrivbordet. Det finns ingen s\u00e4rskild mobilapp.<\/p>\n<p>6. Ingen nedladdning kr\u00e4vs<br \/>\nEftersom den \u00e4r webbaserad beh\u00f6ver du inte installera n\u00e5got. Detta g\u00f6r iFreeChat mycket l\u00e4ttillg\u00e4ngligt, s\u00e4rskilt f\u00f6r anv\u00e4ndare p\u00e5 offentliga eller delade datorer.<\/p>\n<h2>\u00c4r iFreeChat gratis?<\/h2>\n<p>Ja, iFreeChat \u00e4r 100% gratis att anv\u00e4nda. Det finns inga dolda avgifter, uppgraderingar eller medlemskap. Du beh\u00f6ver inte ens registrera dig. Webbplatsen tj\u00e4nar pengar l\u00e4tt genom annonser, som inte \u00e4r p\u00e5tr\u00e4ngande och inte st\u00f6r chattupplevelsen. Med det sagt kommer fr\u00e5nvaron av int\u00e4ktsgenerering ocks\u00e5 med vissa begr\u00e4nsningar, s\u00e4rskilt n\u00e4r det g\u00e4ller moderering och s\u00e4kerhetsfunktioner.<\/p>\n<h2>Vem anv\u00e4nder iFreeChat?<\/h2>\n<p>Anv\u00e4ndarbasen f\u00f6r iFreeChat \u00e4r ganska varierad. Baserat p\u00e5 v\u00e5ra observationer faller majoriteten av anv\u00e4ndarna in i f\u00f6ljande kategorier:<\/p>\n<ul>\n<li>Ton\u00e5ringar och unga vuxna mellan 15 och 30 \u00e5r<\/li>\n<li>M\u00e4nniskor som letar efter l\u00e4tt flirt eller s\u00e4llskap online<\/li>\n<li>Anv\u00e4ndare i regioner med begr\u00e4nsad tillg\u00e5ng till moderna chattappar<\/li>\n<li>Fans av anonym chatt av den gamla skolan<\/li>\n<li>Anv\u00e4ndare som \u00e4r blyga eller integritetsmedvetna och f\u00f6redrar att inte anv\u00e4nda video<\/li>\n<\/ul>\n<p>Geografiskt sett kommer anv\u00e4ndarna fr\u00e5n hela v\u00e4rlden, med stark representation fr\u00e5n USA, Indien, Storbritannien och delar av Europa och Sydostasien. Eftersom det inte finns n\u00e5gon anv\u00e4ndarprofilering eller inloggning \u00e4r det sv\u00e5rt att f\u00e5 exakt demografi, men publiken tenderar att vara ganska internationell och skev n\u00e5got manlig, s\u00e4rskilt i privat chattl\u00e4ge.<\/p>\n<h2>S\u00e4kerhet och integritet<\/h2>\n<p>Det \u00e4r h\u00e4r saker och ting blir mer allvarliga. iFreeChat:s st\u00f6rsta nackdel \u00e4r dess brist p\u00e5 moderering. Eftersom det inte finns n\u00e5gon registrering finns det inte heller n\u00e5got ansvar, vilket kan leda till ol\u00e4mpligt inneh\u00e5ll, trollning och ibland st\u00f6tande beteende. Det finns n\u00e5gra grundl\u00e4ggande riktlinjer och en \"Rapportera anv\u00e4ndare\"-knapp, men dessa verkar inte till\u00e4mpas eller \u00f6vervakas i n\u00e5gon st\u00f6rre utstr\u00e4ckning.<\/p>\n<p>F\u00f6r anv\u00e4ndare som v\u00e4rdes\u00e4tter integritet och anonymitet kan detta vara b\u00e5de ett plus och ett minus. \u00c5 ena sidan ger du inte upp n\u00e5gon personlig information. \u00c5 andra sidan kan du st\u00f6ta p\u00e5 m\u00e4nniskor som missbrukar anonymiteten f\u00f6r negativt beteende.<\/p>\n<p>H\u00e4r f\u00f6ljer n\u00e5gra s\u00e4kerhetstips f\u00f6r anv\u00e4ndning av iFreeChat:<\/p>\n<ul>\n<li>Dela aldrig personlig information<\/li>\n<li>Undvik att klicka p\u00e5 l\u00e4nkar som skickas av andra anv\u00e4ndare<\/li>\n<li>Anv\u00e4nd ett VPN om du \u00e4r orolig f\u00f6r IP-sp\u00e5rning<\/li>\n<li>Var beredd att snabbt avsluta samtalet om det blir ol\u00e4mpligt<\/li>\n<\/ul>\n<h2>Anv\u00e4ndarupplevelse och design<\/h2>\n<p>iFreeChat \u00e4r extremt l\u00e4ttviktigt. Designen \u00e4r avskalad - inga moderna anv\u00e4ndargr\u00e4nssnittselement, inga avatarer, inga laddningsanimationer. Gr\u00e4nssnittet best\u00e5r av en chattbox, n\u00e5gra grundl\u00e4ggande knappar och inget mer. Detta g\u00f6r att den laddas mycket snabbt, \u00e4ven p\u00e5 l\u00e5ngsamma anslutningar, och den \u00e4r f\u00f6rv\u00e5nansv\u00e4rt stabil trots sin enkelhet.<\/p>\n<p>\u00c4ven om minimalistisk design har sin charm, kan vissa anv\u00e4ndare tycka att den \u00e4r f\u00f6r f\u00f6r\u00e5ldrad eller oinbjudande, s\u00e4rskilt j\u00e4mf\u00f6rt med visuellt polerade plattformar som Chatspin eller <a href=\"https:\/\/strangercam.com\/sv\/emerald-chat\/\">Smaragd<\/a> Chatta. F\u00f6r anv\u00e4ndare som v\u00e4rdes\u00e4tter snabbhet och enkelhet f\u00e5r det \u00e4nd\u00e5 jobbet gjort utan distraktioner.<\/p>\n<h2>iFreeChat j\u00e4mf\u00f6rt med andra chattplattformar<\/h2>\n<p>F\u00f6r att f\u00f6rst\u00e5 var iFreeChat passar in i ekosystemet f\u00f6r onlinechattplattformar, h\u00e4r \u00e4r en snabb j\u00e4mf\u00f6relse med n\u00e5gra popul\u00e4ra alternativ:<\/p>\n<table>\n<thead>\n<tr>\n<th>Funktion<\/th>\n<th>iFreeChat<\/th>\n<th>Omegle<\/th>\n<th>Chatib<\/th>\n<th>Chatrandom<\/th>\n<th>Emerald Chat<\/th>\n<\/tr>\n<\/thead>\n<tbody>\n<tr>\n<td>Textchatt<\/td>\n<td>Ja<\/td>\n<td>Ja<\/td>\n<td>Ja<\/td>\n<td>Ja<\/td>\n<td>Ja<\/td>\n<\/tr>\n<tr>\n<td><a href=\"https:\/\/strangercam.com\/sv\/coomeet\/\">Videochatt<\/a><\/td>\n<td>Nej<\/td>\n<td>Ja<\/td>\n<td>Nej<\/td>\n<td>Ja<\/td>\n<td>Ja<\/td>\n<\/tr>\n<tr>\n<td>Anonym anv\u00e4ndning<\/td>\n<td>Ja<\/td>\n<td>Ja<\/td>\n<td>Ja<\/td>\n<td>Ja<\/td>\n<td>Valfritt<\/td>\n<\/tr>\n<tr>\n<td>Genusfilter<\/td>\n<td>Nej<\/td>\n<td>Betalade<\/td>\n<td>Nej<\/td>\n<td>Betalade<\/td>\n<td>Ja<\/td>\n<\/tr>\n<tr>\n<td>\u00c4mne Chattrum<\/td>\n<td>Begr\u00e4nsad<\/td>\n<td>Nej<\/td>\n<td>Ja<\/td>\n<td>Nej<\/td>\n<td>Nej<\/td>\n<\/tr>\n<tr>\n<td>Moderering<\/td>\n<td>Minimal<\/td>\n<td>Minimal<\/td>\n<td>Minimal<\/td>\n<td>M\u00e5ttlig<\/td>\n<td>Bra<\/td>\n<\/tr>\n<tr>\n<td>Mobilt st\u00f6d<\/td>\n<td>Okej.<\/td>\n<td>Bra<\/td>\n<td>Okej.<\/td>\n<td>Bra<\/td>\n<td>Bra<\/td>\n<\/tr>\n<tr>\n<td>Registrering kr\u00e4vs<\/td>\n<td>Nej<\/td>\n<td>Nej<\/td>\n<td>Nej<\/td>\n<td>Nej<\/td>\n<td>Ja<\/td>\n<\/tr>\n<\/tbody>\n<\/table>\n<p>iFreeChat kan inte konkurrera n\u00e4r det g\u00e4ller funktioner, men den h\u00e5ller m\u00e5ttet n\u00e4r det g\u00e4ller ren, snabb och anonym chatt.<\/p>\n<h2>F\u00f6r- och nackdelar<\/h2>\n<p>F\u00f6rdelar:<\/p>\n<ul>\n<li>Helt gratis och anonymt<\/li>\n<li>Ingen registrering eller installation kr\u00e4vs<\/li>\n<li>Omedelbar tillg\u00e5ng till chatt p\u00e5 tu man hand eller i grupp<\/li>\n<li>Snabb laddning, \u00e4ven p\u00e5 l\u00e5ngsamma n\u00e4tverk<\/li>\n<li>Fungerar i webbl\u00e4sare p\u00e5 b\u00e5de datorer och mobiler<\/li>\n<\/ul>\n<p>Nackdelar:<\/p>\n<ul>\n<li>F\u00f6r\u00e5ldrat anv\u00e4ndargr\u00e4nssnitt<\/li>\n<li>Inga alternativ f\u00f6r video eller ljud<\/li>\n<li>Ingen filtrering eller matchningskontroll<\/li>\n<li>Minimal moderering och risk f\u00f6r ol\u00e4mpligt inneh\u00e5ll<\/li>\n<li>Begr\u00e4nsad aktivitet i \u00e4mnesrum<\/li>\n<li>Kan k\u00e4nnas repetitiv eller slumpm\u00e4ssig \u00f6ver tid<\/li>\n<\/ul>\n<h2>Idealiska anv\u00e4ndningsfall<\/h2>\n<p>iFreeChat \u00e4r b\u00e4st l\u00e4mpad f\u00f6r:<\/p>\n<ul>\n<li>Anv\u00e4ndare som f\u00f6redrar interaktion med enbart text<\/li>\n<li>Personer som vill chatta utan att dela med sig av personlig information<\/li>\n<li>Tillf\u00e4llig, kortvarig social interaktion<\/li>\n<li>\u00c4ldre anv\u00e4ndare som gillade tidiga chattrum p\u00e5 internet och vill ha en nostalgisk upplevelse<\/li>\n<\/ul>\n<p>Den \u00e4r inte idealisk f\u00f6r:<\/p>\n<ul>\n<li>De som vill ha videochatt eller mer engagerande format<\/li>\n<li>Anv\u00e4ndare som vill ha dejtingfunktioner eller matchningsalgoritmer<\/li>\n<li>M\u00e4nniskor som s\u00f6ker en trygg plats f\u00f6r gemenskap<\/li>\n<\/ul>\n<h2>Slutligt omd\u00f6me<\/h2>\n<p>iFreeChat \u00e4r en tillbakablick till en enklare tid p\u00e5 internet - en tid d\u00e5 chattande med fr\u00e4mlingar innebar att dyka rakt in i textbaserade konversationer utan filter, profiler eller f\u00f6rpliktelser. Denna enkelhet \u00e4r dess st\u00f6rsta styrka, men ocks\u00e5 dess st\u00f6rsta svaghet.<\/p>\n<p>Om du letar efter n\u00e5got polerat, socialt och community-drivet finns det b\u00e4ttre alternativ. Men om du v\u00e4rdes\u00e4tter hastighet, anonymitet och inte har n\u00e5got emot n\u00e5gra grova kanter, har iFreeChat fortfarande en plats i onlinechattv\u00e4rlden.<\/p>\n<p>F\u00f6r anv\u00e4ndare som saknar de gamla dagarna med IRC-liknande konversationer eller helt enkelt vill d\u00f6da n\u00e5gra minuter med att chatta anonymt, \u00e4r det ett p\u00e5litligt (om \u00e4n grundl\u00e4ggande) verktyg som fortfarande h\u00e4nger med i en tid med video-f\u00f6rst-appar.<\/p>\n<h2>Tips f\u00f6r en b\u00e4ttre upplevelse<\/h2>\n<ul>\n<li>Anv\u00e4nd desktop f\u00f6r en mer stabil och anv\u00e4ndarv\u00e4nlig layout<\/li>\n<li>F\u00f6rs\u00f6k med sena kv\u00e4llssessioner f\u00f6r mer aktiva anv\u00e4ndare<\/li>\n<li>F\u00f6rv\u00e4nta dig inte djupa eller varaktiga kontakter - det \u00e4r mer f\u00f6r skojs skull och avslappnade samtal<\/li>\n<li>H\u00e5ll nere f\u00f6rv\u00e4ntningarna p\u00e5 m\u00e5ttfullhet eller s\u00e4kerhet<\/li>\n<\/ul>\n<h2>\u00c4r iFreeChat v\u00e4rt det?<\/h2>\n<p>Kort sagt: ja, om du \u00e4r ute efter enkelhet och anonymitet. Men nej, om du letar efter en mer avancerad, s\u00e4krare eller funktionsrik chattplattform. Det beror helt p\u00e5 vilken typ av onlinechattupplevelse du \u00e4r ute efter.<\/p>","protected":false},"excerpt":{"rendered":"<p>In a world where video chat apps are becoming increasingly polished, filtered, and monetized, there\u2019s a small but persistent demand for something more raw and minimalist. That\u2019s where iFreeChat comes in. It\u2019s not flashy, it\u2019s not packed with high-tech features, and it won\u2019t cost you a cent. But does it offer real value? And more [&hellip;]<\/p>\n","protected":false},"author":6,"featured_media":0,"parent":0,"menu_order":0,"comment_status":"closed","ping_status":"closed","template":"","meta":{"footnotes":""},"class_list":["post-12808","page","type-page","status-publish","hentry"],"yoast_head":"<!-- This site is optimized with the Yoast SEO plugin v27.4 - https:\/\/yoast.com\/product\/yoast-seo-wordpress\/ -->\n<title>iFreeChat - Live video chat with girls on StrangerCam.com<\/title>\n<meta name=\"description\" content=\"Like iFreeChat? Come chat with more than 5.000.000 strangers on Stranger Cam for Free! Turn on your cam and find new friends &amp; maby a match!\" \/>\n<meta name=\"robots\" content=\"index, follow, max-snippet:-1, max-image-preview:large, max-video-preview:-1\" \/>\n<link rel=\"canonical\" href=\"https:\/\/strangercam.com\/sv\/ifreechat\/\" \/>\n<meta property=\"og:locale\" content=\"sv_SE\" \/>\n<meta property=\"og:type\" content=\"article\" \/>\n<meta property=\"og:title\" content=\"iFreeChat - Live video chat with girls on StrangerCam.com\" \/>\n<meta property=\"og:description\" content=\"Like iFreeChat? Come chat with more than 5.000.000 strangers on Stranger Cam for Free! Turn on your cam and find new friends &amp; maby a match!\" \/>\n<meta property=\"og:url\" content=\"https:\/\/strangercam.com\/sv\/ifreechat\/\" \/>\n<meta property=\"og:site_name\" content=\"Strangercam\" \/>\n<meta property=\"article:publisher\" content=\"https:\/\/www.facebook.com\/strangercam\" \/>\n<meta property=\"article:modified_time\" content=\"2025-04-22T11:39:25+00:00\" \/>\n<meta property=\"og:image\" content=\"https:\/\/strangercam.com\/wp-content\/uploads\/2021\/10\/Untitled-2.png\" \/>\n\t<meta property=\"og:image:width\" content=\"800\" \/>\n\t<meta property=\"og:image:height\" content=\"532\" \/>\n\t<meta property=\"og:image:type\" content=\"image\/png\" \/>\n<meta name=\"twitter:card\" content=\"summary_large_image\" \/>\n<meta name=\"twitter:site\" content=\"@strangercamapp\" \/>\n<meta name=\"twitter:label1\" content=\"Ber\u00e4knad l\u00e4stid\" \/>\n\t<meta name=\"twitter:data1\" content=\"7 minuter\" \/>\n<script type=\"application\/ld+json\" class=\"yoast-schema-graph\">{\"@context\":\"https:\\\/\\\/schema.org\",\"@graph\":[{\"@type\":\"WebPage\",\"@id\":\"https:\\\/\\\/strangercam.com\\\/ifreechat\\\/\",\"url\":\"https:\\\/\\\/strangercam.com\\\/ifreechat\\\/\",\"name\":\"iFreeChat - Live video chat with girls on StrangerCam.com\",\"isPartOf\":{\"@id\":\"https:\\\/\\\/strangercam.com\\\/#website\"},\"datePublished\":\"2025-04-22T11:39:13+00:00\",\"dateModified\":\"2025-04-22T11:39:25+00:00\",\"description\":\"Like iFreeChat? Come chat with more than 5.000.000 strangers on Stranger Cam for Free! Turn on your cam and find new friends & maby a match!\",\"breadcrumb\":{\"@id\":\"https:\\\/\\\/strangercam.com\\\/ifreechat\\\/#breadcrumb\"},\"inLanguage\":\"sv-SE\",\"potentialAction\":[{\"@type\":\"ReadAction\",\"target\":[\"https:\\\/\\\/strangercam.com\\\/ifreechat\\\/\"]}]},{\"@type\":\"BreadcrumbList\",\"@id\":\"https:\\\/\\\/strangercam.com\\\/ifreechat\\\/#breadcrumb\",\"itemListElement\":[{\"@type\":\"ListItem\",\"position\":1,\"name\":\"Home\",\"item\":\"https:\\\/\\\/strangercam.com\\\/\"},{\"@type\":\"ListItem\",\"position\":2,\"name\":\"iFreeChat\"}]},{\"@type\":\"WebSite\",\"@id\":\"https:\\\/\\\/strangercam.com\\\/#website\",\"url\":\"https:\\\/\\\/strangercam.com\\\/\",\"name\":\"Strangercam\",\"description\":\"Random Video Chat with Strangers\",\"publisher\":{\"@id\":\"https:\\\/\\\/strangercam.com\\\/#organization\"},\"alternateName\":\"Strangercam.com\",\"potentialAction\":[{\"@type\":\"SearchAction\",\"target\":{\"@type\":\"EntryPoint\",\"urlTemplate\":\"https:\\\/\\\/strangercam.com\\\/?s={search_term_string}\"},\"query-input\":{\"@type\":\"PropertyValueSpecification\",\"valueRequired\":true,\"valueName\":\"search_term_string\"}}],\"inLanguage\":\"sv-SE\"},{\"@type\":\"Organization\",\"@id\":\"https:\\\/\\\/strangercam.com\\\/#organization\",\"name\":\"Strangercam\",\"alternateName\":\"Strangercam.com\",\"url\":\"https:\\\/\\\/strangercam.com\\\/\",\"logo\":{\"@type\":\"ImageObject\",\"inLanguage\":\"sv-SE\",\"@id\":\"https:\\\/\\\/strangercam.com\\\/#\\\/schema\\\/logo\\\/image\\\/\",\"url\":\"https:\\\/\\\/strangercam.com\\\/wp-content\\\/uploads\\\/2020\\\/11\\\/cropped-new-favicon-black.png\",\"contentUrl\":\"https:\\\/\\\/strangercam.com\\\/wp-content\\\/uploads\\\/2020\\\/11\\\/cropped-new-favicon-black.png\",\"width\":512,\"height\":512,\"caption\":\"Strangercam\"},\"image\":{\"@id\":\"https:\\\/\\\/strangercam.com\\\/#\\\/schema\\\/logo\\\/image\\\/\"},\"sameAs\":[\"https:\\\/\\\/www.facebook.com\\\/strangercam\",\"https:\\\/\\\/x.com\\\/strangercamapp\"]}]}<\/script>\n<!-- \/ Yoast SEO plugin. -->","yoast_head_json":{"title":"iFreeChat - Live videochatt med tjejer p\u00e5 StrangerCam.com","description":"Gillar du iFreeChat? Kom och chatta med mer \u00e4n 5.000.000 fr\u00e4mlingar p\u00e5 Stranger Cam helt gratis! Sl\u00e5 p\u00e5 din kamera och hitta nya v\u00e4nner och kanske en match!","robots":{"index":"index","follow":"follow","max-snippet":"max-snippet:-1","max-image-preview":"max-image-preview:large","max-video-preview":"max-video-preview:-1"},"canonical":"https:\/\/strangercam.com\/sv\/ifreechat\/","og_locale":"sv_SE","og_type":"article","og_title":"iFreeChat - Live video chat with girls on StrangerCam.com","og_description":"Like iFreeChat? Come chat with more than 5.000.000 strangers on Stranger Cam for Free! Turn on your cam and find new friends & maby a match!","og_url":"https:\/\/strangercam.com\/sv\/ifreechat\/","og_site_name":"Strangercam","article_publisher":"https:\/\/www.facebook.com\/strangercam","article_modified_time":"2025-04-22T11:39:25+00:00","og_image":[{"width":800,"height":532,"url":"https:\/\/strangercam.com\/wp-content\/uploads\/2021\/10\/Untitled-2.png","type":"image\/png"}],"twitter_card":"summary_large_image","twitter_site":"@strangercamapp","twitter_misc":{"Ber\u00e4knad l\u00e4stid":"7 minuter"},"schema":{"@context":"https:\/\/schema.org","@graph":[{"@type":"WebPage","@id":"https:\/\/strangercam.com\/ifreechat\/","url":"https:\/\/strangercam.com\/ifreechat\/","name":"iFreeChat - Live videochatt med tjejer p\u00e5 StrangerCam.com","isPartOf":{"@id":"https:\/\/strangercam.com\/#website"},"datePublished":"2025-04-22T11:39:13+00:00","dateModified":"2025-04-22T11:39:25+00:00","description":"Gillar du iFreeChat? Kom och chatta med mer \u00e4n 5.000.000 fr\u00e4mlingar p\u00e5 Stranger Cam helt gratis! Sl\u00e5 p\u00e5 din kamera och hitta nya v\u00e4nner och kanske en match!","breadcrumb":{"@id":"https:\/\/strangercam.com\/ifreechat\/#breadcrumb"},"inLanguage":"sv-SE","potentialAction":[{"@type":"ReadAction","target":["https:\/\/strangercam.com\/ifreechat\/"]}]},{"@type":"BreadcrumbList","@id":"https:\/\/strangercam.com\/ifreechat\/#breadcrumb","itemListElement":[{"@type":"ListItem","position":1,"name":"Home","item":"https:\/\/strangercam.com\/"},{"@type":"ListItem","position":2,"name":"iFreeChat"}]},{"@type":"WebSite","@id":"https:\/\/strangercam.com\/#website","url":"https:\/\/strangercam.com\/","name":"Strangercam","description":"Slumpm\u00e4ssig videochatt med fr\u00e4mlingar","publisher":{"@id":"https:\/\/strangercam.com\/#organization"},"alternateName":"Strangercam.com","potentialAction":[{"@type":"SearchAction","target":{"@type":"EntryPoint","urlTemplate":"https:\/\/strangercam.com\/?s={search_term_string}"},"query-input":{"@type":"PropertyValueSpecification","valueRequired":true,"valueName":"search_term_string"}}],"inLanguage":"sv-SE"},{"@type":"Organization","@id":"https:\/\/strangercam.com\/#organization","name":"Strangercam","alternateName":"Strangercam.com","url":"https:\/\/strangercam.com\/","logo":{"@type":"ImageObject","inLanguage":"sv-SE","@id":"https:\/\/strangercam.com\/#\/schema\/logo\/image\/","url":"https:\/\/strangercam.com\/wp-content\/uploads\/2020\/11\/cropped-new-favicon-black.png","contentUrl":"https:\/\/strangercam.com\/wp-content\/uploads\/2020\/11\/cropped-new-favicon-black.png","width":512,"height":512,"caption":"Strangercam"},"image":{"@id":"https:\/\/strangercam.com\/#\/schema\/logo\/image\/"},"sameAs":["https:\/\/www.facebook.com\/strangercam","https:\/\/x.com\/strangercamapp"]}]}},"_links":{"self":[{"href":"https:\/\/strangercam.com\/sv\/wp-json\/wp\/v2\/pages\/12808","targetHints":{"allow":["GET"]}}],"collection":[{"href":"https:\/\/strangercam.com\/sv\/wp-json\/wp\/v2\/pages"}],"about":[{"href":"https:\/\/strangercam.com\/sv\/wp-json\/wp\/v2\/types\/page"}],"author":[{"embeddable":true,"href":"https:\/\/strangercam.com\/sv\/wp-json\/wp\/v2\/users\/6"}],"replies":[{"embeddable":true,"href":"https:\/\/strangercam.com\/sv\/wp-json\/wp\/v2\/comments?post=12808"}],"version-history":[{"count":1,"href":"https:\/\/strangercam.com\/sv\/wp-json\/wp\/v2\/pages\/12808\/revisions"}],"predecessor-version":[{"id":12811,"href":"https:\/\/strangercam.com\/sv\/wp-json\/wp\/v2\/pages\/12808\/revisions\/12811"}],"wp:attachment":[{"href":"https:\/\/strangercam.com\/sv\/wp-json\/wp\/v2\/media?parent=12808"}],"curies":[{"name":"wp","href":"https:\/\/api.w.org\/{rel}","templated":true}]}}