{"id":12702,"date":"2025-02-07T13:19:12","date_gmt":"2025-02-07T11:19:12","guid":{"rendered":"https:\/\/strangercam.com\/?page_id=12702"},"modified":"2025-02-07T13:21:09","modified_gmt":"2025-02-07T11:21:09","slug":"chattijd","status":"publish","type":"page","link":"https:\/\/strangercam.com\/sv\/chattijd\/","title":{"rendered":"Chattijd"},"content":{"rendered":"<p>I den snabba v\u00e4rlden av onlinekommunikation har Chattijd snabbt etablerat sig som en livlig och engagerande plattform som ansluter m\u00e4nniskor fr\u00e5n alla h\u00f6rn av v\u00e4rlden. Oavsett om du letar efter avslappnade samtal, meningsfulla v\u00e4nskaper eller interaktiv underh\u00e5llning, erbjuder denna holl\u00e4ndskbaserade plattform en rad m\u00f6jligheter att f\u00e5 kontakt med likasinnade individer.<\/p>\n<p>Join vi dyker in i v\u00e4rlden av Chattijd, utforskar dess funktioner, f\u00f6rdelar och vad som g\u00f6r den till en favorit f\u00f6r dem som uppskattar dynamiska konversationer i realtid. H\u00e4r kommer varje <a href=\"https:\/\/strangercam.com\/sv\/chatroulette\/\">chatt<\/a> kan leda till nya uppt\u00e4ckter, vilket g\u00f6r det till mer \u00e4n bara en onlineplattform - det \u00e4r en global gemenskap som bygger p\u00e5 genuina kontakter och sp\u00e4nnande interaktioner.<\/p>\n<h2>Vad \u00e4r Chattijd?<\/h2>\n<p>N\u00e4r du navigerar i det st\u00e4ndigt v\u00e4xande universumet av onlinechattplattformar sticker Chattijd ut som en ny och sp\u00e4nnande plats att <a href=\"https:\/\/strangercam.com\/sv\/coomeet\/\">tr\u00e4ffas<\/a> och interagera med nya m\u00e4nniskor. Till skillnad fr\u00e5n traditionella meddelandetj\u00e4nster l\u00e4gger Chattijd stor vikt vid att skapa autentiska kontakter, vilket s\u00e4kerst\u00e4ller att varje konversation k\u00e4nns meningsfull och engagerande.<\/p>\n<p>K\u00e4rnan i Chattijd \u00e4r att vara mer \u00e4n bara en chattportal. Det \u00e4r en social <a href=\"https:\/\/strangercam.com\/sv\/chathub\/\">nav<\/a> d\u00e4r v\u00e4nskap kan blomstra och varje interaktion har potential att bli en minnesv\u00e4rd upplevelse. Plattformen integrerar banbrytande funktioner - allt fr\u00e5n direkt livechatt till roliga interaktiva element - som g\u00f6r konversationen s\u00f6ml\u00f6s och njutbar.<\/p>\n<ul>\n<li>Alternativ f\u00f6r livechatt: F\u00e5 omedelbar kontakt med anv\u00e4ndare \u00f6ver hela v\u00e4rlden.<\/li>\n<li>Anpassningsbara profiler: Uttryck dig sj\u00e4lv genom att skr\u00e4ddarsy din profil s\u00e5 att den speglar din personlighet och dina intressen.<\/li>\n<li>Interaktiva aktiviteter: Delta i lekfulla spel och fr\u00e5gesporter som skapar samtal och hj\u00e4lper till att bryta isen.<\/li>\n<\/ul>\n<p>Det som verkligen utm\u00e4rker Chattijd \u00e4r dess engagemang f\u00f6r att fr\u00e4mja en s\u00e4ker och inkluderande milj\u00f6. Teamet bakom Chattijd investerar kraftigt i s\u00e4ker teknik och modereringsmetoder f\u00f6r att s\u00e4kerst\u00e4lla att varje anv\u00e4ndares onlines\u00e4kerhet \u00e4r h\u00f6gsta prioritet. Detta engagemang f\u00f6r att tillhandah\u00e5lla en v\u00e4lkomnande <a href=\"https:\/\/strangercam.com\/sv\/mocospace\/\">utrymme<\/a> har gjort Chattijd till en ledande leverant\u00f6r av chattj\u00e4nster i Nederl\u00e4nderna och andra l\u00e4nder.<\/p>\n<p>N\u00e4r du utforskar plattformen blir det uppenbart att Chattijd utformades f\u00f6r att revolutionera s\u00e4ttet m\u00e4nniskor kommunicerar online. Genom att blanda sociala uppt\u00e4ckter med interaktiv underh\u00e5llning omformar den v\u00e5rt koncept f\u00f6r onlinechatt - och f\u00f6rvandlar enkla konversationer till m\u00f6jligheter att l\u00e4ra sig, v\u00e4xa och skapa \u00e4kta kontakter med m\u00e4nniskor fr\u00e5n alla samh\u00e4llsskikt.<\/p>\n<h2>\u00c4r Chattijd gratis att anv\u00e4nda?<\/h2>\n<p>En av de vanligaste fr\u00e5gorna om en chattj\u00e4nst online \u00e4r om den \u00e4r gratis. Chattijd erbjuder flexibilitet genom att tillhandah\u00e5lla b\u00e5de gratis- och premiumalternativ f\u00f6r att passa olika anv\u00e4ndares preferenser och budgetar.<\/p>\n<ul>\n<li>Gratis medlemskap:\n<ul>\n<li>Skicka och ta emot meddelanden<\/li>\n<li>Join offentliga chattrum<\/li>\n<li>Bl\u00e4ddra bland anv\u00e4ndarprofiler<\/li>\n<\/ul>\n<p>Med ett gratiskonto f\u00e5r du tillg\u00e5ng till de viktigaste funktionerna som g\u00f6r Chattijd till ett s\u00e5 engagerande community. Det \u00e4r ett bra s\u00e4tt att utforska plattformen utan n\u00e5got ekonomiskt \u00e5tagande.<\/li>\n<li>Premiummedlemskap:<br \/>\nF\u00f6r anv\u00e4ndare som vill ha en \u00e4nnu rikare upplevelse l\u00e5ser Chattijd:s premiummedlemskap upp avancerade funktioner och f\u00f6rm\u00e5ner:<\/p>\n<ul>\n<li>Obegr\u00e4nsad tillg\u00e5ng till alla chattrum<\/li>\n<li>Avancerade s\u00f6kfilter<\/li>\n<li>En annonsfri upplevelse<\/li>\n<li>Prioriterad kundsupport<\/li>\n<\/ul>\n<\/li>\n<\/ul>\n<p>Nedan f\u00f6ljer en snabb \u00f6versikt \u00f6ver medlemskostnaderna:<\/p>\n<table>\n<thead>\n<tr>\n<th>Medlemskap<\/th>\n<th>M\u00e5natlig kostnad<\/th>\n<th>\u00c5rlig kostnad<\/th>\n<\/tr>\n<\/thead>\n<tbody>\n<tr>\n<td>Gratis<\/td>\n<td>$0<\/td>\n<td>$0<\/td>\n<\/tr>\n<tr>\n<td>Premium<\/td>\n<td>$9.99<\/td>\n<td>$99.90<\/td>\n<\/tr>\n<\/tbody>\n<\/table>\n<p>Oavsett om du v\u00e4ljer gratisplanen eller best\u00e4mmer dig f\u00f6r att uppgradera f\u00f6r ytterligare funktioner, har Chattijd samma k\u00e4rnm\u00e5l: att tillhandah\u00e5lla en livlig och s\u00e4ker milj\u00f6 d\u00e4r du kan f\u00e5 kontakt med andra, dela erfarenheter och ha kul.<\/p>\n<h2>Hur man anv\u00e4nder Chattijd<\/h2>\n<p>Att anv\u00e4nda Chattijd \u00e4r enkelt, vilket g\u00f6r det enkelt f\u00f6r vem som helst att hoppa in och b\u00f6rja chatta direkt. H\u00e4r \u00e4r en steg-f\u00f6r-steg-guide som hj\u00e4lper dig att komma ig\u00e5ng:<\/p>\n<ol>\n<li>Skapa din profil<br \/>\nB\u00f6rja med att registrera dig f\u00f6r ett gratis konto. Anpassa din profil med ett anv\u00e4ndarnamn, ett profilfoto och en kort beskrivning av dig sj\u00e4lv. Lyft fram dina intressen f\u00f6r att sticka ut och g\u00f6ra det l\u00e4ttare f\u00f6r likasinnade anv\u00e4ndare att hitta dig.<\/li>\n<li>Utforska chattrum<br \/>\nChattijd \u00e4r v\u00e4rd f\u00f6r en m\u00e4ngd olika offentliga chattrum. Dessa rum tillgodoser olika \u00e4mnen och intressen - allt fr\u00e5n musik och spel till resor och avslappnat sm\u00e5prat. Att hoppa in i dessa rum kan vara ett bra s\u00e4tt att uppt\u00e4cka nya m\u00e4nniskor och starta intressanta diskussioner.<\/li>\n<li>Privata chattar och direktmeddelanden<br \/>\nOm du f\u00f6redrar mer fokuserade en-mot-en-konversationer erbjuder Chattijd ocks\u00e5 direktmeddelanden. Anv\u00e4nd s\u00f6kfunktionen f\u00f6r att hitta anv\u00e4ndare som delar dina intressen eller starta helt enkelt en privat chatt med n\u00e5gon som f\u00e5ngar din uppm\u00e4rksamhet i de offentliga rummen.<\/li>\n<li>Interaktiva funktioner<br \/>\nDra nytta av interaktiva spel, fr\u00e5gesporter och andra roliga funktioner som hj\u00e4lper till att bryta isen. Dessa aktiviteter kan f\u00f6rvandla en vanlig konversation till en minnesv\u00e4rd gemensam upplevelse och hj\u00e4lpa dig att f\u00e5 kontakt p\u00e5 ett mer naturligt s\u00e4tt.<\/li>\n<li>Uppgradering till Premium (valfritt)<br \/>\nOm du vill ha fler funktioner, till exempel avancerade s\u00f6kfilter, annonsfri surfning och prioriterad support, kan du \u00f6verv\u00e4ga en premiumprenumeration. Detta g\u00f6r att du kan l\u00e5sa upp den fulla potentialen hos Chattijd, vilket garanterar en \u00e4nnu smidigare och mer personlig chattupplevelse.<\/li>\n<\/ol>\n<h2>Vad \u00e4r Chattijd b\u00e4st f\u00f6r?<\/h2>\n<p>Chattijd utm\u00e4rker sig p\u00e5 flera omr\u00e5den, vilket g\u00f6r den tilltalande f\u00f6r ett brett spektrum av anv\u00e4ndare:<\/p>\n<ol>\n<li>Fr\u00e4mja verkliga kontakter<br \/>\nMed fokus p\u00e5 \u00e4kthet g\u00f6r Chattijd det enkelt att hitta andra som delar liknande passioner. Oavsett om du letar efter v\u00e4nskap, st\u00f6d eller n\u00e5got \u00e4nnu mer, \u00e4r Chattijd:s anv\u00e4ndarv\u00e4nliga gr\u00e4nssnitt och st\u00f6djande community perfekt f\u00f6r att v\u00e5rda meningsfulla relationer.<\/li>\n<li>Olika samtals\u00e4mnen<br \/>\nFr\u00e5n hobbyfokuserade chattrum till realtidsdiskussioner om aktuella h\u00e4ndelser erbjuder plattformen ett brett urval av konversationsstartare. Denna variation s\u00e4kerst\u00e4ller att varje bes\u00f6k p\u00e5 Chattijd \u00e4r unikt och fyllt med potential f\u00f6r att tr\u00e4ffa nya m\u00e4nniskor.<\/li>\n<li>S\u00e4ker och v\u00e4lkomnande milj\u00f6<br \/>\nOnline-s\u00e4kerhet \u00e4r av st\u00f6rsta vikt p\u00e5 Chattijd. Kontinuerlig moderering och avancerade s\u00e4kerhets\u00e5tg\u00e4rder bidrar till att skapa ett utrymme d\u00e4r du kan chatta fritt utan att oroa dig f\u00f6r integritet eller o\u00f6nskade interaktioner.<\/li>\n<li>Underh\u00e5llning genom interaktivitet<br \/>\nTr\u00f6tt p\u00e5 vanliga textutbyten? Chattijd integrerar lekfulla funktioner som spel och fr\u00e5gesporter, vilket ger en underh\u00e5llande twist till dina konversationer. De h\u00e4r l\u00e4ttsamma till\u00e4ggen g\u00f6r det l\u00e4ttare att f\u00e5 kontakt och h\u00e5ller upplevelsen fr\u00e4sch.<\/li>\n<\/ol>\n<p>Med dessa styrkor i \u00e5tanke passar Chattijd perfekt f\u00f6r alla som s\u00f6ker roliga, \u00e4kta interaktioner i en s\u00e4ker online-milj\u00f6.<\/p>\n<h2>Vilka funktioner erbjuder Chattijd?<\/h2>\n<p>Chattijd har en m\u00e4ngd funktioner som g\u00f6r dina chattsessioner s\u00e5 roliga och m\u00e5ngsidiga som m\u00f6jligt. Nedan f\u00f6ljer n\u00e5gra h\u00f6jdpunkter:<\/p>\n<ul>\n<li>Anpassningsbara profiler<br \/>\nPersonliga uttryck \u00e4r en stor del av interaktionen p\u00e5 n\u00e4tet. Med Chattijd kan du utforma din profil p\u00e5 ett s\u00e4tt som \u00e5terspeglar ditt sanna jag och hj\u00e4lper andra att se vad du brinner f\u00f6r.<\/li>\n<li>Funktionalitet f\u00f6r livechatt<br \/>\nUpplev omedelbar anslutning till m\u00e4nniskor \u00f6ver hela v\u00e4rlden genom meddelanden i realtid. Det \u00e4r snabbt, anv\u00e4ndarv\u00e4nligt och perfekt f\u00f6r spontana konversationer som kan variera fr\u00e5n l\u00e4ttsamt sk\u00e4mtande till djupg\u00e5ende diskussioner.<\/li>\n<li>Interaktiva spel och fr\u00e5gesporter<br \/>\nF\u00f6r dem som \u00e4lskar lite extra kul bryter dessa funktioner isen utan anstr\u00e4ngning. Utmana en ny v\u00e4n till ett snabbt spel eller svara p\u00e5 fr\u00e5gesporter tillsammans f\u00f6r att hitta gemensamma intressen.<\/li>\n<li>Avancerade s\u00e4kerhets\u00e5tg\u00e4rder<br \/>\nDin s\u00e4kerhet \u00e4r avg\u00f6rande. Chattijd:s engagemang f\u00f6r integritet och robusta modereringsverktyg s\u00e4kerst\u00e4ller att du kan engagera dig tryggt och veta att dina konversationer \u00e4r s\u00e4kra.<\/li>\n<li>Flexibla alternativ f\u00f6r medlemskap<br \/>\nOavsett om du f\u00f6redrar ett gratis konto eller en premiumprenumeration, ger Chattijd flera s\u00e4tt att uppleva plattformen. Gratisanv\u00e4ndare kan utforska de flesta av de viktigaste funktionerna, medan premiumprenumeranter kan njuta av annonsfri surfning, prioriterad support och avancerade s\u00f6kfunktioner.<\/li>\n<\/ul>\n<p>Med en s\u00e5 omfattande upps\u00e4ttning verktyg \u00e4r Chattijd v\u00e4l utrustad f\u00f6r att tillgodose olika smaker och krav, vilket s\u00e4kerst\u00e4ller att varje samtal \u00e4r givande och problemfritt.<\/p>\n<h2>Vilka \u00e4r Chattijd-alternativen?<\/h2>\n<p>Medan Chattijd har skapat en nisch som en ledande destination f\u00f6r onlinechatt - s\u00e4rskilt f\u00f6r nederl\u00e4ndsktalande - \u00e4r det inte den enda plattformen d\u00e4r du kan umg\u00e5s och uppt\u00e4cka engagerande samh\u00e4llen. Andra chattj\u00e4nster erbjuder sina egna unika spinn p\u00e5 onlineinteraktion, med fokus p\u00e5 specifika funktioner eller demografi.<\/p>\n<p>Vissa plattformar betonar <a href=\"https:\/\/strangercam.com\/sv\/rabbit-video-chat\/\">video<\/a> medan andra kanske specialiserar sig p\u00e5 tematiska chattrum eller dejtinginriktade funktioner. Genom att utforska dessa alternativ kan du hitta webbplatser som tillgodoser nisch\u00e4mnen eller specialiserade former av engagemang. Men Chattijd:s blandning av s\u00e4ker interaktion i realtid, anv\u00e4ndarv\u00e4nlig design och valfria premiumfunktioner g\u00f6r den till ett utm\u00e4rkt val f\u00f6r alla som s\u00f6ker en m\u00e5ngfacetterad chattupplevelse.<\/p>\n<h2>Slutsats<\/h2>\n<p>Med sin kombination av robusta s\u00e4kerhets\u00e5tg\u00e4rder, anv\u00e4ndarv\u00e4nliga funktioner och en m\u00e5ngsidig gemenskap bevisar Chattijd att onlinechatt kan vara b\u00e5de underh\u00e5llande och berikande. Oavsett om du v\u00e4ljer gratis medlemskap eller v\u00e4ljer premiumf\u00f6rdelar, hittar du o\u00e4ndliga m\u00f6jligheter att ansluta, dela och uppt\u00e4cka nya v\u00e4nskap. Dyk in i Chattijd idag och upplev en v\u00e4rld av livliga konversationer i realtid - allt fr\u00e5n din enhet.<\/p>","protected":false},"excerpt":{"rendered":"<p>In the fast-paced world of online communication, Chattijd has quickly established itself as a lively and engaging platform connecting people from all corners of the globe. Whether you\u2019re searching for casual conversation, meaningful friendships, or interactive entertainment, this Dutch-based platform offers an array of opportunities to connect with like-minded individuals. Join us as we dive [&hellip;]<\/p>\n","protected":false},"author":6,"featured_media":0,"parent":0,"menu_order":0,"comment_status":"closed","ping_status":"closed","template":"","meta":{"footnotes":""},"class_list":["post-12702","page","type-page","status-publish","hentry"],"yoast_head":"<!-- This site is optimized with the Yoast SEO plugin v27.4 - https:\/\/yoast.com\/product\/yoast-seo-wordpress\/ -->\n<title>Chattijd - Free video chat with girls on StrangerCam.com<\/title>\n<meta name=\"description\" content=\"Like Chattijd? Come chat with more than 5.000.000 strangers on Stranger Cam for Free! Turn on your cam and find new friends &amp; maby a match!\" \/>\n<meta name=\"robots\" content=\"index, follow, max-snippet:-1, max-image-preview:large, max-video-preview:-1\" \/>\n<link rel=\"canonical\" href=\"https:\/\/strangercam.com\/sv\/chattijd\/\" \/>\n<meta property=\"og:locale\" content=\"sv_SE\" \/>\n<meta property=\"og:type\" content=\"article\" \/>\n<meta property=\"og:title\" content=\"Chattijd - Free video chat with girls on StrangerCam.com\" \/>\n<meta property=\"og:description\" content=\"Like Chattijd? Come chat with more than 5.000.000 strangers on Stranger Cam for Free! Turn on your cam and find new friends &amp; maby a match!\" \/>\n<meta property=\"og:url\" content=\"https:\/\/strangercam.com\/sv\/chattijd\/\" \/>\n<meta property=\"og:site_name\" content=\"Strangercam\" \/>\n<meta property=\"article:publisher\" content=\"https:\/\/www.facebook.com\/strangercam\" \/>\n<meta property=\"article:modified_time\" content=\"2025-02-07T11:21:09+00:00\" \/>\n<meta property=\"og:image\" content=\"https:\/\/strangercam.com\/wp-content\/uploads\/2021\/10\/Untitled-2.png\" \/>\n\t<meta property=\"og:image:width\" content=\"800\" \/>\n\t<meta property=\"og:image:height\" content=\"532\" \/>\n\t<meta property=\"og:image:type\" content=\"image\/png\" \/>\n<meta name=\"twitter:card\" content=\"summary_large_image\" \/>\n<meta name=\"twitter:site\" content=\"@strangercamapp\" \/>\n<meta name=\"twitter:label1\" content=\"Ber\u00e4knad l\u00e4stid\" \/>\n\t<meta name=\"twitter:data1\" content=\"6 minuter\" \/>\n<script type=\"application\/ld+json\" class=\"yoast-schema-graph\">{\"@context\":\"https:\\\/\\\/schema.org\",\"@graph\":[{\"@type\":\"WebPage\",\"@id\":\"https:\\\/\\\/strangercam.com\\\/chattijd\\\/\",\"url\":\"https:\\\/\\\/strangercam.com\\\/chattijd\\\/\",\"name\":\"Chattijd - Free video chat with girls on StrangerCam.com\",\"isPartOf\":{\"@id\":\"https:\\\/\\\/strangercam.com\\\/#website\"},\"datePublished\":\"2025-02-07T11:19:12+00:00\",\"dateModified\":\"2025-02-07T11:21:09+00:00\",\"description\":\"Like Chattijd? Come chat with more than 5.000.000 strangers on Stranger Cam for Free! Turn on your cam and find new friends & maby a match!\",\"breadcrumb\":{\"@id\":\"https:\\\/\\\/strangercam.com\\\/chattijd\\\/#breadcrumb\"},\"inLanguage\":\"sv-SE\",\"potentialAction\":[{\"@type\":\"ReadAction\",\"target\":[\"https:\\\/\\\/strangercam.com\\\/chattijd\\\/\"]}]},{\"@type\":\"BreadcrumbList\",\"@id\":\"https:\\\/\\\/strangercam.com\\\/chattijd\\\/#breadcrumb\",\"itemListElement\":[{\"@type\":\"ListItem\",\"position\":1,\"name\":\"Home\",\"item\":\"https:\\\/\\\/strangercam.com\\\/\"},{\"@type\":\"ListItem\",\"position\":2,\"name\":\"Chattijd\"}]},{\"@type\":\"WebSite\",\"@id\":\"https:\\\/\\\/strangercam.com\\\/#website\",\"url\":\"https:\\\/\\\/strangercam.com\\\/\",\"name\":\"Strangercam\",\"description\":\"Random Video Chat with Strangers\",\"publisher\":{\"@id\":\"https:\\\/\\\/strangercam.com\\\/#organization\"},\"alternateName\":\"Strangercam.com\",\"potentialAction\":[{\"@type\":\"SearchAction\",\"target\":{\"@type\":\"EntryPoint\",\"urlTemplate\":\"https:\\\/\\\/strangercam.com\\\/?s={search_term_string}\"},\"query-input\":{\"@type\":\"PropertyValueSpecification\",\"valueRequired\":true,\"valueName\":\"search_term_string\"}}],\"inLanguage\":\"sv-SE\"},{\"@type\":\"Organization\",\"@id\":\"https:\\\/\\\/strangercam.com\\\/#organization\",\"name\":\"Strangercam\",\"alternateName\":\"Strangercam.com\",\"url\":\"https:\\\/\\\/strangercam.com\\\/\",\"logo\":{\"@type\":\"ImageObject\",\"inLanguage\":\"sv-SE\",\"@id\":\"https:\\\/\\\/strangercam.com\\\/#\\\/schema\\\/logo\\\/image\\\/\",\"url\":\"https:\\\/\\\/strangercam.com\\\/wp-content\\\/uploads\\\/2020\\\/11\\\/cropped-new-favicon-black.png\",\"contentUrl\":\"https:\\\/\\\/strangercam.com\\\/wp-content\\\/uploads\\\/2020\\\/11\\\/cropped-new-favicon-black.png\",\"width\":512,\"height\":512,\"caption\":\"Strangercam\"},\"image\":{\"@id\":\"https:\\\/\\\/strangercam.com\\\/#\\\/schema\\\/logo\\\/image\\\/\"},\"sameAs\":[\"https:\\\/\\\/www.facebook.com\\\/strangercam\",\"https:\\\/\\\/x.com\\\/strangercamapp\"]}]}<\/script>\n<!-- \/ Yoast SEO plugin. -->","yoast_head_json":{"title":"Chattijd - Gratis videochatt med tjejer p\u00e5 StrangerCam.com","description":"Gillar du Chattijd? Kom och chatta med mer \u00e4n 5.000.000 fr\u00e4mlingar p\u00e5 Stranger Cam helt gratis! Sl\u00e5 p\u00e5 din kamera och hitta nya v\u00e4nner och kanske en match!","robots":{"index":"index","follow":"follow","max-snippet":"max-snippet:-1","max-image-preview":"max-image-preview:large","max-video-preview":"max-video-preview:-1"},"canonical":"https:\/\/strangercam.com\/sv\/chattijd\/","og_locale":"sv_SE","og_type":"article","og_title":"Chattijd - Free video chat with girls on StrangerCam.com","og_description":"Like Chattijd? Come chat with more than 5.000.000 strangers on Stranger Cam for Free! Turn on your cam and find new friends & maby a match!","og_url":"https:\/\/strangercam.com\/sv\/chattijd\/","og_site_name":"Strangercam","article_publisher":"https:\/\/www.facebook.com\/strangercam","article_modified_time":"2025-02-07T11:21:09+00:00","og_image":[{"width":800,"height":532,"url":"https:\/\/strangercam.com\/wp-content\/uploads\/2021\/10\/Untitled-2.png","type":"image\/png"}],"twitter_card":"summary_large_image","twitter_site":"@strangercamapp","twitter_misc":{"Ber\u00e4knad l\u00e4stid":"6 minuter"},"schema":{"@context":"https:\/\/schema.org","@graph":[{"@type":"WebPage","@id":"https:\/\/strangercam.com\/chattijd\/","url":"https:\/\/strangercam.com\/chattijd\/","name":"Chattijd - Gratis videochatt med tjejer p\u00e5 StrangerCam.com","isPartOf":{"@id":"https:\/\/strangercam.com\/#website"},"datePublished":"2025-02-07T11:19:12+00:00","dateModified":"2025-02-07T11:21:09+00:00","description":"Gillar du Chattijd? Kom och chatta med mer \u00e4n 5.000.000 fr\u00e4mlingar p\u00e5 Stranger Cam helt gratis! Sl\u00e5 p\u00e5 din kamera och hitta nya v\u00e4nner och kanske en match!","breadcrumb":{"@id":"https:\/\/strangercam.com\/chattijd\/#breadcrumb"},"inLanguage":"sv-SE","potentialAction":[{"@type":"ReadAction","target":["https:\/\/strangercam.com\/chattijd\/"]}]},{"@type":"BreadcrumbList","@id":"https:\/\/strangercam.com\/chattijd\/#breadcrumb","itemListElement":[{"@type":"ListItem","position":1,"name":"Home","item":"https:\/\/strangercam.com\/"},{"@type":"ListItem","position":2,"name":"Chattijd"}]},{"@type":"WebSite","@id":"https:\/\/strangercam.com\/#website","url":"https:\/\/strangercam.com\/","name":"Strangercam","description":"Slumpm\u00e4ssig videochatt med fr\u00e4mlingar","publisher":{"@id":"https:\/\/strangercam.com\/#organization"},"alternateName":"Strangercam.com","potentialAction":[{"@type":"SearchAction","target":{"@type":"EntryPoint","urlTemplate":"https:\/\/strangercam.com\/?s={search_term_string}"},"query-input":{"@type":"PropertyValueSpecification","valueRequired":true,"valueName":"search_term_string"}}],"inLanguage":"sv-SE"},{"@type":"Organization","@id":"https:\/\/strangercam.com\/#organization","name":"Strangercam","alternateName":"Strangercam.com","url":"https:\/\/strangercam.com\/","logo":{"@type":"ImageObject","inLanguage":"sv-SE","@id":"https:\/\/strangercam.com\/#\/schema\/logo\/image\/","url":"https:\/\/strangercam.com\/wp-content\/uploads\/2020\/11\/cropped-new-favicon-black.png","contentUrl":"https:\/\/strangercam.com\/wp-content\/uploads\/2020\/11\/cropped-new-favicon-black.png","width":512,"height":512,"caption":"Strangercam"},"image":{"@id":"https:\/\/strangercam.com\/#\/schema\/logo\/image\/"},"sameAs":["https:\/\/www.facebook.com\/strangercam","https:\/\/x.com\/strangercamapp"]}]}},"_links":{"self":[{"href":"https:\/\/strangercam.com\/sv\/wp-json\/wp\/v2\/pages\/12702","targetHints":{"allow":["GET"]}}],"collection":[{"href":"https:\/\/strangercam.com\/sv\/wp-json\/wp\/v2\/pages"}],"about":[{"href":"https:\/\/strangercam.com\/sv\/wp-json\/wp\/v2\/types\/page"}],"author":[{"embeddable":true,"href":"https:\/\/strangercam.com\/sv\/wp-json\/wp\/v2\/users\/6"}],"replies":[{"embeddable":true,"href":"https:\/\/strangercam.com\/sv\/wp-json\/wp\/v2\/comments?post=12702"}],"version-history":[{"count":3,"href":"https:\/\/strangercam.com\/sv\/wp-json\/wp\/v2\/pages\/12702\/revisions"}],"predecessor-version":[{"id":12707,"href":"https:\/\/strangercam.com\/sv\/wp-json\/wp\/v2\/pages\/12702\/revisions\/12707"}],"wp:attachment":[{"href":"https:\/\/strangercam.com\/sv\/wp-json\/wp\/v2\/media?parent=12702"}],"curies":[{"name":"wp","href":"https:\/\/api.w.org\/{rel}","templated":true}]}}