{"id":12700,"date":"2025-02-07T13:15:10","date_gmt":"2025-02-07T11:15:10","guid":{"rendered":"https:\/\/strangercam.com\/?page_id=12700"},"modified":"2025-02-07T13:15:40","modified_gmt":"2025-02-07T11:15:40","slug":"omegla","status":"publish","type":"page","link":"https:\/\/strangercam.com\/sv\/omegla\/","title":{"rendered":"Omegla"},"content":{"rendered":"<p>I och med Omegle:s avg\u00e5ng har en m\u00e4ngd nya <a href=\"https:\/\/strangercam.com\/sv\/rabbit-video-chat\/\">video<\/a> <a href=\"https:\/\/strangercam.com\/sv\/chatroulette\/\">chatt<\/a> tj\u00e4nster har dykt upp f\u00f6r att fylla gapet. Omegla \u00e4r en s\u00e5dan plattform som h\u00e4mtar inspiration fr\u00e5n Omegle:s enkla s\u00e4tt att chatta slumpm\u00e4ssigt med en person. Oavsett om du letar efter en snabb konversation, s\u00f6ker nya v\u00e4nner \u00f6ver hela v\u00e4rlden eller bara \u00e4r nyfiken p\u00e5 de senaste Omegle-inspirerade innovationerna, syftar Omegla till att ge en rolig och anv\u00e4ndarv\u00e4nlig videoupplevelse. Nedan f\u00f6ljer en omfattande titt p\u00e5 vad Omegla tar med sig till bordet - dess huvudfunktioner, anv\u00e4ndargr\u00e4nssnitt, s\u00e4kerhets\u00e5tg\u00e4rder och hur det j\u00e4mf\u00f6rs med andra <a href=\"https:\/\/strangercam.com\/sv\/omegle\/\">Omegle<\/a> alternativ som Uhmegle och Omegleweg.<\/p>\n<h2>Om Omegla<\/h2>\n<p>Omegla f\u00f6ljer det klassiska slumpm\u00e4ssiga chattramverket:<\/p>\n<ol>\n<li><strong>Omedelbara anslutningar<\/strong>\n<ul>\n<li>Efter ett snabbt bes\u00f6k p\u00e5 webbplatsen kan du med ett enda klick eller tryck komma i kontakt med en fr\u00e4mling fr\u00e5n v\u00e4rldens alla h\u00f6rn.<\/li>\n<\/ul>\n<\/li>\n<li><strong>Anonymitet f\u00f6rst<\/strong>\n<ul>\n<li>Ingen obligatorisk registrering inneb\u00e4r att du kan b\u00f6rja chatta direkt. Du kan skapa en grundl\u00e4ggande profil om du f\u00f6redrar det, men det \u00e4r frivilligt.<\/li>\n<\/ul>\n<\/li>\n<li><strong>En-till-en-fokus<\/strong>\n<ul>\n<li>Omegla siktar in sig p\u00e5 <em>individ<\/em> anslutningar - det finns inga stora grupprum eller konferensfunktioner h\u00e4r, vilket speglar Omegle:s utm\u00e4rkande enkelhet.<\/li>\n<\/ul>\n<\/li>\n<\/ol>\n<p>Det minimalistiska tillv\u00e4gag\u00e5ngss\u00e4ttet v\u00e4nder sig till anv\u00e4ndare som bara vill hoppa p\u00e5, <a href=\"https:\/\/strangercam.com\/sv\/coomeet\/\">tr\u00e4ffas<\/a> n\u00e5gon ny, och antingen forts\u00e4tta chatta eller g\u00e5 vidare om matchningen inte klickar.<\/p>\n<h2>Viktiga funktioner i en \u00f6verblick<\/h2>\n<p>I f\u00f6ljande tabell beskrivs de viktigaste verktygen och funktionerna som definierar Omeglas anv\u00e4ndarupplevelse:<\/p>\n<table>\n<thead>\n<tr>\n<th><strong>Funktion<\/strong><\/th>\n<th><strong>Beskrivning<\/strong><\/th>\n<\/tr>\n<\/thead>\n<tbody>\n<tr>\n<td><strong>Slumpm\u00e4ssig matchning<\/strong><\/td>\n<td>Para ihop dig direkt med en slumpm\u00e4ssig anv\u00e4ndare f\u00f6r en spontan konversation.<\/td>\n<\/tr>\n<tr>\n<td><strong>Alternativ f\u00f6r textchatt<\/strong><\/td>\n<td>Skicka snabba meddelanden tillsammans med livevideo f\u00f6r \u00f6kad tydlighet.<\/td>\n<\/tr>\n<tr>\n<td><strong>Intresse Taggar<\/strong><\/td>\n<td>L\u00e4gg till eller v\u00e4lj breda intressen f\u00f6r att styra dina slumpm\u00e4ssiga matchningar n\u00e5got.<\/td>\n<\/tr>\n<tr>\n<td><strong>Hoppa \u00f6ver eller N\u00e4sta<\/strong><\/td>\n<td>G\u00e5 s\u00f6ml\u00f6st vidare till en ny anv\u00e4ndare om den nuvarande anslutningen inte passar.<\/td>\n<\/tr>\n<tr>\n<td><strong>Minimal installation<\/strong><\/td>\n<td>Inga kr\u00e5ngliga registreringar eller komplicerade inst\u00e4llningar kr\u00e4vs.<\/td>\n<\/tr>\n<tr>\n<td><strong>Verktyg f\u00f6r anv\u00e4ndarfeedback<\/strong><\/td>\n<td>Betygs\u00e4tt eller rapportera anv\u00e4ndare f\u00f6r att hj\u00e4lpa till att uppr\u00e4tth\u00e5lla gemenskapens standard.<\/td>\n<\/tr>\n<\/tbody>\n<\/table>\n<p>Omegla har en avskalad funktionsupps\u00e4ttning, vilket s\u00e4kerst\u00e4ller att k\u00e4rnupplevelsen - att prata med fr\u00e4mlingar - f\u00f6rblir i fokus.<\/p>\n<h2>Anv\u00e4ndargr\u00e4nssnitt och anv\u00e4ndarupplevelse<\/h2>\n<h3>Ren, str\u00f6mlinjeformad layout<\/h3>\n<ul>\n<li><strong>Stort videof\u00f6nster<\/strong>: I mitten av sk\u00e4rmen ser du den person du chattar med, utan \u00f6verfl\u00f6dig r\u00f6righet.<\/li>\n<li><strong>Liten sidof\u00e4lt\/panel<\/strong>: Viktiga kontroller - start, n\u00e4sta, textchatt och filter - \u00e4r prydligt placerade vid sidan om.<\/li>\n<li><strong>Bekanta kontroller<\/strong>: Om du har anv\u00e4nt Omegle eller andra liknande plattformar kommer du att anpassa dig till Omeglas gr\u00e4nssnitt direkt.<\/li>\n<\/ul>\n<h3>Snabba anslutningar<\/h3>\n<ul>\n<li><strong>L\u00e5g latenstid<\/strong>: Omeglas huvudsida laddas snabbt och det tar bara ett \u00f6gonblick att hitta en matchning.<\/li>\n<li><strong>Adaptiv videokvalitet<\/strong>: Systemet k\u00e4nner av din internethastighet f\u00f6r att ge b\u00e4sta m\u00f6jliga video utan st\u00e4ndig buffring.<\/li>\n<li><strong>Enkel \u00f6verg\u00e5ng till \"n\u00e4sta<\/strong>: Att byta fr\u00e5n en anv\u00e4ndare till en annan orsakar s\u00e4llan f\u00f6rdr\u00f6jning, vilket g\u00f6r det enkelt att forts\u00e4tta chatta tills du hittar r\u00e4tt person.<\/li>\n<\/ul>\n<h2>S\u00e4kerhet och m\u00e5ttfullhet<\/h2>\n<p>Eftersom slumpm\u00e4ssiga chattar kan vara of\u00f6ruts\u00e4gbara vidtar Omegla flera \u00e5tg\u00e4rder f\u00f6r att s\u00e4kerst\u00e4lla en mer respektfull milj\u00f6:<\/p>\n<ol>\n<li><strong>Rapport\/Blockera funktion<\/strong>\n<ul>\n<li>Med ett klick kan du rapportera alla anv\u00e4ndare som bryter mot samh\u00e4llets normer. Modereringsteamet granskar flaggade sessioner.<\/li>\n<\/ul>\n<\/li>\n<li><strong>Riktlinjer f\u00f6r grundl\u00e4ggande inneh\u00e5ll<\/strong>\n<ul>\n<li>Tydliga regler beskriver vilka beteenden som \u00e4r f\u00f6rbjudna och ger anv\u00e4ndargruppen ett \u00f6verenskommet ramverk.<\/li>\n<\/ul>\n<\/li>\n<li><strong>Anv\u00e4ndarnas betyg<\/strong>\n<ul>\n<li>I vissa fall kan du l\u00e4mna feedback p\u00e5 dina m\u00f6ten, vilket bidrar till att fr\u00e4mja positiva interaktioner och rensa bort problematiskt beteende.<\/li>\n<\/ul>\n<\/li>\n<\/ol>\n<p>\u00c4ven om ingen plattform kan garantera perfektion, bidrar dessa verktyg till en s\u00e4krare <a href=\"https:\/\/strangercam.com\/sv\/mocospace\/\">utrymme<\/a> \u00e4n den \"fritt f\u00f6r alla\"-atmosf\u00e4r som ibland pl\u00e5gade \u00e4ldre slumpm\u00e4ssiga chattplattformar.<\/p>\n<h2>J\u00e4mf\u00f6relser med andra Omegle-alternativ<\/h2>\n<p>Omegla \u00e4r bara en av flera framv\u00e4xande Omegle-liknande tj\u00e4nster, till exempel <strong>Uhmegle<\/strong> och <strong>Omegleweg<\/strong>. Nedan f\u00f6ljer en \u00f6gonblicksbild av hur de j\u00e4mf\u00f6rs i viktiga avseenden:<\/p>\n<table>\n<thead>\n<tr>\n<th><strong>Plattform<\/strong><\/th>\n<th><strong>Anv\u00e4ndarv\u00e4nlighet<\/strong><\/th>\n<th><strong>Videokvalitet<\/strong><\/th>\n<th><strong>Filter\/Taggar<\/strong><\/th>\n<th><strong>Verktyg f\u00f6r rapportering<\/strong><\/th>\n<th><strong>Storlek p\u00e5 anv\u00e4ndarbas<\/strong><\/th>\n<\/tr>\n<\/thead>\n<tbody>\n<tr>\n<td><strong>Omegla<\/strong><\/td>\n<td>Mycket enkelt<\/td>\n<td>Adaptiv HD-streaming<\/td>\n<td>Grundl\u00e4ggande intressen<\/td>\n<td>Snabb rapport\/block<\/td>\n<td>V\u00e4xer snabbt<\/td>\n<\/tr>\n<tr>\n<td>Uhmegle<\/td>\n<td>Enkel och okomplicerad<\/td>\n<td>Generellt stabil<\/td>\n<td>N\u00e5got detaljerad<\/td>\n<td>Team f\u00f6r granskning av manualen<\/td>\n<td>Etablerade anv\u00e4ndare<\/td>\n<\/tr>\n<tr>\n<td>Omegleweg<\/td>\n<td>Minimalist<\/td>\n<td>Solid (viss buffring)<\/td>\n<td>Begr\u00e4nsad<\/td>\n<td>Grundl\u00e4ggande rapportering<\/td>\n<td>M\u00e5ttlig<\/td>\n<\/tr>\n<\/tbody>\n<\/table>\n<ul>\n<li><strong>Anv\u00e4ndarv\u00e4nlighet<\/strong>: Alla tre plattformarna delar en enkel metod, men Omeglas gr\u00e4nssnitt \u00e4r s\u00e4rskilt rent.<\/li>\n<li><strong>Videokvalitet<\/strong>: Omegla fokuserar p\u00e5 adaptiv streaming och erbjuder ganska konsekvent prestanda.<\/li>\n<li><strong>Filter\/Taggar<\/strong>: Uhmegle kan erbjuda mer detaljer, men Omeglas grundl\u00e4ggande r\u00e4ntetaggar h\u00e5ller saker och ting enkla.<\/li>\n<li><strong>Verktyg f\u00f6r rapportering<\/strong>: Omegla \u00e4r k\u00e4nt f\u00f6r sin enkla blockera\/rapportera-knapp, vilket garanterar minimala avbrott under livesessioner.<\/li>\n<\/ul>\n<h2>Demografi och aktivitet hos anv\u00e4ndare<\/h2>\n<h3>Vem anv\u00e4nder Omegla?<\/h3>\n<ul>\n<li><strong>Prim\u00e4rt \u00e5ldersintervall<\/strong>: Unga vuxna (18-35) utg\u00f6r en stor andel, men \u00e4ven \u00e4ldre demografier tittar in f\u00f6r snabba samtal.<\/li>\n<li><strong>Spr\u00e5k<\/strong>: \u00d6verv\u00e4gande engelsktalande, men du hittar ett anst\u00e4ndigt utbud av andra spr\u00e5k p\u00e5 grund av den globala tillg\u00e4ngligheten.<\/li>\n<li><strong>Global gemenskap<\/strong>: Stark n\u00e4rvaro i Nordamerika och Europa, med v\u00e4xande anv\u00e4ndarbas i delar av Asien och Sydamerika.<\/li>\n<\/ul>\n<h3>Trender f\u00f6r anv\u00e4ndning<\/h3>\n<ul>\n<li><strong>Topptider<\/strong>: Kv\u00e4llar och helger, n\u00e4r m\u00e4nniskor varvar ner fr\u00e5n arbete eller skola.<\/li>\n<li><strong>Avslappnade chattar<\/strong>: M\u00e5nga anv\u00e4ndare \u00e4r helt enkelt d\u00e4r f\u00f6r underh\u00e5llning eller f\u00f6r att f\u00f6rdriva tiden.<\/li>\n<li><strong>En djup konversation vid ett enstaka tillf\u00e4lle<\/strong>: Vissa m\u00e4nniskor stannar kvar f\u00f6r mer meningsfulla samtal - hobbyer, globala h\u00e4ndelser eller kulturella utbyten.<\/li>\n<\/ul>\n<h2>F\u00f6r- och nackdelar<\/h2>\n<p>Nedan f\u00f6ljer en snabb sammanst\u00e4llning av Omeglas styrkor och potentiella f\u00f6rb\u00e4ttringsomr\u00e5den:<\/p>\n<table>\n<thead>\n<tr>\n<th><strong>Proffs<\/strong><\/th>\n<th><strong>Nackdelar<\/strong><\/th>\n<\/tr>\n<\/thead>\n<tbody>\n<tr>\n<td>\u2013 <strong>Omedelbara slumpm\u00e4ssiga chattar<\/strong>: Snabbstartknappen g\u00f6r att du kan chatta snabbt.<\/td>\n<td>\u2013 <strong>Potentiellt ol\u00e4mpligt inneh\u00e5ll<\/strong>: Slumpm\u00e4ssig natur inneb\u00e4r \u00f6verraskningar.<\/td>\n<\/tr>\n<tr>\n<td>\u2013 <strong>Ingen registrering kr\u00e4vs<\/strong>: G\u00e5 med utan att dela personlig information.<\/td>\n<td>\u2013 <strong>Begr\u00e4nsad filtrering<\/strong>: Med grundl\u00e4ggande taggar kan du bara f\u00f6rfina efter breda \u00e4mnen.<\/td>\n<\/tr>\n<tr>\n<td>\u2013 <strong>Snabba, stabila anslutningar<\/strong>: Adaptiv streaming g\u00f6r samtalen smidiga.<\/td>\n<td>\u2013 <strong>Ingen profilanpassning<\/strong>: De som vill ha mer personlig anpassning kan k\u00e4nna sig begr\u00e4nsade.<\/td>\n<\/tr>\n<tr>\n<td>\u2013 <strong>Enkelt gr\u00e4nssnitt<\/strong>: Minimal inl\u00e4rningskurva f\u00f6r nykomlingar.<\/td>\n<td>\u2013 <strong>F\u00f6rtroende f\u00f6r anv\u00e4ndarrapporter<\/strong>: Modereringens effektivitet beror p\u00e5 samh\u00e4llets vaksamhet.<\/td>\n<\/tr>\n<\/tbody>\n<\/table>\n<h2>F\u00f6reslagna framtida f\u00f6rb\u00e4ttringar<\/h2>\n<p>Omegla forts\u00e4tter att utvecklas och anv\u00e4ndarna delar ofta med sig av feedback. N\u00e5gra potentiella f\u00f6rb\u00e4ttringar inkluderar:<\/p>\n<ol>\n<li><strong>Ut\u00f6kade intressekategorier<\/strong>\n<ul>\n<li>L\u00e5t anv\u00e4ndarna v\u00e4lja fr\u00e5n en bredare upps\u00e4ttning intressen f\u00f6r att g\u00f6ra anslutningarna mer relevanta.<\/li>\n<\/ul>\n<\/li>\n<li><strong>Valfritt anv\u00e4ndarnamn eller profil<\/strong>\n<ul>\n<li>Erbjud lite mer personalisering f\u00f6r dem som vill h\u00e5lla reda p\u00e5 v\u00e4nskapsmatcher.<\/li>\n<\/ul>\n<\/li>\n<li><strong>Inbyggd \u00f6vers\u00e4ttning<\/strong>\n<ul>\n<li>Underl\u00e4tta konversationer \u00f6ver spr\u00e5kgr\u00e4nserna f\u00f6r en \u00e4nnu mer global upplevelse.<\/li>\n<\/ul>\n<\/li>\n<li><strong>Omedelbar filtrering av ol\u00e4mpligt inneh\u00e5ll<\/strong>\n<ul>\n<li>AI-driven uppt\u00e4ckt kan hj\u00e4lpa till att snabbare st\u00e4vja explicit eller st\u00f6tande beteende.<\/li>\n<\/ul>\n<\/li>\n<\/ol>\n<h2>Komma ig\u00e5ng: En snabbguide<\/h2>\n<p>Redo att ge Omegla ett f\u00f6rs\u00f6k? H\u00e4r \u00e4r en kort f\u00e4rdplan:<\/p>\n<ol>\n<li><strong>Bes\u00f6k Omegla<\/strong>: G\u00e5 in p\u00e5 webbplatsen direkt i en vanlig webbl\u00e4sare.<\/li>\n<li><strong>Till\u00e5t kamera och mikrofon<\/strong>: Ge n\u00f6dv\u00e4ndiga beh\u00f6righeter f\u00f6r ljud och video.<\/li>\n<li><strong>V\u00e4lj intressen (valfritt)<\/strong>: V\u00e4lj n\u00e5gra breda taggar f\u00f6r att styra slumpm\u00e4ssig matchning.<\/li>\n<li><strong>Klicka p\u00e5 \"Start<\/strong>: Du kommer snabbt att kopplas ihop med en annan anv\u00e4ndare.<\/li>\n<li><strong>Chatta eller hoppa \u00f6ver<\/strong>: Om det inte passar, klicka p\u00e5 \"N\u00e4sta\" f\u00f6r att g\u00e5 vidare.<\/li>\n<li><strong>Blockera\/Rapportera<\/strong>: Om n\u00e5gon anv\u00e4ndare bryter mot riktlinjerna finns ett rapporteringsalternativ med ett klick.<\/li>\n<\/ol>\n<p>Du \u00e4r online och tr\u00e4ffar nya m\u00e4nniskor inom n\u00e5gra sekunder - inga tr\u00e5kiga registreringar kr\u00e4vs.<\/p>\n<h2>Slutsats<\/h2>\n<p>I en v\u00e4rld d\u00e4r Omegle:s fr\u00e5nvaro har l\u00e4mnat en lucka f\u00f6r fans av spontana videochattar, positionerar sig Omegla som ett enkelt, modernt alternativ. Dess minimala gr\u00e4nssnitt, snabba anslutningar och engagemang f\u00f6r anv\u00e4ndarv\u00e4nliga funktioner speglar k\u00e4rnan i det som gjorde den ursprungliga Omegle s\u00e5 tilltalande.<\/p>\n<p>Medan moderering p\u00e5 n\u00e5gon slumpm\u00e4ssig plattform aldrig \u00e4r idiots\u00e4ker, syftar Omeglas rapporterings- och blockeringsverktyg till att uppr\u00e4tth\u00e5lla en mer positiv atmosf\u00e4r. F\u00f6r dem som l\u00e4ngtar efter slumpm\u00e4ssiga, internationella interaktioner utan besv\u00e4ret med att skapa konton eller navigera i otaliga inst\u00e4llningar, erbjuder Omegla en engagerande upplevelse utan krusiduller. Med fortsatt f\u00f6rfining och lyh\u00f6rd moderering har den potential att skapa en stadig plats bland popul\u00e4ra Omegle-efterf\u00f6ljare som Uhmegle och Omegleweg.<\/p>\n<p>Om du s\u00f6ker den klassiska \"fr\u00e4mling med ett klick p\u00e5 en knapp\"-k\u00e4nslan kan Omegla vara din n\u00e4sta favorit f\u00f6r att tr\u00e4ffa m\u00e4nniskor fr\u00e5n hela v\u00e4rlden - en spontan chatt i taget.<\/p>","protected":false},"excerpt":{"rendered":"<p>With Omegle\u2019s departure, a variety of new video chat services have emerged to fill the gap. Omegla is one such platform, taking inspiration from Omegle\u2019s straightforward approach to random one-on-one chatting. Whether you\u2019re looking for a quick conversation, seeking new friends worldwide, or just curious about the latest Omegle-inspired innovations, Omegla aims to provide a [&hellip;]<\/p>\n","protected":false},"author":6,"featured_media":0,"parent":0,"menu_order":0,"comment_status":"closed","ping_status":"closed","template":"","meta":{"footnotes":""},"class_list":["post-12700","page","type-page","status-publish","hentry"],"yoast_head":"<!-- This site is optimized with the Yoast SEO plugin v27.4 - https:\/\/yoast.com\/product\/yoast-seo-wordpress\/ -->\n<title>Omegla - Free video chat with girls on StrangerCam.com<\/title>\n<meta name=\"description\" content=\"Like Omegla? Come chat with more than 5.000.000 strangers on Stranger Cam for Free! Turn on your cam and find new friends &amp; maby a match!\" \/>\n<meta name=\"robots\" content=\"index, follow, max-snippet:-1, max-image-preview:large, max-video-preview:-1\" \/>\n<link rel=\"canonical\" href=\"https:\/\/strangercam.com\/sv\/omegla\/\" \/>\n<meta property=\"og:locale\" content=\"sv_SE\" \/>\n<meta property=\"og:type\" content=\"article\" \/>\n<meta property=\"og:title\" content=\"Omegla - Free video chat with girls on StrangerCam.com\" \/>\n<meta property=\"og:description\" content=\"Like Omegla? Come chat with more than 5.000.000 strangers on Stranger Cam for Free! Turn on your cam and find new friends &amp; maby a match!\" \/>\n<meta property=\"og:url\" content=\"https:\/\/strangercam.com\/sv\/omegla\/\" \/>\n<meta property=\"og:site_name\" content=\"Strangercam\" \/>\n<meta property=\"article:publisher\" content=\"https:\/\/www.facebook.com\/strangercam\" \/>\n<meta property=\"article:modified_time\" content=\"2025-02-07T11:15:40+00:00\" \/>\n<meta property=\"og:image\" content=\"https:\/\/strangercam.com\/wp-content\/uploads\/2021\/10\/Untitled-2.png\" \/>\n\t<meta property=\"og:image:width\" content=\"800\" \/>\n\t<meta property=\"og:image:height\" content=\"532\" \/>\n\t<meta property=\"og:image:type\" content=\"image\/png\" \/>\n<meta name=\"twitter:card\" content=\"summary_large_image\" \/>\n<meta name=\"twitter:site\" content=\"@strangercamapp\" \/>\n<meta name=\"twitter:label1\" content=\"Ber\u00e4knad l\u00e4stid\" \/>\n\t<meta name=\"twitter:data1\" content=\"6 minuter\" \/>\n<script type=\"application\/ld+json\" class=\"yoast-schema-graph\">{\"@context\":\"https:\\\/\\\/schema.org\",\"@graph\":[{\"@type\":\"WebPage\",\"@id\":\"https:\\\/\\\/strangercam.com\\\/omegla\\\/\",\"url\":\"https:\\\/\\\/strangercam.com\\\/omegla\\\/\",\"name\":\"Omegla - Free video chat with girls on StrangerCam.com\",\"isPartOf\":{\"@id\":\"https:\\\/\\\/strangercam.com\\\/#website\"},\"datePublished\":\"2025-02-07T11:15:10+00:00\",\"dateModified\":\"2025-02-07T11:15:40+00:00\",\"description\":\"Like Omegla? Come chat with more than 5.000.000 strangers on Stranger Cam for Free! Turn on your cam and find new friends & maby a match!\",\"breadcrumb\":{\"@id\":\"https:\\\/\\\/strangercam.com\\\/omegla\\\/#breadcrumb\"},\"inLanguage\":\"sv-SE\",\"potentialAction\":[{\"@type\":\"ReadAction\",\"target\":[\"https:\\\/\\\/strangercam.com\\\/omegla\\\/\"]}]},{\"@type\":\"BreadcrumbList\",\"@id\":\"https:\\\/\\\/strangercam.com\\\/omegla\\\/#breadcrumb\",\"itemListElement\":[{\"@type\":\"ListItem\",\"position\":1,\"name\":\"Home\",\"item\":\"https:\\\/\\\/strangercam.com\\\/\"},{\"@type\":\"ListItem\",\"position\":2,\"name\":\"Omegla\"}]},{\"@type\":\"WebSite\",\"@id\":\"https:\\\/\\\/strangercam.com\\\/#website\",\"url\":\"https:\\\/\\\/strangercam.com\\\/\",\"name\":\"Strangercam\",\"description\":\"Random Video Chat with Strangers\",\"publisher\":{\"@id\":\"https:\\\/\\\/strangercam.com\\\/#organization\"},\"alternateName\":\"Strangercam.com\",\"potentialAction\":[{\"@type\":\"SearchAction\",\"target\":{\"@type\":\"EntryPoint\",\"urlTemplate\":\"https:\\\/\\\/strangercam.com\\\/?s={search_term_string}\"},\"query-input\":{\"@type\":\"PropertyValueSpecification\",\"valueRequired\":true,\"valueName\":\"search_term_string\"}}],\"inLanguage\":\"sv-SE\"},{\"@type\":\"Organization\",\"@id\":\"https:\\\/\\\/strangercam.com\\\/#organization\",\"name\":\"Strangercam\",\"alternateName\":\"Strangercam.com\",\"url\":\"https:\\\/\\\/strangercam.com\\\/\",\"logo\":{\"@type\":\"ImageObject\",\"inLanguage\":\"sv-SE\",\"@id\":\"https:\\\/\\\/strangercam.com\\\/#\\\/schema\\\/logo\\\/image\\\/\",\"url\":\"https:\\\/\\\/strangercam.com\\\/wp-content\\\/uploads\\\/2020\\\/11\\\/cropped-new-favicon-black.png\",\"contentUrl\":\"https:\\\/\\\/strangercam.com\\\/wp-content\\\/uploads\\\/2020\\\/11\\\/cropped-new-favicon-black.png\",\"width\":512,\"height\":512,\"caption\":\"Strangercam\"},\"image\":{\"@id\":\"https:\\\/\\\/strangercam.com\\\/#\\\/schema\\\/logo\\\/image\\\/\"},\"sameAs\":[\"https:\\\/\\\/www.facebook.com\\\/strangercam\",\"https:\\\/\\\/x.com\\\/strangercamapp\"]}]}<\/script>\n<!-- \/ Yoast SEO plugin. -->","yoast_head_json":{"title":"Omegla - Gratis videochatt med tjejer p\u00e5 StrangerCam.com","description":"Gillar du Omegla? Kom och chatta med mer \u00e4n 5.000.000 fr\u00e4mlingar p\u00e5 Stranger Cam helt gratis! Sl\u00e5 p\u00e5 din kamera och hitta nya v\u00e4nner och kanske en match!","robots":{"index":"index","follow":"follow","max-snippet":"max-snippet:-1","max-image-preview":"max-image-preview:large","max-video-preview":"max-video-preview:-1"},"canonical":"https:\/\/strangercam.com\/sv\/omegla\/","og_locale":"sv_SE","og_type":"article","og_title":"Omegla - Free video chat with girls on StrangerCam.com","og_description":"Like Omegla? Come chat with more than 5.000.000 strangers on Stranger Cam for Free! Turn on your cam and find new friends & maby a match!","og_url":"https:\/\/strangercam.com\/sv\/omegla\/","og_site_name":"Strangercam","article_publisher":"https:\/\/www.facebook.com\/strangercam","article_modified_time":"2025-02-07T11:15:40+00:00","og_image":[{"width":800,"height":532,"url":"https:\/\/strangercam.com\/wp-content\/uploads\/2021\/10\/Untitled-2.png","type":"image\/png"}],"twitter_card":"summary_large_image","twitter_site":"@strangercamapp","twitter_misc":{"Ber\u00e4knad l\u00e4stid":"6 minuter"},"schema":{"@context":"https:\/\/schema.org","@graph":[{"@type":"WebPage","@id":"https:\/\/strangercam.com\/omegla\/","url":"https:\/\/strangercam.com\/omegla\/","name":"Omegla - Gratis videochatt med tjejer p\u00e5 StrangerCam.com","isPartOf":{"@id":"https:\/\/strangercam.com\/#website"},"datePublished":"2025-02-07T11:15:10+00:00","dateModified":"2025-02-07T11:15:40+00:00","description":"Gillar du Omegla? Kom och chatta med mer \u00e4n 5.000.000 fr\u00e4mlingar p\u00e5 Stranger Cam helt gratis! Sl\u00e5 p\u00e5 din kamera och hitta nya v\u00e4nner och kanske en match!","breadcrumb":{"@id":"https:\/\/strangercam.com\/omegla\/#breadcrumb"},"inLanguage":"sv-SE","potentialAction":[{"@type":"ReadAction","target":["https:\/\/strangercam.com\/omegla\/"]}]},{"@type":"BreadcrumbList","@id":"https:\/\/strangercam.com\/omegla\/#breadcrumb","itemListElement":[{"@type":"ListItem","position":1,"name":"Home","item":"https:\/\/strangercam.com\/"},{"@type":"ListItem","position":2,"name":"Omegla"}]},{"@type":"WebSite","@id":"https:\/\/strangercam.com\/#website","url":"https:\/\/strangercam.com\/","name":"Strangercam","description":"Slumpm\u00e4ssig videochatt med fr\u00e4mlingar","publisher":{"@id":"https:\/\/strangercam.com\/#organization"},"alternateName":"Strangercam.com","potentialAction":[{"@type":"SearchAction","target":{"@type":"EntryPoint","urlTemplate":"https:\/\/strangercam.com\/?s={search_term_string}"},"query-input":{"@type":"PropertyValueSpecification","valueRequired":true,"valueName":"search_term_string"}}],"inLanguage":"sv-SE"},{"@type":"Organization","@id":"https:\/\/strangercam.com\/#organization","name":"Strangercam","alternateName":"Strangercam.com","url":"https:\/\/strangercam.com\/","logo":{"@type":"ImageObject","inLanguage":"sv-SE","@id":"https:\/\/strangercam.com\/#\/schema\/logo\/image\/","url":"https:\/\/strangercam.com\/wp-content\/uploads\/2020\/11\/cropped-new-favicon-black.png","contentUrl":"https:\/\/strangercam.com\/wp-content\/uploads\/2020\/11\/cropped-new-favicon-black.png","width":512,"height":512,"caption":"Strangercam"},"image":{"@id":"https:\/\/strangercam.com\/#\/schema\/logo\/image\/"},"sameAs":["https:\/\/www.facebook.com\/strangercam","https:\/\/x.com\/strangercamapp"]}]}},"_links":{"self":[{"href":"https:\/\/strangercam.com\/sv\/wp-json\/wp\/v2\/pages\/12700","targetHints":{"allow":["GET"]}}],"collection":[{"href":"https:\/\/strangercam.com\/sv\/wp-json\/wp\/v2\/pages"}],"about":[{"href":"https:\/\/strangercam.com\/sv\/wp-json\/wp\/v2\/types\/page"}],"author":[{"embeddable":true,"href":"https:\/\/strangercam.com\/sv\/wp-json\/wp\/v2\/users\/6"}],"replies":[{"embeddable":true,"href":"https:\/\/strangercam.com\/sv\/wp-json\/wp\/v2\/comments?post=12700"}],"version-history":[{"count":1,"href":"https:\/\/strangercam.com\/sv\/wp-json\/wp\/v2\/pages\/12700\/revisions"}],"predecessor-version":[{"id":12701,"href":"https:\/\/strangercam.com\/sv\/wp-json\/wp\/v2\/pages\/12700\/revisions\/12701"}],"wp:attachment":[{"href":"https:\/\/strangercam.com\/sv\/wp-json\/wp\/v2\/media?parent=12700"}],"curies":[{"name":"wp","href":"https:\/\/api.w.org\/{rel}","templated":true}]}}