{"id":12683,"date":"2025-01-29T10:35:45","date_gmt":"2025-01-29T08:35:45","guid":{"rendered":"https:\/\/strangercam.com\/?page_id=12683"},"modified":"2025-02-04T09:27:22","modified_gmt":"2025-02-04T07:27:22","slug":"pink-video-chat","status":"publish","type":"page","link":"https:\/\/strangercam.com\/sv\/pink-video-chat\/","title":{"rendered":"Rosa videochatt"},"content":{"rendered":"<p>Letar du efter ett livligt och spontant s\u00e4tt att <a href=\"https:\/\/strangercam.com\/sv\/coomeet\/\">tr\u00e4ffas<\/a> nya m\u00e4nniskor p\u00e5 n\u00e4tet? Rosa video <a href=\"https:\/\/strangercam.com\/sv\/chatroulette\/\">Chatt<\/a> erbjuder ett roligt alternativ till plattformar som Chatrandom, med fokus p\u00e5 slumpm\u00e4ssiga videoanslutningar som ger upphov till nya konversationer \u00f6ver hela v\u00e4rlden. I den h\u00e4r guiden kommer vi att utforska Pink Video Chat: s prim\u00e4ra funktioner, hur det sticker ut fr\u00e5n andra slumpm\u00e4ssiga chattsidor och vad som g\u00f6r det till ett s\u00e4kert och underh\u00e5llande alternativ f\u00f6r dem som \u00e4lskar snabba sociala m\u00f6ten.<\/p>\n<h2>Viktiga funktioner<\/h2>\n<p>Rosa <a href=\"https:\/\/strangercam.com\/sv\/rabbit-video-chat\/\">Videochatt<\/a> handlar om att leverera en enkel men engagerande metod f\u00f6r att f\u00e5 kontakt med fr\u00e4mlingar i realtid. Fr\u00e5n sitt anv\u00e4ndarv\u00e4nliga gr\u00e4nssnitt till kreativa till\u00e4gg syftar det till att h\u00e5lla konversationer roliga och s\u00e4kra.<\/p>\n<ul>\n<li><strong>Slumpm\u00e4ssig matchning av video<\/strong>: Para ihop dig direkt med fr\u00e4mlingar och hoppa in i avslappnade videochattar.<\/li>\n<li><strong>Isbrytarens effekter<\/strong>: Piffa upp konversationer med lekfulla masker, filter och andra visuella element.<\/li>\n<li><strong>Snabbnavigering<\/strong>: G\u00e5 snabbt fr\u00e5n en chatt till n\u00e4sta, s\u00e5 att du kan \u00e4gna mer tid \u00e5t att prata och mindre tid \u00e5t att v\u00e4nta.<\/li>\n<li><strong>Mobil-optimerad<\/strong>: Oavsett om du anv\u00e4nder smartphone eller dator kan du njuta av s\u00f6ml\u00f6sa videochattar utan att offra kvaliteten.<\/li>\n<\/ul>\n<h2>Slumpm\u00e4ssig upplevelse av videochatt<\/h2>\n<p>Den prim\u00e4ra attraktionen med Pink Video Chat ligger i dess f\u00f6rm\u00e5ga att ansluta dig till fr\u00e4mlingar, en-mot-en, med ett klick p\u00e5 en knapp.<\/p>\n<h3>Omedelbara anslutningar<\/h3>\n<p>S\u00e5 snart du trycker p\u00e5 \u201cStart\u201d hittar Pink Video Chat:s algoritm snabbt en partner som \u00e4r redo f\u00f6r en videosamtal. Inget behov av ut\u00f6kade profiler eller komplicerade filter - bara spontan dialog.<\/p>\n<h3>Auto n\u00e4sta alternativ<\/h3>\n<p>Om den aktuella konversationen inte klickar, kan du med ett enda tryck p\u00e5 \"N\u00e4sta\" koppla ihop dig med en ny matchning, vilket h\u00e5ller tempot uppe och hj\u00e4lper dig att uppt\u00e4cka fler m\u00e4nniskor.<\/p>\n<h3>Global gemenskap<\/h3>\n<p>Pink Video Chat:s anv\u00e4ndarbas str\u00e4cker sig \u00f6ver hela v\u00e4rlden, vilket ger dig m\u00f6jlighet att chatta med personer med olika bakgrund. Det \u00e4r perfekt f\u00f6r att l\u00e4ra sig nya spr\u00e5k eller utforska internationella kulturer i ett v\u00e4nligt, ansikte mot ansikte-format.<\/p>\n<h2>Roliga extrafunktioner<\/h2>\n<p>Ut\u00f6ver den viktiga slumpm\u00e4ssiga chattfunktionen erbjuder Pink Video Chat sp\u00e4nnande till\u00e4gg f\u00f6r att \u00f6ka engagemanget och bryta isen.<\/p>\n<table>\n<thead>\n<tr>\n<th>Funktion<\/th>\n<th>Beskrivning<\/th>\n<\/tr>\n<\/thead>\n<tbody>\n<tr>\n<td><strong>Digitala masker och filter<\/strong><\/td>\n<td>F\u00f6rvandla ditt utseende p\u00e5 sk\u00e4rmen med udda \u00f6verl\u00e4gg, roliga hattar eller animerade effekter.<\/td>\n<\/tr>\n<tr>\n<td><strong>Integration av textchatt<\/strong><\/td>\n<td>Skriv snabba meddelanden eller dela l\u00e4nkar om du inte vill tala inf\u00f6r kameran i b\u00f6rjan.<\/td>\n<\/tr>\n<tr>\n<td><strong>Verktyg f\u00f6r \u00f6gonblicksbild<\/strong><\/td>\n<td>F\u00e5nga minnesv\u00e4rda \u00f6gonblick (med samtycke) som du kan \u00e5terkomma till efter att din session har avslutats.<\/td>\n<\/tr>\n<tr>\n<td><strong>Intresse Taggar<\/strong><\/td>\n<td>Inkludera nyckelord (musik, sport, resor) s\u00e5 att plattformen kan f\u00f6resl\u00e5 mer relevanta matchningar.<\/td>\n<\/tr>\n<\/tbody>\n<\/table>\n<h2>Anv\u00e4ndargr\u00e4nssnitt och anv\u00e4ndarupplevelse<\/h2>\n<p>Pink Video Chat:s layout syftar till att vara okomplicerad, minska r\u00f6ran och prioritera enkla interaktioner.<\/p>\n<h3>Design och navigering<\/h3>\n<ul>\n<li><strong>Minimalistisk installation<\/strong>: Tydliga knappar f\u00f6r \"Start\", \"Stop\" och \"Next\" hj\u00e4lper dig att ta kontroll \u00f6ver dina anslutningar.<\/li>\n<li><strong>Ikonbaserade menyer<\/strong>: Snabbt hitta till\u00e4gg som filter, textchatt och rapportfunktioner.<\/li>\n<li><strong>Responsiv layout<\/strong>: Fungerar bra p\u00e5 b\u00e5de mobila enheter och station\u00e4ra datorer, vilket g\u00f6r att chattar ser bra ut p\u00e5 alla sk\u00e4rmar.<\/li>\n<\/ul>\n<h3>Profil &amp; Anpassning<\/h3>\n<ul>\n<li><strong>Valfria anv\u00e4ndarnamn<\/strong>: Skapa en kort profil om du vill ha \u00e5terkommande bes\u00f6kare, eller h\u00e5ll dig anonym f\u00f6r extra integritet.<\/li>\n<li><strong>Inst\u00e4llningar f\u00f6r aviseringar<\/strong>: Kontrollera aviseringar om v\u00e4nf\u00f6rfr\u00e5gningar eller nya funktioner.<\/li>\n<li><strong>Inst\u00e4llningar f\u00f6r sekretess<\/strong>: Begr\u00e4nsa platsdelning och justera vilken information som \u00e4r synlig f\u00f6r andra.<\/li>\n<\/ul>\n<h2>Prestanda<\/h2>\n<p>F\u00f6r alla <a href=\"https:\/\/strangercam.com\/sv\/chathub\/\">slumpm\u00e4ssig videochatt<\/a> plattform \u00e4r hastighet och tillf\u00f6rlitlighet avg\u00f6rande. Pink Video Chat balanserar kvalitet med anv\u00e4ndarv\u00e4nlig design.<\/p>\n<h3>Stabila anslutningar<\/h3>\n<ul>\n<li><strong>Optimerade servrar<\/strong>: Utformad f\u00f6r minskad f\u00f6rdr\u00f6jning och naturliga samtal.<\/li>\n<li><strong>Adaptiv streamingkvalitet<\/strong>: Justerar automatiskt uppl\u00f6sningen baserat p\u00e5 bandbredden p\u00e5 ditt internet.<\/li>\n<li><strong>Datav\u00e4nligt mobilt l\u00e4ge<\/strong>: Alternativ f\u00f6r l\u00e4gre dataanv\u00e4ndning f\u00f6r mobiln\u00e4t g\u00f6r att videon blir smidigare.<\/li>\n<\/ul>\n<h2>S\u00e4kerhet och m\u00e5ttfullhet<\/h2>\n<p>Slumpm\u00e4ssiga videochattar kan uts\u00e4tta anv\u00e4ndare f\u00f6r ol\u00e4mpliga interaktioner, vilket \u00e4r anledningen till att Pink Video Chat prioriterar moderering.<\/p>\n<h3>\u00d6vervakning av gemenskapen<\/h3>\n<ul>\n<li><strong>Rapportera och blockera<\/strong>: Rapportera omedelbart anv\u00e4ndare som bryter mot reglerna och blockera framtida kontakter f\u00f6r att uppr\u00e4tth\u00e5lla en trevlig upplevelse.<\/li>\n<li><strong>AI-filtrering<\/strong>: Automatiserade system uppt\u00e4cker och begr\u00e4nsar explicit eller kr\u00e4nkande inneh\u00e5ll i ett tidigt skede.<\/li>\n<li><strong>M\u00e4nsklig m\u00e5ttfullhet<\/strong>: Ett s\u00e4rskilt supportteam utreder allvarliga rapporter f\u00f6r ytterligare skydd.<\/li>\n<\/ul>\n<h3>F\u00f6rs\u00e4kran om integritet<\/h3>\n<ul>\n<li><strong>Anonyma videochattar<\/strong>: Ingen skyldighet att dela med sig av personuppgifter eller l\u00e4nka till profiler p\u00e5 sociala medier.<\/li>\n<li><strong>S\u00e4ker datahantering<\/strong>: Grundl\u00e4ggande kryptering hj\u00e4lper till att skydda kontouppgifter och sessionsinformation.<\/li>\n<li><strong>Policy f\u00f6r minimi\u00e5lder<\/strong>: Anv\u00e4ndare under 18 \u00e5r \u00e4r begr\u00e4nsade f\u00f6r att s\u00e4kerst\u00e4lla barns\u00e4kerhet.<\/li>\n<\/ul>\n<h2>Int\u00e4ktsgenerering och uppgraderingar<\/h2>\n<p>Pink Video Chat tillhandah\u00e5ller sina viktigaste matchningsfunktioner f\u00f6r <a href=\"https:\/\/strangercam.com\/sv\/chatta4gratis\/\">fri<\/a>men valfria betalda f\u00f6rm\u00e5ner kan f\u00f6rh\u00f6ja din upplevelse.<\/p>\n<h3>Alternativ f\u00f6r prenumeration<\/h3>\n<ul>\n<li><strong>Annonsfritt l\u00e4ge<\/strong>: Eliminera popup-f\u00f6nster och bannerannonser f\u00f6r en oavbruten chattmilj\u00f6.<\/li>\n<li><strong>Exklusiva filter<\/strong>: L\u00e5s upp premiumeffekter och bakgrunder f\u00f6r att sticka ut i kameran.<\/li>\n<li><strong>Avancerad matchmaking<\/strong>: F\u00f6rfina dina intressetaggar f\u00f6r mer exakta parningar.<\/li>\n<\/ul>\n<h3>Bel\u00f6ningar och krediter<\/h3>\n<ul>\n<li><strong>Lojalitetsniv\u00e5er<\/strong>: Samla po\u00e4ng genom frekvent anv\u00e4ndning, som kan l\u00f6sas in mot bonusar eller rabatter i appen.<\/li>\n<li><strong>Incitament f\u00f6r v\u00e4rvning<\/strong>: Bjud in v\u00e4nner till Pink Video Chat och tj\u00e4na po\u00e4ng att spendera p\u00e5 premiumfunktioner.<\/li>\n<\/ul>\n<h2>Positionering p\u00e5 marknaden<\/h2>\n<p>Pink Video Chat utm\u00e4rker sig som ett livligt alternativ till plattformar som Chatrandom. Det trivs med avslappnade, of\u00f6ruts\u00e4gbara m\u00f6ten samtidigt som det erbjuder tillr\u00e4ckligt med s\u00e4kerhets\u00e5tg\u00e4rder och anpassning f\u00f6r att tillfredsst\u00e4lla en bred publik.<\/p>\n<h3>Demografiska uppgifter om anv\u00e4ndare<\/h3>\n<ul>\n<li><strong>\u00c5ldersintervall<\/strong>: Fr\u00e4mst 18-35 \u00e5r, men \u00f6ppet f\u00f6r vuxna i alla \u00e5ldrar.<\/li>\n<li><strong>Intressen<\/strong>: Perfekt f\u00f6r avslappnade chattar, kulturellt utbyte, spr\u00e5k\u00f6vningar och allt d\u00e4remellan.<\/li>\n<li><strong>H\u00f6gsta anv\u00e4ndning<\/strong>: Kv\u00e4llar och helger drar den st\u00f6rsta publiken som vill ha roliga, avslappnade samtal.<\/li>\n<\/ul>\n<h3>Global r\u00e4ckvidd<\/h3>\n<ul>\n<li><strong>Internationell anv\u00e4ndarbas<\/strong>: Tr\u00e4ffa fr\u00e4mlingar fr\u00e5n otaliga l\u00e4nder och vidga din v\u00e4rldsbild med en chatt i taget.<\/li>\n<li><strong>Flerspr\u00e5kigt gr\u00e4nssnitt<\/strong>: V\u00e4lj bland flera spr\u00e5kalternativ f\u00f6r en lokalanpassad upplevelse.<\/li>\n<\/ul>\n<h2>F\u00f6r- och nackdelar<\/h2>\n<p>H\u00e4r \u00e4r en snabb genomg\u00e5ng av Pink Video Chat:s starka sidor och eventuella nackdelar:<\/p>\n<table>\n<thead>\n<tr>\n<th>Proffs<\/th>\n<th>Nackdelar<\/th>\n<\/tr>\n<\/thead>\n<tbody>\n<tr>\n<td>\n<ul>\n<li>Omedelbara slumpm\u00e4ssiga anslutningar<\/li>\n<li>Enkel, intuitiv layout<\/li>\n<li>Lekfulla filter och effekter<\/li>\n<li>Robusta modereringsverktyg<\/li>\n<li>Mobilanpassad prestanda<\/li>\n<\/ul>\n<\/td>\n<td>\n<ul>\n<li>Potentiell exponering f\u00f6r ol\u00e4mpligt inneh\u00e5ll (\u00e4ven om det modereras)<\/li>\n<li>H\u00f6ga Internetkrav f\u00f6r b\u00e4sta videokvalitet<\/li>\n<li>Begr\u00e4nsade profil- och r\u00e4ntealternativ p\u00e5 Free Tier<\/li>\n<li>Konkurrens fr\u00e5n st\u00f6rre, etablerade plattformar<\/li>\n<\/ul>\n<\/td>\n<\/tr>\n<\/tbody>\n<\/table>\n<h2>Slutsats<\/h2>\n<p>Pink Video Chat ger en lekfull, slumpm\u00e4ssig videochattupplevelse som passar alla som l\u00e4ngtar efter spontana sociala m\u00f6ten. Som ett alternativ till Chatrandom balanserar det enkelhet och njutning, med roliga funktioner som digitala masker och intressetaggar tillsammans med viktiga s\u00e4kerhets\u00e5tg\u00e4rder som rapportering och blockering. Oavsett om du vill tr\u00e4ffa nya v\u00e4nner, \u00f6va p\u00e5 ett andraspr\u00e5k eller bara f\u00f6rdriva tiden i en dynamisk online-community har Pink Video Chat mycket att erbjuda.<br \/>\nMed ett rent anv\u00e4ndargr\u00e4nssnitt, mobilkompatibilitet och en modererad chattmilj\u00f6 sticker Pink Video Chat ut som en livlig utmanare i v\u00e4rlden av slumpm\u00e4ssiga videochattwebbplatser. Ge det ett f\u00f6rs\u00f6k och uppt\u00e4ck vem du kommer att tr\u00e4ffa p\u00e5 andra sidan av ditt n\u00e4sta klick!<\/p>","protected":false},"excerpt":{"rendered":"<p>Are you looking for a lively, spontaneous way to meet new people online? Pink Video Chat offers a fun alternative to platforms like Chatrandom, focusing on random video connections that spark fresh conversations across the globe. In this guide, we\u2019ll explore Pink Video Chat\u2019s primary features, how it stands out from other random chat sites, [&hellip;]<\/p>\n","protected":false},"author":6,"featured_media":0,"parent":0,"menu_order":0,"comment_status":"closed","ping_status":"closed","template":"","meta":{"footnotes":""},"class_list":["post-12683","page","type-page","status-publish","hentry"],"yoast_head":"<!-- This site is optimized with the Yoast SEO plugin v26.9 - https:\/\/yoast.com\/product\/yoast-seo-wordpress\/ -->\n<title>Pink Video Chat - Chat with people on StrangerCam.com<\/title>\n<meta name=\"description\" content=\"Like Pink Video Chat? Come chat with more than 5.000.000 strangers on Stranger Cam for Free! Turn on your cam and find new friends &amp; maby a match!\" \/>\n<meta name=\"robots\" content=\"index, follow, max-snippet:-1, max-image-preview:large, max-video-preview:-1\" \/>\n<link rel=\"canonical\" href=\"https:\/\/strangercam.com\/sv\/pink-video-chat\/\" \/>\n<meta property=\"og:locale\" content=\"sv_SE\" \/>\n<meta property=\"og:type\" content=\"article\" \/>\n<meta property=\"og:title\" content=\"Pink Video Chat - Chat with people on StrangerCam.com\" \/>\n<meta property=\"og:description\" content=\"Like Pink Video Chat? Come chat with more than 5.000.000 strangers on Stranger Cam for Free! Turn on your cam and find new friends &amp; maby a match!\" \/>\n<meta property=\"og:url\" content=\"https:\/\/strangercam.com\/sv\/pink-video-chat\/\" \/>\n<meta property=\"og:site_name\" content=\"Strangercam\" \/>\n<meta property=\"article:publisher\" content=\"https:\/\/www.facebook.com\/strangercam\" \/>\n<meta property=\"article:modified_time\" content=\"2025-02-04T07:27:22+00:00\" \/>\n<meta property=\"og:image\" content=\"https:\/\/strangercam.com\/wp-content\/uploads\/2021\/10\/Untitled-2.png\" \/>\n\t<meta property=\"og:image:width\" content=\"800\" \/>\n\t<meta property=\"og:image:height\" content=\"532\" \/>\n\t<meta property=\"og:image:type\" content=\"image\/png\" \/>\n<meta name=\"twitter:card\" content=\"summary_large_image\" \/>\n<meta name=\"twitter:site\" content=\"@strangercamapp\" \/>\n<meta name=\"twitter:label1\" content=\"Ber\u00e4knad l\u00e4stid\" \/>\n\t<meta name=\"twitter:data1\" content=\"5 minuter\" \/>\n<script type=\"application\/ld+json\" class=\"yoast-schema-graph\">{\"@context\":\"https:\/\/schema.org\",\"@graph\":[{\"@type\":\"WebPage\",\"@id\":\"https:\/\/strangercam.com\/pink-video-chat\/\",\"url\":\"https:\/\/strangercam.com\/pink-video-chat\/\",\"name\":\"Pink Video Chat - Chat with people on StrangerCam.com\",\"isPartOf\":{\"@id\":\"https:\/\/strangercam.com\/#website\"},\"datePublished\":\"2025-01-29T08:35:45+00:00\",\"dateModified\":\"2025-02-04T07:27:22+00:00\",\"description\":\"Like Pink Video Chat? Come chat with more than 5.000.000 strangers on Stranger Cam for Free! Turn on your cam and find new friends & maby a match!\",\"breadcrumb\":{\"@id\":\"https:\/\/strangercam.com\/pink-video-chat\/#breadcrumb\"},\"inLanguage\":\"sv-SE\",\"potentialAction\":[{\"@type\":\"ReadAction\",\"target\":[\"https:\/\/strangercam.com\/pink-video-chat\/\"]}]},{\"@type\":\"BreadcrumbList\",\"@id\":\"https:\/\/strangercam.com\/pink-video-chat\/#breadcrumb\",\"itemListElement\":[{\"@type\":\"ListItem\",\"position\":1,\"name\":\"Home\",\"item\":\"https:\/\/strangercam.com\/\"},{\"@type\":\"ListItem\",\"position\":2,\"name\":\"Pink Video Chat\"}]},{\"@type\":\"WebSite\",\"@id\":\"https:\/\/strangercam.com\/#website\",\"url\":\"https:\/\/strangercam.com\/\",\"name\":\"Strangercam\",\"description\":\"Random Video Chat with Strangers\",\"publisher\":{\"@id\":\"https:\/\/strangercam.com\/#organization\"},\"alternateName\":\"Strangercam.com\",\"potentialAction\":[{\"@type\":\"SearchAction\",\"target\":{\"@type\":\"EntryPoint\",\"urlTemplate\":\"https:\/\/strangercam.com\/?s={search_term_string}\"},\"query-input\":{\"@type\":\"PropertyValueSpecification\",\"valueRequired\":true,\"valueName\":\"search_term_string\"}}],\"inLanguage\":\"sv-SE\"},{\"@type\":\"Organization\",\"@id\":\"https:\/\/strangercam.com\/#organization\",\"name\":\"Strangercam\",\"alternateName\":\"Strangercam.com\",\"url\":\"https:\/\/strangercam.com\/\",\"logo\":{\"@type\":\"ImageObject\",\"inLanguage\":\"sv-SE\",\"@id\":\"https:\/\/strangercam.com\/#\/schema\/logo\/image\/\",\"url\":\"https:\/\/strangercam.com\/wp-content\/uploads\/2020\/11\/cropped-new-favicon-black.png\",\"contentUrl\":\"https:\/\/strangercam.com\/wp-content\/uploads\/2020\/11\/cropped-new-favicon-black.png\",\"width\":512,\"height\":512,\"caption\":\"Strangercam\"},\"image\":{\"@id\":\"https:\/\/strangercam.com\/#\/schema\/logo\/image\/\"},\"sameAs\":[\"https:\/\/www.facebook.com\/strangercam\",\"https:\/\/x.com\/strangercamapp\"]}]}<\/script>\n<!-- \/ Yoast SEO plugin. -->","yoast_head_json":{"title":"Pink Video Chat - Chatta med m\u00e4nniskor p\u00e5 StrangerCam.com","description":"Gillar du rosa videochatt? Kom och chatta med mer \u00e4n 5.000.000 fr\u00e4mlingar p\u00e5 Stranger Cam helt gratis! Sl\u00e5 p\u00e5 din kamera och hitta nya v\u00e4nner och kanske en match!","robots":{"index":"index","follow":"follow","max-snippet":"max-snippet:-1","max-image-preview":"max-image-preview:large","max-video-preview":"max-video-preview:-1"},"canonical":"https:\/\/strangercam.com\/sv\/pink-video-chat\/","og_locale":"sv_SE","og_type":"article","og_title":"Pink Video Chat - Chat with people on StrangerCam.com","og_description":"Like Pink Video Chat? Come chat with more than 5.000.000 strangers on Stranger Cam for Free! Turn on your cam and find new friends & maby a match!","og_url":"https:\/\/strangercam.com\/sv\/pink-video-chat\/","og_site_name":"Strangercam","article_publisher":"https:\/\/www.facebook.com\/strangercam","article_modified_time":"2025-02-04T07:27:22+00:00","og_image":[{"width":800,"height":532,"url":"https:\/\/strangercam.com\/wp-content\/uploads\/2021\/10\/Untitled-2.png","type":"image\/png"}],"twitter_card":"summary_large_image","twitter_site":"@strangercamapp","twitter_misc":{"Ber\u00e4knad l\u00e4stid":"5 minuter"},"schema":{"@context":"https:\/\/schema.org","@graph":[{"@type":"WebPage","@id":"https:\/\/strangercam.com\/pink-video-chat\/","url":"https:\/\/strangercam.com\/pink-video-chat\/","name":"Pink Video Chat - Chatta med m\u00e4nniskor p\u00e5 StrangerCam.com","isPartOf":{"@id":"https:\/\/strangercam.com\/#website"},"datePublished":"2025-01-29T08:35:45+00:00","dateModified":"2025-02-04T07:27:22+00:00","description":"Gillar du rosa videochatt? Kom och chatta med mer \u00e4n 5.000.000 fr\u00e4mlingar p\u00e5 Stranger Cam helt gratis! Sl\u00e5 p\u00e5 din kamera och hitta nya v\u00e4nner och kanske en match!","breadcrumb":{"@id":"https:\/\/strangercam.com\/pink-video-chat\/#breadcrumb"},"inLanguage":"sv-SE","potentialAction":[{"@type":"ReadAction","target":["https:\/\/strangercam.com\/pink-video-chat\/"]}]},{"@type":"BreadcrumbList","@id":"https:\/\/strangercam.com\/pink-video-chat\/#breadcrumb","itemListElement":[{"@type":"ListItem","position":1,"name":"Home","item":"https:\/\/strangercam.com\/"},{"@type":"ListItem","position":2,"name":"Pink Video Chat"}]},{"@type":"WebSite","@id":"https:\/\/strangercam.com\/#website","url":"https:\/\/strangercam.com\/","name":"Strangercam","description":"Slumpm\u00e4ssig videochatt med fr\u00e4mlingar","publisher":{"@id":"https:\/\/strangercam.com\/#organization"},"alternateName":"Strangercam.com","potentialAction":[{"@type":"SearchAction","target":{"@type":"EntryPoint","urlTemplate":"https:\/\/strangercam.com\/?s={search_term_string}"},"query-input":{"@type":"PropertyValueSpecification","valueRequired":true,"valueName":"search_term_string"}}],"inLanguage":"sv-SE"},{"@type":"Organization","@id":"https:\/\/strangercam.com\/#organization","name":"Strangercam","alternateName":"Strangercam.com","url":"https:\/\/strangercam.com\/","logo":{"@type":"ImageObject","inLanguage":"sv-SE","@id":"https:\/\/strangercam.com\/#\/schema\/logo\/image\/","url":"https:\/\/strangercam.com\/wp-content\/uploads\/2020\/11\/cropped-new-favicon-black.png","contentUrl":"https:\/\/strangercam.com\/wp-content\/uploads\/2020\/11\/cropped-new-favicon-black.png","width":512,"height":512,"caption":"Strangercam"},"image":{"@id":"https:\/\/strangercam.com\/#\/schema\/logo\/image\/"},"sameAs":["https:\/\/www.facebook.com\/strangercam","https:\/\/x.com\/strangercamapp"]}]}},"_links":{"self":[{"href":"https:\/\/strangercam.com\/sv\/wp-json\/wp\/v2\/pages\/12683","targetHints":{"allow":["GET"]}}],"collection":[{"href":"https:\/\/strangercam.com\/sv\/wp-json\/wp\/v2\/pages"}],"about":[{"href":"https:\/\/strangercam.com\/sv\/wp-json\/wp\/v2\/types\/page"}],"author":[{"embeddable":true,"href":"https:\/\/strangercam.com\/sv\/wp-json\/wp\/v2\/users\/6"}],"replies":[{"embeddable":true,"href":"https:\/\/strangercam.com\/sv\/wp-json\/wp\/v2\/comments?post=12683"}],"version-history":[{"count":1,"href":"https:\/\/strangercam.com\/sv\/wp-json\/wp\/v2\/pages\/12683\/revisions"}],"predecessor-version":[{"id":12684,"href":"https:\/\/strangercam.com\/sv\/wp-json\/wp\/v2\/pages\/12683\/revisions\/12684"}],"wp:attachment":[{"href":"https:\/\/strangercam.com\/sv\/wp-json\/wp\/v2\/media?parent=12683"}],"curies":[{"name":"wp","href":"https:\/\/api.w.org\/{rel}","templated":true}]}}