{"id":12674,"date":"2025-01-29T10:23:24","date_gmt":"2025-01-29T08:23:24","guid":{"rendered":"https:\/\/strangercam.com\/?page_id=12674"},"modified":"2025-01-29T10:23:24","modified_gmt":"2025-01-29T08:23:24","slug":"chattmote","status":"publish","type":"page","link":"https:\/\/strangercam.com\/sv\/chatmeet\/","title":{"rendered":"Chatmeet"},"content":{"rendered":"<p>Letar du efter en p\u00e5litlig, funktionssp\u00e4ckad plattform f\u00f6r att f\u00e5 kontakt med v\u00e4nner, h\u00e5lla m\u00f6ten eller helt enkelt umg\u00e5s med nya m\u00e4nniskor online? Leta inte l\u00e4ngre \u00e4n <strong>Chatmeet<\/strong>, en svensk n\u00e4ttidning <a href=\"https:\/\/strangercam.com\/sv\/chatroulette\/\">chatt<\/a> webbplats som erbjuder ett imponerande utbud av funktioner f\u00f6r b\u00e5de vanliga anv\u00e4ndare, yrkesverksamma och inneh\u00e5llsskapare. I den h\u00e4r omfattande recensionen kommer vi att utforska plattformens utm\u00e4rkande funktioner, diskutera anv\u00e4ndarupplevelsen och lyfta fram omr\u00e5den f\u00f6r framtida tillv\u00e4xt.<\/p>\n<h2>Viktiga funktioner<\/h2>\n<p>Chatmeet tillhandah\u00e5ller en robust upps\u00e4ttning verktyg f\u00f6r att underl\u00e4tta smidiga interaktioner, oavsett om du hoppar p\u00e5 f\u00f6r en avslappnad <a href=\"https:\/\/strangercam.com\/sv\/rabbit-video-chat\/\">video<\/a> ringa eller organisera en diskussion i en st\u00f6rre grupp.<\/p>\n<ul>\n<li><strong>H\u00f6g kvalitet <a href=\"https:\/\/strangercam.com\/sv\/coomeet\/\">Videochatt<\/a><\/strong>: Njut av skarp video och minimal f\u00f6rdr\u00f6jning, vilket ger en mer naturlig kommunikation i realtid.<\/li>\n<li><strong>Dynamiska gruppsamtal<\/strong>: L\u00e4gg enkelt till flera deltagare, perfekt f\u00f6r virtuella evenemang eller gruppm\u00f6ten.<\/li>\n<li><strong>Interaktiva till\u00e4gg<\/strong>: Anv\u00e4nd sk\u00e4rmdelning, omr\u00f6stningar och chattintegrering f\u00f6r att h\u00e5lla alla engagerade.<\/li>\n<li><strong>Flexibel \u00e5tkomst<\/strong>: Logga in fr\u00e5n station\u00e4ra datorer, smartphones eller surfplattor, vilket g\u00f6r det bekv\u00e4mt att delta fr\u00e5n var som helst.<\/li>\n<\/ul>\n<h2>Funktioner f\u00f6r videochatt<\/h2>\n<p>K\u00e4rnan i Chatmeet \u00e4r dess h\u00f6gpresterande videosamtalsfunktion. Oavsett om du bara vill prata med v\u00e4nner eller leverera ett <a href=\"https:\/\/strangercam.com\/sv\/mili\/\">leva<\/a> presentation, h\u00e4r \u00e4r vad du kan f\u00f6rv\u00e4nta dig:<\/p>\n<h3>H\u00f6guppl\u00f6st video<\/h3>\n<p>Chatmeet st\u00f6der HD-uppl\u00f6sning, vilket ger skarpa bilder som f\u00e5ngar varje detalj. Detta \u00e4r s\u00e4rskilt anv\u00e4ndbart f\u00f6r professionella milj\u00f6er eller inneh\u00e5llsskapare som beh\u00f6ver presentera polerade videostr\u00f6mmar.<\/p>\n<h3>L\u00e5g latenstid<\/h3>\n<p>Optimerad serverarkitektur minskar f\u00f6rdr\u00f6jningen och s\u00e4kerst\u00e4ller en smidig upplevelse d\u00e4r du kan konversera i realtid utan betydande avbrott.<\/p>\n<h3>St\u00f6d f\u00f6r flera plattformar<\/h3>\n<p>Anv\u00e4nd Chatmeet p\u00e5 din b\u00e4rbara dator, telefon eller surfplatta. Det anpassar sig automatiskt till olika sk\u00e4rmstorlekar och systemfunktioner, s\u00e5 att du kan ansluta var som helst, n\u00e4r som helst.<\/p>\n<h3>Delning av sk\u00e4rm<\/h3>\n<p>Visa upp presentationer, designmodeller eller samarbetsdokument p\u00e5 ett enkelt s\u00e4tt. Den h\u00e4r funktionen \u00e4r s\u00e4rskilt v\u00e4rdefull f\u00f6r studenter, team eller andra som beh\u00f6ver feedback och samarbete i realtid.<\/p>\n<h2>Funktionalitet f\u00f6r gruppchatt<\/h2>\n<p>F\u00f6r st\u00f6rre sammankomster kan Chatmeet enkelt hantera videosamtal i grupp.<\/p>\n<h3>Stor deltagarkapacitet<\/h3>\n<p>Bjud in upp till 100 deltagare i ett enda samtal - ett perfekt uppl\u00e4gg f\u00f6r webbseminarier, virtuella hangouts eller online-evenemang.<\/p>\n<h3>Rollhantering<\/h3>\n<p>Tilldela roller som v\u00e4rd, presentat\u00f6r eller deltagare f\u00f6r att uppr\u00e4tth\u00e5lla ett organiserat fl\u00f6de. Detta \u00e4r praktiskt f\u00f6r professionella m\u00f6ten eller strukturerade gruppchattar.<\/p>\n<h3>Grupprum<\/h3>\n<p>Dela upp ett st\u00f6rre m\u00f6te i fokuserade undergrupper f\u00f6r att uppmuntra till djupare engagemang. N\u00e4r diskussionerna \u00e4r avslutade kan alla \u00e5tersamlas i det stora rummet.<\/p>\n<h2>Interaktiva verktyg<\/h2>\n<p>Ut\u00f6ver grundl\u00e4ggande videosamtal erbjuder Chatmeet interaktiva funktioner som \u00f6kar anv\u00e4ndarnas engagemang:<\/p>\n<table>\n<thead>\n<tr>\n<th>Funktion<\/th>\n<th>Beskrivning<\/th>\n<\/tr>\n<\/thead>\n<tbody>\n<tr>\n<td><strong>Virtuella bakgrunder<\/strong><\/td>\n<td>Bevara integriteten eller piffa upp din look med digitala bakgrunder.<\/td>\n<\/tr>\n<tr>\n<td><strong>Live-omr\u00f6stningar<\/strong><\/td>\n<td>Samla in snabb feedback eller \u00e5sikter fr\u00e5n din publik.<\/td>\n<\/tr>\n<tr>\n<td><strong>Integration av chatt<\/strong><\/td>\n<td>Skicka snabbmeddelanden tillsammans med videosamtal f\u00f6r att f\u00e5 klarg\u00f6randen i realtid.<\/td>\n<\/tr>\n<tr>\n<td><strong>Inspelningskapacitet<\/strong><\/td>\n<td>Spela in sessioner f\u00f6r utbildning, delning eller framtida referens.<\/td>\n<\/tr>\n<\/tbody>\n<\/table>\n<h2>Social integration<\/h2>\n<p>Om du \u00e4lskar att ansluta dina sociala cirklar, erbjuder Chatmeet:<\/p>\n<ul>\n<li><strong>Delning av sociala medier<\/strong>: L\u00e4gg enkelt upp videoh\u00f6jdpunkter p\u00e5 plattformar som Facebook, Twitter och mycket mer.<\/li>\n<li><strong>Synkronisering av kontakter<\/strong>: Importera kontakter fr\u00e5n andra n\u00e4tverk f\u00f6r att snabbt ut\u00f6ka din v\u00e4nlista.<\/li>\n<li><strong>L\u00e4nkar till inbjudan<\/strong>: Skapa delbara l\u00e4nkar f\u00f6r att bjuda in vem som helst med bara n\u00e5gra klick.<\/li>\n<\/ul>\n<h2>Anv\u00e4ndargr\u00e4nssnitt och anv\u00e4ndarupplevelse<\/h2>\n<p>Ett smidigt, intuitivt gr\u00e4nssnitt \u00e4r avg\u00f6rande f\u00f6r alla chattj\u00e4nster, och Chatmeet utm\u00e4rker sig h\u00e4r.<\/p>\n<h3>Design och navigering<\/h3>\n<ul>\n<li><strong>Intuitiv layout<\/strong>: Enkla menyer och etiketter hj\u00e4lper nykomlingar att navigera utan anstr\u00e4ngning.<\/li>\n<li><strong>Responsiv design<\/strong>: Layouten f\u00f6rblir konsekvent p\u00e5 alla enheter, fr\u00e5n smartphones till stora bildsk\u00e4rmar.<\/li>\n<li><strong>Tillg\u00e4ngliga menyer<\/strong>: Nyckelfunktionerna \u00e4r placerade d\u00e4r du beh\u00f6ver dem, vilket minskar f\u00f6rvirringen och sparar tid.<\/li>\n<\/ul>\n<h3>Tillg\u00e4nglighet<\/h3>\n<ul>\n<li><strong>St\u00f6d f\u00f6r flera spr\u00e5k<\/strong>: \u00c4ven om svenska \u00e4r det prim\u00e4ra fokuset finns Chatmeet tillg\u00e4ngligt p\u00e5 andra spr\u00e5k f\u00f6r att v\u00e4lkomna globala anv\u00e4ndare.<\/li>\n<li><strong>Kompatibilitet med sk\u00e4rml\u00e4sare<\/strong>: Fullt anv\u00e4ndbar med hj\u00e4lpmedelsteknik f\u00f6r synskadade anv\u00e4ndare.<\/li>\n<li><strong>Kortkommandon f\u00f6r tangentbord<\/strong>: Utf\u00f6r viktiga uppgifter utan mus, vilket \u00e4r bra f\u00f6r anv\u00e4ndare med begr\u00e4nsad r\u00f6rlighet.<\/li>\n<\/ul>\n<h3>Anpassningsalternativ<\/h3>\n<ul>\n<li><strong>Anpassning av profil<\/strong>: Ladda upp foton, l\u00e4gg till biografier och ange statusmeddelanden f\u00f6r att visa upp din personlighet.<\/li>\n<li><strong>Val av tema<\/strong>: V\u00e4xla mellan ljusa och m\u00f6rka l\u00e4gen f\u00f6r att minska anstr\u00e4ngningen f\u00f6r \u00f6gonen.<\/li>\n<li><strong>Inst\u00e4llningar f\u00f6r aviseringar<\/strong>: Justera aviseringar f\u00f6r att h\u00e5lla dig uppdaterad utan att k\u00e4nna dig bombarderad.<\/li>\n<\/ul>\n<h2>Prestanda<\/h2>\n<p>Stabila anslutningar och effektiv datahantering \u00e4r h\u00f6rnstenar i Chatmeets fokus p\u00e5 prestanda.<\/p>\n<h3>Stabilitet och tillf\u00f6rlitlighet<\/h3>\n<ul>\n<li><strong>Skalbar infrastruktur<\/strong>: Molnbaserade system hanterar pl\u00f6tsliga \u00f6kningar i anv\u00e4ndartrafiken.<\/li>\n<li><strong>Redundanssystem<\/strong>: Backup-servrar f\u00f6r att minimera driftstopp i h\u00e4ndelse av tekniska problem.<\/li>\n<li><strong>M\u00e5l f\u00f6r drifttid<\/strong>: M\u00e5let \u00e4r 99,9% drifttid, vilket s\u00e4kerst\u00e4ller att du kan lita p\u00e5 tj\u00e4nsten n\u00e4r som helst.<\/li>\n<\/ul>\n<h3>Streamingkvalitet<\/h3>\n<table>\n<thead>\n<tr>\n<th>Aspekt<\/th>\n<th>Prestationsm\u00e5tt<\/th>\n<\/tr>\n<\/thead>\n<tbody>\n<tr>\n<td><strong>Videouppl\u00f6sning<\/strong><\/td>\n<td>Upp till 1080p HD f\u00f6r skarpa bilder<\/td>\n<\/tr>\n<tr>\n<td><strong>Bildfrekvens<\/strong><\/td>\n<td>Bibeh\u00e5ller upp till 60 FPS f\u00f6r smidig video<\/td>\n<\/tr>\n<tr>\n<td><strong>Ljudkvalitet<\/strong><\/td>\n<td>High-fidelity-ljud med inbyggd brusreducering<\/td>\n<\/tr>\n<tr>\n<td><strong>F\u00f6rdr\u00f6jning<\/strong><\/td>\n<td>L\u00e5g latens f\u00f6r konversationer i realtid<\/td>\n<\/tr>\n<\/tbody>\n<\/table>\n<h3>Lyh\u00f6rdhet<\/h3>\n<ul>\n<li><strong>Snabba laddningstider<\/strong>: Sidor och inst\u00e4llningar visas n\u00e4stan direkt.<\/li>\n<li><strong>Uppdateringar i realtid<\/strong>: Att ansluta till samtal eller skicka meddelanden sker utan f\u00f6rdr\u00f6jning.<\/li>\n<li><strong>Adaptiv anv\u00e4ndning av bandbredd<\/strong>: Videokvaliteten anpassas automatiskt till din internethastighet.<\/li>\n<\/ul>\n<h2>S\u00e4kerhet och integritet<\/h2>\n<p>En s\u00e4ker onlinemilj\u00f6 \u00e4r avg\u00f6rande. Chatmeet inneh\u00e5ller flera s\u00e4kerhetsprotokoll f\u00f6r att skydda anv\u00e4ndardata.<\/p>\n<h3>Skydd av personuppgifter<\/h3>\n<ul>\n<li><strong>End-to-end-kryptering<\/strong>: Samtal och chattar f\u00f6rblir privata och s\u00e4kra.<\/li>\n<li><strong>S\u00e4ker lagring<\/strong>: K\u00e4nsliga uppgifter krypteras och f\u00f6rvaras i skyddade databaser.<\/li>\n<li><strong>Regelbundna s\u00e4kerhetsgranskningar<\/strong>: L\u00f6pande utv\u00e4rderingar \u00e5tg\u00e4rdar snabbt eventuella s\u00e5rbarheter.<\/li>\n<\/ul>\n<h3>Kontroll av anv\u00e4ndarens integritet<\/h3>\n<table>\n<thead>\n<tr>\n<th>Funktion f\u00f6r sekretess<\/th>\n<th>Beskrivning<\/th>\n<\/tr>\n<\/thead>\n<tbody>\n<tr>\n<td><strong>Profilens synlighet<\/strong><\/td>\n<td>Ange att din profil ska vara offentlig, privat eller begr\u00e4nsad till kontakter<\/td>\n<\/tr>\n<tr>\n<td><strong>Blockera och rapportera<\/strong><\/td>\n<td>Blockera enkelt ov\u00e4lkomna anv\u00e4ndare eller rapportera ol\u00e4mpligt inneh\u00e5ll<\/td>\n<\/tr>\n<tr>\n<td><strong>Dataexport<\/strong><\/td>\n<td>H\u00e4mta dina personuppgifter om det beh\u00f6vs<\/td>\n<\/tr>\n<tr>\n<td><strong>Tv\u00e5faktorsautentisering<\/strong><\/td>\n<td>F\u00f6rb\u00e4ttra inloggningss\u00e4kerheten med ett andra verifieringssteg<\/td>\n<\/tr>\n<\/tbody>\n<\/table>\n<h3>Moderering och inneh\u00e5llshantering<\/h3>\n<ul>\n<li><strong>Automatiserad filtrering av inneh\u00e5ll<\/strong>: AI-verktyg uppt\u00e4cker och flaggar f\u00f6rbjudet material.<\/li>\n<li><strong>M\u00e4nskliga moderatorer<\/strong>: Ett s\u00e4rskilt team granskar flaggat inneh\u00e5ll och anv\u00e4ndarrapporter.<\/li>\n<li><strong>Gemenskapens riktlinjer<\/strong>: Tydliga regler som syftar till att h\u00e5lla konversationerna respektfulla och v\u00e4nliga.<\/li>\n<\/ul>\n<h2>Int\u00e4ktsgenerering och aff\u00e4rsmodell<\/h2>\n<p>Chatmeet erbjuder <a href=\"https:\/\/strangercam.com\/sv\/chat4free\/\">fri<\/a> grundl\u00e4ggande tj\u00e4nster och ytterligare betalda alternativ, med balans mellan tillg\u00e4nglighet och premiumf\u00f6rm\u00e5ner.<\/p>\n<h3>Int\u00e4ktsstr\u00f6mmar<\/h3>\n<ul>\n<li><strong>Prenumerationsplaner<\/strong>: Betalda niv\u00e5er kan inneh\u00e5lla avancerade funktioner som h\u00f6gre videouppl\u00f6sning.<\/li>\n<li><strong>In-App-k\u00f6p<\/strong>: K\u00f6p virtuella klisterm\u00e4rken eller andra roliga till\u00e4gg.<\/li>\n<li><strong>Annonsering<\/strong>: Diskreta annonser hj\u00e4lper till att finansiera f\u00f6rb\u00e4ttringar av plattformen.<\/li>\n<li><strong>F\u00f6retagsl\u00f6sningar<\/strong>: Skr\u00e4ddarsydda paket f\u00f6r f\u00f6retag, komplett med analyser och prioriterad support.<\/li>\n<\/ul>\n<h3>Incitament f\u00f6r anv\u00e4ndare<\/h3>\n<ul>\n<li><strong>Premiumfunktioner<\/strong>: L\u00e5s upp funktioner som st\u00f6rre gruppkapaciteter eller exklusiva bakgrunder.<\/li>\n<li><strong>Virtuella varor<\/strong>: K\u00f6p temaprodukter f\u00f6r att liva upp dina samtal.<\/li>\n<li><strong>Lojalitetsprogram<\/strong>: Frekventa anv\u00e4ndare kan f\u00e5 rabatter och tillg\u00e5ng till beta-funktioner.<\/li>\n<li><strong>Bonusar f\u00f6r v\u00e4rvning<\/strong>: Bjud in v\u00e4nner och tj\u00e4na gratis krediter eller premiumpr\u00f6vningar.<\/li>\n<\/ul>\n<h3>Struktur f\u00f6r priss\u00e4ttning<\/h3>\n<table>\n<thead>\n<tr>\n<th>Serviceniv\u00e5<\/th>\n<th>Funktioner inkluderade<\/th>\n<th>Prispunkt<\/th>\n<\/tr>\n<\/thead>\n<tbody>\n<tr>\n<td><strong>Fri niv\u00e5<\/strong><\/td>\n<td>Enkla videosamtal, begr\u00e4nsad gruppstorlek och virtuella bakgrunder av standardtyp<\/td>\n<td>$0<\/td>\n<\/tr>\n<tr>\n<td><strong>Premiumniv\u00e5<\/strong><\/td>\n<td>HD-streaming, st\u00f6rre gruppchattar, exklusiva virtuella f\u00f6rem\u00e5l och prioriterad support<\/td>\n<td>$14,99\/m\u00e5nad<\/td>\n<\/tr>\n<tr>\n<td><strong>Enterprise-niv\u00e5<\/strong><\/td>\n<td>F\u00f6rb\u00e4ttrad s\u00e4kerhet, analys, dedikerad support och API-\u00e5tkomst<\/td>\n<td>Kontakta f\u00f6rs\u00e4ljning<\/td>\n<\/tr>\n<\/tbody>\n<\/table>\n<h2>Positionering p\u00e5 marknaden<\/h2>\n<p>Det finns m\u00e5nga internationella chattplattformar, men Chatmeet sticker ut som en svenskbaserad tj\u00e4nst som v\u00e4nder sig till anv\u00e4ndare som s\u00f6ker ett modernt, effektivt och socialt integrerat kommunikationsverktyg. Tj\u00e4nstens fokus p\u00e5 prestanda, tillg\u00e4nglighet och s\u00e4kerhet har hj\u00e4lpt den att skapa en nisch b\u00e5de i Sverige och internationellt.<\/p>\n<h3>Demografiska uppgifter om anv\u00e4ndare<\/h3>\n<ul>\n<li><strong>\u00c5ldersintervall<\/strong>: Generellt 18 till 45 \u00e5r, med en stark f\u00f6ljarskara bland unga vuxna och yrkesverksamma.<\/li>\n<li><strong>K\u00f6nsf\u00f6rdelning<\/strong>: Balanserad anv\u00e4ndning mellan k\u00f6nen, med olika intressen representerade.<\/li>\n<li><strong>Anv\u00e4ndnings\u00e4ndam\u00e5l<\/strong>: Avslappnade chattar, spelsessioner, virtuella evenemang, anst\u00e4llningsintervjuer och aff\u00e4rsm\u00f6ten.<\/li>\n<\/ul>\n<h3>Geografisk r\u00e4ckvidd<\/h3>\n<ul>\n<li><strong>Sverige<\/strong>: Plattformens hemmabas, som kontinuerligt expanderar \u00f6ver hela landet.<\/li>\n<li><strong>Norden<\/strong>: V\u00e4xande anv\u00e4ndarbas i grannl\u00e4nder som Norge, Danmark och Finland.<\/li>\n<li><strong>Globalt antagande<\/strong>: Attrahera en internationell publik tack vare st\u00f6d f\u00f6r flera spr\u00e5k.<\/li>\n<\/ul>\n<h3>Trender f\u00f6r anv\u00e4ndning<\/h3>\n<ul>\n<li><strong>Topptider<\/strong>: P\u00e5 kv\u00e4llar och helger \u00f6kar anv\u00e4ndaraktiviteten.<\/li>\n<li><strong>Engagemangsniv\u00e5er<\/strong>: H\u00f6g under interaktiva webbseminarier, digitala fester och studiecirklar i grupp.<\/li>\n<li><strong>Variationsrikt inneh\u00e5ll<\/strong>: Allt fr\u00e5n avslappnade tr\u00e4ffar till strukturerade professionella konferenser.<\/li>\n<\/ul>\n<h2>F\u00f6r- och nackdelar<\/h2>\n<p>Som alla plattformar har Chatmeet sina styrkor och omr\u00e5den som kan beh\u00f6va f\u00f6rfinas.<\/p>\n<table>\n<thead>\n<tr>\n<th>Proffs<\/th>\n<th>Nackdelar<\/th>\n<\/tr>\n<\/thead>\n<tbody>\n<tr>\n<td>\n<ul>\n<li>Rik upps\u00e4ttning funktioner<\/li>\n<li>H\u00f6gkvalitativ video och ljud<\/li>\n<li>Stark s\u00e4kerhet och moderering<\/li>\n<li>Anv\u00e4ndarv\u00e4nligt gr\u00e4nssnitt<\/li>\n<li>Skalbar till stora evenemang<\/li>\n<\/ul>\n<\/td>\n<td>\n<ul>\n<li>Komplexa priss\u00e4ttningsniv\u00e5er<\/li>\n<li>Kraftig bandbreddsanv\u00e4ndning f\u00f6r HD<\/li>\n<li>\u00d6verv\u00e4ldigande alternativ f\u00f6r nykomlingar<\/li>\n<li>Konkurrens fr\u00e5n st\u00f6rre plattformar<\/li>\n<li>F\u00f6rtroende f\u00f6r stabilt internet<\/li>\n<\/ul>\n<\/td>\n<\/tr>\n<\/tbody>\n<\/table>\n<h2>Slutsats<\/h2>\n<p>Chatmeet \u00e4r en robust svensk onlinechattj\u00e4nst som tillgodoser olika behov - fr\u00e5n avslappnade m\u00f6ten med v\u00e4nner till professionella konferenser och onlineevenemang. Dess betoning p\u00e5 anv\u00e4ndars\u00e4kerhet, h\u00f6gkvalitativ videostreaming och flexibla int\u00e4ktsmodeller g\u00f6r det till ett attraktivt val f\u00f6r en bred publik. \u00c4ven om nykomlingar kan k\u00e4nna sig \u00f6verv\u00e4ldigade av de m\u00e5nga funktionerna \u00e4r plattformen fortfarande anv\u00e4ndarv\u00e4nlig i grunden, med st\u00f6d av genomt\u00e4nkt design och responsiv prestanda.<br \/>\nMed kontinuerliga uppdateringar och ett aktivt f\u00f6rh\u00e5llningss\u00e4tt till feedback fr\u00e5n anv\u00e4ndarna \u00e4r Chatmeet v\u00e4l rustat f\u00f6r att v\u00e4xa ytterligare. Oavsett om du befinner dig i Sverige eller ansluter fr\u00e5n utlandet erbjuder Chatmeet en p\u00e5litlig och modern milj\u00f6 f\u00f6r videobaserade samtal, gruppsamtal och interaktiv kommunikation. Om du \u00e4r ute efter en funktionsrik plattform som kombinerar sociala n\u00e4tverkselement med professionell funktionalitet \u00e4r Chatmeet verkligen v\u00e4rt att titta n\u00e4rmare p\u00e5.<\/p>","protected":false},"excerpt":{"rendered":"<p>Are you seeking a reliable, feature-packed platform to connect with friends, host meetings, or simply socialize with new people online? Look no further than Chatmeet, a Swedish online chat site that offers an impressive range of functions for casual users, professionals, and content creators alike. In this comprehensive review, we\u2019ll explore the platform\u2019s standout features, [&hellip;]<\/p>\n","protected":false},"author":6,"featured_media":0,"parent":0,"menu_order":0,"comment_status":"closed","ping_status":"closed","template":"","meta":{"footnotes":""},"class_list":["post-12674","page","type-page","status-publish","hentry"],"yoast_head":"<!-- This site is optimized with the Yoast SEO plugin v27.4 - https:\/\/yoast.com\/product\/yoast-seo-wordpress\/ -->\n<title>Chatmeet - Chat and meet new people on StrangerCam.com<\/title>\n<meta name=\"description\" content=\"Like Chatmeet? Come chat with more than 5.000.000 strangers on Stranger Cam for Free! Turn on your cam and find new friends &amp; maby a match!\" \/>\n<meta name=\"robots\" content=\"index, follow, max-snippet:-1, max-image-preview:large, max-video-preview:-1\" \/>\n<link rel=\"canonical\" href=\"https:\/\/strangercam.com\/sv\/chattmote\/\" \/>\n<meta property=\"og:locale\" content=\"sv_SE\" \/>\n<meta property=\"og:type\" content=\"article\" \/>\n<meta property=\"og:title\" content=\"Chatmeet - Chat and meet new people on StrangerCam.com\" \/>\n<meta property=\"og:description\" content=\"Like Chatmeet? Come chat with more than 5.000.000 strangers on Stranger Cam for Free! Turn on your cam and find new friends &amp; maby a match!\" \/>\n<meta property=\"og:url\" content=\"https:\/\/strangercam.com\/sv\/chattmote\/\" \/>\n<meta property=\"og:site_name\" content=\"Strangercam\" \/>\n<meta property=\"article:publisher\" content=\"https:\/\/www.facebook.com\/strangercam\" \/>\n<meta property=\"og:image\" content=\"https:\/\/strangercam.com\/wp-content\/uploads\/2021\/10\/Untitled-2.png\" \/>\n\t<meta property=\"og:image:width\" content=\"800\" \/>\n\t<meta property=\"og:image:height\" content=\"532\" \/>\n\t<meta property=\"og:image:type\" content=\"image\/png\" \/>\n<meta name=\"twitter:card\" content=\"summary_large_image\" \/>\n<meta name=\"twitter:site\" content=\"@strangercamapp\" \/>\n<meta name=\"twitter:label1\" content=\"Ber\u00e4knad l\u00e4stid\" \/>\n\t<meta name=\"twitter:data1\" content=\"6 minuter\" \/>\n<script type=\"application\/ld+json\" class=\"yoast-schema-graph\">{\"@context\":\"https:\\\/\\\/schema.org\",\"@graph\":[{\"@type\":\"WebPage\",\"@id\":\"https:\\\/\\\/strangercam.com\\\/chatmeet\\\/\",\"url\":\"https:\\\/\\\/strangercam.com\\\/chatmeet\\\/\",\"name\":\"Chatmeet - Chat and meet new people on StrangerCam.com\",\"isPartOf\":{\"@id\":\"https:\\\/\\\/strangercam.com\\\/#website\"},\"datePublished\":\"2025-01-29T08:23:24+00:00\",\"description\":\"Like Chatmeet? Come chat with more than 5.000.000 strangers on Stranger Cam for Free! Turn on your cam and find new friends & maby a match!\",\"breadcrumb\":{\"@id\":\"https:\\\/\\\/strangercam.com\\\/chatmeet\\\/#breadcrumb\"},\"inLanguage\":\"sv-SE\",\"potentialAction\":[{\"@type\":\"ReadAction\",\"target\":[\"https:\\\/\\\/strangercam.com\\\/chatmeet\\\/\"]}]},{\"@type\":\"BreadcrumbList\",\"@id\":\"https:\\\/\\\/strangercam.com\\\/chatmeet\\\/#breadcrumb\",\"itemListElement\":[{\"@type\":\"ListItem\",\"position\":1,\"name\":\"Home\",\"item\":\"https:\\\/\\\/strangercam.com\\\/\"},{\"@type\":\"ListItem\",\"position\":2,\"name\":\"Chatmeet\"}]},{\"@type\":\"WebSite\",\"@id\":\"https:\\\/\\\/strangercam.com\\\/#website\",\"url\":\"https:\\\/\\\/strangercam.com\\\/\",\"name\":\"Strangercam\",\"description\":\"Random Video Chat with Strangers\",\"publisher\":{\"@id\":\"https:\\\/\\\/strangercam.com\\\/#organization\"},\"alternateName\":\"Strangercam.com\",\"potentialAction\":[{\"@type\":\"SearchAction\",\"target\":{\"@type\":\"EntryPoint\",\"urlTemplate\":\"https:\\\/\\\/strangercam.com\\\/?s={search_term_string}\"},\"query-input\":{\"@type\":\"PropertyValueSpecification\",\"valueRequired\":true,\"valueName\":\"search_term_string\"}}],\"inLanguage\":\"sv-SE\"},{\"@type\":\"Organization\",\"@id\":\"https:\\\/\\\/strangercam.com\\\/#organization\",\"name\":\"Strangercam\",\"alternateName\":\"Strangercam.com\",\"url\":\"https:\\\/\\\/strangercam.com\\\/\",\"logo\":{\"@type\":\"ImageObject\",\"inLanguage\":\"sv-SE\",\"@id\":\"https:\\\/\\\/strangercam.com\\\/#\\\/schema\\\/logo\\\/image\\\/\",\"url\":\"https:\\\/\\\/strangercam.com\\\/wp-content\\\/uploads\\\/2020\\\/11\\\/cropped-new-favicon-black.png\",\"contentUrl\":\"https:\\\/\\\/strangercam.com\\\/wp-content\\\/uploads\\\/2020\\\/11\\\/cropped-new-favicon-black.png\",\"width\":512,\"height\":512,\"caption\":\"Strangercam\"},\"image\":{\"@id\":\"https:\\\/\\\/strangercam.com\\\/#\\\/schema\\\/logo\\\/image\\\/\"},\"sameAs\":[\"https:\\\/\\\/www.facebook.com\\\/strangercam\",\"https:\\\/\\\/x.com\\\/strangercamapp\"]}]}<\/script>\n<!-- \/ Yoast SEO plugin. -->","yoast_head_json":{"title":"Chatmeet - Chatta och tr\u00e4ffa nya m\u00e4nniskor p\u00e5 StrangerCam.com","description":"Gillar du Chatmeet? Kom och chatta med mer \u00e4n 5.000.000 fr\u00e4mlingar p\u00e5 Stranger Cam helt gratis! Sl\u00e5 p\u00e5 din kamera och hitta nya v\u00e4nner och kanske en match!","robots":{"index":"index","follow":"follow","max-snippet":"max-snippet:-1","max-image-preview":"max-image-preview:large","max-video-preview":"max-video-preview:-1"},"canonical":"https:\/\/strangercam.com\/sv\/chattmote\/","og_locale":"sv_SE","og_type":"article","og_title":"Chatmeet - Chat and meet new people on StrangerCam.com","og_description":"Like Chatmeet? Come chat with more than 5.000.000 strangers on Stranger Cam for Free! Turn on your cam and find new friends & maby a match!","og_url":"https:\/\/strangercam.com\/sv\/chattmote\/","og_site_name":"Strangercam","article_publisher":"https:\/\/www.facebook.com\/strangercam","og_image":[{"width":800,"height":532,"url":"https:\/\/strangercam.com\/wp-content\/uploads\/2021\/10\/Untitled-2.png","type":"image\/png"}],"twitter_card":"summary_large_image","twitter_site":"@strangercamapp","twitter_misc":{"Ber\u00e4knad l\u00e4stid":"6 minuter"},"schema":{"@context":"https:\/\/schema.org","@graph":[{"@type":"WebPage","@id":"https:\/\/strangercam.com\/chatmeet\/","url":"https:\/\/strangercam.com\/chatmeet\/","name":"Chatmeet - Chatta och tr\u00e4ffa nya m\u00e4nniskor p\u00e5 StrangerCam.com","isPartOf":{"@id":"https:\/\/strangercam.com\/#website"},"datePublished":"2025-01-29T08:23:24+00:00","description":"Gillar du Chatmeet? Kom och chatta med mer \u00e4n 5.000.000 fr\u00e4mlingar p\u00e5 Stranger Cam helt gratis! Sl\u00e5 p\u00e5 din kamera och hitta nya v\u00e4nner och kanske en match!","breadcrumb":{"@id":"https:\/\/strangercam.com\/chatmeet\/#breadcrumb"},"inLanguage":"sv-SE","potentialAction":[{"@type":"ReadAction","target":["https:\/\/strangercam.com\/chatmeet\/"]}]},{"@type":"BreadcrumbList","@id":"https:\/\/strangercam.com\/chatmeet\/#breadcrumb","itemListElement":[{"@type":"ListItem","position":1,"name":"Home","item":"https:\/\/strangercam.com\/"},{"@type":"ListItem","position":2,"name":"Chatmeet"}]},{"@type":"WebSite","@id":"https:\/\/strangercam.com\/#website","url":"https:\/\/strangercam.com\/","name":"Strangercam","description":"Slumpm\u00e4ssig videochatt med fr\u00e4mlingar","publisher":{"@id":"https:\/\/strangercam.com\/#organization"},"alternateName":"Strangercam.com","potentialAction":[{"@type":"SearchAction","target":{"@type":"EntryPoint","urlTemplate":"https:\/\/strangercam.com\/?s={search_term_string}"},"query-input":{"@type":"PropertyValueSpecification","valueRequired":true,"valueName":"search_term_string"}}],"inLanguage":"sv-SE"},{"@type":"Organization","@id":"https:\/\/strangercam.com\/#organization","name":"Strangercam","alternateName":"Strangercam.com","url":"https:\/\/strangercam.com\/","logo":{"@type":"ImageObject","inLanguage":"sv-SE","@id":"https:\/\/strangercam.com\/#\/schema\/logo\/image\/","url":"https:\/\/strangercam.com\/wp-content\/uploads\/2020\/11\/cropped-new-favicon-black.png","contentUrl":"https:\/\/strangercam.com\/wp-content\/uploads\/2020\/11\/cropped-new-favicon-black.png","width":512,"height":512,"caption":"Strangercam"},"image":{"@id":"https:\/\/strangercam.com\/#\/schema\/logo\/image\/"},"sameAs":["https:\/\/www.facebook.com\/strangercam","https:\/\/x.com\/strangercamapp"]}]}},"_links":{"self":[{"href":"https:\/\/strangercam.com\/sv\/wp-json\/wp\/v2\/pages\/12674","targetHints":{"allow":["GET"]}}],"collection":[{"href":"https:\/\/strangercam.com\/sv\/wp-json\/wp\/v2\/pages"}],"about":[{"href":"https:\/\/strangercam.com\/sv\/wp-json\/wp\/v2\/types\/page"}],"author":[{"embeddable":true,"href":"https:\/\/strangercam.com\/sv\/wp-json\/wp\/v2\/users\/6"}],"replies":[{"embeddable":true,"href":"https:\/\/strangercam.com\/sv\/wp-json\/wp\/v2\/comments?post=12674"}],"version-history":[{"count":3,"href":"https:\/\/strangercam.com\/sv\/wp-json\/wp\/v2\/pages\/12674\/revisions"}],"predecessor-version":[{"id":12677,"href":"https:\/\/strangercam.com\/sv\/wp-json\/wp\/v2\/pages\/12674\/revisions\/12677"}],"wp:attachment":[{"href":"https:\/\/strangercam.com\/sv\/wp-json\/wp\/v2\/media?parent=12674"}],"curies":[{"name":"wp","href":"https:\/\/api.w.org\/{rel}","templated":true}]}}