{"id":12597,"date":"2024-11-08T12:09:20","date_gmt":"2024-11-08T10:09:20","guid":{"rendered":"https:\/\/strangercam.com\/?page_id=12597"},"modified":"2025-06-16T13:31:17","modified_gmt":"2025-06-16T11:31:17","slug":"fruzo","status":"publish","type":"page","link":"https:\/\/strangercam.com\/sv\/fruzo\/","title":{"rendered":"Fruzo"},"content":{"rendered":"<p>I det konkurrensutsatta landskapet f\u00f6r n\u00e4tdejting och sociala n\u00e4tverk utm\u00e4rker sig plattformar som erbjuder omfattande funktioner och fr\u00e4mjar \u00e4kta kontakter. <strong>Fruzo<\/strong> Fruzo utm\u00e4rker sig genom att integrera traditionell matchmaking med sociala mediefunktioner, vilket skapar en m\u00e5ngsidig milj\u00f6 f\u00f6r anv\u00e4ndare som s\u00f6ker v\u00e4nskap, romantiska relationer eller professionella n\u00e4tverksm\u00f6jligheter. Denna recension ger en detaljerad analys av Fruzo och unders\u00f6ker dess funktioner, anv\u00e4ndarupplevelse, prisalternativ, s\u00e4kerhets\u00e5tg\u00e4rder och hur den j\u00e4mf\u00f6rs med andra plattformar p\u00e5 marknaden.<\/p>\n<h2>\u00d6versikt \u00f6ver Fruzo<\/h2>\n<p>Fruzo lanserades med visionen att \u00f6verbrygga klyftan mellan sociala n\u00e4tverk och n\u00e4tdejting. Genom att l\u00e5ta anv\u00e4ndare f\u00e5 kontakt genom personliga profiler och <a href=\"https:\/\/strangercam.com\/sv\/rabbit-video-chat\/\">video<\/a> chattar syftar Fruzo till att underl\u00e4tta meningsfulla interaktioner som kan leda till varaktiga relationer. Plattformen \u00e4r utformad f\u00f6r att vara anv\u00e4ndarv\u00e4nlig och erbjuder en s\u00f6ml\u00f6s upplevelse f\u00f6r individer i alla \u00e5ldrar och bakgrunder. Med en v\u00e4xande global anv\u00e4ndarbas v\u00e4nder sig Fruzo till dem som vill ut\u00f6ka sina sociala cirklar, hitta romantiska partners eller engagera sig i professionellt n\u00e4tverkande.<\/p>\n<h2>Viktiga funktioner<\/h2>\n<h3>Integrerad anslutning till sociala medier<\/h3>\n<p>En av Fruzo:s utm\u00e4rkande egenskaper \u00e4r dess integration med befintliga sociala medieplattformar. Anv\u00e4ndare kan l\u00e4nka sina Facebook-profiler till Fruzo, vilket g\u00f6r det m\u00f6jligt f\u00f6r dem att f\u00e5 kontakt med v\u00e4nner till v\u00e4nner och ut\u00f6ka sitt n\u00e4tverk utan anstr\u00e4ngning. Denna funktion \u00f6kar inte bara f\u00f6rtroendet mellan anv\u00e4ndarna utan f\u00f6renklar ocks\u00e5 processen att hitta gemensamma intressen och \u00f6msesidiga kontakter.<\/p>\n<h3>Filter f\u00f6r avancerad s\u00f6kning<\/h3>\n<p>Fruzo erbjuder en rad avancerade s\u00f6kfilter som g\u00f6r det m\u00f6jligt f\u00f6r anv\u00e4ndare att skr\u00e4ddarsy sin s\u00f6kning efter potentiella matchningar. Filter inkluderar \u00e5lder, plats, intressen och relationsm\u00e5l, vilket s\u00e4kerst\u00e4ller att anv\u00e4ndare kan hitta individer som \u00f6verensst\u00e4mmer med deras preferenser. Denna niv\u00e5 av anpassning \u00f6kar relevansen av anslutningar och f\u00f6rb\u00e4ttrar den \u00f6vergripande anv\u00e4ndarupplevelsen.<\/p>\n<h3>Funktionalitet f\u00f6r videochatt<\/h3>\n<p>Ut\u00f6ver textbaserade interaktioner inneh\u00e5ller Fruzo video <a href=\"https:\/\/strangercam.com\/sv\/chatroulette\/\">chatt<\/a> funktioner som g\u00f6r det m\u00f6jligt f\u00f6r anv\u00e4ndare att delta i konversationer ansikte mot ansikte. Funktionen ger interaktionen en personlig pr\u00e4gel, vilket g\u00f6r att anv\u00e4ndarna b\u00e4ttre kan bed\u00f6ma kompatibilitet och bygga starkare kontakter. Videochattar kan startas direkt fr\u00e5n anv\u00e4ndarprofilerna, vilket g\u00f6r det enkelt att g\u00e5 fr\u00e5n meddelanden till <a href=\"https:\/\/strangercam.com\/sv\/mili\/\">leva<\/a> samtal.<\/p>\n<h3>Anv\u00e4ndarprofiler och personalisering<\/h3>\n<p>Fruzo tillhandah\u00e5ller detaljerade anv\u00e4ndarprofiler som visar personlig information, intressen, foton och l\u00e4nkar till sociala medier. Anv\u00e4ndarna kan anpassa sina profiler med olika typer av media, vilket \u00f6kar deras synlighet och attraktionskraft f\u00f6r potentiella matchningar. M\u00f6jligheten att se omfattande profiler fr\u00e4mjar mer informerade och meningsfulla interaktioner.<\/p>\n<h3>Inst\u00e4llningar f\u00f6r sekretess och s\u00e4kerhet<\/h3>\n<p>Fruzo l\u00e4gger stor vikt vid anv\u00e4ndarnas integritet och s\u00e4kerhet. Plattformen erbjuder robusta sekretessinst\u00e4llningar, s\u00e5 att anv\u00e4ndarna kan kontrollera vem som kan se deras profiler och kontakta dem. Dessutom anv\u00e4nder Fruzo kryptering och andra s\u00e4kerhets\u00e5tg\u00e4rder f\u00f6r att skydda anv\u00e4ndardata fr\u00e5n obeh\u00f6rig \u00e5tkomst och intr\u00e5ng.<\/p>\n<h3>Mobil tillg\u00e4nglighet<\/h3>\n<p>Fruzo \u00e4r medvetet om vikten av mobilitet och har d\u00e4rf\u00f6r en mobilanpassad webbplats som \u00e4r optimerad f\u00f6r anv\u00e4ndning p\u00e5 smartphones och surfplattor. Det finns ingen s\u00e4rskild mobilapplikation, men den responsiva designen s\u00e4kerst\u00e4ller att anv\u00e4ndarna kan komma \u00e5t alla funktioner n\u00e4r de \u00e4r p\u00e5 spr\u00e5ng utan att kompromissa med funktionaliteten.<\/p>\n<h2>Anv\u00e4ndarupplevelse<\/h2>\n<h3>Gr\u00e4nssnitt och design<\/h3>\n<p>Fruzo:s gr\u00e4nssnitt \u00e4r utformat med enkelhet och elegans i \u00e5tanke. Layouten \u00e4r ren och intuitiv, med tydligt m\u00e4rkta sektioner och enkel navigering. Anv\u00e4ndare kan enkelt bl\u00e4ddra bland profiler, starta chattar och hantera sina inst\u00e4llningar utan att st\u00f6ta p\u00e5 on\u00f6dig komplexitet. Plattformens moderna estetik \u00f6kar anv\u00e4ndarn\u00f6jdheten och uppmuntrar till l\u00e5ngvarigt engagemang.<\/p>\n<h3>Registreringsprocess<\/h3>\n<p>Fruzo erbjuder en enkel registreringsprocess som minimerar intr\u00e4desbarri\u00e4rerna. Anv\u00e4ndare kan registrera sig med sina Facebook-konton, vilket effektiviserar onboardingupplevelsen genom att importera grundl\u00e4ggande information och foton. F\u00f6r dem som f\u00f6redrar att inte anv\u00e4nda sociala medier finns det alternativa registreringsmetoder som endast kr\u00e4ver viktiga uppgifter som e-postadress och l\u00f6senord. Denna flexibilitet tillgodoser ett brett spektrum av anv\u00e4ndares preferenser och integritetsh\u00e4nsyn.<\/p>\n<h3>Prestanda och tillf\u00f6rlitlighet<\/h3>\n<p>Fruzo \u00e4r optimerad f\u00f6r h\u00f6g prestanda, vilket s\u00e4kerst\u00e4ller att plattformen fungerar smidigt \u00e4ven under tider med h\u00f6g anv\u00e4ndning. Den <a href=\"https:\/\/strangercam.com\/sv\/coomeet\/\">videochatt<\/a> funktionen uppr\u00e4tth\u00e5ller h\u00f6gkvalitativa str\u00f6mmar med minimal f\u00f6rdr\u00f6jning, vilket ger en s\u00f6ml\u00f6s konversationsupplevelse. Dessutom \u00e4r Fruzos servrar robusta och klarar av att hantera ett stort antal samtidiga anv\u00e4ndare utan betydande driftstopp eller prestandaproblem.<\/p>\n<h3>Tillg\u00e4nglighet<\/h3>\n<p>Fruzo \u00e4r tillg\u00e4nglig p\u00e5 olika enheter, inklusive station\u00e4ra datorer, b\u00e4rbara datorer, smartphones och surfplattor. Plattformens responsiva design s\u00e4kerst\u00e4ller konsekvent funktionalitet och utseende, oavsett vilken enhet som anv\u00e4nds. Denna tillg\u00e4nglighet g\u00f6r Fruzo till ett bekv\u00e4mt val f\u00f6r anv\u00e4ndare som f\u00f6redrar att ansluta fr\u00e5n olika platser och enheter.<\/p>\n<h2>Priss\u00e4ttning och prenumerationsalternativ<\/h2>\n<p>Fruzo erbjuder en kombination av gratis- och premiumfunktioner som tillgodoser m\u00e5nga olika anv\u00e4ndarbehov och budgetar.<\/p>\n<h3>Gratis funktioner<\/h3>\n<ul>\n<li><strong>Grundl\u00e4ggande video- och textchatt<\/strong>: Anv\u00e4ndare kan delta i video- och textbaserade konversationer utan kostnad.<\/li>\n<li><strong>Visning av profil<\/strong>: Tillg\u00e5ng till att se andra anv\u00e4ndares profiler och starta chattar.<\/li>\n<li><strong>Filter f\u00f6r grundl\u00e4ggande s\u00f6kning<\/strong>: Begr\u00e4nsad tillg\u00e5ng till s\u00f6kfilter f\u00f6r att hitta potentiella matchningar.<\/li>\n<li><strong>Integration av sociala medier<\/strong>: M\u00f6jlighet att ansluta och synkronisera med Facebook-profiler.<\/li>\n<\/ul>\n<h3>Fruzo Premium F\u00f6rm\u00e5ner<\/h3>\n<p>F\u00f6r anv\u00e4ndare som vill ha en f\u00f6rb\u00e4ttrad upplevelse erbjuder Fruzo en premiumprenumeration som kallas <strong>Fruzo Premium<\/strong>. Premiumniv\u00e5n inneh\u00e5ller ytterligare funktioner som t.ex:<\/p>\n<ul>\n<li><strong>Filter f\u00f6r avancerad s\u00f6kning<\/strong>: Mer specifika alternativ f\u00f6r \u00e5lder, plats, intressen och relationsm\u00e5l.<\/li>\n<li><strong>Annonsfri upplevelse<\/strong>: Borttagning av annonser f\u00f6r en smidigare och oavbruten surf- och chattupplevelse.<\/li>\n<li><strong>Obegr\u00e4nsad meddelandehantering<\/strong>: M\u00f6jlighet att skicka ett obegr\u00e4nsat antal meddelanden utan begr\u00e4nsningar.<\/li>\n<li><strong>Prioriterat st\u00f6d<\/strong>: Tillg\u00e5ng till dedikerad kundsupport f\u00f6r snabbare l\u00f6sning av problem.<\/li>\n<li><strong>F\u00f6rb\u00e4ttrad profil<\/strong>: F\u00f6rb\u00e4ttrad synlighet f\u00f6r anv\u00e4ndarprofiler i s\u00f6kresultat och rekommendationer.<\/li>\n<\/ul>\n<h3>Prenumerationsplaner<\/h3>\n<p>Fruzo Premium \u00e4r tillg\u00e4ngligt genom flexibla abonnemangsplaner f\u00f6r att tillgodose olika anv\u00e4ndares preferenser:<\/p>\n<ul>\n<li><strong>M\u00e5nadsvis plan<\/strong>: Perfekt f\u00f6r anv\u00e4ndare som vill prova premiumfunktionerna utan ett l\u00e5ngsiktigt \u00e5tagande.<\/li>\n<li><strong>Kvartalsplan<\/strong>: Erbjuder ett rabatterat pris j\u00e4mf\u00f6rt med m\u00e5nadsabonnemanget, l\u00e4mpligt f\u00f6r anv\u00e4ndning p\u00e5 medell\u00e5ng sikt.<\/li>\n<li><strong>\u00c5rlig plan<\/strong>: Ger det b\u00e4sta v\u00e4rdet f\u00f6r l\u00e5ngsiktiga anv\u00e4ndare, med betydande besparingar j\u00e4mf\u00f6rt med kortare planer.<\/li>\n<\/ul>\n<p>Priset f\u00f6r Fruzo Premium \u00e4r konkurrenskraftigt och \u00e5terspeglar det merv\u00e4rde som de f\u00f6rb\u00e4ttrade funktionerna och anv\u00e4ndarupplevelsen ger.<\/p>\n<h2>F\u00f6r- och nackdelar<\/h2>\n<h3>Proffs<\/h3>\n<ul>\n<li><strong>Integrerad anslutning till sociala medier<\/strong>: F\u00f6renklar processen med att hitta och ansluta till v\u00e4nner till v\u00e4nner.<\/li>\n<li><strong>Filter f\u00f6r avancerad s\u00f6kning<\/strong>: M\u00f6jligg\u00f6r mycket personliga och relevanta matchningar.<\/li>\n<li><strong>Funktionalitet f\u00f6r videochatt<\/strong>: F\u00f6rst\u00e4rker den personliga kontakten mellan anv\u00e4ndarna.<\/li>\n<li><strong>Anv\u00e4ndarv\u00e4nligt gr\u00e4nssnitt<\/strong>: Ren och intuitiv design s\u00e4kerst\u00e4ller anv\u00e4ndarv\u00e4nlighet.<\/li>\n<li><strong>Robust integritet och s\u00e4kerhet<\/strong>: Stor vikt l\u00e4ggs vid att skydda anv\u00e4ndardata och uppr\u00e4tth\u00e5lla integriteten.<\/li>\n<li><strong>Mobil tillg\u00e4nglighet<\/strong>: Optimerad f\u00f6r anv\u00e4ndning p\u00e5 olika enheter, vilket ger flexibilitet och bekv\u00e4mlighet.<\/li>\n<li><strong>M\u00e5ngsidig anv\u00e4ndarbas<\/strong>: F\u00e5 kontakt med personer fr\u00e5n olika kulturer och bakgrunder.<\/li>\n<\/ul>\n<h3>Nackdelar<\/h3>\n<ul>\n<li><strong>Begr\u00e4nsade fria funktioner<\/strong>: Avancerade filter och premiumfunktioner \u00e4r begr\u00e4nsade till betalande prenumeranter, vilket begr\u00e4nsar upplevelsen f\u00f6r gratisanv\u00e4ndare.<\/li>\n<li><strong>Ingen dedikerad mobilapp<\/strong>: \u00c4ven om plattformen \u00e4r mobilv\u00e4nlig kan avsaknaden av en dedikerad app p\u00e5verka bekv\u00e4mligheten f\u00f6r vissa anv\u00e4ndare.<\/li>\n<li><strong>Potentiell risk f\u00f6r ol\u00e4mpligt inneh\u00e5ll<\/strong>: Trots robusta rapporterings- och blockeringsfunktioner kan vissa anv\u00e4ndare st\u00f6ta p\u00e5 ol\u00e4mpligt beteende.<\/li>\n<li><strong>Annonser<\/strong>: Gratisanv\u00e4ndare uts\u00e4tts f\u00f6r reklam, vilket kan st\u00f6ra surf- och chattupplevelsen.<\/li>\n<li><strong>Beroende av internetkvalitet<\/strong>: H\u00f6gkvalitativ video och ljud kr\u00e4ver en stabil internetanslutning, som kanske inte \u00e4r tillg\u00e4nglig f\u00f6r alla anv\u00e4ndare.<\/li>\n<\/ul>\n<h2>Anv\u00e4ndars\u00e4kerhet och integritet<\/h2>\n<h3>Policy f\u00f6r moderering<\/h3>\n<p>Fruzo har \u00e5tagit sig att uppr\u00e4tth\u00e5lla en s\u00e4ker och respektfull milj\u00f6 f\u00f6r sina anv\u00e4ndare. Plattformen anv\u00e4nder b\u00e5de automatiserade system och m\u00e4nskliga moderatorer f\u00f6r att \u00f6vervaka inneh\u00e5ll och uppr\u00e4tth\u00e5lla gemenskapens riktlinjer. Anv\u00e4ndare uppmuntras att rapportera ol\u00e4mpligt beteende, och snabba \u00e5tg\u00e4rder vidtas mot \u00f6vertr\u00e4dare f\u00f6r att s\u00e4kerst\u00e4lla gemenskapens integritet. Fruzo tillhandah\u00e5ller dessutom tydliga riktlinjer f\u00f6r acceptabelt beteende f\u00f6r att fr\u00e4mja positiva interaktioner.<\/p>\n<h3>\u00c5tg\u00e4rder f\u00f6r skydd av personuppgifter<\/h3>\n<ul>\n<li><strong>Skydd av personuppgifter<\/strong>: Fruzo f\u00f6ljer strikta regler f\u00f6r dataskydd, vilket s\u00e4kerst\u00e4ller att anv\u00e4ndarinformationen \u00e4r s\u00e4ker och inte missbrukas.<\/li>\n<li><strong>Alternativ f\u00f6r anonymitet<\/strong>: Anv\u00e4ndare kan v\u00e4lja att begr\u00e4nsa synligheten av sin personliga information, vilket f\u00f6rb\u00e4ttrar integriteten.<\/li>\n<li><strong>Anv\u00e4ndarkontroller<\/strong>: M\u00f6jligheten att blockera och rapportera andra ger anv\u00e4ndarna kontroll \u00f6ver sina interaktioner och \u00f6kar deras k\u00e4nsla av s\u00e4kerhet.<\/li>\n<\/ul>\n<h3>S\u00e4kerhetstips f\u00f6r anv\u00e4ndare<\/h3>\n<ul>\n<li><strong>Skydda personlig information<\/strong>: Undvik att dela k\u00e4nsliga uppgifter som fullst\u00e4ndiga namn, adresser eller finansiell information under chattar.<\/li>\n<li><strong>Anv\u00e4nd sekretessfunktioner<\/strong>: Anv\u00e4nd Fruzos sekretessinst\u00e4llningar f\u00f6r att kontrollera vem som kan se din profil och kontakta dig.<\/li>\n<li><strong>Var f\u00f6rsiktig<\/strong>: Lita p\u00e5 dina instinkter och koppla bort alla samtal som k\u00e4nns obehagliga eller os\u00e4kra.<\/li>\n<li><strong>Rapportera \u00f6vertr\u00e4delser<\/strong>: Hj\u00e4lp till att uppr\u00e4tth\u00e5lla en s\u00e4ker gemenskap genom att rapportera ol\u00e4mpligt beteende eller inneh\u00e5ll.<\/li>\n<\/ul>\n<h2>J\u00e4mf\u00f6relse med konkurrenter<\/h2>\n<h3>Fruzo vs. Omegle<\/h3>\n<ul>\n<li><strong>Funktioner<\/strong>: Fruzo erbjuder mer avancerade filter och integrerad anslutning till sociala medier, medan <a href=\"https:\/\/strangercam.com\/sv\/omegle\/\">Omegle<\/a> fokuserar fr\u00e4mst p\u00e5 grundl\u00e4ggande slumpm\u00e4ssiga videochattar.<\/li>\n<li><strong>Anv\u00e4ndargr\u00e4nssnitt<\/strong>: Fruzos gr\u00e4nssnitt \u00e4r mer modernt och anv\u00e4ndarv\u00e4nligt j\u00e4mf\u00f6rt med Omegle:s f\u00f6renklade design.<\/li>\n<li><strong>Alternativ f\u00f6r sekretess<\/strong>: B\u00e5da plattformarna till\u00e5ter anonym chatt, men Fruzo ger ytterligare integritetskontroller genom sina integrerade funktioner f\u00f6r sociala medier.<\/li>\n<\/ul>\n<h3>Fruzo vs. Chatroulette<\/h3>\n<ul>\n<li><strong>Moderering<\/strong>: Fruzo anv\u00e4nder mer robusta modereringspolicyer f\u00f6r att minska f\u00f6rekomsten av ol\u00e4mpligt inneh\u00e5ll.<\/li>\n<li><strong>Ytterligare funktioner<\/strong>: Fruzo:s integrerade anslutning till sociala medier och avancerade s\u00f6kfilter ger en mer skr\u00e4ddarsydd upplevelse j\u00e4mf\u00f6rt med Chatroulette:s grundl\u00e4ggande videochattfunktion.<\/li>\n<li><strong>Anv\u00e4ndarbas<\/strong>: B\u00e5da plattformarna har stora globala anv\u00e4ndarbaser, men Fruzos ytterligare funktioner kan locka en mer varierad publik.<\/li>\n<\/ul>\n<h3>Fruzo vs. Chatrandom<\/h3>\n<ul>\n<li><strong>Chattl\u00e4gen<\/strong>: Chatrandom erbjuder flera chattl\u00e4gen, inklusive gruppchattar och temarum, medan Fruzo fr\u00e4mst fokuserar p\u00e5 interaktioner mellan en och en.<\/li>\n<li><strong>Premiumalternativ<\/strong>: B\u00e5da plattformarna erbjuder premiumabonnemang, men Fruzos premiumfunktioner \u00e4r mer inriktade p\u00e5 att f\u00f6rb\u00e4ttra integriteten och anpassningen.<\/li>\n<li><strong>Gr\u00e4nssnittsdesign<\/strong>: B\u00e5da plattformarna prioriterar anv\u00e4ndarv\u00e4nliga gr\u00e4nssnitt, men Fruzos design \u00e4r mer str\u00f6mlinjeformad och modern, med integrerade sociala medieelement.<\/li>\n<\/ul>\n<h2>Vittnesm\u00e5l fr\u00e5n anv\u00e4ndare<\/h2>\n<p><em>\"Fruzo har gjort det otroligt enkelt att f\u00e5 kontakt med v\u00e4nner till v\u00e4nner och ut\u00f6ka min sociala krets. Integrationen med Facebook ger ett lager av f\u00f6rtroende som jag verkligen uppskattar.\"<\/em> - <strong>Emma R.<\/strong><\/p>\n<p><em>\"Jag \u00e4lskar de avancerade s\u00f6kfiltren p\u00e5 Fruzo. Att kunna ange mina preferenser har gjort det s\u00e5 mycket l\u00e4ttare att hitta meningsfulla kontakter.\"<\/em> - <strong>Michael S.<\/strong><\/p>\n<p><em>\u201cVideochattfunktionen p\u00e5 Fruzo \u00e4r f\u00f6rstklassig. Det k\u00e4nns precis som att ha en personlig konversation, vilket har hj\u00e4lpt mig att bygga starkare relationer.\u201d<\/em> - <strong>Sophia L.<\/strong><\/p>\n<p><em>\"Fruzos fokus p\u00e5 integritet och s\u00e4kerhet g\u00f6r att jag kan k\u00e4nna mig lugn n\u00e4r jag interagerar med nya m\u00e4nniskor. Plattformen \u00e4r b\u00e5de s\u00e4ker och rolig att anv\u00e4nda.\"<\/em> - <strong>Daniel K.<\/strong><\/p>\n<h2>Slutsats<\/h2>\n<p>Fruzo erbjuder en omfattande och m\u00e5ngsidig plattform f\u00f6r personer som vill f\u00e5 kontakt med andra genom integrerade funktioner f\u00f6r sociala n\u00e4tverk och online-dejting. Dess betoning p\u00e5 avancerade s\u00f6kfilter, videochattfunktionalitet och robusta sekretess\u00e5tg\u00e4rder g\u00f6r det till ett framst\u00e5ende val p\u00e5 den \u00f6verfulla marknaden f\u00f6r online-dejting. \u00c4ven om det finns omr\u00e5den som kan f\u00f6rb\u00e4ttras, till exempel att ut\u00f6ka gratisfunktioner och utveckla en dedikerad mobilapp, underl\u00e4ttar Fruzo effektivt meningsfulla och s\u00e4kra anslutningar \u00f6ver hela v\u00e4rlden. Oavsett om du vill f\u00e5 nya v\u00e4nner, hitta en romantisk partner eller engagera dig i professionellt n\u00e4tverkande, erbjuder Fruzo en v\u00e4rdefull och tillg\u00e4nglig l\u00f6sning.<\/p>","protected":false},"excerpt":{"rendered":"<p>In the competitive landscape of online dating and social networking, platforms that offer comprehensive features and foster genuine connections stand out. Fruzo distinguishes itself by integrating traditional matchmaking with social media functionalities, creating a versatile environment for users seeking friendships, romantic relationships, or professional networking opportunities. This review provides a detailed analysis of Fruzo, examining [&hellip;]<\/p>\n","protected":false},"author":7,"featured_media":0,"parent":0,"menu_order":0,"comment_status":"closed","ping_status":"closed","template":"","meta":{"footnotes":""},"class_list":["post-12597","page","type-page","status-publish","hentry"],"yoast_head":"<!-- This site is optimized with the Yoast SEO plugin v26.9 - https:\/\/yoast.com\/product\/yoast-seo-wordpress\/ -->\n<title>Fruzo - Alternatives &amp; Reviews of Chat Sites - StrangerCam<\/title>\n<meta name=\"description\" content=\"Discover the best Video Chat Sites, complete with ratings and reviews. Enjoy free cam chats that let you meet new people.\" \/>\n<meta name=\"robots\" content=\"index, follow, max-snippet:-1, max-image-preview:large, max-video-preview:-1\" \/>\n<link rel=\"canonical\" href=\"https:\/\/strangercam.com\/sv\/fruzo\/\" \/>\n<meta property=\"og:locale\" content=\"sv_SE\" \/>\n<meta property=\"og:type\" content=\"article\" \/>\n<meta property=\"og:title\" content=\"Fruzo - Alternatives &amp; Reviews of Chat Sites - StrangerCam\" \/>\n<meta property=\"og:description\" content=\"Discover the best Video Chat Sites, complete with ratings and reviews. Enjoy free cam chats that let you meet new people.\" \/>\n<meta property=\"og:url\" content=\"https:\/\/strangercam.com\/sv\/fruzo\/\" \/>\n<meta property=\"og:site_name\" content=\"Strangercam\" \/>\n<meta property=\"article:publisher\" content=\"https:\/\/www.facebook.com\/strangercam\" \/>\n<meta property=\"article:modified_time\" content=\"2025-06-16T11:31:17+00:00\" \/>\n<meta property=\"og:image\" content=\"https:\/\/strangercam.com\/wp-content\/uploads\/2021\/10\/Untitled-2.png\" \/>\n\t<meta property=\"og:image:width\" content=\"800\" \/>\n\t<meta property=\"og:image:height\" content=\"532\" \/>\n\t<meta property=\"og:image:type\" content=\"image\/png\" \/>\n<meta name=\"twitter:card\" content=\"summary_large_image\" \/>\n<meta name=\"twitter:site\" content=\"@strangercamapp\" \/>\n<meta name=\"twitter:label1\" content=\"Ber\u00e4knad l\u00e4stid\" \/>\n\t<meta name=\"twitter:data1\" content=\"8 minuter\" \/>\n<script type=\"application\/ld+json\" class=\"yoast-schema-graph\">{\"@context\":\"https:\/\/schema.org\",\"@graph\":[{\"@type\":\"WebPage\",\"@id\":\"https:\/\/strangercam.com\/fruzo\/\",\"url\":\"https:\/\/strangercam.com\/fruzo\/\",\"name\":\"Fruzo - Alternatives & Reviews of Chat Sites - StrangerCam\",\"isPartOf\":{\"@id\":\"https:\/\/strangercam.com\/#website\"},\"datePublished\":\"2024-11-08T10:09:20+00:00\",\"dateModified\":\"2025-06-16T11:31:17+00:00\",\"description\":\"Discover the best Video Chat Sites, complete with ratings and reviews. Enjoy free cam chats that let you meet new people.\",\"breadcrumb\":{\"@id\":\"https:\/\/strangercam.com\/fruzo\/#breadcrumb\"},\"inLanguage\":\"sv-SE\",\"potentialAction\":[{\"@type\":\"ReadAction\",\"target\":[\"https:\/\/strangercam.com\/fruzo\/\"]}]},{\"@type\":\"BreadcrumbList\",\"@id\":\"https:\/\/strangercam.com\/fruzo\/#breadcrumb\",\"itemListElement\":[{\"@type\":\"ListItem\",\"position\":1,\"name\":\"Home\",\"item\":\"https:\/\/strangercam.com\/\"},{\"@type\":\"ListItem\",\"position\":2,\"name\":\"Fruzo\"}]},{\"@type\":\"WebSite\",\"@id\":\"https:\/\/strangercam.com\/#website\",\"url\":\"https:\/\/strangercam.com\/\",\"name\":\"Strangercam\",\"description\":\"Random Video Chat with Strangers\",\"publisher\":{\"@id\":\"https:\/\/strangercam.com\/#organization\"},\"alternateName\":\"Strangercam.com\",\"potentialAction\":[{\"@type\":\"SearchAction\",\"target\":{\"@type\":\"EntryPoint\",\"urlTemplate\":\"https:\/\/strangercam.com\/?s={search_term_string}\"},\"query-input\":{\"@type\":\"PropertyValueSpecification\",\"valueRequired\":true,\"valueName\":\"search_term_string\"}}],\"inLanguage\":\"sv-SE\"},{\"@type\":\"Organization\",\"@id\":\"https:\/\/strangercam.com\/#organization\",\"name\":\"Strangercam\",\"alternateName\":\"Strangercam.com\",\"url\":\"https:\/\/strangercam.com\/\",\"logo\":{\"@type\":\"ImageObject\",\"inLanguage\":\"sv-SE\",\"@id\":\"https:\/\/strangercam.com\/#\/schema\/logo\/image\/\",\"url\":\"https:\/\/strangercam.com\/wp-content\/uploads\/2020\/11\/cropped-new-favicon-black.png\",\"contentUrl\":\"https:\/\/strangercam.com\/wp-content\/uploads\/2020\/11\/cropped-new-favicon-black.png\",\"width\":512,\"height\":512,\"caption\":\"Strangercam\"},\"image\":{\"@id\":\"https:\/\/strangercam.com\/#\/schema\/logo\/image\/\"},\"sameAs\":[\"https:\/\/www.facebook.com\/strangercam\",\"https:\/\/x.com\/strangercamapp\"]}]}<\/script>\n<!-- \/ Yoast SEO plugin. -->","yoast_head_json":{"title":"Fruzo - Alternativ och recensioner av chattwebbplatser - StrangerCam","description":"Uppt\u00e4ck de b\u00e4sta webbplatserna f\u00f6r videochatt, komplett med betyg och recensioner. Njut av gratis cam chattar som l\u00e5ter dig tr\u00e4ffa nya m\u00e4nniskor.","robots":{"index":"index","follow":"follow","max-snippet":"max-snippet:-1","max-image-preview":"max-image-preview:large","max-video-preview":"max-video-preview:-1"},"canonical":"https:\/\/strangercam.com\/sv\/fruzo\/","og_locale":"sv_SE","og_type":"article","og_title":"Fruzo - Alternatives & Reviews of Chat Sites - StrangerCam","og_description":"Discover the best Video Chat Sites, complete with ratings and reviews. Enjoy free cam chats that let you meet new people.","og_url":"https:\/\/strangercam.com\/sv\/fruzo\/","og_site_name":"Strangercam","article_publisher":"https:\/\/www.facebook.com\/strangercam","article_modified_time":"2025-06-16T11:31:17+00:00","og_image":[{"width":800,"height":532,"url":"https:\/\/strangercam.com\/wp-content\/uploads\/2021\/10\/Untitled-2.png","type":"image\/png"}],"twitter_card":"summary_large_image","twitter_site":"@strangercamapp","twitter_misc":{"Ber\u00e4knad l\u00e4stid":"8 minuter"},"schema":{"@context":"https:\/\/schema.org","@graph":[{"@type":"WebPage","@id":"https:\/\/strangercam.com\/fruzo\/","url":"https:\/\/strangercam.com\/fruzo\/","name":"Fruzo - Alternativ och recensioner av chattwebbplatser - StrangerCam","isPartOf":{"@id":"https:\/\/strangercam.com\/#website"},"datePublished":"2024-11-08T10:09:20+00:00","dateModified":"2025-06-16T11:31:17+00:00","description":"Uppt\u00e4ck de b\u00e4sta webbplatserna f\u00f6r videochatt, komplett med betyg och recensioner. Njut av gratis cam chattar som l\u00e5ter dig tr\u00e4ffa nya m\u00e4nniskor.","breadcrumb":{"@id":"https:\/\/strangercam.com\/fruzo\/#breadcrumb"},"inLanguage":"sv-SE","potentialAction":[{"@type":"ReadAction","target":["https:\/\/strangercam.com\/fruzo\/"]}]},{"@type":"BreadcrumbList","@id":"https:\/\/strangercam.com\/fruzo\/#breadcrumb","itemListElement":[{"@type":"ListItem","position":1,"name":"Home","item":"https:\/\/strangercam.com\/"},{"@type":"ListItem","position":2,"name":"Fruzo"}]},{"@type":"WebSite","@id":"https:\/\/strangercam.com\/#website","url":"https:\/\/strangercam.com\/","name":"Strangercam","description":"Slumpm\u00e4ssig videochatt med fr\u00e4mlingar","publisher":{"@id":"https:\/\/strangercam.com\/#organization"},"alternateName":"Strangercam.com","potentialAction":[{"@type":"SearchAction","target":{"@type":"EntryPoint","urlTemplate":"https:\/\/strangercam.com\/?s={search_term_string}"},"query-input":{"@type":"PropertyValueSpecification","valueRequired":true,"valueName":"search_term_string"}}],"inLanguage":"sv-SE"},{"@type":"Organization","@id":"https:\/\/strangercam.com\/#organization","name":"Strangercam","alternateName":"Strangercam.com","url":"https:\/\/strangercam.com\/","logo":{"@type":"ImageObject","inLanguage":"sv-SE","@id":"https:\/\/strangercam.com\/#\/schema\/logo\/image\/","url":"https:\/\/strangercam.com\/wp-content\/uploads\/2020\/11\/cropped-new-favicon-black.png","contentUrl":"https:\/\/strangercam.com\/wp-content\/uploads\/2020\/11\/cropped-new-favicon-black.png","width":512,"height":512,"caption":"Strangercam"},"image":{"@id":"https:\/\/strangercam.com\/#\/schema\/logo\/image\/"},"sameAs":["https:\/\/www.facebook.com\/strangercam","https:\/\/x.com\/strangercamapp"]}]}},"_links":{"self":[{"href":"https:\/\/strangercam.com\/sv\/wp-json\/wp\/v2\/pages\/12597","targetHints":{"allow":["GET"]}}],"collection":[{"href":"https:\/\/strangercam.com\/sv\/wp-json\/wp\/v2\/pages"}],"about":[{"href":"https:\/\/strangercam.com\/sv\/wp-json\/wp\/v2\/types\/page"}],"author":[{"embeddable":true,"href":"https:\/\/strangercam.com\/sv\/wp-json\/wp\/v2\/users\/7"}],"replies":[{"embeddable":true,"href":"https:\/\/strangercam.com\/sv\/wp-json\/wp\/v2\/comments?post=12597"}],"version-history":[{"count":1,"href":"https:\/\/strangercam.com\/sv\/wp-json\/wp\/v2\/pages\/12597\/revisions"}],"predecessor-version":[{"id":12869,"href":"https:\/\/strangercam.com\/sv\/wp-json\/wp\/v2\/pages\/12597\/revisions\/12869"}],"wp:attachment":[{"href":"https:\/\/strangercam.com\/sv\/wp-json\/wp\/v2\/media?parent=12597"}],"curies":[{"name":"wp","href":"https:\/\/api.w.org\/{rel}","templated":true}]}}