{"id":12587,"date":"2024-11-08T12:02:12","date_gmt":"2024-11-08T10:02:12","guid":{"rendered":"https:\/\/strangercam.com\/?page_id=12587"},"modified":"2025-02-04T09:36:39","modified_gmt":"2025-02-04T07:36:39","slug":"rabbit-video-chat","status":"publish","type":"page","link":"https:\/\/strangercam.com\/sv\/rabbit-video-chat\/","title":{"rendered":"Videochatt med kanin"},"content":{"rendered":"<p>Letar du efter ett livligt och spontant s\u00e4tt att f\u00e5 kontakt med nya m\u00e4nniskor online? Kanin Video <a href=\"https:\/\/strangercam.com\/sv\/chatroulette\/\">Chatt<\/a> levererar en chattroulett-liknande upplevelse och parar ihop dig med fr\u00e4mlingar fr\u00e5n hela v\u00e4rlden f\u00f6r roliga m\u00f6ten ansikte mot ansikte. Nedan utforskar vi Rabbit Video Chat:s utm\u00e4rkande funktioner, hur den skiljer sig fr\u00e5n andra slumpm\u00e4ssiga chattwebbplatser och varf\u00f6r den \u00e4r ett bra val f\u00f6r snabba och livliga sociala kontakter.<\/p>\n<h2>Viktiga funktioner<\/h2>\n<p>Kanin <a href=\"https:\/\/strangercam.com\/sv\/coomeet\/\">Videochatt<\/a> fokuserar p\u00e5 enkelhet och underh\u00e5llning, vilket hj\u00e4lper dig att hoppa direkt in i videosamtal utan on\u00f6diga hinder. Dess funktioner inkluderar:<\/p>\n<ul>\n<li><strong>Slumpm\u00e4ssig matchning av video<\/strong>: Bli direkt ihopkopplad med fr\u00e4mlingar \u00f6ver hela v\u00e4rlden f\u00f6r autentiska chattar p\u00e5 tu man hand.<\/li>\n<li><strong>Roliga filter och effekter<\/strong>: Skapa sp\u00e4nning i konversationer med udda digitala masker och lekfulla \u00f6verl\u00e4gg.<\/li>\n<li><strong>Snabbnavigering<\/strong>: Flytta snabbt mellan matcherna f\u00f6r att forts\u00e4tta tr\u00e4ffa nya m\u00e4nniskor.<\/li>\n<li><strong>Mobil-optimerad<\/strong>: Njut av smidiga videochattar p\u00e5 b\u00e5de smartphones och station\u00e4ra datorer.<\/li>\n<\/ul>\n<h2>Slumpm\u00e4ssig upplevelse av videochatt<\/h2>\n<p>Rabbit Video Chat matchar dig direkt med nya personer, s\u00e5 att du kan \u00e4gna mer tid \u00e5t att prata och mindre tid \u00e5t att v\u00e4nta.<\/p>\n<h3>Omedelbar parning<\/h3>\n<p>Tryck p\u00e5 \"Start\"-knappen, s\u00e5 kommer plattformens algoritm snabbt att koppla ihop dig med en annan anv\u00e4ndare som s\u00f6ker konversation. Allt handlar om spontanitet - inga omfattande profiler eller komplicerade steg kr\u00e4vs.<\/p>\n<h3>Auto N\u00e4sta<\/h3>\n<p>Klickar du inte med din nuvarande partner? Tryck bara p\u00e5 \"N\u00e4sta\" f\u00f6r att g\u00e5 vidare. Detta s\u00e4kerst\u00e4ller en snabb milj\u00f6 d\u00e4r du kan hitta r\u00e4tt matchning f\u00f6r dig.<\/p>\n<h3>Global gemenskap<\/h3>\n<p>Rabbit Video Chat:s anv\u00e4ndarbas str\u00e4cker sig \u00f6ver kontinenter, vilket ger stora m\u00f6jligheter att l\u00e4ra sig om olika kulturer och kanske till och med \u00f6va ett nytt spr\u00e5k.<\/p>\n<h2>Roliga extrafunktioner<\/h2>\n<p>Denna plattform g\u00e5r ut\u00f6ver vanliga samtal med extra funktioner som kryddar den slumpm\u00e4ssiga chattupplevelsen:<\/p>\n<table>\n<thead>\n<tr>\n<th>Funktion<\/th>\n<th>Beskrivning<\/th>\n<\/tr>\n<\/thead>\n<tbody>\n<tr>\n<td><strong>Digitala filter och masker<\/strong><\/td>\n<td>L\u00e4gg in humor eller kreativitet i konversationer med roliga visuella effekter.<\/td>\n<\/tr>\n<tr>\n<td><strong>Integration av textchatt<\/strong><\/td>\n<td>Skriv snabbmeddelanden eller dela l\u00e4nkar om det k\u00e4nns f\u00f6r personligt att prata i b\u00f6rjan.<\/td>\n<\/tr>\n<tr>\n<td><strong>Verktyg f\u00f6r \u00f6gonblicksbild<\/strong><\/td>\n<td>F\u00e5nga minnesv\u00e4rda \u00f6gonblick (med din chattpartners samtycke) f\u00f6r att \u00e5terkomma till dem senare.<\/td>\n<\/tr>\n<tr>\n<td><strong>Intresse Taggar<\/strong><\/td>\n<td>M\u00e4rk chattar med \u00e4mnen (musik, resor, spel) f\u00f6r b\u00e4ttre kompatibilitet med nya matchningar.<\/td>\n<\/tr>\n<\/tbody>\n<\/table>\n<h2>Anv\u00e4ndargr\u00e4nssnitt och anv\u00e4ndarupplevelse<\/h2>\n<p>Rabbit Video Chat syftar till att tillhandah\u00e5lla ett tydligt och enkelt gr\u00e4nssnitt som h\u00e5ller fokus p\u00e5 din <a href=\"https:\/\/strangercam.com\/sv\/mili\/\">leva<\/a> video.<\/p>\n<h3>Design och navigering<\/h3>\n<ul>\n<li><strong>Minimalistiska kontroller<\/strong>: Tydligt markerade knappar f\u00f6r \u201cStart\u201d, \u201cStopp\u201d och \u201cN\u00e4sta\u201d g\u00f6r det enkelt att hantera chattar.<\/li>\n<li><strong>Ikonbaserade menyer<\/strong>: Filter, textchatt och andra funktioner \u00e4r tillg\u00e4ngliga via intuitiva ikoner.<\/li>\n<li><strong>Responsiv layout<\/strong>: Gr\u00e4nssnittet anpassar sig smidigt till allt fr\u00e5n smartphones till stora bildsk\u00e4rmar.<\/li>\n<\/ul>\n<h3>Anpassning<\/h3>\n<ul>\n<li><strong>Valfria profiler<\/strong>: Anv\u00e4nd ett smeknamn eller h\u00e5ll dig anonym f\u00f6r att skydda din integritet.<\/li>\n<li><strong>Inst\u00e4llningar f\u00f6r aviseringar<\/strong>: V\u00e4lj hur du vill ta emot v\u00e4nf\u00f6rfr\u00e5gningar eller uppdateringar.<\/li>\n<li><strong>Inst\u00e4llningar f\u00f6r sekretess<\/strong>: Kontrollera platsdelning och hantera vilka detaljer som \u00e4r synliga f\u00f6r andra.<\/li>\n<\/ul>\n<h2>Prestanda<\/h2>\n<p>Snabba, stabila anslutningar \u00e4r avg\u00f6rande f\u00f6r alla livevideoappar, och Rabbit Video Chat arbetar f\u00f6r att leverera en p\u00e5litlig upplevelse:<\/p>\n<h3>Optimerade servrar<\/h3>\n<ul>\n<li><strong>Minskad eftersl\u00e4pning<\/strong>: Effektiv infrastruktur syftar till minimal f\u00f6rdr\u00f6jning i videosamtal.<\/li>\n<li><strong>Adaptiv kvalitet<\/strong>: Videouppl\u00f6sningen justeras baserat p\u00e5 din internethastighet f\u00f6r att minimera avbrott.<\/li>\n<li><strong>Dataeffektivt l\u00e4ge<\/strong>: Mobilanv\u00e4ndare kan aktivera inst\u00e4llningar f\u00f6r l\u00e4gre dataanv\u00e4ndning.<\/li>\n<\/ul>\n<h2>S\u00e4kerhet och m\u00e5ttfullhet<\/h2>\n<p>Slumpm\u00e4ssiga videochattar kan ge ov\u00e4ntat inneh\u00e5ll, s\u00e5 Rabbit Video Chat inneh\u00e5ller flera s\u00e4kerhets\u00e5tg\u00e4rder:<\/p>\n<h3>Gemenskapens tillsyn<\/h3>\n<ul>\n<li><strong>Rapport- och blockeringsverktyg<\/strong>: Flagga snabbt ol\u00e4mpliga anv\u00e4ndare och blockera dem fr\u00e5n framtida m\u00f6ten.<\/li>\n<li><strong>AI Moderering<\/strong>: Automatiserade system \u00f6vervakar explicit eller skadligt beteende i realtid.<\/li>\n<li><strong>M\u00e4nskligt modereringsteam<\/strong>: Medarbetare granskar rapporterade problem f\u00f6r att h\u00e5lla plattformen v\u00e4lkomnande.<\/li>\n<\/ul>\n<h3>Kontroll av sekretess<\/h3>\n<ul>\n<li><strong>Anonymt gr\u00e4nssnitt<\/strong>: Chatta utan att avsl\u00f6ja personliga detaljer.<\/li>\n<li><strong>Krypterad datalagring<\/strong>: Grundl\u00e4ggande kryptering skyddar k\u00e4nslig kontoinformation.<\/li>\n<li><strong>\u00c5ldersbegr\u00e4nsningar<\/strong>: \u00c5ldersverifiering hj\u00e4lper till att skydda minder\u00e5riga.<\/li>\n<\/ul>\n<h2>Int\u00e4ktsgenerering och uppgraderingar<\/h2>\n<p>Medan Rabbit Video Chat till stor del \u00e4r <a href=\"https:\/\/strangercam.com\/sv\/chatta4gratis\/\">fri<\/a> \u00e4r l\u00e4tt att anv\u00e4nda och erbjuder dessutom premiumfunktioner:<\/p>\n<h3>Premiumf\u00f6rm\u00e5ner<\/h3>\n<ul>\n<li><strong>Annonsfri surfning<\/strong>: Ta bort annonser f\u00f6r oavbruten chatt.<\/li>\n<li><strong>Exklusiva effekter<\/strong>: L\u00e5s upp specialfilter och bakgrunder.<\/li>\n<li><strong>F\u00f6rb\u00e4ttrad matchning<\/strong>: Finjustera dina intressetaggar och platsfilter.<\/li>\n<\/ul>\n<h3>Bel\u00f6ningssystem<\/h3>\n<ul>\n<li><strong>Lojalitetspo\u00e4ng<\/strong>: Tj\u00e4na po\u00e4ng genom frekvent anv\u00e4ndning, som kan l\u00f6sas in mot premiumartiklar.<\/li>\n<li><strong>F\u00f6rm\u00e5ner vid v\u00e4rvning<\/strong>: Bjud in v\u00e4nner och f\u00e5 bonusf\u00f6rm\u00e5ner f\u00f6r varje lyckad registrering.<\/li>\n<\/ul>\n<h2>Positionering p\u00e5 marknaden<\/h2>\n<p>Rabbit Video Chat fungerar som ett livfullt alternativ till mer etablerade <a href=\"https:\/\/strangercam.com\/sv\/chathub\/\">slumpm\u00e4ssig videochatt<\/a> plattformar, som lutar sig mot dess anv\u00e4ndarv\u00e4nliga gr\u00e4nssnitt och robusta modereringsmetod.<\/p>\n<h3>Demografiska uppgifter om anv\u00e4ndare<\/h3>\n<ul>\n<li><strong>\u00c5ldersintervall<\/strong>: \u00d6verv\u00e4gande 18-35 \u00e5r, \u00e4ven om vuxna i alla \u00e5ldrar deltar.<\/li>\n<li><strong>Prim\u00e4ra intressen<\/strong>: Avslappnade samtal, kulturellt utbyte, spr\u00e5kpraktik.<\/li>\n<li><strong>Topptider<\/strong>: N\u00e4tter och helger har den h\u00f6gsta anv\u00e4ndartrafiken.<\/li>\n<\/ul>\n<h3>Global r\u00e4ckvidd<\/h3>\n<ul>\n<li><strong>Internationella anv\u00e4ndare<\/strong>: Samarbeta med m\u00e4nniskor fr\u00e5n olika l\u00e4nder och med olika bakgrund.<\/li>\n<li><strong>Flerspr\u00e5kigt gr\u00e4nssnitt<\/strong>: V\u00e4xla till olika spr\u00e5kalternativ f\u00f6r en lokalanpassad upplevelse.<\/li>\n<\/ul>\n<h2>F\u00f6r- och nackdelar<\/h2>\n<p>H\u00e4r f\u00f6ljer en snabb \u00f6verblick \u00f6ver Rabbit Video Chat:s f\u00f6rdelar och potentiella begr\u00e4nsningar:<\/p>\n<table>\n<thead>\n<tr>\n<th>Proffs<\/th>\n<th>Nackdelar<\/th>\n<\/tr>\n<\/thead>\n<tbody>\n<tr>\n<td>\n<ul>\n<li>Snabba slumpm\u00e4ssiga kopplingar<\/li>\n<li>Enkelt anv\u00e4ndargr\u00e4nssnitt<\/li>\n<li>Underh\u00e5llande filter och effekter<\/li>\n<li>Dedikerade modererings- och s\u00e4kerhetsverktyg<\/li>\n<li>Fungerar bra p\u00e5 mobila enheter<\/li>\n<\/ul>\n<\/td>\n<td>\n<ul>\n<li>Tillf\u00e4llig exponering f\u00f6r o\u00f6nskat inneh\u00e5ll<\/li>\n<li>Kr\u00e4ver stabilt internet f\u00f6r b\u00e4sta kvalitet<\/li>\n<li>F\u00e4rre gratisfunktioner j\u00e4mf\u00f6rt med betalda uppgraderingar<\/li>\n<li>Konkurrerar med st\u00f6rre, v\u00e4lk\u00e4nda plattformar<\/li>\n<\/ul>\n<\/td>\n<\/tr>\n<\/tbody>\n<\/table>\n<h2>Slutsats<\/h2>\n<p>Rabbit Video Chat \u00e4r ett energigivande och anv\u00e4ndarv\u00e4nligt alternativ om du gillar att tr\u00e4ffa fr\u00e4mlingar genom slumpm\u00e4ssiga videosamtal. Dess f\u00f6renklade design, inkluderande globala community och robusta modereringsverktyg g\u00f6r det till ett bra val f\u00f6r snabba chattar, spr\u00e5kpraktik eller underh\u00e5llande m\u00f6ten i realtid. Oavsett om du \u00e4r ny p\u00e5 slumpm\u00e4ssiga videochattar eller ett erfaret proffs, framst\u00e5r Rabbit Video Chat som ett luftigt och p\u00e5litligt s\u00e4tt att f\u00e5 kontakt med m\u00e4nniskor fr\u00e5n alla samh\u00e4llsskikt - bara ett klick bort.<\/p>","protected":false},"excerpt":{"rendered":"<p>Are you looking for a spirited and spontaneous way to connect with new people online? Rabbit Video Chat delivers a chatroulette-style experience, pairing you with strangers from across the globe for fun face-to-face encounters. Below, we explore Rabbit Video Chat\u2019s standout features, how it differs from other random chat sites, and why it\u2019s a go-to [&hellip;]<\/p>\n","protected":false},"author":6,"featured_media":0,"parent":0,"menu_order":0,"comment_status":"closed","ping_status":"closed","template":"","meta":{"footnotes":""},"class_list":["post-12587","page","type-page","status-publish","hentry"],"yoast_head":"<!-- This site is optimized with the Yoast SEO plugin v26.9 - https:\/\/yoast.com\/product\/yoast-seo-wordpress\/ -->\n<title>Rabbit Video Chat - Free Video Chat Rooms - StrangerCam.com<\/title>\n<meta name=\"description\" content=\"Discover Chamet, the ultimate online platform connecting you to free video chat rooms and live streams. Join Chamet today!\" \/>\n<meta name=\"robots\" content=\"index, follow, max-snippet:-1, max-image-preview:large, max-video-preview:-1\" \/>\n<link rel=\"canonical\" href=\"https:\/\/strangercam.com\/sv\/rabbit-video-chat\/\" \/>\n<meta property=\"og:locale\" content=\"sv_SE\" \/>\n<meta property=\"og:type\" content=\"article\" \/>\n<meta property=\"og:title\" content=\"Rabbit Video Chat - Free Video Chat Rooms - StrangerCam.com\" \/>\n<meta property=\"og:description\" content=\"Discover Chamet, the ultimate online platform connecting you to free video chat rooms and live streams. Join Chamet today!\" \/>\n<meta property=\"og:url\" content=\"https:\/\/strangercam.com\/sv\/rabbit-video-chat\/\" \/>\n<meta property=\"og:site_name\" content=\"Strangercam\" \/>\n<meta property=\"article:publisher\" content=\"https:\/\/www.facebook.com\/strangercam\" \/>\n<meta property=\"article:modified_time\" content=\"2025-02-04T07:36:39+00:00\" \/>\n<meta property=\"og:image\" content=\"https:\/\/strangercam.com\/wp-content\/uploads\/2021\/10\/Untitled-2.png\" \/>\n\t<meta property=\"og:image:width\" content=\"800\" \/>\n\t<meta property=\"og:image:height\" content=\"532\" \/>\n\t<meta property=\"og:image:type\" content=\"image\/png\" \/>\n<meta name=\"twitter:card\" content=\"summary_large_image\" \/>\n<meta name=\"twitter:site\" content=\"@strangercamapp\" \/>\n<meta name=\"twitter:label1\" content=\"Ber\u00e4knad l\u00e4stid\" \/>\n\t<meta name=\"twitter:data1\" content=\"4 minuter\" \/>\n<script type=\"application\/ld+json\" class=\"yoast-schema-graph\">{\"@context\":\"https:\/\/schema.org\",\"@graph\":[{\"@type\":\"WebPage\",\"@id\":\"https:\/\/strangercam.com\/rabbit-video-chat\/\",\"url\":\"https:\/\/strangercam.com\/rabbit-video-chat\/\",\"name\":\"Rabbit Video Chat - Free Video Chat Rooms - StrangerCam.com\",\"isPartOf\":{\"@id\":\"https:\/\/strangercam.com\/#website\"},\"datePublished\":\"2024-11-08T10:02:12+00:00\",\"dateModified\":\"2025-02-04T07:36:39+00:00\",\"description\":\"Discover Chamet, the ultimate online platform connecting you to free video chat rooms and live streams. Join Chamet today!\",\"breadcrumb\":{\"@id\":\"https:\/\/strangercam.com\/rabbit-video-chat\/#breadcrumb\"},\"inLanguage\":\"sv-SE\",\"potentialAction\":[{\"@type\":\"ReadAction\",\"target\":[\"https:\/\/strangercam.com\/rabbit-video-chat\/\"]}]},{\"@type\":\"BreadcrumbList\",\"@id\":\"https:\/\/strangercam.com\/rabbit-video-chat\/#breadcrumb\",\"itemListElement\":[{\"@type\":\"ListItem\",\"position\":1,\"name\":\"Home\",\"item\":\"https:\/\/strangercam.com\/\"},{\"@type\":\"ListItem\",\"position\":2,\"name\":\"Rabbit Video Chat\"}]},{\"@type\":\"WebSite\",\"@id\":\"https:\/\/strangercam.com\/#website\",\"url\":\"https:\/\/strangercam.com\/\",\"name\":\"Strangercam\",\"description\":\"Random Video Chat with Strangers\",\"publisher\":{\"@id\":\"https:\/\/strangercam.com\/#organization\"},\"alternateName\":\"Strangercam.com\",\"potentialAction\":[{\"@type\":\"SearchAction\",\"target\":{\"@type\":\"EntryPoint\",\"urlTemplate\":\"https:\/\/strangercam.com\/?s={search_term_string}\"},\"query-input\":{\"@type\":\"PropertyValueSpecification\",\"valueRequired\":true,\"valueName\":\"search_term_string\"}}],\"inLanguage\":\"sv-SE\"},{\"@type\":\"Organization\",\"@id\":\"https:\/\/strangercam.com\/#organization\",\"name\":\"Strangercam\",\"alternateName\":\"Strangercam.com\",\"url\":\"https:\/\/strangercam.com\/\",\"logo\":{\"@type\":\"ImageObject\",\"inLanguage\":\"sv-SE\",\"@id\":\"https:\/\/strangercam.com\/#\/schema\/logo\/image\/\",\"url\":\"https:\/\/strangercam.com\/wp-content\/uploads\/2020\/11\/cropped-new-favicon-black.png\",\"contentUrl\":\"https:\/\/strangercam.com\/wp-content\/uploads\/2020\/11\/cropped-new-favicon-black.png\",\"width\":512,\"height\":512,\"caption\":\"Strangercam\"},\"image\":{\"@id\":\"https:\/\/strangercam.com\/#\/schema\/logo\/image\/\"},\"sameAs\":[\"https:\/\/www.facebook.com\/strangercam\",\"https:\/\/x.com\/strangercamapp\"]}]}<\/script>\n<!-- \/ Yoast SEO plugin. -->","yoast_head_json":{"title":"Rabbit Videochatt - Gratis videochattrum - StrangerCam.com","description":"Uppt\u00e4ck Chamet, den ultimata onlineplattformen som kopplar dig till gratis videochattrum och livestreams. G\u00e5 med i Chamet idag!","robots":{"index":"index","follow":"follow","max-snippet":"max-snippet:-1","max-image-preview":"max-image-preview:large","max-video-preview":"max-video-preview:-1"},"canonical":"https:\/\/strangercam.com\/sv\/rabbit-video-chat\/","og_locale":"sv_SE","og_type":"article","og_title":"Rabbit Video Chat - Free Video Chat Rooms - StrangerCam.com","og_description":"Discover Chamet, the ultimate online platform connecting you to free video chat rooms and live streams. Join Chamet today!","og_url":"https:\/\/strangercam.com\/sv\/rabbit-video-chat\/","og_site_name":"Strangercam","article_publisher":"https:\/\/www.facebook.com\/strangercam","article_modified_time":"2025-02-04T07:36:39+00:00","og_image":[{"width":800,"height":532,"url":"https:\/\/strangercam.com\/wp-content\/uploads\/2021\/10\/Untitled-2.png","type":"image\/png"}],"twitter_card":"summary_large_image","twitter_site":"@strangercamapp","twitter_misc":{"Ber\u00e4knad l\u00e4stid":"4 minuter"},"schema":{"@context":"https:\/\/schema.org","@graph":[{"@type":"WebPage","@id":"https:\/\/strangercam.com\/rabbit-video-chat\/","url":"https:\/\/strangercam.com\/rabbit-video-chat\/","name":"Rabbit Videochatt - Gratis videochattrum - StrangerCam.com","isPartOf":{"@id":"https:\/\/strangercam.com\/#website"},"datePublished":"2024-11-08T10:02:12+00:00","dateModified":"2025-02-04T07:36:39+00:00","description":"Uppt\u00e4ck Chamet, den ultimata onlineplattformen som kopplar dig till gratis videochattrum och livestreams. G\u00e5 med i Chamet idag!","breadcrumb":{"@id":"https:\/\/strangercam.com\/rabbit-video-chat\/#breadcrumb"},"inLanguage":"sv-SE","potentialAction":[{"@type":"ReadAction","target":["https:\/\/strangercam.com\/rabbit-video-chat\/"]}]},{"@type":"BreadcrumbList","@id":"https:\/\/strangercam.com\/rabbit-video-chat\/#breadcrumb","itemListElement":[{"@type":"ListItem","position":1,"name":"Home","item":"https:\/\/strangercam.com\/"},{"@type":"ListItem","position":2,"name":"Rabbit Video Chat"}]},{"@type":"WebSite","@id":"https:\/\/strangercam.com\/#website","url":"https:\/\/strangercam.com\/","name":"Strangercam","description":"Slumpm\u00e4ssig videochatt med fr\u00e4mlingar","publisher":{"@id":"https:\/\/strangercam.com\/#organization"},"alternateName":"Strangercam.com","potentialAction":[{"@type":"SearchAction","target":{"@type":"EntryPoint","urlTemplate":"https:\/\/strangercam.com\/?s={search_term_string}"},"query-input":{"@type":"PropertyValueSpecification","valueRequired":true,"valueName":"search_term_string"}}],"inLanguage":"sv-SE"},{"@type":"Organization","@id":"https:\/\/strangercam.com\/#organization","name":"Strangercam","alternateName":"Strangercam.com","url":"https:\/\/strangercam.com\/","logo":{"@type":"ImageObject","inLanguage":"sv-SE","@id":"https:\/\/strangercam.com\/#\/schema\/logo\/image\/","url":"https:\/\/strangercam.com\/wp-content\/uploads\/2020\/11\/cropped-new-favicon-black.png","contentUrl":"https:\/\/strangercam.com\/wp-content\/uploads\/2020\/11\/cropped-new-favicon-black.png","width":512,"height":512,"caption":"Strangercam"},"image":{"@id":"https:\/\/strangercam.com\/#\/schema\/logo\/image\/"},"sameAs":["https:\/\/www.facebook.com\/strangercam","https:\/\/x.com\/strangercamapp"]}]}},"_links":{"self":[{"href":"https:\/\/strangercam.com\/sv\/wp-json\/wp\/v2\/pages\/12587","targetHints":{"allow":["GET"]}}],"collection":[{"href":"https:\/\/strangercam.com\/sv\/wp-json\/wp\/v2\/pages"}],"about":[{"href":"https:\/\/strangercam.com\/sv\/wp-json\/wp\/v2\/types\/page"}],"author":[{"embeddable":true,"href":"https:\/\/strangercam.com\/sv\/wp-json\/wp\/v2\/users\/6"}],"replies":[{"embeddable":true,"href":"https:\/\/strangercam.com\/sv\/wp-json\/wp\/v2\/comments?post=12587"}],"version-history":[{"count":3,"href":"https:\/\/strangercam.com\/sv\/wp-json\/wp\/v2\/pages\/12587\/revisions"}],"predecessor-version":[{"id":12689,"href":"https:\/\/strangercam.com\/sv\/wp-json\/wp\/v2\/pages\/12587\/revisions\/12689"}],"wp:attachment":[{"href":"https:\/\/strangercam.com\/sv\/wp-json\/wp\/v2\/media?parent=12587"}],"curies":[{"name":"wp","href":"https:\/\/api.w.org\/{rel}","templated":true}]}}