{"id":12574,"date":"2024-10-03T14:29:19","date_gmt":"2024-10-03T12:29:19","guid":{"rendered":"https:\/\/strangercam.com\/?page_id=12574"},"modified":"2025-06-16T13:27:40","modified_gmt":"2025-06-16T11:27:40","slug":"camsurf","status":"publish","type":"page","link":"https:\/\/strangercam.com\/sv\/camsurf\/","title":{"rendered":"Camsurf"},"content":{"rendered":"<p>Att f\u00e5 kontakt med m\u00e4nniskor fr\u00e5n olika delar av v\u00e4rlden har blivit enklare \u00e4n n\u00e5gonsin. Camsurf utnyttjar denna trend genom att tillhandah\u00e5lla en plattform f\u00f6r slumpm\u00e4ssiga <a href=\"https:\/\/strangercam.com\/sv\/rabbit-video-chat\/\">video<\/a> chattar, vilket g\u00f6r det m\u00f6jligt f\u00f6r anv\u00e4ndare att delta i spontana konversationer med fr\u00e4mlingar \u00f6ver hela v\u00e4rlden. Denna recension erbjuder en omfattande analys av Camsurf, utforskar dess funktioner, anv\u00e4ndarupplevelse, prisalternativ, s\u00e4kerhets\u00e5tg\u00e4rder och hur den st\u00e5r sig mot sina konkurrenter.<\/p>\n<h2>\u00d6versikt \u00f6ver Camsurf<\/h2>\n<p>Camsurf lanserades med uppdraget att g\u00f6ra online-socialisering enkelt och roligt och har etablerat sig som en p\u00e5litlig plattform f\u00f6r slumpm\u00e4ssiga videochattar. Plattformen \u00e4r utformad f\u00f6r att efterlikna interaktioner i verkliga livet genom att ansluta anv\u00e4ndare direkt, vilket eliminerar behovet av omfattande profiler eller l\u00e5nga registreringsprocesser. Med miljontals anv\u00e4ndare \u00f6ver hela v\u00e4rlden fr\u00e4mjar Camsurf ett m\u00e5ngsidigt och livligt samh\u00e4lle d\u00e4r individer kan f\u00e5 nya v\u00e4nner, \u00f6va spr\u00e5k eller helt enkelt njuta av avslappnade konversationer.<\/p>\n<h2>Viktiga funktioner<\/h2>\n<h3>Slumpm\u00e4ssig videochatt<\/h3>\n<p>K\u00e4rnan i Camsurf \u00e4r dess slumpm\u00e4ssiga video <a href=\"https:\/\/strangercam.com\/sv\/chatroulette\/\">chatt<\/a> funktionen, som parar ihop anv\u00e4ndare med fr\u00e4mlingar f\u00f6r videosamtal p\u00e5 tu man hand. Denna funktion \u00e4r s\u00f6ml\u00f6s och erbjuder h\u00f6gkvalitativ video och ljud f\u00f6r att s\u00e4kerst\u00e4lla smidiga och engagerande interaktioner. Enkelheten i att starta en chatt med ett enda klick g\u00f6r den tillg\u00e4nglig f\u00f6r anv\u00e4ndare med alla tekniska bakgrunder.<\/p>\n<h3>Filter f\u00f6r k\u00f6n och land<\/h3>\n<p>F\u00f6r att f\u00f6rb\u00e4ttra anv\u00e4ndarupplevelsen erbjuder Camsurf k\u00f6ns- och landfilter. Dessa filter g\u00f6r det m\u00f6jligt f\u00f6r anv\u00e4ndare att specificera k\u00f6net p\u00e5 de personer de vill ansluta till och v\u00e4lja vissa l\u00e4nder, vilket m\u00f6jligg\u00f6r mer meningsfulla och relevanta konversationer. Denna anpassning \u00e4r s\u00e4rskilt f\u00f6rdelaktig f\u00f6r dem som vill \u00f6va ett nytt spr\u00e5k eller l\u00e4ra sig mer om specifika kulturer.<\/p>\n<h3>Spr\u00e5kst\u00f6d<\/h3>\n<p>Camsurf st\u00f6der flera spr\u00e5k, vilket g\u00f6r det l\u00e4ttare f\u00f6r anv\u00e4ndare fr\u00e5n olika spr\u00e5kliga bakgrunder att kommunicera effektivt. Plattformens gr\u00e4nssnitt finns tillg\u00e4ngligt p\u00e5 olika spr\u00e5k, och \u00f6vers\u00e4ttningsverktyg i realtid underl\u00e4ttar smidigare konversationer mellan anv\u00e4ndare som talar olika spr\u00e5k.<\/p>\n<h3>Anv\u00e4ndarv\u00e4nligt gr\u00e4nssnitt<\/h3>\n<p>Camsurf har ett rent och intuitivt gr\u00e4nssnitt som prioriterar anv\u00e4ndarupplevelsen. Layouten \u00e4r enkel, med tydligt m\u00e4rkta knappar och enkel navigering, s\u00e5 att anv\u00e4ndarna kan b\u00f6rja chatta utan problem. Plattformen \u00e4r utformad f\u00f6r att vara responsiv, vilket s\u00e4kerst\u00e4ller optimal prestanda p\u00e5 olika enheter och sk\u00e4rmstorlekar.<\/p>\n<h3>Kompatibilitet med mobila enheter<\/h3>\n<p>Camsurf f\u00f6rst\u00e5r vikten av mobil tillg\u00e4nglighet och erbjuder en mobilv\u00e4nlig webbplats som fungerar s\u00f6ml\u00f6st p\u00e5 smartphones och surfplattor. Det finns ingen s\u00e4rskild mobilapp, men den responsiva designen s\u00e4kerst\u00e4ller att anv\u00e4ndarna kan njuta av alla funktioner n\u00e4r de \u00e4r p\u00e5 spr\u00e5ng utan att kompromissa med funktionaliteten.<\/p>\n<h3>Virtuella masker<\/h3>\n<p>F\u00f6r att ta itu med integritetsfr\u00e5gor tillhandah\u00e5ller Camsurf virtuella masker som anv\u00e4ndare kan anv\u00e4nda under videochattar. Dessa masker l\u00e4gger till ett lager av anonymitet, s\u00e5 att anv\u00e4ndarna kan d\u00f6lja sina identiteter medan de fortfarande deltar i konversationer ansikte mot ansikte. Denna funktion \u00e4r s\u00e4rskilt tilltalande f\u00f6r dem som v\u00e4rdes\u00e4tter sin integritet men \u00e4nd\u00e5 vill njuta av f\u00f6rdelarna med videochatt.<\/p>\n<h3>Rapportering och blockering<\/h3>\n<p>Camsurf inneh\u00e5ller robusta rapporterings- och blockeringsfunktioner f\u00f6r att uppr\u00e4tth\u00e5lla en s\u00e4ker och respektfull gemenskap. Anv\u00e4ndare kan enkelt rapportera ol\u00e4mpligt beteende eller blockera andra anv\u00e4ndare som bryter mot plattformens riktlinjer, vilket s\u00e4kerst\u00e4ller en s\u00e4krare och roligare upplevelse f\u00f6r alla.<\/p>\n<h2>Anv\u00e4ndarupplevelse<\/h2>\n<h3>Gr\u00e4nssnitt och design<\/h3>\n<p>Camsurfs gr\u00e4nssnitt \u00e4r utformat med enkelhet och funktionalitet i \u00e5tanke. Hemsidan har en framtr\u00e4dande \"Starta chatt\" -knapp, s\u00e5 att anv\u00e4ndare kan initiera en <a href=\"https:\/\/strangercam.com\/sv\/coomeet\/\">videochatt<\/a> direkt. Den minimalistiska designen minskar distraktioner och g\u00f6r det m\u00f6jligt f\u00f6r anv\u00e4ndarna att fokusera p\u00e5 sina konversationer. Dessutom \u00e4r plattformens estetik modern och tilltalande, vilket \u00f6kar den \u00f6vergripande anv\u00e4ndarn\u00f6jdheten.<\/p>\n<h3>Registreringsprocess<\/h3>\n<p>En av de utm\u00e4rkande aspekterna av Camsurf \u00e4r dess minimala registreringskrav. Anv\u00e4ndare kan b\u00f6rja chatta utan att skapa ett konto, vilket g\u00f6r onboardingprocessen snabb och problemfri. F\u00f6r dem som f\u00f6redrar ytterligare funktioner eller vill spara sina preferenser finns valfri registrering tillg\u00e4nglig, vilket endast kr\u00e4ver grundl\u00e4ggande information.<\/p>\n<h3>Prestanda och tillf\u00f6rlitlighet<\/h3>\n<p>Camsurf \u00e4r optimerad f\u00f6r h\u00f6g prestanda och erbjuder tillf\u00f6rlitlig video- och ljudkvalitet \u00e4ven i omr\u00e5den med begr\u00e4nsad bandbredd. Plattformens servrar \u00e4r robusta och klarar av att hantera ett stort antal samtidiga anv\u00e4ndare utan betydande f\u00f6rdr\u00f6jning eller driftstopp. Denna tillf\u00f6rlitlighet s\u00e4kerst\u00e4ller att anv\u00e4ndarna kan njuta av oavbrutna konversationer n\u00e4r som helst.<\/p>\n<h3>Tillg\u00e4nglighet<\/h3>\n<p>Camsurf \u00e4r tillg\u00e4ngligt p\u00e5 olika enheter, inklusive station\u00e4ra datorer, b\u00e4rbara datorer, smartphones och surfplattor. Den responsiva designen s\u00e4kerst\u00e4ller att plattformen fungerar smidigt p\u00e5 olika sk\u00e4rmstorlekar, vilket ger en konsekvent anv\u00e4ndarupplevelse oavsett vilken enhet som anv\u00e4nds.<\/p>\n<h2>Priss\u00e4ttning och prenumerationsalternativ<\/h2>\n<p>Camsurf erbjuder en blandning av gratis- och premiumfunktioner som tillgodoser ett brett spektrum av anv\u00e4ndarpreferenser och budgetar.<\/p>\n<h3>Gratis funktioner<\/h3>\n<ul>\n<li><strong><a href=\"https:\/\/strangercam.com\/sv\/chathub\/\">Slumpm\u00e4ssig videochatt<\/a><\/strong>: Obegr\u00e4nsad tillg\u00e5ng till slumpm\u00e4ssiga videochattar utan kostnad.<\/li>\n<li><strong>Grundl\u00e4ggande filter<\/strong>: Begr\u00e4nsad tillg\u00e5ng till k\u00f6ns- och landsfiltrering.<\/li>\n<li><strong>Virtuella masker<\/strong>: Anv\u00e4ndning av virtuella standardmasker under chattar.<\/li>\n<li><strong>Spr\u00e5kst\u00f6d<\/strong>: Tillg\u00e5ng till flera spr\u00e5k f\u00f6r kommunikation.<\/li>\n<\/ul>\n<h3>Camsurf Premium F\u00f6rm\u00e5ner<\/h3>\n<p>F\u00f6r anv\u00e4ndare som vill ha en f\u00f6rb\u00e4ttrad upplevelse erbjuder Camsurf en premiumprenumeration som kallas <strong>Camsurf Premium<\/strong>. Premiumniv\u00e5n inneh\u00e5ller ytterligare funktioner som t.ex:<\/p>\n<ul>\n<li><strong>Avancerade filter<\/strong>: Mer specifika alternativ f\u00f6r k\u00f6n och plats, vilket m\u00f6jligg\u00f6r mer riktade anslutningar.<\/li>\n<li><strong>Annonsfri upplevelse<\/strong>: Borttagning av annonser f\u00f6r en smidigare och oavbruten chattupplevelse.<\/li>\n<li><strong>Exklusiva virtuella masker<\/strong>: Tillg\u00e5ng till ett st\u00f6rre utbud av virtuella masker, vilket ger fler anpassningsm\u00f6jligheter.<\/li>\n<li><strong>Prioriterat st\u00f6d<\/strong>: Snabbare svarstider och dedikerad support f\u00f6r premiumanv\u00e4ndare.<\/li>\n<li><strong>Obegr\u00e4nsad \u00e5teranslutning<\/strong>: M\u00f6jlighet att \u00e5teransluta med anv\u00e4ndare utan begr\u00e4nsningar.<\/li>\n<\/ul>\n<h3>Prenumerationsplaner<\/h3>\n<p>Camsurf Premium \u00e4r tillg\u00e4ngligt genom flexibla prenumerationsplaner:<\/p>\n<ul>\n<li><strong>M\u00e5nadsvis plan<\/strong>: Idealisk f\u00f6r anv\u00e4ndare som f\u00f6redrar kortvarig tillg\u00e5ng till premiumfunktioner.<\/li>\n<li><strong>Kvartalsplan<\/strong>: Erbjuder ett rabatterat pris j\u00e4mf\u00f6rt med m\u00e5nadsabonnemanget, l\u00e4mpligt f\u00f6r anv\u00e4ndning p\u00e5 medell\u00e5ng sikt.<\/li>\n<li><strong>\u00c5rlig plan<\/strong>: Ger det b\u00e4sta v\u00e4rdet f\u00f6r l\u00e5ngsiktiga anv\u00e4ndare, med betydande besparingar j\u00e4mf\u00f6rt med kortare planer.<\/li>\n<\/ul>\n<p>Priset f\u00f6r Camsurf Premium \u00e4r konkurrenskraftigt och \u00e5terspeglar det merv\u00e4rde som de f\u00f6rb\u00e4ttrade funktionerna och anv\u00e4ndarupplevelsen ger.<\/p>\n<h2>F\u00f6r- och nackdelar<\/h2>\n<h3>Proffs<\/h3>\n<ul>\n<li><strong>Anv\u00e4ndarv\u00e4nlighet<\/strong>: Plattformens enkla design g\u00f6r det m\u00f6jligt f\u00f6r anv\u00e4ndare att b\u00f6rja chatta direkt utan n\u00e5gra tekniska hinder.<\/li>\n<li><strong>Global uppkoppling<\/strong>: Camsurf kopplar samman anv\u00e4ndare fr\u00e5n hela v\u00e4rlden och fr\u00e4mjar olika och berikande konversationer.<\/li>\n<li><strong>Minimal registrering<\/strong>: Anv\u00e4ndare kan delta i videochattar utan att beh\u00f6va genomg\u00e5 omfattande registreringsprocesser, vilket f\u00f6rb\u00e4ttrar tillg\u00e4ngligheten.<\/li>\n<li><strong>Anpassningsbara filter<\/strong>: Filter f\u00f6r k\u00f6n och land ger m\u00f6jlighet till mer personliga och relevanta interaktioner.<\/li>\n<li><strong>Insynsskyddade funktioner<\/strong>: Virtuella masker ger ett extra lager av anonymitet, vilket tilltalar integritetsmedvetna anv\u00e4ndare.<\/li>\n<\/ul>\n<h3>Nackdelar<\/h3>\n<ul>\n<li><strong>Begr\u00e4nsade fria funktioner<\/strong>: Avancerade filter och premiumfunktioner \u00e4r begr\u00e4nsade till betalande prenumeranter, vilket begr\u00e4nsar upplevelsen f\u00f6r gratisanv\u00e4ndare.<\/li>\n<li><strong>Ingen dedikerad mobilapp<\/strong>: \u00c4ven om plattformen \u00e4r mobilv\u00e4nlig kan avsaknaden av en dedikerad app p\u00e5verka bekv\u00e4mligheten f\u00f6r vissa anv\u00e4ndare.<\/li>\n<li><strong>Potentiell risk f\u00f6r ol\u00e4mpligt inneh\u00e5ll<\/strong>: Trots rapporterings- och blockeringsfunktioner kan vissa anv\u00e4ndare st\u00f6ta p\u00e5 ol\u00e4mpligt beteende.<\/li>\n<li><strong>Annonser<\/strong>: Gratisanv\u00e4ndare uts\u00e4tts f\u00f6r reklam, vilket kan st\u00f6ra chattupplevelsen.<\/li>\n<\/ul>\n<h2>Anv\u00e4ndars\u00e4kerhet och integritet<\/h2>\n<h3>Policy f\u00f6r moderering<\/h3>\n<p>Camsurf \u00e4r fast besluten att uppr\u00e4tth\u00e5lla en s\u00e4ker och respektfull milj\u00f6 f\u00f6r sina anv\u00e4ndare. Plattformen anv\u00e4nder b\u00e5de automatiserade system och m\u00e4nskliga moderatorer f\u00f6r att \u00f6vervaka inneh\u00e5ll och genomdriva gemenskapens riktlinjer. Anv\u00e4ndare uppmuntras att rapportera alla ol\u00e4mpliga beteenden och snabba \u00e5tg\u00e4rder vidtas mot \u00f6vertr\u00e4dare f\u00f6r att s\u00e4kerst\u00e4lla gemenskapens integritet.<\/p>\n<h3>\u00c5tg\u00e4rder f\u00f6r skydd av personuppgifter<\/h3>\n<ul>\n<li><strong>Skydd av personuppgifter<\/strong>: Camsurf f\u00f6ljer strikta regler f\u00f6r dataskydd, vilket s\u00e4kerst\u00e4ller att anv\u00e4ndarinformation \u00e4r s\u00e4ker och inte missbrukas.<\/li>\n<li><strong>Alternativ f\u00f6r anonymitet<\/strong>: Funktioner som virtuella masker g\u00f6r det m\u00f6jligt f\u00f6r anv\u00e4ndare att beh\u00e5lla sin integritet n\u00e4r de deltar i videochattar.<\/li>\n<li><strong>Anv\u00e4ndarkontroller<\/strong>: Anv\u00e4ndare har m\u00f6jlighet att blockera och rapportera andra, vilket ger dem kontroll \u00f6ver sina interaktioner och \u00f6kar deras k\u00e4nsla av s\u00e4kerhet.<\/li>\n<\/ul>\n<h3>S\u00e4kerhetstips f\u00f6r anv\u00e4ndare<\/h3>\n<ul>\n<li><strong>Skydda personlig information<\/strong>: Undvik att dela k\u00e4nsliga uppgifter som fullst\u00e4ndiga namn, adresser eller finansiell information under chattar.<\/li>\n<li><strong>Anv\u00e4nd sekretessfunktioner<\/strong>: Anv\u00e4nda virtuella masker och anonymitetsalternativ f\u00f6r att uppr\u00e4tth\u00e5lla integriteten.<\/li>\n<li><strong>Var f\u00f6rsiktig<\/strong>: Lita p\u00e5 dina instinkter och koppla bort alla samtal som k\u00e4nns obehagliga eller os\u00e4kra.<\/li>\n<li><strong>Rapportera \u00f6vertr\u00e4delser<\/strong>: Hj\u00e4lp till att uppr\u00e4tth\u00e5lla en s\u00e4ker gemenskap genom att rapportera ol\u00e4mpligt beteende eller inneh\u00e5ll.<\/li>\n<\/ul>\n<h2>J\u00e4mf\u00f6relse med konkurrenter<\/h2>\n<h3>Camsurf vs. Omegle<\/h3>\n<ul>\n<li><strong>Funktioner<\/strong>: Camsurf erbjuder mer avancerade filter och virtuella masker, medan <a href=\"https:\/\/strangercam.com\/sv\/omegle\/\">Omegle<\/a> har begr\u00e4nsade filtreringsm\u00f6jligheter.<\/li>\n<li><strong>Anv\u00e4ndargr\u00e4nssnitt<\/strong>: Camsurfs gr\u00e4nssnitt \u00e4r mer modernt och anv\u00e4ndarv\u00e4nligt j\u00e4mf\u00f6rt med Omegle:s f\u00f6renklade design.<\/li>\n<li><strong>Kompatibilitet med mobila enheter<\/strong>: B\u00e5da plattformarna \u00e4r tillg\u00e4ngliga p\u00e5 mobila enheter, men Camsurfs responsiva design ger en mer konsekvent upplevelse.<\/li>\n<\/ul>\n<h3>Camsurf vs. Chatroulette<\/h3>\n<ul>\n<li><strong>Moderering<\/strong>: Camsurf anv\u00e4nder mer robusta modereringspolicyer f\u00f6r att minska f\u00f6rekomsten av ol\u00e4mpligt inneh\u00e5ll.<\/li>\n<li><strong>Ytterligare funktioner<\/strong>: Camsurf:s virtuella masker och spr\u00e5kst\u00f6d ger en mer skr\u00e4ddarsydd upplevelse j\u00e4mf\u00f6rt med Chatroulette:s grundl\u00e4ggande videochattfunktion.<\/li>\n<li><strong>Anv\u00e4ndarbas<\/strong>: B\u00e5da plattformarna har en stor global anv\u00e4ndarbas, men Camsurfs ytterligare funktioner kan locka en mer varierad publik.<\/li>\n<\/ul>\n<h3>Camsurf vs. Chatrandom<\/h3>\n<ul>\n<li><strong>Chattl\u00e4gen<\/strong>: Chatrandom erbjuder flera chattl\u00e4gen, inklusive gruppchattar och temarum, medan Camsurf fr\u00e4mst fokuserar p\u00e5 interaktioner mellan en och en.<\/li>\n<li><strong>Premiumalternativ<\/strong>: B\u00e5da plattformarna erbjuder premiumprenumerationer, men Camsurfs premiumfunktioner \u00e4r mer inriktade p\u00e5 att f\u00f6rb\u00e4ttra integriteten och anpassningen.<\/li>\n<li><strong>Gr\u00e4nssnittsdesign<\/strong>: B\u00e5da plattformarna prioriterar anv\u00e4ndarv\u00e4nliga gr\u00e4nssnitt, men Camsurfs design \u00e4r mer str\u00f6mlinjeformad och modern.<\/li>\n<\/ul>\n<h2>Slutsats<\/h2>\n<p>Camsurf tillhandah\u00e5ller en robust plattform f\u00f6r individer som s\u00f6ker spontana och varierande videochattupplevelser. Dess betoning p\u00e5 anv\u00e4ndarv\u00e4nlighet, global anslutning och integritetsfunktioner som virtuella masker g\u00f6r det till ett \u00f6vertygande val p\u00e5 den \u00f6verfulla marknaden f\u00f6r slumpm\u00e4ssiga videochattplattformar. \u00c4ven om det finns omr\u00e5den f\u00f6r f\u00f6rb\u00e4ttring, till exempel att ut\u00f6ka gratisfunktioner och utveckla en dedikerad mobilapp, underl\u00e4ttar Camsurf effektivt meningsfulla och roliga anslutningar \u00f6ver hela v\u00e4rlden. Oavsett om du vill f\u00e5 nya v\u00e4nner, \u00f6va ett spr\u00e5k eller helt enkelt njuta av avslappnade konversationer, erbjuder Camsurf en v\u00e4rdefull och tillg\u00e4nglig l\u00f6sning.<\/p>","protected":false},"excerpt":{"rendered":"<p>Connecting with people from different parts of the world has become easier than ever. Camsurf leverages this trend by providing a platform for random video chats, allowing users to engage in spontaneous conversations with strangers globally. This review offers a comprehensive analysis of Camsurf, exploring its features, user experience, pricing options, safety measures, and how [&hellip;]<\/p>\n","protected":false},"author":7,"featured_media":0,"parent":0,"menu_order":0,"comment_status":"closed","ping_status":"closed","template":"","meta":{"footnotes":""},"class_list":["post-12574","page","type-page","status-publish","hentry"],"yoast_head":"<!-- This site is optimized with the Yoast SEO plugin v26.9 - https:\/\/yoast.com\/product\/yoast-seo-wordpress\/ -->\n<title>Camsurf - Alternatives &amp; Reviews of Chat Sites - StrangerCam<\/title>\n<meta name=\"description\" content=\"Discover the best Video Chat Sites, complete with ratings and reviews. Enjoy free cam chats that let you meet new people.\" \/>\n<meta name=\"robots\" content=\"index, follow, max-snippet:-1, max-image-preview:large, max-video-preview:-1\" \/>\n<link rel=\"canonical\" href=\"https:\/\/strangercam.com\/sv\/camsurf\/\" \/>\n<meta property=\"og:locale\" content=\"sv_SE\" \/>\n<meta property=\"og:type\" content=\"article\" \/>\n<meta property=\"og:title\" content=\"Camsurf - Alternatives &amp; Reviews of Chat Sites - StrangerCam\" \/>\n<meta property=\"og:description\" content=\"Discover the best Video Chat Sites, complete with ratings and reviews. Enjoy free cam chats that let you meet new people.\" \/>\n<meta property=\"og:url\" content=\"https:\/\/strangercam.com\/sv\/camsurf\/\" \/>\n<meta property=\"og:site_name\" content=\"Strangercam\" \/>\n<meta property=\"article:publisher\" content=\"https:\/\/www.facebook.com\/strangercam\" \/>\n<meta property=\"article:modified_time\" content=\"2025-06-16T11:27:40+00:00\" \/>\n<meta property=\"og:image\" content=\"https:\/\/strangercam.com\/wp-content\/uploads\/2021\/10\/Untitled-2.png\" \/>\n\t<meta property=\"og:image:width\" content=\"800\" \/>\n\t<meta property=\"og:image:height\" content=\"532\" \/>\n\t<meta property=\"og:image:type\" content=\"image\/png\" \/>\n<meta name=\"twitter:card\" content=\"summary_large_image\" \/>\n<meta name=\"twitter:site\" content=\"@strangercamapp\" \/>\n<meta name=\"twitter:label1\" content=\"Ber\u00e4knad l\u00e4stid\" \/>\n\t<meta name=\"twitter:data1\" content=\"7 minuter\" \/>\n<script type=\"application\/ld+json\" class=\"yoast-schema-graph\">{\"@context\":\"https:\/\/schema.org\",\"@graph\":[{\"@type\":\"WebPage\",\"@id\":\"https:\/\/strangercam.com\/camsurf\/\",\"url\":\"https:\/\/strangercam.com\/camsurf\/\",\"name\":\"Camsurf - Alternatives & Reviews of Chat Sites - StrangerCam\",\"isPartOf\":{\"@id\":\"https:\/\/strangercam.com\/#website\"},\"datePublished\":\"2024-10-03T12:29:19+00:00\",\"dateModified\":\"2025-06-16T11:27:40+00:00\",\"description\":\"Discover the best Video Chat Sites, complete with ratings and reviews. Enjoy free cam chats that let you meet new people.\",\"breadcrumb\":{\"@id\":\"https:\/\/strangercam.com\/camsurf\/#breadcrumb\"},\"inLanguage\":\"sv-SE\",\"potentialAction\":[{\"@type\":\"ReadAction\",\"target\":[\"https:\/\/strangercam.com\/camsurf\/\"]}]},{\"@type\":\"BreadcrumbList\",\"@id\":\"https:\/\/strangercam.com\/camsurf\/#breadcrumb\",\"itemListElement\":[{\"@type\":\"ListItem\",\"position\":1,\"name\":\"Home\",\"item\":\"https:\/\/strangercam.com\/\"},{\"@type\":\"ListItem\",\"position\":2,\"name\":\"Camsurf\"}]},{\"@type\":\"WebSite\",\"@id\":\"https:\/\/strangercam.com\/#website\",\"url\":\"https:\/\/strangercam.com\/\",\"name\":\"Strangercam\",\"description\":\"Random Video Chat with Strangers\",\"publisher\":{\"@id\":\"https:\/\/strangercam.com\/#organization\"},\"alternateName\":\"Strangercam.com\",\"potentialAction\":[{\"@type\":\"SearchAction\",\"target\":{\"@type\":\"EntryPoint\",\"urlTemplate\":\"https:\/\/strangercam.com\/?s={search_term_string}\"},\"query-input\":{\"@type\":\"PropertyValueSpecification\",\"valueRequired\":true,\"valueName\":\"search_term_string\"}}],\"inLanguage\":\"sv-SE\"},{\"@type\":\"Organization\",\"@id\":\"https:\/\/strangercam.com\/#organization\",\"name\":\"Strangercam\",\"alternateName\":\"Strangercam.com\",\"url\":\"https:\/\/strangercam.com\/\",\"logo\":{\"@type\":\"ImageObject\",\"inLanguage\":\"sv-SE\",\"@id\":\"https:\/\/strangercam.com\/#\/schema\/logo\/image\/\",\"url\":\"https:\/\/strangercam.com\/wp-content\/uploads\/2020\/11\/cropped-new-favicon-black.png\",\"contentUrl\":\"https:\/\/strangercam.com\/wp-content\/uploads\/2020\/11\/cropped-new-favicon-black.png\",\"width\":512,\"height\":512,\"caption\":\"Strangercam\"},\"image\":{\"@id\":\"https:\/\/strangercam.com\/#\/schema\/logo\/image\/\"},\"sameAs\":[\"https:\/\/www.facebook.com\/strangercam\",\"https:\/\/x.com\/strangercamapp\"]}]}<\/script>\n<!-- \/ Yoast SEO plugin. -->","yoast_head_json":{"title":"Camsurf - Alternativ och recensioner av chattwebbplatser - StrangerCam","description":"Uppt\u00e4ck de b\u00e4sta webbplatserna f\u00f6r videochatt, komplett med betyg och recensioner. Njut av gratis cam chattar som l\u00e5ter dig tr\u00e4ffa nya m\u00e4nniskor.","robots":{"index":"index","follow":"follow","max-snippet":"max-snippet:-1","max-image-preview":"max-image-preview:large","max-video-preview":"max-video-preview:-1"},"canonical":"https:\/\/strangercam.com\/sv\/camsurf\/","og_locale":"sv_SE","og_type":"article","og_title":"Camsurf - Alternatives & Reviews of Chat Sites - StrangerCam","og_description":"Discover the best Video Chat Sites, complete with ratings and reviews. Enjoy free cam chats that let you meet new people.","og_url":"https:\/\/strangercam.com\/sv\/camsurf\/","og_site_name":"Strangercam","article_publisher":"https:\/\/www.facebook.com\/strangercam","article_modified_time":"2025-06-16T11:27:40+00:00","og_image":[{"width":800,"height":532,"url":"https:\/\/strangercam.com\/wp-content\/uploads\/2021\/10\/Untitled-2.png","type":"image\/png"}],"twitter_card":"summary_large_image","twitter_site":"@strangercamapp","twitter_misc":{"Ber\u00e4knad l\u00e4stid":"7 minuter"},"schema":{"@context":"https:\/\/schema.org","@graph":[{"@type":"WebPage","@id":"https:\/\/strangercam.com\/camsurf\/","url":"https:\/\/strangercam.com\/camsurf\/","name":"Camsurf - Alternativ och recensioner av chattwebbplatser - StrangerCam","isPartOf":{"@id":"https:\/\/strangercam.com\/#website"},"datePublished":"2024-10-03T12:29:19+00:00","dateModified":"2025-06-16T11:27:40+00:00","description":"Uppt\u00e4ck de b\u00e4sta webbplatserna f\u00f6r videochatt, komplett med betyg och recensioner. Njut av gratis cam chattar som l\u00e5ter dig tr\u00e4ffa nya m\u00e4nniskor.","breadcrumb":{"@id":"https:\/\/strangercam.com\/camsurf\/#breadcrumb"},"inLanguage":"sv-SE","potentialAction":[{"@type":"ReadAction","target":["https:\/\/strangercam.com\/camsurf\/"]}]},{"@type":"BreadcrumbList","@id":"https:\/\/strangercam.com\/camsurf\/#breadcrumb","itemListElement":[{"@type":"ListItem","position":1,"name":"Home","item":"https:\/\/strangercam.com\/"},{"@type":"ListItem","position":2,"name":"Camsurf"}]},{"@type":"WebSite","@id":"https:\/\/strangercam.com\/#website","url":"https:\/\/strangercam.com\/","name":"Strangercam","description":"Slumpm\u00e4ssig videochatt med fr\u00e4mlingar","publisher":{"@id":"https:\/\/strangercam.com\/#organization"},"alternateName":"Strangercam.com","potentialAction":[{"@type":"SearchAction","target":{"@type":"EntryPoint","urlTemplate":"https:\/\/strangercam.com\/?s={search_term_string}"},"query-input":{"@type":"PropertyValueSpecification","valueRequired":true,"valueName":"search_term_string"}}],"inLanguage":"sv-SE"},{"@type":"Organization","@id":"https:\/\/strangercam.com\/#organization","name":"Strangercam","alternateName":"Strangercam.com","url":"https:\/\/strangercam.com\/","logo":{"@type":"ImageObject","inLanguage":"sv-SE","@id":"https:\/\/strangercam.com\/#\/schema\/logo\/image\/","url":"https:\/\/strangercam.com\/wp-content\/uploads\/2020\/11\/cropped-new-favicon-black.png","contentUrl":"https:\/\/strangercam.com\/wp-content\/uploads\/2020\/11\/cropped-new-favicon-black.png","width":512,"height":512,"caption":"Strangercam"},"image":{"@id":"https:\/\/strangercam.com\/#\/schema\/logo\/image\/"},"sameAs":["https:\/\/www.facebook.com\/strangercam","https:\/\/x.com\/strangercamapp"]}]}},"_links":{"self":[{"href":"https:\/\/strangercam.com\/sv\/wp-json\/wp\/v2\/pages\/12574","targetHints":{"allow":["GET"]}}],"collection":[{"href":"https:\/\/strangercam.com\/sv\/wp-json\/wp\/v2\/pages"}],"about":[{"href":"https:\/\/strangercam.com\/sv\/wp-json\/wp\/v2\/types\/page"}],"author":[{"embeddable":true,"href":"https:\/\/strangercam.com\/sv\/wp-json\/wp\/v2\/users\/7"}],"replies":[{"embeddable":true,"href":"https:\/\/strangercam.com\/sv\/wp-json\/wp\/v2\/comments?post=12574"}],"version-history":[{"count":1,"href":"https:\/\/strangercam.com\/sv\/wp-json\/wp\/v2\/pages\/12574\/revisions"}],"predecessor-version":[{"id":12862,"href":"https:\/\/strangercam.com\/sv\/wp-json\/wp\/v2\/pages\/12574\/revisions\/12862"}],"wp:attachment":[{"href":"https:\/\/strangercam.com\/sv\/wp-json\/wp\/v2\/media?parent=12574"}],"curies":[{"name":"wp","href":"https:\/\/api.w.org\/{rel}","templated":true}]}}