{"id":12565,"date":"2024-10-07T10:40:10","date_gmt":"2024-10-07T08:40:10","guid":{"rendered":"https:\/\/strangercam.com\/?page_id=12565"},"modified":"2025-02-04T09:34:08","modified_gmt":"2025-02-04T07:34:08","slug":"chamet","status":"publish","type":"page","link":"https:\/\/strangercam.com\/sv\/chamet\/","title":{"rendered":"Chamet"},"content":{"rendered":"<p>Letar du efter en livfull video <a href=\"https:\/\/strangercam.com\/sv\/chatroulette\/\">chatt<\/a> app till <a href=\"https:\/\/strangercam.com\/sv\/coomeet\/\">tr\u00e4ffas<\/a> nya m\u00e4nniskor, delta i konversationer i realtid eller helt enkelt utforska nya kulturer? Chamet erbjuder en interaktiv plattform f\u00f6r videosamtal en-mot-en, livestreams och gruppchattar, vilket f\u00f6r samman anv\u00e4ndare \u00f6ver hela v\u00e4rlden. I den h\u00e4r detaljerade \u00f6versikten kommer vi att f\u00f6rdjupa oss i Chamet: s nyckelfunktioner, hur det fungerar och vad som skiljer det fr\u00e5n andra <a href=\"https:\/\/strangercam.com\/sv\/rabbit-video-chat\/\">videochatt<\/a> appar p\u00e5 marknaden.<\/p>\n<h2>Vad \u00e4r Chamet?<\/h2>\n<p>Chamet \u00e4r en <strong>applikation f\u00f6r videochatt<\/strong> tillg\u00e4nglig p\u00e5 b\u00e5de iOS- och Android-enheter. Dess prim\u00e4ra fokus \u00e4r att hj\u00e4lpa anv\u00e4ndare:<\/p>\n<ul>\n<li><strong>Tr\u00e4ffa nya m\u00e4nniskor<\/strong>: Uppt\u00e4ck nya ansikten fr\u00e5n hela v\u00e4rlden.<\/li>\n<li><strong>Engagera dig i meningsfulla chattar<\/strong>: Starta konversationer genom videosamtal eller gruppsessioner.<\/li>\n<li><strong>\u00d6vers\u00e4ttningar i realtid<\/strong>: \u00d6verbrygga spr\u00e5kbarri\u00e4rer och f\u00e5 kontakt med en internationell gemenskap.<\/li>\n<li><strong>Utforska olika kulturer<\/strong>: F\u00e5 inblick i olika livsstilar och bakgrunder.<\/li>\n<\/ul>\n<p>Chamet kombinerar spontaniteten i slumpm\u00e4ssiga videochattar med anv\u00e4ndarv\u00e4nliga funktioner som intressetaggar, virtuella g\u00e5vor och valuta i appen f\u00f6r att f\u00f6rb\u00e4ttra helhetsupplevelsen.<\/p>\n<h2>Viktiga funktioner<\/h2>\n<h3>1. Live videosamtal<\/h3>\n<p>K\u00e4rnan i Chamet \u00e4r <strong>videochattar med en person i taget<\/strong> som g\u00f6r att du direkt kan f\u00e5 kontakt med nya m\u00e4nniskor. Du kan starta ett samtal med en enkel tryckning och om samtalet inte v\u00e4cker ditt intresse kan du snabbt g\u00e5 vidare och hitta en annan matchning.<\/p>\n<h3>2. Global matchning<\/h3>\n<p>Chamet matchar dig med anv\u00e4ndare fr\u00e5n olika l\u00e4nder, vilket garanterar en verkligt <strong>globala gemenskapen<\/strong>. Detta \u00e4r perfekt f\u00f6r alla som vill \u00f6va p\u00e5 nya spr\u00e5k eller l\u00e4ra sig mer om olika kulturer.<\/p>\n<h3>3. \u00d6vers\u00e4ttning i realtid<\/h3>\n<p>F\u00f6r att bryta ner spr\u00e5kbarri\u00e4rer har Chamet en inbyggd \u00f6vers\u00e4ttare som automatiskt kan \u00f6vers\u00e4tta meddelanden under dina videosamtal. Den h\u00e4r funktionen hj\u00e4lper till att skapa smidigare konversationer, oavsett vilket modersm\u00e5l du har.<\/p>\n<h3>4. Gruppens direkts\u00e4ndningar<\/h3>\n<p>F\u00f6rutom samtal mellan tv\u00e5 personer st\u00f6der Chamet \u00e4ven grupplivestreaming d\u00e4r flera anv\u00e4ndare kan ansluta sig till ett virtuellt \u201crum\u201d. V\u00e4rdar kan engagera sig med sin publik, vilket g\u00f6r det idealiskt f\u00f6r:<\/p>\n<ul>\n<li><strong>Virtuella fester<\/strong><\/li>\n<li><strong>Fr\u00e5gor och svar<\/strong><\/li>\n<li><strong>Spr\u00e5kutbytesgrupper<\/strong><\/li>\n<li><strong>Avslappnat umg\u00e4nge med v\u00e4nner<\/strong><\/li>\n<\/ul>\n<h3>5. Virtuella g\u00e5vor och valuta i appen<\/h3>\n<p>Chamet inneh\u00e5ller en virtuell ekonomi med k\u00f6pbara <strong>mynt<\/strong>. Dessa mynt kan anv\u00e4ndas f\u00f6r att skicka roliga <strong>virtuella g\u00e5vor<\/strong>-som klisterm\u00e4rken och specialeffekter - till v\u00e4rdar eller nya v\u00e4nner. G\u00e5vor l\u00e4gger till ett lager av interaktion och hj\u00e4lper anv\u00e4ndare att sticka ut under tr\u00e5nga livestr\u00f6mmar.<\/p>\n<h2>Hur Chamet fungerar<\/h2>\n<h3>1. Snabb registrering<\/h3>\n<p>Anv\u00e4ndare kan <strong>Registrera dig<\/strong> genom olika metoder, till exempel:<\/p>\n<ul>\n<li>Verifiering av telefonnummer<\/li>\n<li>Konton f\u00f6r sociala medier (som Facebook eller Google)<\/li>\n<\/ul>\n<p>N\u00e4r du har registrerat dig kan du skapa en kortfattad profil och anpassa den med foton eller en kort biografi.<\/p>\n<h3>2. Profilupps\u00e4ttning och matchning<\/h3>\n<p>N\u00e4r du har registrerat dig har du m\u00f6jlighet att:<\/p>\n<ul>\n<li><strong>V\u00e4lj preferenser<\/strong> (t.ex. spr\u00e5k eller intressen)<\/li>\n<li><strong>Aktivera platsbaserad uppt\u00e4ckt<\/strong> f\u00f6r mer lokaliserade chattar<\/li>\n<li><strong>Anv\u00e4nd intressetaggar<\/strong> f\u00f6r att matcha med anv\u00e4ndare som delar dina hobbies<\/li>\n<\/ul>\n<p>Chatets algoritm hj\u00e4lper dig sedan att f\u00e5 kontakt med anv\u00e4ndare i realtid.<\/p>\n<h3>3. S\u00e4kerhets\u00e5tg\u00e4rder i appen<\/h3>\n<p>Innan n\u00e5gon videosession startar erbjuder Chamet grundl\u00e4ggande modererings- och verifieringsverktyg f\u00f6r att s\u00e4kerst\u00e4lla att anv\u00e4ndare p\u00e5 plattformen f\u00f6ljer gemenskapens riktlinjer.<\/p>\n<h2>S\u00e4kerhet och m\u00e5ttfullhet<\/h2>\n<p><a href=\"https:\/\/strangercam.com\/sv\/chathub\/\">Slumpm\u00e4ssig videochatt<\/a> appar kan ibland st\u00f6ta p\u00e5 ol\u00e4mpligt eller skadligt inneh\u00e5ll. Chamet hanterar detta genom att:<\/p>\n<ul>\n<li><strong>AI-baserad filtrering av inneh\u00e5ll<\/strong>: Systemet uppt\u00e4cker automatiskt uttryckligt eller problematiskt beteende.<\/li>\n<li><strong>Rapportering och blockering<\/strong>: Anv\u00e4ndare kan enkelt rapportera \u00f6vertr\u00e4delser och blockera dem fr\u00e5n framtida kontakt.<\/li>\n<li><strong>Gemenskapens riktlinjer<\/strong>: Chamet till\u00e4mpar regler mot uttryckligt eller skadligt beteende, med m\u00f6jlig avst\u00e4ngning av kontot vid upprepade \u00f6vertr\u00e4delser.<\/li>\n<\/ul>\n<h2>F\u00f6r- och nackdelar med Chamet<\/h2>\n<p>Som alla plattformar har Chamet sina f\u00f6rdelar och nackdelar. H\u00e4r \u00e4r en snabb genomg\u00e5ng:<\/p>\n<table>\n<thead>\n<tr>\n<th>Proffs<\/th>\n<th>Nackdelar<\/th>\n<\/tr>\n<\/thead>\n<tbody>\n<tr>\n<td>\n<ul>\n<li>Realtids\u00f6vers\u00e4ttning f\u00f6r att minska spr\u00e5kbarri\u00e4rer<\/li>\n<li>M\u00e5nga olika funktioner, inklusive gruppstr\u00f6mmar och virtuella g\u00e5vor<\/li>\n<li>Enkel registrering med flera registreringsalternativ<\/li>\n<li>Stark global anv\u00e4ndarbas f\u00f6r olika typer av interaktioner<\/li>\n<li>Inbyggda modereringsverktyg f\u00f6r s\u00e4krare konversationer<\/li>\n<\/ul>\n<\/td>\n<td>\n<ul>\n<li>Vissa funktioner l\u00e5sta bakom k\u00f6p i appen<\/li>\n<li>M\u00f6jlighet att st\u00f6ta p\u00e5 ol\u00e4mpligt inneh\u00e5ll (\u00e4ven om det modereras)<\/li>\n<li>H\u00f6gre dataanv\u00e4ndning f\u00f6r HD-videosamtal<\/li>\n<li>Myntbaserad ekonomi kan uppmuntra till frekventa utgifter<\/li>\n<\/ul>\n<\/td>\n<\/tr>\n<\/tbody>\n<\/table>\n<h2>Tips f\u00f6r att f\u00e5 ut mesta m\u00f6jliga av Chamet<\/h2>\n<h3>1. Fyll i din profil<\/h3>\n<p>L\u00e4gg till en tydlig profilbild och ange intressen eller spr\u00e5k du talar. Det \u00f6kar dina chanser att f\u00e5 ig\u00e5ng konversationer och bygga upp en relation.<\/p>\n<h3>2. Anv\u00e4nd realtids\u00f6vers\u00e4ttning klokt<\/h3>\n<p>\u00d6va p\u00e5 att lyssna aktivt och anv\u00e4nd \u00f6vers\u00e4ttningsfunktionen f\u00f6r att f\u00f6rst\u00e5 nyanser. Det g\u00f6r dina videosamtal smidigare och mer givande.<\/p>\n<h3>3. Dra nytta av gruppens direkts\u00e4ndningar<\/h3>\n<p>G\u00e5 med i eller h\u00e5ll i en gruppsession om ett \u00e4mne som du \u00e4lskar. Det \u00e4r ett bra s\u00e4tt att hitta likasinnade anv\u00e4ndare och f\u00e5 ig\u00e5ng livliga diskussioner.<\/p>\n<h3>4. H\u00e5ll dig s\u00e4ker p\u00e5 n\u00e4tet<\/h3>\n<ul>\n<li>Undvik att dela personlig information (adress, ekonomiska uppgifter) p\u00e5 offentliga kanaler.<\/li>\n<li>Rapportera omedelbart misst\u00e4nkt eller st\u00f6tande beteende.<\/li>\n<\/ul>\n<h2>J\u00e4mf\u00f6relser med andra videochattappar<\/h2>\n<p>Chamet konkurrerar p\u00e5 en \u00f6verfull marknad tillsammans med popul\u00e4ra slumpm\u00e4ssiga videochattappar. Den differentierar sig genom att:<\/p>\n<ul>\n<li><strong>\u00d6vers\u00e4ttningar i realtid<\/strong>: G\u00f6r tv\u00e4rkulturella chattar problemfria.<\/li>\n<li><strong>Gruppens direkts\u00e4ndningar<\/strong>: Till\u00e5ter interaktioner mellan flera anv\u00e4ndare, medan m\u00e5nga slumpm\u00e4ssiga appar h\u00e5ller sig till samtal mellan en och en.<\/li>\n<li><strong>Interaktiva virtuella g\u00e5vor<\/strong>: Ett roligt s\u00e4tt att visa uppskattning eller sticka ut fr\u00e5n andra tittare.<\/li>\n<\/ul>\n<h2>Slutsats<\/h2>\n<p>Chamet sticker ut i videochattappen <a href=\"https:\/\/strangercam.com\/sv\/mocospace\/\">utrymme<\/a> genom att kombinera en global gemenskap med interaktiva funktioner som live\u00f6vers\u00e4ttningar, virtuella g\u00e5vor och gruppstr\u00f6mmar. Oavsett om du vill skaffa v\u00e4nner \u00f6ver kontinenter, v\u00e4ssa dina spr\u00e5kkunskaper eller helt enkelt prova en ny typ av socialt engagemang, erbjuder Chamet flera s\u00e4tt att f\u00e5 kontakt i realtid.<br \/>\nGenom att betona s\u00e4kerhet och n\u00f6je tilltalar Chamet en bred anv\u00e4ndarbas - fr\u00e5n avslappnade chattare till sociala medier-entusiaster som s\u00f6ker en mer personlig form av online-interaktion. Om du \u00e4r redo att inleda nya digitala v\u00e4nskapsband och utforska virtuella kulturer \u00f6ver hela v\u00e4rlden, prova Chamet och se vem som v\u00e4ntar i andra \u00e4nden av ditt n\u00e4sta videosamtal.<\/p>","protected":false},"excerpt":{"rendered":"<p>Are you searching for a lively video chat app to meet new people, engage in real-time conversations, or simply explore new cultures? Chamet offers an interactive platform for one-on-one video calls, live streams, and group chats, bringing users together across the globe. In this detailed overview, we\u2019ll delve into Chamet\u2019s key features, how it works, [&hellip;]<\/p>\n","protected":false},"author":6,"featured_media":0,"parent":0,"menu_order":0,"comment_status":"closed","ping_status":"closed","template":"","meta":{"footnotes":""},"class_list":["post-12565","page","type-page","status-publish","hentry"],"yoast_head":"<!-- This site is optimized with the Yoast SEO plugin v26.9 - https:\/\/yoast.com\/product\/yoast-seo-wordpress\/ -->\n<title>Chamet - Global Video Connections &amp; Chat - StrangerCam.com<\/title>\n<meta name=\"description\" content=\"Discover Chamet, the ultimate online platform connecting you to free video chat rooms and live streams. Join Chamet today!\" \/>\n<meta name=\"robots\" content=\"index, follow, max-snippet:-1, max-image-preview:large, max-video-preview:-1\" \/>\n<link rel=\"canonical\" href=\"https:\/\/strangercam.com\/sv\/chamet\/\" \/>\n<meta property=\"og:locale\" content=\"sv_SE\" \/>\n<meta property=\"og:type\" content=\"article\" \/>\n<meta property=\"og:title\" content=\"Chamet - Global Video Connections &amp; Chat - StrangerCam.com\" \/>\n<meta property=\"og:description\" content=\"Discover Chamet, the ultimate online platform connecting you to free video chat rooms and live streams. Join Chamet today!\" \/>\n<meta property=\"og:url\" content=\"https:\/\/strangercam.com\/sv\/chamet\/\" \/>\n<meta property=\"og:site_name\" content=\"Strangercam\" \/>\n<meta property=\"article:publisher\" content=\"https:\/\/www.facebook.com\/strangercam\" \/>\n<meta property=\"article:modified_time\" content=\"2025-02-04T07:34:08+00:00\" \/>\n<meta property=\"og:image\" content=\"https:\/\/strangercam.com\/wp-content\/uploads\/2021\/10\/Untitled-2.png\" \/>\n\t<meta property=\"og:image:width\" content=\"800\" \/>\n\t<meta property=\"og:image:height\" content=\"532\" \/>\n\t<meta property=\"og:image:type\" content=\"image\/png\" \/>\n<meta name=\"twitter:card\" content=\"summary_large_image\" \/>\n<meta name=\"twitter:site\" content=\"@strangercamapp\" \/>\n<meta name=\"twitter:label1\" content=\"Ber\u00e4knad l\u00e4stid\" \/>\n\t<meta name=\"twitter:data1\" content=\"4 minuter\" \/>\n<script type=\"application\/ld+json\" class=\"yoast-schema-graph\">{\"@context\":\"https:\/\/schema.org\",\"@graph\":[{\"@type\":\"WebPage\",\"@id\":\"https:\/\/strangercam.com\/chamet\/\",\"url\":\"https:\/\/strangercam.com\/chamet\/\",\"name\":\"Chamet - Global Video Connections & Chat - StrangerCam.com\",\"isPartOf\":{\"@id\":\"https:\/\/strangercam.com\/#website\"},\"datePublished\":\"2024-10-07T08:40:10+00:00\",\"dateModified\":\"2025-02-04T07:34:08+00:00\",\"description\":\"Discover Chamet, the ultimate online platform connecting you to free video chat rooms and live streams. Join Chamet today!\",\"breadcrumb\":{\"@id\":\"https:\/\/strangercam.com\/chamet\/#breadcrumb\"},\"inLanguage\":\"sv-SE\",\"potentialAction\":[{\"@type\":\"ReadAction\",\"target\":[\"https:\/\/strangercam.com\/chamet\/\"]}]},{\"@type\":\"BreadcrumbList\",\"@id\":\"https:\/\/strangercam.com\/chamet\/#breadcrumb\",\"itemListElement\":[{\"@type\":\"ListItem\",\"position\":1,\"name\":\"Home\",\"item\":\"https:\/\/strangercam.com\/\"},{\"@type\":\"ListItem\",\"position\":2,\"name\":\"Chamet\"}]},{\"@type\":\"WebSite\",\"@id\":\"https:\/\/strangercam.com\/#website\",\"url\":\"https:\/\/strangercam.com\/\",\"name\":\"Strangercam\",\"description\":\"Random Video Chat with Strangers\",\"publisher\":{\"@id\":\"https:\/\/strangercam.com\/#organization\"},\"alternateName\":\"Strangercam.com\",\"potentialAction\":[{\"@type\":\"SearchAction\",\"target\":{\"@type\":\"EntryPoint\",\"urlTemplate\":\"https:\/\/strangercam.com\/?s={search_term_string}\"},\"query-input\":{\"@type\":\"PropertyValueSpecification\",\"valueRequired\":true,\"valueName\":\"search_term_string\"}}],\"inLanguage\":\"sv-SE\"},{\"@type\":\"Organization\",\"@id\":\"https:\/\/strangercam.com\/#organization\",\"name\":\"Strangercam\",\"alternateName\":\"Strangercam.com\",\"url\":\"https:\/\/strangercam.com\/\",\"logo\":{\"@type\":\"ImageObject\",\"inLanguage\":\"sv-SE\",\"@id\":\"https:\/\/strangercam.com\/#\/schema\/logo\/image\/\",\"url\":\"https:\/\/strangercam.com\/wp-content\/uploads\/2020\/11\/cropped-new-favicon-black.png\",\"contentUrl\":\"https:\/\/strangercam.com\/wp-content\/uploads\/2020\/11\/cropped-new-favicon-black.png\",\"width\":512,\"height\":512,\"caption\":\"Strangercam\"},\"image\":{\"@id\":\"https:\/\/strangercam.com\/#\/schema\/logo\/image\/\"},\"sameAs\":[\"https:\/\/www.facebook.com\/strangercam\",\"https:\/\/x.com\/strangercamapp\"]}]}<\/script>\n<!-- \/ Yoast SEO plugin. -->","yoast_head_json":{"title":"Chamet - Globala videof\u00f6rbindelser och chatt - StrangerCam.com","description":"Uppt\u00e4ck Chamet, den ultimata onlineplattformen som kopplar dig till gratis videochattrum och livestreams. G\u00e5 med i Chamet idag!","robots":{"index":"index","follow":"follow","max-snippet":"max-snippet:-1","max-image-preview":"max-image-preview:large","max-video-preview":"max-video-preview:-1"},"canonical":"https:\/\/strangercam.com\/sv\/chamet\/","og_locale":"sv_SE","og_type":"article","og_title":"Chamet - Global Video Connections & Chat - StrangerCam.com","og_description":"Discover Chamet, the ultimate online platform connecting you to free video chat rooms and live streams. Join Chamet today!","og_url":"https:\/\/strangercam.com\/sv\/chamet\/","og_site_name":"Strangercam","article_publisher":"https:\/\/www.facebook.com\/strangercam","article_modified_time":"2025-02-04T07:34:08+00:00","og_image":[{"width":800,"height":532,"url":"https:\/\/strangercam.com\/wp-content\/uploads\/2021\/10\/Untitled-2.png","type":"image\/png"}],"twitter_card":"summary_large_image","twitter_site":"@strangercamapp","twitter_misc":{"Ber\u00e4knad l\u00e4stid":"4 minuter"},"schema":{"@context":"https:\/\/schema.org","@graph":[{"@type":"WebPage","@id":"https:\/\/strangercam.com\/chamet\/","url":"https:\/\/strangercam.com\/chamet\/","name":"Chamet - Globala videof\u00f6rbindelser och chatt - StrangerCam.com","isPartOf":{"@id":"https:\/\/strangercam.com\/#website"},"datePublished":"2024-10-07T08:40:10+00:00","dateModified":"2025-02-04T07:34:08+00:00","description":"Uppt\u00e4ck Chamet, den ultimata onlineplattformen som kopplar dig till gratis videochattrum och livestreams. G\u00e5 med i Chamet idag!","breadcrumb":{"@id":"https:\/\/strangercam.com\/chamet\/#breadcrumb"},"inLanguage":"sv-SE","potentialAction":[{"@type":"ReadAction","target":["https:\/\/strangercam.com\/chamet\/"]}]},{"@type":"BreadcrumbList","@id":"https:\/\/strangercam.com\/chamet\/#breadcrumb","itemListElement":[{"@type":"ListItem","position":1,"name":"Home","item":"https:\/\/strangercam.com\/"},{"@type":"ListItem","position":2,"name":"Chamet"}]},{"@type":"WebSite","@id":"https:\/\/strangercam.com\/#website","url":"https:\/\/strangercam.com\/","name":"Strangercam","description":"Slumpm\u00e4ssig videochatt med fr\u00e4mlingar","publisher":{"@id":"https:\/\/strangercam.com\/#organization"},"alternateName":"Strangercam.com","potentialAction":[{"@type":"SearchAction","target":{"@type":"EntryPoint","urlTemplate":"https:\/\/strangercam.com\/?s={search_term_string}"},"query-input":{"@type":"PropertyValueSpecification","valueRequired":true,"valueName":"search_term_string"}}],"inLanguage":"sv-SE"},{"@type":"Organization","@id":"https:\/\/strangercam.com\/#organization","name":"Strangercam","alternateName":"Strangercam.com","url":"https:\/\/strangercam.com\/","logo":{"@type":"ImageObject","inLanguage":"sv-SE","@id":"https:\/\/strangercam.com\/#\/schema\/logo\/image\/","url":"https:\/\/strangercam.com\/wp-content\/uploads\/2020\/11\/cropped-new-favicon-black.png","contentUrl":"https:\/\/strangercam.com\/wp-content\/uploads\/2020\/11\/cropped-new-favicon-black.png","width":512,"height":512,"caption":"Strangercam"},"image":{"@id":"https:\/\/strangercam.com\/#\/schema\/logo\/image\/"},"sameAs":["https:\/\/www.facebook.com\/strangercam","https:\/\/x.com\/strangercamapp"]}]}},"_links":{"self":[{"href":"https:\/\/strangercam.com\/sv\/wp-json\/wp\/v2\/pages\/12565","targetHints":{"allow":["GET"]}}],"collection":[{"href":"https:\/\/strangercam.com\/sv\/wp-json\/wp\/v2\/pages"}],"about":[{"href":"https:\/\/strangercam.com\/sv\/wp-json\/wp\/v2\/types\/page"}],"author":[{"embeddable":true,"href":"https:\/\/strangercam.com\/sv\/wp-json\/wp\/v2\/users\/6"}],"replies":[{"embeddable":true,"href":"https:\/\/strangercam.com\/sv\/wp-json\/wp\/v2\/comments?post=12565"}],"version-history":[{"count":2,"href":"https:\/\/strangercam.com\/sv\/wp-json\/wp\/v2\/pages\/12565\/revisions"}],"predecessor-version":[{"id":12688,"href":"https:\/\/strangercam.com\/sv\/wp-json\/wp\/v2\/pages\/12565\/revisions\/12688"}],"wp:attachment":[{"href":"https:\/\/strangercam.com\/sv\/wp-json\/wp\/v2\/media?parent=12565"}],"curies":[{"name":"wp","href":"https:\/\/api.w.org\/{rel}","templated":true}]}}