{"id":12559,"date":"2024-09-30T14:05:14","date_gmt":"2024-09-30T12:05:14","guid":{"rendered":"https:\/\/strangercam.com\/?page_id=12559"},"modified":"2025-06-16T13:32:29","modified_gmt":"2025-06-16T11:32:29","slug":"shagle","status":"publish","type":"page","link":"https:\/\/strangercam.com\/sv\/shagle\/","title":{"rendered":"Shagle"},"content":{"rendered":"<p>I en alltmer uppkopplad v\u00e4rld \u00e4r \u00f6nskan om att <a href=\"https:\/\/strangercam.com\/sv\/coomeet\/\">tr\u00e4ffas<\/a> nya m\u00e4nniskor och uppleva olika kulturer har vuxit betydligt. Shagle tillgodoser detta behov genom att tillhandah\u00e5lla en plattform som kopplar samman anv\u00e4ndare genom slumpm\u00e4ssiga videochattar globalt. Genom att erbjuda funktioner som k\u00f6ns- och platsfilter, virtuella masker och ett anv\u00e4ndarv\u00e4nligt gr\u00e4nssnitt underl\u00e4ttar Shagle spontana interaktioner och kulturella utbyten i realtid. Denna recension ger en djupg\u00e5ende analys av Shagles funktioner, anv\u00e4ndarupplevelse, prisalternativ, s\u00e4kerhets\u00e5tg\u00e4rder och dess position i f\u00f6rh\u00e5llande till konkurrenterna.<\/p>\n<h2>\u00d6versikt \u00f6ver Shagle<\/h2>\n<p>Shagle lanserades 2017 och har snabbt blivit en framst\u00e5ende akt\u00f6r inom omr\u00e5det onlinevideo <a href=\"https:\/\/strangercam.com\/sv\/chatroulette\/\">chatt<\/a> plattformar. Den skapades f\u00f6r att g\u00f6ra det m\u00f6jligt f\u00f6r anv\u00e4ndare att omedelbart f\u00e5 kontakt med fr\u00e4mlingar \u00f6ver hela v\u00e4rlden och fr\u00e4mja en global gemenskap av individer som s\u00f6ker nya v\u00e4nskapsband, spr\u00e5kpraktik eller helt enkelt engagerande konversationer. Med miljontals anv\u00e4ndare i olika l\u00e4nder erbjuder Shagle en m\u00e5ngsidig och dynamisk milj\u00f6 f\u00f6r interaktioner i realtid.<\/p>\n<h2>Viktiga funktioner<\/h2>\n<h3>Slumpm\u00e4ssig videochatt<\/h3>\n<p>K\u00e4rnan i Shagle \u00e4r dess <a href=\"https:\/\/strangercam.com\/sv\/chathub\/\">slumpm\u00e4ssig videochatt<\/a> funktionalitet. Anv\u00e4ndare paras slumpm\u00e4ssigt ihop med andra fr\u00e5n hela v\u00e4rlden, vilket m\u00f6jligg\u00f6r spontana och sp\u00e4nnande konversationer. Denna funktion fungerar smidigt och ger h\u00f6gkvalitativa video- och ljudstr\u00f6mmar f\u00f6r att s\u00e4kerst\u00e4lla en engagerande upplevelse.<\/p>\n<h3>Filter f\u00f6r k\u00f6n och plats<\/h3>\n<p>F\u00f6r att anpassa interaktionen erbjuder Shagle filter f\u00f6r k\u00f6n och plats:<\/p>\n<ul>\n<li><strong>Filter f\u00f6r k\u00f6n<\/strong>: Anv\u00e4ndare kan v\u00e4lja att chatta med personer av ett visst k\u00f6n, vilket skr\u00e4ddarsyr upplevelsen efter deras preferenser.<\/li>\n<li><strong>Platsfilter<\/strong>: G\u00f6r det m\u00f6jligt f\u00f6r anv\u00e4ndare att f\u00e5 kontakt med personer fr\u00e5n vissa l\u00e4nder, vilket underl\u00e4ttar kulturellt utbyte eller spr\u00e5kpraktik.<\/li>\n<\/ul>\n<p>Dessa filter f\u00f6rb\u00e4ttrar matchningarnas relevans och \u00f6kar anv\u00e4ndarn\u00f6jdheten.<\/p>\n<h3>Virtuella masker<\/h3>\n<p>Shagle f\u00f6rst\u00e5r att vissa anv\u00e4ndare kanske f\u00f6redrar anonymitet och tillhandah\u00e5ller d\u00e4rf\u00f6r virtuella masker:<\/p>\n<ul>\n<li><strong>Alternativ f\u00f6r anonymitet<\/strong>: Anv\u00e4ndare kan l\u00e4gga \u00f6ver digitala masker p\u00e5 sina ansikten under videochattar, vilket ger ett lager av integritet.<\/li>\n<li><strong>Roligt och engagerande<\/strong>: Masker kan ocks\u00e5 g\u00f6ra konversationer mer underh\u00e5llande och hj\u00e4lpa anv\u00e4ndarna att k\u00e4nna sig mer bekv\u00e4ma.<\/li>\n<\/ul>\n<h3>Alternativ f\u00f6r textchatt<\/h3>\n<p>F\u00f6r anv\u00e4ndare som kanske inte har tillg\u00e5ng till en webbkamera eller f\u00f6redrar att inte anv\u00e4nda video, erbjuder Shagle en text <a href=\"https:\/\/strangercam.com\/sv\/chat-alternative\/\">chattalternativ<\/a>:<\/p>\n<ul>\n<li><strong>Flexibilitet<\/strong>: V\u00e4xla s\u00f6ml\u00f6st mellan video- och textchattl\u00e4gen.<\/li>\n<li><strong>Tillg\u00e4nglighet<\/strong>: S\u00e4kerst\u00e4ller att anv\u00e4ndare fortfarande kan ansluta och kommunicera utan video.<\/li>\n<\/ul>\n<h3>Kompatibilitet med mobila enheter<\/h3>\n<p>Shagle inser vikten av tillg\u00e4nglighet och tillhandah\u00e5ller:<\/p>\n<ul>\n<li><strong>Mobilanpassad webbplats<\/strong>: Plattformen \u00e4r optimerad f\u00f6r anv\u00e4ndning p\u00e5 smartphones och surfplattor via webbl\u00e4sare.<\/li>\n<li><strong>Ingen app kr\u00e4vs<\/strong>: Anv\u00e4ndare kan komma \u00e5t alla funktioner utan att ladda ner en separat applikation.<\/li>\n<\/ul>\n<h2>Anv\u00e4ndarupplevelse<\/h2>\n<h3>Gr\u00e4nssnitt och design<\/h3>\n<p>Shagle har ett rent och intuitivt gr\u00e4nssnitt:<\/p>\n<ul>\n<li><strong>Enkel navigering<\/strong>: Enkel layout med tydligt m\u00e4rkta funktioner.<\/li>\n<li><strong>Snabb \u00e5tkomst<\/strong>: Anv\u00e4ndare kan b\u00f6rja chatta med bara n\u00e5gra f\u00e5 klick.<\/li>\n<li><strong>Modern estetik<\/strong>: Designen \u00e4r modern och visuellt tilltalande.<\/li>\n<\/ul>\n<h3>Registreringsprocess<\/h3>\n<p>Shagle g\u00f6r det m\u00f6jligt f\u00f6r anv\u00e4ndare att b\u00f6rja anv\u00e4nda plattformen utan obligatorisk registrering:<\/p>\n<ul>\n<li><strong>Ingen registrering beh\u00f6vs<\/strong>: Omedelbar tillg\u00e5ng till grundl\u00e4ggande funktioner.<\/li>\n<li><strong>Valfritt skapande av konto<\/strong>: Anv\u00e4ndare kan registrera sig f\u00f6r att f\u00e5 tillg\u00e5ng till ytterligare funktioner eller spara preferenser.<\/li>\n<li><strong>Fokus p\u00e5 integritet<\/strong>: Minimal personlig information kr\u00e4vs, vilket f\u00f6rb\u00e4ttrar anv\u00e4ndarnas integritet.<\/li>\n<\/ul>\n<h3>Prestanda och tillf\u00f6rlitlighet<\/h3>\n<p>Shagle \u00e4r utformad f\u00f6r optimal prestanda:<\/p>\n<ul>\n<li><strong>H\u00f6gkvalitativ streaming<\/strong>: Ger tillf\u00f6rlitlig video- och ljudkvalitet.<\/li>\n<li><strong>Snabba anslutningar<\/strong>: Snabb parning med andra anv\u00e4ndare minskar v\u00e4ntetiderna.<\/li>\n<li><strong>Stabil plattform<\/strong>: Minimal stillest\u00e5ndstid ger konsekvent tillg\u00e4nglighet.<\/li>\n<\/ul>\n<h2>Priss\u00e4ttning och prenumerationsalternativ<\/h2>\n<p>\u00c4ven om m\u00e5nga av Shagle:s funktioner \u00e4r tillg\u00e4ngliga gratis, erbjuder plattformen en premiumprenumeration som kallas <strong>Shagle Plus<\/strong> f\u00f6r anv\u00e4ndare som s\u00f6ker f\u00f6rb\u00e4ttrade upplevelser.<\/p>\n<h3>Gratis funktioner<\/h3>\n<ul>\n<li><strong>Slumpm\u00e4ssig videochatt<\/strong>: Obegr\u00e4nsad tillg\u00e5ng till slumpm\u00e4ssiga videochattar.<\/li>\n<li><strong>Genusfilter<\/strong>: Grundl\u00e4ggande tillg\u00e5ng till k\u00f6nsurval.<\/li>\n<li><strong>Virtuella masker<\/strong>: Anv\u00e4ndning av virtuella masker under chattar.<\/li>\n<li><strong>Textchatt<\/strong>: M\u00f6jlighet att delta i textbaserade konversationer.<\/li>\n<\/ul>\n<h3>Shagle Plus F\u00f6rm\u00e5ner<\/h3>\n<p>Genom att prenumerera p\u00e5 Shagle Plus f\u00e5r du tillg\u00e5ng till ytterligare funktioner:<\/p>\n<ul>\n<li><strong>Avancerade k\u00f6nsfilter<\/strong>: Mer exakta valm\u00f6jligheter.<\/li>\n<li><strong>Platsfilter<\/strong>: M\u00f6jlighet att v\u00e4lja specifika l\u00e4nder f\u00f6r anslutningar.<\/li>\n<li><strong>Annonsfri upplevelse<\/strong>: Avl\u00e4gsnande av annonser f\u00f6r oavbruten chatt.<\/li>\n<li><strong>Exklusiva virtuella masker<\/strong>: Tillg\u00e5ng till ett bredare utbud av masker.<\/li>\n<li><strong>\u00c5teranslutningsfunktion<\/strong>: M\u00f6jlighet att \u00e5terknyta kontakten med tidigare anv\u00e4ndare.<\/li>\n<\/ul>\n<h3>Prenumerationsplaner<\/h3>\n<p>Shagle Plus erbjuder flexibla abonnemangsalternativ:<\/p>\n<ul>\n<li><strong>Veckoplan<\/strong>: Idealisk f\u00f6r kortvarig anv\u00e4ndning eller provk\u00f6rning.<\/li>\n<li><strong>M\u00e5nadsvis plan<\/strong>: Kostnadseffektivt f\u00f6r regelbundna anv\u00e4ndare.<\/li>\n<li><strong>\u00c5rlig plan<\/strong>: Ger betydande besparingar f\u00f6r ett l\u00e5ngsiktigt \u00e5tagande.<\/li>\n<\/ul>\n<p>Priss\u00e4ttningen \u00e4r konkurrenskraftig och \u00e5terspeglar det merv\u00e4rde som premiumfunktionerna ger.<\/p>\n<h2>F\u00f6r- och nackdelar<\/h2>\n<h3>Proffs<\/h3>\n<ul>\n<li><strong>Anv\u00e4ndarv\u00e4nligt gr\u00e4nssnitt<\/strong>: Enkel och intuitiv design \u00f6kar anv\u00e4ndbarheten.<\/li>\n<li><strong>Global anv\u00e4ndarbas<\/strong>: F\u00e5 kontakt med m\u00e4nniskor fr\u00e5n hela v\u00e4rlden.<\/li>\n<li><strong>Ingen obligatorisk registrering<\/strong>: Omedelbar tillg\u00e5ng till grundl\u00e4ggande funktioner utan registrering.<\/li>\n<li><strong>Flexibla filter<\/strong>: Filter f\u00f6r k\u00f6n och plats g\u00f6r upplevelsen mer personlig.<\/li>\n<li><strong>Alternativ f\u00f6r anonymitet<\/strong>: Virtuella masker ger integritet och n\u00f6je.<\/li>\n<\/ul>\n<h3>Nackdelar<\/h3>\n<ul>\n<li><strong>Begr\u00e4nsat antal fria filter<\/strong>: Avancerade filter \u00e4r begr\u00e4nsade till premiumabonnenter.<\/li>\n<li><strong>Annonser<\/strong>: Gratisversionen inneh\u00e5ller annonser som kan st\u00f6ra upplevelsen.<\/li>\n<li><strong>Potentiell risk f\u00f6r ol\u00e4mpligt inneh\u00e5ll<\/strong>: Anv\u00e4ndare kan st\u00f6ta p\u00e5 ol\u00e4mpligt beteende trots modereringsinsatser.<\/li>\n<li><strong>Ingen dedikerad mobilapp<\/strong>: Avsaknaden av en mobilapp kan p\u00e5verka anv\u00e4ndarv\u00e4nligheten f\u00f6r vissa anv\u00e4ndare.<\/li>\n<\/ul>\n<h2>Anv\u00e4ndars\u00e4kerhet och integritet<\/h2>\n<h3>Policy f\u00f6r moderering<\/h3>\n<p>Shagle har \u00e5tagit sig att tillhandah\u00e5lla en s\u00e4ker milj\u00f6:<\/p>\n<ul>\n<li><strong>Automatiserad moderering<\/strong>: Anv\u00e4nder teknik f\u00f6r att uppt\u00e4cka och blockera ol\u00e4mpligt inneh\u00e5ll.<\/li>\n<li><strong>Rapportering till anv\u00e4ndare<\/strong>: G\u00f6r det m\u00f6jligt f\u00f6r anv\u00e4ndare att rapportera oegentligheter eller \u00f6vertr\u00e4delser.<\/li>\n<li><strong>Gemenskapens riktlinjer<\/strong>: Tydliga regler fastst\u00e4lls f\u00f6r att fr\u00e4mja respektfulla interaktioner.<\/li>\n<\/ul>\n<h3>\u00c5tg\u00e4rder f\u00f6r skydd av personuppgifter<\/h3>\n<ul>\n<li><strong>Skydd av personuppgifter<\/strong>: Efterlevnad av sekretesslagar s\u00e4kerst\u00e4ller att anv\u00e4ndardata \u00e4r s\u00e4kra.<\/li>\n<li><strong>Anonym anv\u00e4ndning<\/strong>: Anv\u00e4ndare kan chatta utan att avsl\u00f6ja personlig information.<\/li>\n<li><strong>Kontrollfunktioner<\/strong>: M\u00f6jlighet att koppla bort, blockera eller rapportera andra anv\u00e4ndare.<\/li>\n<\/ul>\n<h3>S\u00e4kerhetstips f\u00f6r anv\u00e4ndare<\/h3>\n<ul>\n<li><strong>Skydda personlig information<\/strong>: Undvik att dela med dig av k\u00e4nsliga uppgifter.<\/li>\n<li><strong>Anv\u00e4nd filter p\u00e5 ett klokt s\u00e4tt<\/strong>: Skr\u00e4ddarsy anslutningar till \u00f6nskade demografiska grupper.<\/li>\n<li><strong>Var f\u00f6rsiktig<\/strong>: Lita p\u00e5 instinkter och koppla bort obekv\u00e4ma situationer.<\/li>\n<li><strong>Rapportera \u00f6vertr\u00e4delser<\/strong>: Hj\u00e4lp till att uppr\u00e4tth\u00e5lla en s\u00e4ker gemenskap genom att rapportera problem.<\/li>\n<\/ul>\n<h2>J\u00e4mf\u00f6relse med konkurrenter<\/h2>\n<h3>Shagle vs. Omegle<\/h3>\n<ul>\n<li><strong>Funktioner<\/strong>: Shagle erbjuder k\u00f6ns- och platsfilter, medan <a href=\"https:\/\/strangercam.com\/sv\/omegle\/\">Omegle<\/a> har begr\u00e4nsade filtreringsm\u00f6jligheter.<\/li>\n<li><strong>Anv\u00e4ndargr\u00e4nssnitt<\/strong>: Shagles gr\u00e4nssnitt \u00e4r modernare och mer anv\u00e4ndarv\u00e4nligt.<\/li>\n<li><strong>Alternativ f\u00f6r anonymitet<\/strong>: B\u00e5da plattformarna till\u00e5ter anonym chatt, men Shagle tillhandah\u00e5ller virtuella masker.<\/li>\n<\/ul>\n<h3>Shagle vs. Chatroulette<\/h3>\n<ul>\n<li><strong>Moderering<\/strong>: Shagle anv\u00e4nder striktare modereringspolicyer f\u00f6r att minska ol\u00e4mpligt inneh\u00e5ll.<\/li>\n<li><strong>Filter<\/strong>: Shagle erbjuder mer avancerade filtreringsalternativ.<\/li>\n<li><strong>Ytterligare funktioner<\/strong>: Virtuella masker och alternativ f\u00f6r textchatt ger Shagle en f\u00f6rdel.<\/li>\n<\/ul>\n<h3>Shagle vs. Chatrandom<\/h3>\n<ul>\n<li><strong>Anv\u00e4ndarbas<\/strong>: B\u00e5da har stora globala samh\u00e4llen.<\/li>\n<li><strong>Funktioner<\/strong>: Chatrandom erbjuder flera chattl\u00e4gen, medan Shagle fokuserar p\u00e5 att f\u00f6rb\u00e4ttra upplevelsen av en-till-en.<\/li>\n<li><strong>Premiumalternativ<\/strong>: B\u00e5da erbjuder premiumabonnemang med liknande f\u00f6rdelar.<\/li>\n<\/ul>\n<h2>Slutsats<\/h2>\n<p>Shagle presenterar en \u00f6vertygande plattform f\u00f6r individer som vill f\u00e5 kontakt med andra genom slumpm\u00e4ssiga videochattar. Dess betoning p\u00e5 anv\u00e4ndarupplevelse, med funktioner som k\u00f6ns- och platsfilter, virtuella masker och ett anv\u00e4ndarv\u00e4nligt gr\u00e4nssnitt, g\u00f6r det till ett framst\u00e5ende alternativ p\u00e5 marknaden. \u00c4ven om det finns f\u00f6rb\u00e4ttringsomr\u00e5den, till exempel att ut\u00f6ka gratisfunktioner och utveckla en dedikerad mobilapp, underl\u00e4ttar Shagle effektivt globala kontakter och kulturella utbyten. Anv\u00e4ndare som letar efter spontana interaktioner och m\u00f6jligheten att tr\u00e4ffa m\u00e4nniskor fr\u00e5n olika delar av v\u00e4rlden kommer att tycka att Shagle \u00e4r en v\u00e4rdefull resurs.<\/p>","protected":false},"excerpt":{"rendered":"<p>In an increasingly connected world, the desire to meet new people and experience different cultures has grown significantly. Shagle addresses this need by providing a platform that connects users through random video chats globally. Offering features like gender and location filters, virtual masks, and a user-friendly interface, Shagle facilitates spontaneous interactions and cultural exchanges in [&hellip;]<\/p>\n","protected":false},"author":7,"featured_media":0,"parent":0,"menu_order":0,"comment_status":"closed","ping_status":"closed","template":"","meta":{"footnotes":""},"class_list":["post-12559","page","type-page","status-publish","hentry"],"yoast_head":"<!-- This site is optimized with the Yoast SEO plugin v26.9 - https:\/\/yoast.com\/product\/yoast-seo-wordpress\/ -->\n<title>Shagle - Alternatives &amp; Reviews of Chat Sites - StrangerCam<\/title>\n<meta name=\"description\" content=\"Discover the best Video Chat Sites, complete with ratings and reviews. Enjoy free cam chats that let you meet new people.\" \/>\n<meta name=\"robots\" content=\"index, follow, max-snippet:-1, max-image-preview:large, max-video-preview:-1\" \/>\n<link rel=\"canonical\" href=\"https:\/\/strangercam.com\/sv\/shagle\/\" \/>\n<meta property=\"og:locale\" content=\"sv_SE\" \/>\n<meta property=\"og:type\" content=\"article\" \/>\n<meta property=\"og:title\" content=\"Shagle - Alternatives &amp; Reviews of Chat Sites - StrangerCam\" \/>\n<meta property=\"og:description\" content=\"Discover the best Video Chat Sites, complete with ratings and reviews. Enjoy free cam chats that let you meet new people.\" \/>\n<meta property=\"og:url\" content=\"https:\/\/strangercam.com\/sv\/shagle\/\" \/>\n<meta property=\"og:site_name\" content=\"Strangercam\" \/>\n<meta property=\"article:publisher\" content=\"https:\/\/www.facebook.com\/strangercam\" \/>\n<meta property=\"article:modified_time\" content=\"2025-06-16T11:32:29+00:00\" \/>\n<meta property=\"og:image\" content=\"https:\/\/strangercam.com\/wp-content\/uploads\/2021\/10\/Untitled-2.png\" \/>\n\t<meta property=\"og:image:width\" content=\"800\" \/>\n\t<meta property=\"og:image:height\" content=\"532\" \/>\n\t<meta property=\"og:image:type\" content=\"image\/png\" \/>\n<meta name=\"twitter:card\" content=\"summary_large_image\" \/>\n<meta name=\"twitter:site\" content=\"@strangercamapp\" \/>\n<meta name=\"twitter:label1\" content=\"Ber\u00e4knad l\u00e4stid\" \/>\n\t<meta name=\"twitter:data1\" content=\"5 minuter\" \/>\n<script type=\"application\/ld+json\" class=\"yoast-schema-graph\">{\"@context\":\"https:\/\/schema.org\",\"@graph\":[{\"@type\":\"WebPage\",\"@id\":\"https:\/\/strangercam.com\/shagle\/\",\"url\":\"https:\/\/strangercam.com\/shagle\/\",\"name\":\"Shagle - Alternatives & Reviews of Chat Sites - StrangerCam\",\"isPartOf\":{\"@id\":\"https:\/\/strangercam.com\/#website\"},\"datePublished\":\"2024-09-30T12:05:14+00:00\",\"dateModified\":\"2025-06-16T11:32:29+00:00\",\"description\":\"Discover the best Video Chat Sites, complete with ratings and reviews. Enjoy free cam chats that let you meet new people.\",\"breadcrumb\":{\"@id\":\"https:\/\/strangercam.com\/shagle\/#breadcrumb\"},\"inLanguage\":\"sv-SE\",\"potentialAction\":[{\"@type\":\"ReadAction\",\"target\":[\"https:\/\/strangercam.com\/shagle\/\"]}]},{\"@type\":\"BreadcrumbList\",\"@id\":\"https:\/\/strangercam.com\/shagle\/#breadcrumb\",\"itemListElement\":[{\"@type\":\"ListItem\",\"position\":1,\"name\":\"Home\",\"item\":\"https:\/\/strangercam.com\/\"},{\"@type\":\"ListItem\",\"position\":2,\"name\":\"Shagle\"}]},{\"@type\":\"WebSite\",\"@id\":\"https:\/\/strangercam.com\/#website\",\"url\":\"https:\/\/strangercam.com\/\",\"name\":\"Strangercam\",\"description\":\"Random Video Chat with Strangers\",\"publisher\":{\"@id\":\"https:\/\/strangercam.com\/#organization\"},\"alternateName\":\"Strangercam.com\",\"potentialAction\":[{\"@type\":\"SearchAction\",\"target\":{\"@type\":\"EntryPoint\",\"urlTemplate\":\"https:\/\/strangercam.com\/?s={search_term_string}\"},\"query-input\":{\"@type\":\"PropertyValueSpecification\",\"valueRequired\":true,\"valueName\":\"search_term_string\"}}],\"inLanguage\":\"sv-SE\"},{\"@type\":\"Organization\",\"@id\":\"https:\/\/strangercam.com\/#organization\",\"name\":\"Strangercam\",\"alternateName\":\"Strangercam.com\",\"url\":\"https:\/\/strangercam.com\/\",\"logo\":{\"@type\":\"ImageObject\",\"inLanguage\":\"sv-SE\",\"@id\":\"https:\/\/strangercam.com\/#\/schema\/logo\/image\/\",\"url\":\"https:\/\/strangercam.com\/wp-content\/uploads\/2020\/11\/cropped-new-favicon-black.png\",\"contentUrl\":\"https:\/\/strangercam.com\/wp-content\/uploads\/2020\/11\/cropped-new-favicon-black.png\",\"width\":512,\"height\":512,\"caption\":\"Strangercam\"},\"image\":{\"@id\":\"https:\/\/strangercam.com\/#\/schema\/logo\/image\/\"},\"sameAs\":[\"https:\/\/www.facebook.com\/strangercam\",\"https:\/\/x.com\/strangercamapp\"]}]}<\/script>\n<!-- \/ Yoast SEO plugin. -->","yoast_head_json":{"title":"Shagle - Alternativ och recensioner av chattwebbplatser - StrangerCam","description":"Uppt\u00e4ck de b\u00e4sta webbplatserna f\u00f6r videochatt, komplett med betyg och recensioner. Njut av gratis cam chattar som l\u00e5ter dig tr\u00e4ffa nya m\u00e4nniskor.","robots":{"index":"index","follow":"follow","max-snippet":"max-snippet:-1","max-image-preview":"max-image-preview:large","max-video-preview":"max-video-preview:-1"},"canonical":"https:\/\/strangercam.com\/sv\/shagle\/","og_locale":"sv_SE","og_type":"article","og_title":"Shagle - Alternatives & Reviews of Chat Sites - StrangerCam","og_description":"Discover the best Video Chat Sites, complete with ratings and reviews. Enjoy free cam chats that let you meet new people.","og_url":"https:\/\/strangercam.com\/sv\/shagle\/","og_site_name":"Strangercam","article_publisher":"https:\/\/www.facebook.com\/strangercam","article_modified_time":"2025-06-16T11:32:29+00:00","og_image":[{"width":800,"height":532,"url":"https:\/\/strangercam.com\/wp-content\/uploads\/2021\/10\/Untitled-2.png","type":"image\/png"}],"twitter_card":"summary_large_image","twitter_site":"@strangercamapp","twitter_misc":{"Ber\u00e4knad l\u00e4stid":"5 minuter"},"schema":{"@context":"https:\/\/schema.org","@graph":[{"@type":"WebPage","@id":"https:\/\/strangercam.com\/shagle\/","url":"https:\/\/strangercam.com\/shagle\/","name":"Shagle - Alternativ och recensioner av chattwebbplatser - StrangerCam","isPartOf":{"@id":"https:\/\/strangercam.com\/#website"},"datePublished":"2024-09-30T12:05:14+00:00","dateModified":"2025-06-16T11:32:29+00:00","description":"Uppt\u00e4ck de b\u00e4sta webbplatserna f\u00f6r videochatt, komplett med betyg och recensioner. Njut av gratis cam chattar som l\u00e5ter dig tr\u00e4ffa nya m\u00e4nniskor.","breadcrumb":{"@id":"https:\/\/strangercam.com\/shagle\/#breadcrumb"},"inLanguage":"sv-SE","potentialAction":[{"@type":"ReadAction","target":["https:\/\/strangercam.com\/shagle\/"]}]},{"@type":"BreadcrumbList","@id":"https:\/\/strangercam.com\/shagle\/#breadcrumb","itemListElement":[{"@type":"ListItem","position":1,"name":"Home","item":"https:\/\/strangercam.com\/"},{"@type":"ListItem","position":2,"name":"Shagle"}]},{"@type":"WebSite","@id":"https:\/\/strangercam.com\/#website","url":"https:\/\/strangercam.com\/","name":"Strangercam","description":"Slumpm\u00e4ssig videochatt med fr\u00e4mlingar","publisher":{"@id":"https:\/\/strangercam.com\/#organization"},"alternateName":"Strangercam.com","potentialAction":[{"@type":"SearchAction","target":{"@type":"EntryPoint","urlTemplate":"https:\/\/strangercam.com\/?s={search_term_string}"},"query-input":{"@type":"PropertyValueSpecification","valueRequired":true,"valueName":"search_term_string"}}],"inLanguage":"sv-SE"},{"@type":"Organization","@id":"https:\/\/strangercam.com\/#organization","name":"Strangercam","alternateName":"Strangercam.com","url":"https:\/\/strangercam.com\/","logo":{"@type":"ImageObject","inLanguage":"sv-SE","@id":"https:\/\/strangercam.com\/#\/schema\/logo\/image\/","url":"https:\/\/strangercam.com\/wp-content\/uploads\/2020\/11\/cropped-new-favicon-black.png","contentUrl":"https:\/\/strangercam.com\/wp-content\/uploads\/2020\/11\/cropped-new-favicon-black.png","width":512,"height":512,"caption":"Strangercam"},"image":{"@id":"https:\/\/strangercam.com\/#\/schema\/logo\/image\/"},"sameAs":["https:\/\/www.facebook.com\/strangercam","https:\/\/x.com\/strangercamapp"]}]}},"_links":{"self":[{"href":"https:\/\/strangercam.com\/sv\/wp-json\/wp\/v2\/pages\/12559","targetHints":{"allow":["GET"]}}],"collection":[{"href":"https:\/\/strangercam.com\/sv\/wp-json\/wp\/v2\/pages"}],"about":[{"href":"https:\/\/strangercam.com\/sv\/wp-json\/wp\/v2\/types\/page"}],"author":[{"embeddable":true,"href":"https:\/\/strangercam.com\/sv\/wp-json\/wp\/v2\/users\/7"}],"replies":[{"embeddable":true,"href":"https:\/\/strangercam.com\/sv\/wp-json\/wp\/v2\/comments?post=12559"}],"version-history":[{"count":1,"href":"https:\/\/strangercam.com\/sv\/wp-json\/wp\/v2\/pages\/12559\/revisions"}],"predecessor-version":[{"id":12870,"href":"https:\/\/strangercam.com\/sv\/wp-json\/wp\/v2\/pages\/12559\/revisions\/12870"}],"wp:attachment":[{"href":"https:\/\/strangercam.com\/sv\/wp-json\/wp\/v2\/media?parent=12559"}],"curies":[{"name":"wp","href":"https:\/\/api.w.org\/{rel}","templated":true}]}}