{"id":12412,"date":"2024-06-10T14:11:06","date_gmt":"2024-06-10T12:11:06","guid":{"rendered":"https:\/\/strangercam.com\/?page_id=12412"},"modified":"2024-06-10T14:12:03","modified_gmt":"2024-06-10T12:12:03","slug":"mixu","status":"publish","type":"page","link":"https:\/\/strangercam.com\/sv\/mixu\/","title":{"rendered":"Mixu"},"content":{"rendered":"<p data-pm-slice=\"1 1 []\">S\u00e5 du \u00e4r nyfiken p\u00e5 Mixu? Tja, l\u00e5t oss dyka in i v\u00e4rlden av slumpm\u00e4ssig video <a href=\"https:\/\/strangercam.com\/sv\/chatroulette\/\">chatt<\/a> webbplatser. Mixu, precis som dess motsvarigheter som StrangerCam, Chatrandom och <a href=\"https:\/\/strangercam.com\/sv\/emerald-chat\/\">Smaragd<\/a> Chat, erbjuder anv\u00e4ndarna sp\u00e4nningen i att f\u00e5 kontakt med fr\u00e4mlingar genom live videointeraktioner. Allt handlar om sp\u00e4nningen i det ov\u00e4ntade, d\u00e4r varje chatt ger en ny upplevelse.<\/p>\n<p>P\u00e5 Mixu \u00e4r m\u00f6jligheterna o\u00e4ndliga n\u00e4r vi navigerar genom den virtuella sf\u00e4ren av spontana konversationer och slumpm\u00e4ssiga m\u00f6ten. Oavsett om du s\u00f6ker nya v\u00e4nskapsband, engagerande diskussioner eller bara en rolig stund, \u00e4r Mixu din port till en v\u00e4rld av oskrivna anslutningar. Join oss n\u00e4r vi utforskar det dynamiska landskapet av online videochatt och omfamna sp\u00e4nningen av att tr\u00e4ffa nya ansikten med bara ett klick.<\/p>\n<h2 id=\"overview-of-mixu\">\u00d6versikt \u00f6ver Mixu<\/h2>\n<h3 id=\"what-is-mixu\">Vad \u00e4r Mixu?<\/h3>\n<p>Mixu \u00e4r en slumpm\u00e4ssig <a href=\"https:\/\/strangercam.com\/sv\/coomeet\/\">videochatt<\/a> webbplats som erbjuder anv\u00e4ndare sp\u00e4nningen att f\u00e5 kontakt med fr\u00e4mlingar genom live videointeraktioner. I likhet med plattformar som StrangerCam, Chatrandom och Emerald Chat ger Mixu utrymme f\u00f6r spontana konversationer och slumpm\u00e4ssiga m\u00f6ten i den virtuella v\u00e4rlden av online videochatt. Anv\u00e4ndare kan delta i diskussioner, skapa nya v\u00e4nskapsband och ha kul genom sin of\u00f6ruts\u00e4gbara chattmilj\u00f6.<\/p>\n<ul class=\"list-disc list-outside leading-3 -mt-2 tight\" data-tight=\"true\">\n<li class=\"leading-normal -mb-2\">Slumpm\u00e4ssiga videochattar: Mixu g\u00f6r det m\u00f6jligt f\u00f6r anv\u00e4ndare att delta i slumpm\u00e4ssiga videochattar med fr\u00e4mlingar, vilket ger ett element av sp\u00e4nning och of\u00f6ruts\u00e4gbarhet till varje interaktion.<\/li>\n<li class=\"leading-normal -mb-2\">Virtuella v\u00e4nskapsband: Anv\u00e4ndare har m\u00f6jlighet att knyta nya v\u00e4nskapsband med personer fr\u00e5n hela v\u00e4rlden genom plattformens videochattfunktion.<\/li>\n<li class=\"leading-normal -mb-2\">Diskussionsforum: Mixu erbjuder diskussionsforum d\u00e4r anv\u00e4ndare kan delta i konversationer om olika \u00e4mnen, vilket f\u00f6rb\u00e4ttrar den sociala upplevelsen p\u00e5 webbplatsen.<\/li>\n<li class=\"leading-normal -mb-2\">Inst\u00e4llningar f\u00f6r sekretess: Plattformen tillhandah\u00e5ller sekretessinst\u00e4llningar som g\u00f6r det m\u00f6jligt f\u00f6r anv\u00e4ndare att kontrollera sin synlighet och interaktioner n\u00e4r de anv\u00e4nder tj\u00e4nsten.<\/li>\n<li class=\"leading-normal -mb-2\">Anv\u00e4ndarv\u00e4nligt gr\u00e4nssnitt: Mixu har ett anv\u00e4ndarv\u00e4nligt gr\u00e4nssnitt som g\u00f6r det enkelt f\u00f6r anv\u00e4ndarna att navigera p\u00e5 webbplatsen och njuta av s\u00f6ml\u00f6sa videochattupplevelser.<\/li>\n<\/ul>\n<p>I huvudsak v\u00e4nder sig Mixu till personer som s\u00f6ker spontana, engagerande och interaktiva online-interaktioner genom sin <a href=\"https:\/\/strangercam.com\/sv\/chathub\/\">slumpm\u00e4ssig videochatt<\/a> f\u00f6rm\u00e5gor.<\/p>\n<h2 id=\"user-experience-with-mixu\">Anv\u00e4ndarupplevelse med Mixu<\/h2>\n<h3 id=\"interface-and-usability\">Gr\u00e4nssnitt och anv\u00e4ndbarhet<\/h3>\n<p>N\u00e4r det g\u00e4ller anv\u00e4ndarupplevelse med Mixu, som andra slumpm\u00e4ssiga webbplatser f\u00f6r videochatt som StrangerCam, Chatrandom och Emerald Chat, ligger fokus p\u00e5 enkelhet och anv\u00e4ndarv\u00e4nlighet. Gr\u00e4nssnittet f\u00f6r Mixu \u00e4r utformat f\u00f6r att vara intuitivt, s\u00e5 att anv\u00e4ndarna snabbt kan navigera p\u00e5 plattformen utan kr\u00e5ngel. Med en anv\u00e4ndarv\u00e4nlig layout kan anv\u00e4ndarna enkelt komma \u00e5t funktioner som att starta en slumpm\u00e4ssig videochatt, justera inst\u00e4llningar och delta i konversationer med fr\u00e4mlingar.<\/p>\n<h3 id=\"community-and-interaction-features\">Funktioner f\u00f6r gemenskap och interaktion<\/h3>\n<p>N\u00e4r det g\u00e4ller gemenskaps- och interaktionsfunktioner erbjuder Mixu liknande funktioner som andra slumpm\u00e4ssiga webbplatser f\u00f6r videochatt. Anv\u00e4ndare kan f\u00e5 kontakt med personer fr\u00e5n hela v\u00e4rlden, delta i spontana konversationer och bygga virtuella v\u00e4nskapsband. Plattformen ger utrymme f\u00f6r anv\u00e4ndare att interagera genom live videochattar, vilket fr\u00e4mjar en k\u00e4nsla av gemenskap och anslutning i onlinev\u00e4rlden. Dessutom kan Mixu erbjuda funktioner som diskussionsforum om olika \u00e4mnen, vilket f\u00f6rb\u00e4ttrar den \u00f6vergripande anv\u00e4ndarupplevelsen genom att ge m\u00f6jligheter till engagerande konversationer och interaktioner.<\/p>\n<h2 id=\"comparing-mixu-with-other-platforms\">J\u00e4mf\u00f6relse av Mixu med andra plattformar<\/h2>\n<h3 id=\"similarities-to-major-platforms\">Likheter med st\u00f6rre plattformar<\/h3>\n<p>N\u00e4r vi utv\u00e4rderar Mixu tillsammans med stora plattformar som StrangerCam, Chatrandom och Emerald Chat kan vi identifiera flera viktiga likheter. F\u00f6r det f\u00f6rsta fungerar alla dessa plattformar som slumpm\u00e4ssiga webbplatser f\u00f6r videochatt, vilket underl\u00e4ttar anslutningar mellan anv\u00e4ndare och fr\u00e4mlingar. De delar det gemensamma m\u00e5let att skapa ett utrymme f\u00f6r engagerande interaktioner genom livevideosamtal.<\/p>\n<p>N\u00e4r det g\u00e4ller anv\u00e4ndarupplevelse fokuserar Mixu, precis som sina motsvarigheter, p\u00e5 enkelhet och anv\u00e4ndarv\u00e4nlighet i sin gr\u00e4nssnittsdesign. Att navigera p\u00e5 plattformen, initiera slumpm\u00e4ssiga videochattar, justera inst\u00e4llningar och delta i konversationer med fr\u00e4mlingar \u00e4r funktioner som \u00e4r konsekventa \u00f6ver dessa plattformar. Anv\u00e4ndare kan f\u00f6rv\u00e4nta sig en s\u00f6ml\u00f6s och okomplicerad upplevelse n\u00e4r de interagerar p\u00e5 Mixu, liknande deras erfarenheter p\u00e5 andra stora plattformar.<\/p>\n<p>Dessutom m\u00f6jligg\u00f6r dessa plattformar globala kontakter, vilket g\u00f6r det m\u00f6jligt f\u00f6r anv\u00e4ndare fr\u00e5n hela v\u00e4rlden att interagera och bygga upp virtuella v\u00e4nskapsband. M\u00f6jligheten att f\u00e5 kontakt med personer fr\u00e5n olika bakgrunder och kulturer \u00e4r en gemensam egenskap f\u00f6r Mixu och andra stora plattformar. Denna globala r\u00e4ckvidd \u00f6kar potentialen f\u00f6r spontana och berikande konversationer, vilket fr\u00e4mjar en k\u00e4nsla av gemenskap p\u00e5 n\u00e4tet.<\/p>\n<h3 id=\"unique-elements-of-mixu\">Unika element i Mixu<\/h3>\n<p>Medan Mixu delar m\u00e5nga likheter med andra stora plattformar i den slumpm\u00e4ssiga videochattnischen, inneh\u00e5ller den ocks\u00e5 unika element som skiljer den fr\u00e5n varandra. En s\u00e4rskiljande egenskap hos Mixu kan vara dess inst\u00e4llning till samh\u00e4llsbyggande inom plattformen. \u00c4ven om specifika detaljer inte tillhandah\u00e5lls kan Mixu erbjuda gemenskapsfunktioner som diskussionsforum om olika \u00e4mnen. Dessa funktioner kan f\u00f6rb\u00e4ttra anv\u00e4ndarinteraktionen, ge m\u00f6jligheter till djupare engagemang och fr\u00e4mja en k\u00e4nsla av tillh\u00f6righet bland anv\u00e4ndarna.<\/p>\n<p>Dessutom kan Mixu differentiera sig genom personliga anv\u00e4ndarupplevelser eller innovativa engagemangsverktyg som inte finns p\u00e5 andra plattformar. Dessa unika element kan bidra till att g\u00f6ra Mixu till ett utm\u00e4rkande val f\u00f6r individer som s\u00f6ker slumpm\u00e4ssiga videochattupplevelser som erbjuder n\u00e5got extra eller annorlunda \u00e4n standardutbudet i online-interaktionsutrymmet.<\/p>\n<p>Medan Mixu anpassar sig n\u00e4ra till stora plattformar som StrangerCam, Chatrandom och Emerald Chat som en slumpm\u00e4ssig videochattwebbplats, kan den presentera s\u00e4rskiljande faktorer som tilltalar anv\u00e4ndare som letar efter en unik och engagerande online-interaktionsupplevelse.<\/p>\n<h2 id=\"future-developments\">Framtida utveckling<\/h2>\n<h3 id=\"anticipated-updates\">F\u00f6rv\u00e4ntade uppdateringar<\/h3>\n<p>N\u00e4r vi \u00f6verv\u00e4ger den framtida utvecklingen av Mixu, som med andra slumpm\u00e4ssiga videochattwebbplatser som StrangerCam, Chatrandom och Emerald Chat, kan vi f\u00f6rv\u00e4nta oss p\u00e5g\u00e5ende f\u00f6rb\u00e4ttringar av plattformen. Dessa uppdateringar fokuserar ofta p\u00e5 att f\u00f6rb\u00e4ttra anv\u00e4ndarupplevelsen, l\u00e4gga till nya funktioner och f\u00f6rb\u00e4ttra den \u00f6vergripande funktionaliteten. Regelbundet underh\u00e5ll och uppdateringar \u00e4r avg\u00f6rande f\u00f6r att h\u00e5lla plattformen konkurrenskraftig i det dynamiska landskapet f\u00f6r onlineinteraktion. Anv\u00e4ndarna kan f\u00f6rv\u00e4nta sig regelbundna uppdateringar som syftar till att f\u00f6rfina videochattupplevelsen, f\u00f6rb\u00e4ttra s\u00e4kerhets\u00e5tg\u00e4rderna och eventuellt introducera nya s\u00e4tt att f\u00e5 kontakt med fr\u00e4mlingar.<\/p>\n<h3 id=\"potential-market-expansions\">Potentiella marknadsexpansioner<\/h3>\n<p>N\u00e4r det g\u00e4ller potentiella marknadsexpansioner kan Mixu, i likhet med sina motsvarigheter StrangerCam, Chatrandom och Emerald Chat, utforska m\u00f6jligheter att bredda sin anv\u00e4ndarbas och n\u00e5 nya demografiska grupper. Marknadsexpansioner kan inneb\u00e4ra att man riktar in sig p\u00e5 specifika geografiska regioner, demografiska segment eller nischgrupper f\u00f6r att \u00f6ka anv\u00e4ndarnas engagemang och plattformens popularitet. Genom att f\u00f6rst\u00e5 de olika behov som anv\u00e4ndare v\u00e4rlden \u00f6ver har kan Mixu skr\u00e4ddarsy sina tj\u00e4nster f\u00f6r att tillgodose olika kulturella preferenser, spr\u00e5k eller social dynamik, och p\u00e5 s\u00e5 s\u00e4tt ut\u00f6ka sin globala r\u00e4ckvidd och etablera en starkare n\u00e4rvaro p\u00e5 marknaden f\u00f6r onlineinteraktion.<\/p>\n<h2 id=\"conclusion\">Slutsats<\/h2>\n<p>Mixu sticker ut bland slumpm\u00e4ssiga videochattwebbplatser genom att erbjuda ett anv\u00e4ndarv\u00e4nligt gr\u00e4nssnitt och unika gemenskapsfunktioner. N\u00e4r vi ser p\u00e5 framtiden f\u00f6rv\u00e4ntar vi oss ytterligare f\u00f6rb\u00e4ttringar av anv\u00e4ndarupplevelsen och ytterligare funktioner f\u00f6r att h\u00e5lla j\u00e4mna steg med utvecklingen av trender inom online-interaktion. Med fokus p\u00e5 globala kontakter och personliga interaktioner \u00e4r Mixu redo att forts\u00e4tta f\u00e4ngsla anv\u00e4ndare som s\u00f6ker engagerande konversationer med fr\u00e4mlingar. Plattformens engagemang f\u00f6r innovation och inkludering g\u00f6r den till ett f\u00f6rstahandsval f\u00f6r dem som letar efter en distinkt upplevelse av onlineinteraktion. H\u00e5ll \u00f6gonen \u00f6ppna f\u00f6r uppdateringar och utveckling n\u00e4r Mixu str\u00e4var efter att ut\u00f6ka sin r\u00e4ckvidd och tillgodose en m\u00e5ngsidig publik \u00f6ver hela v\u00e4rlden.<\/p>\n<h2 id=\"frequently-asked-questions\">Vanliga fr\u00e5gor och svar<\/h2>\n<h3 id=\"what-is-mixu\">Vad \u00e4r Mixu?<\/h3>\n<p>Mixu \u00e4r en slumpm\u00e4ssig videochattwebbplats som kopplar samman anv\u00e4ndare med fr\u00e4mlingar f\u00f6r engagerande interaktioner. Den fokuserar p\u00e5 enkelhet, s\u00e5 att anv\u00e4ndarna kan starta videochattar, justera inst\u00e4llningar och konversera enkelt.<\/p>\n<h3 id=\"how-does-mixu-differ-from-other-random-video-chat-platforms\">Hur skiljer sig Mixu fr\u00e5n andra slumpm\u00e4ssiga videochattplattformar?<\/h3>\n<p>Mixu erbjuder unika element som potentiella community-funktioner och personliga anv\u00e4ndarupplevelser, vilket skiljer det fr\u00e5n andra plattformar i nischen.<\/p>\n<h3 id=\"what-can-users-expect-in-the-future-of-mixu\">Vad kan anv\u00e4ndarna f\u00f6rv\u00e4nta sig av Mixu i framtiden?<\/h3>\n<p>Framtida utveckling kan f\u00f6rb\u00e4ttra anv\u00e4ndarupplevelsen, l\u00e4gga till nya funktioner och f\u00f6rb\u00e4ttra funktionaliteten genom regelbundna uppdateringar. Marknadsexpansioner kan riktas mot specifika demografiska grupper eller geografiska regioner f\u00f6r att bredda anv\u00e4ndarbasen och \u00f6ka populariteten.<\/p>","protected":false},"excerpt":{"rendered":"<p>So, you&#8217;re curious about Mixu? Well, let&#8217;s dive into the world of random video chat websites. Mixu, much like its counterparts such as StrangerCam, Chatrandom, and Emerald Chat, offers users the thrill of connecting with strangers through live video interactions. It&#8217;s all about the excitement of the unexpected, where every chat brings a new experience. [&hellip;]<\/p>\n","protected":false},"author":6,"featured_media":12413,"parent":0,"menu_order":0,"comment_status":"closed","ping_status":"closed","template":"","meta":{"footnotes":""},"class_list":["post-12412","page","type-page","status-publish","has-post-thumbnail","hentry"],"yoast_head":"<!-- This site is optimized with the Yoast SEO plugin v26.9 - https:\/\/yoast.com\/product\/yoast-seo-wordpress\/ -->\n<title>Mixu Random Video Chat - StrangerCam.com<\/title>\n<meta name=\"description\" content=\"Like Mixu? Come chat with more than 5.000.000 strangers on Stranger Cam for Free! Turn on your cam and find new friends &amp; maby a match!\" \/>\n<meta name=\"robots\" content=\"index, follow, max-snippet:-1, max-image-preview:large, max-video-preview:-1\" \/>\n<link rel=\"canonical\" href=\"https:\/\/strangercam.com\/sv\/mixu\/\" \/>\n<meta property=\"og:locale\" content=\"sv_SE\" \/>\n<meta property=\"og:type\" content=\"article\" \/>\n<meta property=\"og:title\" content=\"Mixu Random Video Chat - StrangerCam.com\" \/>\n<meta property=\"og:description\" content=\"Like Mixu? Come chat with more than 5.000.000 strangers on Stranger Cam for Free! Turn on your cam and find new friends &amp; maby a match!\" \/>\n<meta property=\"og:url\" content=\"https:\/\/strangercam.com\/sv\/mixu\/\" \/>\n<meta property=\"og:site_name\" content=\"Strangercam\" \/>\n<meta property=\"article:publisher\" content=\"https:\/\/www.facebook.com\/strangercam\" \/>\n<meta property=\"article:modified_time\" content=\"2024-06-10T12:12:03+00:00\" \/>\n<meta property=\"og:image\" content=\"https:\/\/strangercam.com\/wp-content\/uploads\/2024\/06\/Mixu.webp\" \/>\n\t<meta property=\"og:image:width\" content=\"721\" \/>\n\t<meta property=\"og:image:height\" content=\"305\" \/>\n\t<meta property=\"og:image:type\" content=\"image\/webp\" \/>\n<meta name=\"twitter:card\" content=\"summary_large_image\" \/>\n<meta name=\"twitter:site\" content=\"@strangercamapp\" \/>\n<meta name=\"twitter:label1\" content=\"Ber\u00e4knad l\u00e4stid\" \/>\n\t<meta name=\"twitter:data1\" content=\"6 minuter\" \/>\n<script type=\"application\/ld+json\" class=\"yoast-schema-graph\">{\"@context\":\"https:\/\/schema.org\",\"@graph\":[{\"@type\":\"WebPage\",\"@id\":\"https:\/\/strangercam.com\/mixu\/\",\"url\":\"https:\/\/strangercam.com\/mixu\/\",\"name\":\"Mixu Random Video Chat - StrangerCam.com\",\"isPartOf\":{\"@id\":\"https:\/\/strangercam.com\/#website\"},\"primaryImageOfPage\":{\"@id\":\"https:\/\/strangercam.com\/mixu\/#primaryimage\"},\"image\":{\"@id\":\"https:\/\/strangercam.com\/mixu\/#primaryimage\"},\"thumbnailUrl\":\"https:\/\/strangercam.com\/wp-content\/uploads\/2024\/06\/Mixu.webp\",\"datePublished\":\"2024-06-10T12:11:06+00:00\",\"dateModified\":\"2024-06-10T12:12:03+00:00\",\"description\":\"Like Mixu? Come chat with more than 5.000.000 strangers on Stranger Cam for Free! Turn on your cam and find new friends & maby a match!\",\"breadcrumb\":{\"@id\":\"https:\/\/strangercam.com\/mixu\/#breadcrumb\"},\"inLanguage\":\"sv-SE\",\"potentialAction\":[{\"@type\":\"ReadAction\",\"target\":[\"https:\/\/strangercam.com\/mixu\/\"]}]},{\"@type\":\"ImageObject\",\"inLanguage\":\"sv-SE\",\"@id\":\"https:\/\/strangercam.com\/mixu\/#primaryimage\",\"url\":\"https:\/\/strangercam.com\/wp-content\/uploads\/2024\/06\/Mixu.webp\",\"contentUrl\":\"https:\/\/strangercam.com\/wp-content\/uploads\/2024\/06\/Mixu.webp\",\"width\":721,\"height\":305},{\"@type\":\"BreadcrumbList\",\"@id\":\"https:\/\/strangercam.com\/mixu\/#breadcrumb\",\"itemListElement\":[{\"@type\":\"ListItem\",\"position\":1,\"name\":\"Home\",\"item\":\"https:\/\/strangercam.com\/\"},{\"@type\":\"ListItem\",\"position\":2,\"name\":\"Mixu\"}]},{\"@type\":\"WebSite\",\"@id\":\"https:\/\/strangercam.com\/#website\",\"url\":\"https:\/\/strangercam.com\/\",\"name\":\"Strangercam\",\"description\":\"Random Video Chat with Strangers\",\"publisher\":{\"@id\":\"https:\/\/strangercam.com\/#organization\"},\"alternateName\":\"Strangercam.com\",\"potentialAction\":[{\"@type\":\"SearchAction\",\"target\":{\"@type\":\"EntryPoint\",\"urlTemplate\":\"https:\/\/strangercam.com\/?s={search_term_string}\"},\"query-input\":{\"@type\":\"PropertyValueSpecification\",\"valueRequired\":true,\"valueName\":\"search_term_string\"}}],\"inLanguage\":\"sv-SE\"},{\"@type\":\"Organization\",\"@id\":\"https:\/\/strangercam.com\/#organization\",\"name\":\"Strangercam\",\"alternateName\":\"Strangercam.com\",\"url\":\"https:\/\/strangercam.com\/\",\"logo\":{\"@type\":\"ImageObject\",\"inLanguage\":\"sv-SE\",\"@id\":\"https:\/\/strangercam.com\/#\/schema\/logo\/image\/\",\"url\":\"https:\/\/strangercam.com\/wp-content\/uploads\/2020\/11\/cropped-new-favicon-black.png\",\"contentUrl\":\"https:\/\/strangercam.com\/wp-content\/uploads\/2020\/11\/cropped-new-favicon-black.png\",\"width\":512,\"height\":512,\"caption\":\"Strangercam\"},\"image\":{\"@id\":\"https:\/\/strangercam.com\/#\/schema\/logo\/image\/\"},\"sameAs\":[\"https:\/\/www.facebook.com\/strangercam\",\"https:\/\/x.com\/strangercamapp\"]}]}<\/script>\n<!-- \/ Yoast SEO plugin. -->","yoast_head_json":{"title":"Mixu slumpm\u00e4ssig videochatt - StrangerCam.com","description":"Gillar du Mixu? Kom och chatta med mer \u00e4n 5.000.000 fr\u00e4mlingar p\u00e5 Stranger Cam helt gratis! Sl\u00e5 p\u00e5 din kamera och hitta nya v\u00e4nner och kanske en match!","robots":{"index":"index","follow":"follow","max-snippet":"max-snippet:-1","max-image-preview":"max-image-preview:large","max-video-preview":"max-video-preview:-1"},"canonical":"https:\/\/strangercam.com\/sv\/mixu\/","og_locale":"sv_SE","og_type":"article","og_title":"Mixu Random Video Chat - StrangerCam.com","og_description":"Like Mixu? Come chat with more than 5.000.000 strangers on Stranger Cam for Free! Turn on your cam and find new friends & maby a match!","og_url":"https:\/\/strangercam.com\/sv\/mixu\/","og_site_name":"Strangercam","article_publisher":"https:\/\/www.facebook.com\/strangercam","article_modified_time":"2024-06-10T12:12:03+00:00","og_image":[{"width":721,"height":305,"url":"https:\/\/strangercam.com\/wp-content\/uploads\/2024\/06\/Mixu.webp","type":"image\/webp"}],"twitter_card":"summary_large_image","twitter_site":"@strangercamapp","twitter_misc":{"Ber\u00e4knad l\u00e4stid":"6 minuter"},"schema":{"@context":"https:\/\/schema.org","@graph":[{"@type":"WebPage","@id":"https:\/\/strangercam.com\/mixu\/","url":"https:\/\/strangercam.com\/mixu\/","name":"Mixu slumpm\u00e4ssig videochatt - StrangerCam.com","isPartOf":{"@id":"https:\/\/strangercam.com\/#website"},"primaryImageOfPage":{"@id":"https:\/\/strangercam.com\/mixu\/#primaryimage"},"image":{"@id":"https:\/\/strangercam.com\/mixu\/#primaryimage"},"thumbnailUrl":"https:\/\/strangercam.com\/wp-content\/uploads\/2024\/06\/Mixu.webp","datePublished":"2024-06-10T12:11:06+00:00","dateModified":"2024-06-10T12:12:03+00:00","description":"Gillar du Mixu? Kom och chatta med mer \u00e4n 5.000.000 fr\u00e4mlingar p\u00e5 Stranger Cam helt gratis! Sl\u00e5 p\u00e5 din kamera och hitta nya v\u00e4nner och kanske en match!","breadcrumb":{"@id":"https:\/\/strangercam.com\/mixu\/#breadcrumb"},"inLanguage":"sv-SE","potentialAction":[{"@type":"ReadAction","target":["https:\/\/strangercam.com\/mixu\/"]}]},{"@type":"ImageObject","inLanguage":"sv-SE","@id":"https:\/\/strangercam.com\/mixu\/#primaryimage","url":"https:\/\/strangercam.com\/wp-content\/uploads\/2024\/06\/Mixu.webp","contentUrl":"https:\/\/strangercam.com\/wp-content\/uploads\/2024\/06\/Mixu.webp","width":721,"height":305},{"@type":"BreadcrumbList","@id":"https:\/\/strangercam.com\/mixu\/#breadcrumb","itemListElement":[{"@type":"ListItem","position":1,"name":"Home","item":"https:\/\/strangercam.com\/"},{"@type":"ListItem","position":2,"name":"Mixu"}]},{"@type":"WebSite","@id":"https:\/\/strangercam.com\/#website","url":"https:\/\/strangercam.com\/","name":"Strangercam","description":"Slumpm\u00e4ssig videochatt med fr\u00e4mlingar","publisher":{"@id":"https:\/\/strangercam.com\/#organization"},"alternateName":"Strangercam.com","potentialAction":[{"@type":"SearchAction","target":{"@type":"EntryPoint","urlTemplate":"https:\/\/strangercam.com\/?s={search_term_string}"},"query-input":{"@type":"PropertyValueSpecification","valueRequired":true,"valueName":"search_term_string"}}],"inLanguage":"sv-SE"},{"@type":"Organization","@id":"https:\/\/strangercam.com\/#organization","name":"Strangercam","alternateName":"Strangercam.com","url":"https:\/\/strangercam.com\/","logo":{"@type":"ImageObject","inLanguage":"sv-SE","@id":"https:\/\/strangercam.com\/#\/schema\/logo\/image\/","url":"https:\/\/strangercam.com\/wp-content\/uploads\/2020\/11\/cropped-new-favicon-black.png","contentUrl":"https:\/\/strangercam.com\/wp-content\/uploads\/2020\/11\/cropped-new-favicon-black.png","width":512,"height":512,"caption":"Strangercam"},"image":{"@id":"https:\/\/strangercam.com\/#\/schema\/logo\/image\/"},"sameAs":["https:\/\/www.facebook.com\/strangercam","https:\/\/x.com\/strangercamapp"]}]}},"_links":{"self":[{"href":"https:\/\/strangercam.com\/sv\/wp-json\/wp\/v2\/pages\/12412","targetHints":{"allow":["GET"]}}],"collection":[{"href":"https:\/\/strangercam.com\/sv\/wp-json\/wp\/v2\/pages"}],"about":[{"href":"https:\/\/strangercam.com\/sv\/wp-json\/wp\/v2\/types\/page"}],"author":[{"embeddable":true,"href":"https:\/\/strangercam.com\/sv\/wp-json\/wp\/v2\/users\/6"}],"replies":[{"embeddable":true,"href":"https:\/\/strangercam.com\/sv\/wp-json\/wp\/v2\/comments?post=12412"}],"version-history":[{"count":0,"href":"https:\/\/strangercam.com\/sv\/wp-json\/wp\/v2\/pages\/12412\/revisions"}],"wp:featuredmedia":[{"embeddable":true,"href":"https:\/\/strangercam.com\/sv\/wp-json\/wp\/v2\/media\/12413"}],"wp:attachment":[{"href":"https:\/\/strangercam.com\/sv\/wp-json\/wp\/v2\/media?parent=12412"}],"curies":[{"name":"wp","href":"https:\/\/api.w.org\/{rel}","templated":true}]}}