{"id":12397,"date":"2024-05-09T11:32:55","date_gmt":"2024-05-09T09:32:55","guid":{"rendered":"https:\/\/strangercam.com\/?page_id=12397"},"modified":"2024-05-09T11:33:57","modified_gmt":"2024-05-09T09:33:57","slug":"krossroulett","status":"publish","type":"page","link":"https:\/\/strangercam.com\/sv\/crushroulette\/","title":{"rendered":"CrushRoulette"},"content":{"rendered":"<p>CrushRoulette, som namnet antyder, erbjuder anv\u00e4ndarna den sp\u00e4nnande m\u00f6jligheten att kasta sig in i spontana konversationer med fr\u00e4mlingar, men med en distinkt twist. I sin k\u00e4rna \u00e4r CrushRoulette en onlinevideo <a href=\"https:\/\/strangercam.com\/sv\/chatroulette\/\">chatt<\/a> plattform som \u00e4r utformad f\u00f6r att koppla samman m\u00e4nniskor med olika bakgrund och fr\u00e5n olika h\u00f6rn av v\u00e4rlden. Till skillnad fr\u00e5n m\u00e5nga liknande plattformar introducerar CrushRoulette ett nytt tillv\u00e4gag\u00e5ngss\u00e4tt f\u00f6r onlineinteraktioner genom att tillhandah\u00e5lla en slumpm\u00e4ssig chattupplevelse, ofta fylld med ov\u00e4ntade men h\u00e4rliga konversationer.<\/p>\n<h2>Syfte och anv\u00e4ndningsscenarier<\/h2>\n<p>K\u00e4rnan i CrushRoulette str\u00e4cker sig bortom bara sp\u00e4nningen av of\u00f6ruts\u00e4gbarhet. Det skapades f\u00f6r att l\u00f6sa vanliga problem som uppst\u00e5tt p\u00e5 andra chattplattformar. H\u00e4r \u00e4r flera scenarier d\u00e4r CrushRoulette utm\u00e4rker sig:<\/p>\n<ul>\n<li>S\u00f6ker genuina konversationer: F\u00f6r dem som \u00e4r tr\u00f6tta p\u00e5 skriptade eller opersonliga interaktioner p\u00e5 sociala medier erbjuder CrushRoulette ett uppfriskande alternativ. Anv\u00e4ndare kan delta i autentiska en-mot-en-konversationer utan n\u00e5gra f\u00f6respeglingar.<\/li>\n<li>Kulturellt utbyte: Om du \u00e4r intresserad av att l\u00e4ra dig om en kultur fr\u00e5n n\u00e5gon som lever den varje dag, fungerar CrushRoulette som en bro och ger insikter i globala livsstilar.<\/li>\n<li>Motverkar ensamhet: I tider d\u00e5 digitala kontakter ofta ers\u00e4tter fysiska kan k\u00e4nslor av isolering uppst\u00e5. CrushRoulette erbjuder en fristad f\u00f6r dem som bara vill prata och k\u00e4nna sig anslutna, \u00e4ven om det \u00e4r kort.<\/li>\n<li>F\u00f6rb\u00e4ttring av f\u00e4rdigheter: Oavsett om det handlar om att \u00f6va p\u00e5 ett nytt spr\u00e5k, f\u00f6rst\u00e5 regionala aff\u00e4rsmetoder eller f\u00e5 olika perspektiv p\u00e5 ett \u00e4mne blir plattformen ett informellt klassrum. CrushRoulette skapar sin nisch inom den stora v\u00e4rlden av onlinechattar genom att fokusera p\u00e5 autentiska, slumpm\u00e4ssiga konversationer, vilket tilltalar ett brett spektrum av anv\u00e4ndare som s\u00f6ker verklig m\u00e4nsklig interaktion.<\/li>\n<\/ul>\n<h2>CrushRoulette Viktiga egenskaper och funktioner<\/h2>\n<p>Den f\u00f6rsta aspekten som f\u00e5ngar en anv\u00e4ndares uppm\u00e4rksamhet p\u00e5 vilken plattform som helst \u00e4r dess design. CrushRoulette kombinerar enkelhet med elegans effektivt och ser till att anv\u00e4ndare av alla tekniska niv\u00e5er kan navigera enkelt. F\u00e4rgpaletten, de intuitiva ikonerna och de smidiga \u00f6verg\u00e5ngarna skapar en v\u00e4lkomnande milj\u00f6. Varje designelement \u00e4r omsorgsfullt placerat f\u00f6r att minska r\u00f6ran och f\u00f6rb\u00e4ttra anv\u00e4ndarupplevelsen.<\/p>\n<h3>Algoritm f\u00f6r slumpm\u00e4ssig matchning av video<\/h3>\n<p>Hj\u00e4rtat i CrushRoulette ligger i dess slumpm\u00e4ssiga videomatchningsalgoritm, vilket s\u00e4kerst\u00e4ller att varje chattsession \u00e4r en ny b\u00f6rjan. Anv\u00e4ndare paras ihop med fr\u00e4mlingar fr\u00e5n hela v\u00e4rlden, vilket ger ett element av \u00f6verraskning och sp\u00e4nning. Algoritmen fungerar s\u00f6ml\u00f6st, vilket s\u00e4kerst\u00e4ller smidiga \u00f6verg\u00e5ngar mellan chattar och minimerar v\u00e4ntetiderna.<\/p>\n<h3>Filteralternativ f\u00f6r k\u00f6n<\/h3>\n<p>CrushRoulette \u00e4r medveten om att anv\u00e4ndare kan ha olika preferenser n\u00e4r det g\u00e4ller chattpartners och har d\u00e4rf\u00f6r en funktion f\u00f6r k\u00f6nsfilter. Detta g\u00f6r det m\u00f6jligt f\u00f6r individer att v\u00e4lja det k\u00f6n de vill interagera med, inte bara f\u00f6r komfort utan ocks\u00e5 f\u00f6r att anpassa chattupplevelsen.<\/p>\n<h3>S\u00e4kerhets- och integritets\u00e5tg\u00e4rder<\/h3>\n<p>S\u00e4kerhet \u00e4r av st\u00f6rsta vikt p\u00e5 en plattform som uppmuntrar till interaktion med fr\u00e4mlingar. CrushRoulette integrerar robusta s\u00e4kerhets- och sekretessprotokoll, fr\u00e5n krypterade chattsessioner till strikta modereringspolicyer, vilket s\u00e4kerst\u00e4ller att anv\u00e4ndarna k\u00e4nner sig trygga. Funktioner som enkel rapportering av ol\u00e4mpligt beteende och m\u00f6jligheten att snabbt avsluta en chatt l\u00e4gger till extra lager av skydd.<\/p>\n<h3>Spr\u00e5k- och \u00f6vers\u00e4ttningsverktyg<\/h3>\n<p>Med en global anv\u00e4ndarbas kan spr\u00e5kbarri\u00e4rer hindra meningsfulla interaktioner p\u00e5 CrushRoulette. Men inbyggda spr\u00e5k- och \u00f6vers\u00e4ttningsverktyg m\u00f6jligg\u00f6r enkel kommunikation, \u00e4ven om anv\u00e4ndarna inte delar ett gemensamt spr\u00e5k. Detta underl\u00e4ttar inte bara kulturella utbyten utan s\u00e4kerst\u00e4ller ocks\u00e5 ett smidigt konversationsfl\u00f6de.<\/p>\n<h2>Kompatibilitet med mobiler och datorer<\/h2>\n<p>CrushRoulette \u00e4r optimerad f\u00f6r b\u00e5de mobila och station\u00e4ra anv\u00e4ndare, eftersom m\u00e4nniskor anv\u00e4nder onlineplattformar p\u00e5 m\u00e5nga olika s\u00e4tt. Oavsett om man vill chatta i farten med sin smartphone eller hemma p\u00e5 en dator \u00e4r upplevelsen konsekvent och s\u00f6ml\u00f6s.<\/p>\n<p>Tillsammans visar dessa egenskaper och funktioner en plattform som inte bara handlar om slumpm\u00e4ssiga kontakter utan som \u00e4r djupt investerad i att s\u00e4kerst\u00e4lla att varje interaktion \u00e4r meningsfull, s\u00e4ker och trevlig.<\/p>\n<h2>Tips f\u00f6r att chatta med tjejer p\u00e5 CrushRoulette<\/h2>\n<p>F\u00f6r att hj\u00e4lpa anv\u00e4ndare att ha b\u00e4ttre och mer meningsfulla interaktioner med kvinnor p\u00e5 CrushRoulette, h\u00e4r \u00e4r n\u00e5gra riktade tips och avsnitt som kan f\u00f6rb\u00e4ttra anv\u00e4ndarupplevelsen och etiketten n\u00e4r du chattar:<\/p>\n<h3>B\u00f6rja konversationen p\u00e5 r\u00e4tt s\u00e4tt<\/h3>\n<p><strong>F\u00f6rsta intrycket r\u00e4knas<\/strong>: N\u00e4r du ansluter till n\u00e5gon p\u00e5 CrushRoulette, b\u00f6rja med en v\u00e4nlig h\u00e4lsning. Ett leende och ett enkelt \"Hej, hur m\u00e5r du?\" kan s\u00e4tta en positiv ton f\u00f6r konversationen. Det \u00e4r viktigt att verka tillg\u00e4nglig och \u00f6ppen.<\/p>\n<p><strong>Kommentera N\u00e5got intressant<\/strong>: Om plattformen till\u00e5ter profilinformation eller om det finns visuella ledtr\u00e5dar i bakgrunden kan det vara en bra isbrytare att g\u00f6ra en respektfull kommentar eller st\u00e4lla en genuin fr\u00e5ga om n\u00e5got du l\u00e4gger m\u00e4rke till.<\/p>\n<h4>Uppr\u00e4tth\u00e5lla en respektfull och engagerande interaktion<\/h4>\n<p><strong>Visa genuint intresse<\/strong>: St\u00e4ll \u00f6ppna fr\u00e5gor f\u00f6r att uppmuntra till dialog snarare \u00e4n enkla ja- eller nej-svar. \u00c4mnen kan inkludera hobbyer, favoritfilmer eller minnesv\u00e4rda reseupplevelser. Detta visar att du \u00e4r intresserad av att veta mer om henne som person.<\/p>\n<p><strong>Var en aktiv lyssnare<\/strong>: Var uppm\u00e4rksam p\u00e5 vad hon s\u00e4ger. Detta hj\u00e4lper dig inte bara att f\u00f6rst\u00e5 henne b\u00e4ttre utan g\u00f6r ocks\u00e5 konversationen mer engagerande f\u00f6r er b\u00e5da. Reagera och svara baserat p\u00e5 vad hon delar, snarare \u00e4n att styra konversationen tillbaka till dig sj\u00e4lv.<\/p>\n<p><strong>Komplimang Med v\u00e4nlig h\u00e4lsning<\/strong>: Om du k\u00e4nner dig tvungen att ge en komplimang, g\u00f6r den \u00e4kta och inte ytlig. Komplimangera henne f\u00f6r hennes insikter, humor eller s\u00e4ttet hon uttrycker sig p\u00e5 snarare \u00e4n bara hennes utseende.<\/p>\n<h3>Forts\u00e4tt att h\u00e5lla ig\u00e5ng konversationen<\/h3>\n<p><strong>Dela ber\u00e4ttelser<\/strong>: Att dela personliga anekdoter kan g\u00f6ra interaktionen mer personlig och relaterbar. V\u00e4lj ber\u00e4ttelser som \u00e4r l\u00e4ttsamma och positiva, vilket kan leda till en trevligare och mer sammansvetsad upplevelse.<\/p>\n<p><strong>Respektera gr\u00e4nser<\/strong>: Det \u00e4r viktigt att vara respektfull f\u00f6r hennes komfortniv\u00e5er. Undvik alltf\u00f6r personliga eller k\u00e4nsliga \u00e4mnen om hon inte tar upp dem eller visar intresse f\u00f6r att diskutera dem. Om hon verkar obekv\u00e4m, byt \u00e4mne eller l\u00e5t henne leda in samtalet p\u00e5 ett \u00e4mne som hon k\u00e4nner sig bekv\u00e4m med.<\/p>\n<p><strong>Anv\u00e4nd humor p\u00e5 ett klokt s\u00e4tt<\/strong>: Humor kan vara ett bra s\u00e4tt att underl\u00e4tta eventuella besv\u00e4rligheter och g\u00f6ra konversationen trevlig. H\u00e5ll det dock rent och undvik sk\u00e4mt som kan vara st\u00f6tande eller f\u00f6r personliga.<\/p>\n<h3>Avsluta chatten p\u00e5 ett v\u00e4rdigt s\u00e4tt<\/h3>\n<p><strong>Var artig n\u00e4r du g\u00e5r ut<\/strong>: Om du beh\u00f6ver l\u00e4mna chatten, g\u00f6r det artigt. Ett enkelt \u201cDet var trevligt att prata med dig, men jag m\u00e5ste g\u00e5 nu. Det var trevligt att tr\u00e4ffa dig!\u201d ger ett positivt intryck och avslutar samtalet p\u00e5 ett bra s\u00e4tt.<\/p>\n<p><strong>Utbyte av kontakter om \u00f6msesidigt<\/strong>: Om konversationen gick bra och ni b\u00e5da uttrycker intresse f\u00f6r att h\u00e5lla kontakten, kan CrushRoulette till\u00e5ta anv\u00e4ndare att utbyta kontaktuppgifter. Se till att intresset \u00e4r \u00f6msesidigt innan du f\u00f6resl\u00e5r att du ska ansluta utanf\u00f6r plattformen.<\/p>\n<h3>S\u00e4kerhet och samtycke<\/h3>\n<p><strong>Prioritera alltid samtycke<\/strong>: Se till att alla personliga fr\u00e5gor eller \u00e4mnen tas upp med samtycke. Utg\u00e5 aldrig fr\u00e5n att den andra personen \u00e4r bekv\u00e4m med allt i ett samtal.<\/p>\n<p><strong>Rapportera ol\u00e4mpligt beteende<\/strong>: Anv\u00e4nd CrushRoulettes rapporteringsfunktioner om du st\u00f6ter p\u00e5 n\u00e5got ol\u00e4mpligt beteende. Att h\u00e5lla plattformen s\u00e4ker och respektfull \u00e4r ett kollektivt ansvar.<\/p>\n<p>Dessa tips \u00e4r utformade f\u00f6r att hj\u00e4lpa till att skapa en respektfull, engagerande och trevlig milj\u00f6 p\u00e5 CrushRoulette, vilket f\u00f6rb\u00e4ttrar den \u00f6vergripande upplevelsen n\u00e4r du chattar med kvinnor p\u00e5 plattformen.<\/p>\n<h2>Slumpm\u00e4ssig videochatt och lockelsen med CrushRoulette<\/h2>\n<p><a href=\"https:\/\/strangercam.com\/sv\/chathub\/\">Slumpm\u00e4ssig videochatt<\/a> \u00e4r ett koncept som g\u00e5r ut p\u00e5 att f\u00e5 kontakt med fr\u00e4mlingar genom videosamtal p\u00e5 en digital plattform, d\u00e4r systemet slumpm\u00e4ssigt v\u00e4ljer ut vilka personer man ska chatta med. Denna form av digital interaktion har vunnit enorm popularitet p\u00e5 grund av sin spontana natur och den sp\u00e4nning den medf\u00f6r. CrushRoulette, en ledande plattform i denna <a href=\"https:\/\/strangercam.com\/sv\/mocospace\/\">utrymme<\/a>, exemplifierar varf\u00f6r slumpm\u00e4ssiga <a href=\"https:\/\/strangercam.com\/sv\/rabbit-video-chat\/\">videochatt<\/a> har blivit ett popul\u00e4rt s\u00e4tt f\u00f6r m\u00e4nniskor att <a href=\"https:\/\/strangercam.com\/sv\/coomeet\/\">tr\u00e4ffas<\/a> och interagera med m\u00e4nniskor fr\u00e5n hela v\u00e4rlden.<\/p>\n<h3>Spontanitetens tjusning<\/h3>\n<p>En av de viktigaste dragningarna med slumpm\u00e4ssig videochatt, och s\u00e4rskilt p\u00e5 plattformar som CrushRoulette, \u00e4r \u00f6verraskningsmomentet. Varje session ger ett nytt ansikte, en annan bakgrund och en ny konversation. Denna of\u00f6ruts\u00e4gbarhet h\u00e5ller upplevelsen sp\u00e4nnande och of\u00f6ruts\u00e4gbar, ungef\u00e4r som en digital version av en mystery box.<\/p>\n<h3>Bryta ner globala barri\u00e4rer<\/h3>\n<p>CrushRoulette och liknande tj\u00e4nster kopplar samman anv\u00e4ndare fr\u00e5n olika l\u00e4nder och bryter ner geografiska och kulturella barri\u00e4rer. Denna exponering f\u00f6r olika kulturer och livsstilar berikar anv\u00e4ndarupplevelsen och ger en unik pedagogisk och social plattform d\u00e4r man kan l\u00e4ra sig mer om v\u00e4rlden p\u00e5 ett s\u00e4tt som traditionella medier inte kan erbjuda.<\/p>\n<h3>L\u00e4tt att tr\u00e4ffa nya m\u00e4nniskor<\/h3>\n<p>F\u00f6r m\u00e5nga, s\u00e4rskilt i dagens hektiska och ibland isolerande v\u00e4rld, kan det vara utmanande att hitta nya v\u00e4nner eller intressanta konversationer. Slumpm\u00e4ssiga videochattplattformar som CrushRoulette erbjuder ett bekv\u00e4mt och l\u00e5gtrycks s\u00e4tt att tr\u00e4ffa nya m\u00e4nniskor. Oavsett om du letar efter en snabb chatt eller en l\u00e5ngvarig v\u00e4nskap kan dessa plattformar tillgodose alla behov.<\/p>\n<h3>Interaktion i realtid<\/h3>\n<p>Till skillnad fr\u00e5n textbaserade chattar m\u00f6jligg\u00f6r videochattar interaktion i realtid, ansikte mot ansikte, vilket ger konversationen ett lager av \u00e4kthet. Du kan se personens reaktioner, h\u00f6ra deras tonfall och engagera dig p\u00e5 ett mer personligt och meningsfullt s\u00e4tt. CrushRoulette utnyttjar videostreaming av h\u00f6g kvalitet f\u00f6r att f\u00f6rb\u00e4ttra denna upplevelse och g\u00f6ra konversationer mer levande och engagerande.<\/p>\n<h3>Roliga funktioner och anpassningsm\u00f6jligheter<\/h3>\n<p>CrushRoulette f\u00f6rb\u00e4ttrar den slumpm\u00e4ssiga videochattupplevelsen genom att inf\u00f6rliva roliga funktioner som filter, effekter och anpassade avatarer. Dessa element g\u00f6r det m\u00f6jligt f\u00f6r anv\u00e4ndarna att uttrycka sig kreativt och l\u00e4gga till ytterligare ett lager av njutning till interaktionen. Dessutom s\u00e4kerst\u00e4ller anpassningsbara sekretessinst\u00e4llningar att anv\u00e4ndarna k\u00e4nner sig s\u00e4kra och har kontroll \u00f6ver sin chattupplevelse.<\/p>\n<h3>Tillg\u00e4nglighet och bekv\u00e4mlighet<\/h3>\n<p>Plattformar som CrushRoulette \u00e4r utformade f\u00f6r att vara tillg\u00e4ngliga och anv\u00e4ndarv\u00e4nliga och passar m\u00e4nniskor i alla \u00e5ldrar och tekniska f\u00e4rdighetsniv\u00e5er. Med bara n\u00e5gra f\u00e5 klick kan anv\u00e4ndare f\u00e5 kontakt med n\u00e5gon ny, vilket g\u00f6r det till ett mycket bekv\u00e4mt s\u00e4tt att umg\u00e5s och skapa kontakter utan behov av fysiska resor.<\/p>\n<p>Kombinationen av dessa funktioner g\u00f6r slumpm\u00e4ssig videochatt till en st\u00e4ndigt popul\u00e4r onlineaktivitet. CrushRoulette, med sitt fokus p\u00e5 att skapa \u00e4kta, spontana kontakter p\u00e5 ett s\u00e4kert och trevligt s\u00e4tt, representerar utvecklingen av digital kommunikation och f\u00f6r samman m\u00e4nniskor fr\u00e5n v\u00e4rldens alla h\u00f6rn p\u00e5 de mest ov\u00e4ntade och underbara s\u00e4tt.<\/p>\n<p>Sammanfattningsvis har slumpm\u00e4ssiga videochattplattformar som CrushRoulette revolutionerat hur vi ansluter och interagerar i den digitala tids\u00e5ldern. Genom att erbjuda en blandning av spontanitet, kulturellt utbyte och realtidsinteraktion ger dessa plattformar ett unikt och sp\u00e4nnande s\u00e4tt att tr\u00e4ffa nya m\u00e4nniskor och ut\u00f6ka v\u00e5ra sociala horisonter fr\u00e5n bekv\u00e4mligheten i v\u00e5ra egna hem. CrushRoulette, med sin anv\u00e4ndarv\u00e4nliga design, robusta s\u00e4kerhetsfunktioner och roliga interaktiva element, framst\u00e5r som ett f\u00f6rstklassigt val f\u00f6r dem som vill utforska den sp\u00e4nnande v\u00e4rlden av slumpm\u00e4ssiga videochattar.<\/p>\n<p>Oavsett om du vill f\u00e5 nya v\u00e4nner, l\u00e4ra dig mer om olika kulturer eller bara ha lite kul, erbjuder CrushRoulette en s\u00e4ker, engagerande och trevlig milj\u00f6 f\u00f6r att ut\u00f6ka ditt sociala n\u00e4tverk. Dess \u00e5tagande att uppr\u00e4tth\u00e5lla anv\u00e4ndarnas integritet och s\u00e4kerst\u00e4lla en respektfull gemenskap g\u00f6r det till en p\u00e5litlig plattform f\u00f6r meningsfulla och roliga konversationer.<\/p>\n<p>I takt med att det digitala landskapet forts\u00e4tter att utvecklas kommer plattformar som CrushRoulette att spela en viktig roll f\u00f6r att forma hur vi interagerar med v\u00e4rlden. S\u00e5 varf\u00f6r inte dyka in och se vart ett enkelt klick p\u00e5 CrushRoulette kan ta dig? Det kan \u00f6ppna upp en v\u00e4rld av m\u00f6jligheter och erbjuda kontakter som kan f\u00f6r\u00e4ndra ditt globala perspektiv, en chatt i taget.<\/p>","protected":false},"excerpt":{"rendered":"<p>CrushRoulette, as its name suggests, offers users the exhilarating opportunity to plunge into spontaneous conversations with strangers, but with a distinctive twist. At its core, CrushRoulette is an online video chat platform designed to connect people from diverse backgrounds and different corners of the globe. Unlike many similar platforms, CrushRoulette introduces a novel approach to [&hellip;]<\/p>\n","protected":false},"author":6,"featured_media":12398,"parent":0,"menu_order":0,"comment_status":"closed","ping_status":"closed","template":"","meta":{"footnotes":""},"class_list":["post-12397","page","type-page","status-publish","has-post-thumbnail","hentry"],"yoast_head":"<!-- This site is optimized with the Yoast SEO plugin v27.4 - https:\/\/yoast.com\/product\/yoast-seo-wordpress\/ -->\n<title>CrushRoulette Random Video Chat - StrangerCam.com<\/title>\n<meta name=\"description\" content=\"Like CrushRoulette? Come chat with more than 5.000.000 strangers on Stranger Cam for Free! Turn on your cam and find new friends &amp; maby a match!\" \/>\n<meta name=\"robots\" content=\"index, follow, max-snippet:-1, max-image-preview:large, max-video-preview:-1\" \/>\n<link rel=\"canonical\" href=\"https:\/\/strangercam.com\/sv\/krossroulett\/\" \/>\n<meta property=\"og:locale\" content=\"sv_SE\" \/>\n<meta property=\"og:type\" content=\"article\" \/>\n<meta property=\"og:title\" content=\"CrushRoulette Random Video Chat - StrangerCam.com\" \/>\n<meta property=\"og:description\" content=\"Like CrushRoulette? Come chat with more than 5.000.000 strangers on Stranger Cam for Free! Turn on your cam and find new friends &amp; maby a match!\" \/>\n<meta property=\"og:url\" content=\"https:\/\/strangercam.com\/sv\/krossroulett\/\" \/>\n<meta property=\"og:site_name\" content=\"Strangercam\" \/>\n<meta property=\"article:publisher\" content=\"https:\/\/www.facebook.com\/strangercam\" \/>\n<meta property=\"article:modified_time\" content=\"2024-05-09T09:33:57+00:00\" \/>\n<meta property=\"og:image\" content=\"https:\/\/strangercam.com\/wp-content\/uploads\/2024\/05\/CrushRoulette.png\" \/>\n\t<meta property=\"og:image:width\" content=\"1296\" \/>\n\t<meta property=\"og:image:height\" content=\"700\" \/>\n\t<meta property=\"og:image:type\" content=\"image\/png\" \/>\n<meta name=\"twitter:card\" content=\"summary_large_image\" \/>\n<meta name=\"twitter:site\" content=\"@strangercamapp\" \/>\n<meta name=\"twitter:label1\" content=\"Ber\u00e4knad l\u00e4stid\" \/>\n\t<meta name=\"twitter:data1\" content=\"8 minuter\" \/>\n<script type=\"application\/ld+json\" class=\"yoast-schema-graph\">{\"@context\":\"https:\\\/\\\/schema.org\",\"@graph\":[{\"@type\":\"WebPage\",\"@id\":\"https:\\\/\\\/strangercam.com\\\/crushroulette\\\/\",\"url\":\"https:\\\/\\\/strangercam.com\\\/crushroulette\\\/\",\"name\":\"CrushRoulette Random Video Chat - StrangerCam.com\",\"isPartOf\":{\"@id\":\"https:\\\/\\\/strangercam.com\\\/#website\"},\"primaryImageOfPage\":{\"@id\":\"https:\\\/\\\/strangercam.com\\\/crushroulette\\\/#primaryimage\"},\"image\":{\"@id\":\"https:\\\/\\\/strangercam.com\\\/crushroulette\\\/#primaryimage\"},\"thumbnailUrl\":\"https:\\\/\\\/strangercam.com\\\/wp-content\\\/uploads\\\/2024\\\/05\\\/CrushRoulette.png\",\"datePublished\":\"2024-05-09T09:32:55+00:00\",\"dateModified\":\"2024-05-09T09:33:57+00:00\",\"description\":\"Like CrushRoulette? Come chat with more than 5.000.000 strangers on Stranger Cam for Free! Turn on your cam and find new friends & maby a match!\",\"breadcrumb\":{\"@id\":\"https:\\\/\\\/strangercam.com\\\/crushroulette\\\/#breadcrumb\"},\"inLanguage\":\"sv-SE\",\"potentialAction\":[{\"@type\":\"ReadAction\",\"target\":[\"https:\\\/\\\/strangercam.com\\\/crushroulette\\\/\"]}]},{\"@type\":\"ImageObject\",\"inLanguage\":\"sv-SE\",\"@id\":\"https:\\\/\\\/strangercam.com\\\/crushroulette\\\/#primaryimage\",\"url\":\"https:\\\/\\\/strangercam.com\\\/wp-content\\\/uploads\\\/2024\\\/05\\\/CrushRoulette.png\",\"contentUrl\":\"https:\\\/\\\/strangercam.com\\\/wp-content\\\/uploads\\\/2024\\\/05\\\/CrushRoulette.png\",\"width\":1296,\"height\":700,\"caption\":\"CrushRoulette\"},{\"@type\":\"BreadcrumbList\",\"@id\":\"https:\\\/\\\/strangercam.com\\\/crushroulette\\\/#breadcrumb\",\"itemListElement\":[{\"@type\":\"ListItem\",\"position\":1,\"name\":\"Home\",\"item\":\"https:\\\/\\\/strangercam.com\\\/\"},{\"@type\":\"ListItem\",\"position\":2,\"name\":\"CrushRoulette\"}]},{\"@type\":\"WebSite\",\"@id\":\"https:\\\/\\\/strangercam.com\\\/#website\",\"url\":\"https:\\\/\\\/strangercam.com\\\/\",\"name\":\"Strangercam\",\"description\":\"Random Video Chat with Strangers\",\"publisher\":{\"@id\":\"https:\\\/\\\/strangercam.com\\\/#organization\"},\"alternateName\":\"Strangercam.com\",\"potentialAction\":[{\"@type\":\"SearchAction\",\"target\":{\"@type\":\"EntryPoint\",\"urlTemplate\":\"https:\\\/\\\/strangercam.com\\\/?s={search_term_string}\"},\"query-input\":{\"@type\":\"PropertyValueSpecification\",\"valueRequired\":true,\"valueName\":\"search_term_string\"}}],\"inLanguage\":\"sv-SE\"},{\"@type\":\"Organization\",\"@id\":\"https:\\\/\\\/strangercam.com\\\/#organization\",\"name\":\"Strangercam\",\"alternateName\":\"Strangercam.com\",\"url\":\"https:\\\/\\\/strangercam.com\\\/\",\"logo\":{\"@type\":\"ImageObject\",\"inLanguage\":\"sv-SE\",\"@id\":\"https:\\\/\\\/strangercam.com\\\/#\\\/schema\\\/logo\\\/image\\\/\",\"url\":\"https:\\\/\\\/strangercam.com\\\/wp-content\\\/uploads\\\/2020\\\/11\\\/cropped-new-favicon-black.png\",\"contentUrl\":\"https:\\\/\\\/strangercam.com\\\/wp-content\\\/uploads\\\/2020\\\/11\\\/cropped-new-favicon-black.png\",\"width\":512,\"height\":512,\"caption\":\"Strangercam\"},\"image\":{\"@id\":\"https:\\\/\\\/strangercam.com\\\/#\\\/schema\\\/logo\\\/image\\\/\"},\"sameAs\":[\"https:\\\/\\\/www.facebook.com\\\/strangercam\",\"https:\\\/\\\/x.com\\\/strangercamapp\"]}]}<\/script>\n<!-- \/ Yoast SEO plugin. -->","yoast_head_json":{"title":"CrushRoulette slumpm\u00e4ssig videochatt - StrangerCam.com","description":"Gillar du CrushRoulette? Kom och chatta med mer \u00e4n 5.000.000 fr\u00e4mlingar p\u00e5 Stranger Cam helt gratis! Sl\u00e5 p\u00e5 din kamera och hitta nya v\u00e4nner och kanske en match!","robots":{"index":"index","follow":"follow","max-snippet":"max-snippet:-1","max-image-preview":"max-image-preview:large","max-video-preview":"max-video-preview:-1"},"canonical":"https:\/\/strangercam.com\/sv\/krossroulett\/","og_locale":"sv_SE","og_type":"article","og_title":"CrushRoulette Random Video Chat - StrangerCam.com","og_description":"Like CrushRoulette? Come chat with more than 5.000.000 strangers on Stranger Cam for Free! Turn on your cam and find new friends & maby a match!","og_url":"https:\/\/strangercam.com\/sv\/krossroulett\/","og_site_name":"Strangercam","article_publisher":"https:\/\/www.facebook.com\/strangercam","article_modified_time":"2024-05-09T09:33:57+00:00","og_image":[{"width":1296,"height":700,"url":"https:\/\/strangercam.com\/wp-content\/uploads\/2024\/05\/CrushRoulette.png","type":"image\/png"}],"twitter_card":"summary_large_image","twitter_site":"@strangercamapp","twitter_misc":{"Ber\u00e4knad l\u00e4stid":"8 minuter"},"schema":{"@context":"https:\/\/schema.org","@graph":[{"@type":"WebPage","@id":"https:\/\/strangercam.com\/crushroulette\/","url":"https:\/\/strangercam.com\/crushroulette\/","name":"CrushRoulette slumpm\u00e4ssig videochatt - StrangerCam.com","isPartOf":{"@id":"https:\/\/strangercam.com\/#website"},"primaryImageOfPage":{"@id":"https:\/\/strangercam.com\/crushroulette\/#primaryimage"},"image":{"@id":"https:\/\/strangercam.com\/crushroulette\/#primaryimage"},"thumbnailUrl":"https:\/\/strangercam.com\/wp-content\/uploads\/2024\/05\/CrushRoulette.png","datePublished":"2024-05-09T09:32:55+00:00","dateModified":"2024-05-09T09:33:57+00:00","description":"Gillar du CrushRoulette? Kom och chatta med mer \u00e4n 5.000.000 fr\u00e4mlingar p\u00e5 Stranger Cam helt gratis! Sl\u00e5 p\u00e5 din kamera och hitta nya v\u00e4nner och kanske en match!","breadcrumb":{"@id":"https:\/\/strangercam.com\/crushroulette\/#breadcrumb"},"inLanguage":"sv-SE","potentialAction":[{"@type":"ReadAction","target":["https:\/\/strangercam.com\/crushroulette\/"]}]},{"@type":"ImageObject","inLanguage":"sv-SE","@id":"https:\/\/strangercam.com\/crushroulette\/#primaryimage","url":"https:\/\/strangercam.com\/wp-content\/uploads\/2024\/05\/CrushRoulette.png","contentUrl":"https:\/\/strangercam.com\/wp-content\/uploads\/2024\/05\/CrushRoulette.png","width":1296,"height":700,"caption":"CrushRoulette"},{"@type":"BreadcrumbList","@id":"https:\/\/strangercam.com\/crushroulette\/#breadcrumb","itemListElement":[{"@type":"ListItem","position":1,"name":"Home","item":"https:\/\/strangercam.com\/"},{"@type":"ListItem","position":2,"name":"CrushRoulette"}]},{"@type":"WebSite","@id":"https:\/\/strangercam.com\/#website","url":"https:\/\/strangercam.com\/","name":"Strangercam","description":"Slumpm\u00e4ssig videochatt med fr\u00e4mlingar","publisher":{"@id":"https:\/\/strangercam.com\/#organization"},"alternateName":"Strangercam.com","potentialAction":[{"@type":"SearchAction","target":{"@type":"EntryPoint","urlTemplate":"https:\/\/strangercam.com\/?s={search_term_string}"},"query-input":{"@type":"PropertyValueSpecification","valueRequired":true,"valueName":"search_term_string"}}],"inLanguage":"sv-SE"},{"@type":"Organization","@id":"https:\/\/strangercam.com\/#organization","name":"Strangercam","alternateName":"Strangercam.com","url":"https:\/\/strangercam.com\/","logo":{"@type":"ImageObject","inLanguage":"sv-SE","@id":"https:\/\/strangercam.com\/#\/schema\/logo\/image\/","url":"https:\/\/strangercam.com\/wp-content\/uploads\/2020\/11\/cropped-new-favicon-black.png","contentUrl":"https:\/\/strangercam.com\/wp-content\/uploads\/2020\/11\/cropped-new-favicon-black.png","width":512,"height":512,"caption":"Strangercam"},"image":{"@id":"https:\/\/strangercam.com\/#\/schema\/logo\/image\/"},"sameAs":["https:\/\/www.facebook.com\/strangercam","https:\/\/x.com\/strangercamapp"]}]}},"_links":{"self":[{"href":"https:\/\/strangercam.com\/sv\/wp-json\/wp\/v2\/pages\/12397","targetHints":{"allow":["GET"]}}],"collection":[{"href":"https:\/\/strangercam.com\/sv\/wp-json\/wp\/v2\/pages"}],"about":[{"href":"https:\/\/strangercam.com\/sv\/wp-json\/wp\/v2\/types\/page"}],"author":[{"embeddable":true,"href":"https:\/\/strangercam.com\/sv\/wp-json\/wp\/v2\/users\/6"}],"replies":[{"embeddable":true,"href":"https:\/\/strangercam.com\/sv\/wp-json\/wp\/v2\/comments?post=12397"}],"version-history":[{"count":0,"href":"https:\/\/strangercam.com\/sv\/wp-json\/wp\/v2\/pages\/12397\/revisions"}],"wp:featuredmedia":[{"embeddable":true,"href":"https:\/\/strangercam.com\/sv\/wp-json\/wp\/v2\/media\/12398"}],"wp:attachment":[{"href":"https:\/\/strangercam.com\/sv\/wp-json\/wp\/v2\/media?parent=12397"}],"curies":[{"name":"wp","href":"https:\/\/api.w.org\/{rel}","templated":true}]}}