{"id":12254,"date":"2025-09-29T10:09:11","date_gmt":"2025-09-29T08:09:11","guid":{"rendered":"https:\/\/strangercam.com\/?page_id=12254"},"modified":"2025-09-29T12:07:57","modified_gmt":"2025-09-29T10:07:57","slug":"amerikanskt-slumpmassigt-videosamtal","status":"publish","type":"page","link":"https:\/\/strangercam.com\/sv\/american-random-video-call\/","title":{"rendered":"Amerikanska slumpm\u00e4ssiga videosamtal"},"content":{"rendered":"<p>Letar du efter en amerikansk slumpm\u00e4ssig videosamtalsplattform? D\u00e5 \u00e4r du p\u00e5 r\u00e4tt plats. \u00c5r 2025 s\u00f6ker tusentals m\u00e4nniskor efter s\u00e4tt att f\u00e5 omedelbar kontakt med fr\u00e4mlingar i USA - oavsett om det \u00e4r f\u00f6r att f\u00e5 nya v\u00e4nner, njuta av avslappnade konversationer eller helt enkelt utforska amerikansk kultur online. Till skillnad fr\u00e5n traditionella dejtingappar eller sociala n\u00e4tverk l\u00e5ter slumpm\u00e4ssiga videosamtalsplattformar dig tr\u00e4ffa riktiga m\u00e4nniskor ansikte mot ansikte p\u00e5 bara n\u00e5gra sekunder.<\/p>\n<p>Med tj\u00e4nster som StrangerCam kan du delta i ett amerikanskt slumpm\u00e4ssigt videosamtal just nu. Ingen registrering, inga avgifter, ingen v\u00e4ntan - bara omedelbara videosamtal med m\u00e4nniskor \u00f6ver hela USA och bortom.<\/p>\n<p>Den h\u00e4r guiden kommer att f\u00f6rklara allt du beh\u00f6ver veta: vad amerikanska slumpm\u00e4ssiga videosamtal \u00e4r, varf\u00f6r de \u00e4r popul\u00e4ra, hur de fungerar, vilka funktioner du ska leta efter, en j\u00e4mf\u00f6relse av de b\u00e4sta plattformarna, s\u00e4kerhetstips och varf\u00f6r StrangerCam \u00e4r ett av de b\u00e4sta valen idag.<\/p>\n<h2>Vad \u00e4r ett amerikanskt slumpm\u00e4ssigt videosamtal?<\/h2>\n<p>Ett amerikanskt slumpm\u00e4ssigt videosamtal \u00e4r en en-mot-en online video <a href=\"https:\/\/strangercam.com\/sv\/chathub\/\">chatt<\/a> som kopplar ihop dig med fr\u00e4mlingar i USA. Upplevelsen \u00e4r enkel:<\/p>\n<ul>\n<li>Du klickar p\u00e5 en knapp.<\/li>\n<li>Du blir direkt matchad med n\u00e5gon ny i USA.<\/li>\n<li>Du kan prata ansikte mot ansikte med hj\u00e4lp av din webbkamera och mikrofon.<\/li>\n<li>Gillar du inte matchningen? Klicka bara p\u00e5 N\u00e4sta f\u00f6r att g\u00e5 vidare.<\/li>\n<\/ul>\n<p>Till skillnad fr\u00e5n dejtingappar beh\u00f6ver du inte v\u00e4nta p\u00e5 en matchning eller skriva l\u00e5nga biografier. Det \u00e4r direkt, roligt och of\u00f6ruts\u00e4gbart.<\/p>\n<h2>Varf\u00f6r m\u00e4nniskor \u00e4lskar amerikanska slumpm\u00e4ssiga videosamtal<\/h2>\n<p>Att f\u00e5 kontakt med fr\u00e4mlingar i USA \u00e4r en sj\u00e4lvklarhet:<\/p>\n<ul>\n<li>Kulturell nyfikenhet: Tr\u00e4ffa amerikaner fr\u00e5n olika stater, bakgrunder och livsstilar.<\/li>\n<li>\u00d6va engelska: M\u00e5nga internationella anv\u00e4ndare anv\u00e4nder amerikanska slumpm\u00e4ssiga videosamtal f\u00f6r att f\u00f6rb\u00e4ttra sina spr\u00e5kkunskaper.<\/li>\n<li>V\u00e4nskap och flirt: Oavsett om du vill ha en avslappnad konversation eller en lekfull flirt \u00e4r slumpm\u00e4ssig chatt perfekt.<\/li>\n<li>Spontanitet: Varje samtal \u00e4r annorlunda - du vet aldrig vem du kommer att tr\u00e4ffa n\u00e4sta g\u00e5ng.<\/li>\n<li>Tillg\u00e4nglighet: Det \u00e4r gratis, direkt och kr\u00e4ver ingen registrering.<\/li>\n<\/ul>\n<h2>Hur fungerar amerikanskt slumpm\u00e4ssigt videosamtal?<\/h2>\n<p>Det tar bara n\u00e5gra steg:<\/p>\n<ol>\n<li>\u00d6ppna plattformen (som StrangerCam).<\/li>\n<li>Till\u00e5t \u00e5tkomst till kamera och mikrofon.<\/li>\n<li>Klicka p\u00e5 \"Starta videosamtal\".<\/li>\n<li>Bli direkt matchad med en fr\u00e4mling i Amerika.<\/li>\n<li>Klicka p\u00e5 \"N\u00e4sta\" n\u00e4r som helst f\u00f6r att tr\u00e4ffa n\u00e5gon ny.<\/li>\n<\/ol>\n<p>Det \u00e4r allt - snabbt, enkelt och alltid gratis.<\/p>\n<h2>Funktioner att leta efter i en amerikansk slumpm\u00e4ssig videosamtalsplattform<\/h2>\n<p>Alla plattformar ger inte samma upplevelse. H\u00e4r \u00e4r vad som \u00e4r viktigast:<\/p>\n<ul>\n<li>Filter f\u00f6r plats: M\u00f6jlighet att matcha specifikt med anv\u00e4ndare i USA.<\/li>\n<li>Fri tillg\u00e5ng: Obegr\u00e4nsad anv\u00e4ndning utan dolda betalv\u00e4ggar.<\/li>\n<li>Ingen registrering: Direktchatt utan konton.<\/li>\n<li>Mobilv\u00e4nlig: Fungerar smidigt p\u00e5 iOS och Android.<\/li>\n<li>S\u00e4ker moderering: Skydd mot bots och ol\u00e4mpligt inneh\u00e5ll.<\/li>\n<li>Videokvalitet: Tydlig video och ljud f\u00f6r riktiga anslutningar.<\/li>\n<\/ul>\n<h2>B\u00e4sta amerikanska slumpm\u00e4ssiga videosamtalsplattformar 2025<\/h2>\n<p>S\u00e5 h\u00e4r ser dagens mest popul\u00e4ra tj\u00e4nster ut j\u00e4mf\u00f6rt med varandra:<\/p>\n<table>\n<thead>\n<tr>\n<th>Plattform<\/th>\n<th align=\"center\">Fri tillg\u00e5ng<\/th>\n<th align=\"center\">USA Plats Filter<\/th>\n<th align=\"center\">Anm\u00e4lan kr\u00e4vs<\/th>\n<th align=\"center\">Mobilt st\u00f6d<\/th>\n<th align=\"center\">Moderering<\/th>\n<th>Anteckningar<\/th>\n<\/tr>\n<\/thead>\n<tbody>\n<tr>\n<td>StrangerCam<\/td>\n<td align=\"center\">\u2705<\/td>\n<td align=\"center\">\u2705 (gratis)<\/td>\n<td align=\"center\">\u274c<\/td>\n<td align=\"center\">\u2705<\/td>\n<td align=\"center\">\u2705<\/td>\n<td>B\u00e4sta totalresultat: gratis, USA-fokuserad<\/td>\n<\/tr>\n<tr>\n<td><a href=\"https:\/\/strangercam.com\/sv\/chatroulette\/\">Chatroulette<\/a><\/td>\n<td align=\"center\">\u2705<\/td>\n<td align=\"center\">\u274c<\/td>\n<td align=\"center\">\u274c<\/td>\n<td align=\"center\">\u2705<\/td>\n<td align=\"center\">\u2705<\/td>\n<td>Klassisk, endast slumpm\u00e4ssig<\/td>\n<\/tr>\n<tr>\n<td>Chatrandom<\/td>\n<td align=\"center\">\u2705<\/td>\n<td align=\"center\">\u2705 (Betald)<\/td>\n<td align=\"center\">\u274c<\/td>\n<td align=\"center\">\u2705<\/td>\n<td align=\"center\">\u2705<\/td>\n<td>Popul\u00e4rt, men uppgraderingar kostar<\/td>\n<\/tr>\n<tr>\n<td><a href=\"https:\/\/strangercam.com\/sv\/ometv\/\">OmeTV<\/a><\/td>\n<td align=\"center\">\u2705<\/td>\n<td align=\"center\">\u274c<\/td>\n<td align=\"center\">\u274c<\/td>\n<td align=\"center\">\u2705<\/td>\n<td align=\"center\">\u2705<\/td>\n<td>App-baserat, globalt fokus<\/td>\n<\/tr>\n<tr>\n<td>Shagle<\/td>\n<td align=\"center\">\u2705<\/td>\n<td align=\"center\">\u2705 (Betald)<\/td>\n<td align=\"center\">\u274c<\/td>\n<td align=\"center\">\u2705<\/td>\n<td align=\"center\">\u2705<\/td>\n<td>Premiumfunktioner l\u00e5sta<\/td>\n<\/tr>\n<tr>\n<td><a href=\"https:\/\/strangercam.com\/sv\/coomeet\/\">CooMeet<\/a><\/td>\n<td align=\"center\">\u274c (provperiod)<\/td>\n<td align=\"center\">\u2705<\/td>\n<td align=\"center\">\u2705<\/td>\n<td align=\"center\">\u2705<\/td>\n<td align=\"center\">\u2705<\/td>\n<td>Avgiftsbelagd, fokuserad p\u00e5 m\u00e4n som tr\u00e4ffar kvinnor<\/td>\n<\/tr>\n<\/tbody>\n<\/table>\n<p>StrangerCam \u00e4r en av de enda plattformarna som erbjuder gratis slumpm\u00e4ssiga videosamtal specifikt med amerikaner - utan registrering och obegr\u00e4nsad anv\u00e4ndning.<\/p>\n<h2>Varf\u00f6r StrangerCam \u00e4r det b\u00e4sta valet<\/h2>\n<p>H\u00e4r \u00e4r varf\u00f6r StrangerCam \u00e4r perfekt f\u00f6r alla som s\u00f6ker \"Amerikanskt slumpm\u00e4ssigt videosamtal\":<\/p>\n<ul>\n<li>Helt gratis och obegr\u00e4nsat - inga provperioder eller kreditsystem.<\/li>\n<li>USA Location Matching - Tr\u00e4ffa riktiga m\u00e4nniskor i USA.<\/li>\n<li>Ingen registrering beh\u00f6vs - h\u00e5ll dig anonym och b\u00f6rja direkt.<\/li>\n<li>Safe &amp; Moderated - Starkare s\u00e4kerhet \u00e4n gamla plattformar av typen Omegle.<\/li>\n<li>Redo f\u00f6r mobil och station\u00e4r dator - fungerar var som helst, n\u00e4r som helst.<\/li>\n<li>Olika anv\u00e4ndargrupper - Tr\u00e4ffa amerikaner fr\u00e5n kust till kust.<\/li>\n<\/ul>\n<h2>Verkliga vittnesm\u00e5l fr\u00e5n anv\u00e4ndare<\/h2>\n<blockquote><p>\"Jag ville \u00f6va p\u00e5 min engelska och s\u00f6kte efter amerikanska slumpm\u00e4ssiga videosamtal. StrangerCam kopplade ihop mig med m\u00e4nniskor fr\u00e5n New York och Kalifornien p\u00e5 n\u00e5gra minuter.\"<br \/>\n- Daniel, 24 \u00e5r (Spanien)<\/p><\/blockquote>\n<blockquote><p>\"Det \u00e4r s\u00e5 roligt att tr\u00e4ffa slumpm\u00e4ssiga amerikaner - ibland \u00e4r det avslappnat, ibland flirtigt, alltid sp\u00e4nnande.\"<br \/>\n- Sophia, 21 \u00e5r (Kanada)<\/p><\/blockquote>\n<blockquote><p>\"Till skillnad fr\u00e5n andra webbplatser \u00e4r den h\u00e4r verkligen gratis. Ingen registrering, inga tricks.\"<br \/>\n- Ryan, 29 \u00e5r (USA)<\/p><\/blockquote>\n<blockquote><p>\"Jag har redan haft trevliga samtal med m\u00e4nniskor fr\u00e5n Texas, Florida och Chicago. Det k\u00e4nns \u00e4kta och tryggt.\"<br \/>\n- Leah, 20 \u00e5r (Tyskland)<\/p><\/blockquote>\n<h2>S\u00e4kerhetstips f\u00f6r amerikanska slumpm\u00e4ssiga videosamtal<\/h2>\n<p>Det \u00e4r kul att chatta med fr\u00e4mlingar i USA, men var alltid p\u00e5 den s\u00e4kra sidan:<\/p>\n<ul>\n<li>L\u00e4mna aldrig ut personlig information (telefon, adress, arbetsplats).<\/li>\n<li>Undvik misst\u00e4nkta l\u00e4nkar under chattar.<\/li>\n<li>Anv\u00e4nd Skip\/Block om du k\u00e4nner dig obekv\u00e4m med n\u00e5gon.<\/li>\n<li>Kontrollera din bakgrund innan du s\u00e4tter p\u00e5 webbkameran.<\/li>\n<li>Anv\u00e4nd ett smeknamn ist\u00e4llet f\u00f6r ditt riktiga namn.<\/li>\n<li>Respektera plattformens \u00e5ldersregler - om du \u00e4r under 18 \u00e5r ska du inte anv\u00e4nda chatt f\u00f6r vuxna.<\/li>\n<\/ul>\n<h2>S\u00e5 h\u00e4r kommer du ig\u00e5ng - steg f\u00f6r steg<\/h2>\n<p>S\u00e5 h\u00e4r startar du ditt f\u00f6rsta amerikanska slumpm\u00e4ssiga videosamtal:<\/p>\n<ol>\n<li>\u00d6ppna StrangerCam i din webbl\u00e4sare eller p\u00e5 mobilen.<\/li>\n<li>Till\u00e5t \u00e5tkomst till kamera och mikrofon.<\/li>\n<li>V\u00e4lj USA-filter (om tillg\u00e4ngligt).<\/li>\n<li>Klicka p\u00e5 Starta chatt.<\/li>\n<li>Tr\u00e4ffa en amerikansk fr\u00e4mling direkt.<\/li>\n<li>Tryck p\u00e5 N\u00e4sta n\u00e4r som helst f\u00f6r att tr\u00e4ffa n\u00e5gon ny.<\/li>\n<\/ol>\n<p>\u00c5r 2025 har efterfr\u00e5gan p\u00e5 amerikanska slumpm\u00e4ssiga videosamtal aldrig varit h\u00f6gre. M\u00e4nniskor \u00f6ver hela v\u00e4rlden \u00e4r nyfikna p\u00e5 att f\u00e5 kontakt med amerikaner f\u00f6r v\u00e4nskap, n\u00f6je och kulturellt utbyte.<\/p>\n<p>Plattformar som StrangerCam g\u00f6r det enkelt: gratis, omedelbara och s\u00e4kra videosamtal med riktiga m\u00e4nniskor i USA. Ingen registrering, inga dolda avgifter - bara spontana kontakter med amerikaner med ett klick p\u00e5 en knapp.<\/p>\n<p>\u00c4r du redo att tr\u00e4ffa n\u00e5gon ny? Starta ditt amerikanska slumpm\u00e4ssiga videosamtal idag och se vem du kommer att f\u00e5 kontakt med n\u00e4sta g\u00e5ng.<\/p>","protected":false},"excerpt":{"rendered":"<p>Looking for an American random video call platform? You\u2019re in the right place. In 2025, thousands of people search for ways to connect instantly with strangers in the United States\u2014whether to make new friends, enjoy casual conversations, or simply explore American culture online. Unlike traditional dating apps or social networks, random video call platforms let [&hellip;]<\/p>\n","protected":false},"author":8,"featured_media":0,"parent":0,"menu_order":0,"comment_status":"closed","ping_status":"closed","template":"","meta":{"footnotes":""},"class_list":["post-12254","page","type-page","status-publish","hentry"],"yoast_head":"<!-- This site is optimized with the Yoast SEO plugin v27.4 - https:\/\/yoast.com\/product\/yoast-seo-wordpress\/ -->\n<title>American Random Video Call with Video Chat on Strangercam.com<\/title>\n<meta name=\"description\" content=\"Liking American Random Video Call? Join millions on StrangerCam.com! Start a random video chat, turn on your cam, and meet strangers instantly.\" \/>\n<meta name=\"robots\" content=\"index, follow, max-snippet:-1, max-image-preview:large, max-video-preview:-1\" \/>\n<link rel=\"canonical\" href=\"https:\/\/strangercam.com\/sv\/amerikanskt-slumpmassigt-videosamtal\/\" \/>\n<meta property=\"og:locale\" content=\"sv_SE\" \/>\n<meta property=\"og:type\" content=\"article\" \/>\n<meta property=\"og:title\" content=\"American Random Video Call with Video Chat on Strangercam.com\" \/>\n<meta property=\"og:description\" content=\"Liking American Random Video Call? Join millions on StrangerCam.com! Start a random video chat, turn on your cam, and meet strangers instantly.\" \/>\n<meta property=\"og:url\" content=\"https:\/\/strangercam.com\/sv\/amerikanskt-slumpmassigt-videosamtal\/\" \/>\n<meta property=\"og:site_name\" content=\"Strangercam\" \/>\n<meta property=\"article:publisher\" content=\"https:\/\/www.facebook.com\/strangercam\" \/>\n<meta property=\"article:modified_time\" content=\"2025-09-29T10:07:57+00:00\" \/>\n<meta property=\"og:image\" content=\"https:\/\/strangercam.com\/wp-content\/uploads\/2021\/10\/Untitled-2.png\" \/>\n\t<meta property=\"og:image:width\" content=\"800\" \/>\n\t<meta property=\"og:image:height\" content=\"532\" \/>\n\t<meta property=\"og:image:type\" content=\"image\/png\" \/>\n<meta name=\"twitter:card\" content=\"summary_large_image\" \/>\n<meta name=\"twitter:site\" content=\"@strangercamapp\" \/>\n<meta name=\"twitter:label1\" content=\"Ber\u00e4knad l\u00e4stid\" \/>\n\t<meta name=\"twitter:data1\" content=\"4 minuter\" \/>\n<script type=\"application\/ld+json\" class=\"yoast-schema-graph\">{\"@context\":\"https:\\\/\\\/schema.org\",\"@graph\":[{\"@type\":\"WebPage\",\"@id\":\"https:\\\/\\\/strangercam.com\\\/american-random-video-call\\\/\",\"url\":\"https:\\\/\\\/strangercam.com\\\/american-random-video-call\\\/\",\"name\":\"American Random Video Call with Video Chat on Strangercam.com\",\"isPartOf\":{\"@id\":\"https:\\\/\\\/strangercam.com\\\/#website\"},\"datePublished\":\"2025-09-29T08:09:11+00:00\",\"dateModified\":\"2025-09-29T10:07:57+00:00\",\"description\":\"Liking American Random Video Call? Join millions on StrangerCam.com! Start a random video chat, turn on your cam, and meet strangers instantly.\",\"breadcrumb\":{\"@id\":\"https:\\\/\\\/strangercam.com\\\/american-random-video-call\\\/#breadcrumb\"},\"inLanguage\":\"sv-SE\",\"potentialAction\":[{\"@type\":\"ReadAction\",\"target\":[\"https:\\\/\\\/strangercam.com\\\/american-random-video-call\\\/\"]}]},{\"@type\":\"BreadcrumbList\",\"@id\":\"https:\\\/\\\/strangercam.com\\\/american-random-video-call\\\/#breadcrumb\",\"itemListElement\":[{\"@type\":\"ListItem\",\"position\":1,\"name\":\"Home\",\"item\":\"https:\\\/\\\/strangercam.com\\\/\"},{\"@type\":\"ListItem\",\"position\":2,\"name\":\"American Random Video Call\"}]},{\"@type\":\"WebSite\",\"@id\":\"https:\\\/\\\/strangercam.com\\\/#website\",\"url\":\"https:\\\/\\\/strangercam.com\\\/\",\"name\":\"Strangercam\",\"description\":\"Random Video Chat with Strangers\",\"publisher\":{\"@id\":\"https:\\\/\\\/strangercam.com\\\/#organization\"},\"alternateName\":\"Strangercam.com\",\"potentialAction\":[{\"@type\":\"SearchAction\",\"target\":{\"@type\":\"EntryPoint\",\"urlTemplate\":\"https:\\\/\\\/strangercam.com\\\/?s={search_term_string}\"},\"query-input\":{\"@type\":\"PropertyValueSpecification\",\"valueRequired\":true,\"valueName\":\"search_term_string\"}}],\"inLanguage\":\"sv-SE\"},{\"@type\":\"Organization\",\"@id\":\"https:\\\/\\\/strangercam.com\\\/#organization\",\"name\":\"Strangercam\",\"alternateName\":\"Strangercam.com\",\"url\":\"https:\\\/\\\/strangercam.com\\\/\",\"logo\":{\"@type\":\"ImageObject\",\"inLanguage\":\"sv-SE\",\"@id\":\"https:\\\/\\\/strangercam.com\\\/#\\\/schema\\\/logo\\\/image\\\/\",\"url\":\"https:\\\/\\\/strangercam.com\\\/wp-content\\\/uploads\\\/2020\\\/11\\\/cropped-new-favicon-black.png\",\"contentUrl\":\"https:\\\/\\\/strangercam.com\\\/wp-content\\\/uploads\\\/2020\\\/11\\\/cropped-new-favicon-black.png\",\"width\":512,\"height\":512,\"caption\":\"Strangercam\"},\"image\":{\"@id\":\"https:\\\/\\\/strangercam.com\\\/#\\\/schema\\\/logo\\\/image\\\/\"},\"sameAs\":[\"https:\\\/\\\/www.facebook.com\\\/strangercam\",\"https:\\\/\\\/x.com\\\/strangercamapp\"]}]}<\/script>\n<!-- \/ Yoast SEO plugin. -->","yoast_head_json":{"title":"Amerikanskt slumpm\u00e4ssigt videosamtal med videochatt p\u00e5 Strangercam.com","description":"Gillar du amerikanskt slumpm\u00e4ssigt videosamtal? Join miljoner p\u00e5 StrangerCam.com! Starta en slumpm\u00e4ssig videochatt, sl\u00e5 p\u00e5 din cam och tr\u00e4ffa fr\u00e4mlingar direkt.","robots":{"index":"index","follow":"follow","max-snippet":"max-snippet:-1","max-image-preview":"max-image-preview:large","max-video-preview":"max-video-preview:-1"},"canonical":"https:\/\/strangercam.com\/sv\/amerikanskt-slumpmassigt-videosamtal\/","og_locale":"sv_SE","og_type":"article","og_title":"American Random Video Call with Video Chat on Strangercam.com","og_description":"Liking American Random Video Call? Join millions on StrangerCam.com! Start a random video chat, turn on your cam, and meet strangers instantly.","og_url":"https:\/\/strangercam.com\/sv\/amerikanskt-slumpmassigt-videosamtal\/","og_site_name":"Strangercam","article_publisher":"https:\/\/www.facebook.com\/strangercam","article_modified_time":"2025-09-29T10:07:57+00:00","og_image":[{"width":800,"height":532,"url":"https:\/\/strangercam.com\/wp-content\/uploads\/2021\/10\/Untitled-2.png","type":"image\/png"}],"twitter_card":"summary_large_image","twitter_site":"@strangercamapp","twitter_misc":{"Ber\u00e4knad l\u00e4stid":"4 minuter"},"schema":{"@context":"https:\/\/schema.org","@graph":[{"@type":"WebPage","@id":"https:\/\/strangercam.com\/american-random-video-call\/","url":"https:\/\/strangercam.com\/american-random-video-call\/","name":"Amerikanskt slumpm\u00e4ssigt videosamtal med videochatt p\u00e5 Strangercam.com","isPartOf":{"@id":"https:\/\/strangercam.com\/#website"},"datePublished":"2025-09-29T08:09:11+00:00","dateModified":"2025-09-29T10:07:57+00:00","description":"Gillar du amerikanskt slumpm\u00e4ssigt videosamtal? Join miljoner p\u00e5 StrangerCam.com! Starta en slumpm\u00e4ssig videochatt, sl\u00e5 p\u00e5 din cam och tr\u00e4ffa fr\u00e4mlingar direkt.","breadcrumb":{"@id":"https:\/\/strangercam.com\/american-random-video-call\/#breadcrumb"},"inLanguage":"sv-SE","potentialAction":[{"@type":"ReadAction","target":["https:\/\/strangercam.com\/american-random-video-call\/"]}]},{"@type":"BreadcrumbList","@id":"https:\/\/strangercam.com\/american-random-video-call\/#breadcrumb","itemListElement":[{"@type":"ListItem","position":1,"name":"Home","item":"https:\/\/strangercam.com\/"},{"@type":"ListItem","position":2,"name":"American Random Video Call"}]},{"@type":"WebSite","@id":"https:\/\/strangercam.com\/#website","url":"https:\/\/strangercam.com\/","name":"Strangercam","description":"Slumpm\u00e4ssig videochatt med fr\u00e4mlingar","publisher":{"@id":"https:\/\/strangercam.com\/#organization"},"alternateName":"Strangercam.com","potentialAction":[{"@type":"SearchAction","target":{"@type":"EntryPoint","urlTemplate":"https:\/\/strangercam.com\/?s={search_term_string}"},"query-input":{"@type":"PropertyValueSpecification","valueRequired":true,"valueName":"search_term_string"}}],"inLanguage":"sv-SE"},{"@type":"Organization","@id":"https:\/\/strangercam.com\/#organization","name":"Strangercam","alternateName":"Strangercam.com","url":"https:\/\/strangercam.com\/","logo":{"@type":"ImageObject","inLanguage":"sv-SE","@id":"https:\/\/strangercam.com\/#\/schema\/logo\/image\/","url":"https:\/\/strangercam.com\/wp-content\/uploads\/2020\/11\/cropped-new-favicon-black.png","contentUrl":"https:\/\/strangercam.com\/wp-content\/uploads\/2020\/11\/cropped-new-favicon-black.png","width":512,"height":512,"caption":"Strangercam"},"image":{"@id":"https:\/\/strangercam.com\/#\/schema\/logo\/image\/"},"sameAs":["https:\/\/www.facebook.com\/strangercam","https:\/\/x.com\/strangercamapp"]}]}},"_links":{"self":[{"href":"https:\/\/strangercam.com\/sv\/wp-json\/wp\/v2\/pages\/12254","targetHints":{"allow":["GET"]}}],"collection":[{"href":"https:\/\/strangercam.com\/sv\/wp-json\/wp\/v2\/pages"}],"about":[{"href":"https:\/\/strangercam.com\/sv\/wp-json\/wp\/v2\/types\/page"}],"author":[{"embeddable":true,"href":"https:\/\/strangercam.com\/sv\/wp-json\/wp\/v2\/users\/8"}],"replies":[{"embeddable":true,"href":"https:\/\/strangercam.com\/sv\/wp-json\/wp\/v2\/comments?post=12254"}],"version-history":[{"count":2,"href":"https:\/\/strangercam.com\/sv\/wp-json\/wp\/v2\/pages\/12254\/revisions"}],"predecessor-version":[{"id":13051,"href":"https:\/\/strangercam.com\/sv\/wp-json\/wp\/v2\/pages\/12254\/revisions\/13051"}],"wp:attachment":[{"href":"https:\/\/strangercam.com\/sv\/wp-json\/wp\/v2\/media?parent=12254"}],"curies":[{"name":"wp","href":"https:\/\/api.w.org\/{rel}","templated":true}]}}