{"id":11954,"date":"2025-07-24T09:21:22","date_gmt":"2025-07-24T07:21:22","guid":{"rendered":"https:\/\/strangercam.com\/?page_id=11954"},"modified":"2025-07-24T09:26:04","modified_gmt":"2025-07-24T07:26:04","slug":"luckycrush","status":"publish","type":"page","link":"https:\/\/strangercam.com\/sv\/luckycrush\/","title":{"rendered":"LuckyCrush"},"content":{"rendered":"<p>I en v\u00e4rld av o\u00e4ndliga svepningar och ytliga textchattar skakar plattformar som LuckyCrush om n\u00e4tdejting och slumpm\u00e4ssiga videochattar genom att fokusera p\u00e5 live, en-mot-en-anslutningar med fr\u00e4mlingar av motsatt k\u00f6n. LuckyCrush \u00e4r inte bara en annan <a href=\"https:\/\/strangercam.com\/sv\/bazoocam\/\">kam<\/a> Det \u00e4r en unik, spelifierad plattform som \u00e4r utformad f\u00f6r att para ihop m\u00e4n med kvinnor (och vice versa) fr\u00e5n hela v\u00e4rlden f\u00f6r omedelbara, privata videosamtal som ofta suddar ut gr\u00e4nserna mellan speed dating och flirt. <a href=\"https:\/\/strangercam.com\/sv\/chatroulette\/\">roulette<\/a>.<\/p>\n<p>Men \u00e4r LuckyCrush den verkliga aff\u00e4ren? Hur fungerar det, vem \u00e4r det f\u00f6r, och \u00e4r det v\u00e4rt din tid och pengar? Denna djupg\u00e5ende granskning t\u00e4cker allt du beh\u00f6ver veta om LuckyCrush 2025: dess funktioner, anv\u00e4ndarbas, priss\u00e4ttning, s\u00e4kerhet och hur det st\u00e5r sig mot den v\u00e4xande m\u00e4ngden videochattwebbplatser.<\/p>\n<h2>Vad \u00e4r LuckyCrush?<\/h2>\n<p>LuckyCrush \u00e4r en innovativ slumpm\u00e4ssig videochattwebbplats som kopplar samman m\u00e4n och kvinnor i live, privata, en-mot-en videosamtal. Till skillnad fr\u00e5n de flesta slumpm\u00e4ssiga chattplattformar som matchar vem som helst med vem som helst, kopplar LuckyCrush bara ihop m\u00e4n med kvinnor och kvinnor med m\u00e4n, vilket skapar en milj\u00f6 som \u00e4r lika delar flirt, dejting och kul.<\/p>\n<p>Plattformen \u00e4r webbl\u00e4sarbaserad, fungerar globalt och lovar omedelbar \u00e5tkomst - ingen l\u00e5ngvarig registrering, ingen swipning och inga profiler att fylla i. Oavsett om du s\u00f6ker en snabb flirt, en ny v\u00e4n eller till och med en digital romans, levererar LuckyCrush en modern variant av speed dating med realtidsvideo.<\/p>\n<h2>Vad \u00e4r syftet med LuckyCrush?<\/h2>\n<p>LuckyCrush skapades f\u00f6r att ta itu med tv\u00e5 stora luckor i onlinechatt- och dejtingv\u00e4rlden:<\/p>\n<ul>\n<li>Avsaknaden av \u00e4kta matchning mellan m\u00e4n och kvinnor p\u00e5 de flesta slumpm\u00e4ssiga chattwebbplatser<\/li>\n<li>Efterfr\u00e5gan p\u00e5 spontan, oskriptad och personlig videointeraktion<\/li>\n<\/ul>\n<p>Dess uppdrag \u00e4r att g\u00f6ra det snabbt och enkelt att tr\u00e4ffa och flirta med singlar \u00f6ver hela v\u00e4rlden, i ett format som k\u00e4nns som en korsning mellan speed dating och den ursprungliga chat roulette - men skr\u00e4ddarsytt f\u00f6r m\u00e4nniskor som letar efter kemi, inte bara avslappnade samtal.<\/p>\n<p>Oavsett om du vill ha kul, flirta, \u00f6va p\u00e5 ett annat spr\u00e5k eller skapa nya kontakter fr\u00e5n olika kulturer, g\u00f6r LuckyCrush det m\u00f6jligt p\u00e5 n\u00e5gra sekunder.<\/p>\n<h2>Viktiga funktioner<\/h2>\n<p>1. En-till-en videochatt, alltid man-kvinna<br \/>\nLuckyCrushs k\u00e4rnfunktion \u00e4r dess algoritm f\u00f6r k\u00f6nsparning: m\u00e4n matchas alltid med kvinnor och vice versa. Detta \u00e4r unikt bland <a href=\"https:\/\/strangercam.com\/sv\/chatt-mellan-kameror\/\">kam chatt<\/a> plattformar och bidrar till att uppr\u00e4tth\u00e5lla balans och engagemang.<\/p>\n<p>2. Omedelbar matchning, ingen registrering kr\u00e4vs<br \/>\nDu kan b\u00f6rja chatta omedelbart efter att du har valt k\u00f6n. Processen \u00e4r omedelbar och anonym - ingen l\u00e5ngvarig registrering eller verifiering beh\u00f6vs.<\/p>\n<p>3. Snabb hoppning och slumpm\u00e4ssig parning<br \/>\nOm du inte klickar med din matchning \u00e4r det bara att klicka p\u00e5 \"N\u00e4sta\" f\u00f6r en ny anslutning. Det finns inget straff f\u00f6r att hoppa \u00f6ver och ingen v\u00e4ntan i k\u00f6er.<\/p>\n<p>4. Global r\u00e4ckvidd<br \/>\nLuckyCrush \u00e4r verkligen internationellt och kopplar samman m\u00e4nniskor fr\u00e5n \u00f6ver 100 l\u00e4nder. Detta g\u00f6r det till en utm\u00e4rkt plats f\u00f6r tv\u00e4rkulturella konversationer, spr\u00e5kutbyte eller bara f\u00f6r att se hur dejting \u00e4r i andra delar av v\u00e4rlden.<\/p>\n<p>5. Inbyggd textchatt<br \/>\nF\u00f6rutom video kan du ocks\u00e5 skicka textmeddelanden i chattf\u00f6nstret. Detta \u00e4r anv\u00e4ndbart f\u00f6r att bryta isen, dela l\u00e4nkar eller kommunicera p\u00e5 ett annat spr\u00e5k.<\/p>\n<p>6. Anonymitet och integritet<br \/>\nDu beh\u00f6ver aldrig uppge ditt riktiga namn, din e-postadress eller andra personuppgifter. Endast din webbkamera kr\u00e4vs, och du f\u00f6rblir anonym tills du v\u00e4ljer att dela med dig av mer.<\/p>\n<p>7. Betalda och kostnadsfria alternativ<br \/>\nNya anv\u00e4ndare f\u00e5r gratis provminuter f\u00f6r att testa plattformen. Efter det kr\u00e4ver fortsatt chatt att man k\u00f6per krediter eller minuter, vilket g\u00f6r LuckyCrush till en tj\u00e4nst som betalar per minut efter den f\u00f6rsta pr\u00f6vningen.<\/p>\n<h2>\u00c4r LuckyCrush gratis?<\/h2>\n<p>LuckyCrush \u00e4r gratis att prova - alla nya anv\u00e4ndare f\u00e5r n\u00e5gra minuters gratis chatttid f\u00f6r att uppleva plattformen. Men f\u00f6r att forts\u00e4tta chatta efter testperioden m\u00e5ste anv\u00e4ndarna k\u00f6pa krediter, som spenderas per minut under videochattar.<\/p>\n<p>Plattformens priss\u00e4ttningsmodell s\u00e4kerst\u00e4ller \u00e4kta anv\u00e4ndare och motverkar bots, spam och trolling. Betalda funktioner inkluderar:<\/p>\n<ul>\n<li>Fortsatt videochatt efter testperioden<\/li>\n<li>Obegr\u00e4nsad tillg\u00e5ng till nya t\u00e4ndstickor<\/li>\n<li>Matchning med h\u00f6gre prioritet<\/li>\n<\/ul>\n<p>Priserna \u00e4r konkurrenskraftiga f\u00f6r branschen och visas tydligt p\u00e5 webbplatsen. Det finns ofta bonuspaket och s\u00e4songsbetonade erbjudanden f\u00f6r extra v\u00e4rde.<\/p>\n<h2>Vem anv\u00e4nder LuckyCrush?<\/h2>\n<p>LuckyCrush har snabbt vuxit till en m\u00e5ngsidig, internationell anv\u00e4ndarbas som inkluderar:<\/p>\n<ul>\n<li>M\u00e4n och kvinnor, 18-40 \u00e5r (majoriteten \u00e4r 18-35 \u00e5r)<\/li>\n<li>Anv\u00e4ndare fr\u00e5n Nordamerika, Europa, Sydamerika, Indien, Turkiet, Sydostasien m.fl.<\/li>\n<li>M\u00e4nniskor som s\u00f6ker roliga, flirtiga eller till och med romantiska videom\u00f6ten<\/li>\n<li>Spr\u00e5kinl\u00e4rare, resen\u00e4rer och de som \u00e4r nyfikna p\u00e5 andra kulturer<\/li>\n<\/ul>\n<p>LuckyCrush \u00e4r s\u00e4rskilt tilltalande f\u00f6r singlar, expats och m\u00e4nniskor som letar efter en upplevelse som blandar speed dating och sp\u00e4nningen i slumpm\u00e4ssig, levande interaktion. Eftersom m\u00e4n och kvinnor alltid paras ihop \u00e4r k\u00f6nsf\u00f6rdelningen mer balanserad \u00e4n p\u00e5 de flesta slumpm\u00e4ssiga cam-sidor.<\/p>\n<h2>S\u00e4kerhet, integritet och moderering<\/h2>\n<p>LuckyCrush \u00e4r utformad f\u00f6r att vara s\u00e5 s\u00e4ker och privat som m\u00f6jligt f\u00f6r en live cam-plattform:<\/p>\n<h3>Integritet<\/h3>\n<ul>\n<li>Inga namn, e-postmeddelanden eller sociala konton kr\u00e4vs<\/li>\n<li>Endast tillg\u00e5ng till webbkamera\/mikrofon kr\u00e4vs f\u00f6r att chatta<\/li>\n<li>Ingen profil skapas om du inte vill spara matchningar<\/li>\n<\/ul>\n<h3>Moderering<\/h3>\n<ul>\n<li>Rapport- och blockeringsverktyg finns alltid tillg\u00e4ngliga<\/li>\n<li>M\u00e4nsklig moderering hj\u00e4lper till att ta bort missbrukande, skr\u00e4ppostande eller falska anv\u00e4ndare<\/li>\n<li>Gemenskapens riktlinjer fr\u00e4mjar respektfullt flirtande och positivt beteende<\/li>\n<li>Kvinnliga anv\u00e4ndare drar s\u00e4rskilt nytta av extra s\u00e4kerhetsverktyg f\u00f6r att blockera eller rapportera trakasserier<\/li>\n<\/ul>\n<h3>Anv\u00e4ndarkontroll<\/h3>\n<ul>\n<li>Hoppa \u00f6ver eller avsluta en chatt direkt<\/li>\n<li>Dela med dig av s\u00e5 mycket eller s\u00e5 lite personlig information som du vill<\/li>\n<li>Kontrollera kamera- och mikrofonbeh\u00f6righeter hela tiden<\/li>\n<\/ul>\n<p>LuckyCrush \u00e4r endast f\u00f6r vuxna (18+), och anv\u00e4ndare uppmanas att aldrig dela k\u00e4nslig information eller flytta till andra plattformar f\u00f6rr\u00e4n de \u00e4r bekv\u00e4ma.<\/p>\n<h2>Anv\u00e4ndarupplevelse och design<\/h2>\n<p>LuckyCrush \u00e4r en av de mest polerade och anv\u00e4ndarv\u00e4nliga slumpm\u00e4ssiga videochattwebbplatserna:<\/p>\n<ul>\n<li>Hemsidan har en tydlig startknapp och val av k\u00f6n<\/li>\n<li>Videochattf\u00f6nstren \u00e4r stora och responsiva och fungerar i b\u00e5de station\u00e4ra och mobila webbl\u00e4sare<\/li>\n<li>Kontrollerna f\u00f6r att hoppa \u00f6ver, st\u00e4nga av, rapportera och avsluta chattar \u00e4r intuitiva och l\u00e4tta att hitta<\/li>\n<li>Minimala laddningstider och n\u00e4stan omedelbar matchning mellan anv\u00e4ndare<\/li>\n<li>Enkel, \u00f6versk\u00e5dlig layout med tydlig prisinformation och hj\u00e4lpresurser<\/li>\n<\/ul>\n<p>Webbplatsen \u00e4r optimerad f\u00f6r hastighet och integritet, utan irriterande annonser eller popup-f\u00f6nster som saktar ner dig.<\/p>\n<h2>LuckyCrush vs andra webbplatser f\u00f6r videochatt<\/h2>\n<p>Hur \u00e4r LuckyCrush j\u00e4mf\u00f6rt med andra b\u00e4sta cam chatt och slumpm\u00e4ssiga video dejtingsidor?<\/p>\n<table>\n<thead>\n<tr>\n<th>Funktion<\/th>\n<th>LuckyCrush<\/th>\n<th><a href=\"https:\/\/strangercam.com\/sv\/omegle\/\">Omegle<\/a> (st\u00e4ngd)<\/th>\n<th>Chatrandom<\/th>\n<th><a href=\"https:\/\/strangercam.com\/sv\/coomeet\/\">CooMeet<\/a><\/th>\n<th>Chatspin<\/th>\n<\/tr>\n<\/thead>\n<tbody>\n<tr>\n<td>Matchning av k\u00f6n<\/td>\n<td>Ja<\/td>\n<td>Nej<\/td>\n<td>Nej<\/td>\n<td>Ja<\/td>\n<td>Ja<\/td>\n<\/tr>\n<tr>\n<td>Registrering kr\u00e4vs<\/td>\n<td>Nej<\/td>\n<td>Nej<\/td>\n<td>Valfritt<\/td>\n<td>Ja<\/td>\n<td>Valfritt<\/td>\n<\/tr>\n<tr>\n<td>Gratis att anv\u00e4nda<\/td>\n<td>Endast provperiod<\/td>\n<td>Ja<\/td>\n<td>Ja\/betald<\/td>\n<td>Endast provperiod<\/td>\n<td>Ja\/betald<\/td>\n<\/tr>\n<tr>\n<td>En-till-en videochatt<\/td>\n<td>Ja<\/td>\n<td>Ja<\/td>\n<td>Ja<\/td>\n<td>Ja<\/td>\n<td>Ja<\/td>\n<\/tr>\n<tr>\n<td>Internationell t\u00e4ckning<\/td>\n<td>Ja<\/td>\n<td>Ja<\/td>\n<td>Ja<\/td>\n<td>Ja<\/td>\n<td>Ja<\/td>\n<\/tr>\n<tr>\n<td>Betalda uppgraderingar<\/td>\n<td>Ja<\/td>\n<td>Nej<\/td>\n<td>Ja<\/td>\n<td>Ja<\/td>\n<td>Ja<\/td>\n<\/tr>\n<tr>\n<td>Modereringsverktyg<\/td>\n<td>Stark<\/td>\n<td>Grundl\u00e4ggande<\/td>\n<td>M\u00e5ttlig<\/td>\n<td>Stark<\/td>\n<td>M\u00e5ttlig<\/td>\n<\/tr>\n<\/tbody>\n<\/table>\n<p>Sammanfattning: LuckyCrush sticker ut med sin videomatchning mellan m\u00e4n och kvinnor, sin minutbetalningsstruktur och sin design p\u00e5 premiumniv\u00e5, och erbjuder en annan upplevelse \u00e4n webbplatser som helt enkelt kopplar ihop vem som helst med vem som helst.<\/p>\n<h2>F\u00f6r- och nackdelar<\/h2>\n<p>F\u00f6rdelar:<\/p>\n<ul>\n<li>Matchning av videochatt mellan m\u00e4n och kvinnor, perfekt f\u00f6r flirt<\/li>\n<li>Gratis provperiod f\u00f6r att testa plattformen<\/li>\n<li>Global r\u00e4ckvidd med m\u00e5nga olika anv\u00e4ndare<\/li>\n<li>Ingen registrering eller personuppgifter kr\u00e4vs<\/li>\n<li>Modern, responsiv design f\u00f6r dator och mobil<\/li>\n<li>Starka s\u00e4kerhets- och rapporteringsfunktioner<\/li>\n<\/ul>\n<p>Nackdelar:<\/p>\n<ul>\n<li>Fortsatt anv\u00e4ndning kr\u00e4ver betalda krediter (betala per minut)<\/li>\n<li>Ingen parning av samma k\u00f6n (f\u00f6r n\u00e4rvarande endast man-kvinna)<\/li>\n<li>Inga profiler eller v\u00e4nlistor f\u00f6r uppf\u00f6ljning<\/li>\n<li>Vissa anv\u00e4ndare kan l\u00e4mna chattar snabbt eller hoppa \u00f6ver ofta<\/li>\n<li>M\u00e5ste vara 18+ f\u00f6r att delta<\/li>\n<\/ul>\n<h2>Idealiska anv\u00e4ndningsfall<\/h2>\n<p>LuckyCrush \u00e4r perfekt f\u00f6r:<\/p>\n<ul>\n<li>Singlar som letar efter omedelbar video speed dating eller flirta<\/li>\n<li>Vuxna som vill tr\u00e4ffa m\u00e4nniskor fr\u00e5n andra kulturer i realtid<\/li>\n<li>Spr\u00e5kinl\u00e4rare och resen\u00e4rer som \u00e4r intresserade av global chatt<\/li>\n<li>Anv\u00e4ndare som v\u00e4rdes\u00e4tter integritet, spontanitet och direktkontakt med m\u00e4nniskor<\/li>\n<\/ul>\n<p>Det \u00e4r mindre idealiskt f\u00f6r:<\/p>\n<ul>\n<li>M\u00e4nniskor som s\u00f6ker helt gratis, obegr\u00e4nsad chatt<\/li>\n<li>Anv\u00e4ndare som \u00e4r obekv\u00e4ma med video eller att vara framf\u00f6r kameran<\/li>\n<li>De som s\u00f6ker l\u00e5ngsiktig, profilbaserad dejting<\/li>\n<li>Anv\u00e4ndare under 18 \u00e5r (endast vuxna)<\/li>\n<\/ul>\n<p>LuckyCrush \u00e4r en utstickare i nischen f\u00f6r slumpm\u00e4ssig videochatt och dejting, och erbjuder en unik blandning av hastighet, integritet och \u00e4kta flirt. Genom att fokusera p\u00e5 parning mellan m\u00e4n och kvinnor och leverera en polerad, s\u00e4ker anv\u00e4ndarupplevelse lyckas den d\u00e4r m\u00e5nga generiska cam-chattplattformar misslyckas.<\/p>\n<p>Med omedelbar tillg\u00e5ng, global t\u00e4ckning och ett r\u00e4ttvist testsystem \u00e4r LuckyCrush absolut v\u00e4rt ett f\u00f6rs\u00f6k f\u00f6r alla som \u00e4r intresserade av snabba, flirtiga och autentiska onlinef\u00f6rbindelser 2025. Om du \u00e4r tr\u00f6tt p\u00e5 o\u00e4ndliga svepningar och vill uppleva verklig kemi ansikte mot ansikte, \u00e4r detta en av de b\u00e4sta plattformarna som finns tillg\u00e4ngliga idag.<\/p>","protected":false},"excerpt":{"rendered":"<p>In a world of endless swiping and shallow text chats, platforms like LuckyCrush are shaking up online dating and random video chat by focusing on live, one-on-one connections with strangers of the opposite sex. LuckyCrush isn\u2019t just another cam chat site\u2014it\u2019s a unique, gamified platform designed to pair men with women (and vice versa) from [&hellip;]<\/p>\n","protected":false},"author":6,"featured_media":0,"parent":0,"menu_order":0,"comment_status":"closed","ping_status":"closed","template":"","meta":{"footnotes":""},"class_list":["post-11954","page","type-page","status-publish","hentry"],"yoast_head":"<!-- This site is optimized with the Yoast SEO plugin v26.9 - https:\/\/yoast.com\/product\/yoast-seo-wordpress\/ -->\n<title>LuckyCrush - Live Video Chat with Random People - StrangerCam<\/title>\n<meta name=\"description\" content=\"Like LuckyCrush? Come chat with more than 5.000.000 strangers on Stranger Cam for Free! Turn on your cam and find new friends &amp; maby a match!\" \/>\n<meta name=\"robots\" content=\"index, follow, max-snippet:-1, max-image-preview:large, max-video-preview:-1\" \/>\n<link rel=\"canonical\" href=\"https:\/\/strangercam.com\/sv\/luckycrush\/\" \/>\n<meta property=\"og:locale\" content=\"sv_SE\" \/>\n<meta property=\"og:type\" content=\"article\" \/>\n<meta property=\"og:title\" content=\"LuckyCrush - Live Video Chat with Random People - StrangerCam\" \/>\n<meta property=\"og:description\" content=\"Like LuckyCrush? Come chat with more than 5.000.000 strangers on Stranger Cam for Free! Turn on your cam and find new friends &amp; maby a match!\" \/>\n<meta property=\"og:url\" content=\"https:\/\/strangercam.com\/sv\/luckycrush\/\" \/>\n<meta property=\"og:site_name\" content=\"Strangercam\" \/>\n<meta property=\"article:publisher\" content=\"https:\/\/www.facebook.com\/strangercam\" \/>\n<meta property=\"article:modified_time\" content=\"2025-07-24T07:26:04+00:00\" \/>\n<meta property=\"og:image\" content=\"https:\/\/strangercam.com\/wp-content\/uploads\/2021\/10\/Untitled-2.png\" \/>\n\t<meta property=\"og:image:width\" content=\"800\" \/>\n\t<meta property=\"og:image:height\" content=\"532\" \/>\n\t<meta property=\"og:image:type\" content=\"image\/png\" \/>\n<meta name=\"twitter:card\" content=\"summary_large_image\" \/>\n<meta name=\"twitter:site\" content=\"@strangercamapp\" \/>\n<meta name=\"twitter:label1\" content=\"Ber\u00e4knad l\u00e4stid\" \/>\n\t<meta name=\"twitter:data1\" content=\"6 minuter\" \/>\n<script type=\"application\/ld+json\" class=\"yoast-schema-graph\">{\"@context\":\"https:\/\/schema.org\",\"@graph\":[{\"@type\":\"WebPage\",\"@id\":\"https:\/\/strangercam.com\/luckycrush\/\",\"url\":\"https:\/\/strangercam.com\/luckycrush\/\",\"name\":\"LuckyCrush - Live Video Chat with Random People - StrangerCam\",\"isPartOf\":{\"@id\":\"https:\/\/strangercam.com\/#website\"},\"datePublished\":\"2025-07-24T07:21:22+00:00\",\"dateModified\":\"2025-07-24T07:26:04+00:00\",\"description\":\"Like LuckyCrush? Come chat with more than 5.000.000 strangers on Stranger Cam for Free! Turn on your cam and find new friends & maby a match!\",\"breadcrumb\":{\"@id\":\"https:\/\/strangercam.com\/luckycrush\/#breadcrumb\"},\"inLanguage\":\"sv-SE\",\"potentialAction\":[{\"@type\":\"ReadAction\",\"target\":[\"https:\/\/strangercam.com\/luckycrush\/\"]}]},{\"@type\":\"BreadcrumbList\",\"@id\":\"https:\/\/strangercam.com\/luckycrush\/#breadcrumb\",\"itemListElement\":[{\"@type\":\"ListItem\",\"position\":1,\"name\":\"Home\",\"item\":\"https:\/\/strangercam.com\/\"},{\"@type\":\"ListItem\",\"position\":2,\"name\":\"LuckyCrush\"}]},{\"@type\":\"WebSite\",\"@id\":\"https:\/\/strangercam.com\/#website\",\"url\":\"https:\/\/strangercam.com\/\",\"name\":\"Strangercam\",\"description\":\"Random Video Chat with Strangers\",\"publisher\":{\"@id\":\"https:\/\/strangercam.com\/#organization\"},\"alternateName\":\"Strangercam.com\",\"potentialAction\":[{\"@type\":\"SearchAction\",\"target\":{\"@type\":\"EntryPoint\",\"urlTemplate\":\"https:\/\/strangercam.com\/?s={search_term_string}\"},\"query-input\":{\"@type\":\"PropertyValueSpecification\",\"valueRequired\":true,\"valueName\":\"search_term_string\"}}],\"inLanguage\":\"sv-SE\"},{\"@type\":\"Organization\",\"@id\":\"https:\/\/strangercam.com\/#organization\",\"name\":\"Strangercam\",\"alternateName\":\"Strangercam.com\",\"url\":\"https:\/\/strangercam.com\/\",\"logo\":{\"@type\":\"ImageObject\",\"inLanguage\":\"sv-SE\",\"@id\":\"https:\/\/strangercam.com\/#\/schema\/logo\/image\/\",\"url\":\"https:\/\/strangercam.com\/wp-content\/uploads\/2020\/11\/cropped-new-favicon-black.png\",\"contentUrl\":\"https:\/\/strangercam.com\/wp-content\/uploads\/2020\/11\/cropped-new-favicon-black.png\",\"width\":512,\"height\":512,\"caption\":\"Strangercam\"},\"image\":{\"@id\":\"https:\/\/strangercam.com\/#\/schema\/logo\/image\/\"},\"sameAs\":[\"https:\/\/www.facebook.com\/strangercam\",\"https:\/\/x.com\/strangercamapp\"]}]}<\/script>\n<!-- \/ Yoast SEO plugin. -->","yoast_head_json":{"title":"LuckyCrush - Live videochatt med slumpm\u00e4ssiga m\u00e4nniskor - StrangerCam","description":"Gillar du LuckyCrush? Kom och chatta med mer \u00e4n 5.000.000 fr\u00e4mlingar p\u00e5 Stranger Cam helt gratis! Sl\u00e5 p\u00e5 din kamera och hitta nya v\u00e4nner och kanske en match!","robots":{"index":"index","follow":"follow","max-snippet":"max-snippet:-1","max-image-preview":"max-image-preview:large","max-video-preview":"max-video-preview:-1"},"canonical":"https:\/\/strangercam.com\/sv\/luckycrush\/","og_locale":"sv_SE","og_type":"article","og_title":"LuckyCrush - Live Video Chat with Random People - StrangerCam","og_description":"Like LuckyCrush? Come chat with more than 5.000.000 strangers on Stranger Cam for Free! Turn on your cam and find new friends & maby a match!","og_url":"https:\/\/strangercam.com\/sv\/luckycrush\/","og_site_name":"Strangercam","article_publisher":"https:\/\/www.facebook.com\/strangercam","article_modified_time":"2025-07-24T07:26:04+00:00","og_image":[{"width":800,"height":532,"url":"https:\/\/strangercam.com\/wp-content\/uploads\/2021\/10\/Untitled-2.png","type":"image\/png"}],"twitter_card":"summary_large_image","twitter_site":"@strangercamapp","twitter_misc":{"Ber\u00e4knad l\u00e4stid":"6 minuter"},"schema":{"@context":"https:\/\/schema.org","@graph":[{"@type":"WebPage","@id":"https:\/\/strangercam.com\/luckycrush\/","url":"https:\/\/strangercam.com\/luckycrush\/","name":"LuckyCrush - Live videochatt med slumpm\u00e4ssiga m\u00e4nniskor - StrangerCam","isPartOf":{"@id":"https:\/\/strangercam.com\/#website"},"datePublished":"2025-07-24T07:21:22+00:00","dateModified":"2025-07-24T07:26:04+00:00","description":"Gillar du LuckyCrush? Kom och chatta med mer \u00e4n 5.000.000 fr\u00e4mlingar p\u00e5 Stranger Cam helt gratis! Sl\u00e5 p\u00e5 din kamera och hitta nya v\u00e4nner och kanske en match!","breadcrumb":{"@id":"https:\/\/strangercam.com\/luckycrush\/#breadcrumb"},"inLanguage":"sv-SE","potentialAction":[{"@type":"ReadAction","target":["https:\/\/strangercam.com\/luckycrush\/"]}]},{"@type":"BreadcrumbList","@id":"https:\/\/strangercam.com\/luckycrush\/#breadcrumb","itemListElement":[{"@type":"ListItem","position":1,"name":"Home","item":"https:\/\/strangercam.com\/"},{"@type":"ListItem","position":2,"name":"LuckyCrush"}]},{"@type":"WebSite","@id":"https:\/\/strangercam.com\/#website","url":"https:\/\/strangercam.com\/","name":"Strangercam","description":"Slumpm\u00e4ssig videochatt med fr\u00e4mlingar","publisher":{"@id":"https:\/\/strangercam.com\/#organization"},"alternateName":"Strangercam.com","potentialAction":[{"@type":"SearchAction","target":{"@type":"EntryPoint","urlTemplate":"https:\/\/strangercam.com\/?s={search_term_string}"},"query-input":{"@type":"PropertyValueSpecification","valueRequired":true,"valueName":"search_term_string"}}],"inLanguage":"sv-SE"},{"@type":"Organization","@id":"https:\/\/strangercam.com\/#organization","name":"Strangercam","alternateName":"Strangercam.com","url":"https:\/\/strangercam.com\/","logo":{"@type":"ImageObject","inLanguage":"sv-SE","@id":"https:\/\/strangercam.com\/#\/schema\/logo\/image\/","url":"https:\/\/strangercam.com\/wp-content\/uploads\/2020\/11\/cropped-new-favicon-black.png","contentUrl":"https:\/\/strangercam.com\/wp-content\/uploads\/2020\/11\/cropped-new-favicon-black.png","width":512,"height":512,"caption":"Strangercam"},"image":{"@id":"https:\/\/strangercam.com\/#\/schema\/logo\/image\/"},"sameAs":["https:\/\/www.facebook.com\/strangercam","https:\/\/x.com\/strangercamapp"]}]}},"_links":{"self":[{"href":"https:\/\/strangercam.com\/sv\/wp-json\/wp\/v2\/pages\/11954","targetHints":{"allow":["GET"]}}],"collection":[{"href":"https:\/\/strangercam.com\/sv\/wp-json\/wp\/v2\/pages"}],"about":[{"href":"https:\/\/strangercam.com\/sv\/wp-json\/wp\/v2\/types\/page"}],"author":[{"embeddable":true,"href":"https:\/\/strangercam.com\/sv\/wp-json\/wp\/v2\/users\/6"}],"replies":[{"embeddable":true,"href":"https:\/\/strangercam.com\/sv\/wp-json\/wp\/v2\/comments?post=11954"}],"version-history":[{"count":1,"href":"https:\/\/strangercam.com\/sv\/wp-json\/wp\/v2\/pages\/11954\/revisions"}],"predecessor-version":[{"id":12919,"href":"https:\/\/strangercam.com\/sv\/wp-json\/wp\/v2\/pages\/11954\/revisions\/12919"}],"wp:attachment":[{"href":"https:\/\/strangercam.com\/sv\/wp-json\/wp\/v2\/media?parent=11954"}],"curies":[{"name":"wp","href":"https:\/\/api.w.org\/{rel}","templated":true}]}}