{"id":11949,"date":"2023-10-24T11:57:43","date_gmt":"2023-10-24T09:57:43","guid":{"rendered":"https:\/\/strangercam.com\/?page_id=11949"},"modified":"2023-10-24T12:02:42","modified_gmt":"2023-10-24T10:02:42","slug":"cammatch","status":"publish","type":"page","link":"https:\/\/strangercam.com\/sv\/cammatch\/","title":{"rendered":"Cammatch"},"content":{"rendered":"<p>I den stora v\u00e4rlden av onlinekommunikation kan det vara en utmaning att hitta en plattform som verkligen sticker ut. H\u00e4r kommer Cammatch, en <a href=\"https:\/\/strangercam.com\/sv\/rabbit-video-chat\/\">video<\/a> chattj\u00e4nst som lovar mer \u00e4n bara virtuella m\u00f6ten. Medan m\u00e5nga plattformar erbjuder video <a href=\"https:\/\/strangercam.com\/sv\/chatroulette\/\">chatt<\/a>, har Cammatch snabbt gjort sig ett namn genom att se till att anv\u00e4ndarna har en s\u00f6ml\u00f6s, engagerande och, viktigast av allt, \u00e4kta upplevelse. Fr\u00e5n dess intuitiva gr\u00e4nssnitt till dess unika funktioner, denna recension gr\u00e4ver djupt in i vad som g\u00f6r Cammatch till en anm\u00e4rkningsv\u00e4rd utmanare inom omr\u00e5det f\u00f6r online videochattplattformar. Oavsett om du \u00e4r en erfaren anv\u00e4ndare av s\u00e5dana tj\u00e4nster eller en nykomling som letar efter en p\u00e5litlig plats att b\u00f6rja, kommer det utan tvekan att vara f\u00f6rdelaktigt att f\u00f6rst\u00e5 vad Cammatch tar med sig till bordet.<\/p>\n<h2>Vad \u00e4r Cammatch?<\/h2>\n<p>CamMatch, i det digitala landskapet av videochattar, st\u00e5r som en ledstj\u00e4rna f\u00f6r innovation och precision. Det handlar inte bara om att koppla samman individer; det handlar om att kurera dessa kopplingar f\u00f6r att s\u00e4kerst\u00e4lla att varje anv\u00e4ndare finner v\u00e4rde och tillfredsst\u00e4llelse i varje interaktion. D\u00e4r de flesta plattformar l\u00e4mnar matchningsprocessen till <a href=\"https:\/\/strangercam.com\/sv\/chatbychance\/\">chans<\/a>, CamMatch finjusterar upplevelsen noggrant.<\/p>\n<p>I sin k\u00e4rna f\u00f6respr\u00e5kar CamMatch riktade interaktioner. Plattformen k\u00e4nner igen m\u00e5nga anv\u00e4ndares preferenser och har noggrant utformat en algoritm som s\u00e4kerst\u00e4ller att m\u00e4n uteslutande ansluter sig till kvinnor och vice versa. Detta specifika tillv\u00e4gag\u00e5ngss\u00e4tt eliminerar inte bara den ofta frustrerande slumpm\u00e4ssigheten hos andra plattformar utan skapar ocks\u00e5 en milj\u00f6 som \u00e4r skr\u00e4ddarsydd f\u00f6r att fr\u00e4mja \u00e4kta anslutningar.<\/p>\n<p>N\u00e4r vi g\u00e5r djupare in i den digitala tids\u00e5ldern, d\u00e4r onlinef\u00f6rbindelser inte bara \u00e4r vanliga utan ofta f\u00f6redras, kommer CamMatchs funktioner som den snabba \u00f6verg\u00e5ngsmekanismen att spela in. Ett enkelt klick p\u00e5 \"N\u00e4sta\" -knappen och anv\u00e4ndare introduceras till en ny potentiell v\u00e4n, f\u00f6rtrogen eller romantiskt intresse. Den h\u00e4r s\u00f6ml\u00f6sa \u00f6verg\u00e5ngen s\u00e4kerst\u00e4ller att anv\u00e4ndarna f\u00f6rblir engagerade och att plattformen f\u00f6rblir dynamisk.<\/p>\n<p>Men det handlar inte bara om snabba \u00f6verg\u00e5ngar och m\u00e5linriktade interaktioner. CamMatch erk\u00e4nner internets globala natur och de utmaningar som f\u00f6ljer med det. En betydande utmaning som m\u00e5nga st\u00e5r inf\u00f6r \u00e4r spr\u00e5kbarri\u00e4ren. Men med CamMatch blir detta hinder praktiskt taget obefintligt. Plattformens realtids\u00f6vers\u00e4ttningssystem \u00f6vers\u00e4tter enkelt inkommande och utg\u00e5ende meddelanden, vilket s\u00e4kerst\u00e4ller att spr\u00e5kliga skillnader inte hindrar meningsfulla kontakter. Detta f\u00f6rst\u00e4rker inte bara anv\u00e4ndarupplevelsen utan s\u00e4kerst\u00e4ller ocks\u00e5 att konversationerna flyter naturligt, \u00e4ven om deltagarna befinner sig i motsatta \u00e4ndar av v\u00e4rlden.<\/p>\n<p>I grund och botten \u00e4r CamMatch inte bara en annan spelare i det stora f\u00e4ltet av online <a href=\"https:\/\/strangercam.com\/sv\/coomeet\/\">videochatt<\/a> tj\u00e4nster. Det \u00e4r en spelf\u00f6r\u00e4ndrare. Genom att fokusera p\u00e5 anv\u00e4ndarnas preferenser, eliminera spr\u00e5kbarri\u00e4rer och s\u00e4kerst\u00e4lla en dynamisk och engagerande plattform omdefinierar CamMatch hur vi uppfattar interaktioner online. F\u00f6r dem som v\u00e4rdes\u00e4tter meningsfulla, m\u00e5linriktade och flytande konversationer framst\u00e5r CamMatch som den plattform man b\u00f6r v\u00e4lja och lovar en upplevelse av videochatt online som ingen annan.<\/p>\n<h2>Cammatch Funktioner<\/h2>\n<p><strong>1. Riktade interaktioner:<\/strong> Cammatch: s unika f\u00f6rs\u00e4ljningsf\u00f6rslag ligger i dess \u00e5tagande att erbjuda riktade videochattar. Genom att erk\u00e4nna m\u00e5nga anv\u00e4ndares preferenser s\u00e4kerst\u00e4ller Cammatch att m\u00e4n uteslutande paras ihop med kvinnor och vice versa. Detta skr\u00e4ddarsydda tillv\u00e4gag\u00e5ngss\u00e4tt minimerar slumpm\u00e4ssighet och f\u00f6rb\u00e4ttrar kvaliteten p\u00e5 interaktioner.<\/p>\n<p><strong>2. Snabb \u00f6verg\u00e5ngsmekanism:<\/strong> Knappen \u201cN\u00e4sta\u201d \u00e4r mer \u00e4n bara en funktion; den \u00e4r en ink\u00f6rsport till nya konversationer. Med ett enkelt klick kan anv\u00e4ndarna s\u00f6ml\u00f6st \u00f6verg\u00e5 till en ny chattpartner. Detta s\u00e4kerst\u00e4ller att det alltid finns n\u00e5got nytt och sp\u00e4nnande runt h\u00f6rnet, vilket h\u00e5ller anv\u00e4ndarupplevelsen dynamisk.<\/p>\n<p><strong>3. System f\u00f6r \u00f6vers\u00e4ttning i realtid:<\/strong> I den m\u00e5ngfacetterade v\u00e4rld som internet utg\u00f6r kan spr\u00e5kbarri\u00e4rer ofta hindra meningsfulla kontakter. Cammatchs \u00f6vers\u00e4ttningsfunktion i realtid \u00f6verbryggar detta gap utan anstr\u00e4ngning. Systemet \u00f6vers\u00e4tter automatiskt inkommande meddelanden till det spr\u00e5k som anv\u00e4ndaren f\u00f6redrar och vice versa, vilket s\u00e4kerst\u00e4ller att konversationerna flyter naturligt, oavsett spr\u00e5kliga skillnader.<\/p>\n<p><strong>4. H\u00f6gkvalitativ videostreaming:<\/strong> Cammatch prioriterar kvaliteten p\u00e5 interaktioner, och detta \u00e4r tydligt i dess engagemang f\u00f6r h\u00f6gkvalitativ videostreaming. Anv\u00e4ndarna kan f\u00f6rv\u00e4nta sig tydliga, f\u00f6rdr\u00f6jningsfria bilder, vilket s\u00e4kerst\u00e4ller att deras konversationer \u00e4r s\u00e5 verkliga och uppslukande som m\u00f6jligt.<\/p>\n<p><strong>5. Anv\u00e4ndarv\u00e4nligt gr\u00e4nssnitt:<\/strong> Plattformen har en intuitiv design som s\u00e4kerst\u00e4ller att b\u00e5de tekniskt kunniga anv\u00e4ndare och nyb\u00f6rjare enkelt kan navigera och anv\u00e4nda dess funktioner. Fr\u00e5n registrering till att starta en konversation \u00e4r varje steg str\u00f6mlinjeformat f\u00f6r att underl\u00e4tta f\u00f6r anv\u00e4ndaren.<\/p>\n<p><strong>6. S\u00e4kerhets- och skydds\u00e5tg\u00e4rder:<\/strong> Cammatch \u00e4r dedikerad till att tillhandah\u00e5lla en s\u00e4ker milj\u00f6 f\u00f6r sina anv\u00e4ndare. Med funktioner som g\u00f6r det m\u00f6jligt att rapportera ol\u00e4mpliga aktiviteter och en strikt policy mot onlinebedr\u00e4gerier kan anv\u00e4ndarna engagera sig med sinnesfrid, eftersom de vet att plattformen prioriterar deras s\u00e4kerhet.<\/p>\n<p><strong>7. Medlemskapsplaner:<\/strong> F\u00f6r att tillgodose en m\u00e5ngsidig anv\u00e4ndarbas erbjuder Cammatch b\u00e5de Basic- och Premium-medlemskapsplaner. Medan Basic-planen ger tillg\u00e5ng till standardfunktioner, l\u00e5ser Premium-planen upp en uppsj\u00f6 av f\u00f6rb\u00e4ttrade funktioner, inklusive avancerade filter, f\u00f6r en mer f\u00f6rfinad upplevelse.<\/p>\n<p><strong>8. Global r\u00e4ckvidd:<\/strong> Cammatchs anv\u00e4ndarbas str\u00e4cker sig \u00f6ver flera l\u00e4nder, vilket g\u00f6r det m\u00f6jligt f\u00f6r anv\u00e4ndare att f\u00e5 kontakt med personer fr\u00e5n olika kulturella bakgrunder och samh\u00e4llsskikt. Denna globala r\u00e4ckvidd \u00f6kar plattformens attraktionskraft och erbjuder en m\u00e5ngfald av upplevelser och interaktioner.<\/p>\n<table>\n<thead>\n<tr>\n<th><strong>Funktioner<\/strong><\/th>\n<th><strong>Beskrivning<\/strong><\/th>\n<\/tr>\n<\/thead>\n<tbody>\n<tr>\n<td>Riktade interaktioner<\/td>\n<td>Hanar paras uteslutande med honor och vice versa<\/td>\n<\/tr>\n<tr>\n<td>Mekanism f\u00f6r snabb \u00f6verg\u00e5ng<\/td>\n<td>Enkelt att byta till en ny chattpartner med knappen \u201cN\u00e4sta\u201d<\/td>\n<\/tr>\n<tr>\n<td>System f\u00f6r \u00f6vers\u00e4ttning i realtid<\/td>\n<td>Automatiska \u00f6vers\u00e4ttningar f\u00f6r inkommande och utg\u00e5ende meddelanden<\/td>\n<\/tr>\n<tr>\n<td>H\u00f6gkvalitativ videostreaming<\/td>\n<td>Tydliga, f\u00f6rdr\u00f6jningsfria videochattar f\u00f6r uppslukande samtal<\/td>\n<\/tr>\n<tr>\n<td>Anv\u00e4ndarv\u00e4nligt gr\u00e4nssnitt<\/td>\n<td>Intuitiv design f\u00f6r enkel navigering och anv\u00e4ndning<\/td>\n<\/tr>\n<tr>\n<td>Trygghet och s\u00e4kerhets\u00e5tg\u00e4rder<\/td>\n<td>Funktioner f\u00f6r att rapportera ol\u00e4mpliga aktiviteter; policyer mot bedragare p\u00e5 n\u00e4tet<\/td>\n<\/tr>\n<tr>\n<td>Medlemskapsplaner<\/td>\n<td>B\u00e5de Basic- och Premium-planer skr\u00e4ddarsydda f\u00f6r olika anv\u00e4ndarpreferenser<\/td>\n<\/tr>\n<tr>\n<td>Global r\u00e4ckvidd<\/td>\n<td>F\u00e5 kontakt med m\u00e4nniskor fr\u00e5n olika l\u00e4nder och kulturer<\/td>\n<\/tr>\n<\/tbody>\n<\/table>\n<p>Sammanfattningsvis handlar Cammatch:s funktioner inte bara om tekniska funktionaliteter. De \u00e4r ett bevis p\u00e5 plattformens \u00e5tagande att se till att varje anv\u00e4ndare hittar v\u00e4rde, anslutning och tillfredsst\u00e4llelse i varje interaktion. Varje funktion \u00e4r noggrant utformad och h\u00e5ller anv\u00e4ndarupplevelsen i sin k\u00e4rna, vilket g\u00f6r Cammatch till en framst\u00e5ende inom omr\u00e5det f\u00f6r online videochattplattformar.<\/p>\n<h2>Tips och tricks<\/h2>\n<p><strong>1. Optimera din milj\u00f6:<\/strong><\/p>\n<ul>\n<li><strong>Belysning<\/strong>: Se till att du befinner dig i ett v\u00e4l upplyst omr\u00e5de. Naturligt ljus fungerar b\u00e4st, men om det inte \u00e4r m\u00f6jligt kan du anv\u00e4nda mjuk artificiell belysning f\u00f6r att undvika h\u00e5rda skuggor.<\/li>\n<li><strong>Bakgrund<\/strong>: Anv\u00e4nd en snygg, r\u00f6rig och fri bakgrund. Det hj\u00e4lper till att h\u00e5lla fokus p\u00e5 dig och g\u00f6r samtalet mer professionellt och trevligt.<\/li>\n<\/ul>\n<p><strong>2. Anv\u00e4nd filter p\u00e5 ett klokt s\u00e4tt:<\/strong> Cammatch erbjuder olika filter, inklusive k\u00f6n och land. Anv\u00e4nd dessa f\u00f6r att skr\u00e4ddarsy dina interaktioner, s\u00e4rskilt om du har specifika preferenser eller m\u00e5l f\u00f6r dina konversationer.<\/p>\n<p><strong>3. S\u00e4kerheten f\u00f6rst:<\/strong> Kom alltid ih\u00e5g att undvika att dela personliga uppgifter som din adress, finansiell information eller andra k\u00e4nsliga uppgifter. \u00c4ven om Cammatch har s\u00e4kerhets\u00e5tg\u00e4rder p\u00e5 plats \u00e4r det alltid bra att vara f\u00f6rsiktig.<\/p>\n<p><strong>4. Anv\u00e4nd h\u00f6rlurar:<\/strong> F\u00f6r att s\u00e4kerst\u00e4lla ett tydligt ljud och undvika \u00e5terkoppling eller ekon \u00e4r det en bra id\u00e9 att anv\u00e4nda h\u00f6rlurar eller \u00f6ronsn\u00e4ckor under chattar.<\/p>\n<p><strong>5. Utforska premiumfunktioner:<\/strong> Om du anv\u00e4nder Cammatch ofta b\u00f6r du \u00f6verv\u00e4ga att uppgradera till Premium-medlemskapet. De extra funktionerna kan f\u00f6rb\u00e4ttra din upplevelse avsev\u00e4rt.<\/p>\n<p><strong>6. Var \u00f6ppen men respektfull:<\/strong> Ett av gl\u00e4dje\u00e4mnena med plattformar som Cammatch \u00e4r att st\u00f6ta p\u00e5 olika synpunkter och kulturer. Samtidigt som du \u00e4r \u00f6ppen f\u00f6r olika perspektiv ska du alltid uppr\u00e4tth\u00e5lla respekt och h\u00f6vlighet.<\/p>\n<p><strong>7. Dra nytta av \"N\u00e4sta\"-knappen:<\/strong> Om en konversation inte st\u00e4mmer \u00f6verens med dina preferenser eller din bekv\u00e4mlighet, tveka inte att anv\u00e4nda knappen \"N\u00e4sta\". Den finns d\u00e4r f\u00f6r att s\u00e4kerst\u00e4lla att din upplevelse f\u00f6rblir trevlig.<\/p>\n<p><strong>8. Anv\u00e4nd \u00f6vers\u00e4ttningsfunktionen:<\/strong> Samarbeta med m\u00e4nniskor fr\u00e5n olika spr\u00e5kliga bakgrunder. L\u00e5t inte spr\u00e5ket vara en barri\u00e4r. Funktionen f\u00f6r realtids\u00f6vers\u00e4ttning kan vara en avg\u00f6rande faktor f\u00f6r att f\u00f6rst\u00e5 och bli f\u00f6rst\u00e5dd.<\/p>\n<p><strong>9. Rapportera ol\u00e4mpligt beteende:<\/strong> Hj\u00e4lp till att h\u00e5lla Cammatch-communityn s\u00e4ker och trevlig f\u00f6r alla. Om du st\u00f6ter p\u00e5 ol\u00e4mpligt beteende eller misst\u00e4nker att en anv\u00e4ndare har onda avsikter, anv\u00e4nd plattformens rapporteringsfunktion.<\/p>\n<p><strong>10. Anpassa aviseringar:<\/strong> Om du \u00e4r en regelbunden anv\u00e4ndare kan du anpassa dina aviseringar s\u00e5 att du f\u00e5r information om meddelanden eller andra viktiga uppdateringar utan att bli \u00f6verv\u00e4ldigad.<\/p>\n<p>Genom att inf\u00f6rliva dessa tips och tricks i din Cammatch-upplevelse kan du s\u00e4kerst\u00e4lla mer meningsfulla, roliga och s\u00e4kra interaktioner. Oavsett om du \u00e4r en erfaren anv\u00e4ndare eller precis har b\u00f6rjat, kan dessa tips hj\u00e4lpa dig att f\u00e5 ut det mesta av vad Cammatch har att erbjuda.<\/p>\n<h2>Hur fungerar Cammatch?<\/h2>\n<p>Cammatch fungerar som en online videochattplattform utformad f\u00f6r att ansluta individer fr\u00e5n alla h\u00f6rn av v\u00e4rlden. H\u00e4r \u00e4r en steg-f\u00f6r-steg-uppdelning av hur den fungerar:<\/p>\n<ol>\n<li><strong>Registrering<\/strong>: Anv\u00e4ndarna b\u00f6rjar med att registrera sig p\u00e5 plattformen, vilket vanligtvis kr\u00e4ver grundl\u00e4ggande uppgifter som ett anv\u00e4ndarnamn, e-postadress och l\u00f6senord.<\/li>\n<li><strong>Anpassning<\/strong>: N\u00e4r anv\u00e4ndarna har registrerat sig kan de skapa sina profiler och, om de vill, anv\u00e4nda filter som k\u00f6n och land f\u00f6r att f\u00f6rfina sina chattpreferenser.<\/li>\n<li><strong>Engagera sig i chattar<\/strong>: N\u00e4r profilen \u00e4r inst\u00e4lld kan anv\u00e4ndarna dyka in i v\u00e4rlden av Cammatch genom att klicka p\u00e5 \u201cJoin Now\u201d eller en liknande knapp. De kommer sedan att anslutas slumpm\u00e4ssigt med en annan anv\u00e4ndare f\u00f6r en videochatt.<\/li>\n<li><strong>Interaktiva funktioner<\/strong>: Under chatten kan anv\u00e4ndarna anv\u00e4nda sig av olika funktioner som realtids\u00f6vers\u00e4ttning, vilket hj\u00e4lper till att bryta ner spr\u00e5kbarri\u00e4rer. De kan ocks\u00e5 enkelt v\u00e4xla mellan chattpartners genom att anv\u00e4nda knappen \u201cN\u00e4sta\u201d, vilket s\u00e4kerst\u00e4ller dynamiska interaktioner.<\/li>\n<li><strong>\u00c5terkoppling och rapportering<\/strong>: Om en anv\u00e4ndare st\u00f6ter p\u00e5 ol\u00e4mpligt beteende eller inneh\u00e5ll finns det mekanismer p\u00e5 plats f\u00f6r att rapportera s\u00e5dana incidenter f\u00f6r att uppr\u00e4tth\u00e5lla plattformens integritet.<\/li>\n<\/ol>\n<h2>\u00c4r det s\u00e4kert?<\/h2>\n<p>S\u00e4kerhet och anv\u00e4ndarnas integritet \u00e4r av yttersta vikt f\u00f6r alla onlineplattformar, och Cammatch \u00e4r inget undantag. Plattformen har integrerat flera \u00e5tg\u00e4rder f\u00f6r att f\u00f6rb\u00e4ttra s\u00e4kerheten:<\/p>\n<ol>\n<li><strong>Krav p\u00e5 registrering<\/strong>: Till skillnad fr\u00e5n vissa plattformar d\u00e4r interaktioner kan vara helt anonyma, kr\u00e4ver Cammatch att anv\u00e4ndarna registrerar sig. Detta lager av ansvarighet bidrar till att avskr\u00e4cka fr\u00e5n potentiellt missbruk.<\/li>\n<li><strong>Strikta policyer<\/strong>: Cammatch har strikta riktlinjer mot bedragare p\u00e5 n\u00e4tet, ol\u00e4mpligt beteende och alla former av trakasserier. Anv\u00e4ndare som bryter mot dessa riktlinjer f\u00e5r konsekvenser, inklusive eventuella avst\u00e4ngningar.<\/li>\n<li><strong>Rapporteringsmekanismer<\/strong>: Anv\u00e4ndarna har verktyg f\u00f6r att rapportera misst\u00e4nkt eller ol\u00e4mplig aktivitet som de st\u00f6ter p\u00e5. Detta garanterar inte bara deras s\u00e4kerhet utan bidrar ocks\u00e5 till plattformens \u00f6vergripande s\u00e4kerhet.<\/li>\n<li><strong>Skydd av personuppgifter<\/strong>: Cammatch anv\u00e4nder kryptering och andra s\u00e4kerhets\u00e5tg\u00e4rder f\u00f6r att skydda anv\u00e4ndarnas uppgifter och s\u00e4kerst\u00e4lla deras integritet.<\/li>\n<li><strong>Anv\u00e4ndarens diskretion<\/strong>: \u00c4ven om Cammatch har s\u00e4kerhets\u00e5tg\u00e4rder p\u00e5 plats rekommenderas anv\u00e4ndare att vara f\u00f6rsiktiga, till exempel att inte dela personlig eller k\u00e4nslig information under chattar.<\/li>\n<\/ol>\n<p>Sammanfattningsvis, \u00e4ven om Cammatch g\u00f6r betydande anstr\u00e4ngningar f\u00f6r att s\u00e4kerst\u00e4lla anv\u00e4ndarnas s\u00e4kerhet, \u00e4r det ocks\u00e5 viktigt f\u00f6r anv\u00e4ndarna att vara vaksamma och ut\u00f6va ett s\u00e4kert beteende p\u00e5 n\u00e4tet.<\/p>","protected":false},"excerpt":{"rendered":"<p>In the vast world of online communication, finding a platform that genuinely stands out can be a challenge. Enter Cammatch, a video chatting service that promises more than just virtual meet-ups. While many platforms offer video chat, Cammatch has quickly made a name for itself by ensuring that users have a seamless, engaging, and, most [&hellip;]<\/p>\n","protected":false},"author":6,"featured_media":0,"parent":0,"menu_order":0,"comment_status":"closed","ping_status":"closed","template":"","meta":{"footnotes":""},"class_list":["post-11949","page","type-page","status-publish","hentry"],"yoast_head":"<!-- This site is optimized with the Yoast SEO plugin v26.9 - https:\/\/yoast.com\/product\/yoast-seo-wordpress\/ -->\n<title>Cammatch with strangers on StrangerCam.com<\/title>\n<meta name=\"description\" content=\"Like Cammatch? Come chat with more than 5.000.000 strangers on Stranger Cam for Free! Turn on your cam and find new friends &amp; maby a match!\" \/>\n<meta name=\"robots\" content=\"index, follow, max-snippet:-1, max-image-preview:large, max-video-preview:-1\" \/>\n<link rel=\"canonical\" href=\"https:\/\/strangercam.com\/sv\/cammatch\/\" \/>\n<meta property=\"og:locale\" content=\"sv_SE\" \/>\n<meta property=\"og:type\" content=\"article\" \/>\n<meta property=\"og:title\" content=\"Cammatch with strangers on StrangerCam.com\" \/>\n<meta property=\"og:description\" content=\"Like Cammatch? Come chat with more than 5.000.000 strangers on Stranger Cam for Free! Turn on your cam and find new friends &amp; maby a match!\" \/>\n<meta property=\"og:url\" content=\"https:\/\/strangercam.com\/sv\/cammatch\/\" \/>\n<meta property=\"og:site_name\" content=\"Strangercam\" \/>\n<meta property=\"article:publisher\" content=\"https:\/\/www.facebook.com\/strangercam\" \/>\n<meta property=\"article:modified_time\" content=\"2023-10-24T10:02:42+00:00\" \/>\n<meta property=\"og:image\" content=\"https:\/\/strangercam.com\/wp-content\/uploads\/2021\/10\/Untitled-2.png\" \/>\n\t<meta property=\"og:image:width\" content=\"800\" \/>\n\t<meta property=\"og:image:height\" content=\"532\" \/>\n\t<meta property=\"og:image:type\" content=\"image\/png\" \/>\n<meta name=\"twitter:card\" content=\"summary_large_image\" \/>\n<meta name=\"twitter:site\" content=\"@strangercamapp\" \/>\n<meta name=\"twitter:label1\" content=\"Ber\u00e4knad l\u00e4stid\" \/>\n\t<meta name=\"twitter:data1\" content=\"8 minuter\" \/>\n<script type=\"application\/ld+json\" class=\"yoast-schema-graph\">{\"@context\":\"https:\/\/schema.org\",\"@graph\":[{\"@type\":\"WebPage\",\"@id\":\"https:\/\/strangercam.com\/cammatch\/\",\"url\":\"https:\/\/strangercam.com\/cammatch\/\",\"name\":\"Cammatch with strangers on StrangerCam.com\",\"isPartOf\":{\"@id\":\"https:\/\/strangercam.com\/#website\"},\"datePublished\":\"2023-10-24T09:57:43+00:00\",\"dateModified\":\"2023-10-24T10:02:42+00:00\",\"description\":\"Like Cammatch? Come chat with more than 5.000.000 strangers on Stranger Cam for Free! Turn on your cam and find new friends & maby a match!\",\"breadcrumb\":{\"@id\":\"https:\/\/strangercam.com\/cammatch\/#breadcrumb\"},\"inLanguage\":\"sv-SE\",\"potentialAction\":[{\"@type\":\"ReadAction\",\"target\":[\"https:\/\/strangercam.com\/cammatch\/\"]}]},{\"@type\":\"BreadcrumbList\",\"@id\":\"https:\/\/strangercam.com\/cammatch\/#breadcrumb\",\"itemListElement\":[{\"@type\":\"ListItem\",\"position\":1,\"name\":\"Home\",\"item\":\"https:\/\/strangercam.com\/\"},{\"@type\":\"ListItem\",\"position\":2,\"name\":\"Cammatch\"}]},{\"@type\":\"WebSite\",\"@id\":\"https:\/\/strangercam.com\/#website\",\"url\":\"https:\/\/strangercam.com\/\",\"name\":\"Strangercam\",\"description\":\"Random Video Chat with Strangers\",\"publisher\":{\"@id\":\"https:\/\/strangercam.com\/#organization\"},\"alternateName\":\"Strangercam.com\",\"potentialAction\":[{\"@type\":\"SearchAction\",\"target\":{\"@type\":\"EntryPoint\",\"urlTemplate\":\"https:\/\/strangercam.com\/?s={search_term_string}\"},\"query-input\":{\"@type\":\"PropertyValueSpecification\",\"valueRequired\":true,\"valueName\":\"search_term_string\"}}],\"inLanguage\":\"sv-SE\"},{\"@type\":\"Organization\",\"@id\":\"https:\/\/strangercam.com\/#organization\",\"name\":\"Strangercam\",\"alternateName\":\"Strangercam.com\",\"url\":\"https:\/\/strangercam.com\/\",\"logo\":{\"@type\":\"ImageObject\",\"inLanguage\":\"sv-SE\",\"@id\":\"https:\/\/strangercam.com\/#\/schema\/logo\/image\/\",\"url\":\"https:\/\/strangercam.com\/wp-content\/uploads\/2020\/11\/cropped-new-favicon-black.png\",\"contentUrl\":\"https:\/\/strangercam.com\/wp-content\/uploads\/2020\/11\/cropped-new-favicon-black.png\",\"width\":512,\"height\":512,\"caption\":\"Strangercam\"},\"image\":{\"@id\":\"https:\/\/strangercam.com\/#\/schema\/logo\/image\/\"},\"sameAs\":[\"https:\/\/www.facebook.com\/strangercam\",\"https:\/\/x.com\/strangercamapp\"]}]}<\/script>\n<!-- \/ Yoast SEO plugin. -->","yoast_head_json":{"title":"Cammatch med fr\u00e4mlingar p\u00e5 StrangerCam.com","description":"Gillar du Cammatch? Kom och chatta med mer \u00e4n 5.000.000 fr\u00e4mlingar p\u00e5 Stranger Cam helt gratis! Sl\u00e5 p\u00e5 din kamera och hitta nya v\u00e4nner och kanske en match!","robots":{"index":"index","follow":"follow","max-snippet":"max-snippet:-1","max-image-preview":"max-image-preview:large","max-video-preview":"max-video-preview:-1"},"canonical":"https:\/\/strangercam.com\/sv\/cammatch\/","og_locale":"sv_SE","og_type":"article","og_title":"Cammatch with strangers on StrangerCam.com","og_description":"Like Cammatch? Come chat with more than 5.000.000 strangers on Stranger Cam for Free! Turn on your cam and find new friends & maby a match!","og_url":"https:\/\/strangercam.com\/sv\/cammatch\/","og_site_name":"Strangercam","article_publisher":"https:\/\/www.facebook.com\/strangercam","article_modified_time":"2023-10-24T10:02:42+00:00","og_image":[{"width":800,"height":532,"url":"https:\/\/strangercam.com\/wp-content\/uploads\/2021\/10\/Untitled-2.png","type":"image\/png"}],"twitter_card":"summary_large_image","twitter_site":"@strangercamapp","twitter_misc":{"Ber\u00e4knad l\u00e4stid":"8 minuter"},"schema":{"@context":"https:\/\/schema.org","@graph":[{"@type":"WebPage","@id":"https:\/\/strangercam.com\/cammatch\/","url":"https:\/\/strangercam.com\/cammatch\/","name":"Cammatch med fr\u00e4mlingar p\u00e5 StrangerCam.com","isPartOf":{"@id":"https:\/\/strangercam.com\/#website"},"datePublished":"2023-10-24T09:57:43+00:00","dateModified":"2023-10-24T10:02:42+00:00","description":"Gillar du Cammatch? Kom och chatta med mer \u00e4n 5.000.000 fr\u00e4mlingar p\u00e5 Stranger Cam helt gratis! Sl\u00e5 p\u00e5 din kamera och hitta nya v\u00e4nner och kanske en match!","breadcrumb":{"@id":"https:\/\/strangercam.com\/cammatch\/#breadcrumb"},"inLanguage":"sv-SE","potentialAction":[{"@type":"ReadAction","target":["https:\/\/strangercam.com\/cammatch\/"]}]},{"@type":"BreadcrumbList","@id":"https:\/\/strangercam.com\/cammatch\/#breadcrumb","itemListElement":[{"@type":"ListItem","position":1,"name":"Home","item":"https:\/\/strangercam.com\/"},{"@type":"ListItem","position":2,"name":"Cammatch"}]},{"@type":"WebSite","@id":"https:\/\/strangercam.com\/#website","url":"https:\/\/strangercam.com\/","name":"Strangercam","description":"Slumpm\u00e4ssig videochatt med fr\u00e4mlingar","publisher":{"@id":"https:\/\/strangercam.com\/#organization"},"alternateName":"Strangercam.com","potentialAction":[{"@type":"SearchAction","target":{"@type":"EntryPoint","urlTemplate":"https:\/\/strangercam.com\/?s={search_term_string}"},"query-input":{"@type":"PropertyValueSpecification","valueRequired":true,"valueName":"search_term_string"}}],"inLanguage":"sv-SE"},{"@type":"Organization","@id":"https:\/\/strangercam.com\/#organization","name":"Strangercam","alternateName":"Strangercam.com","url":"https:\/\/strangercam.com\/","logo":{"@type":"ImageObject","inLanguage":"sv-SE","@id":"https:\/\/strangercam.com\/#\/schema\/logo\/image\/","url":"https:\/\/strangercam.com\/wp-content\/uploads\/2020\/11\/cropped-new-favicon-black.png","contentUrl":"https:\/\/strangercam.com\/wp-content\/uploads\/2020\/11\/cropped-new-favicon-black.png","width":512,"height":512,"caption":"Strangercam"},"image":{"@id":"https:\/\/strangercam.com\/#\/schema\/logo\/image\/"},"sameAs":["https:\/\/www.facebook.com\/strangercam","https:\/\/x.com\/strangercamapp"]}]}},"_links":{"self":[{"href":"https:\/\/strangercam.com\/sv\/wp-json\/wp\/v2\/pages\/11949","targetHints":{"allow":["GET"]}}],"collection":[{"href":"https:\/\/strangercam.com\/sv\/wp-json\/wp\/v2\/pages"}],"about":[{"href":"https:\/\/strangercam.com\/sv\/wp-json\/wp\/v2\/types\/page"}],"author":[{"embeddable":true,"href":"https:\/\/strangercam.com\/sv\/wp-json\/wp\/v2\/users\/6"}],"replies":[{"embeddable":true,"href":"https:\/\/strangercam.com\/sv\/wp-json\/wp\/v2\/comments?post=11949"}],"version-history":[{"count":0,"href":"https:\/\/strangercam.com\/sv\/wp-json\/wp\/v2\/pages\/11949\/revisions"}],"wp:attachment":[{"href":"https:\/\/strangercam.com\/sv\/wp-json\/wp\/v2\/media?parent=11949"}],"curies":[{"name":"wp","href":"https:\/\/api.w.org\/{rel}","templated":true}]}}