{"id":11922,"date":"2023-10-23T10:00:20","date_gmt":"2023-10-23T08:00:20","guid":{"rendered":"https:\/\/strangercam.com\/?page_id=11922"},"modified":"2023-10-23T12:31:54","modified_gmt":"2023-10-23T10:31:54","slug":"strangermeetup","status":"publish","type":"page","link":"https:\/\/strangercam.com\/sv\/strangermeetup\/","title":{"rendered":"StrangerMeetup"},"content":{"rendered":"<p>StrangerMeetup har positionerat sig i den tr\u00e5nga v\u00e4rlden av online-m\u00f6ten. <a href=\"https:\/\/strangercam.com\/sv\/chatroulette\/\">chatt<\/a> plattformar som ett popul\u00e4rt val f\u00f6r dem som vill delta i anonyma konversationer. Till skillnad fr\u00e5n m\u00e5nga sociala medieplattformar d\u00e4r personliga profiler, historier och bilder dominerar, erbjuder StrangerMeetup ett nytt perspektiv. H\u00e4r ligger tonvikten p\u00e5 interaktion i realtid utan identitetens bagage, vilket g\u00f6r det till ett tilltalande <a href=\"https:\/\/strangercam.com\/sv\/mocospace\/\">utrymme<\/a> f\u00f6r dem som prioriterar integritet eller helt enkelt vill ha en paus fr\u00e5n den vanliga onlinedynamiken.<\/p>\n<p>Plattformen \u00e4r i grunden utformad f\u00f6r att underl\u00e4tta genuina kontakter mellan m\u00e4nniskor med olika bakgrunder. Dess anv\u00e4ndarv\u00e4nliga gr\u00e4nssnitt och fokus p\u00e5 anonymitet inneb\u00e4r att deltagarna kan dyka in i konversationer utan de farh\u00e5gor som ofta f\u00f6rknippas med digitala interaktioner. Tilltalet \u00e4r tydligt: en m\u00f6jlighet att vidga sina vyer, l\u00e4ra av andra eller till och med bara njuta av en avslappnad chatt, allt medan man \u00e4r insvept i anonymitetens trygga mantel.<\/p>\n<p>Men som alla plattformar \u00e4r StrangerMeetup inte utan sina egenheter och funktioner. F\u00f6r dem som \u00e4r nya p\u00e5 plattformen eller \u00f6verv\u00e4ger att prova den \u00e4r det viktigt att f\u00f6rst\u00e5 dess nyanser, f\u00f6rdelar och potentiella nackdelar. Den digitala tids\u00e5ldern har inneburit otaliga s\u00e4tt att kommunicera, och StrangerMeetup, med sin blandning av enkelhet och anonymitet, g\u00f6r verkligen sitt m\u00e4rke.<\/p>\n<h2>Vad \u00e4r StrangerMeetup?<\/h2>\n<p>StrangerMeetup \u00e4r en chattplattform online som ger anv\u00e4ndare m\u00f6jlighet att delta i anonyma konversationer med personer fr\u00e5n olika delar av v\u00e4rlden. Till skillnad fr\u00e5n konventionella sociala medieplattformar, d\u00e4r personliga detaljer, foton och historier ofta st\u00e5r i centrum, \u00e4r StrangerMeetup inriktad p\u00e5 interaktioner i realtid utan personliga identitetsmark\u00f6rer. Denna betoning p\u00e5 anonymitet g\u00f6r det till en unik digital milj\u00f6 som g\u00f6r det m\u00f6jligt f\u00f6r anv\u00e4ndare att kommunicera utan de konventionella hinder eller farh\u00e5gor som \u00e4r knutna till deras verkliga personlighet.<\/p>\n<p>Plattformens design uppmuntrar till spontana och genuina kontakter. Med ett anv\u00e4ndarv\u00e4nligt gr\u00e4nssnitt kan deltagarna enkelt inleda och uppr\u00e4tth\u00e5lla konversationer, oavsett deras tekniska kunskaper. Detta s\u00e4kerst\u00e4ller att fokus ligger p\u00e5 utbyte av id\u00e9er, ber\u00e4ttelser eller avslappnade chattar, vilket m\u00f6jligg\u00f6r en rik v\u00e4v av interaktioner som kan vara b\u00e5de upplysande och underh\u00e5llande.<\/p>\n<p>I grund och botten fungerar StrangerMeetup som en modern digital rendezvous, d\u00e4r sp\u00e4nningen i att tr\u00e4ffa n\u00e5gon ny kombineras med s\u00e4kerheten och integriteten i en online-milj\u00f6. Oavsett om de s\u00f6ker nya v\u00e4nskaper, avslappnade chattar eller ett f\u00f6nster till olika perspektiv, flockas anv\u00e4ndarna till StrangerMeetup f\u00f6r dess unika blandning av anonymitet och \u00e4kta m\u00e4nsklig kontakt.<\/p>\n<h2>Funktioner i StrangerMeetup<\/h2>\n<p>StrangerMeetup, med sin distinkta position inom onlinechattplattformar, erbjuder en m\u00e4ngd olika funktioner som skiljer den fr\u00e5n sina konkurrenter. Dessa funktioner har genomt\u00e4nkt utformats f\u00f6r att f\u00f6rb\u00e4ttra anv\u00e4ndarupplevelsen samtidigt som anonymitet och anv\u00e4ndarv\u00e4nlighet prioriteras.<\/p>\n<ol>\n<li><strong>Anonymitet f\u00f6r anv\u00e4ndare:<\/strong> K\u00e4rnan i StrangerMeetup \u00e4r dess engagemang f\u00f6r anv\u00e4ndaranonymitet. Till skillnad fr\u00e5n m\u00e5nga andra plattformar kr\u00e4vs det inte att anv\u00e4ndarna tillhandah\u00e5ller personliga uppgifter eller fotografier. Detta s\u00e4kerst\u00e4ller att konversationer f\u00f6rblir privata och identiteter skyddas.<\/li>\n<li><strong>Chatt i realtid:<\/strong> Plattformen har ett s\u00f6ml\u00f6st chatt-system i realtid. Anv\u00e4ndare kan dyka in i konversationer utan f\u00f6rseningar, vilket s\u00e4kerst\u00e4ller att fl\u00f6det av diskussioner \u00e4r smidigt och omedelbart.<\/li>\n<li><strong>Global anv\u00e4ndarbas:<\/strong> StrangerMeetup ger m\u00f6jlighet att f\u00e5 kontakt med m\u00e4nniskor fr\u00e5n hela v\u00e4rlden. Denna internationella r\u00e4ckvidd g\u00f6r det m\u00f6jligt f\u00f6r anv\u00e4ndare att f\u00e5 insikter i olika kulturer, traditioner och perspektiv.<\/li>\n<li><strong>Anv\u00e4ndarv\u00e4nligt gr\u00e4nssnitt:<\/strong> Designen av StrangerMeetup \u00e4r intuitiv, vilket s\u00e4kerst\u00e4ller att \u00e4ven de som inte \u00e4r tekniskt kunniga kan navigera och anv\u00e4nda plattformen med l\u00e4tthet.<\/li>\n<li><strong>S\u00e4kerhets\u00e5tg\u00e4rder:<\/strong> Plattformen har implementerat flera s\u00e4kerhetsfunktioner. Anv\u00e4ndare kan rapportera eller blockera andra som uppvisar ol\u00e4mpligt beteende, vilket s\u00e4kerst\u00e4ller att chattmilj\u00f6n f\u00f6rblir respektfull och s\u00e4ker.<\/li>\n<li><strong>Privata chattrum:<\/strong> F\u00f6rutom slumpm\u00e4ssiga chattparningar erbjuder StrangerMeetup ocks\u00e5 privata chattrum. Denna funktion g\u00f6r det m\u00f6jligt f\u00f6r anv\u00e4ndare att delta i mer fokuserade diskussioner utan avbrott.<\/li>\n<li><strong>Kompatibilitet med mobiler:<\/strong> StrangerMeetup \u00e4r kompatibel med mobila enheter, vilket g\u00f6r att anv\u00e4ndarna kan chatta var som helst och n\u00e4r som helst.<\/li>\n<\/ol>\n<table>\n<thead>\n<tr>\n<th>Funktion<\/th>\n<th>Beskrivning<\/th>\n<\/tr>\n<\/thead>\n<tbody>\n<tr>\n<td>Anonymitet f\u00f6r anv\u00e4ndare<\/td>\n<td>Inget behov av personliga uppgifter eller foton; s\u00e4kerst\u00e4ller privata konversationer och skyddade identiteter.<\/td>\n<\/tr>\n<tr>\n<td>Chatt i realtid<\/td>\n<td>Smidigt och omedelbart chattsystem f\u00f6r smidiga diskussioner.<\/td>\n<\/tr>\n<tr>\n<td>Global anv\u00e4ndarbas<\/td>\n<td>F\u00e5 kontakt med m\u00e4nniskor fr\u00e5n olika bakgrunder och kulturer.<\/td>\n<\/tr>\n<tr>\n<td>Anv\u00e4ndarv\u00e4nligt gr\u00e4nssnitt<\/td>\n<td>Intuitiv design f\u00f6r enkel navigering och anv\u00e4ndning.<\/td>\n<\/tr>\n<tr>\n<td>S\u00e4kerhets\u00e5tg\u00e4rder<\/td>\n<td>Alternativ f\u00f6r att rapportera eller blockera ol\u00e4mpligt beteende, vilket s\u00e4kerst\u00e4ller en s\u00e4ker chattmilj\u00f6.<\/td>\n<\/tr>\n<tr>\n<td>Privata chattrum<\/td>\n<td>Delta i fokuserade diskussioner i privata chattinst\u00e4llningar.<\/td>\n<\/tr>\n<tr>\n<td>Kompatibilitet med mobila enheter<\/td>\n<td>Chatta i farten med kompatibilitet p\u00e5 olika mobila enheter.<\/td>\n<\/tr>\n<\/tbody>\n<\/table>\n<h2>Tips f\u00f6r att anv\u00e4nda StrangerMeetup p\u00e5 ett s\u00e4kert s\u00e4tt<\/h2>\n<p>Att navigera i det digitala landskapet med onlinechattplattformar som StrangerMeetup kr\u00e4ver b\u00e5de nyfikenhet och f\u00f6rsiktighet. \u00c4ven om plattformen prioriterar anonymitet och erbjuder funktioner f\u00f6r att \u00f6ka anv\u00e4ndarnas s\u00e4kerhet, m\u00e5ste individer ocks\u00e5 vidta personliga \u00e5tg\u00e4rder f\u00f6r att s\u00e4kerst\u00e4lla sin egen s\u00e4kerhet och v\u00e4lbefinnande. H\u00e4r \u00e4r n\u00e5gra tips att t\u00e4nka p\u00e5 n\u00e4r du anv\u00e4nder StrangerMeetup p\u00e5 ett s\u00e4kert s\u00e4tt:<\/p>\n<ol>\n<li><strong>Skydda personlig information:<\/strong> Anonymitetens lockelse kan ibland leda till s\u00e4nkt vaksamhet. Det \u00e4r viktigt att vara f\u00f6rsiktig och avst\u00e5 fr\u00e5n att dela med sig av personliga uppgifter som riktiga namn, adresser, telefonnummer eller finansiell information.<\/li>\n<li><strong>Anv\u00e4nd ett unikt anv\u00e4ndarnamn:<\/strong> V\u00e4lj ett anv\u00e4ndarnamn som du inte har anv\u00e4nt p\u00e5 andra plattformar. Detta g\u00f6r det sv\u00e5rare f\u00f6r n\u00e5gon att sp\u00e5ra dina onlineaktiviteter eller l\u00e4nka din StrangerMeetup-identitet till andra onlineprofiler.<\/li>\n<li><strong>Lita p\u00e5 dina instinkter:<\/strong> Om en konversation k\u00e4nns obehaglig eller om n\u00e5gons beteende verkar misst\u00e4nkt ska du lita p\u00e5 dina instinkter. Det \u00e4r alltid okej att avsluta en chatt eller blockera en anv\u00e4ndare om du k\u00e4nner dig illa till mods.<\/li>\n<li><strong>Anv\u00e4nd rapportfunktionen:<\/strong> Om du st\u00f6ter p\u00e5 ol\u00e4mpligt beteende ska du anv\u00e4nda plattformens rapporteringsfunktion. Detta hj\u00e4lper inte bara dig utan hj\u00e4lper ocks\u00e5 samh\u00e4llet genom att flagga potentiella problem.<\/li>\n<li><strong>Undvik att klicka p\u00e5 ok\u00e4nda l\u00e4nkar:<\/strong> Skadliga l\u00e4nkar kan ibland delas i chattrum. Det \u00e4r klokt att undvika att klicka p\u00e5 l\u00e4nkar fr\u00e5n fr\u00e4mlingar, eftersom de kan leda till skadliga webbplatser eller ladda ner skadlig kod p\u00e5 din enhet.<\/li>\n<li><strong>M\u00f6ten i verkliga livet:<\/strong> Om du av n\u00e5gon anledning best\u00e4mmer dig f\u00f6r att <a href=\"https:\/\/strangercam.com\/sv\/coomeet\/\">tr\u00e4ffas<\/a> n\u00e5gon fr\u00e5n StrangerMeetup i verkliga livet, v\u00e4lj alltid en allm\u00e4n plats, informera n\u00e5gon du litar p\u00e5 om m\u00f6tet och se till att din egen s\u00e4kerhet f\u00f6rst.<\/li>\n<li><strong>Utbilda dig sj\u00e4lv:<\/strong> Bekanta dig med StrangerMeetups riktlinjer och s\u00e4kerhets\u00e5tg\u00e4rder. Ju mer du vet om plattformens policyer, desto b\u00e4ttre rustad kommer du att vara f\u00f6r att navigera p\u00e5 ett s\u00e4kert s\u00e4tt.<\/li>\n<li><strong>H\u00e5ll dig uppdaterad:<\/strong> Se till att om du anv\u00e4nder en mobil eller station\u00e4r applikationsversion av StrangerMeetup, \u00e4r den alltid uppdaterad till den senaste versionen. Uppdateringar inneh\u00e5ller ofta s\u00e4kerhetsf\u00f6rb\u00e4ttringar.<\/li>\n<\/ol>\n<p>StrangerMeetup erbjuder ett unikt utrymme f\u00f6r anonyma konversationer, men det \u00e4r viktigt f\u00f6r anv\u00e4ndarna att kombinera plattformens s\u00e4kerhetsfunktioner med personlig vaksamhet. Att balansera sp\u00e4nningen i att tr\u00e4ffa nya m\u00e4nniskor med en medvetenhet om digital s\u00e4kerhet kommer att s\u00e4kerst\u00e4lla en positiv och s\u00e4ker upplevelse.<\/p>\n<h2>Slutsats<\/h2>\n<p>StrangerMeetup \u00e4r ett anm\u00e4rkningsv\u00e4rt bevis p\u00e5 hur m\u00e4nsklig interaktion utvecklas i den digitala tids\u00e5ldern. Genom att erbjuda en <a href=\"https:\/\/strangercam.com\/sv\/chat-avenue\/\">aveny<\/a> f\u00f6r anonyma chattar i realtid, \u00f6verbryggar den klyftan mellan kulturer, ideologier och personliga erfarenheter fr\u00e5n hela v\u00e4rlden. Men som med alla digitala plattformar \u00e4r den sammanfl\u00e4tad med de dubbla utmaningarna att garantera s\u00e4kerheten och samtidigt bevara k\u00e4rnan i <a href=\"https:\/\/strangercam.com\/sv\/chatta4gratis\/\">fri<\/a> kommunikation. Genom att kombinera plattformens inbyggda s\u00e4kerhetsfunktioner med personliga f\u00f6rsiktighets\u00e5tg\u00e4rder kan anv\u00e4ndarna ta del av en v\u00e4rld av olika interaktioner, vilket fr\u00e4mjar kontakter och f\u00f6rst\u00e5else i en annars fragmenterad digital v\u00e4rld. Sammanfattningsvis fungerar StrangerMeetup inte bara som en \u00e5terspegling av v\u00e5r globaliserade v\u00e4rlds sammankoppling utan understryker ocks\u00e5 det st\u00e4ndiga behovet av vaksamhet i den stora sf\u00e4ren av onlineinteraktioner.<\/p>","protected":false},"excerpt":{"rendered":"<p>StrangerMeetup has positioned itself in the crowded realm of online chat platforms as a popular choice for those looking to engage in anonymous conversations. Unlike many social media platforms where personal profiles, histories, and pictures dominate, StrangerMeetup offers a fresh perspective. Here, the emphasis is on real-time interaction without the baggage of identity, making it [&hellip;]<\/p>\n","protected":false},"author":6,"featured_media":559,"parent":0,"menu_order":0,"comment_status":"closed","ping_status":"closed","template":"","meta":{"footnotes":""},"class_list":["post-11922","page","type-page","status-publish","has-post-thumbnail","hentry"],"yoast_head":"<!-- This site is optimized with the Yoast SEO plugin v26.9 - https:\/\/yoast.com\/product\/yoast-seo-wordpress\/ -->\n<title>StrangerMeetup - Chat with strangers on StrangerCam.com<\/title>\n<meta name=\"description\" content=\"Like StrangerMeetup? Come chat with more than 5.000.000 strangers on Stranger Cam for Free! Turn on your cam and find new friends &amp; maby a match!\" \/>\n<meta name=\"robots\" content=\"index, follow, max-snippet:-1, max-image-preview:large, max-video-preview:-1\" \/>\n<link rel=\"canonical\" href=\"https:\/\/strangercam.com\/sv\/strangermeetup\/\" \/>\n<meta property=\"og:locale\" content=\"sv_SE\" \/>\n<meta property=\"og:type\" content=\"article\" \/>\n<meta property=\"og:title\" content=\"StrangerMeetup - Chat with strangers on StrangerCam.com\" \/>\n<meta property=\"og:description\" content=\"Like StrangerMeetup? Come chat with more than 5.000.000 strangers on Stranger Cam for Free! Turn on your cam and find new friends &amp; maby a match!\" \/>\n<meta property=\"og:url\" content=\"https:\/\/strangercam.com\/sv\/strangermeetup\/\" \/>\n<meta property=\"og:site_name\" content=\"Strangercam\" \/>\n<meta property=\"article:publisher\" content=\"https:\/\/www.facebook.com\/strangercam\" \/>\n<meta property=\"article:modified_time\" content=\"2023-10-23T10:31:54+00:00\" \/>\n<meta property=\"og:image\" content=\"https:\/\/strangercam.com\/wp-content\/uploads\/2020\/11\/stranger-cam-1.png\" \/>\n\t<meta property=\"og:image:width\" content=\"800\" \/>\n\t<meta property=\"og:image:height\" content=\"800\" \/>\n\t<meta property=\"og:image:type\" content=\"image\/png\" \/>\n<meta name=\"twitter:card\" content=\"summary_large_image\" \/>\n<meta name=\"twitter:site\" content=\"@strangercamapp\" \/>\n<meta name=\"twitter:label1\" content=\"Ber\u00e4knad l\u00e4stid\" \/>\n\t<meta name=\"twitter:data1\" content=\"6 minuter\" \/>\n<script type=\"application\/ld+json\" class=\"yoast-schema-graph\">{\"@context\":\"https:\/\/schema.org\",\"@graph\":[{\"@type\":\"WebPage\",\"@id\":\"https:\/\/strangercam.com\/strangermeetup\/\",\"url\":\"https:\/\/strangercam.com\/strangermeetup\/\",\"name\":\"StrangerMeetup - Chat with strangers on StrangerCam.com\",\"isPartOf\":{\"@id\":\"https:\/\/strangercam.com\/#website\"},\"primaryImageOfPage\":{\"@id\":\"https:\/\/strangercam.com\/strangermeetup\/#primaryimage\"},\"image\":{\"@id\":\"https:\/\/strangercam.com\/strangermeetup\/#primaryimage\"},\"thumbnailUrl\":\"https:\/\/strangercam.com\/wp-content\/uploads\/2020\/11\/stranger-cam-1.png\",\"datePublished\":\"2023-10-23T08:00:20+00:00\",\"dateModified\":\"2023-10-23T10:31:54+00:00\",\"description\":\"Like StrangerMeetup? Come chat with more than 5.000.000 strangers on Stranger Cam for Free! Turn on your cam and find new friends & maby a match!\",\"breadcrumb\":{\"@id\":\"https:\/\/strangercam.com\/strangermeetup\/#breadcrumb\"},\"inLanguage\":\"sv-SE\",\"potentialAction\":[{\"@type\":\"ReadAction\",\"target\":[\"https:\/\/strangercam.com\/strangermeetup\/\"]}]},{\"@type\":\"ImageObject\",\"inLanguage\":\"sv-SE\",\"@id\":\"https:\/\/strangercam.com\/strangermeetup\/#primaryimage\",\"url\":\"https:\/\/strangercam.com\/wp-content\/uploads\/2020\/11\/stranger-cam-1.png\",\"contentUrl\":\"https:\/\/strangercam.com\/wp-content\/uploads\/2020\/11\/stranger-cam-1.png\",\"width\":800,\"height\":800,\"caption\":\"stranger cam random video chat\"},{\"@type\":\"BreadcrumbList\",\"@id\":\"https:\/\/strangercam.com\/strangermeetup\/#breadcrumb\",\"itemListElement\":[{\"@type\":\"ListItem\",\"position\":1,\"name\":\"Home\",\"item\":\"https:\/\/strangercam.com\/\"},{\"@type\":\"ListItem\",\"position\":2,\"name\":\"StrangerMeetup\"}]},{\"@type\":\"WebSite\",\"@id\":\"https:\/\/strangercam.com\/#website\",\"url\":\"https:\/\/strangercam.com\/\",\"name\":\"Strangercam\",\"description\":\"Random Video Chat with Strangers\",\"publisher\":{\"@id\":\"https:\/\/strangercam.com\/#organization\"},\"alternateName\":\"Strangercam.com\",\"potentialAction\":[{\"@type\":\"SearchAction\",\"target\":{\"@type\":\"EntryPoint\",\"urlTemplate\":\"https:\/\/strangercam.com\/?s={search_term_string}\"},\"query-input\":{\"@type\":\"PropertyValueSpecification\",\"valueRequired\":true,\"valueName\":\"search_term_string\"}}],\"inLanguage\":\"sv-SE\"},{\"@type\":\"Organization\",\"@id\":\"https:\/\/strangercam.com\/#organization\",\"name\":\"Strangercam\",\"alternateName\":\"Strangercam.com\",\"url\":\"https:\/\/strangercam.com\/\",\"logo\":{\"@type\":\"ImageObject\",\"inLanguage\":\"sv-SE\",\"@id\":\"https:\/\/strangercam.com\/#\/schema\/logo\/image\/\",\"url\":\"https:\/\/strangercam.com\/wp-content\/uploads\/2020\/11\/cropped-new-favicon-black.png\",\"contentUrl\":\"https:\/\/strangercam.com\/wp-content\/uploads\/2020\/11\/cropped-new-favicon-black.png\",\"width\":512,\"height\":512,\"caption\":\"Strangercam\"},\"image\":{\"@id\":\"https:\/\/strangercam.com\/#\/schema\/logo\/image\/\"},\"sameAs\":[\"https:\/\/www.facebook.com\/strangercam\",\"https:\/\/x.com\/strangercamapp\"]}]}<\/script>\n<!-- \/ Yoast SEO plugin. -->","yoast_head_json":{"title":"StrangerMeetup - Chatta med fr\u00e4mlingar p\u00e5 StrangerCam.com","description":"Gillar du StrangerMeetup? Kom och chatta med mer \u00e4n 5.000.000 fr\u00e4mlingar p\u00e5 Stranger Cam helt gratis! Sl\u00e5 p\u00e5 din kamera och hitta nya v\u00e4nner och kanske en match!","robots":{"index":"index","follow":"follow","max-snippet":"max-snippet:-1","max-image-preview":"max-image-preview:large","max-video-preview":"max-video-preview:-1"},"canonical":"https:\/\/strangercam.com\/sv\/strangermeetup\/","og_locale":"sv_SE","og_type":"article","og_title":"StrangerMeetup - Chat with strangers on StrangerCam.com","og_description":"Like StrangerMeetup? Come chat with more than 5.000.000 strangers on Stranger Cam for Free! Turn on your cam and find new friends & maby a match!","og_url":"https:\/\/strangercam.com\/sv\/strangermeetup\/","og_site_name":"Strangercam","article_publisher":"https:\/\/www.facebook.com\/strangercam","article_modified_time":"2023-10-23T10:31:54+00:00","og_image":[{"width":800,"height":800,"url":"https:\/\/strangercam.com\/wp-content\/uploads\/2020\/11\/stranger-cam-1.png","type":"image\/png"}],"twitter_card":"summary_large_image","twitter_site":"@strangercamapp","twitter_misc":{"Ber\u00e4knad l\u00e4stid":"6 minuter"},"schema":{"@context":"https:\/\/schema.org","@graph":[{"@type":"WebPage","@id":"https:\/\/strangercam.com\/strangermeetup\/","url":"https:\/\/strangercam.com\/strangermeetup\/","name":"StrangerMeetup - Chatta med fr\u00e4mlingar p\u00e5 StrangerCam.com","isPartOf":{"@id":"https:\/\/strangercam.com\/#website"},"primaryImageOfPage":{"@id":"https:\/\/strangercam.com\/strangermeetup\/#primaryimage"},"image":{"@id":"https:\/\/strangercam.com\/strangermeetup\/#primaryimage"},"thumbnailUrl":"https:\/\/strangercam.com\/wp-content\/uploads\/2020\/11\/stranger-cam-1.png","datePublished":"2023-10-23T08:00:20+00:00","dateModified":"2023-10-23T10:31:54+00:00","description":"Gillar du StrangerMeetup? Kom och chatta med mer \u00e4n 5.000.000 fr\u00e4mlingar p\u00e5 Stranger Cam helt gratis! Sl\u00e5 p\u00e5 din kamera och hitta nya v\u00e4nner och kanske en match!","breadcrumb":{"@id":"https:\/\/strangercam.com\/strangermeetup\/#breadcrumb"},"inLanguage":"sv-SE","potentialAction":[{"@type":"ReadAction","target":["https:\/\/strangercam.com\/strangermeetup\/"]}]},{"@type":"ImageObject","inLanguage":"sv-SE","@id":"https:\/\/strangercam.com\/strangermeetup\/#primaryimage","url":"https:\/\/strangercam.com\/wp-content\/uploads\/2020\/11\/stranger-cam-1.png","contentUrl":"https:\/\/strangercam.com\/wp-content\/uploads\/2020\/11\/stranger-cam-1.png","width":800,"height":800,"caption":"stranger cam random video chat"},{"@type":"BreadcrumbList","@id":"https:\/\/strangercam.com\/strangermeetup\/#breadcrumb","itemListElement":[{"@type":"ListItem","position":1,"name":"Home","item":"https:\/\/strangercam.com\/"},{"@type":"ListItem","position":2,"name":"StrangerMeetup"}]},{"@type":"WebSite","@id":"https:\/\/strangercam.com\/#website","url":"https:\/\/strangercam.com\/","name":"Strangercam","description":"Slumpm\u00e4ssig videochatt med fr\u00e4mlingar","publisher":{"@id":"https:\/\/strangercam.com\/#organization"},"alternateName":"Strangercam.com","potentialAction":[{"@type":"SearchAction","target":{"@type":"EntryPoint","urlTemplate":"https:\/\/strangercam.com\/?s={search_term_string}"},"query-input":{"@type":"PropertyValueSpecification","valueRequired":true,"valueName":"search_term_string"}}],"inLanguage":"sv-SE"},{"@type":"Organization","@id":"https:\/\/strangercam.com\/#organization","name":"Strangercam","alternateName":"Strangercam.com","url":"https:\/\/strangercam.com\/","logo":{"@type":"ImageObject","inLanguage":"sv-SE","@id":"https:\/\/strangercam.com\/#\/schema\/logo\/image\/","url":"https:\/\/strangercam.com\/wp-content\/uploads\/2020\/11\/cropped-new-favicon-black.png","contentUrl":"https:\/\/strangercam.com\/wp-content\/uploads\/2020\/11\/cropped-new-favicon-black.png","width":512,"height":512,"caption":"Strangercam"},"image":{"@id":"https:\/\/strangercam.com\/#\/schema\/logo\/image\/"},"sameAs":["https:\/\/www.facebook.com\/strangercam","https:\/\/x.com\/strangercamapp"]}]}},"_links":{"self":[{"href":"https:\/\/strangercam.com\/sv\/wp-json\/wp\/v2\/pages\/11922","targetHints":{"allow":["GET"]}}],"collection":[{"href":"https:\/\/strangercam.com\/sv\/wp-json\/wp\/v2\/pages"}],"about":[{"href":"https:\/\/strangercam.com\/sv\/wp-json\/wp\/v2\/types\/page"}],"author":[{"embeddable":true,"href":"https:\/\/strangercam.com\/sv\/wp-json\/wp\/v2\/users\/6"}],"replies":[{"embeddable":true,"href":"https:\/\/strangercam.com\/sv\/wp-json\/wp\/v2\/comments?post=11922"}],"version-history":[{"count":0,"href":"https:\/\/strangercam.com\/sv\/wp-json\/wp\/v2\/pages\/11922\/revisions"}],"wp:featuredmedia":[{"embeddable":true,"href":"https:\/\/strangercam.com\/sv\/wp-json\/wp\/v2\/media\/559"}],"wp:attachment":[{"href":"https:\/\/strangercam.com\/sv\/wp-json\/wp\/v2\/media?parent=11922"}],"curies":[{"name":"wp","href":"https:\/\/api.w.org\/{rel}","templated":true}]}}