{"id":11273,"date":"2022-08-11T20:04:37","date_gmt":"2022-08-11T18:04:37","guid":{"rendered":"https:\/\/strangercam.com\/?page_id=11273"},"modified":"2023-08-21T11:40:07","modified_gmt":"2023-08-21T09:40:07","slug":"321chat","status":"publish","type":"page","link":"https:\/\/strangercam.com\/sv\/321chat\/","title":{"rendered":"321chat"},"content":{"rendered":"<p>Vi k\u00e4nner alla igen k\u00e4nslan av att vara obekv\u00e4m n\u00e4r vi befinner oss i en social situation och inte k\u00e4nner n\u00e5gon. \u00c4ven om det finns andra m\u00e4nniskor runt omkring kan det k\u00e4nnas som om vi \u00e4r de enda i rummet. Men t\u00e4nk om det fanns ett s\u00e4tt att prata med fr\u00e4mlingar som inte innebar n\u00e5gon av besv\u00e4rligheterna eller stressen?<\/p>\n<p>Introduktion <a href=\"https:\/\/strangercam.com\/sv\/strangermeetup\/\">321chat<\/a>, a <a href=\"https:\/\/strangercam.com\/sv\/chatroulette\/\">chatt<\/a> webbplats som l\u00e5ter dig komma i kontakt med m\u00e4nniskor fr\u00e5n hela v\u00e4rlden. Oavsett om du letar efter en ny v\u00e4n eller bara vill chatta om dina hobbyer \u00e4r 321chat den perfekta platsen f\u00f6r dig.<\/p>\n<h2>Vad \u00e4r 321chat?<\/h2>\n<p>321chat \u00e4r en webbplats som tillhandah\u00e5ller en plattform f\u00f6r m\u00e4nniskor att chatta med fr\u00e4mlingar. Webbplatsen \u00e4r utformad f\u00f6r att underl\u00e4tta anonyma konversationer mellan tv\u00e5 personer.<\/p>\n<p>321chat kr\u00e4ver ingen registrering eller personlig information. Allt du beh\u00f6ver g\u00f6ra \u00e4r att v\u00e4lja ett anv\u00e4ndarnamn och b\u00f6rja chatta.<\/p>\n<p>Konversationerna p\u00e5 321chat \u00e4r helt anonyma. Det betyder att du kan s\u00e4ga vad du vill utan att oroa dig f\u00f6r att bli bed\u00f6md.<\/p>\n<p>321chat \u00e4r en fantastisk plats f\u00f6r att prata om allt och ingenting. Du kan prata om din dag, dina hobbies, dina tankar och allt annat som du vill prata om.<\/p>\n<p>Om du k\u00e4nner dig ensam eller bara vill ha n\u00e5gon att prata med \u00e4r 321chat den perfekta platsen f\u00f6r dig. Du kan hitta m\u00e4nniskor som delar dina intressen och bygga nya relationer.<\/p>\n<h2>Hur fungerar 321chat?<\/h2>\n<p>321chat \u00e4r en webbplats som g\u00f6r att du kan chatta med fr\u00e4mlingar fr\u00e5n hela v\u00e4rlden.<\/p>\n<p>Du kan b\u00f6rja chatta genom att skriva in ditt namn och v\u00e4lja ett chattrum. N\u00e4r du \u00e4r i chattrummet kan du se de andra anv\u00e4ndarna i rummet och b\u00f6rja chatta med dem.<\/p>\n<p>Konversationerna i 321chat \u00e4r anonyma, vilket inneb\u00e4r att du kan s\u00e4ga vad du vill utan att oroa dig f\u00f6r att bli bed\u00f6md.<\/p>\n<p>321chat \u00e4r ett bra s\u00e4tt att <a href=\"https:\/\/strangercam.com\/sv\/coomeet\/\">tr\u00e4ffas<\/a> nya m\u00e4nniskor och f\u00e5 nya v\u00e4nner. Det \u00e4r ocks\u00e5 ett bra s\u00e4tt att l\u00e4ra sig mer om andra kulturer och \u00f6va upp sina kunskaper i engelska.<\/p>\n<h2>Hur man startar en konversation p\u00e5 321chat<\/h2>\n<p>Att starta en konversation p\u00e5 321chat kan vara enkelt om du vet hur du ska g\u00e5 tillv\u00e4ga. Nyckeln \u00e4r att vara dig sj\u00e4lv och inte vara r\u00e4dd f\u00f6r att st\u00e4lla fr\u00e5gor.<\/p>\n<p>N\u00e4r du b\u00f6rjar chatta med n\u00e5gon \u00e4r det viktigt att du presenterar dig. Det hj\u00e4lper den andra personen att k\u00e4nna sig mer bekv\u00e4m med att prata med dig. N\u00e4r du har presenterat dig kan du b\u00f6rja st\u00e4lla fr\u00e5gor om den andra personen.<\/p>\n<p>Det \u00e4r ocks\u00e5 viktigt att vara en aktiv lyssnare n\u00e4r du chattar med n\u00e5gon. Det inneb\u00e4r att du ska vara uppm\u00e4rksam p\u00e5 vad den andra personen s\u00e4ger och f\u00f6rs\u00f6ka delta i samtalet. V\u00e4nta inte bara p\u00e5 att det blir din tur att tala!<\/p>\n<p>Om du har problem med att t\u00e4nka p\u00e5 saker att s\u00e4ga kan du alltid fr\u00e5ga den andra personen om deras hobbyer eller intressen. M\u00e4nniskor \u00e4lskar att prata om sig sj\u00e4lva, s\u00e5 det h\u00e4r \u00e4r ett bra s\u00e4tt att f\u00e5 ig\u00e5ng konversationen.<\/p>\n<p>Slutligen, gl\u00f6m inte att ha kul! Att chatta med fr\u00e4mlingar kan vara ett bra s\u00e4tt att f\u00e5 nya v\u00e4nner, s\u00e5 ha roligt och var inte r\u00e4dd f\u00f6r att vara dig sj\u00e4lv.<\/p>\n<h2>Vad du ska g\u00f6ra om du k\u00e4nner dig blyg p\u00e5 321chat<\/h2>\n<p>Om du k\u00e4nner dig blyg p\u00e5 321chat, oroa dig inte! Det finns massor av saker du kan g\u00f6ra f\u00f6r att g\u00f6ra upplevelsen roligare.<\/p>\n<p>Ta f\u00f6rst ett djupt andetag och slappna av. Det \u00e4r viktigt att komma ih\u00e5g att alla bara \u00e4r h\u00e4r f\u00f6r att prata och ha kul. Det finns ingen anledning att vara nerv\u00f6s.<\/p>\n<p>F\u00f6r det andra, b\u00f6rja med att chatta med personer som \u00e4r i samma rum som du. P\u00e5 s\u00e5 s\u00e4tt kan du l\u00e4ra k\u00e4nna dem lite innan du g\u00e5r vidare till privata chattar.<\/p>\n<p>F\u00f6r det tredje, f\u00f6rs\u00f6k att vara dig sj\u00e4lv! Var v\u00e4nlig och \u00f6ppen, s\u00e5 kommer folk att svara p\u00e5 samma s\u00e4tt. Var inte r\u00e4dd f\u00f6r att st\u00e4lla fr\u00e5gor eller starta konversationer.<\/p>\n<p>F\u00f6r det fj\u00e4rde, om du n\u00e5gonsin k\u00e4nner dig obekv\u00e4m kan du alltid bara l\u00e4mna chattrummet. Ingen kommer att tvinga dig att stanna om du inte har roligt.<\/p>\n<p>S\u00e5 g\u00e5 vidare och ge 321chat ett f\u00f6rs\u00f6k! Vi lovar att du kommer att ha roligt.<\/p>\n<h2>Vilka \u00e4r f\u00f6rdelarna med att prata med fr\u00e4mlingar p\u00e5 321chat?<\/h2>\n<p>Vi k\u00e4nner alla igen k\u00e4nslan av obehag n\u00e4r vi befinner oss i en social situation d\u00e4r vi inte k\u00e4nner n\u00e5gon. Det ligger i m\u00e4nniskans natur att vilja knyta an till andra, och ibland \u00e4r det b\u00e4sta s\u00e4ttet att g\u00f6ra det genom att prata med fr\u00e4mlingar.<\/p>\n<p>Det finns faktiskt en hel del f\u00f6rdelar med att prata med fr\u00e4mlingar p\u00e5 321chat. F\u00f6r det f\u00f6rsta kan det hj\u00e4lpa dig att \u00f6va upp dina sociala f\u00e4rdigheter. Om du \u00e4r blyg eller introvert kan det vara ett bra s\u00e4tt att bygga upp ditt sj\u00e4lvf\u00f6rtroende genom att prata med fr\u00e4mlingar.<\/p>\n<p>Det kan ocks\u00e5 hj\u00e4lpa dig att ut\u00f6ka din sociala krets. Du vet aldrig, du kanske tr\u00e4ffar n\u00e5gon p\u00e5 321chat som blir en god v\u00e4n eller \u00e4nnu mer.<\/p>\n<p>Att prata med fr\u00e4mlingar kan ocks\u00e5 vara ett bra s\u00e4tt att l\u00e4ra sig om nya kulturer och erfarenheter. Du kommer att bli f\u00f6rv\u00e5nad \u00f6ver hur mycket du kan l\u00e4ra dig om n\u00e5gon bara genom att prata med dem i n\u00e5gra minuter.<\/p>\n<p>S\u00e5 n\u00e4sta g\u00e5ng du befinner dig p\u00e5 321chat, var inte r\u00e4dd f\u00f6r att b\u00f6rja prata med n\u00e5gon ny. Du kanske uppt\u00e4cker att det \u00e4r det b\u00e4sta beslut du n\u00e5gonsin har fattat!<\/p>\n<h2>F\u00f6r- och nackdelar med 321chat<\/h2>\n<p>N\u00e5gra f\u00f6rdelar med 321chat \u00e4r att det \u00e4r en gratis och s\u00e4ker chattwebbplats, att den har en stor anv\u00e4ndarbas och att den finns tillg\u00e4nglig p\u00e5 m\u00e5nga spr\u00e5k. Dessutom tillhandah\u00e5ller 321chat funktioner som gruppchatt, VoIP-samtal och fildelning.<\/p>\n<p>N\u00e5gra nackdelar med 321chat \u00e4r dock att det kan vara sv\u00e5rt att hitta v\u00e4nner p\u00e5 webbplatsen och att den ibland kan vara l\u00e5ngsam.<\/p>\n<h2>Hur f\u00e5r man ut det mesta av 321chat?<\/h2>\n<p>321chat \u00e4r ett bra s\u00e4tt att f\u00e5 nya v\u00e4nner och f\u00e5 kontakt med m\u00e4nniskor fr\u00e5n hela v\u00e4rlden. Det \u00e4r ocks\u00e5 ett bra s\u00e4tt att ha konversationer med fr\u00e4mlingar, vilket kan vara riktigt kul!<\/p>\n<p>Det finns n\u00e5gra saker som du kan g\u00f6ra f\u00f6r att f\u00e5 ut mesta m\u00f6jliga av 321chat:<\/p>\n<ol>\n<li>Anv\u00e4nd chatten f\u00f6r att ha avslappnade konversationer med fr\u00e4mlingar. Det \u00e4r ett bra s\u00e4tt att l\u00e4ra sig mer om dem och eventuellt inleda en v\u00e4nskap.<\/li>\n<li>Anv\u00e4nd chatten f\u00f6r att hitta information eller r\u00e5d. Om du letar efter information om ett \u00e4mne kan det vara snabbare och enklare att anv\u00e4nda chatten \u00e4n att s\u00f6ka p\u00e5 n\u00e4tet.<\/li>\n<li>Anv\u00e4nd chatten som ett tillf\u00e4lle att \u00f6va upp dina kunskaper i talad engelska. Du vet aldrig n\u00e4r du kan beh\u00f6va anv\u00e4nda engelska i en intervju eller konversation utanf\u00f6r 321chat!<\/li>\n<\/ol>\n<h2>\u00c4r det s\u00e4kert att anv\u00e4nda?<\/h2>\n<p>Det r\u00e5der ingen tvekan om att det \u00e4r en rolig och sp\u00e4nnande upplevelse att prata med fr\u00e4mlingar p\u00e5 chatt. Det \u00e4r dock viktigt att komma ih\u00e5g att det fortfarande \u00e4r mycket viktigt att vara f\u00f6rsiktig n\u00e4r man deltar i chattkonversationer.<\/p>\n<p>Ett av de st\u00f6rsta s\u00e4kerhetsproblemen n\u00e4r man anv\u00e4nder chatt \u00e4r cybermobbning. Cybermobbning avser alla typer av trakasserier online eller offline som sker mellan personer som k\u00e4nner varandra. Det kan handla om att skicka s\u00e5rande meddelanden, g\u00f6ra narr av n\u00e5gon eller l\u00e4gga upp pinsamma foton.<\/p>\n<p>Det \u00e4r viktigt att komma ih\u00e5g att du har att g\u00f6ra med m\u00e4nniskor du inte k\u00e4nner i en offentlig milj\u00f6. <a href=\"https:\/\/strangercam.com\/sv\/mocospace\/\">utrymme<\/a>. Det inneb\u00e4r att de n\u00e4r som helst kan bli uppr\u00f6rda eller arga p\u00e5 dig. Om du k\u00e4nner dig obehaglig till mods eller hotad ska du omedelbart sluta kommunicera med personen.<\/p>\n<h2>F\u00f6rebyggande \u00e5tg\u00e4rder vid anv\u00e4ndning av slumpm\u00e4ssig videochatt<\/h2>\n<p>Ett av de b\u00e4sta s\u00e4tten att f\u00f6rhindra att du blir attackerad eller trakasserad n\u00e4r du anv\u00e4nder <a href=\"https:\/\/strangercam.com\/sv\/chathub\/\">slumpm\u00e4ssig videochatt<\/a> \u00e4r att vidta proaktiva \u00e5tg\u00e4rder. H\u00e4r \u00e4r n\u00e5gra tips att f\u00f6lja:<\/p>\n<ol>\n<li>Anv\u00e4nd alltid ett VPN n\u00e4r du anv\u00e4nder slumpm\u00e4ssig videochatt. Ett VPN krypterar dina data och skyddar dem fr\u00e5n att ses av n\u00e5gon annan p\u00e5 n\u00e4tverket. Detta hj\u00e4lper dig att undvika potentiella attacker eller trakasserier.<\/li>\n<li>Anv\u00e4nd alltid ett annat anv\u00e4ndarnamn och l\u00f6senord f\u00f6r varje slumpm\u00e4ssigt videochattkonto du skapar. P\u00e5 s\u00e5 s\u00e4tt, om n\u00e5gon attackerar eller trakasserar dig, kommer de inte att kunna komma \u00e5t dina andra konton med det anv\u00e4ndarnamnet och l\u00f6senordet.<\/li>\n<li>Dela inte personlig information som ditt fullst\u00e4ndiga namn eller din adress med fr\u00e4mlingar i slumpm\u00e4ssiga videochattar. Om n\u00e5gon attackerar eller trakasserar dig kan de ta reda p\u00e5 mer om dig p\u00e5 det h\u00e4r s\u00e4ttet.<\/li>\n<\/ol>\n<p>Genom att f\u00f6lja dessa f\u00f6rsiktighets\u00e5tg\u00e4rder kan du s\u00e4kerst\u00e4lla att du f\u00e5r en s\u00e4ker och trevlig upplevelse med hj\u00e4lp av slumpm\u00e4ssig videochatt<\/p>\n<h2>Slutsats<\/h2>\n<p>321chat \u00e4r en stor resurs f\u00f6r m\u00e4nniskor som vill f\u00e5 v\u00e4nner eller hitta nya. Chattrummet \u00e4r \u00f6ppet 24\/7, och du kan g\u00e5 med genom att skriva in din stad eller ditt land och klicka p\u00e5 l\u00e4nken. N\u00e4r du \u00e4r inloggad \u00e4r det bara att b\u00f6rja chatta med n\u00e5gon som ser intressant ut! Du vet aldrig vad f\u00f6r slags v\u00e4nskap du kan f\u00e5 p\u00e5 det h\u00e4r s\u00e4ttet.<\/p>","protected":false},"excerpt":{"rendered":"<p>We all know that feeling of awkwardness when we&#8217;re in a social situation and we don&#8217;t know anyone. Even if there are other people around, it can feel like we&#8217;re the only ones in the room. But what if there was a way to talk to strangers that didn&#8217;t involve any of the awkwardness or [&hellip;]<\/p>\n","protected":false},"author":6,"featured_media":559,"parent":0,"menu_order":0,"comment_status":"closed","ping_status":"closed","template":"","meta":{"footnotes":""},"class_list":["post-11273","page","type-page","status-publish","has-post-thumbnail","hentry"],"yoast_head":"<!-- This site is optimized with the Yoast SEO plugin v27.4 - https:\/\/yoast.com\/product\/yoast-seo-wordpress\/ -->\n<title>321chat - Chat with strangers on StrangerCam.com<\/title>\n<meta name=\"description\" content=\"Like 321chat? Come chat with more than 5.000.000 strangers on Stranger Cam for Free! Turn on your cam and find new friends &amp; maby a match!\" \/>\n<meta name=\"robots\" content=\"index, follow, max-snippet:-1, max-image-preview:large, max-video-preview:-1\" \/>\n<link rel=\"canonical\" href=\"https:\/\/strangercam.com\/sv\/321chat\/\" \/>\n<meta property=\"og:locale\" content=\"sv_SE\" \/>\n<meta property=\"og:type\" content=\"article\" \/>\n<meta property=\"og:title\" content=\"321chat - Chat with strangers on StrangerCam.com\" \/>\n<meta property=\"og:description\" content=\"Like 321chat? Come chat with more than 5.000.000 strangers on Stranger Cam for Free! Turn on your cam and find new friends &amp; maby a match!\" \/>\n<meta property=\"og:url\" content=\"https:\/\/strangercam.com\/sv\/321chat\/\" \/>\n<meta property=\"og:site_name\" content=\"Strangercam\" \/>\n<meta property=\"article:publisher\" content=\"https:\/\/www.facebook.com\/strangercam\" \/>\n<meta property=\"article:modified_time\" content=\"2023-08-21T09:40:07+00:00\" \/>\n<meta property=\"og:image\" content=\"https:\/\/strangercam.com\/wp-content\/uploads\/2020\/11\/stranger-cam-1.png\" \/>\n\t<meta property=\"og:image:width\" content=\"800\" \/>\n\t<meta property=\"og:image:height\" content=\"800\" \/>\n\t<meta property=\"og:image:type\" content=\"image\/png\" \/>\n<meta name=\"twitter:card\" content=\"summary_large_image\" \/>\n<meta name=\"twitter:site\" content=\"@strangercamapp\" \/>\n<meta name=\"twitter:label1\" content=\"Ber\u00e4knad l\u00e4stid\" \/>\n\t<meta name=\"twitter:data1\" content=\"7 minuter\" \/>\n<script type=\"application\/ld+json\" class=\"yoast-schema-graph\">{\"@context\":\"https:\\\/\\\/schema.org\",\"@graph\":[{\"@type\":\"WebPage\",\"@id\":\"https:\\\/\\\/strangercam.com\\\/321chat\\\/\",\"url\":\"https:\\\/\\\/strangercam.com\\\/321chat\\\/\",\"name\":\"321chat - Chat with strangers on StrangerCam.com\",\"isPartOf\":{\"@id\":\"https:\\\/\\\/strangercam.com\\\/#website\"},\"primaryImageOfPage\":{\"@id\":\"https:\\\/\\\/strangercam.com\\\/321chat\\\/#primaryimage\"},\"image\":{\"@id\":\"https:\\\/\\\/strangercam.com\\\/321chat\\\/#primaryimage\"},\"thumbnailUrl\":\"https:\\\/\\\/strangercam.com\\\/wp-content\\\/uploads\\\/2020\\\/11\\\/stranger-cam-1.png\",\"datePublished\":\"2022-08-11T18:04:37+00:00\",\"dateModified\":\"2023-08-21T09:40:07+00:00\",\"description\":\"Like 321chat? Come chat with more than 5.000.000 strangers on Stranger Cam for Free! Turn on your cam and find new friends & maby a match!\",\"breadcrumb\":{\"@id\":\"https:\\\/\\\/strangercam.com\\\/321chat\\\/#breadcrumb\"},\"inLanguage\":\"sv-SE\",\"potentialAction\":[{\"@type\":\"ReadAction\",\"target\":[\"https:\\\/\\\/strangercam.com\\\/321chat\\\/\"]}]},{\"@type\":\"ImageObject\",\"inLanguage\":\"sv-SE\",\"@id\":\"https:\\\/\\\/strangercam.com\\\/321chat\\\/#primaryimage\",\"url\":\"https:\\\/\\\/strangercam.com\\\/wp-content\\\/uploads\\\/2020\\\/11\\\/stranger-cam-1.png\",\"contentUrl\":\"https:\\\/\\\/strangercam.com\\\/wp-content\\\/uploads\\\/2020\\\/11\\\/stranger-cam-1.png\",\"width\":800,\"height\":800,\"caption\":\"stranger cam random video chat\"},{\"@type\":\"BreadcrumbList\",\"@id\":\"https:\\\/\\\/strangercam.com\\\/321chat\\\/#breadcrumb\",\"itemListElement\":[{\"@type\":\"ListItem\",\"position\":1,\"name\":\"Home\",\"item\":\"https:\\\/\\\/strangercam.com\\\/\"},{\"@type\":\"ListItem\",\"position\":2,\"name\":\"321chat\"}]},{\"@type\":\"WebSite\",\"@id\":\"https:\\\/\\\/strangercam.com\\\/#website\",\"url\":\"https:\\\/\\\/strangercam.com\\\/\",\"name\":\"Strangercam\",\"description\":\"Random Video Chat with Strangers\",\"publisher\":{\"@id\":\"https:\\\/\\\/strangercam.com\\\/#organization\"},\"alternateName\":\"Strangercam.com\",\"potentialAction\":[{\"@type\":\"SearchAction\",\"target\":{\"@type\":\"EntryPoint\",\"urlTemplate\":\"https:\\\/\\\/strangercam.com\\\/?s={search_term_string}\"},\"query-input\":{\"@type\":\"PropertyValueSpecification\",\"valueRequired\":true,\"valueName\":\"search_term_string\"}}],\"inLanguage\":\"sv-SE\"},{\"@type\":\"Organization\",\"@id\":\"https:\\\/\\\/strangercam.com\\\/#organization\",\"name\":\"Strangercam\",\"alternateName\":\"Strangercam.com\",\"url\":\"https:\\\/\\\/strangercam.com\\\/\",\"logo\":{\"@type\":\"ImageObject\",\"inLanguage\":\"sv-SE\",\"@id\":\"https:\\\/\\\/strangercam.com\\\/#\\\/schema\\\/logo\\\/image\\\/\",\"url\":\"https:\\\/\\\/strangercam.com\\\/wp-content\\\/uploads\\\/2020\\\/11\\\/cropped-new-favicon-black.png\",\"contentUrl\":\"https:\\\/\\\/strangercam.com\\\/wp-content\\\/uploads\\\/2020\\\/11\\\/cropped-new-favicon-black.png\",\"width\":512,\"height\":512,\"caption\":\"Strangercam\"},\"image\":{\"@id\":\"https:\\\/\\\/strangercam.com\\\/#\\\/schema\\\/logo\\\/image\\\/\"},\"sameAs\":[\"https:\\\/\\\/www.facebook.com\\\/strangercam\",\"https:\\\/\\\/x.com\\\/strangercamapp\"]}]}<\/script>\n<!-- \/ Yoast SEO plugin. -->","yoast_head_json":{"title":"321chat - Chatta med fr\u00e4mlingar p\u00e5 StrangerCam.com","description":"Gillar du 321chat? Kom och chatta med mer \u00e4n 5.000.000 fr\u00e4mlingar p\u00e5 Stranger Cam helt gratis! Sl\u00e5 p\u00e5 din kamera och hitta nya v\u00e4nner och kanske en match!","robots":{"index":"index","follow":"follow","max-snippet":"max-snippet:-1","max-image-preview":"max-image-preview:large","max-video-preview":"max-video-preview:-1"},"canonical":"https:\/\/strangercam.com\/sv\/321chat\/","og_locale":"sv_SE","og_type":"article","og_title":"321chat - Chat with strangers on StrangerCam.com","og_description":"Like 321chat? Come chat with more than 5.000.000 strangers on Stranger Cam for Free! Turn on your cam and find new friends & maby a match!","og_url":"https:\/\/strangercam.com\/sv\/321chat\/","og_site_name":"Strangercam","article_publisher":"https:\/\/www.facebook.com\/strangercam","article_modified_time":"2023-08-21T09:40:07+00:00","og_image":[{"width":800,"height":800,"url":"https:\/\/strangercam.com\/wp-content\/uploads\/2020\/11\/stranger-cam-1.png","type":"image\/png"}],"twitter_card":"summary_large_image","twitter_site":"@strangercamapp","twitter_misc":{"Ber\u00e4knad l\u00e4stid":"7 minuter"},"schema":{"@context":"https:\/\/schema.org","@graph":[{"@type":"WebPage","@id":"https:\/\/strangercam.com\/321chat\/","url":"https:\/\/strangercam.com\/321chat\/","name":"321chat - Chatta med fr\u00e4mlingar p\u00e5 StrangerCam.com","isPartOf":{"@id":"https:\/\/strangercam.com\/#website"},"primaryImageOfPage":{"@id":"https:\/\/strangercam.com\/321chat\/#primaryimage"},"image":{"@id":"https:\/\/strangercam.com\/321chat\/#primaryimage"},"thumbnailUrl":"https:\/\/strangercam.com\/wp-content\/uploads\/2020\/11\/stranger-cam-1.png","datePublished":"2022-08-11T18:04:37+00:00","dateModified":"2023-08-21T09:40:07+00:00","description":"Gillar du 321chat? Kom och chatta med mer \u00e4n 5.000.000 fr\u00e4mlingar p\u00e5 Stranger Cam helt gratis! Sl\u00e5 p\u00e5 din kamera och hitta nya v\u00e4nner och kanske en match!","breadcrumb":{"@id":"https:\/\/strangercam.com\/321chat\/#breadcrumb"},"inLanguage":"sv-SE","potentialAction":[{"@type":"ReadAction","target":["https:\/\/strangercam.com\/321chat\/"]}]},{"@type":"ImageObject","inLanguage":"sv-SE","@id":"https:\/\/strangercam.com\/321chat\/#primaryimage","url":"https:\/\/strangercam.com\/wp-content\/uploads\/2020\/11\/stranger-cam-1.png","contentUrl":"https:\/\/strangercam.com\/wp-content\/uploads\/2020\/11\/stranger-cam-1.png","width":800,"height":800,"caption":"stranger cam random video chat"},{"@type":"BreadcrumbList","@id":"https:\/\/strangercam.com\/321chat\/#breadcrumb","itemListElement":[{"@type":"ListItem","position":1,"name":"Home","item":"https:\/\/strangercam.com\/"},{"@type":"ListItem","position":2,"name":"321chat"}]},{"@type":"WebSite","@id":"https:\/\/strangercam.com\/#website","url":"https:\/\/strangercam.com\/","name":"Strangercam","description":"Slumpm\u00e4ssig videochatt med fr\u00e4mlingar","publisher":{"@id":"https:\/\/strangercam.com\/#organization"},"alternateName":"Strangercam.com","potentialAction":[{"@type":"SearchAction","target":{"@type":"EntryPoint","urlTemplate":"https:\/\/strangercam.com\/?s={search_term_string}"},"query-input":{"@type":"PropertyValueSpecification","valueRequired":true,"valueName":"search_term_string"}}],"inLanguage":"sv-SE"},{"@type":"Organization","@id":"https:\/\/strangercam.com\/#organization","name":"Strangercam","alternateName":"Strangercam.com","url":"https:\/\/strangercam.com\/","logo":{"@type":"ImageObject","inLanguage":"sv-SE","@id":"https:\/\/strangercam.com\/#\/schema\/logo\/image\/","url":"https:\/\/strangercam.com\/wp-content\/uploads\/2020\/11\/cropped-new-favicon-black.png","contentUrl":"https:\/\/strangercam.com\/wp-content\/uploads\/2020\/11\/cropped-new-favicon-black.png","width":512,"height":512,"caption":"Strangercam"},"image":{"@id":"https:\/\/strangercam.com\/#\/schema\/logo\/image\/"},"sameAs":["https:\/\/www.facebook.com\/strangercam","https:\/\/x.com\/strangercamapp"]}]}},"_links":{"self":[{"href":"https:\/\/strangercam.com\/sv\/wp-json\/wp\/v2\/pages\/11273","targetHints":{"allow":["GET"]}}],"collection":[{"href":"https:\/\/strangercam.com\/sv\/wp-json\/wp\/v2\/pages"}],"about":[{"href":"https:\/\/strangercam.com\/sv\/wp-json\/wp\/v2\/types\/page"}],"author":[{"embeddable":true,"href":"https:\/\/strangercam.com\/sv\/wp-json\/wp\/v2\/users\/6"}],"replies":[{"embeddable":true,"href":"https:\/\/strangercam.com\/sv\/wp-json\/wp\/v2\/comments?post=11273"}],"version-history":[{"count":0,"href":"https:\/\/strangercam.com\/sv\/wp-json\/wp\/v2\/pages\/11273\/revisions"}],"wp:featuredmedia":[{"embeddable":true,"href":"https:\/\/strangercam.com\/sv\/wp-json\/wp\/v2\/media\/559"}],"wp:attachment":[{"href":"https:\/\/strangercam.com\/sv\/wp-json\/wp\/v2\/media?parent=11273"}],"curies":[{"name":"wp","href":"https:\/\/api.w.org\/{rel}","templated":true}]}}