{"id":11261,"date":"2022-08-11T20:01:47","date_gmt":"2022-08-11T18:01:47","guid":{"rendered":"https:\/\/strangercam.com\/?page_id=11261"},"modified":"2023-08-21T12:47:03","modified_gmt":"2023-08-21T10:47:03","slug":"jaichat","status":"publish","type":"page","link":"https:\/\/strangercam.com\/sv\/yesichat\/","title":{"rendered":"Yesichat"},"content":{"rendered":"<p>Om du letar efter en plats att <a href=\"https:\/\/strangercam.com\/sv\/chatroulette\/\">chatt<\/a> med fr\u00e4mlingar online, har du kommit till r\u00e4tt st\u00e4lle! Yesichat \u00e4r en gratis chattwebbplats som l\u00e5ter dig chatta med fr\u00e4mlingar utan att beh\u00f6va registrera dig. Ange helt enkelt ett anv\u00e4ndarnamn och b\u00f6rja chatta!<\/p>\n<h2>Vad \u00e4r yesichat?<\/h2>\n<p>Yesichat \u00e4r en chattwebbplats som l\u00e5ter dig prata med fr\u00e4mlingar. Det \u00e4r ett bra s\u00e4tt att <a href=\"https:\/\/strangercam.com\/sv\/coomeet\/\">tr\u00e4ffas<\/a> nya m\u00e4nniskor och f\u00e5 nya v\u00e4nner. Du kan ocks\u00e5 anv\u00e4nda yesichat f\u00f6r att hitta en dejt eller bara chatta med n\u00e5gon du \u00e4r intresserad av.<\/p>\n<h2>Hur anv\u00e4nder man yesichat?<\/h2>\n<p>Yesichat \u00e4r en bra plattform f\u00f6r att prata med fr\u00e4mlingar. Den \u00e4r enkel och l\u00e4tt att anv\u00e4nda, och det \u00e4r ett bra s\u00e4tt att f\u00e5 kontakt med m\u00e4nniskor fr\u00e5n hela v\u00e4rlden. H\u00e4r \u00e4r n\u00e5gra tips om hur du anv\u00e4nder yesichat:<\/p>\n<ol>\n<li>B\u00f6rja med att skapa en profil. Det hj\u00e4lper dig att hitta personer att chatta med som delar dina intressen.<\/li>\n<li>N\u00e4r du har skapat din profil kan du ta en titt p\u00e5 de olika chattrummen som finns tillg\u00e4ngliga. Du kan v\u00e4lja att chatta i ett offentligt rum eller i ett privat rum.<\/li>\n<li>N\u00e4r du \u00e4r i ett chattrum ska du visa respekt f\u00f6r andra anv\u00e4ndare. Spamma inte rummet med meddelanden och var inte of\u00f6rsk\u00e4md eller st\u00f6tande.<\/li>\n<li>Yesichat \u00e4r en fantastisk plats att tr\u00e4ffa nya m\u00e4nniskor och f\u00e5 nya v\u00e4nner. S\u00e5 njut av din tid p\u00e5 webbplatsen och tveka inte att n\u00e5 ut till n\u00e5gon om du vill chatta!<\/li>\n<\/ol>\n<h2>F\u00f6rdelarna med att anv\u00e4nda yesichat<\/h2>\n<p>Det finns m\u00e5nga anledningar att anv\u00e4nda yesichat n\u00e4r du vill prata med fr\u00e4mlingar online. F\u00f6r det f\u00f6rsta \u00e4r det ett bra s\u00e4tt att tr\u00e4ffa nya m\u00e4nniskor fr\u00e5n hela v\u00e4rlden. Du kan ocks\u00e5 anv\u00e4nda yesichat f\u00f6r att hitta nya v\u00e4nner eller till och med potentiella datum.<\/p>\n<p>En annan stor f\u00f6rdel med yesichat \u00e4r att det \u00e4r helt gratis att anv\u00e4nda. Du beh\u00f6ver inte oroa dig f\u00f6r att betala n\u00e5gra avgifter eller m\u00e5natliga prenumerationer. Du kan helt enkelt njuta av att chatta med fr\u00e4mlingar utan n\u00e5gra str\u00e4ngar knutna.<\/p>\n<p>Slutligen \u00e4r yesichat en fantastisk plattform f\u00f6r att bygga relationer. Oavsett om du letar efter v\u00e4nskap eller k\u00e4rlek kan du vara s\u00e4ker p\u00e5 att hitta det p\u00e5 yesichat. S\u00e5 varf\u00f6r inte ge det ett f\u00f6rs\u00f6k idag?<\/p>\n<h2>Nackdelarna med att anv\u00e4nda yesichat<\/h2>\n<p>Om du letar efter en chattapp som du kan anv\u00e4nda med fr\u00e4mlingar kanske du vill t\u00e4nka tv\u00e5 g\u00e5nger om att anv\u00e4nda yesichat. \u00c4ven om appen har n\u00e5gra funktioner som kan vara f\u00f6rdelaktiga, finns det ocks\u00e5 flera nackdelar som du b\u00f6r vara medveten om.<\/p>\n<p>En av de st\u00f6rsta nackdelarna med yesichat \u00e4r att den inte \u00e4r s\u00e4rskilt s\u00e4ker. Appen kr\u00e4ver inte att anv\u00e4ndare skapar ett konto eller loggar in, vilket inneb\u00e4r att vem som helst kan g\u00e5 med i ett chattrum och b\u00f6rja chatta. Detta kan vara problematiskt om du f\u00f6rs\u00f6ker h\u00e5lla din identitet dold eller om du \u00e4r orolig f\u00f6r att m\u00e4nniskor ska kunna ta reda p\u00e5 personlig information om dig.<\/p>\n<p>En annan nackdel med yesichat \u00e4r att den inte \u00e4r s\u00e4rskilt privat. Alla konversationer i appen \u00e4r offentliga och kan ses av alla som g\u00e5r med i chattrummet. Detta inneb\u00e4r att du potentiellt kan ha k\u00e4nsliga konversationer med m\u00e4nniskor som du inte k\u00e4nner v\u00e4l och som kan utnyttja dig.<\/p>\n<p>Slutligen kan yesichat vara ganska buggig och op\u00e5litlig. Appen har varit k\u00e4nd f\u00f6r att krascha mitt i konversationer, vilket kan vara frustrerande om du f\u00f6rs\u00f6ker chatta med n\u00e5gon viktig eller om du \u00e4r mitt i en hetsig diskussion.<\/p>\n<p>Sammantaget \u00e4r yesichat inte en stor<\/p>\n<h2>Hur man f\u00e5r ut mesta m\u00f6jliga av yesichat<\/h2>\n<p>Om du letar efter ett s\u00e4tt att f\u00e5 kontakt med nya och intressanta m\u00e4nniskor \u00e4r yesichat ett bra alternativ. Med \u00f6ver en miljon anv\u00e4ndare \u00f6ver hela v\u00e4rlden erbjuder plattformen en s\u00e4ker och rolig milj\u00f6 f\u00f6r att chatta med fr\u00e4mlingar fr\u00e5n hela v\u00e4rlden.<\/p>\n<p>H\u00e4r \u00e4r n\u00e5gra tips som hj\u00e4lper dig att f\u00e5 ut s\u00e5 mycket som m\u00f6jligt av din yesichat-upplevelse:<\/p>\n<ol>\n<li>Var respektfull och artig. Detta \u00e4r viktigt i alla chattmilj\u00f6er, men s\u00e4rskilt viktigt n\u00e4r man talar med fr\u00e4mlingar.<\/li>\n<li>St\u00e4ll fr\u00e5gor och var nyfiken. Konversationsstartare som \"vad \u00e4r din favorit...\" eller \"ber\u00e4tta om...\" kan hj\u00e4lpa till att bryta isen och h\u00e5lla saker intressanta.<\/li>\n<li>Ber\u00e4tta lite om dig sj\u00e4lv. Det \u00e4r okej att vara \u00f6ppen och \u00e4rlig om vem du \u00e4r, men ge inte bort f\u00f6r mycket personlig information.<\/li>\n<li>Ha t\u00e5lamod och f\u00f6rst\u00e5else. Alla k\u00e4nner sig olika bekv\u00e4ma n\u00e4r det g\u00e4ller att chatta med fr\u00e4mlingar. Respektera deras gr\u00e4nser och pressa inte f\u00f6r h\u00e5rt p\u00e5 f\u00f6r att f\u00e5 information eller intimitet.<\/li>\n<li>Ha det s\u00e5 kul! Yesichat \u00e4r en fantastisk plats f\u00f6r att tr\u00e4ffa nya m\u00e4nniskor och f\u00e5 nya v\u00e4nner. S\u00e5 slappna av, ha kul och se vart konversationen tar dig!<\/li>\n<\/ol>\n<h2>Varf\u00f6r yesichat \u00e4r s\u00e5 popul\u00e4r slumpm\u00e4ssig videochattplattform?<\/h2>\n<p>Yesichat \u00e4r en popul\u00e4r slumpm\u00e4ssig videochattplattform av flera sk\u00e4l. F\u00f6r det f\u00f6rsta \u00e4r plattformen helt gratis att anv\u00e4nda. F\u00f6r det andra finns det inga registrerings- eller registreringskrav - ange helt enkelt ett anv\u00e4ndarnamn du v\u00e4ljer och b\u00f6rja chatta. F\u00f6r det tredje \u00e4r gr\u00e4nssnittet extremt anv\u00e4ndarv\u00e4nligt och l\u00e4tt att navigera. F\u00f6r det fj\u00e4rde erbjuder yesichat ett brett utbud av funktioner som f\u00f6rb\u00e4ttrar anv\u00e4ndarupplevelsen, till exempel m\u00f6jligheten att skapa chattrum, skicka privata meddelanden och dela mediefiler. Slutligen har plattformen en stor och aktiv gemenskap av anv\u00e4ndare, vilket g\u00f6r det enkelt att hitta m\u00e4nniskor att chatta med.<\/p>\n<h2>\u00c4r det s\u00e4kert att anv\u00e4nda?<\/h2>\n<p>Talk With Strangers \u00e4r en popul\u00e4r onlinechattapplikation som har b\u00e5de privata chattar och gruppchattar. Appen \u00e4r tillg\u00e4nglig p\u00e5 Android- och iOS-enheter och den \u00e4r gratis att anv\u00e4nda. Det finns dock n\u00e5gra f\u00f6rsiktighets\u00e5tg\u00e4rder du b\u00f6r vidta innan du anv\u00e4nder appen.<\/p>\n<p>F\u00f6rst och fr\u00e4mst \u00e4r Talk With Strangers en plattform f\u00f6r sociala medier. Det \u00e4r d\u00e4rf\u00f6r viktigt att komma ih\u00e5g att det du s\u00e4ger i ett chattrum kan ses av alla som bes\u00f6ker sidan eller appen d\u00e4r chatten \u00e4gde rum. Dessutom \u00e4r Talk With Strangers inte krypterat, s\u00e5 dina konversationer kan \u00f6vervakas eller till och med f\u00e5ngas upp. Slutligen har Talk With Strangers ingen sekretesspolicy p\u00e5 plats, s\u00e5 f\u00f6retaget kan inte garantera att dina konversationer f\u00f6rblir konfidentiella.<\/p>\n<p>S\u00e5 \u00e4ven om Talk With Strangers \u00e4r ett underh\u00e5llande och bekv\u00e4mt s\u00e4tt att kommunicera med v\u00e4nner och familj, b\u00f6r du vara f\u00f6rsiktig n\u00e4r du anv\u00e4nder appen.<\/p>\n<h2>F\u00f6rebyggande \u00e5tg\u00e4rder vid anv\u00e4ndning av slumpm\u00e4ssig videochatt<\/h2>\n<p>Vid anv\u00e4ndning av <a href=\"https:\/\/strangercam.com\/sv\/chathub\/\">slumpm\u00e4ssig videochatt<\/a>D\u00e4rf\u00f6r \u00e4r det viktigt att vidta f\u00f6rebyggande \u00e5tg\u00e4rder f\u00f6r att undvika att bli ett offer. H\u00e4r \u00e4r fyra tips f\u00f6r att h\u00e5lla dig s\u00e4ker:<\/p>\n<ol>\n<li>Anv\u00e4nd ett VPN n\u00e4r du ansluter till slumpm\u00e4ssiga videochattar. Ett VPN hj\u00e4lper dig att skydda din integritet genom att kryptera din trafik och d\u00f6lja din plats. VPN finns tillg\u00e4ngligt gratis och kan anv\u00e4ndas p\u00e5 b\u00e5de station\u00e4ra och mobila enheter.<\/li>\n<li>Anv\u00e4nd sunt f\u00f6rnuft n\u00e4r du deltar i slumpm\u00e4ssiga <a href=\"https:\/\/strangercam.com\/sv\/rabbit-video-chat\/\">videochatt<\/a>. Om n\u00e5got verkar f\u00f6r bra f\u00f6r att vara sant, s\u00e5 \u00e4r det f\u00f6rmodligen det. Var alltid f\u00f6rsiktig n\u00e4r du tr\u00e4ffar n\u00e5gon som du har <a href=\"https:\/\/strangercam.com\/sv\/chamet\/\">met<\/a> online via en slumpm\u00e4ssig videochattj\u00e4nst.<\/li>\n<li>Var hela tiden uppm\u00e4rksam p\u00e5 din omgivning n\u00e4r du anv\u00e4nder slumpm\u00e4ssig videochatt. Dela inte personlig information som din adress eller ditt telefonnummer med n\u00e5gon som du tr\u00e4ffar via en slumpm\u00e4ssig videochattj\u00e4nst. var alltid f\u00f6rsiktig n\u00e4r du l\u00e4mnar ut personlig information online.<\/li>\n<li>Rapportera omedelbart all misst\u00e4nkt aktivitet till myndigheterna. Om du k\u00e4nner att du blir hotad eller trakasserad p\u00e5 n\u00e5got s\u00e4tt n\u00e4r du anv\u00e4nder slumpm\u00e4ssig videochatt, rapportera det till myndigheterna ASAP!<\/li>\n<\/ol>\n<h2>Slutsats<\/h2>\n<p>Om du \u00e4r intresserad av att f\u00e5 nya v\u00e4nner och ha lite kul, d\u00e5 \u00e4r yesichat webbplatsen f\u00f6r dig! P\u00e5 yesichat kan du chatta med fr\u00e4mlingar fr\u00e5n hela v\u00e4rlden i en s\u00e4ker och anv\u00e4ndarv\u00e4nlig milj\u00f6. Med massor av chattrum att v\u00e4lja mellan finns det s\u00e4kert ett som passar dina intressen. S\u00e5 vad v\u00e4ntar du p\u00e5? Registrera dig nu och b\u00f6rja chatta med n\u00e5gra fantastiska m\u00e4nniskor!<\/p>","protected":false},"excerpt":{"rendered":"<p>If you&#8217;re looking for a place to chat with strangers online, you&#8217;ve come to the right place! Yesichat is a free chat site that allows you to chat with strangers without having to register. Simply enter a username and start chatting! What is yesichat? Yesichat is a chat website that allows you to talk with [&hellip;]<\/p>\n","protected":false},"author":6,"featured_media":559,"parent":0,"menu_order":0,"comment_status":"closed","ping_status":"closed","template":"","meta":{"footnotes":""},"class_list":["post-11261","page","type-page","status-publish","has-post-thumbnail","hentry"],"yoast_head":"<!-- This site is optimized with the Yoast SEO plugin v27.4 - https:\/\/yoast.com\/product\/yoast-seo-wordpress\/ -->\n<title>Yesichat - Chat with strangers on StrangerCam.com<\/title>\n<meta name=\"description\" content=\"Like Yesichat? Come chat with more than 5.000.000 strangers on Stranger Cam for Free! Turn on your cam and find new friends &amp; maby a match!\" \/>\n<meta name=\"robots\" content=\"index, follow, max-snippet:-1, max-image-preview:large, max-video-preview:-1\" \/>\n<link rel=\"canonical\" href=\"https:\/\/strangercam.com\/sv\/jaichat\/\" \/>\n<meta property=\"og:locale\" content=\"sv_SE\" \/>\n<meta property=\"og:type\" content=\"article\" \/>\n<meta property=\"og:title\" content=\"Yesichat - Chat with strangers on StrangerCam.com\" \/>\n<meta property=\"og:description\" content=\"Like Yesichat? Come chat with more than 5.000.000 strangers on Stranger Cam for Free! Turn on your cam and find new friends &amp; maby a match!\" \/>\n<meta property=\"og:url\" content=\"https:\/\/strangercam.com\/sv\/jaichat\/\" \/>\n<meta property=\"og:site_name\" content=\"Strangercam\" \/>\n<meta property=\"article:publisher\" content=\"https:\/\/www.facebook.com\/strangercam\" \/>\n<meta property=\"article:modified_time\" content=\"2023-08-21T10:47:03+00:00\" \/>\n<meta property=\"og:image\" content=\"https:\/\/strangercam.com\/wp-content\/uploads\/2020\/11\/stranger-cam-1.png\" \/>\n\t<meta property=\"og:image:width\" content=\"800\" \/>\n\t<meta property=\"og:image:height\" content=\"800\" \/>\n\t<meta property=\"og:image:type\" content=\"image\/png\" \/>\n<meta name=\"twitter:card\" content=\"summary_large_image\" \/>\n<meta name=\"twitter:site\" content=\"@strangercamapp\" \/>\n<meta name=\"twitter:label1\" content=\"Ber\u00e4knad l\u00e4stid\" \/>\n\t<meta name=\"twitter:data1\" content=\"6 minuter\" \/>\n<script type=\"application\/ld+json\" class=\"yoast-schema-graph\">{\"@context\":\"https:\\\/\\\/schema.org\",\"@graph\":[{\"@type\":\"WebPage\",\"@id\":\"https:\\\/\\\/strangercam.com\\\/yesichat\\\/\",\"url\":\"https:\\\/\\\/strangercam.com\\\/yesichat\\\/\",\"name\":\"Yesichat - Chat with strangers on StrangerCam.com\",\"isPartOf\":{\"@id\":\"https:\\\/\\\/strangercam.com\\\/#website\"},\"primaryImageOfPage\":{\"@id\":\"https:\\\/\\\/strangercam.com\\\/yesichat\\\/#primaryimage\"},\"image\":{\"@id\":\"https:\\\/\\\/strangercam.com\\\/yesichat\\\/#primaryimage\"},\"thumbnailUrl\":\"https:\\\/\\\/strangercam.com\\\/wp-content\\\/uploads\\\/2020\\\/11\\\/stranger-cam-1.png\",\"datePublished\":\"2022-08-11T18:01:47+00:00\",\"dateModified\":\"2023-08-21T10:47:03+00:00\",\"description\":\"Like Yesichat? Come chat with more than 5.000.000 strangers on Stranger Cam for Free! Turn on your cam and find new friends & maby a match!\",\"breadcrumb\":{\"@id\":\"https:\\\/\\\/strangercam.com\\\/yesichat\\\/#breadcrumb\"},\"inLanguage\":\"sv-SE\",\"potentialAction\":[{\"@type\":\"ReadAction\",\"target\":[\"https:\\\/\\\/strangercam.com\\\/yesichat\\\/\"]}]},{\"@type\":\"ImageObject\",\"inLanguage\":\"sv-SE\",\"@id\":\"https:\\\/\\\/strangercam.com\\\/yesichat\\\/#primaryimage\",\"url\":\"https:\\\/\\\/strangercam.com\\\/wp-content\\\/uploads\\\/2020\\\/11\\\/stranger-cam-1.png\",\"contentUrl\":\"https:\\\/\\\/strangercam.com\\\/wp-content\\\/uploads\\\/2020\\\/11\\\/stranger-cam-1.png\",\"width\":800,\"height\":800,\"caption\":\"stranger cam random video chat\"},{\"@type\":\"BreadcrumbList\",\"@id\":\"https:\\\/\\\/strangercam.com\\\/yesichat\\\/#breadcrumb\",\"itemListElement\":[{\"@type\":\"ListItem\",\"position\":1,\"name\":\"Home\",\"item\":\"https:\\\/\\\/strangercam.com\\\/\"},{\"@type\":\"ListItem\",\"position\":2,\"name\":\"Yesichat\"}]},{\"@type\":\"WebSite\",\"@id\":\"https:\\\/\\\/strangercam.com\\\/#website\",\"url\":\"https:\\\/\\\/strangercam.com\\\/\",\"name\":\"Strangercam\",\"description\":\"Random Video Chat with Strangers\",\"publisher\":{\"@id\":\"https:\\\/\\\/strangercam.com\\\/#organization\"},\"alternateName\":\"Strangercam.com\",\"potentialAction\":[{\"@type\":\"SearchAction\",\"target\":{\"@type\":\"EntryPoint\",\"urlTemplate\":\"https:\\\/\\\/strangercam.com\\\/?s={search_term_string}\"},\"query-input\":{\"@type\":\"PropertyValueSpecification\",\"valueRequired\":true,\"valueName\":\"search_term_string\"}}],\"inLanguage\":\"sv-SE\"},{\"@type\":\"Organization\",\"@id\":\"https:\\\/\\\/strangercam.com\\\/#organization\",\"name\":\"Strangercam\",\"alternateName\":\"Strangercam.com\",\"url\":\"https:\\\/\\\/strangercam.com\\\/\",\"logo\":{\"@type\":\"ImageObject\",\"inLanguage\":\"sv-SE\",\"@id\":\"https:\\\/\\\/strangercam.com\\\/#\\\/schema\\\/logo\\\/image\\\/\",\"url\":\"https:\\\/\\\/strangercam.com\\\/wp-content\\\/uploads\\\/2020\\\/11\\\/cropped-new-favicon-black.png\",\"contentUrl\":\"https:\\\/\\\/strangercam.com\\\/wp-content\\\/uploads\\\/2020\\\/11\\\/cropped-new-favicon-black.png\",\"width\":512,\"height\":512,\"caption\":\"Strangercam\"},\"image\":{\"@id\":\"https:\\\/\\\/strangercam.com\\\/#\\\/schema\\\/logo\\\/image\\\/\"},\"sameAs\":[\"https:\\\/\\\/www.facebook.com\\\/strangercam\",\"https:\\\/\\\/x.com\\\/strangercamapp\"]}]}<\/script>\n<!-- \/ Yoast SEO plugin. -->","yoast_head_json":{"title":"Yesichat - Chatta med fr\u00e4mlingar p\u00e5 StrangerCam.com","description":"Gillar du Yesichat? Kom och chatta med mer \u00e4n 5.000.000 fr\u00e4mlingar p\u00e5 Stranger Cam gratis! Sl\u00e5 p\u00e5 din kamera och hitta nya v\u00e4nner och kanske en match!","robots":{"index":"index","follow":"follow","max-snippet":"max-snippet:-1","max-image-preview":"max-image-preview:large","max-video-preview":"max-video-preview:-1"},"canonical":"https:\/\/strangercam.com\/sv\/jaichat\/","og_locale":"sv_SE","og_type":"article","og_title":"Yesichat - Chat with strangers on StrangerCam.com","og_description":"Like Yesichat? Come chat with more than 5.000.000 strangers on Stranger Cam for Free! Turn on your cam and find new friends & maby a match!","og_url":"https:\/\/strangercam.com\/sv\/jaichat\/","og_site_name":"Strangercam","article_publisher":"https:\/\/www.facebook.com\/strangercam","article_modified_time":"2023-08-21T10:47:03+00:00","og_image":[{"width":800,"height":800,"url":"https:\/\/strangercam.com\/wp-content\/uploads\/2020\/11\/stranger-cam-1.png","type":"image\/png"}],"twitter_card":"summary_large_image","twitter_site":"@strangercamapp","twitter_misc":{"Ber\u00e4knad l\u00e4stid":"6 minuter"},"schema":{"@context":"https:\/\/schema.org","@graph":[{"@type":"WebPage","@id":"https:\/\/strangercam.com\/yesichat\/","url":"https:\/\/strangercam.com\/yesichat\/","name":"Yesichat - Chatta med fr\u00e4mlingar p\u00e5 StrangerCam.com","isPartOf":{"@id":"https:\/\/strangercam.com\/#website"},"primaryImageOfPage":{"@id":"https:\/\/strangercam.com\/yesichat\/#primaryimage"},"image":{"@id":"https:\/\/strangercam.com\/yesichat\/#primaryimage"},"thumbnailUrl":"https:\/\/strangercam.com\/wp-content\/uploads\/2020\/11\/stranger-cam-1.png","datePublished":"2022-08-11T18:01:47+00:00","dateModified":"2023-08-21T10:47:03+00:00","description":"Gillar du Yesichat? Kom och chatta med mer \u00e4n 5.000.000 fr\u00e4mlingar p\u00e5 Stranger Cam gratis! Sl\u00e5 p\u00e5 din kamera och hitta nya v\u00e4nner och kanske en match!","breadcrumb":{"@id":"https:\/\/strangercam.com\/yesichat\/#breadcrumb"},"inLanguage":"sv-SE","potentialAction":[{"@type":"ReadAction","target":["https:\/\/strangercam.com\/yesichat\/"]}]},{"@type":"ImageObject","inLanguage":"sv-SE","@id":"https:\/\/strangercam.com\/yesichat\/#primaryimage","url":"https:\/\/strangercam.com\/wp-content\/uploads\/2020\/11\/stranger-cam-1.png","contentUrl":"https:\/\/strangercam.com\/wp-content\/uploads\/2020\/11\/stranger-cam-1.png","width":800,"height":800,"caption":"stranger cam random video chat"},{"@type":"BreadcrumbList","@id":"https:\/\/strangercam.com\/yesichat\/#breadcrumb","itemListElement":[{"@type":"ListItem","position":1,"name":"Home","item":"https:\/\/strangercam.com\/"},{"@type":"ListItem","position":2,"name":"Yesichat"}]},{"@type":"WebSite","@id":"https:\/\/strangercam.com\/#website","url":"https:\/\/strangercam.com\/","name":"Strangercam","description":"Slumpm\u00e4ssig videochatt med fr\u00e4mlingar","publisher":{"@id":"https:\/\/strangercam.com\/#organization"},"alternateName":"Strangercam.com","potentialAction":[{"@type":"SearchAction","target":{"@type":"EntryPoint","urlTemplate":"https:\/\/strangercam.com\/?s={search_term_string}"},"query-input":{"@type":"PropertyValueSpecification","valueRequired":true,"valueName":"search_term_string"}}],"inLanguage":"sv-SE"},{"@type":"Organization","@id":"https:\/\/strangercam.com\/#organization","name":"Strangercam","alternateName":"Strangercam.com","url":"https:\/\/strangercam.com\/","logo":{"@type":"ImageObject","inLanguage":"sv-SE","@id":"https:\/\/strangercam.com\/#\/schema\/logo\/image\/","url":"https:\/\/strangercam.com\/wp-content\/uploads\/2020\/11\/cropped-new-favicon-black.png","contentUrl":"https:\/\/strangercam.com\/wp-content\/uploads\/2020\/11\/cropped-new-favicon-black.png","width":512,"height":512,"caption":"Strangercam"},"image":{"@id":"https:\/\/strangercam.com\/#\/schema\/logo\/image\/"},"sameAs":["https:\/\/www.facebook.com\/strangercam","https:\/\/x.com\/strangercamapp"]}]}},"_links":{"self":[{"href":"https:\/\/strangercam.com\/sv\/wp-json\/wp\/v2\/pages\/11261","targetHints":{"allow":["GET"]}}],"collection":[{"href":"https:\/\/strangercam.com\/sv\/wp-json\/wp\/v2\/pages"}],"about":[{"href":"https:\/\/strangercam.com\/sv\/wp-json\/wp\/v2\/types\/page"}],"author":[{"embeddable":true,"href":"https:\/\/strangercam.com\/sv\/wp-json\/wp\/v2\/users\/6"}],"replies":[{"embeddable":true,"href":"https:\/\/strangercam.com\/sv\/wp-json\/wp\/v2\/comments?post=11261"}],"version-history":[{"count":0,"href":"https:\/\/strangercam.com\/sv\/wp-json\/wp\/v2\/pages\/11261\/revisions"}],"wp:featuredmedia":[{"embeddable":true,"href":"https:\/\/strangercam.com\/sv\/wp-json\/wp\/v2\/media\/559"}],"wp:attachment":[{"href":"https:\/\/strangercam.com\/sv\/wp-json\/wp\/v2\/media?parent=11261"}],"curies":[{"name":"wp","href":"https:\/\/api.w.org\/{rel}","templated":true}]}}