{"id":11248,"date":"2022-08-11T19:57:16","date_gmt":"2022-08-11T17:57:16","guid":{"rendered":"https:\/\/strangercam.com\/?page_id=11248"},"modified":"2023-08-21T12:38:41","modified_gmt":"2023-08-21T10:38:41","slug":"spinchat","status":"publish","type":"page","link":"https:\/\/strangercam.com\/sv\/spinchat\/","title":{"rendered":"Spinchat"},"content":{"rendered":"<p>Om du k\u00e4nner dig ensam eller bara vill prata med n\u00e5gon \u00e4r SpinChat en bra plats att g\u00f6ra det p\u00e5. Detta <a href=\"https:\/\/strangercam.com\/sv\/chatroulette\/\">chatt<\/a> l\u00e5ter dig prata med fr\u00e4mlingar \u00f6ver hela v\u00e4rlden, och du vet aldrig vem du kan komma i kontakt med. <a href=\"https:\/\/strangercam.com\/sv\/coomeet\/\">tr\u00e4ffas<\/a>. Du kanske f\u00e5r en ny v\u00e4n eller till och med hittar din sj\u00e4lsfr\u00e4nde. S\u00e5 varf\u00f6r inte ge det ett f\u00f6rs\u00f6k?<\/p>\n<h2>Vad \u00e4r spinchat?<\/h2>\n<p>SpinChat \u00e4r en <a href=\"https:\/\/strangercam.com\/sv\/chathub\/\">slumpm\u00e4ssig videochatt<\/a> webbplats som l\u00e5ter dig chatta med fr\u00e4mlingar fr\u00e5n hela v\u00e4rlden. Det \u00e4r ett bra s\u00e4tt att tr\u00e4ffa nya m\u00e4nniskor och f\u00e5 nya v\u00e4nner. Du kan ocks\u00e5 anv\u00e4nda SpinChat f\u00f6r att hitta k\u00e4rleken, eller bara f\u00f6r att ha lite kul.<\/p>\n<h2>Hur anv\u00e4nder man spinchat?<\/h2>\n<p>Om du letar efter ett roligt och enkelt s\u00e4tt att tr\u00e4ffa nya m\u00e4nniskor ska du prova spinchat! S\u00e5 h\u00e4r anv\u00e4nder du det:<\/p>\n<ul>\n<li style=\"font-weight: 400;\" aria-level=\"1\">G\u00e5 till spinchat-webbplatsen och skapa ett konto.<\/li>\n<li style=\"font-weight: 400;\" aria-level=\"1\">N\u00e4r du \u00e4r inloggad kan du se en lista \u00f6ver alla tillg\u00e4ngliga chattrum.<\/li>\n<li style=\"font-weight: 400;\" aria-level=\"1\">V\u00e4lj det rum som intresserar dig och b\u00f6rja chatta!<\/li>\n<li style=\"font-weight: 400;\" aria-level=\"1\">F\u00f6r att g\u00f6ra det hela mer intressant kan du prova att anv\u00e4nda det anonyma l\u00e4get s\u00e5 att din identitet d\u00f6ljs.<\/li>\n<li style=\"font-weight: 400;\" aria-level=\"1\">Ha det s\u00e5 roligt och f\u00e5 nya v\u00e4nner!<\/li>\n<\/ul>\n<h2>F\u00f6rdelarna med att anv\u00e4nda spinchat<\/h2>\n<p>Det finns m\u00e5nga f\u00f6rdelar med att anv\u00e4nda spinchat, bland annat m\u00f6jligheten att f\u00e5 kontakt med m\u00e4nniskor fr\u00e5n hela v\u00e4rlden. Med spinchat kan du prata med fr\u00e4mlingar i en trygg och s\u00e4ker milj\u00f6. Detta kan vara ett bra s\u00e4tt att f\u00e5 nya v\u00e4nner eller till och med hitta en romantisk partner. Dessutom \u00e4r spinchat ett bra s\u00e4tt att l\u00e4ra sig om andra kulturer och f\u00e5 insikter i olika delar av v\u00e4rlden.<\/p>\n<h2>Farorna med att anv\u00e4nda spinchat<\/h2>\n<p>Det finns m\u00e5nga faror f\u00f6rknippade med att anv\u00e4nda spinchat, en social n\u00e4tverkssajt som g\u00f6r det m\u00f6jligt f\u00f6r anv\u00e4ndare att kommunicera med fr\u00e4mlingar. N\u00e5gra av dessa faror inkluderar:<\/p>\n<ul>\n<li style=\"font-weight: 400;\" aria-level=\"1\">Rovdjur: Det finns f\u00f6r\u00f6vare som anv\u00e4nder spinchat f\u00f6r att ge sig p\u00e5 barn och utsatta vuxna. De kan l\u00e5tsas vara n\u00e5gon de inte \u00e4r f\u00f6r att vinna ditt f\u00f6rtroende och sedan utnyttja dig k\u00e4nslom\u00e4ssigt eller sexuellt.<\/li>\n<li style=\"font-weight: 400;\" aria-level=\"1\">Cybermobbning: Du kan bli utsatt f\u00f6r cybermobbning p\u00e5 spinchat av n\u00e5gon som inte gillar dig eller inte h\u00e5ller med dig. Detta kan vara mycket s\u00e5rande och f\u00e5 dig att k\u00e4nna dig isolerad.<\/li>\n<li style=\"font-weight: 400;\" aria-level=\"1\">Bedr\u00e4gerier och bedr\u00e4gerier: Det finns ocks\u00e5 bedragare p\u00e5 spinchat som f\u00f6rs\u00f6ker lura dig att ge dem pengar eller personlig information. De kan utge sig f\u00f6r att vara n\u00e5gon annan f\u00f6r att vinna ditt f\u00f6rtroende och sedan stj\u00e4la fr\u00e5n dig.<\/li>\n<li style=\"font-weight: 400;\" aria-level=\"1\">Virus och skadlig kod: Du kan ocks\u00e5 oavsiktligt ladda ner virus eller skadlig kod till din dator n\u00e4r du anv\u00e4nder spinchat. Dessa kan skada din dator och uts\u00e4tta din personliga information f\u00f6r risk.<\/li>\n<li style=\"font-weight: 400;\" aria-level=\"1\">Beroende: Vissa m\u00e4nniskor blir beroende av spinchat och tillbringar all sin tid med att chatta med fr\u00e4mlingar ist\u00e4llet f\u00f6r att g\u00f6ra mer produktiva saker. Detta kan leda till problem i det verkliga livet, som att man f\u00f6rlorar jobbm\u00f6jligheter eller f\u00f6rsummar v\u00e4nner och familjemedlemmar.<\/li>\n<\/ul>\n<h2>F\u00f6r- och nackdelar med spinchat<\/h2>\n<p>Om du letar efter ett s\u00e4tt att f\u00e5 kontakt med m\u00e4nniskor fr\u00e5n hela v\u00e4rlden kanske du undrar om SpinChat \u00e4r r\u00e4tt plattform f\u00f6r dig. I det h\u00e4r blogginl\u00e4gget tar vi en titt p\u00e5 f\u00f6r- och nackdelarna med att anv\u00e4nda SpinChat s\u00e5 att du sj\u00e4lv kan best\u00e4mma om det \u00e4r r\u00e4tt f\u00f6r dig.<\/p>\n<p>P\u00e5 plussidan ger SpinChat ett bra s\u00e4tt att f\u00e5 kontakt med m\u00e4nniskor fr\u00e5n alla h\u00f6rn av v\u00e4rlden. Du kan g\u00e5 med i chattrum om en m\u00e4ngd olika \u00e4mnen, eller starta ditt eget chattrum och bjuda in m\u00e4nniskor att g\u00e5 med i dig. Du kan ocks\u00e5 skicka privata meddelanden till andra anv\u00e4ndare p\u00e5 plattformen.<\/p>\n<p>En annan f\u00f6rdel med SpinChat \u00e4r att det \u00e4r en gratis plattform att anv\u00e4nda. Du beh\u00f6ver inte betala n\u00e5got f\u00f6r att registrera dig eller anv\u00e4nda webbplatsens funktioner.<\/p>\n<p>Det finns dock ocks\u00e5 n\u00e5gra nackdelar med att anv\u00e4nda SpinChat. En nackdel \u00e4r att webbplatsen inte har n\u00e5gra funktioner som hj\u00e4lper dig att veterin\u00e4r de personer du pratar med. Det betyder att du kan hamna i samtal med n\u00e5gon som inte \u00e4r den de s\u00e4ger att de \u00e4r, eller som har skadlig avsikt.<\/p>\n<p>En annan potentiell nackdel \u00e4r att SpinChat inte har n\u00e5gon aktiv typ av kundsupport.<\/p>\n<h2>Hur f\u00e5r man ut det mesta av spinchat?<\/h2>\n<p>Om du vill prata med fr\u00e4mlingar och f\u00e5 nya v\u00e4nner \u00e4r spinchat ett bra st\u00e4lle att b\u00f6rja p\u00e5. H\u00e4r \u00e4r n\u00e5gra tips som hj\u00e4lper dig att f\u00e5 ut s\u00e5 mycket som m\u00f6jligt av din upplevelse:<\/p>\n<ul>\n<li style=\"font-weight: 400;\" aria-level=\"1\">Var dig sj\u00e4lv - det finns ingen anledning att spela en roll eller bete dig som n\u00e5gon du inte \u00e4r. Var bara dig sj\u00e4lv s\u00e5 kommer du att m\u00e4rka att det \u00e4r mycket l\u00e4ttare att f\u00e5 kontakt med andra.<\/li>\n<li style=\"font-weight: 400;\" aria-level=\"1\">St\u00e4ll fr\u00e5gor - m\u00e4nniskor \u00e4lskar att prata om sig sj\u00e4lva, s\u00e5 st\u00e4ll m\u00e5nga fr\u00e5gor f\u00f6r att f\u00e5 ig\u00e5ng samtalen.<\/li>\n<li style=\"font-weight: 400;\" aria-level=\"1\">Var respektfull - kom ih\u00e5g att alla du chattar med \u00e4r riktiga m\u00e4nniskor precis som du, s\u00e5 behandla dem med respekt och artighet.<\/li>\n<li style=\"font-weight: 400;\" aria-level=\"1\">\u00a0Ha det s\u00e5 roligt som m\u00f6jligt! - att chatta med nya m\u00e4nniskor kan vara trevligt, s\u00e5 slappna av och ha kul!<\/li>\n<\/ul>\n<h2>Vad ska man diskutera med fr\u00e4mlingar p\u00e5 videochatt?<\/h2>\n<p>I dagens v\u00e4rld \u00e4r det l\u00e4tt att k\u00e4nna sig fr\u00e5nkopplad och ensam. Med all teknik som vi har till hands \u00e4r det l\u00e4tt att g\u00e5 igenom livet utan att n\u00e5gonsin riktigt f\u00e5 kontakt med n\u00e5gon p\u00e5 en djupare niv\u00e5. Det \u00e4r d\u00e4rf\u00f6r videochatt kan vara ett s\u00e5 bra s\u00e4tt att f\u00e5 kontakt med andra.<\/p>\n<p>N\u00e4r du pratar med fr\u00e4mlingar p\u00e5 <a href=\"https:\/\/strangercam.com\/sv\/rabbit-video-chat\/\">videochatt<\/a>finns det o\u00e4ndliga m\u00f6jligheter till intressanta samtal. Oavsett om du vill prata om aktuella h\u00e4ndelser, popkultur eller bara ditt dagliga liv, finns det s\u00e4kert n\u00e5got att prata om. Och vem vet? Du kanske f\u00e5r en ny v\u00e4n p\u00e5 k\u00f6pet.<\/p>\n<h2>Varf\u00f6r spinchat \u00e4r s\u00e5 popul\u00e4r slumpm\u00e4ssig videochattplattform?<\/h2>\n<p>Det finns m\u00e5nga anledningar till varf\u00f6r spinchat \u00e4r en s\u00e5 popul\u00e4r slumpm\u00e4ssig videochattplattform. En anledning \u00e4r att det \u00e4r gratis att anv\u00e4nda. En annan anledning \u00e4r att det \u00e4r l\u00e4tt att anv\u00e4nda och inte kr\u00e4ver n\u00e5gon registrering. Slutligen ger det anv\u00e4ndarna ett bra s\u00e4tt att tr\u00e4ffa nya m\u00e4nniskor och f\u00e5 nya v\u00e4nner.<\/p>\n<h2>S\u00e5 h\u00e4r h\u00e5ller du dig s\u00e4ker p\u00e5 spinchat<\/h2>\n<p>Spinchat \u00e4r en fantastisk plattform f\u00f6r att tr\u00e4ffa nya m\u00e4nniskor och f\u00e5 v\u00e4nner. Det \u00e4r dock viktigt att vara s\u00e4ker n\u00e4r man pratar med fr\u00e4mlingar online. H\u00e4r \u00e4r n\u00e5gra tips som hj\u00e4lper dig att vara s\u00e4ker p\u00e5 spinchat:<\/p>\n<ul>\n<li style=\"font-weight: 400;\" aria-level=\"1\">L\u00e4mna inte ut personlig information. Detta inkluderar ditt fullst\u00e4ndiga namn, adress, telefonnummer etc.<\/li>\n<li style=\"font-weight: 400;\" aria-level=\"1\">Om n\u00e5gon f\u00e5r dig att k\u00e4nna dig obekv\u00e4m ska du blockera den personen och rapportera den till moderatorerna.<\/li>\n<li style=\"font-weight: 400;\" aria-level=\"1\">Tr\u00e4ffa inte n\u00e5gon som du har <a href=\"https:\/\/strangercam.com\/sv\/chamet\/\">met<\/a> online i person.<\/li>\n<li style=\"font-weight: 400;\" aria-level=\"1\">Anv\u00e4nd funktionen f\u00f6r privata meddelanden f\u00f6r att prata med personer som du k\u00e4nner och litar p\u00e5.<\/li>\n<\/ul>\n<p>Genom att f\u00f6lja dessa enkla s\u00e4kerhetstips kan du ha en fantastisk tid p\u00e5 spinchat samtidigt som du h\u00e5ller dig s\u00e4ker.<\/p>\n<h2>Slutsats<\/h2>\n<p>En av de b\u00e4sta sakerna med sociala medier \u00e4r m\u00f6jligheten att f\u00e5 kontakt med likasinnade m\u00e4nniskor fr\u00e5n hela v\u00e4rlden. Oavsett om du \u00e4r ute efter v\u00e4nskap, professionell r\u00e5dgivning eller bara n\u00e5gon att chatta med finns det gott om communities som passar dina behov. Ett bra exempel \u00e4r spinchat - en plattform som g\u00f6r det m\u00f6jligt f\u00f6r anv\u00e4ndare att prata med fr\u00e4mlingar via videochatt. Om du n\u00e5gonsin k\u00e4nner dig vilsen och inte vet vart du ska v\u00e4nda dig, ge spinchat ett f\u00f6rs\u00f6k!<\/p>","protected":false},"excerpt":{"rendered":"<p>If you&#8217;re feeling lonely or just want to talk to someone, SpinChat is a great place to do it. This chat site lets you talk to strangers all over the world, and you never know who you might meet. You might make a new friend, or even find your soulmate. So why not give it [&hellip;]<\/p>\n","protected":false},"author":6,"featured_media":559,"parent":0,"menu_order":0,"comment_status":"closed","ping_status":"closed","template":"","meta":{"footnotes":""},"class_list":["post-11248","page","type-page","status-publish","has-post-thumbnail","hentry"],"yoast_head":"<!-- This site is optimized with the Yoast SEO plugin v27.4 - https:\/\/yoast.com\/product\/yoast-seo-wordpress\/ -->\n<title>Spinchat - Chat with strangers on StrangerCam.com<\/title>\n<meta name=\"description\" content=\"Like Spinchat? Come chat with more than 5.000.000 strangers on Stranger Cam for Free! Turn on your cam and find new friends &amp; maby a match!\" \/>\n<meta name=\"robots\" content=\"index, follow, max-snippet:-1, max-image-preview:large, max-video-preview:-1\" \/>\n<link rel=\"canonical\" href=\"https:\/\/strangercam.com\/sv\/spinchat\/\" \/>\n<meta property=\"og:locale\" content=\"sv_SE\" \/>\n<meta property=\"og:type\" content=\"article\" \/>\n<meta property=\"og:title\" content=\"Spinchat - Chat with strangers on StrangerCam.com\" \/>\n<meta property=\"og:description\" content=\"Like Spinchat? Come chat with more than 5.000.000 strangers on Stranger Cam for Free! Turn on your cam and find new friends &amp; maby a match!\" \/>\n<meta property=\"og:url\" content=\"https:\/\/strangercam.com\/sv\/spinchat\/\" \/>\n<meta property=\"og:site_name\" content=\"Strangercam\" \/>\n<meta property=\"article:publisher\" content=\"https:\/\/www.facebook.com\/strangercam\" \/>\n<meta property=\"article:modified_time\" content=\"2023-08-21T10:38:41+00:00\" \/>\n<meta property=\"og:image\" content=\"https:\/\/strangercam.com\/wp-content\/uploads\/2020\/11\/stranger-cam-1.png\" \/>\n\t<meta property=\"og:image:width\" content=\"800\" \/>\n\t<meta property=\"og:image:height\" content=\"800\" \/>\n\t<meta property=\"og:image:type\" content=\"image\/png\" \/>\n<meta name=\"twitter:card\" content=\"summary_large_image\" \/>\n<meta name=\"twitter:site\" content=\"@strangercamapp\" \/>\n<meta name=\"twitter:label1\" content=\"Ber\u00e4knad l\u00e4stid\" \/>\n\t<meta name=\"twitter:data1\" content=\"6 minuter\" \/>\n<script type=\"application\/ld+json\" class=\"yoast-schema-graph\">{\"@context\":\"https:\\\/\\\/schema.org\",\"@graph\":[{\"@type\":\"WebPage\",\"@id\":\"https:\\\/\\\/strangercam.com\\\/spinchat\\\/\",\"url\":\"https:\\\/\\\/strangercam.com\\\/spinchat\\\/\",\"name\":\"Spinchat - Chat with strangers on StrangerCam.com\",\"isPartOf\":{\"@id\":\"https:\\\/\\\/strangercam.com\\\/#website\"},\"primaryImageOfPage\":{\"@id\":\"https:\\\/\\\/strangercam.com\\\/spinchat\\\/#primaryimage\"},\"image\":{\"@id\":\"https:\\\/\\\/strangercam.com\\\/spinchat\\\/#primaryimage\"},\"thumbnailUrl\":\"https:\\\/\\\/strangercam.com\\\/wp-content\\\/uploads\\\/2020\\\/11\\\/stranger-cam-1.png\",\"datePublished\":\"2022-08-11T17:57:16+00:00\",\"dateModified\":\"2023-08-21T10:38:41+00:00\",\"description\":\"Like Spinchat? Come chat with more than 5.000.000 strangers on Stranger Cam for Free! Turn on your cam and find new friends & maby a match!\",\"breadcrumb\":{\"@id\":\"https:\\\/\\\/strangercam.com\\\/spinchat\\\/#breadcrumb\"},\"inLanguage\":\"sv-SE\",\"potentialAction\":[{\"@type\":\"ReadAction\",\"target\":[\"https:\\\/\\\/strangercam.com\\\/spinchat\\\/\"]}]},{\"@type\":\"ImageObject\",\"inLanguage\":\"sv-SE\",\"@id\":\"https:\\\/\\\/strangercam.com\\\/spinchat\\\/#primaryimage\",\"url\":\"https:\\\/\\\/strangercam.com\\\/wp-content\\\/uploads\\\/2020\\\/11\\\/stranger-cam-1.png\",\"contentUrl\":\"https:\\\/\\\/strangercam.com\\\/wp-content\\\/uploads\\\/2020\\\/11\\\/stranger-cam-1.png\",\"width\":800,\"height\":800,\"caption\":\"stranger cam random video chat\"},{\"@type\":\"BreadcrumbList\",\"@id\":\"https:\\\/\\\/strangercam.com\\\/spinchat\\\/#breadcrumb\",\"itemListElement\":[{\"@type\":\"ListItem\",\"position\":1,\"name\":\"Home\",\"item\":\"https:\\\/\\\/strangercam.com\\\/\"},{\"@type\":\"ListItem\",\"position\":2,\"name\":\"Spinchat\"}]},{\"@type\":\"WebSite\",\"@id\":\"https:\\\/\\\/strangercam.com\\\/#website\",\"url\":\"https:\\\/\\\/strangercam.com\\\/\",\"name\":\"Strangercam\",\"description\":\"Random Video Chat with Strangers\",\"publisher\":{\"@id\":\"https:\\\/\\\/strangercam.com\\\/#organization\"},\"alternateName\":\"Strangercam.com\",\"potentialAction\":[{\"@type\":\"SearchAction\",\"target\":{\"@type\":\"EntryPoint\",\"urlTemplate\":\"https:\\\/\\\/strangercam.com\\\/?s={search_term_string}\"},\"query-input\":{\"@type\":\"PropertyValueSpecification\",\"valueRequired\":true,\"valueName\":\"search_term_string\"}}],\"inLanguage\":\"sv-SE\"},{\"@type\":\"Organization\",\"@id\":\"https:\\\/\\\/strangercam.com\\\/#organization\",\"name\":\"Strangercam\",\"alternateName\":\"Strangercam.com\",\"url\":\"https:\\\/\\\/strangercam.com\\\/\",\"logo\":{\"@type\":\"ImageObject\",\"inLanguage\":\"sv-SE\",\"@id\":\"https:\\\/\\\/strangercam.com\\\/#\\\/schema\\\/logo\\\/image\\\/\",\"url\":\"https:\\\/\\\/strangercam.com\\\/wp-content\\\/uploads\\\/2020\\\/11\\\/cropped-new-favicon-black.png\",\"contentUrl\":\"https:\\\/\\\/strangercam.com\\\/wp-content\\\/uploads\\\/2020\\\/11\\\/cropped-new-favicon-black.png\",\"width\":512,\"height\":512,\"caption\":\"Strangercam\"},\"image\":{\"@id\":\"https:\\\/\\\/strangercam.com\\\/#\\\/schema\\\/logo\\\/image\\\/\"},\"sameAs\":[\"https:\\\/\\\/www.facebook.com\\\/strangercam\",\"https:\\\/\\\/x.com\\\/strangercamapp\"]}]}<\/script>\n<!-- \/ Yoast SEO plugin. -->","yoast_head_json":{"title":"Spinchat - Chatta med fr\u00e4mlingar p\u00e5 StrangerCam.com","description":"Gillar du Spinchat? Kom och chatta med mer \u00e4n 5.000.000 fr\u00e4mlingar p\u00e5 Stranger Cam helt gratis! Sl\u00e5 p\u00e5 din kamera och hitta nya v\u00e4nner och kanske en match!","robots":{"index":"index","follow":"follow","max-snippet":"max-snippet:-1","max-image-preview":"max-image-preview:large","max-video-preview":"max-video-preview:-1"},"canonical":"https:\/\/strangercam.com\/sv\/spinchat\/","og_locale":"sv_SE","og_type":"article","og_title":"Spinchat - Chat with strangers on StrangerCam.com","og_description":"Like Spinchat? Come chat with more than 5.000.000 strangers on Stranger Cam for Free! Turn on your cam and find new friends & maby a match!","og_url":"https:\/\/strangercam.com\/sv\/spinchat\/","og_site_name":"Strangercam","article_publisher":"https:\/\/www.facebook.com\/strangercam","article_modified_time":"2023-08-21T10:38:41+00:00","og_image":[{"width":800,"height":800,"url":"https:\/\/strangercam.com\/wp-content\/uploads\/2020\/11\/stranger-cam-1.png","type":"image\/png"}],"twitter_card":"summary_large_image","twitter_site":"@strangercamapp","twitter_misc":{"Ber\u00e4knad l\u00e4stid":"6 minuter"},"schema":{"@context":"https:\/\/schema.org","@graph":[{"@type":"WebPage","@id":"https:\/\/strangercam.com\/spinchat\/","url":"https:\/\/strangercam.com\/spinchat\/","name":"Spinchat - Chatta med fr\u00e4mlingar p\u00e5 StrangerCam.com","isPartOf":{"@id":"https:\/\/strangercam.com\/#website"},"primaryImageOfPage":{"@id":"https:\/\/strangercam.com\/spinchat\/#primaryimage"},"image":{"@id":"https:\/\/strangercam.com\/spinchat\/#primaryimage"},"thumbnailUrl":"https:\/\/strangercam.com\/wp-content\/uploads\/2020\/11\/stranger-cam-1.png","datePublished":"2022-08-11T17:57:16+00:00","dateModified":"2023-08-21T10:38:41+00:00","description":"Gillar du Spinchat? Kom och chatta med mer \u00e4n 5.000.000 fr\u00e4mlingar p\u00e5 Stranger Cam helt gratis! Sl\u00e5 p\u00e5 din kamera och hitta nya v\u00e4nner och kanske en match!","breadcrumb":{"@id":"https:\/\/strangercam.com\/spinchat\/#breadcrumb"},"inLanguage":"sv-SE","potentialAction":[{"@type":"ReadAction","target":["https:\/\/strangercam.com\/spinchat\/"]}]},{"@type":"ImageObject","inLanguage":"sv-SE","@id":"https:\/\/strangercam.com\/spinchat\/#primaryimage","url":"https:\/\/strangercam.com\/wp-content\/uploads\/2020\/11\/stranger-cam-1.png","contentUrl":"https:\/\/strangercam.com\/wp-content\/uploads\/2020\/11\/stranger-cam-1.png","width":800,"height":800,"caption":"stranger cam random video chat"},{"@type":"BreadcrumbList","@id":"https:\/\/strangercam.com\/spinchat\/#breadcrumb","itemListElement":[{"@type":"ListItem","position":1,"name":"Home","item":"https:\/\/strangercam.com\/"},{"@type":"ListItem","position":2,"name":"Spinchat"}]},{"@type":"WebSite","@id":"https:\/\/strangercam.com\/#website","url":"https:\/\/strangercam.com\/","name":"Strangercam","description":"Slumpm\u00e4ssig videochatt med fr\u00e4mlingar","publisher":{"@id":"https:\/\/strangercam.com\/#organization"},"alternateName":"Strangercam.com","potentialAction":[{"@type":"SearchAction","target":{"@type":"EntryPoint","urlTemplate":"https:\/\/strangercam.com\/?s={search_term_string}"},"query-input":{"@type":"PropertyValueSpecification","valueRequired":true,"valueName":"search_term_string"}}],"inLanguage":"sv-SE"},{"@type":"Organization","@id":"https:\/\/strangercam.com\/#organization","name":"Strangercam","alternateName":"Strangercam.com","url":"https:\/\/strangercam.com\/","logo":{"@type":"ImageObject","inLanguage":"sv-SE","@id":"https:\/\/strangercam.com\/#\/schema\/logo\/image\/","url":"https:\/\/strangercam.com\/wp-content\/uploads\/2020\/11\/cropped-new-favicon-black.png","contentUrl":"https:\/\/strangercam.com\/wp-content\/uploads\/2020\/11\/cropped-new-favicon-black.png","width":512,"height":512,"caption":"Strangercam"},"image":{"@id":"https:\/\/strangercam.com\/#\/schema\/logo\/image\/"},"sameAs":["https:\/\/www.facebook.com\/strangercam","https:\/\/x.com\/strangercamapp"]}]}},"_links":{"self":[{"href":"https:\/\/strangercam.com\/sv\/wp-json\/wp\/v2\/pages\/11248","targetHints":{"allow":["GET"]}}],"collection":[{"href":"https:\/\/strangercam.com\/sv\/wp-json\/wp\/v2\/pages"}],"about":[{"href":"https:\/\/strangercam.com\/sv\/wp-json\/wp\/v2\/types\/page"}],"author":[{"embeddable":true,"href":"https:\/\/strangercam.com\/sv\/wp-json\/wp\/v2\/users\/6"}],"replies":[{"embeddable":true,"href":"https:\/\/strangercam.com\/sv\/wp-json\/wp\/v2\/comments?post=11248"}],"version-history":[{"count":0,"href":"https:\/\/strangercam.com\/sv\/wp-json\/wp\/v2\/pages\/11248\/revisions"}],"wp:featuredmedia":[{"embeddable":true,"href":"https:\/\/strangercam.com\/sv\/wp-json\/wp\/v2\/media\/559"}],"wp:attachment":[{"href":"https:\/\/strangercam.com\/sv\/wp-json\/wp\/v2\/media?parent=11248"}],"curies":[{"name":"wp","href":"https:\/\/api.w.org\/{rel}","templated":true}]}}