{"id":11221,"date":"2022-08-11T16:07:53","date_gmt":"2022-08-11T14:07:53","guid":{"rendered":"https:\/\/strangercam.com\/?page_id=11221"},"modified":"2023-08-21T12:24:42","modified_gmt":"2023-08-21T10:24:42","slug":"meetme","status":"publish","type":"page","link":"https:\/\/strangercam.com\/sv\/meetme\/","title":{"rendered":"Meetme"},"content":{"rendered":"<p>Om du letar efter ett nytt s\u00e4tt att <a href=\"https:\/\/strangercam.com\/sv\/coomeet\/\">tr\u00e4ffas<\/a> m\u00e4nniskor och <a href=\"https:\/\/strangercam.com\/sv\/flingster\/\">fl\u00f6rta<\/a> med fr\u00e4mlingar, d\u00e5 b\u00f6r du kolla in meetme. Med den h\u00e4r appen kan du f\u00e5 kontakt med m\u00e4nniskor n\u00e4ra dig som ocks\u00e5 letar efter nya v\u00e4nner eller en romantisk partner. Du kan <a href=\"https:\/\/strangercam.com\/sv\/chatroulette\/\">chatt<\/a> med dem, dela foton och intressen och till och med tr\u00e4ffas personligen om ni b\u00e5da \u00e4r intresserade. S\u00e5 varf\u00f6r inte ge det ett f\u00f6rs\u00f6k? Du vet aldrig vem du kan tr\u00e4ffa!<\/p>\n<h2>Vad \u00e4r meetme?<\/h2>\n<p>Meetme \u00e4r en <a href=\"https:\/\/strangercam.com\/sv\/chathub\/\">slumpm\u00e4ssig videochatt<\/a> webbplats som g\u00f6r att du kan tr\u00e4ffa nya m\u00e4nniskor och flirta med fr\u00e4mlingar. Det \u00e4r ett bra s\u00e4tt att tr\u00e4ffa nya v\u00e4nner eller potentiella partners. Du kan ocks\u00e5 anv\u00e4nda meetme f\u00f6r att hitta personer med liknande intressen eller f\u00f6r att starta en konversation med n\u00e5gon du \u00e4r intresserad av.<\/p>\n<h2>Hur man anv\u00e4nder meetme<\/h2>\n<p>Om du letar efter ett nytt s\u00e4tt att tr\u00e4ffa m\u00e4nniskor och flirta med fr\u00e4mlingar, b\u00f6r du kolla in meetme. Det \u00e4r ett bra s\u00e4tt att f\u00e5 kontakt med nya m\u00e4nniskor och potentiellt hitta k\u00e4rleken. S\u00e5 h\u00e4r anv\u00e4nder du meetme:<\/p>\n<ul>\n<li style=\"font-weight: 400;\" aria-level=\"1\">F\u00f6rst skapar du en profil genom att registrera dig med din e-postadress eller ansluta ditt Facebook-konto. Se till att l\u00e4gga till ett foto och lite grundl\u00e4ggande information om dig sj\u00e4lv s\u00e5 att folk kan l\u00e4ra k\u00e4nna dig.<\/li>\n<li style=\"font-weight: 400;\" aria-level=\"1\">N\u00e4r du har en profil kan du b\u00f6rja bl\u00e4ddra igenom andra anv\u00e4ndares profiler. N\u00e4r du hittar n\u00e5gon som du \u00e4r intresserad av, skicka ett meddelande till dem och se om de \u00e4r intresserade av att chatta.<\/li>\n<li style=\"font-weight: 400;\" aria-level=\"1\">Om du tr\u00e4ffar det med n\u00e5gon kan du b\u00f6rja flirta med dem. Detta kan vara allt fr\u00e5n att skicka komplimanger till lekfull sk\u00e4mt. Ha bara kul och se vart saker och ting g\u00e5r!<\/li>\n<li style=\"font-weight: 400;\" aria-level=\"1\">Om det verkar g\u00e5 bra kan du bjuda ut personen p\u00e5 en dejt. Se bara till att ni b\u00e5da \u00e4r p\u00e5 samma sida om vad ni letar efter innan ni tr\u00e4ffas personligen.<\/li>\n<li style=\"font-weight: 400;\" aria-level=\"1\">Och s\u00e5 \u00e4r det! Anv\u00e4nd meetme f\u00f6r att tr\u00e4ffa nya m\u00e4nniskor och flirta med fr\u00e4mlingar i en s\u00e4ker och rolig milj\u00f6.<\/li>\n<\/ul>\n<h2>F\u00f6r- och nackdelar med meetme<\/h2>\n<p>Det finns b\u00e5de bra och d\u00e5liga saker med meetme-appen. \u00c5 ena sidan kan det vara ett bra s\u00e4tt att tr\u00e4ffa nya m\u00e4nniskor och f\u00e5 nya v\u00e4nner. \u00c5 andra sidan finns det ocks\u00e5 en potential att tr\u00e4ffa farliga fr\u00e4mlingar. Det \u00e4r viktigt att vara medveten om b\u00e5de f\u00f6r- och nackdelar innan du anv\u00e4nder den h\u00e4r appen.<\/p>\n<p>Det som \u00e4r bra med meetme \u00e4r att du kan prata med m\u00e4nniskor fr\u00e5n hela v\u00e4rlden. Detta ger dig m\u00f6jlighet att l\u00e4ra dig mer om olika kulturer och f\u00e5 nya v\u00e4nner. Du kan ocks\u00e5 flirta med m\u00e4nniskor p\u00e5 meetme, vilket kan vara kul om du \u00e4r singel och letar efter en dejt.<\/p>\n<p>Nackdelen med meetme \u00e4r att du potentiellt kan tr\u00e4ffa farliga fr\u00e4mlingar. Eftersom du pratar med m\u00e4nniskor som du inte k\u00e4nner \u00e4r det viktigt att vara f\u00f6rsiktig med vilken information du delar med dig av. Du ska aldrig l\u00e4mna ut din personliga information eller g\u00e5 med p\u00e5 att tr\u00e4ffa n\u00e5gon personligen om du inte \u00e4r helt s\u00e4ker p\u00e5 att de \u00e4r s\u00e4kra.<\/p>\n<p>\u00d6verlag kan meetme vara ett bra s\u00e4tt att tr\u00e4ffa nya m\u00e4nniskor och ha lite kul. Det \u00e4r dock viktigt att vara medveten om riskerna innan du anv\u00e4nder den h\u00e4r appen.<\/p>\n<h2>Varf\u00f6r meetme \u00e4r s\u00e5 popul\u00e4r slumpm\u00e4ssig videochattplattform?<\/h2>\n<p>Det finns m\u00e5nga anledningar till varf\u00f6r meetme \u00e4r en s\u00e5 popul\u00e4r slumpm\u00e4ssig videochattplattform. F\u00f6r det f\u00f6rsta \u00e4r det otroligt enkelt att anv\u00e4nda. Du beh\u00f6ver inte registrera dig f\u00f6r ett konto eller n\u00e5got liknande. \u00d6ppna bara appen och b\u00f6rja chatta med m\u00e4nniskor fr\u00e5n hela v\u00e4rlden.<\/p>\n<p>En annan anledning till att meetme \u00e4r s\u00e5 popul\u00e4rt \u00e4r att det \u00e4r anonymt. Du beh\u00f6ver inte ange ditt namn eller n\u00e5gon personlig information n\u00e4r du anv\u00e4nder den. Detta g\u00f6r det till en bra plattform f\u00f6r m\u00e4nniskor som vill chatta med fr\u00e4mlingar utan att avsl\u00f6ja f\u00f6r mycket om sig sj\u00e4lva.<\/p>\n<p>Slutligen \u00e4r meetme popul\u00e4rt eftersom det \u00e4r ett bra s\u00e4tt att tr\u00e4ffa nya m\u00e4nniskor och f\u00e5 nya v\u00e4nner. Du kan chatta med m\u00e4nniskor fr\u00e5n hela v\u00e4rlden och l\u00e4ra k\u00e4nna dem b\u00e4ttre. Oavsett om du letar efter en ny v\u00e4n eller en potentiell romantisk partner \u00e4r meetme ett bra st\u00e4lle att b\u00f6rja.<\/p>\n<h2>Hur f\u00e5r man ut det mesta av meetme?<\/h2>\n<p>Om du letar efter k\u00e4rlek eller bara en bra tid kan du inte g\u00e5 fel med meetme. Denna sociala n\u00e4tverkssida g\u00f6r att du kan tr\u00e4ffa nya m\u00e4nniskor och flirta med fr\u00e4mlingar i en s\u00e4ker och rolig milj\u00f6. H\u00e4r \u00e4r n\u00e5gra tips som hj\u00e4lper dig att f\u00e5 ut det mesta av din meetme-upplevelse:<\/p>\n<ol>\n<li style=\"font-weight: 400;\" aria-level=\"1\">Fyll i din profil. Ju mer information du ger om dig sj\u00e4lv, desto l\u00e4ttare blir det f\u00f6r andra att hitta dig och f\u00e5 kontakt med dig. Se till att inkludera ett nytaget foto s\u00e5 att folk kan se hur du ser ut.<\/li>\n<li style=\"font-weight: 400;\" aria-level=\"1\">Anv\u00e4nd s\u00f6kfunktionen. meetme har en bra s\u00f6kfunktion som g\u00f6r att du kan hitta personer som delar dina intressen och som bor n\u00e4ra dig. Anv\u00e4nd s\u00f6kfunktionen f\u00f6r att hitta potentiella matchningar och b\u00f6rja chatta med dem.<\/li>\n<li style=\"font-weight: 400;\" aria-level=\"1\">Var inte r\u00e4dd f\u00f6r att flirta. Att fl\u00f6rta \u00e4r ett bra s\u00e4tt att l\u00e4ra k\u00e4nna n\u00e5gon b\u00e4ttre. Om du k\u00e4nner dig dj\u00e4rv kan du f\u00f6rs\u00f6ka skicka ett privat meddelande eller flirta med n\u00e5gon i offentliga chattrum. Se bara till att du sk\u00f6ter dig och h\u00e5ller saker l\u00e4ttsamma s\u00e5 att ingen k\u00e4nner sig obekv\u00e4m.<\/li>\n<li style=\"font-weight: 400;\" aria-level=\"1\">Tr\u00e4ffas personligen. N\u00e4r du har l\u00e4rt k\u00e4nna n\u00e5gon ganska bra online \u00e4r det dags att ta saker offline och tr\u00e4ffas personligen. M\u00f6te<\/li>\n<\/ol>\n<h2>Vad kan man f\u00f6rv\u00e4nta sig n\u00e4r man anv\u00e4nder en slumpm\u00e4ssig videochattplattform?<\/h2>\n<p>N\u00e4r du anv\u00e4nder en slumpm\u00e4ssig videochattplattform som meetme kan du f\u00f6rv\u00e4nta dig att tr\u00e4ffa nya m\u00e4nniskor fr\u00e5n hela v\u00e4rlden. Du kommer att kunna chatta med dem och l\u00e4ra k\u00e4nna dem b\u00e4ttre. Du kan till och med hitta dig sj\u00e4lv flirta med dem!<\/p>\n<h2>F\u00f6rdelar med att anv\u00e4nda en slumpm\u00e4ssig videochatt<\/h2>\n<p>Det finns m\u00e5nga f\u00f6rdelar med att anv\u00e4nda en slumpm\u00e4ssig videochattj\u00e4nst som meetme. F\u00f6r det f\u00f6rsta \u00e4r det ett bra s\u00e4tt att tr\u00e4ffa nya m\u00e4nniskor fr\u00e5n hela v\u00e4rlden. Du vet aldrig vem du kommer att tr\u00e4ffa eller var de kommer ifr\u00e5n, vilket kan ge n\u00e5gra intressanta konversationer.<\/p>\n<p>En annan f\u00f6rdel \u00e4r att det \u00e4r ett bra s\u00e4tt att \u00f6va p\u00e5 dina sociala f\u00e4rdigheter. Om du \u00e4r blyg eller inte \u00e4r s\u00e5 bra p\u00e5 att prata med m\u00e4nniskor kan en slumpm\u00e4ssig videochatt vara ett bra s\u00e4tt att \u00f6va p\u00e5. Du kan ocks\u00e5 l\u00e4ra dig mer om kroppsspr\u00e5k och hur man l\u00e4ser andra m\u00e4nniskor genom att chatta med dem online.<\/p>\n<p>Slutligen kan en slumpm\u00e4ssig videochatt vara mycket rolig. Det \u00e4r ett bra s\u00e4tt att sl\u00e5 ihj\u00e4l tid och tr\u00e4ffa nya och intressanta m\u00e4nniskor. S\u00e5 om du letar efter n\u00e5got att g\u00f6ra, varf\u00f6r inte ge det ett f\u00f6rs\u00f6k?<\/p>\n<h2>\u00c4r det s\u00e4kert att anv\u00e4nda?<\/h2>\n<p>Det finns m\u00e5nga m\u00e4nniskor d\u00e4r ute som letar efter k\u00e4rlek, s\u00e4llskap och till och med bara en uppkoppling. Men \u00e4r det verkligen s\u00e4kert att tr\u00e4ffa n\u00e5gon online och flirta med dem? Det finns m\u00e5nga risker f\u00f6rknippade med att tr\u00e4ffa n\u00e5gon online, men det finns ocks\u00e5 m\u00e5nga bel\u00f6ningar. Du m\u00e5ste bara vara f\u00f6rsiktig och anv\u00e4nda ditt b\u00e4sta omd\u00f6me.<\/p>\n<p>Om du letar efter k\u00e4rlek kan det vara ett bra s\u00e4tt att hitta din sj\u00e4lsfr\u00e4nde genom att tr\u00e4ffa n\u00e5gon online. Men du m\u00e5ste vara f\u00f6rsiktig med vem du pratar med och hur mycket du avsl\u00f6jar om dig sj\u00e4lv. Det \u00e4r viktigt att komma ih\u00e5g att inte alla \u00e4r den de s\u00e4ger att de \u00e4r online. Det finns m\u00e5nga rovdjur d\u00e4r ute som vill dra nytta av m\u00e4nniskor. S\u00e5 du m\u00e5ste vara f\u00f6rsiktig med vem du pratar med och se till att du inte avsl\u00f6jar f\u00f6r mycket om dig sj\u00e4lv.<\/p>\n<p>Om du bara \u00e4r ute efter en tr\u00e4ff kan det vara ett bra s\u00e4tt att f\u00e5 det du vill ha genom att tr\u00e4ffa n\u00e5gon online. Men \u00e5terigen m\u00e5ste du vara f\u00f6rsiktig med vem du pratar med och hur mycket du avsl\u00f6jar om dig sj\u00e4lv.<\/p>\n<h2>Hur man h\u00e5ller sig s\u00e4ker p\u00e5 meetme<\/h2>\n<p>Om du vill tr\u00e4ffa nya m\u00e4nniskor och kanske till och med flirta med n\u00e5gra fr\u00e4mlingar \u00e4r meetme ett bra alternativ. Det \u00e4r dock viktigt att vara s\u00e4ker n\u00e4r du anv\u00e4nder den h\u00e4r eller n\u00e5gon annan dejtingapp. H\u00e4r \u00e4r n\u00e5gra tips som hj\u00e4lper dig att h\u00e5lla dig s\u00e4ker n\u00e4r du anv\u00e4nder meetme:<\/p>\n<ul>\n<li style=\"font-weight: 400;\" aria-level=\"1\">Ge inte ut f\u00f6r mycket personlig information. N\u00e4r du f\u00f6rst l\u00e4r k\u00e4nna n\u00e5gon \u00e4r det b\u00e4st att h\u00e5lla saker som din adress och ditt telefonnummer privata.<\/li>\n<li style=\"font-weight: 400;\" aria-level=\"1\">Var f\u00f6rsiktig med vem du tr\u00e4ffar personligen. Om du best\u00e4mmer dig f\u00f6r att tr\u00e4ffa n\u00e5gon fr\u00e5n meetme personligen, se till att g\u00f6ra det p\u00e5 en allm\u00e4n plats och l\u00e5t en v\u00e4n eller familjemedlem veta var du kommer att vara.<\/li>\n<li style=\"font-weight: 400;\" aria-level=\"1\">Skicka inga pengar eller g\u00e5vor till n\u00e5gon som du har <a href=\"https:\/\/strangercam.com\/sv\/chamet\/\">met<\/a> p\u00e5 n\u00e4tet, oavsett hur v\u00e4l du tror att du k\u00e4nner dem.<\/li>\n<li style=\"font-weight: 400;\" aria-level=\"1\">Lita p\u00e5 dina instinkter. Om n\u00e5got inte k\u00e4nns r\u00e4tt ska du inte tveka att blockera eller rapportera anv\u00e4ndaren.<\/li>\n<\/ul>\n<h2>Slutsats<\/h2>\n<p>Om du letar efter ett nytt s\u00e4tt att tr\u00e4ffa m\u00e4nniskor och flirta med fr\u00e4mlingar kan MeetMe vara appen f\u00f6r dig. Med sitt l\u00e4ttanv\u00e4nda gr\u00e4nssnitt och fantastiska funktioner \u00e4r det definitivt v\u00e4rt att kolla in. Vem vet, du kanske hittar din n\u00e4sta dejt eller hookup p\u00e5 MeetMe!<\/p>","protected":false},"excerpt":{"rendered":"<p>If you&#8217;re looking for a new way to meet people and flirt with strangers, then you should check out meetme. This app allows you to connect with people near you who are also looking for new friends or a romantic partner. You can chat with them, share photos and interests, and even meet up in [&hellip;]<\/p>\n","protected":false},"author":6,"featured_media":559,"parent":0,"menu_order":0,"comment_status":"closed","ping_status":"closed","template":"","meta":{"footnotes":""},"class_list":["post-11221","page","type-page","status-publish","has-post-thumbnail","hentry"],"yoast_head":"<!-- This site is optimized with the Yoast SEO plugin v26.9 - https:\/\/yoast.com\/product\/yoast-seo-wordpress\/ -->\n<title>Meetme - Chat with strangers on StrangerCam.com<\/title>\n<meta name=\"description\" content=\"Like Meetme? Come chat with more than 5.000.000 strangers on Stranger Cam for Free! Turn on your cam and find new friends &amp; maby a match!\" \/>\n<meta name=\"robots\" content=\"index, follow, max-snippet:-1, max-image-preview:large, max-video-preview:-1\" \/>\n<link rel=\"canonical\" href=\"https:\/\/strangercam.com\/sv\/meetme\/\" \/>\n<meta property=\"og:locale\" content=\"sv_SE\" \/>\n<meta property=\"og:type\" content=\"article\" \/>\n<meta property=\"og:title\" content=\"Meetme - Chat with strangers on StrangerCam.com\" \/>\n<meta property=\"og:description\" content=\"Like Meetme? Come chat with more than 5.000.000 strangers on Stranger Cam for Free! Turn on your cam and find new friends &amp; maby a match!\" \/>\n<meta property=\"og:url\" content=\"https:\/\/strangercam.com\/sv\/meetme\/\" \/>\n<meta property=\"og:site_name\" content=\"Strangercam\" \/>\n<meta property=\"article:publisher\" content=\"https:\/\/www.facebook.com\/strangercam\" \/>\n<meta property=\"article:modified_time\" content=\"2023-08-21T10:24:42+00:00\" \/>\n<meta property=\"og:image\" content=\"https:\/\/strangercam.com\/wp-content\/uploads\/2020\/11\/stranger-cam-1.png\" \/>\n\t<meta property=\"og:image:width\" content=\"800\" \/>\n\t<meta property=\"og:image:height\" content=\"800\" \/>\n\t<meta property=\"og:image:type\" content=\"image\/png\" \/>\n<meta name=\"twitter:card\" content=\"summary_large_image\" \/>\n<meta name=\"twitter:site\" content=\"@strangercamapp\" \/>\n<meta name=\"twitter:label1\" content=\"Ber\u00e4knad l\u00e4stid\" \/>\n\t<meta name=\"twitter:data1\" content=\"7 minuter\" \/>\n<script type=\"application\/ld+json\" class=\"yoast-schema-graph\">{\"@context\":\"https:\/\/schema.org\",\"@graph\":[{\"@type\":\"WebPage\",\"@id\":\"https:\/\/strangercam.com\/meetme\/\",\"url\":\"https:\/\/strangercam.com\/meetme\/\",\"name\":\"Meetme - Chat with strangers on StrangerCam.com\",\"isPartOf\":{\"@id\":\"https:\/\/strangercam.com\/#website\"},\"primaryImageOfPage\":{\"@id\":\"https:\/\/strangercam.com\/meetme\/#primaryimage\"},\"image\":{\"@id\":\"https:\/\/strangercam.com\/meetme\/#primaryimage\"},\"thumbnailUrl\":\"https:\/\/strangercam.com\/wp-content\/uploads\/2020\/11\/stranger-cam-1.png\",\"datePublished\":\"2022-08-11T14:07:53+00:00\",\"dateModified\":\"2023-08-21T10:24:42+00:00\",\"description\":\"Like Meetme? Come chat with more than 5.000.000 strangers on Stranger Cam for Free! Turn on your cam and find new friends & maby a match!\",\"breadcrumb\":{\"@id\":\"https:\/\/strangercam.com\/meetme\/#breadcrumb\"},\"inLanguage\":\"sv-SE\",\"potentialAction\":[{\"@type\":\"ReadAction\",\"target\":[\"https:\/\/strangercam.com\/meetme\/\"]}]},{\"@type\":\"ImageObject\",\"inLanguage\":\"sv-SE\",\"@id\":\"https:\/\/strangercam.com\/meetme\/#primaryimage\",\"url\":\"https:\/\/strangercam.com\/wp-content\/uploads\/2020\/11\/stranger-cam-1.png\",\"contentUrl\":\"https:\/\/strangercam.com\/wp-content\/uploads\/2020\/11\/stranger-cam-1.png\",\"width\":800,\"height\":800,\"caption\":\"stranger cam random video chat\"},{\"@type\":\"BreadcrumbList\",\"@id\":\"https:\/\/strangercam.com\/meetme\/#breadcrumb\",\"itemListElement\":[{\"@type\":\"ListItem\",\"position\":1,\"name\":\"Home\",\"item\":\"https:\/\/strangercam.com\/\"},{\"@type\":\"ListItem\",\"position\":2,\"name\":\"Meetme\"}]},{\"@type\":\"WebSite\",\"@id\":\"https:\/\/strangercam.com\/#website\",\"url\":\"https:\/\/strangercam.com\/\",\"name\":\"Strangercam\",\"description\":\"Random Video Chat with Strangers\",\"publisher\":{\"@id\":\"https:\/\/strangercam.com\/#organization\"},\"alternateName\":\"Strangercam.com\",\"potentialAction\":[{\"@type\":\"SearchAction\",\"target\":{\"@type\":\"EntryPoint\",\"urlTemplate\":\"https:\/\/strangercam.com\/?s={search_term_string}\"},\"query-input\":{\"@type\":\"PropertyValueSpecification\",\"valueRequired\":true,\"valueName\":\"search_term_string\"}}],\"inLanguage\":\"sv-SE\"},{\"@type\":\"Organization\",\"@id\":\"https:\/\/strangercam.com\/#organization\",\"name\":\"Strangercam\",\"alternateName\":\"Strangercam.com\",\"url\":\"https:\/\/strangercam.com\/\",\"logo\":{\"@type\":\"ImageObject\",\"inLanguage\":\"sv-SE\",\"@id\":\"https:\/\/strangercam.com\/#\/schema\/logo\/image\/\",\"url\":\"https:\/\/strangercam.com\/wp-content\/uploads\/2020\/11\/cropped-new-favicon-black.png\",\"contentUrl\":\"https:\/\/strangercam.com\/wp-content\/uploads\/2020\/11\/cropped-new-favicon-black.png\",\"width\":512,\"height\":512,\"caption\":\"Strangercam\"},\"image\":{\"@id\":\"https:\/\/strangercam.com\/#\/schema\/logo\/image\/\"},\"sameAs\":[\"https:\/\/www.facebook.com\/strangercam\",\"https:\/\/x.com\/strangercamapp\"]}]}<\/script>\n<!-- \/ Yoast SEO plugin. -->","yoast_head_json":{"title":"Meetme - Chatta med fr\u00e4mlingar p\u00e5 StrangerCam.com","description":"Gillar du Meetme? Kom och chatta med mer \u00e4n 5.000.000 fr\u00e4mlingar p\u00e5 Stranger Cam helt gratis! Sl\u00e5 p\u00e5 din kamera och hitta nya v\u00e4nner och kanske en match!","robots":{"index":"index","follow":"follow","max-snippet":"max-snippet:-1","max-image-preview":"max-image-preview:large","max-video-preview":"max-video-preview:-1"},"canonical":"https:\/\/strangercam.com\/sv\/meetme\/","og_locale":"sv_SE","og_type":"article","og_title":"Meetme - Chat with strangers on StrangerCam.com","og_description":"Like Meetme? Come chat with more than 5.000.000 strangers on Stranger Cam for Free! Turn on your cam and find new friends & maby a match!","og_url":"https:\/\/strangercam.com\/sv\/meetme\/","og_site_name":"Strangercam","article_publisher":"https:\/\/www.facebook.com\/strangercam","article_modified_time":"2023-08-21T10:24:42+00:00","og_image":[{"width":800,"height":800,"url":"https:\/\/strangercam.com\/wp-content\/uploads\/2020\/11\/stranger-cam-1.png","type":"image\/png"}],"twitter_card":"summary_large_image","twitter_site":"@strangercamapp","twitter_misc":{"Ber\u00e4knad l\u00e4stid":"7 minuter"},"schema":{"@context":"https:\/\/schema.org","@graph":[{"@type":"WebPage","@id":"https:\/\/strangercam.com\/meetme\/","url":"https:\/\/strangercam.com\/meetme\/","name":"Meetme - Chatta med fr\u00e4mlingar p\u00e5 StrangerCam.com","isPartOf":{"@id":"https:\/\/strangercam.com\/#website"},"primaryImageOfPage":{"@id":"https:\/\/strangercam.com\/meetme\/#primaryimage"},"image":{"@id":"https:\/\/strangercam.com\/meetme\/#primaryimage"},"thumbnailUrl":"https:\/\/strangercam.com\/wp-content\/uploads\/2020\/11\/stranger-cam-1.png","datePublished":"2022-08-11T14:07:53+00:00","dateModified":"2023-08-21T10:24:42+00:00","description":"Gillar du Meetme? Kom och chatta med mer \u00e4n 5.000.000 fr\u00e4mlingar p\u00e5 Stranger Cam helt gratis! Sl\u00e5 p\u00e5 din kamera och hitta nya v\u00e4nner och kanske en match!","breadcrumb":{"@id":"https:\/\/strangercam.com\/meetme\/#breadcrumb"},"inLanguage":"sv-SE","potentialAction":[{"@type":"ReadAction","target":["https:\/\/strangercam.com\/meetme\/"]}]},{"@type":"ImageObject","inLanguage":"sv-SE","@id":"https:\/\/strangercam.com\/meetme\/#primaryimage","url":"https:\/\/strangercam.com\/wp-content\/uploads\/2020\/11\/stranger-cam-1.png","contentUrl":"https:\/\/strangercam.com\/wp-content\/uploads\/2020\/11\/stranger-cam-1.png","width":800,"height":800,"caption":"stranger cam random video chat"},{"@type":"BreadcrumbList","@id":"https:\/\/strangercam.com\/meetme\/#breadcrumb","itemListElement":[{"@type":"ListItem","position":1,"name":"Home","item":"https:\/\/strangercam.com\/"},{"@type":"ListItem","position":2,"name":"Meetme"}]},{"@type":"WebSite","@id":"https:\/\/strangercam.com\/#website","url":"https:\/\/strangercam.com\/","name":"Strangercam","description":"Slumpm\u00e4ssig videochatt med fr\u00e4mlingar","publisher":{"@id":"https:\/\/strangercam.com\/#organization"},"alternateName":"Strangercam.com","potentialAction":[{"@type":"SearchAction","target":{"@type":"EntryPoint","urlTemplate":"https:\/\/strangercam.com\/?s={search_term_string}"},"query-input":{"@type":"PropertyValueSpecification","valueRequired":true,"valueName":"search_term_string"}}],"inLanguage":"sv-SE"},{"@type":"Organization","@id":"https:\/\/strangercam.com\/#organization","name":"Strangercam","alternateName":"Strangercam.com","url":"https:\/\/strangercam.com\/","logo":{"@type":"ImageObject","inLanguage":"sv-SE","@id":"https:\/\/strangercam.com\/#\/schema\/logo\/image\/","url":"https:\/\/strangercam.com\/wp-content\/uploads\/2020\/11\/cropped-new-favicon-black.png","contentUrl":"https:\/\/strangercam.com\/wp-content\/uploads\/2020\/11\/cropped-new-favicon-black.png","width":512,"height":512,"caption":"Strangercam"},"image":{"@id":"https:\/\/strangercam.com\/#\/schema\/logo\/image\/"},"sameAs":["https:\/\/www.facebook.com\/strangercam","https:\/\/x.com\/strangercamapp"]}]}},"_links":{"self":[{"href":"https:\/\/strangercam.com\/sv\/wp-json\/wp\/v2\/pages\/11221","targetHints":{"allow":["GET"]}}],"collection":[{"href":"https:\/\/strangercam.com\/sv\/wp-json\/wp\/v2\/pages"}],"about":[{"href":"https:\/\/strangercam.com\/sv\/wp-json\/wp\/v2\/types\/page"}],"author":[{"embeddable":true,"href":"https:\/\/strangercam.com\/sv\/wp-json\/wp\/v2\/users\/6"}],"replies":[{"embeddable":true,"href":"https:\/\/strangercam.com\/sv\/wp-json\/wp\/v2\/comments?post=11221"}],"version-history":[{"count":0,"href":"https:\/\/strangercam.com\/sv\/wp-json\/wp\/v2\/pages\/11221\/revisions"}],"wp:featuredmedia":[{"embeddable":true,"href":"https:\/\/strangercam.com\/sv\/wp-json\/wp\/v2\/media\/559"}],"wp:attachment":[{"href":"https:\/\/strangercam.com\/sv\/wp-json\/wp\/v2\/media?parent=11221"}],"curies":[{"name":"wp","href":"https:\/\/api.w.org\/{rel}","templated":true}]}}