{"id":11208,"date":"2022-08-11T16:02:32","date_gmt":"2022-08-11T14:02:32","guid":{"rendered":"https:\/\/strangercam.com\/?page_id=11208"},"modified":"2023-08-21T12:24:41","modified_gmt":"2023-08-21T10:24:41","slug":"epikchat","status":"publish","type":"page","link":"https:\/\/strangercam.com\/sv\/epikchat\/","title":{"rendered":"Epikchat"},"content":{"rendered":"<p>Epikchat \u00e4r en ny app f\u00f6r sociala n\u00e4tverk och dejting som l\u00e5ter dig <a href=\"https:\/\/strangercam.com\/sv\/coomeet\/\">tr\u00e4ffas<\/a> nya m\u00e4nniskor och flirta med fr\u00e4mlingar. Appen finns f\u00f6r n\u00e4rvarande tillg\u00e4nglig f\u00f6r iOS- och Android-enheter.<\/p>\n<h2>Vad \u00e4r Epikchat?<\/h2>\n<p>Epikchat \u00e4r en live video <a href=\"https:\/\/strangercam.com\/sv\/chathub\/\">chatt<\/a> plattform som g\u00f6r det m\u00f6jligt f\u00f6r anv\u00e4ndare att f\u00e5 kontakt med varandra i realtid. Epikchat ger ett unikt och bekv\u00e4mt s\u00e4tt f\u00f6r m\u00e4nniskor att kommunicera med varandra och njuta av sin tid.<\/p>\n<h2>Hur man anv\u00e4nder Epikchat<\/h2>\n<p>Det f\u00f6rsta steget \u00e4r att skapa ett konto hos Epikchat. Du kan g\u00f6ra detta genom att g\u00e5 till deras webbplats och klicka p\u00e5 knappen \"Registrera dig\". N\u00e4r du har skapat ett konto m\u00e5ste du verifiera din e-postadress. N\u00e4r din e-postadress \u00e4r verifierad kommer du att kunna logga in p\u00e5 ditt konto.<\/p>\n<p>N\u00e4r du \u00e4r inloggad kommer du att kunna se en lista \u00f6ver alla chattrum som finns tillg\u00e4ngliga. Du kan v\u00e4lja att g\u00e5 med i n\u00e5got av dessa chattrum eller s\u00e5 kan du skapa ett eget chattrum. Om du v\u00e4ljer att skapa ett eget chattrum m\u00e5ste du v\u00e4lja ett namn f\u00f6r ditt rum och ett l\u00f6senord. N\u00e4r du har valt ett namn och l\u00f6senord f\u00f6r ditt rum kan du bjuda in andra personer att g\u00e5 med i ditt rum<\/p>\n<h2>F\u00f6r- och nackdelar med att anv\u00e4nda Epikchat<\/h2>\n<p>Det finns m\u00e5nga anledningar till varf\u00f6r m\u00e4nniskor anv\u00e4nderEpikchat. Vissa anv\u00e4nder det f\u00f6r att tr\u00e4ffa nya v\u00e4nner, andra anv\u00e4nder det f\u00f6r att flirta med fr\u00e4mlingar och andra anv\u00e4nder det f\u00f6r att hitta en dejt. Det finns dock ocks\u00e5 n\u00e5gra nackdelar med att anv\u00e4nda Epikchat. H\u00e4r \u00e4r n\u00e5gra f\u00f6r- och nackdelar med att anv\u00e4nda Epikchat:<\/p>\n<h4>F\u00f6rdelar:<\/h4>\n<ul>\n<li style=\"font-weight: 400;\" aria-level=\"1\">Du kan tr\u00e4ffa nya m\u00e4nniskor fr\u00e5n hela v\u00e4rlden.<\/li>\n<li style=\"font-weight: 400;\" aria-level=\"1\">Det \u00e4r ett bra s\u00e4tt att \u00f6va p\u00e5 dina flirtf\u00e4rdigheter.<\/li>\n<li style=\"font-weight: 400;\" aria-level=\"1\">Du kan l\u00e4ra dig mer om andra kulturer genom att chatta med m\u00e4nniskor fr\u00e5n olika l\u00e4nder.<\/li>\n<li style=\"font-weight: 400;\" aria-level=\"1\">Det \u00e4r ett bra s\u00e4tt att f\u00e5 nya v\u00e4nner.<\/li>\n<\/ul>\n<h4>Nackdelar:<\/h4>\n<ul>\n<li style=\"font-weight: 400;\" aria-level=\"1\">Vissa m\u00e4nniskor anv\u00e4nder Epikchat f\u00f6r cybermobbning.<\/li>\n<li style=\"font-weight: 400;\" aria-level=\"1\">Du kan st\u00f6ta p\u00e5 ol\u00e4mpligt inneh\u00e5ll n\u00e4r du chattar med fr\u00e4mlingar.<\/li>\n<li style=\"font-weight: 400;\" aria-level=\"1\">Din personliga information kan vara i fara om du inte anv\u00e4nder sekretessinst\u00e4llningarna korrekt.<\/li>\n<\/ul>\n<h2>Vad f\u00f6rv\u00e4ntar du dig n\u00e4r du anv\u00e4nder Epikchat<\/h2>\n<p>Epikchat \u00e4r en ny social n\u00e4tverkswebbplats som l\u00e5ter dig tr\u00e4ffa nya m\u00e4nniskor och flirta med dem. Det \u00e4r ett bra s\u00e4tt att f\u00e5 nya v\u00e4nner och kanske till och med hitta k\u00e4rleken. Det finns dock n\u00e5gra saker du b\u00f6r f\u00f6rv\u00e4nta dig n\u00e4r du anv\u00e4nder den h\u00e4r webbplatsen.<\/p>\n<p>F\u00f6rst m\u00e5ste du skapa en profil. Detta kommer att inneh\u00e5lla ditt namn, \u00e5lder, k\u00f6n och intressen. Du kan ocks\u00e5 ladda upp ett foto av dig sj\u00e4lv. N\u00e4r du har skapat din profil kan du b\u00f6rja s\u00f6ka efter andra medlemmar.<\/p>\n<p>Du kan s\u00f6ka efter medlemmar efter deras plats, \u00e5lder eller intressen. N\u00e4r du hittar n\u00e5gon du vill chatta med kan du skicka ett meddelande till dem. Om personen \u00e4r online kan du chatta med honom eller henne i realtid. Om de inte \u00e4r online kan du fortfarande skicka meddelanden, men de kommer inte att kunna svara f\u00f6rr\u00e4n de loggar in igen.<\/p>\n<p>Epikchat \u00e4r ett bra s\u00e4tt att tr\u00e4ffa nya m\u00e4nniskor och flirta med dem. Det finns dock vissa saker du b\u00f6r f\u00f6rv\u00e4nta dig n\u00e4r du anv\u00e4nder den h\u00e4r webbplatsen. S\u00e5 g\u00e5 vidare och skapa en profil idag och b\u00f6rja chatta med n\u00e5gra nya v\u00e4nner!<\/p>\n<h2>Varf\u00f6r Epikchat \u00e4r s\u00e5 popul\u00e4r slumpm\u00e4ssig videochattplattform?<\/h2>\n<p>Epikchat \u00e4r en popul\u00e4r slumpm\u00e4ssig videochattplattform av flera sk\u00e4l. F\u00f6r det f\u00f6rsta \u00e4r det otroligt l\u00e4tt att anv\u00e4nda. Allt du beh\u00f6ver \u00e4r en webbkamera och en internetanslutning, och du kan b\u00f6rja chatta med fr\u00e4mlingar fr\u00e5n hela v\u00e4rlden. F\u00f6r det andra har webbplatsen en mycket aktiv gemenskap av anv\u00e4ndare, som alltid \u00e4r glada att chatta och flirta med nya m\u00e4nniskor. Slutligen \u00e4r Epikchat helt gratis att anv\u00e4nda, s\u00e5 du kan chatta s\u00e5 mycket du vill utan att beh\u00f6va oroa dig f\u00f6r n\u00e5gra avgifter.<\/p>\n<h2>Epikchat vs annan slumpm\u00e4ssig videochattplattform<\/h2>\n<p>Epikchat \u00e4r en ny slumpm\u00e4ssig videochattplattform som snabbt blir popul\u00e4r. \u00c4ven om det finns m\u00e5nga andra liknande plattformar d\u00e4r ute, har Epikchat flera funktioner som skiljer den fr\u00e5n t\u00e4vlingen.<\/p>\n<p>F\u00f6rst och fr\u00e4mst \u00e4r Epikchat helt gratis att anv\u00e4nda. Det finns inga dolda avgifter eller betalda medlemskap som kr\u00e4vs f\u00f6r att f\u00e5 tillg\u00e5ng till alla funktioner. Detta g\u00f6r det mycket tilltalande f\u00f6r anv\u00e4ndare som letar efter ett budgetv\u00e4nligt alternativ.<\/p>\n<p>F\u00f6r det andra har Epikchat ett mycket renare och mer anv\u00e4ndarv\u00e4nligt gr\u00e4nssnitt \u00e4n de flesta andra chattplattformar. Designen \u00e4r snygg och modern och navigeringen \u00e4r l\u00e4tt att f\u00f6rst\u00e5. Detta g\u00f6r det idealiskt f\u00f6r anv\u00e4ndare som vill ha en problemfri upplevelse.<\/p>\n<p>Slutligen erbjuder Epikchat en unik \u201cflirtfunktion\u201d som g\u00f6r det m\u00f6jligt f\u00f6r anv\u00e4ndare att anonymt skicka flirtiga meddelanden till fr\u00e4mlingar. Om mottagaren tycker om konversationen kan han eller hon v\u00e4lja att avsl\u00f6ja sin identitet. Detta kan leda till n\u00e5gra roliga och intressanta interaktioner!<\/p>\n<h2>F\u00f6rdelar med att anv\u00e4nda en slumpm\u00e4ssig videochattplattform<\/h2>\n<p>Det finns m\u00e5nga f\u00f6rdelar med att anv\u00e4nda n\u00e5gon slumpm\u00e4ssig videochattplattform. Den viktigaste f\u00f6rdelen \u00e4r att det hj\u00e4lper dig att f\u00e5 kontakt med m\u00e4nniskor fr\u00e5n hela v\u00e4rlden. Du kan f\u00e5 nya v\u00e4nner, l\u00e4ra dig nya kulturer och spr\u00e5k och till och med hitta k\u00e4rleken p\u00e5 dessa plattformar.<\/p>\n<p>En annan stor f\u00f6rdel \u00e4r att du kan ha mycket roligt p\u00e5 dessa plattformar. Du kan spela spel, dela foton och videor och bara ha det bra i allm\u00e4nhet. Det finns ocks\u00e5 m\u00e5nga m\u00f6jligheter att tr\u00e4ffa nya m\u00e4nniskor och flirta med dem p\u00e5 dessa plattformar. S\u00e5 om du letar efter ett roligt och enkelt s\u00e4tt att tr\u00e4ffa nya m\u00e4nniskor, b\u00f6r du definitivt kolla in n\u00e5gon slumpm\u00e4ssig videochattplattform.<\/p>\n<h2>Hur du h\u00e5ller dig s\u00e4ker n\u00e4r du anv\u00e4nder Epikchat<\/h2>\n<p>Om du vill tr\u00e4ffa nya m\u00e4nniskor och flirta med fr\u00e4mlingar \u00e4r Epikchat ett bra alternativ. Det finns dock n\u00e5gra saker du b\u00f6r t\u00e4nka p\u00e5 f\u00f6r att h\u00e5lla dig s\u00e4ker n\u00e4r du anv\u00e4nder appen.<\/p>\n<p>F\u00f6rst och fr\u00e4mst ska du aldrig l\u00e4mna ut personlig information till n\u00e5gon du inte k\u00e4nner. Detta inkluderar ditt fullst\u00e4ndiga namn, adress, telefonnummer, e-postadress eller n\u00e5gon annan k\u00e4nslig information. Du b\u00f6r ocks\u00e5 undvika att dela foton eller videor som kan anv\u00e4ndas f\u00f6r att identifiera dig.<\/p>\n<p>Ett annat viktigt s\u00e4kerhetstips \u00e4r att aldrig tr\u00e4ffa n\u00e5gon som du tr\u00e4ffat p\u00e5 n\u00e4tet personligen. Om du \u00e4nd\u00e5 best\u00e4mmer dig f\u00f6r att tr\u00e4ffa n\u00e5gon, se till att g\u00f6ra det p\u00e5 en allm\u00e4n plats och ta med en v\u00e4n eller familjemedlem. G\u00e5 aldrig iv\u00e4g ensam med n\u00e5gon du inte k\u00e4nner.<\/p>\n<p>Slutligen, om du n\u00e5gonsin k\u00e4nner dig obekv\u00e4m eller os\u00e4ker n\u00e4r du anv\u00e4nder Epikchat, se till att rapportera anv\u00e4ndaren till appens moderatorer. De kommer att vidta l\u00e4mpliga \u00e5tg\u00e4rder f\u00f6r att h\u00e5lla dig s\u00e4ker.<\/p>\n<p>Genom att f\u00f6lja dessa enkla s\u00e4kerhetstips kan du f\u00e5 mycket n\u00f6je med att anv\u00e4nda Epikchat utan att uts\u00e4tta dig f\u00f6r fara.<\/p>\n<h2>Alternativa av Epikchat<\/h2>\n<p>Om du letar efter alternativ till Epikchat finns det gott om alternativ d\u00e4r ute. H\u00e4r \u00e4r n\u00e5gra av v\u00e5ra favoriter:<\/p>\n<ol>\n<li><a href=\"https:\/\/strangercam.com\/sv\/chatroulette\/\">Chatroulette<\/a>: Den h\u00e4r webbplatsen liknar mycket Epikchat, s\u00e5 att du kan chatta med slumpm\u00e4ssiga fr\u00e4mlingar fr\u00e5n hela v\u00e4rlden. Men det har ocks\u00e5 n\u00e5gra ytterligare funktioner, som m\u00f6jligheten att filtrera dina resultat efter land eller k\u00f6n.<\/li>\n<li><a href=\"https:\/\/strangercam.com\/sv\/omegle\/\">Omegle<\/a>: Omegle \u00e4r en annan popul\u00e4r chattwebbplats som erbjuder en liknande upplevelse som Epikchat. En av de unika funktionerna p\u00e5 denna webbplats \u00e4r dock att den ocks\u00e5 har ett avsnitt f\u00f6r textbaserad chatt, f\u00f6rutom videochatt.<\/li>\n<li>TinyChat: TinyChat \u00e4r ett nyare alternativ som har blivit ganska popul\u00e4rt de senaste \u00e5ren. Det erbjuder ett enkelt gr\u00e4nssnitt och l\u00e5ter dig skapa \u201crum\u201d f\u00f6r gruppchattar med upp till 12 personer. Du kan ocks\u00e5 g\u00e5 med i offentliga rum p\u00e5 TinyChat f\u00f6r att tr\u00e4ffa nya m\u00e4nniskor.<\/li>\n<\/ol>\n<h2>Slutsats<\/h2>\n<p>Epikchat \u00e4r ett bra s\u00e4tt att tr\u00e4ffa nya m\u00e4nniskor och flirta med fr\u00e4mlingar. Det \u00e4r l\u00e4tt att anv\u00e4nda och du kan f\u00e5 kontakt med m\u00e4nniskor fr\u00e5n hela v\u00e4rlden. Om du letar efter ett roligt s\u00e4tt att tr\u00e4ffa nya m\u00e4nniskor \u00e4r Epikchat definitivt v\u00e4rt att kolla in.<\/p>","protected":false},"excerpt":{"rendered":"<p>Epikchat is a new social networking and dating app that lets you meet new people and flirt with strangers. The app is currently available for iOS and Android devices. What is Epikchat? Epikchat is a live video chat platform that allows users to connect with each other in real time. Epikchat provides a unique and [&hellip;]<\/p>\n","protected":false},"author":6,"featured_media":559,"parent":0,"menu_order":0,"comment_status":"closed","ping_status":"closed","template":"","meta":{"footnotes":""},"class_list":["post-11208","page","type-page","status-publish","has-post-thumbnail","hentry"],"yoast_head":"<!-- This site is optimized with the Yoast SEO plugin v27.4 - https:\/\/yoast.com\/product\/yoast-seo-wordpress\/ -->\n<title>Epikchat - Chat with strangers on StrangerCam.com<\/title>\n<meta name=\"description\" content=\"Like Epikchat? Come chat with more than 5.000.000 strangers on Stranger Cam for Free! Turn on your cam and find new friends &amp; maby a match!\" \/>\n<meta name=\"robots\" content=\"index, follow, max-snippet:-1, max-image-preview:large, max-video-preview:-1\" \/>\n<link rel=\"canonical\" href=\"https:\/\/strangercam.com\/sv\/epikchat\/\" \/>\n<meta property=\"og:locale\" content=\"sv_SE\" \/>\n<meta property=\"og:type\" content=\"article\" \/>\n<meta property=\"og:title\" content=\"Epikchat - Chat with strangers on StrangerCam.com\" \/>\n<meta property=\"og:description\" content=\"Like Epikchat? Come chat with more than 5.000.000 strangers on Stranger Cam for Free! Turn on your cam and find new friends &amp; maby a match!\" \/>\n<meta property=\"og:url\" content=\"https:\/\/strangercam.com\/sv\/epikchat\/\" \/>\n<meta property=\"og:site_name\" content=\"Strangercam\" \/>\n<meta property=\"article:publisher\" content=\"https:\/\/www.facebook.com\/strangercam\" \/>\n<meta property=\"article:modified_time\" content=\"2023-08-21T10:24:41+00:00\" \/>\n<meta property=\"og:image\" content=\"https:\/\/strangercam.com\/wp-content\/uploads\/2020\/11\/stranger-cam-1.png\" \/>\n\t<meta property=\"og:image:width\" content=\"800\" \/>\n\t<meta property=\"og:image:height\" content=\"800\" \/>\n\t<meta property=\"og:image:type\" content=\"image\/png\" \/>\n<meta name=\"twitter:card\" content=\"summary_large_image\" \/>\n<meta name=\"twitter:site\" content=\"@strangercamapp\" \/>\n<meta name=\"twitter:label1\" content=\"Ber\u00e4knad l\u00e4stid\" \/>\n\t<meta name=\"twitter:data1\" content=\"6 minuter\" \/>\n<script type=\"application\/ld+json\" class=\"yoast-schema-graph\">{\"@context\":\"https:\\\/\\\/schema.org\",\"@graph\":[{\"@type\":\"WebPage\",\"@id\":\"https:\\\/\\\/strangercam.com\\\/epikchat\\\/\",\"url\":\"https:\\\/\\\/strangercam.com\\\/epikchat\\\/\",\"name\":\"Epikchat - Chat with strangers on StrangerCam.com\",\"isPartOf\":{\"@id\":\"https:\\\/\\\/strangercam.com\\\/#website\"},\"primaryImageOfPage\":{\"@id\":\"https:\\\/\\\/strangercam.com\\\/epikchat\\\/#primaryimage\"},\"image\":{\"@id\":\"https:\\\/\\\/strangercam.com\\\/epikchat\\\/#primaryimage\"},\"thumbnailUrl\":\"https:\\\/\\\/strangercam.com\\\/wp-content\\\/uploads\\\/2020\\\/11\\\/stranger-cam-1.png\",\"datePublished\":\"2022-08-11T14:02:32+00:00\",\"dateModified\":\"2023-08-21T10:24:41+00:00\",\"description\":\"Like Epikchat? Come chat with more than 5.000.000 strangers on Stranger Cam for Free! Turn on your cam and find new friends & maby a match!\",\"breadcrumb\":{\"@id\":\"https:\\\/\\\/strangercam.com\\\/epikchat\\\/#breadcrumb\"},\"inLanguage\":\"sv-SE\",\"potentialAction\":[{\"@type\":\"ReadAction\",\"target\":[\"https:\\\/\\\/strangercam.com\\\/epikchat\\\/\"]}]},{\"@type\":\"ImageObject\",\"inLanguage\":\"sv-SE\",\"@id\":\"https:\\\/\\\/strangercam.com\\\/epikchat\\\/#primaryimage\",\"url\":\"https:\\\/\\\/strangercam.com\\\/wp-content\\\/uploads\\\/2020\\\/11\\\/stranger-cam-1.png\",\"contentUrl\":\"https:\\\/\\\/strangercam.com\\\/wp-content\\\/uploads\\\/2020\\\/11\\\/stranger-cam-1.png\",\"width\":800,\"height\":800,\"caption\":\"stranger cam random video chat\"},{\"@type\":\"BreadcrumbList\",\"@id\":\"https:\\\/\\\/strangercam.com\\\/epikchat\\\/#breadcrumb\",\"itemListElement\":[{\"@type\":\"ListItem\",\"position\":1,\"name\":\"Home\",\"item\":\"https:\\\/\\\/strangercam.com\\\/\"},{\"@type\":\"ListItem\",\"position\":2,\"name\":\"Epikchat\"}]},{\"@type\":\"WebSite\",\"@id\":\"https:\\\/\\\/strangercam.com\\\/#website\",\"url\":\"https:\\\/\\\/strangercam.com\\\/\",\"name\":\"Strangercam\",\"description\":\"Random Video Chat with Strangers\",\"publisher\":{\"@id\":\"https:\\\/\\\/strangercam.com\\\/#organization\"},\"alternateName\":\"Strangercam.com\",\"potentialAction\":[{\"@type\":\"SearchAction\",\"target\":{\"@type\":\"EntryPoint\",\"urlTemplate\":\"https:\\\/\\\/strangercam.com\\\/?s={search_term_string}\"},\"query-input\":{\"@type\":\"PropertyValueSpecification\",\"valueRequired\":true,\"valueName\":\"search_term_string\"}}],\"inLanguage\":\"sv-SE\"},{\"@type\":\"Organization\",\"@id\":\"https:\\\/\\\/strangercam.com\\\/#organization\",\"name\":\"Strangercam\",\"alternateName\":\"Strangercam.com\",\"url\":\"https:\\\/\\\/strangercam.com\\\/\",\"logo\":{\"@type\":\"ImageObject\",\"inLanguage\":\"sv-SE\",\"@id\":\"https:\\\/\\\/strangercam.com\\\/#\\\/schema\\\/logo\\\/image\\\/\",\"url\":\"https:\\\/\\\/strangercam.com\\\/wp-content\\\/uploads\\\/2020\\\/11\\\/cropped-new-favicon-black.png\",\"contentUrl\":\"https:\\\/\\\/strangercam.com\\\/wp-content\\\/uploads\\\/2020\\\/11\\\/cropped-new-favicon-black.png\",\"width\":512,\"height\":512,\"caption\":\"Strangercam\"},\"image\":{\"@id\":\"https:\\\/\\\/strangercam.com\\\/#\\\/schema\\\/logo\\\/image\\\/\"},\"sameAs\":[\"https:\\\/\\\/www.facebook.com\\\/strangercam\",\"https:\\\/\\\/x.com\\\/strangercamapp\"]}]}<\/script>\n<!-- \/ Yoast SEO plugin. -->","yoast_head_json":{"title":"Epikchat - Chatta med fr\u00e4mlingar p\u00e5 StrangerCam.com","description":"Gillar du Epikchat? Kom och chatta med mer \u00e4n 5.000.000 fr\u00e4mlingar p\u00e5 Stranger Cam helt gratis! Sl\u00e5 p\u00e5 din kamera och hitta nya v\u00e4nner och kanske en match!","robots":{"index":"index","follow":"follow","max-snippet":"max-snippet:-1","max-image-preview":"max-image-preview:large","max-video-preview":"max-video-preview:-1"},"canonical":"https:\/\/strangercam.com\/sv\/epikchat\/","og_locale":"sv_SE","og_type":"article","og_title":"Epikchat - Chat with strangers on StrangerCam.com","og_description":"Like Epikchat? Come chat with more than 5.000.000 strangers on Stranger Cam for Free! Turn on your cam and find new friends & maby a match!","og_url":"https:\/\/strangercam.com\/sv\/epikchat\/","og_site_name":"Strangercam","article_publisher":"https:\/\/www.facebook.com\/strangercam","article_modified_time":"2023-08-21T10:24:41+00:00","og_image":[{"width":800,"height":800,"url":"https:\/\/strangercam.com\/wp-content\/uploads\/2020\/11\/stranger-cam-1.png","type":"image\/png"}],"twitter_card":"summary_large_image","twitter_site":"@strangercamapp","twitter_misc":{"Ber\u00e4knad l\u00e4stid":"6 minuter"},"schema":{"@context":"https:\/\/schema.org","@graph":[{"@type":"WebPage","@id":"https:\/\/strangercam.com\/epikchat\/","url":"https:\/\/strangercam.com\/epikchat\/","name":"Epikchat - Chatta med fr\u00e4mlingar p\u00e5 StrangerCam.com","isPartOf":{"@id":"https:\/\/strangercam.com\/#website"},"primaryImageOfPage":{"@id":"https:\/\/strangercam.com\/epikchat\/#primaryimage"},"image":{"@id":"https:\/\/strangercam.com\/epikchat\/#primaryimage"},"thumbnailUrl":"https:\/\/strangercam.com\/wp-content\/uploads\/2020\/11\/stranger-cam-1.png","datePublished":"2022-08-11T14:02:32+00:00","dateModified":"2023-08-21T10:24:41+00:00","description":"Gillar du Epikchat? Kom och chatta med mer \u00e4n 5.000.000 fr\u00e4mlingar p\u00e5 Stranger Cam helt gratis! Sl\u00e5 p\u00e5 din kamera och hitta nya v\u00e4nner och kanske en match!","breadcrumb":{"@id":"https:\/\/strangercam.com\/epikchat\/#breadcrumb"},"inLanguage":"sv-SE","potentialAction":[{"@type":"ReadAction","target":["https:\/\/strangercam.com\/epikchat\/"]}]},{"@type":"ImageObject","inLanguage":"sv-SE","@id":"https:\/\/strangercam.com\/epikchat\/#primaryimage","url":"https:\/\/strangercam.com\/wp-content\/uploads\/2020\/11\/stranger-cam-1.png","contentUrl":"https:\/\/strangercam.com\/wp-content\/uploads\/2020\/11\/stranger-cam-1.png","width":800,"height":800,"caption":"stranger cam random video chat"},{"@type":"BreadcrumbList","@id":"https:\/\/strangercam.com\/epikchat\/#breadcrumb","itemListElement":[{"@type":"ListItem","position":1,"name":"Home","item":"https:\/\/strangercam.com\/"},{"@type":"ListItem","position":2,"name":"Epikchat"}]},{"@type":"WebSite","@id":"https:\/\/strangercam.com\/#website","url":"https:\/\/strangercam.com\/","name":"Strangercam","description":"Slumpm\u00e4ssig videochatt med fr\u00e4mlingar","publisher":{"@id":"https:\/\/strangercam.com\/#organization"},"alternateName":"Strangercam.com","potentialAction":[{"@type":"SearchAction","target":{"@type":"EntryPoint","urlTemplate":"https:\/\/strangercam.com\/?s={search_term_string}"},"query-input":{"@type":"PropertyValueSpecification","valueRequired":true,"valueName":"search_term_string"}}],"inLanguage":"sv-SE"},{"@type":"Organization","@id":"https:\/\/strangercam.com\/#organization","name":"Strangercam","alternateName":"Strangercam.com","url":"https:\/\/strangercam.com\/","logo":{"@type":"ImageObject","inLanguage":"sv-SE","@id":"https:\/\/strangercam.com\/#\/schema\/logo\/image\/","url":"https:\/\/strangercam.com\/wp-content\/uploads\/2020\/11\/cropped-new-favicon-black.png","contentUrl":"https:\/\/strangercam.com\/wp-content\/uploads\/2020\/11\/cropped-new-favicon-black.png","width":512,"height":512,"caption":"Strangercam"},"image":{"@id":"https:\/\/strangercam.com\/#\/schema\/logo\/image\/"},"sameAs":["https:\/\/www.facebook.com\/strangercam","https:\/\/x.com\/strangercamapp"]}]}},"_links":{"self":[{"href":"https:\/\/strangercam.com\/sv\/wp-json\/wp\/v2\/pages\/11208","targetHints":{"allow":["GET"]}}],"collection":[{"href":"https:\/\/strangercam.com\/sv\/wp-json\/wp\/v2\/pages"}],"about":[{"href":"https:\/\/strangercam.com\/sv\/wp-json\/wp\/v2\/types\/page"}],"author":[{"embeddable":true,"href":"https:\/\/strangercam.com\/sv\/wp-json\/wp\/v2\/users\/6"}],"replies":[{"embeddable":true,"href":"https:\/\/strangercam.com\/sv\/wp-json\/wp\/v2\/comments?post=11208"}],"version-history":[{"count":0,"href":"https:\/\/strangercam.com\/sv\/wp-json\/wp\/v2\/pages\/11208\/revisions"}],"wp:featuredmedia":[{"embeddable":true,"href":"https:\/\/strangercam.com\/sv\/wp-json\/wp\/v2\/media\/559"}],"wp:attachment":[{"href":"https:\/\/strangercam.com\/sv\/wp-json\/wp\/v2\/media?parent=11208"}],"curies":[{"name":"wp","href":"https:\/\/api.w.org\/{rel}","templated":true}]}}