{"id":11194,"date":"2022-08-11T15:50:53","date_gmt":"2022-08-11T13:50:53","guid":{"rendered":"https:\/\/strangercam.com\/?page_id=11194"},"modified":"2023-08-21T11:40:39","modified_gmt":"2023-08-21T09:40:39","slug":"camskip","status":"publish","type":"page","link":"https:\/\/strangercam.com\/sv\/camskip\/","title":{"rendered":"Camskip"},"content":{"rendered":"<p>Har du n\u00e5gonsin \u00f6nskat att du bara kunde hoppa \u00f6ver allt sm\u00e5prat och komma till den roliga delen av att tr\u00e4ffa nya m\u00e4nniskor? Tja, nu finns det en app f\u00f6r det! Camskip \u00e4r en ny dejtingapp som l\u00e5ter dig g\u00f6ra just det - <a href=\"https:\/\/strangercam.com\/sv\/coomeet\/\">tr\u00e4ffas<\/a> nya m\u00e4nniskor och <a href=\"https:\/\/strangercam.com\/sv\/flingster\/\">fl\u00f6rta<\/a> med fr\u00e4mlingar, utan allt kr\u00e5ngel.<\/p>\n<h2>Vad \u00e4r camskip?<\/h2>\n<p>camskip \u00e4r en ny slumpm\u00e4ssig <a href=\"https:\/\/strangercam.com\/sv\/chatroulette\/\">chatt<\/a> plattform som g\u00f6r att du kan tr\u00e4ffa nya m\u00e4nniskor och flirta med fr\u00e4mlingar. Plattformen blir allt popul\u00e4rare bland anv\u00e4ndarna. Konceptet med plattformen \u00e4r enkelt: du kan antingen g\u00e5 med i ett befintligt chattrum eller skapa ditt eget och bjuda in m\u00e4nniskor att g\u00e5 med. N\u00e4r du v\u00e4l \u00e4r i ett chattrum kan du b\u00f6rja flirta med andra anv\u00e4ndare. Om n\u00e5gon f\u00e5ngar ditt intresse kan du l\u00e4gga till dem i din v\u00e4nlista och forts\u00e4tta chatta med dem.<\/p>\n<h2>Hur man anv\u00e4nder camskip<\/h2>\n<p>Om du vill tr\u00e4ffa nya m\u00e4nniskor och flirta med fr\u00e4mlingar \u00e4r camskip den perfekta plattformen f\u00f6r dig. H\u00e4r \u00e4r en snabbguide om hur du anv\u00e4nder camskip:<\/p>\n<ol>\n<li>Registrera dig f\u00f6r ett kostnadsfritt konto. Du m\u00e5ste ange en giltig e-postadress och skapa ett anv\u00e4ndarnamn och l\u00f6senord.<\/li>\n<li>N\u00e4r du har loggat in kan du b\u00f6rja chatta med alla som \u00e4r online. F\u00f6r att g\u00f6ra detta klickar du bara p\u00e5 knappen \u201cChatta\u201d h\u00f6gst upp p\u00e5 sidan.<\/li>\n<li>Om du ser n\u00e5gon som du gillar kan du skicka ett privat meddelande genom att klicka p\u00e5 knappen \"Meddelande\".<\/li>\n<li>F\u00f6r att flirta med n\u00e5gon klickar du p\u00e5 \u201cFlirta\u201d-knappen. D\u00e5 skickas ett fl\u00f6rtigt meddelande som personen kan acceptera eller avvisa.<\/li>\n<li>Om du vill ta saker och ting till n\u00e4sta niv\u00e5 kan du l\u00e4gga till dem i din \u201cV\u00e4nner\u201d-lista genom att klicka p\u00e5 knappen \u201cL\u00e4gg till v\u00e4n\u201d. P\u00e5 s\u00e5 s\u00e4tt kan du chatta med dem n\u00e4r som helst n\u00e4r de \u00e4r online.<\/li>\n<\/ol>\n<h2>F\u00f6r- och nackdelar med camskip<\/h2>\n<p>Det finns b\u00e5de f\u00f6r- och nackdelar med camming. De positiva aspekterna inkluderar m\u00f6jligheten att tj\u00e4na pengar hemifr\u00e5n, flexibiliteten att arbeta n\u00e4r du vill och m\u00f6jligheten att f\u00e5 kontakt med m\u00e4nniskor fr\u00e5n hela v\u00e4rlden. P\u00e5 nackdelen kan camming vara ganska beroendeframkallande och kan leda till ekonomiska sv\u00e5righeter om det inte hanteras noggrant.<\/p>\n<p>Camskip har ett antal f\u00f6rdelar j\u00e4mf\u00f6rt med andra metoder f\u00f6r onlinekommunikation. Den kanske mest uppenbara f\u00f6rdelen \u00e4r att den \u00e4r gratis att anv\u00e4nda. Det inneb\u00e4r att alla med en internetanslutning kan anv\u00e4nda camskip utan att beh\u00f6va betala n\u00e5gra avgifter.<\/p>\n<p>En annan f\u00f6rdel med camskip \u00e4r att det ger anv\u00e4ndarna en mer intim form av kommunikation \u00e4n andra metoder som t.ex. chattrum eller forum. Detta beror p\u00e5 att anv\u00e4ndarna kan se varandras ansikten medan de pratar. Detta kan bidra till att bygga upp f\u00f6rtroende och relationer mellan anv\u00e4ndarna.<\/p>\n<p>Det finns dock ocks\u00e5 vissa nackdelar med camskip. En av dessa \u00e4r att det kan vara ganska sv\u00e5rt att hitta m\u00e4nniskor som du vill prata med p\u00e5 camskip. Detta beror p\u00e5 att webbplatsen f\u00f6rlitar sig p\u00e5 att anv\u00e4ndare hittar varandra genom nyckelord och taggar. Som ett resultat kan det vara ganska sv\u00e5rt att hitta n\u00e5gon som delar dina intressen p\u00e5 camskip.<\/p>\n<h2>Vad du kan f\u00f6rv\u00e4nta dig n\u00e4r du anv\u00e4nder camskip<\/h2>\n<p>N\u00e4r du anv\u00e4nder camskip kan du f\u00f6rv\u00e4nta dig att tr\u00e4ffa nya m\u00e4nniskor fr\u00e5n hela v\u00e4rlden. Du kommer att kunna chatta med dem och flirta med dem. Du kanske till och med befinner dig i ett f\u00f6rh\u00e5llande med n\u00e5gon du tr\u00e4ffade p\u00e5 camskip.<\/p>\n<h2>Varf\u00f6r camskip \u00e4r s\u00e5 popul\u00e4r slumpm\u00e4ssig videochattplattform?<\/h2>\n<p>Sedan lanseringen i b\u00f6rjan av 2020 har camskip blivit en av de mest popul\u00e4ra slumpm\u00e4ssiga videochattplattformarna p\u00e5 internet. Det finns n\u00e5gra viktiga sk\u00e4l till varf\u00f6r camskip \u00e4r s\u00e5 popul\u00e4rt:<\/p>\n<ul>\n<li style=\"font-weight: 400;\" aria-level=\"1\">Camskip \u00e4r helt gratis att anv\u00e4nda - det finns inga dolda avgifter eller kostnader.<\/li>\n<li style=\"font-weight: 400;\" aria-level=\"1\">Camskip \u00e4r superenkel att anv\u00e4nda - allt du beh\u00f6ver \u00e4r en webbkamera och en internetanslutning.<\/li>\n<li style=\"font-weight: 400;\" aria-level=\"1\">Camskip erbjuder ett stort utbud av funktioner, inklusive m\u00f6jligheten att tr\u00e4ffa nya m\u00e4nniskor och flirta med fr\u00e4mlingar.<\/li>\n<li style=\"font-weight: 400;\" aria-level=\"1\">Camskip finns tillg\u00e4nglig p\u00e5 flera spr\u00e5k, s\u00e5 att anv\u00e4ndare fr\u00e5n hela v\u00e4rlden kan njuta av den.<\/li>\n<li style=\"font-weight: 400;\" aria-level=\"1\">Camskip l\u00e4gger st\u00e4ndigt till nya funktioner och f\u00f6rb\u00e4ttrar anv\u00e4ndarupplevelsen.<\/li>\n<\/ul>\n<p>Om du letar efter ett roligt och enkelt s\u00e4tt att tr\u00e4ffa nya m\u00e4nniskor och flirta med fr\u00e4mlingar, \u00e4r camskip definitivt v\u00e4rt att kolla in!<\/p>\n<h2>Hur du f\u00e5r ut mesta m\u00f6jliga av camskip<\/h2>\n<p>Det r\u00e5der ingen tvekan om att camskip \u00e4r ett bra s\u00e4tt att tr\u00e4ffa nya m\u00e4nniskor och flirta med fr\u00e4mlingar. Men om du verkligen vill f\u00e5 ut det mesta av denna sociala n\u00e4tverkssida finns det n\u00e5gra saker du b\u00f6r t\u00e4nka p\u00e5.<\/p>\n<p>Kom f\u00f6rst ih\u00e5g att vara s\u00e4ker. L\u00e4mna inte ut personlig information till n\u00e5gon du inte k\u00e4nner och var f\u00f6rsiktig med vad du s\u00e4ger i chattrum. Du vet aldrig vem som kan lura p\u00e5 dig i andra \u00e4nden.<\/p>\n<p>F\u00f6r det andra, dra nytta av alla funktioner som camskip har att erbjuda. Anv\u00e4nd s\u00f6kfunktionen f\u00f6r att hitta personer med liknande intressen, g\u00e5 med i grupper och delta i diskussioner. Ju mer du interagerar med andra, desto mer sannolikt \u00e4r det att du hittar n\u00e5gon speciell.<\/p>\n<p>Slutligen, ha kul! Att fl\u00f6rta och tr\u00e4ffa nya m\u00e4nniskor kan vara mycket roligt, s\u00e5 ta inte dig sj\u00e4lv p\u00e5 f\u00f6r stort allvar. Slappna av och njut av upplevelsen, s\u00e5 kommer du s\u00e4kert att ha det bra.<\/p>\n<h2>Vilken typ av m\u00e4nniskor kan du f\u00f6rv\u00e4nta dig p\u00e5 vilken slumpm\u00e4ssig videochattplattform som helst?<\/h2>\n<p>De m\u00e4nniskor du kommer att m\u00f6ta p\u00e5 alla <a href=\"https:\/\/strangercam.com\/sv\/chathub\/\">slumpm\u00e4ssig videochatt<\/a> plattform kommer att vara en blandad kompott. Vissa kommer att vara v\u00e4nliga och \u00f6ppna, medan andra kommer att vara mer reserverade. Du kan ocks\u00e5 komma att m\u00f6ta m\u00e4nniskor fr\u00e5n alla samh\u00e4llsskikt, inklusive olika kulturer och bakgrunder.<\/p>\n<p>Om du letar efter k\u00e4rlek eller bara lite kul, kommer du definitivt att hitta det p\u00e5 en slumpm\u00e4ssig videochattplattform som camskip. Du vet aldrig vem du kommer att tr\u00e4ffa p\u00e5 dessa plattformar - det kan vara en fullst\u00e4ndig fr\u00e4mling fr\u00e5n var som helst i v\u00e4rlden. Men en sak \u00e4r s\u00e4ker: du kommer att ha mycket roligt att flirta och chatta med nya m\u00e4nniskor p\u00e5 camskip.<\/p>\n<h2>\u00c4r det s\u00e4kert att anv\u00e4nda?<\/h2>\n<p>Om du funderar p\u00e5 att anv\u00e4nda CamSkip f\u00f6r att tr\u00e4ffa nya m\u00e4nniskor och flirta med fr\u00e4mlingar kanske du undrar om det \u00e4r s\u00e4kert att anv\u00e4nda. \u00c4ven om det inte finns n\u00e5gon garanti f\u00f6r att du kommer att ha en positiv upplevelse av att anv\u00e4nda webbplatsen, finns det n\u00e5gra saker du kan g\u00f6ra f\u00f6r att s\u00e4kerst\u00e4lla din s\u00e4kerhet. Ta f\u00f6rst lite tid p\u00e5 dig att l\u00e4sa igenom webbplatsens s\u00e4kerhetstips. Dessa tips kan hj\u00e4lpa dig att undvika potentiella riskomr\u00e5den och se till att du \u00e4r medveten om hur du h\u00e5ller dig s\u00e4ker n\u00e4r du anv\u00e4nder webbplatsen. Se ocks\u00e5 till att chatta med fr\u00e4mlingar endast p\u00e5 offentliga platser. Det minskar risken f\u00f6r att du tr\u00e4ffar n\u00e5gon som kanske inte \u00e4r s\u00e5 p\u00e5litlig som du skulle \u00f6nska. Slutligen, lita p\u00e5 din magk\u00e4nsla. Om n\u00e5got k\u00e4nns fel med en person som du chattar med \u00e4r det f\u00f6rmodligen b\u00e4st att g\u00e5 vidare till n\u00e5gon annan. Genom att f\u00f6lja dessa enkla s\u00e4kerhetstips kan du se till att din upplevelse av CamSkip blir positiv.<\/p>\n<h2>F\u00f6rebyggande \u00e5tg\u00e4rder vid anv\u00e4ndning av slumpm\u00e4ssig videochatt<\/h2>\n<p>N\u00e4r du anv\u00e4nder slumpm\u00e4ssig videochatt finns det vissa \u00e5tg\u00e4rder du kan vidta f\u00f6r att f\u00f6rhindra negativa upplevelser. F\u00f6rst, se till att bara ansluta till personer du k\u00e4nner och litar p\u00e5. Om du inte k\u00e4nner personen du ansluter till, var noga med att g\u00f6ra din forskning f\u00f6rst. F\u00f6r det andra ska du undvika att dela med dig av personlig information eller delta i aktiviteter som kan leda till identitetsst\u00f6ld eller bedr\u00e4geri. Slutligen ska du alltid vara f\u00f6rsiktig n\u00e4r du tr\u00e4ffar n\u00e5gon personligen f\u00f6r f\u00f6rsta g\u00e5ngen. Om m\u00f6jligt, m\u00f6t upp p\u00e5 en offentlig plats och ta med dig n\u00e5gon. Genom att f\u00f6lja dessa enkla tips kan du se till att din upplevelse med slumpm\u00e4ssig videochatt \u00e4r positiv.<\/p>\n<h2>Alternativ till camskip<\/h2>\n<p>Det finns m\u00e5nga alternativ till camskip d\u00e4r ute. Oavsett om du letar efter en mer flirtig upplevelse eller bara vill tr\u00e4ffa nya m\u00e4nniskor, finns det ett alternativ f\u00f6r dig. H\u00e4r \u00e4r n\u00e5gra av de b\u00e4sta alternativen till camskip:<\/p>\n<ol>\n<li><a href=\"https:\/\/strangercam.com\/sv\/omegle\/\">Omegle<\/a>: Den h\u00e4r webbplatsen liknar camskip genom att den l\u00e5ter dig chatta med fr\u00e4mlingar. Men det har ocks\u00e5 ett avsnitt d\u00e4r du kan flirta med m\u00e4nniskor. Detta g\u00f6r det bra f\u00f6r dem som letar efter en mer flirtig upplevelse.<\/li>\n<li>Chatrandom: Den h\u00e4r webbplatsen liknar camskip genom att den l\u00e5ter dig chatta med fr\u00e4mlingar. Men det har ocks\u00e5 ett avsnitt d\u00e4r du kan flirta med m\u00e4nniskor. Detta g\u00f6r det bra f\u00f6r dem som letar efter en mer flirtig upplevelse.<\/li>\n<li>DirtyRoulette: Den h\u00e4r webbplatsen liknar camskip genom att den l\u00e5ter dig chatta med fr\u00e4mlingar. Men det har ocks\u00e5 ett avsnitt d\u00e4r du kan flirta med m\u00e4nniskor. Detta g\u00f6r det bra f\u00f6r dem som letar efter en mer flirtig upplevelse.<\/li>\n<\/ol>\n<h2>Slutsats<\/h2>\n<p>Om du letar efter ett nytt s\u00e4tt att tr\u00e4ffa m\u00e4nniskor och flirta med fr\u00e4mlingar \u00e4r camskip definitivt v\u00e4rt att kolla in. Appen \u00e4r gratis att anv\u00e4nda och l\u00e4tt att navigera, vilket g\u00f6r den till ett bra alternativ f\u00f6r alla som \u00e4r nyfikna p\u00e5 online-dejting eller helt enkelt vill chatta med m\u00e4nniskor fr\u00e5n hela v\u00e4rlden. Oavsett om du letar efter v\u00e4nskap eller n\u00e5got mer kan camskip hj\u00e4lpa dig att f\u00e5 kontakt med likasinnade i en s\u00e4ker och rolig milj\u00f6. S\u00e5 varf\u00f6r inte ge det ett f\u00f6rs\u00f6k idag?<\/p>","protected":false},"excerpt":{"rendered":"<p>Have you ever wished you could just skip past all the small talk and get to the fun part of meeting new people? Well, now there&#8217;s an app for that! Camskip is a new dating app that allows you to do just that &#8211; meet new people and flirt with strangers, without all the hassle. [&hellip;]<\/p>\n","protected":false},"author":6,"featured_media":559,"parent":0,"menu_order":0,"comment_status":"closed","ping_status":"closed","template":"","meta":{"footnotes":""},"class_list":["post-11194","page","type-page","status-publish","has-post-thumbnail","hentry"],"yoast_head":"<!-- This site is optimized with the Yoast SEO plugin v27.4 - https:\/\/yoast.com\/product\/yoast-seo-wordpress\/ -->\n<title>Camskip - Chat with strangers on StrangerCam.com<\/title>\n<meta name=\"description\" content=\"Like Camskip? Come chat with more than 5.000.000 strangers on Stranger Cam for Free! Turn on your cam and find new friends &amp; maby a match!\" \/>\n<meta name=\"robots\" content=\"index, follow, max-snippet:-1, max-image-preview:large, max-video-preview:-1\" \/>\n<link rel=\"canonical\" href=\"https:\/\/strangercam.com\/sv\/camskip\/\" \/>\n<meta property=\"og:locale\" content=\"sv_SE\" \/>\n<meta property=\"og:type\" content=\"article\" \/>\n<meta property=\"og:title\" content=\"Camskip - Chat with strangers on StrangerCam.com\" \/>\n<meta property=\"og:description\" content=\"Like Camskip? Come chat with more than 5.000.000 strangers on Stranger Cam for Free! Turn on your cam and find new friends &amp; maby a match!\" \/>\n<meta property=\"og:url\" content=\"https:\/\/strangercam.com\/sv\/camskip\/\" \/>\n<meta property=\"og:site_name\" content=\"Strangercam\" \/>\n<meta property=\"article:publisher\" content=\"https:\/\/www.facebook.com\/strangercam\" \/>\n<meta property=\"article:modified_time\" content=\"2023-08-21T09:40:39+00:00\" \/>\n<meta property=\"og:image\" content=\"https:\/\/strangercam.com\/wp-content\/uploads\/2020\/11\/stranger-cam-1.png\" \/>\n\t<meta property=\"og:image:width\" content=\"800\" \/>\n\t<meta property=\"og:image:height\" content=\"800\" \/>\n\t<meta property=\"og:image:type\" content=\"image\/png\" \/>\n<meta name=\"twitter:card\" content=\"summary_large_image\" \/>\n<meta name=\"twitter:site\" content=\"@strangercamapp\" \/>\n<meta name=\"twitter:label1\" content=\"Ber\u00e4knad l\u00e4stid\" \/>\n\t<meta name=\"twitter:data1\" content=\"7 minuter\" \/>\n<script type=\"application\/ld+json\" class=\"yoast-schema-graph\">{\"@context\":\"https:\\\/\\\/schema.org\",\"@graph\":[{\"@type\":\"WebPage\",\"@id\":\"https:\\\/\\\/strangercam.com\\\/camskip\\\/\",\"url\":\"https:\\\/\\\/strangercam.com\\\/camskip\\\/\",\"name\":\"Camskip - Chat with strangers on StrangerCam.com\",\"isPartOf\":{\"@id\":\"https:\\\/\\\/strangercam.com\\\/#website\"},\"primaryImageOfPage\":{\"@id\":\"https:\\\/\\\/strangercam.com\\\/camskip\\\/#primaryimage\"},\"image\":{\"@id\":\"https:\\\/\\\/strangercam.com\\\/camskip\\\/#primaryimage\"},\"thumbnailUrl\":\"https:\\\/\\\/strangercam.com\\\/wp-content\\\/uploads\\\/2020\\\/11\\\/stranger-cam-1.png\",\"datePublished\":\"2022-08-11T13:50:53+00:00\",\"dateModified\":\"2023-08-21T09:40:39+00:00\",\"description\":\"Like Camskip? Come chat with more than 5.000.000 strangers on Stranger Cam for Free! Turn on your cam and find new friends & maby a match!\",\"breadcrumb\":{\"@id\":\"https:\\\/\\\/strangercam.com\\\/camskip\\\/#breadcrumb\"},\"inLanguage\":\"sv-SE\",\"potentialAction\":[{\"@type\":\"ReadAction\",\"target\":[\"https:\\\/\\\/strangercam.com\\\/camskip\\\/\"]}]},{\"@type\":\"ImageObject\",\"inLanguage\":\"sv-SE\",\"@id\":\"https:\\\/\\\/strangercam.com\\\/camskip\\\/#primaryimage\",\"url\":\"https:\\\/\\\/strangercam.com\\\/wp-content\\\/uploads\\\/2020\\\/11\\\/stranger-cam-1.png\",\"contentUrl\":\"https:\\\/\\\/strangercam.com\\\/wp-content\\\/uploads\\\/2020\\\/11\\\/stranger-cam-1.png\",\"width\":800,\"height\":800,\"caption\":\"stranger cam random video chat\"},{\"@type\":\"BreadcrumbList\",\"@id\":\"https:\\\/\\\/strangercam.com\\\/camskip\\\/#breadcrumb\",\"itemListElement\":[{\"@type\":\"ListItem\",\"position\":1,\"name\":\"Home\",\"item\":\"https:\\\/\\\/strangercam.com\\\/\"},{\"@type\":\"ListItem\",\"position\":2,\"name\":\"Camskip\"}]},{\"@type\":\"WebSite\",\"@id\":\"https:\\\/\\\/strangercam.com\\\/#website\",\"url\":\"https:\\\/\\\/strangercam.com\\\/\",\"name\":\"Strangercam\",\"description\":\"Random Video Chat with Strangers\",\"publisher\":{\"@id\":\"https:\\\/\\\/strangercam.com\\\/#organization\"},\"alternateName\":\"Strangercam.com\",\"potentialAction\":[{\"@type\":\"SearchAction\",\"target\":{\"@type\":\"EntryPoint\",\"urlTemplate\":\"https:\\\/\\\/strangercam.com\\\/?s={search_term_string}\"},\"query-input\":{\"@type\":\"PropertyValueSpecification\",\"valueRequired\":true,\"valueName\":\"search_term_string\"}}],\"inLanguage\":\"sv-SE\"},{\"@type\":\"Organization\",\"@id\":\"https:\\\/\\\/strangercam.com\\\/#organization\",\"name\":\"Strangercam\",\"alternateName\":\"Strangercam.com\",\"url\":\"https:\\\/\\\/strangercam.com\\\/\",\"logo\":{\"@type\":\"ImageObject\",\"inLanguage\":\"sv-SE\",\"@id\":\"https:\\\/\\\/strangercam.com\\\/#\\\/schema\\\/logo\\\/image\\\/\",\"url\":\"https:\\\/\\\/strangercam.com\\\/wp-content\\\/uploads\\\/2020\\\/11\\\/cropped-new-favicon-black.png\",\"contentUrl\":\"https:\\\/\\\/strangercam.com\\\/wp-content\\\/uploads\\\/2020\\\/11\\\/cropped-new-favicon-black.png\",\"width\":512,\"height\":512,\"caption\":\"Strangercam\"},\"image\":{\"@id\":\"https:\\\/\\\/strangercam.com\\\/#\\\/schema\\\/logo\\\/image\\\/\"},\"sameAs\":[\"https:\\\/\\\/www.facebook.com\\\/strangercam\",\"https:\\\/\\\/x.com\\\/strangercamapp\"]}]}<\/script>\n<!-- \/ Yoast SEO plugin. -->","yoast_head_json":{"title":"Camskip - Chatta med fr\u00e4mlingar p\u00e5 StrangerCam.com","description":"Gillar du Camskip? Kom och chatta med mer \u00e4n 5.000.000 fr\u00e4mlingar p\u00e5 Stranger Cam helt gratis! Sl\u00e5 p\u00e5 din kamera och hitta nya v\u00e4nner och kanske en match!","robots":{"index":"index","follow":"follow","max-snippet":"max-snippet:-1","max-image-preview":"max-image-preview:large","max-video-preview":"max-video-preview:-1"},"canonical":"https:\/\/strangercam.com\/sv\/camskip\/","og_locale":"sv_SE","og_type":"article","og_title":"Camskip - Chat with strangers on StrangerCam.com","og_description":"Like Camskip? Come chat with more than 5.000.000 strangers on Stranger Cam for Free! Turn on your cam and find new friends & maby a match!","og_url":"https:\/\/strangercam.com\/sv\/camskip\/","og_site_name":"Strangercam","article_publisher":"https:\/\/www.facebook.com\/strangercam","article_modified_time":"2023-08-21T09:40:39+00:00","og_image":[{"width":800,"height":800,"url":"https:\/\/strangercam.com\/wp-content\/uploads\/2020\/11\/stranger-cam-1.png","type":"image\/png"}],"twitter_card":"summary_large_image","twitter_site":"@strangercamapp","twitter_misc":{"Ber\u00e4knad l\u00e4stid":"7 minuter"},"schema":{"@context":"https:\/\/schema.org","@graph":[{"@type":"WebPage","@id":"https:\/\/strangercam.com\/camskip\/","url":"https:\/\/strangercam.com\/camskip\/","name":"Camskip - Chatta med fr\u00e4mlingar p\u00e5 StrangerCam.com","isPartOf":{"@id":"https:\/\/strangercam.com\/#website"},"primaryImageOfPage":{"@id":"https:\/\/strangercam.com\/camskip\/#primaryimage"},"image":{"@id":"https:\/\/strangercam.com\/camskip\/#primaryimage"},"thumbnailUrl":"https:\/\/strangercam.com\/wp-content\/uploads\/2020\/11\/stranger-cam-1.png","datePublished":"2022-08-11T13:50:53+00:00","dateModified":"2023-08-21T09:40:39+00:00","description":"Gillar du Camskip? Kom och chatta med mer \u00e4n 5.000.000 fr\u00e4mlingar p\u00e5 Stranger Cam helt gratis! Sl\u00e5 p\u00e5 din kamera och hitta nya v\u00e4nner och kanske en match!","breadcrumb":{"@id":"https:\/\/strangercam.com\/camskip\/#breadcrumb"},"inLanguage":"sv-SE","potentialAction":[{"@type":"ReadAction","target":["https:\/\/strangercam.com\/camskip\/"]}]},{"@type":"ImageObject","inLanguage":"sv-SE","@id":"https:\/\/strangercam.com\/camskip\/#primaryimage","url":"https:\/\/strangercam.com\/wp-content\/uploads\/2020\/11\/stranger-cam-1.png","contentUrl":"https:\/\/strangercam.com\/wp-content\/uploads\/2020\/11\/stranger-cam-1.png","width":800,"height":800,"caption":"stranger cam random video chat"},{"@type":"BreadcrumbList","@id":"https:\/\/strangercam.com\/camskip\/#breadcrumb","itemListElement":[{"@type":"ListItem","position":1,"name":"Home","item":"https:\/\/strangercam.com\/"},{"@type":"ListItem","position":2,"name":"Camskip"}]},{"@type":"WebSite","@id":"https:\/\/strangercam.com\/#website","url":"https:\/\/strangercam.com\/","name":"Strangercam","description":"Slumpm\u00e4ssig videochatt med fr\u00e4mlingar","publisher":{"@id":"https:\/\/strangercam.com\/#organization"},"alternateName":"Strangercam.com","potentialAction":[{"@type":"SearchAction","target":{"@type":"EntryPoint","urlTemplate":"https:\/\/strangercam.com\/?s={search_term_string}"},"query-input":{"@type":"PropertyValueSpecification","valueRequired":true,"valueName":"search_term_string"}}],"inLanguage":"sv-SE"},{"@type":"Organization","@id":"https:\/\/strangercam.com\/#organization","name":"Strangercam","alternateName":"Strangercam.com","url":"https:\/\/strangercam.com\/","logo":{"@type":"ImageObject","inLanguage":"sv-SE","@id":"https:\/\/strangercam.com\/#\/schema\/logo\/image\/","url":"https:\/\/strangercam.com\/wp-content\/uploads\/2020\/11\/cropped-new-favicon-black.png","contentUrl":"https:\/\/strangercam.com\/wp-content\/uploads\/2020\/11\/cropped-new-favicon-black.png","width":512,"height":512,"caption":"Strangercam"},"image":{"@id":"https:\/\/strangercam.com\/#\/schema\/logo\/image\/"},"sameAs":["https:\/\/www.facebook.com\/strangercam","https:\/\/x.com\/strangercamapp"]}]}},"_links":{"self":[{"href":"https:\/\/strangercam.com\/sv\/wp-json\/wp\/v2\/pages\/11194","targetHints":{"allow":["GET"]}}],"collection":[{"href":"https:\/\/strangercam.com\/sv\/wp-json\/wp\/v2\/pages"}],"about":[{"href":"https:\/\/strangercam.com\/sv\/wp-json\/wp\/v2\/types\/page"}],"author":[{"embeddable":true,"href":"https:\/\/strangercam.com\/sv\/wp-json\/wp\/v2\/users\/6"}],"replies":[{"embeddable":true,"href":"https:\/\/strangercam.com\/sv\/wp-json\/wp\/v2\/comments?post=11194"}],"version-history":[{"count":0,"href":"https:\/\/strangercam.com\/sv\/wp-json\/wp\/v2\/pages\/11194\/revisions"}],"wp:featuredmedia":[{"embeddable":true,"href":"https:\/\/strangercam.com\/sv\/wp-json\/wp\/v2\/media\/559"}],"wp:attachment":[{"href":"https:\/\/strangercam.com\/sv\/wp-json\/wp\/v2\/media?parent=11194"}],"curies":[{"name":"wp","href":"https:\/\/api.w.org\/{rel}","templated":true}]}}