{"id":11167,"date":"2022-08-11T15:18:17","date_gmt":"2022-08-11T13:18:17","guid":{"rendered":"https:\/\/strangercam.com\/?page_id=11167"},"modified":"2023-08-21T12:48:49","modified_gmt":"2023-08-21T10:48:49","slug":"ulive-chatt","status":"publish","type":"page","link":"https:\/\/strangercam.com\/sv\/ulive-chatt\/","title":{"rendered":"Ulive Chat"},"content":{"rendered":"<p>I dessa dagar av social distansering kan det vara sv\u00e5rt att hitta s\u00e4tt att f\u00e5 kontakt med andra. Men det finns en plats dit du alltid kan g\u00e5 f\u00f6r att prata med fr\u00e4mlingar: ulive-chat. P\u00e5 ulive-chat kan du <a href=\"https:\/\/strangercam.com\/sv\/chatroulette\/\">chatt<\/a> med m\u00e4nniskor fr\u00e5n hela v\u00e4rlden om allt och ingenting. S\u00e5 kom in och b\u00f6rja <a href=\"https:\/\/strangercam.com\/sv\/chatingly\/\">chattar<\/a>!<\/p>\n<h2>Vad \u00e4r ulive chat?<\/h2>\n<p>ulive-chat \u00e4r en ny social medieplattform som g\u00f6r det m\u00f6jligt f\u00f6r anv\u00e4ndare att f\u00e5 kontakt med varandra genom korta 10-sekunders <a href=\"https:\/\/strangercam.com\/sv\/rabbit-video-chat\/\">video<\/a> chattar. Det \u00e4r ett bra s\u00e4tt att <a href=\"https:\/\/strangercam.com\/sv\/coomeet\/\">tr\u00e4ffas<\/a> nya m\u00e4nniskor och f\u00e5 v\u00e4nner fr\u00e5n hela v\u00e4rlden. Du kan anv\u00e4nda ulive-chat f\u00f6r att prata om vad du vill, oavsett om det \u00e4r ditt favorit-TV-program, de senaste nyheterna eller bara vad du t\u00e4nker p\u00e5.<\/p>\n<h2>Hur man startar en chatt p\u00e5 ulive chatt<\/h2>\n<p>Om du k\u00e4nner dig ensam och vill prata med n\u00e5gon \u00e4r ulive-chat ett bra alternativ. Det \u00e4r en chattj\u00e4nst som kopplar samman dig med m\u00e4nniskor fr\u00e5n hela v\u00e4rlden, s\u00e5 att du kan f\u00e5 nya v\u00e4nner och l\u00e4ra dig mer om nya kulturer. S\u00e5 h\u00e4r g\u00f6r du f\u00f6r att starta en chatt p\u00e5 ulive-chat:<\/p>\n<ol>\n<li>G\u00e5 till webbplatsen ulive-chat och skapa ett konto.<\/li>\n<li>N\u00e4r du har loggat in klickar du p\u00e5 knappen \"Starta chatt\".<\/li>\n<li>En lista \u00f6ver personer som f\u00f6r n\u00e4rvarande \u00e4r online visas. V\u00e4lj en person som du vill chatta med och klicka p\u00e5 dennes namn.<\/li>\n<li>Ett nytt chattf\u00f6nster \u00f6ppnas. B\u00f6rja chatta med din nya v\u00e4n!<\/li>\n<\/ol>\n<h2>Vad man ska prata om med fr\u00e4mlingar p\u00e5 ulive-chatt<\/h2>\n<p>Om du letar efter n\u00e5got att prata om med fr\u00e4mlingar p\u00e5 ulive-chat, h\u00e4r \u00e4r n\u00e5gra id\u00e9er:<\/p>\n<ul>\n<li style=\"font-weight: 400;\" aria-level=\"1\">Presentera dig och fr\u00e5ga den andra personen vad han eller hon heter?<\/li>\n<li style=\"font-weight: 400;\" aria-level=\"1\">Var kommer de ifr\u00e5n?<\/li>\n<li style=\"font-weight: 400;\" aria-level=\"1\">Vad jobbar de med?<\/li>\n<li style=\"font-weight: 400;\" aria-level=\"1\">Vilka \u00e4r deras hobbyer?<\/li>\n<li style=\"font-weight: 400;\" aria-level=\"1\">Har de n\u00e5gra husdjur?<\/li>\n<li style=\"font-weight: 400;\" aria-level=\"1\">Vad \u00e4r deras favoritmusik \/ film \/ tv-show?<\/li>\n<li style=\"font-weight: 400;\" aria-level=\"1\">Vilken har varit den b\u00e4sta dagen i deras liv?<\/li>\n<li style=\"font-weight: 400;\" aria-level=\"1\">Vad \u00e4r deras v\u00e4rsta r\u00e4dsla?<\/li>\n<li style=\"font-weight: 400;\" aria-level=\"1\">Vad \u00e4r deras st\u00f6rsta bedrift?<\/li>\n<li style=\"font-weight: 400;\" aria-level=\"1\">Har de n\u00e5gra konstiga talanger?<\/li>\n<li style=\"font-weight: 400;\" aria-level=\"1\">Vilket \u00e4r det b\u00e4sta r\u00e5d som de n\u00e5gonsin har f\u00e5tt?<\/li>\n<\/ul>\n<h2>F\u00f6r- och nackdelar med ulive-chatt<\/h2>\n<p>ulive-chat \u00e4r en social n\u00e4tverkswebbplats som g\u00f6r det m\u00f6jligt f\u00f6r anv\u00e4ndare att kommunicera med varandra i realtid. Webbplatsen har funnits i n\u00e5gra \u00e5r och har f\u00e5tt en lojal skara anv\u00e4ndare. Men som alla sociala n\u00e4tverkssajter finns det f\u00f6r- och nackdelar med att anv\u00e4nda ulive-chat.<\/p>\n<p>F\u00f6rdelarna med att anv\u00e4nda ulive-chat \u00e4r bland annat f\u00f6ljande:<\/p>\n<ul>\n<li style=\"font-weight: 400;\" aria-level=\"1\">Webbplatsen \u00e4r l\u00e4tt att anv\u00e4nda och navigera.<\/li>\n<li style=\"font-weight: 400;\" aria-level=\"1\">Anv\u00e4ndarna kan kommunicera med varandra i realtid.<\/li>\n<li style=\"font-weight: 400;\" aria-level=\"1\">Webbplatsen har en trogen skara anv\u00e4ndare.<\/li>\n<li style=\"font-weight: 400;\" aria-level=\"1\">Webbplatsen \u00e4r <a href=\"https:\/\/strangercam.com\/sv\/chatta4gratis\/\">fri<\/a> att anv\u00e4nda.<\/li>\n<\/ul>\n<p>Nackdelarna med att anv\u00e4nda ulive-chat inkluderar f\u00f6ljande:<\/p>\n<ul>\n<li style=\"font-weight: 400;\" aria-level=\"1\">Vissa anv\u00e4ndare har rapporterat att webbplatsen har varit kr\u00e5nglig och l\u00e5ngsam ibland.<\/li>\n<li style=\"font-weight: 400;\" aria-level=\"1\">Det finns inget s\u00e4tt att verifiera andra anv\u00e4ndares identitet, s\u00e5 det finns en risk f\u00f6r bedr\u00e4geri.<\/li>\n<li style=\"font-weight: 400;\" aria-level=\"1\">Vissa anv\u00e4ndare har klagat p\u00e5 att webbplatsens gr\u00e4nssnitt inte \u00e4r s\u00e5 anv\u00e4ndarv\u00e4nligt som det skulle kunna vara.<\/li>\n<\/ul>\n<h2>Varf\u00f6r ulive chat \u00e4r s\u00e5 popul\u00e4r slumpm\u00e4ssig videochattplattform?<\/h2>\n<p>ulive-chat \u00e4r en popul\u00e4r slumpm\u00e4ssig videochattplattform av flera sk\u00e4l. F\u00f6r det f\u00f6rsta \u00e4r det l\u00e4tt att anv\u00e4nda och kr\u00e4ver ingen registrering. F\u00f6r det andra erbjuder det ett brett utbud av funktioner som g\u00f6r det m\u00f6jligt f\u00f6r anv\u00e4ndare att anpassa sin upplevelse. Slutligen har den en stark gemenskap av anv\u00e4ndare som alltid \u00e4r villiga att hj\u00e4lpa nyb\u00f6rjare.<\/p>\n<h2>Hur man avslutar en chatt p\u00e5 ulive chat<\/h2>\n<p>Om du \u00e4r klar med att prata med n\u00e5gon p\u00e5 ulive-chat, klicka bara p\u00e5 knappen \"avsluta chatt\". Detta kommer att avsluta konversationen och ta dig tillbaka till huvudsidan f\u00f6r ulive-chat.<\/p>\n<h2>F\u00f6rdelarna med att prata med fr\u00e4mlingar p\u00e5 ulive chat<\/h2>\n<p>Vi k\u00e4nner alla till tales\u00e4ttet: \u201cDet \u00e4r bra att prata med fr\u00e4mlingar.\u201d Och det ligger en hel del sanning i det. Att prata med fr\u00e4mlingar kan vara ett bra s\u00e4tt att komma ut ur din komfortzon och tr\u00e4ffa nya m\u00e4nniskor. Men vad h\u00e4nder om du inte \u00e4r s\u00e4ker p\u00e5 hur du ska b\u00f6rja en konversation med en fr\u00e4mling? Det \u00e4r d\u00e4r ulive-chat kommer in i bilden.<\/p>\n<p>ulive-chat \u00e4r en webbplats som l\u00e5ter dig chatta med fr\u00e4mlingar fr\u00e5n hela v\u00e4rlden. Det \u00e4r ett bra s\u00e4tt att \u00f6va upp dina sociala f\u00e4rdigheter och l\u00e4ra k\u00e4nna m\u00e4nniskor fr\u00e5n olika kulturer. Och det b\u00e4sta av allt \u00e4r att det \u00e4r helt gratis!<\/p>\n<p>S\u00e5 varf\u00f6r inte ge det ett f\u00f6rs\u00f6k? Du kanske uppt\u00e4cker att det \u00e4r roligare att prata med fr\u00e4mlingar \u00e4n du trodde!<\/p>\n<h2>Hur f\u00e5r man ut det mesta av ulive-chatt?<\/h2>\n<p>ulive-chat \u00e4r en fantastisk plattform f\u00f6r att prata med fr\u00e4mlingar och f\u00e5 nya v\u00e4nner. H\u00e4r \u00e4r n\u00e5gra tips f\u00f6r att f\u00e5 ut s\u00e5 mycket som m\u00f6jligt av din ulive-chat-upplevelse:<\/p>\n<ol>\n<li>Var \u00f6ppen och v\u00e4nlig. Ingen vill prata med en grinig person, s\u00e5 s\u00e4tt ett leende p\u00e5 l\u00e4pparna och var redo att delta i en konversation.<\/li>\n<li>Var inte r\u00e4dd f\u00f6r att starta konversationen. Det kan vara sv\u00e5rt att bryta isen, men kom ih\u00e5g att alla andra sitter i samma b\u00e5t. S\u00e4g bara hej och se vart konversationen tar dig.<\/li>\n<li>St\u00e4ll fr\u00e5gor. M\u00e4nniskor \u00e4lskar att prata om sig sj\u00e4lva, s\u00e5 st\u00e4ll m\u00e5nga fr\u00e5gor f\u00f6r att f\u00e5 den andra personen att prata. Du kommer att l\u00e4ra dig alla m\u00f6jliga intressanta saker om dem p\u00e5 det h\u00e4r s\u00e4ttet.<\/li>\n<li>Var en aktiv lyssnare. Om du verkligen lyssnar p\u00e5 vad den andra personen s\u00e4ger kommer du snabbt att bygga upp en god relation med honom eller henne.<\/li>\n<li>Ha det s\u00e5 trevligt som m\u00f6jligt! Att prata med fr\u00e4mlingar kan vara mycket roligt, s\u00e5 slappna av och njut av upplevelsen.<\/li>\n<\/ol>\n<h2>Riskerna med att prata med fr\u00e4mlingar p\u00e5 ulive chat<\/h2>\n<p>N\u00e4r du pratar med n\u00e5gon p\u00e5 ulive-chat \u00e4r du aldrig riktigt s\u00e4ker p\u00e5 vem de \u00e4r. Det kan vara vem som helst, fr\u00e5n var som helst i v\u00e4rlden, och du vet inte vad de har f\u00f6r avsikter. \u00c4ven om det \u00e4r fantastiskt att tr\u00e4ffa nya m\u00e4nniskor och ha roliga konversationer, m\u00e5ste du vara medveten om riskerna med att prata med fr\u00e4mlingar online. H\u00e4r \u00e4r n\u00e5gra saker du b\u00f6r t\u00e4nka p\u00e5:<\/p>\n<ol>\n<li>Du vet inte vem de \u00e4r. Personen du pratar med kan ljuga om sin identitet. De kan l\u00e5tsas vara n\u00e5gon de inte \u00e4r, eller s\u00e5 kan de anv\u00e4nda en falsk profilbild. Var f\u00f6rsiktig med att dela personlig information med n\u00e5gon du inte k\u00e4nner.<\/li>\n<li>Det kan vara s\u00e5 att de f\u00f6rs\u00f6ker lura dig. Tyv\u00e4rr finns det m\u00e4nniskor d\u00e4r ute som f\u00f6rs\u00f6ker utnyttja andra genom att lura dem att skicka pengar eller dela med sig av personlig information. Om n\u00e5gon p\u00e5 ulive-chat ber dig om pengar eller ditt kreditkortsnummer, var f\u00f6rsiktig!<\/li>\n<li>Du kanske avsl\u00f6jar f\u00f6r mycket om dig sj\u00e4lv. N\u00e4r du pratar med n\u00e5gon du inte k\u00e4nner \u00e4r det l\u00e4tt att dras med i samtalet och avsl\u00f6ja mer \u00e4n du t\u00e4nkt dig. T\u00e4nk p\u00e5 vad du delar med dig av och ge inte bort<\/li>\n<\/ol>\n<h2>\u00c4r det s\u00e4kert att anv\u00e4nda?<\/h2>\n<p>Om du undrar om det \u00e4r s\u00e4kert att anv\u00e4nda ulive-chat f\u00f6r att prata med fr\u00e4mlingar \u00e4r svaret: det beror p\u00e5. \u00c4ven om ulive-chat har vissa s\u00e4kerhets\u00e5tg\u00e4rder p\u00e5 plats, till exempel att endast till\u00e5ta anv\u00e4ndare som \u00e4r \u00f6ver 18 \u00e5r att anv\u00e4nda webbplatsen, finns det alltid en risk n\u00e4r du pratar med m\u00e4nniskor du inte k\u00e4nner online.<\/p>\n<p>Med detta sagt, om du anv\u00e4nder sunt f\u00f6rnuft och vidtar n\u00e5gra grundl\u00e4ggande f\u00f6rsiktighets\u00e5tg\u00e4rder, till exempel att inte dela personlig information eller tr\u00e4ffa fr\u00e4mlingar personligen, b\u00f6r du vara s\u00e4ker. S\u00e5 l\u00e4nge du \u00e4r medveten om riskerna kan det vara en rolig och intressant upplevelse att anv\u00e4nda ulive-chat f\u00f6r att prata med fr\u00e4mlingar.<\/p>\n<h2>Slutsats<\/h2>\n<p>Om du letar efter ett roligt och enkelt s\u00e4tt att f\u00e5 kontakt med nya m\u00e4nniskor \u00e4r ulive-chat definitivt v\u00e4rt att kolla in. Det b\u00e4sta med det \u00e4r att det inte finns n\u00e5gra fr\u00e4mlingar p\u00e5 ulive-chat - alla \u00e4r d\u00e4r f\u00f6r att chatta och ha det bra. S\u00e5 g\u00e5 vidare och ge det ett f\u00f6rs\u00f6k - du kanske bara hittar dig sj\u00e4lv att f\u00e5 n\u00e5gra nya v\u00e4nner.<\/p>","protected":false},"excerpt":{"rendered":"<p>In these days of social distancing, it can be hard to find ways to connect with others. But there&#8217;s one place you can always go to talk with strangers: ulive-chat. On ulive-chat, you can chat with people from all over the world about anything and everything. So come on in and start chatting! What is [&hellip;]<\/p>\n","protected":false},"author":6,"featured_media":559,"parent":0,"menu_order":0,"comment_status":"closed","ping_status":"closed","template":"","meta":{"footnotes":""},"class_list":["post-11167","page","type-page","status-publish","has-post-thumbnail","hentry"],"yoast_head":"<!-- This site is optimized with the Yoast SEO plugin v26.9 - https:\/\/yoast.com\/product\/yoast-seo-wordpress\/ -->\n<title>Ulive Chat - Chat with strangers on StrangerCam.com<\/title>\n<meta name=\"description\" content=\"Like Ulive Chat? Come chat with more than 5.000.000 strangers on Stranger Cam for Free! Turn on your cam and find new friends &amp; maby a match!\" \/>\n<meta name=\"robots\" content=\"index, follow, max-snippet:-1, max-image-preview:large, max-video-preview:-1\" \/>\n<link rel=\"canonical\" href=\"https:\/\/strangercam.com\/sv\/ulive-chatt\/\" \/>\n<meta property=\"og:locale\" content=\"sv_SE\" \/>\n<meta property=\"og:type\" content=\"article\" \/>\n<meta property=\"og:title\" content=\"Ulive Chat - Chat with strangers on StrangerCam.com\" \/>\n<meta property=\"og:description\" content=\"Like Ulive Chat? Come chat with more than 5.000.000 strangers on Stranger Cam for Free! Turn on your cam and find new friends &amp; maby a match!\" \/>\n<meta property=\"og:url\" content=\"https:\/\/strangercam.com\/sv\/ulive-chatt\/\" \/>\n<meta property=\"og:site_name\" content=\"Strangercam\" \/>\n<meta property=\"article:publisher\" content=\"https:\/\/www.facebook.com\/strangercam\" \/>\n<meta property=\"article:modified_time\" content=\"2023-08-21T10:48:49+00:00\" \/>\n<meta property=\"og:image\" content=\"https:\/\/strangercam.com\/wp-content\/uploads\/2020\/11\/stranger-cam-1.png\" \/>\n\t<meta property=\"og:image:width\" content=\"800\" \/>\n\t<meta property=\"og:image:height\" content=\"800\" \/>\n\t<meta property=\"og:image:type\" content=\"image\/png\" \/>\n<meta name=\"twitter:card\" content=\"summary_large_image\" \/>\n<meta name=\"twitter:site\" content=\"@strangercamapp\" \/>\n<meta name=\"twitter:label1\" content=\"Ber\u00e4knad l\u00e4stid\" \/>\n\t<meta name=\"twitter:data1\" content=\"6 minuter\" \/>\n<script type=\"application\/ld+json\" class=\"yoast-schema-graph\">{\"@context\":\"https:\/\/schema.org\",\"@graph\":[{\"@type\":\"WebPage\",\"@id\":\"https:\/\/strangercam.com\/ulive-chat\/\",\"url\":\"https:\/\/strangercam.com\/ulive-chat\/\",\"name\":\"Ulive Chat - Chat with strangers on StrangerCam.com\",\"isPartOf\":{\"@id\":\"https:\/\/strangercam.com\/#website\"},\"primaryImageOfPage\":{\"@id\":\"https:\/\/strangercam.com\/ulive-chat\/#primaryimage\"},\"image\":{\"@id\":\"https:\/\/strangercam.com\/ulive-chat\/#primaryimage\"},\"thumbnailUrl\":\"https:\/\/strangercam.com\/wp-content\/uploads\/2020\/11\/stranger-cam-1.png\",\"datePublished\":\"2022-08-11T13:18:17+00:00\",\"dateModified\":\"2023-08-21T10:48:49+00:00\",\"description\":\"Like Ulive Chat? Come chat with more than 5.000.000 strangers on Stranger Cam for Free! Turn on your cam and find new friends & maby a match!\",\"breadcrumb\":{\"@id\":\"https:\/\/strangercam.com\/ulive-chat\/#breadcrumb\"},\"inLanguage\":\"sv-SE\",\"potentialAction\":[{\"@type\":\"ReadAction\",\"target\":[\"https:\/\/strangercam.com\/ulive-chat\/\"]}]},{\"@type\":\"ImageObject\",\"inLanguage\":\"sv-SE\",\"@id\":\"https:\/\/strangercam.com\/ulive-chat\/#primaryimage\",\"url\":\"https:\/\/strangercam.com\/wp-content\/uploads\/2020\/11\/stranger-cam-1.png\",\"contentUrl\":\"https:\/\/strangercam.com\/wp-content\/uploads\/2020\/11\/stranger-cam-1.png\",\"width\":800,\"height\":800,\"caption\":\"stranger cam random video chat\"},{\"@type\":\"BreadcrumbList\",\"@id\":\"https:\/\/strangercam.com\/ulive-chat\/#breadcrumb\",\"itemListElement\":[{\"@type\":\"ListItem\",\"position\":1,\"name\":\"Home\",\"item\":\"https:\/\/strangercam.com\/\"},{\"@type\":\"ListItem\",\"position\":2,\"name\":\"Ulive Chat\"}]},{\"@type\":\"WebSite\",\"@id\":\"https:\/\/strangercam.com\/#website\",\"url\":\"https:\/\/strangercam.com\/\",\"name\":\"Strangercam\",\"description\":\"Random Video Chat with Strangers\",\"publisher\":{\"@id\":\"https:\/\/strangercam.com\/#organization\"},\"alternateName\":\"Strangercam.com\",\"potentialAction\":[{\"@type\":\"SearchAction\",\"target\":{\"@type\":\"EntryPoint\",\"urlTemplate\":\"https:\/\/strangercam.com\/?s={search_term_string}\"},\"query-input\":{\"@type\":\"PropertyValueSpecification\",\"valueRequired\":true,\"valueName\":\"search_term_string\"}}],\"inLanguage\":\"sv-SE\"},{\"@type\":\"Organization\",\"@id\":\"https:\/\/strangercam.com\/#organization\",\"name\":\"Strangercam\",\"alternateName\":\"Strangercam.com\",\"url\":\"https:\/\/strangercam.com\/\",\"logo\":{\"@type\":\"ImageObject\",\"inLanguage\":\"sv-SE\",\"@id\":\"https:\/\/strangercam.com\/#\/schema\/logo\/image\/\",\"url\":\"https:\/\/strangercam.com\/wp-content\/uploads\/2020\/11\/cropped-new-favicon-black.png\",\"contentUrl\":\"https:\/\/strangercam.com\/wp-content\/uploads\/2020\/11\/cropped-new-favicon-black.png\",\"width\":512,\"height\":512,\"caption\":\"Strangercam\"},\"image\":{\"@id\":\"https:\/\/strangercam.com\/#\/schema\/logo\/image\/\"},\"sameAs\":[\"https:\/\/www.facebook.com\/strangercam\",\"https:\/\/x.com\/strangercamapp\"]}]}<\/script>\n<!-- \/ Yoast SEO plugin. -->","yoast_head_json":{"title":"Ulive Chat - Chatta med fr\u00e4mlingar p\u00e5 StrangerCam.com","description":"Gillar du Ulive Chat? Kom och chatta med mer \u00e4n 5.000.000 fr\u00e4mlingar p\u00e5 Stranger Cam helt gratis! Sl\u00e5 p\u00e5 din kamera och hitta nya v\u00e4nner och kanske en match!","robots":{"index":"index","follow":"follow","max-snippet":"max-snippet:-1","max-image-preview":"max-image-preview:large","max-video-preview":"max-video-preview:-1"},"canonical":"https:\/\/strangercam.com\/sv\/ulive-chatt\/","og_locale":"sv_SE","og_type":"article","og_title":"Ulive Chat - Chat with strangers on StrangerCam.com","og_description":"Like Ulive Chat? Come chat with more than 5.000.000 strangers on Stranger Cam for Free! Turn on your cam and find new friends & maby a match!","og_url":"https:\/\/strangercam.com\/sv\/ulive-chatt\/","og_site_name":"Strangercam","article_publisher":"https:\/\/www.facebook.com\/strangercam","article_modified_time":"2023-08-21T10:48:49+00:00","og_image":[{"width":800,"height":800,"url":"https:\/\/strangercam.com\/wp-content\/uploads\/2020\/11\/stranger-cam-1.png","type":"image\/png"}],"twitter_card":"summary_large_image","twitter_site":"@strangercamapp","twitter_misc":{"Ber\u00e4knad l\u00e4stid":"6 minuter"},"schema":{"@context":"https:\/\/schema.org","@graph":[{"@type":"WebPage","@id":"https:\/\/strangercam.com\/ulive-chat\/","url":"https:\/\/strangercam.com\/ulive-chat\/","name":"Ulive Chat - Chatta med fr\u00e4mlingar p\u00e5 StrangerCam.com","isPartOf":{"@id":"https:\/\/strangercam.com\/#website"},"primaryImageOfPage":{"@id":"https:\/\/strangercam.com\/ulive-chat\/#primaryimage"},"image":{"@id":"https:\/\/strangercam.com\/ulive-chat\/#primaryimage"},"thumbnailUrl":"https:\/\/strangercam.com\/wp-content\/uploads\/2020\/11\/stranger-cam-1.png","datePublished":"2022-08-11T13:18:17+00:00","dateModified":"2023-08-21T10:48:49+00:00","description":"Gillar du Ulive Chat? Kom och chatta med mer \u00e4n 5.000.000 fr\u00e4mlingar p\u00e5 Stranger Cam helt gratis! Sl\u00e5 p\u00e5 din kamera och hitta nya v\u00e4nner och kanske en match!","breadcrumb":{"@id":"https:\/\/strangercam.com\/ulive-chat\/#breadcrumb"},"inLanguage":"sv-SE","potentialAction":[{"@type":"ReadAction","target":["https:\/\/strangercam.com\/ulive-chat\/"]}]},{"@type":"ImageObject","inLanguage":"sv-SE","@id":"https:\/\/strangercam.com\/ulive-chat\/#primaryimage","url":"https:\/\/strangercam.com\/wp-content\/uploads\/2020\/11\/stranger-cam-1.png","contentUrl":"https:\/\/strangercam.com\/wp-content\/uploads\/2020\/11\/stranger-cam-1.png","width":800,"height":800,"caption":"stranger cam random video chat"},{"@type":"BreadcrumbList","@id":"https:\/\/strangercam.com\/ulive-chat\/#breadcrumb","itemListElement":[{"@type":"ListItem","position":1,"name":"Home","item":"https:\/\/strangercam.com\/"},{"@type":"ListItem","position":2,"name":"Ulive Chat"}]},{"@type":"WebSite","@id":"https:\/\/strangercam.com\/#website","url":"https:\/\/strangercam.com\/","name":"Strangercam","description":"Slumpm\u00e4ssig videochatt med fr\u00e4mlingar","publisher":{"@id":"https:\/\/strangercam.com\/#organization"},"alternateName":"Strangercam.com","potentialAction":[{"@type":"SearchAction","target":{"@type":"EntryPoint","urlTemplate":"https:\/\/strangercam.com\/?s={search_term_string}"},"query-input":{"@type":"PropertyValueSpecification","valueRequired":true,"valueName":"search_term_string"}}],"inLanguage":"sv-SE"},{"@type":"Organization","@id":"https:\/\/strangercam.com\/#organization","name":"Strangercam","alternateName":"Strangercam.com","url":"https:\/\/strangercam.com\/","logo":{"@type":"ImageObject","inLanguage":"sv-SE","@id":"https:\/\/strangercam.com\/#\/schema\/logo\/image\/","url":"https:\/\/strangercam.com\/wp-content\/uploads\/2020\/11\/cropped-new-favicon-black.png","contentUrl":"https:\/\/strangercam.com\/wp-content\/uploads\/2020\/11\/cropped-new-favicon-black.png","width":512,"height":512,"caption":"Strangercam"},"image":{"@id":"https:\/\/strangercam.com\/#\/schema\/logo\/image\/"},"sameAs":["https:\/\/www.facebook.com\/strangercam","https:\/\/x.com\/strangercamapp"]}]}},"_links":{"self":[{"href":"https:\/\/strangercam.com\/sv\/wp-json\/wp\/v2\/pages\/11167","targetHints":{"allow":["GET"]}}],"collection":[{"href":"https:\/\/strangercam.com\/sv\/wp-json\/wp\/v2\/pages"}],"about":[{"href":"https:\/\/strangercam.com\/sv\/wp-json\/wp\/v2\/types\/page"}],"author":[{"embeddable":true,"href":"https:\/\/strangercam.com\/sv\/wp-json\/wp\/v2\/users\/6"}],"replies":[{"embeddable":true,"href":"https:\/\/strangercam.com\/sv\/wp-json\/wp\/v2\/comments?post=11167"}],"version-history":[{"count":0,"href":"https:\/\/strangercam.com\/sv\/wp-json\/wp\/v2\/pages\/11167\/revisions"}],"wp:featuredmedia":[{"embeddable":true,"href":"https:\/\/strangercam.com\/sv\/wp-json\/wp\/v2\/media\/559"}],"wp:attachment":[{"href":"https:\/\/strangercam.com\/sv\/wp-json\/wp\/v2\/media?parent=11167"}],"curies":[{"name":"wp","href":"https:\/\/api.w.org\/{rel}","templated":true}]}}