{"id":11154,"date":"2022-08-11T15:12:40","date_gmt":"2022-08-11T13:12:40","guid":{"rendered":"https:\/\/strangercam.com\/?page_id=11154"},"modified":"2023-08-21T12:24:41","modified_gmt":"2023-08-21T10:24:41","slug":"chatride","status":"publish","type":"page","link":"https:\/\/strangercam.com\/sv\/chatride\/","title":{"rendered":"Chatride"},"content":{"rendered":"<p>Slumpm\u00e4ssig video <a href=\"https:\/\/strangercam.com\/sv\/chatroulette\/\">chatt<\/a> \u00e4r den nya trenden, och Chatride \u00e4r en av de mest popul\u00e4ra slumpm\u00e4ssiga videochattplattformarna. Om du vill veta alla detaljer om Chatride forts\u00e4tt att l\u00e4sa, H\u00e4r i den h\u00e4r artikeln kommer vi att t\u00e4cka alla detaljer som du beh\u00f6ver veta innan du anv\u00e4nder den h\u00e4r plattformen.<\/p>\n<h2>Vad \u00e4r chatride?<\/h2>\n<p>Chatride \u00e4r ett nytt s\u00e4tt att chatta med v\u00e4nner och familj. Det \u00e4r ett bra s\u00e4tt att h\u00e5lla kontakten med n\u00e4ra och k\u00e4ra, oavsett om du \u00e4r n\u00e4ra eller l\u00e5ngt borta. Du kan anv\u00e4nda Chatride f\u00f6r att chatta med vem som helst i v\u00e4rlden, s\u00e5 l\u00e4nge de har en internetanslutning. Allt du beh\u00f6ver \u00e4r en webbl\u00e4sare och ett konto hos Chatride.N\u00e4r du \u00e4r inloggad kan du b\u00f6rja chatta direkt. Skriv bara in ditt meddelande och tryck p\u00e5 skicka. Ditt meddelande kommer att visas i chattf\u00f6nstret s\u00e5 att alla kan se det. Du kan ocks\u00e5 l\u00e4gga till v\u00e4nner och familj i din chatt s\u00e5 att de kan delta i konversationen. S\u00e5 vad v\u00e4ntar du p\u00e5? B\u00f6rja chatta med dina n\u00e4ra och k\u00e4ra redan idag!<\/p>\n<h2>Vilka \u00e4r f\u00f6rdelarna med chatride?<\/h2>\n<p>Vissa f\u00f6rdelar med Chatride inkluderar:<\/p>\n<ul>\n<li style=\"font-weight: 400;\" aria-level=\"1\">Det \u00e4r ett bra s\u00e4tt att <a href=\"https:\/\/strangercam.com\/sv\/coomeet\/\">tr\u00e4ffas<\/a> nya m\u00e4nniskor fr\u00e5n hela v\u00e4rlden.<\/li>\n<li style=\"font-weight: 400;\" aria-level=\"1\">Du kan l\u00e4ra dig mer om olika kulturer och livsstilar.<\/li>\n<li style=\"font-weight: 400;\" aria-level=\"1\">Du kan \u00f6va dina spr\u00e5kkunskaper med personer som har spr\u00e5ket som modersm\u00e5l.<\/li>\n<li style=\"font-weight: 400;\" aria-level=\"1\">Det \u00e4r ett roligt och enkelt s\u00e4tt att f\u00e5 nya v\u00e4nner.<\/li>\n<\/ul>\n<h2>Hur anv\u00e4nder man chatride?<\/h2>\n<p>Chatride \u00e4r ett nytt och revolutionerande s\u00e4tt att chatta med slumpm\u00e4ssiga m\u00e4nniskor \u00f6ver hela v\u00e4rlden. H\u00e4r \u00e4r en snabbguide om hur du anv\u00e4nder Chatride:<\/p>\n<ul>\n<li style=\"font-weight: 400;\" aria-level=\"1\">F\u00f6rst laddar du ner appen fr\u00e5n din appbutik (finns f\u00f6r b\u00e5de iPhone och Android).<\/li>\n<li style=\"font-weight: 400;\" aria-level=\"1\">N\u00e4r du har installerat appen \u00f6ppnar du den och skapar ett konto. Du m\u00e5ste ange ditt namn, din e-postadress och ett l\u00f6senord.<\/li>\n<li style=\"font-weight: 400;\" aria-level=\"1\">N\u00e4r du har loggat in kan du b\u00f6rja chatta med slumpm\u00e4ssiga personer. Chatride kommer att hitta din b\u00e4sta matchning baserat p\u00e5<\/li>\n<\/ul>\n<h2>Tips f\u00f6r att komma ig\u00e5ng med chatride?<\/h2>\n<p>H\u00e4r \u00e4r n\u00e5gra tips f\u00f6r att komma ig\u00e5ng:<\/p>\n<ol>\n<li style=\"font-weight: 400;\" aria-level=\"1\">Anv\u00e4nd s\u00f6kf\u00e4ltet: S\u00f6kf\u00e4ltet \u00e4r din b\u00e4sta v\u00e4n p\u00e5 Chatride. Du kan anv\u00e4nda den f\u00f6r att hitta personer med liknande intressen som du, eller f\u00f6r att hitta \u00e4mnen som du \u00e4r intresserad av.<\/li>\n<li style=\"font-weight: 400;\" aria-level=\"1\">Ta kontakt med m\u00e4nniskor: Chatride handlar om att ta kontakt med m\u00e4nniskor. s\u00e5 var inte blyg, str\u00e4ck ut handen och b\u00f6rja chatta med n\u00e5gon. Du vet aldrig vem du kommer att tr\u00e4ffa!<\/li>\n<li style=\"font-weight: 400;\" aria-level=\"1\">Join grupper: Grupper \u00e4r ett bra s\u00e4tt att tr\u00e4ffa nya m\u00e4nniskor och hitta likasinnade. Om det finns en grupp som intresserar dig, g\u00e5 med i den och b\u00f6rja chatta!<\/li>\n<li style=\"font-weight: 400;\" aria-level=\"1\">Anv\u00e4nd chattrummen: Chattrummen p\u00e5 Chatride \u00e4r fantastiska st\u00e4llen att tr\u00e4ffa nya m\u00e4nniskor och ha roliga konversationer. S\u00e5 forts\u00e4tt och dyk in!<\/li>\n<li style=\"font-weight: 400;\" aria-level=\"1\">Ha roligt! Det h\u00e4r \u00e4r det viktigaste tipset av alla.<\/li>\n<\/ol>\n<h2>F\u00f6r- och nackdelar med chatride<\/h2>\n<h4>F\u00f6rdelar:<\/h4>\n<ul>\n<li style=\"font-weight: 400;\" aria-level=\"1\">Gratis att ladda ner och anv\u00e4nda<\/li>\n<li style=\"font-weight: 400;\" aria-level=\"1\">Kan f\u00e5 kontakt med m\u00e4nniskor fr\u00e5n hela v\u00e4rlden<\/li>\n<li style=\"font-weight: 400;\" aria-level=\"1\">Video- och ljudkvaliteten \u00e4r bra<\/li>\n<li style=\"font-weight: 400;\" aria-level=\"1\">Har en m\u00e4ngd olika funktioner, t.ex. text, r\u00f6st och <a href=\"https:\/\/strangercam.com\/sv\/amerikanskt-slumpmassigt-videosamtal\/\">videosamtal<\/a>, gruppchatt, etc.<\/li>\n<\/ul>\n<h4>Nackdelar:<\/h4>\n<ol>\n<li style=\"font-weight: 400;\" aria-level=\"1\">Appen kan vara kr\u00e5nglig ibland<\/li>\n<li style=\"font-weight: 400;\" aria-level=\"1\">Anslutningen kan l\u00e4tt tappas bort<\/li>\n<\/ol>\n<h2>Chatride j\u00e4mf\u00f6rt med andra kommunikationsplattformar<\/h2>\n<p>Det finns m\u00e5nga kommunikationsplattformar d\u00e4r ute, men Chatride \u00e4r definitivt en av de b\u00e4sta. H\u00e4r \u00e4r varf\u00f6r:<\/p>\n<ul>\n<li style=\"font-weight: 400;\" aria-level=\"1\">Chatride \u00e4r otroligt anv\u00e4ndarv\u00e4nlig. Du beh\u00f6ver inte vara en teknisk expert f\u00f6r att anv\u00e4nda den - vem som helst kan plocka upp den och b\u00f6rja chatta inom n\u00e5gra minuter.<\/li>\n<li style=\"font-weight: 400;\" aria-level=\"1\">Chatride \u00e4r helt gratis att anv\u00e4nda. Det finns inga dolda kostnader eller prenumerationsavgifter - du kan chatta s\u00e5 mycket du vill utan att oroa dig f\u00f6r din pl\u00e5nbok.<\/li>\n<li style=\"font-weight: 400;\" aria-level=\"1\">Chatride \u00e4r extremt snabb och p\u00e5litlig. Du beh\u00f6ver aldrig oroa dig f\u00f6r f\u00f6rdr\u00f6jning eller anslutningsproblem n\u00e4r du anv\u00e4nder Chatride.<\/li>\n<li style=\"font-weight: 400;\" aria-level=\"1\">Chatride erbjuder ett stort urval av funktioner och alternativ. Oavsett om du letar efter gruppchatt eller privata meddelanden, har Chatride dig t\u00e4ckt.<\/li>\n<li style=\"font-weight: 400;\" aria-level=\"1\">Chatride uppdateras st\u00e4ndigt med nya funktioner och f\u00f6rb\u00e4ttringar. Teamet bakom Chatride arbetar alltid h\u00e5rt f\u00f6r att se till att plattformen \u00e4r den b\u00e4sta den kan vara.<\/li>\n<\/ul>\n<p>Om du letar efter en kommunikationsplattform som uppfyller alla krav, beh\u00f6ver du inte leta l\u00e4ngre \u00e4n till Chatride!<\/p>\n<h2>Varf\u00f6r Chatride \u00e4r s\u00e5 popul\u00e4r slumpm\u00e4ssig videochattplattform?<\/h2>\n<p>Det finns m\u00e5nga anledningar till varf\u00f6r Chatride \u00e4r en s\u00e5 popul\u00e4r slumpm\u00e4ssig videochattplattform. F\u00f6r det f\u00f6rsta \u00e4r det helt gratis att anv\u00e4nda. Du beh\u00f6ver inte registrera dig f\u00f6r ett konto eller betala n\u00e5gra avgifter f\u00f6r att b\u00f6rja chatta.<\/p>\n<p>En annan anledning \u00e4r att Chatride \u00e4r otroligt l\u00e4tt att anv\u00e4nda. Allt du beh\u00f6ver g\u00f6ra \u00e4r att g\u00e5 till webbplatsen och klicka p\u00e5 knappen \u201cb\u00f6rja chatta\u201d. Du kommer omedelbart att anslutas till en slumpm\u00e4ssig fr\u00e4mling fr\u00e5n var som helst i v\u00e4rlden.<\/p>\n<p>Chattgr\u00e4nssnittet \u00e4r ocks\u00e5 mycket anv\u00e4ndarv\u00e4nligt. Det \u00e4r enkelt att skriva meddelanden eller till och med skicka emojis och klisterm\u00e4rken. Om du vill se personen du pratar med kan du aktivera webbkamerafunktionen med bara n\u00e5gra klick.<\/p>\n<p>Slutligen \u00e4r Chatride en av de mest popul\u00e4ra slumpm\u00e4ssiga chattplattformarna eftersom den erbjuder ett stort utbud av funktioner. F\u00f6rutom text och <a href=\"https:\/\/strangercam.com\/sv\/rabbit-video-chat\/\">videochatt<\/a>, kan du ocks\u00e5 spela spel, dela foton och till och med anv\u00e4nda r\u00f6stchatt. Det finns n\u00e5got f\u00f6r alla p\u00e5 Chatride!<\/p>\n<h2>\u00c4r det s\u00e4kert att anv\u00e4nda?<\/h2>\n<p>N\u00e4r det g\u00e4ller chatt online vill du se till att du anv\u00e4nder en trygg och s\u00e4ker plattform. Chatride \u00e4r ett utm\u00e4rkt alternativ f\u00f6r dem som letar efter ett s\u00e4kert och s\u00e4kert s\u00e4tt att chatta online. Webbplatsen anv\u00e4nder SSL-kryptering f\u00f6r att skydda din information, och alla chattrum modereras av personal. Du kan ocks\u00e5 skapa en personlig profil s\u00e5 att bara personer du k\u00e4nner kan kontakta dig.<\/p>\n<h2>Hur kan man vara s\u00e4ker n\u00e4r man anv\u00e4nder en slumpm\u00e4ssig videochattplattform?<\/h2>\n<p>De flesta <a href=\"https:\/\/strangercam.com\/sv\/chathub\/\">slumpm\u00e4ssig videochatt<\/a> plattformar \u00e4r s\u00e4kra att anv\u00e4nda. Det finns dock n\u00e5gra saker du kan g\u00f6ra f\u00f6r att garantera din s\u00e4kerhet n\u00e4r du anv\u00e4nder dessa plattformar. H\u00e4r \u00e4r n\u00e5gra tips:<\/p>\n<ul>\n<li style=\"font-weight: 400;\" aria-level=\"1\">Undvik att dela personlig information med n\u00e5gon som du tr\u00e4ffar p\u00e5 en slumpm\u00e4ssig videochattplattform. Detta inkluderar ditt fullst\u00e4ndiga namn, adress, telefonnummer, e-postadress etc.<\/li>\n<li style=\"font-weight: 400;\" aria-level=\"1\">Om n\u00e5gon du tr\u00e4ffar p\u00e5 en slumpm\u00e4ssig videochattplattform ber om personlig information ska du inte ge dem den.<\/li>\n<li style=\"font-weight: 400;\" aria-level=\"1\">Tr\u00e4ffa inte n\u00e5gon som du tr\u00e4ffar p\u00e5 en slumpm\u00e4ssig videochattplattform personligen.<\/li>\n<li style=\"font-weight: 400;\" aria-level=\"1\">Skicka inga pengar till n\u00e5gon som du tr\u00e4ffar p\u00e5 en slumpm\u00e4ssig videochattplattform.<\/li>\n<li style=\"font-weight: 400;\" aria-level=\"1\">Om n\u00e5gon du tr\u00e4ffar p\u00e5 en slumpm\u00e4ssig videochattplattform ber om pengar ska du inte ge dem till dem.<\/li>\n<\/ul>\n<h2>Slutsats<\/h2>\n<p>Sammantaget \u00e4r Chatride ett bra s\u00e4tt att h\u00e5lla kontakten med v\u00e4nner och familj \u00f6ver hela v\u00e4rlden. Det b\u00e4sta med det \u00e4r att det \u00e4r gratis att anv\u00e4nda, s\u00e5 du beh\u00f6ver inte oroa dig f\u00f6r att spendera n\u00e5gra pengar. Du kan ocks\u00e5 skapa gruppchattar s\u00e5 att du kan h\u00e5lla kontakten med flera personer samtidigt. S\u00e5 vad v\u00e4ntar du p\u00e5? G\u00e5 vidare och ladda ner Chatride idag!<\/p>","protected":false},"excerpt":{"rendered":"<p>Random video chat is the new trend, and Chatride is one of the most popular random video chatting platform. If you want to know all the details about Chatride keep on reading, Here in this article we are going to cover the all details which you need to know before using this platform. What is [&hellip;]<\/p>\n","protected":false},"author":6,"featured_media":559,"parent":0,"menu_order":0,"comment_status":"closed","ping_status":"closed","template":"","meta":{"footnotes":""},"class_list":["post-11154","page","type-page","status-publish","has-post-thumbnail","hentry"],"yoast_head":"<!-- This site is optimized with the Yoast SEO plugin v26.9 - https:\/\/yoast.com\/product\/yoast-seo-wordpress\/ -->\n<title>Chatride - Chat with strangers on StrangerCam.com<\/title>\n<meta name=\"description\" content=\"Like Chatride? Come chat with more than 5.000.000 strangers on Stranger Cam for Free! Turn on your cam and find new friends &amp; maby a match!\" \/>\n<meta name=\"robots\" content=\"index, follow, max-snippet:-1, max-image-preview:large, max-video-preview:-1\" \/>\n<link rel=\"canonical\" href=\"https:\/\/strangercam.com\/sv\/chatride\/\" \/>\n<meta property=\"og:locale\" content=\"sv_SE\" \/>\n<meta property=\"og:type\" content=\"article\" \/>\n<meta property=\"og:title\" content=\"Chatride - Chat with strangers on StrangerCam.com\" \/>\n<meta property=\"og:description\" content=\"Like Chatride? Come chat with more than 5.000.000 strangers on Stranger Cam for Free! Turn on your cam and find new friends &amp; maby a match!\" \/>\n<meta property=\"og:url\" content=\"https:\/\/strangercam.com\/sv\/chatride\/\" \/>\n<meta property=\"og:site_name\" content=\"Strangercam\" \/>\n<meta property=\"article:publisher\" content=\"https:\/\/www.facebook.com\/strangercam\" \/>\n<meta property=\"article:modified_time\" content=\"2023-08-21T10:24:41+00:00\" \/>\n<meta property=\"og:image\" content=\"https:\/\/strangercam.com\/wp-content\/uploads\/2020\/11\/stranger-cam-1.png\" \/>\n\t<meta property=\"og:image:width\" content=\"800\" \/>\n\t<meta property=\"og:image:height\" content=\"800\" \/>\n\t<meta property=\"og:image:type\" content=\"image\/png\" \/>\n<meta name=\"twitter:card\" content=\"summary_large_image\" \/>\n<meta name=\"twitter:site\" content=\"@strangercamapp\" \/>\n<meta name=\"twitter:label1\" content=\"Ber\u00e4knad l\u00e4stid\" \/>\n\t<meta name=\"twitter:data1\" content=\"5 minuter\" \/>\n<script type=\"application\/ld+json\" class=\"yoast-schema-graph\">{\"@context\":\"https:\/\/schema.org\",\"@graph\":[{\"@type\":\"WebPage\",\"@id\":\"https:\/\/strangercam.com\/chatride\/\",\"url\":\"https:\/\/strangercam.com\/chatride\/\",\"name\":\"Chatride - Chat with strangers on StrangerCam.com\",\"isPartOf\":{\"@id\":\"https:\/\/strangercam.com\/#website\"},\"primaryImageOfPage\":{\"@id\":\"https:\/\/strangercam.com\/chatride\/#primaryimage\"},\"image\":{\"@id\":\"https:\/\/strangercam.com\/chatride\/#primaryimage\"},\"thumbnailUrl\":\"https:\/\/strangercam.com\/wp-content\/uploads\/2020\/11\/stranger-cam-1.png\",\"datePublished\":\"2022-08-11T13:12:40+00:00\",\"dateModified\":\"2023-08-21T10:24:41+00:00\",\"description\":\"Like Chatride? Come chat with more than 5.000.000 strangers on Stranger Cam for Free! Turn on your cam and find new friends & maby a match!\",\"breadcrumb\":{\"@id\":\"https:\/\/strangercam.com\/chatride\/#breadcrumb\"},\"inLanguage\":\"sv-SE\",\"potentialAction\":[{\"@type\":\"ReadAction\",\"target\":[\"https:\/\/strangercam.com\/chatride\/\"]}]},{\"@type\":\"ImageObject\",\"inLanguage\":\"sv-SE\",\"@id\":\"https:\/\/strangercam.com\/chatride\/#primaryimage\",\"url\":\"https:\/\/strangercam.com\/wp-content\/uploads\/2020\/11\/stranger-cam-1.png\",\"contentUrl\":\"https:\/\/strangercam.com\/wp-content\/uploads\/2020\/11\/stranger-cam-1.png\",\"width\":800,\"height\":800,\"caption\":\"stranger cam random video chat\"},{\"@type\":\"BreadcrumbList\",\"@id\":\"https:\/\/strangercam.com\/chatride\/#breadcrumb\",\"itemListElement\":[{\"@type\":\"ListItem\",\"position\":1,\"name\":\"Home\",\"item\":\"https:\/\/strangercam.com\/\"},{\"@type\":\"ListItem\",\"position\":2,\"name\":\"Chatride\"}]},{\"@type\":\"WebSite\",\"@id\":\"https:\/\/strangercam.com\/#website\",\"url\":\"https:\/\/strangercam.com\/\",\"name\":\"Strangercam\",\"description\":\"Random Video Chat with Strangers\",\"publisher\":{\"@id\":\"https:\/\/strangercam.com\/#organization\"},\"alternateName\":\"Strangercam.com\",\"potentialAction\":[{\"@type\":\"SearchAction\",\"target\":{\"@type\":\"EntryPoint\",\"urlTemplate\":\"https:\/\/strangercam.com\/?s={search_term_string}\"},\"query-input\":{\"@type\":\"PropertyValueSpecification\",\"valueRequired\":true,\"valueName\":\"search_term_string\"}}],\"inLanguage\":\"sv-SE\"},{\"@type\":\"Organization\",\"@id\":\"https:\/\/strangercam.com\/#organization\",\"name\":\"Strangercam\",\"alternateName\":\"Strangercam.com\",\"url\":\"https:\/\/strangercam.com\/\",\"logo\":{\"@type\":\"ImageObject\",\"inLanguage\":\"sv-SE\",\"@id\":\"https:\/\/strangercam.com\/#\/schema\/logo\/image\/\",\"url\":\"https:\/\/strangercam.com\/wp-content\/uploads\/2020\/11\/cropped-new-favicon-black.png\",\"contentUrl\":\"https:\/\/strangercam.com\/wp-content\/uploads\/2020\/11\/cropped-new-favicon-black.png\",\"width\":512,\"height\":512,\"caption\":\"Strangercam\"},\"image\":{\"@id\":\"https:\/\/strangercam.com\/#\/schema\/logo\/image\/\"},\"sameAs\":[\"https:\/\/www.facebook.com\/strangercam\",\"https:\/\/x.com\/strangercamapp\"]}]}<\/script>\n<!-- \/ Yoast SEO plugin. -->","yoast_head_json":{"title":"Chatride - Chatta med fr\u00e4mlingar p\u00e5 StrangerCam.com","description":"Gillar du Chatride? Kom och chatta med mer \u00e4n 5.000.000 fr\u00e4mlingar p\u00e5 Stranger Cam helt gratis! Sl\u00e5 p\u00e5 din kamera och hitta nya v\u00e4nner och kanske en match!","robots":{"index":"index","follow":"follow","max-snippet":"max-snippet:-1","max-image-preview":"max-image-preview:large","max-video-preview":"max-video-preview:-1"},"canonical":"https:\/\/strangercam.com\/sv\/chatride\/","og_locale":"sv_SE","og_type":"article","og_title":"Chatride - Chat with strangers on StrangerCam.com","og_description":"Like Chatride? Come chat with more than 5.000.000 strangers on Stranger Cam for Free! Turn on your cam and find new friends & maby a match!","og_url":"https:\/\/strangercam.com\/sv\/chatride\/","og_site_name":"Strangercam","article_publisher":"https:\/\/www.facebook.com\/strangercam","article_modified_time":"2023-08-21T10:24:41+00:00","og_image":[{"width":800,"height":800,"url":"https:\/\/strangercam.com\/wp-content\/uploads\/2020\/11\/stranger-cam-1.png","type":"image\/png"}],"twitter_card":"summary_large_image","twitter_site":"@strangercamapp","twitter_misc":{"Ber\u00e4knad l\u00e4stid":"5 minuter"},"schema":{"@context":"https:\/\/schema.org","@graph":[{"@type":"WebPage","@id":"https:\/\/strangercam.com\/chatride\/","url":"https:\/\/strangercam.com\/chatride\/","name":"Chatride - Chatta med fr\u00e4mlingar p\u00e5 StrangerCam.com","isPartOf":{"@id":"https:\/\/strangercam.com\/#website"},"primaryImageOfPage":{"@id":"https:\/\/strangercam.com\/chatride\/#primaryimage"},"image":{"@id":"https:\/\/strangercam.com\/chatride\/#primaryimage"},"thumbnailUrl":"https:\/\/strangercam.com\/wp-content\/uploads\/2020\/11\/stranger-cam-1.png","datePublished":"2022-08-11T13:12:40+00:00","dateModified":"2023-08-21T10:24:41+00:00","description":"Gillar du Chatride? Kom och chatta med mer \u00e4n 5.000.000 fr\u00e4mlingar p\u00e5 Stranger Cam helt gratis! Sl\u00e5 p\u00e5 din kamera och hitta nya v\u00e4nner och kanske en match!","breadcrumb":{"@id":"https:\/\/strangercam.com\/chatride\/#breadcrumb"},"inLanguage":"sv-SE","potentialAction":[{"@type":"ReadAction","target":["https:\/\/strangercam.com\/chatride\/"]}]},{"@type":"ImageObject","inLanguage":"sv-SE","@id":"https:\/\/strangercam.com\/chatride\/#primaryimage","url":"https:\/\/strangercam.com\/wp-content\/uploads\/2020\/11\/stranger-cam-1.png","contentUrl":"https:\/\/strangercam.com\/wp-content\/uploads\/2020\/11\/stranger-cam-1.png","width":800,"height":800,"caption":"stranger cam random video chat"},{"@type":"BreadcrumbList","@id":"https:\/\/strangercam.com\/chatride\/#breadcrumb","itemListElement":[{"@type":"ListItem","position":1,"name":"Home","item":"https:\/\/strangercam.com\/"},{"@type":"ListItem","position":2,"name":"Chatride"}]},{"@type":"WebSite","@id":"https:\/\/strangercam.com\/#website","url":"https:\/\/strangercam.com\/","name":"Strangercam","description":"Slumpm\u00e4ssig videochatt med fr\u00e4mlingar","publisher":{"@id":"https:\/\/strangercam.com\/#organization"},"alternateName":"Strangercam.com","potentialAction":[{"@type":"SearchAction","target":{"@type":"EntryPoint","urlTemplate":"https:\/\/strangercam.com\/?s={search_term_string}"},"query-input":{"@type":"PropertyValueSpecification","valueRequired":true,"valueName":"search_term_string"}}],"inLanguage":"sv-SE"},{"@type":"Organization","@id":"https:\/\/strangercam.com\/#organization","name":"Strangercam","alternateName":"Strangercam.com","url":"https:\/\/strangercam.com\/","logo":{"@type":"ImageObject","inLanguage":"sv-SE","@id":"https:\/\/strangercam.com\/#\/schema\/logo\/image\/","url":"https:\/\/strangercam.com\/wp-content\/uploads\/2020\/11\/cropped-new-favicon-black.png","contentUrl":"https:\/\/strangercam.com\/wp-content\/uploads\/2020\/11\/cropped-new-favicon-black.png","width":512,"height":512,"caption":"Strangercam"},"image":{"@id":"https:\/\/strangercam.com\/#\/schema\/logo\/image\/"},"sameAs":["https:\/\/www.facebook.com\/strangercam","https:\/\/x.com\/strangercamapp"]}]}},"_links":{"self":[{"href":"https:\/\/strangercam.com\/sv\/wp-json\/wp\/v2\/pages\/11154","targetHints":{"allow":["GET"]}}],"collection":[{"href":"https:\/\/strangercam.com\/sv\/wp-json\/wp\/v2\/pages"}],"about":[{"href":"https:\/\/strangercam.com\/sv\/wp-json\/wp\/v2\/types\/page"}],"author":[{"embeddable":true,"href":"https:\/\/strangercam.com\/sv\/wp-json\/wp\/v2\/users\/6"}],"replies":[{"embeddable":true,"href":"https:\/\/strangercam.com\/sv\/wp-json\/wp\/v2\/comments?post=11154"}],"version-history":[{"count":0,"href":"https:\/\/strangercam.com\/sv\/wp-json\/wp\/v2\/pages\/11154\/revisions"}],"wp:featuredmedia":[{"embeddable":true,"href":"https:\/\/strangercam.com\/sv\/wp-json\/wp\/v2\/media\/559"}],"wp:attachment":[{"href":"https:\/\/strangercam.com\/sv\/wp-json\/wp\/v2\/media?parent=11154"}],"curies":[{"name":"wp","href":"https:\/\/api.w.org\/{rel}","templated":true}]}}