{"id":11142,"date":"2022-08-11T15:06:21","date_gmt":"2022-08-11T13:06:21","guid":{"rendered":"https:\/\/strangercam.com\/?page_id=11142"},"modified":"2023-08-21T11:40:39","modified_gmt":"2023-08-21T09:40:39","slug":"camki","status":"publish","type":"page","link":"https:\/\/strangercam.com\/sv\/camki\/","title":{"rendered":"Camki"},"content":{"rendered":"<p>Det finns m\u00e5nga onlinechattplattformar tillg\u00e4ngliga idag. Bland dem \u00e4r Camki en p\u00e5litlig onlinechattplattform som erbjuder olika funktioner till sina anv\u00e4ndare. N\u00e5gra av dessa funktioner inkluderar st\u00f6d f\u00f6r ljud- och videosamtal, snabbmeddelanden, fildelning etc.<\/p>\n<h2>Vad \u00e4r Camki?<\/h2>\n<p>Camki \u00e4r en ny online chattplattform som har vunnit popularitet p\u00e5 senare tid. Det \u00e4r en p\u00e5litlig och anv\u00e4ndarv\u00e4nlig plattform som erbjuder m\u00e5nga funktioner till sina anv\u00e4ndare. Camki \u00e4r ett bra st\u00e4lle att f\u00e5 kontakt med v\u00e4nner och familjemedlemmar, s\u00e5v\u00e4l som <a href=\"https:\/\/strangercam.com\/sv\/coomeet\/\">tr\u00e4ffas<\/a> nya m\u00e4nniskor fr\u00e5n hela v\u00e4rlden. Plattformen \u00e4r ocks\u00e5 perfekt f\u00f6r f\u00f6retag, eftersom den g\u00f6r det m\u00f6jligt f\u00f6r dem att kommunicera med kunder och klienter i realtid.<\/p>\n<h2>Hur anv\u00e4nder man Camki?<\/h2>\n<p>Om du letar efter en p\u00e5litlig plattform f\u00f6r onlinechatt \u00e4r Camki det perfekta valet. Camki \u00e4r l\u00e4tt att anv\u00e4nda och erbjuder en m\u00e4ngd olika funktioner som g\u00f6r det till ett utm\u00e4rkt val f\u00f6r onlinechatt. H\u00e4r \u00e4r n\u00e5gra tips om hur du anv\u00e4nder Camki:<\/p>\n<ul>\n<li style=\"font-weight: 400;\" aria-level=\"1\">F\u00f6r att b\u00f6rja anv\u00e4nda Camki, registrera dig f\u00f6r ett gratis konto. Du m\u00e5ste ange ditt namn, din e-postadress och skapa ett l\u00f6senord.<\/li>\n<li style=\"font-weight: 400;\" aria-level=\"1\">N\u00e4r du har skapat ditt konto loggar du in och klickar p\u00e5 knappen \"Skapa ett rum\".<\/li>\n<li style=\"font-weight: 400;\" aria-level=\"1\">Ange ett rumsnamn och l\u00f6senord (valfritt).<\/li>\n<li style=\"font-weight: 400;\" aria-level=\"1\">F\u00f6r att b\u00f6rja chatta klickar du p\u00e5 knappen \u201cStarta chatt\u201d. Du kan ocks\u00e5 anv\u00e4nda webbappenCamki f\u00f6r att <a href=\"https:\/\/strangercam.com\/sv\/chathub\/\">chatt<\/a> med slumpm\u00e4ssiga fr\u00e4mlingar.<\/li>\n<\/ul>\n<h2>F\u00f6rdelarna med att anv\u00e4nda Camki<\/h2>\n<p>Det finns m\u00e5nga f\u00f6rdelar med att anv\u00e4nda Camki som din online chattplattform. H\u00e4r \u00e4r bara n\u00e5gra av anledningarna till varf\u00f6r Camki \u00e4r det b\u00e4sta valet f\u00f6r dig:<\/p>\n<ol>\n<li style=\"font-weight: 400;\" aria-level=\"1\">Camki \u00e4r otroligt anv\u00e4ndarv\u00e4nligt och enkelt att anv\u00e4nda. Du beh\u00f6ver inga speciella tekniska f\u00e4rdigheter f\u00f6r att komma ig\u00e5ng - logga bara in och b\u00f6rja chatta!<\/li>\n<li style=\"font-weight: 400;\" aria-level=\"1\">Camki \u00e4r helt s\u00e4kert och konfidentiellt. Alla dina konversationer \u00e4r privata och kommer aldrig att delas med n\u00e5gon annan.<\/li>\n<li style=\"font-weight: 400;\" aria-level=\"1\">Camki \u00e4r helt gratis att anv\u00e4nda. Det finns inga dolda kostnader eller avgifter - du kan chatta s\u00e5 l\u00e4nge du vill utan att spendera ett \u00f6re.<\/li>\n<li style=\"font-weight: 400;\" aria-level=\"1\">Camki erbjuder ett stort urval av funktioner och alternativ, s\u00e5 att du kan anpassa din chattupplevelse efter dina behov. Du kan v\u00e4lja mellan en m\u00e4ngd olika avatarer, bakgrunder och teckensnitt och till och med l\u00e4gga till specialeffekter i dina chattar.<\/li>\n<li style=\"font-weight: 400;\" aria-level=\"1\">Camki expanderar och f\u00f6rb\u00e4ttras hela tiden. Vi l\u00e4gger st\u00e4ndigt till nya funktioner och g\u00f6r f\u00f6rb\u00e4ttringar baserat p\u00e5 feedback fr\u00e5n v\u00e5ra anv\u00e4ndare. S\u00e5 du kan vara s\u00e4ker p\u00e5 att Camki alltid kommer att ge b\u00e4sta m\u00f6jliga chattupplevelse.<\/li>\n<\/ol>\n<h2>Nackdelarna med att anv\u00e4nda Camki<\/h2>\n<p>Det finns n\u00e5gra nackdelar med att anv\u00e4nda Camki som anv\u00e4ndare b\u00f6r vara medvetna om. F\u00f6r det f\u00f6rsta \u00e4r plattformen inte lika s\u00e4ker som n\u00e5gra av de andra alternativen d\u00e4r ute. Detta inneb\u00e4r att dina konversationer kan vara s\u00e5rbara f\u00f6r att bli hackade eller avlyssnade. Dessutom har Camki inte m\u00e5nga funktioner j\u00e4mf\u00f6rt med andra plattformar, s\u00e5 du kan hitta dig sj\u00e4lv begr\u00e4nsad i vad du kan g\u00f6ra.<\/p>\n<h2>Betydelsefulla egenskaper hos Camki<\/h2>\n<p>Om du letar efter en p\u00e5litlig chattplattform online \u00e4r Camki det perfekta valet. Det erbjuder en m\u00e4ngd olika funktioner som g\u00f6r att den sticker ut fr\u00e5n andra chattplattformar. H\u00e4r \u00e4r n\u00e5gra av de viktigaste funktionerna i Camki:<\/p>\n<ul>\n<li style=\"font-weight: 400;\" aria-level=\"1\">Camki \u00e4r otroligt anv\u00e4ndarv\u00e4nlig och enkel att anv\u00e4nda. \u00c4ven om du inte \u00e4r bekant med chattplattformar kommer du att kunna r\u00e4kna ut hur du anv\u00e4nder Camki inom n\u00e5gra minuter.<\/li>\n<li style=\"font-weight: 400;\" aria-level=\"1\">Camki erbjuder en h\u00f6g niv\u00e5 av s\u00e4kerhet och integritet. Alla dina konversationer och chattar \u00e4r skyddade och ingen kommer att kunna komma \u00e5t dem om du inte ger dem till\u00e5telse.<\/li>\n<li style=\"font-weight: 400;\" aria-level=\"1\">Camki \u00e4r en fantastisk plattform f\u00f6r n\u00e4tverkande och f\u00f6r att tr\u00e4ffa nya m\u00e4nniskor. Du kan hitta personer med liknande intressen som du och enkelt f\u00e5 kontakt med dem.<\/li>\n<li style=\"font-weight: 400;\" aria-level=\"1\">Camki erbjuder ocks\u00e5 en m\u00e4ngd olika funktioner som g\u00f6r att du kan anpassa din chattupplevelse. Du kan t.ex. \u00e4ndra teckenstorlek, f\u00e4rg och bakgrund i chattf\u00f6nstret f\u00f6r att g\u00f6ra det mer personligt.<\/li>\n<\/ul>\n<p>Om du letar efter en p\u00e5litlig och funktionsrik plattform f\u00f6r onlinechatt \u00e4r Camki det perfekta valet!<\/p>\n<h2>Hur f\u00e5r man ut s\u00e5 mycket som m\u00f6jligt av Camki?<\/h2>\n<p>Om du letar efter en p\u00e5litlig chattplattform online \u00e4r Camki definitivt v\u00e4rt att kolla in. Med sitt l\u00e4ttanv\u00e4nda gr\u00e4nssnitt och breda utbud av funktioner g\u00f6r Camki det enkelt att h\u00e5lla kontakten med v\u00e4nner och familjemedlemmar oavsett var de befinner sig i v\u00e4rlden. H\u00e4r \u00e4r n\u00e5gra tips om hur du f\u00e5r ut det mesta av Camki:<\/p>\n<ol>\n<li style=\"font-weight: 400;\" aria-level=\"1\">Anv\u00e4nd s\u00f6kfunktionen f\u00f6r att hitta personer som du k\u00e4nner eller vill tr\u00e4ffa. Du kan s\u00f6ka efter personer via deras anv\u00e4ndarnamn, e-postadress eller till och med via deras plats.<\/li>\n<li style=\"font-weight: 400;\" aria-level=\"1\">N\u00e4r du har hittat n\u00e5gon som du vill chatta med klickar du bara p\u00e5 deras namn och b\u00f6rjar chatta. Camki l\u00e5ter dig ocks\u00e5 ringa videosamtal, s\u00e5 att du verkligen kan k\u00e4nna att du pratar ansikte mot ansikte oavsett var du befinner dig.<\/li>\n<li style=\"font-weight: 400;\" aria-level=\"1\">Gl\u00f6m inte att dra nytta av Camki:s andra funktioner, som gruppchatt och fildelning. Dessa kan vara praktiska n\u00e4r du arbetar p\u00e5 ett projekt med v\u00e4nner eller beh\u00f6ver dela en stor fil snabbt och enkelt.<\/li>\n<li style=\"font-weight: 400;\" aria-level=\"1\">Och sist men inte minst, ha roligt! Camki \u00e4r ett bra s\u00e4tt att h\u00e5lla kontakten med de m\u00e4nniskor du bryr dig om, s\u00e5 se till att ha kul n\u00e4r du anv\u00e4nder det<\/li>\n<\/ol>\n<h2>\u00c4r det s\u00e4kert att anv\u00e4nda?<\/h2>\n<p>N\u00e4r det g\u00e4ller chattplattformar online finns det alltid en fr\u00e5ga om s\u00e4kerhet. \u00c4r det s\u00e4kert att anv\u00e4nda Camki? Svaret p\u00e5 fr\u00e5gan \u00e4r ja! Camki \u00e4r en p\u00e5litlig chattplattform som tar s\u00e4kerhet och integritet p\u00e5 allvar. Alla chattar p\u00e5 Camki \u00e4r krypterade fr\u00e5n b\u00f6rjan till slut, vilket inneb\u00e4r att endast avs\u00e4ndaren och mottagaren kan l\u00e4sa meddelandena. Dessutom samlar Camki inte in eller lagrar n\u00e5gon anv\u00e4ndardata. S\u00e5 du kan vara s\u00e4ker p\u00e5 att dina konversationer \u00e4r privata och s\u00e4kra.<\/p>\n<h2>F\u00f6rebyggande \u00e5tg\u00e4rder vid anv\u00e4ndning av Camki<\/h2>\n<p>Vi vet alla hur viktigt det \u00e4r att vara f\u00f6rsiktig n\u00e4r man anv\u00e4nder sociala medier och andra onlineplattformar. Detsamma g\u00e4ller f\u00f6r Camki, en online chattplattform. H\u00e4r \u00e4r n\u00e5gra f\u00f6rebyggande \u00e5tg\u00e4rder som du b\u00f6r vidta n\u00e4r du anv\u00e4nder Camki:<\/p>\n<ol>\n<li style=\"font-weight: 400;\" aria-level=\"1\">Dela inte din personliga information med n\u00e5gon p\u00e5 Camki. Detta inkluderar ditt fullst\u00e4ndiga namn, adress, telefonnummer, e-postadress etc.<\/li>\n<li style=\"font-weight: 400;\" aria-level=\"1\">Var f\u00f6rsiktig med de l\u00e4nkar som du klickar p\u00e5 n\u00e4r du anv\u00e4nder Camki. Vissa l\u00e4nkar kan vara skadliga och kan leda dig till n\u00e4tfiskewebbplatser eller ladda ner skadlig kod p\u00e5 din enhet.<\/li>\n<li style=\"font-weight: 400;\" aria-level=\"1\">Delta inte i n\u00e5gon olaglig aktivitet p\u00e5 Camki. Detta inkluderar att dela upphovsr\u00e4ttsskyddat material eller delta i cybermobbning.<\/li>\n<li style=\"font-weight: 400;\" aria-level=\"1\">Om du st\u00f6ter p\u00e5 n\u00e5gon misst\u00e4nkt aktivitet p\u00e5 Camki, rapportera det omedelbart till plattformens administrat\u00f6rer.<\/li>\n<\/ol>\n<p>Genom att f\u00f6lja dessa enkla riktlinjer kan du s\u00e4kerst\u00e4lla en s\u00e4ker och trevlig upplevelse n\u00e4r du anv\u00e4nder Camki!<\/p>\n<h2>Alternativ till Camki<\/h2>\n<p>N\u00e4r det g\u00e4ller slumpm\u00e4ssiga videochattplattformar online \u00e4r Camki ett av de mest p\u00e5litliga alternativen d\u00e4r ute. Det finns dock andra plattformar tillg\u00e4ngliga som erbjuder liknande funktioner och funktionalitet. H\u00e4r \u00e4r n\u00e5gra alternativ till Camki som du kanske vill \u00f6verv\u00e4ga:<\/p>\n<p><a href=\"https:\/\/strangercam.com\/sv\/omegle\/\">Omegle<\/a>: Omegle \u00e4r en av de mest v\u00e4lk\u00e4nda slumpm\u00e4ssiga videochattplattformarna. Den erbjuder en m\u00e4ngd olika funktioner, inklusive text- och videochatt, och den \u00e4r tillg\u00e4nglig p\u00e5 en m\u00e4ngd olika enheter.<\/p>\n<p><a href=\"https:\/\/strangercam.com\/sv\/chatroulette\/\">Chatroulette<\/a>: Chatroulette \u00e4r en annan popul\u00e4r videochattplattform som l\u00e5ter dig f\u00e5 kontakt med m\u00e4nniskor fr\u00e5n hela v\u00e4rlden. Det erbjuder en m\u00e4ngd olika funktioner, inklusive m\u00f6jligheten att chatta med m\u00e4nniskor fr\u00e5n specifika l\u00e4nder.<\/p>\n<p><a href=\"https:\/\/strangercam.com\/sv\/bazoocam\/\">Bazoocam<\/a>: Bazoocam \u00e4r en annan slumpm\u00e4ssig videochattplattform som erbjuder en m\u00e4ngd olika funktioner, inklusive m\u00f6jligheten att chatta med m\u00e4nniskor fr\u00e5n specifika l\u00e4nder.<\/p>\n<h2>Slutsats<\/h2>\n<p>Vi hoppas att du gillade v\u00e5r artikel om Camki, en p\u00e5litlig chattplattform online. Oavsett om du letar efter ett nytt s\u00e4tt att kommunicera med dina v\u00e4nner eller om du bara \u00e4r nyfiken p\u00e5 vad Camki har att erbjuda, tror vi att du kommer att bli imponerad av dess funktioner. Om du har n\u00e5gra fr\u00e5gor eller kommentarer \u00e4r du v\u00e4lkommen att l\u00e4mna dem i avsnittet nedan.<\/p>","protected":false},"excerpt":{"rendered":"<p>There are many online chatting platforms available today. Among them, Camki is a reliable online chatting platform that offers various features to its users. Some of these features include audio and video call support, instant messaging, file sharing, etc. What is Camki? Camki is a new online chatting platform that has been gaining popularity lately. [&hellip;]<\/p>\n","protected":false},"author":6,"featured_media":559,"parent":0,"menu_order":0,"comment_status":"closed","ping_status":"closed","template":"","meta":{"footnotes":""},"class_list":["post-11142","page","type-page","status-publish","has-post-thumbnail","hentry"],"yoast_head":"<!-- This site is optimized with the Yoast SEO plugin v27.4 - https:\/\/yoast.com\/product\/yoast-seo-wordpress\/ -->\n<title>Camki - Chat with strangers on StrangerCam.com<\/title>\n<meta name=\"description\" content=\"Like Camki? Come chat with more than 5.000.000 strangers on Stranger Cam for Free! Turn on your cam and find new friends &amp; maby a match!\" \/>\n<meta name=\"robots\" content=\"index, follow, max-snippet:-1, max-image-preview:large, max-video-preview:-1\" \/>\n<link rel=\"canonical\" href=\"https:\/\/strangercam.com\/sv\/camki\/\" \/>\n<meta property=\"og:locale\" content=\"sv_SE\" \/>\n<meta property=\"og:type\" content=\"article\" \/>\n<meta property=\"og:title\" content=\"Camki - Chat with strangers on StrangerCam.com\" \/>\n<meta property=\"og:description\" content=\"Like Camki? Come chat with more than 5.000.000 strangers on Stranger Cam for Free! Turn on your cam and find new friends &amp; maby a match!\" \/>\n<meta property=\"og:url\" content=\"https:\/\/strangercam.com\/sv\/camki\/\" \/>\n<meta property=\"og:site_name\" content=\"Strangercam\" \/>\n<meta property=\"article:publisher\" content=\"https:\/\/www.facebook.com\/strangercam\" \/>\n<meta property=\"article:modified_time\" content=\"2023-08-21T09:40:39+00:00\" \/>\n<meta property=\"og:image\" content=\"https:\/\/strangercam.com\/wp-content\/uploads\/2020\/11\/stranger-cam-1.png\" \/>\n\t<meta property=\"og:image:width\" content=\"800\" \/>\n\t<meta property=\"og:image:height\" content=\"800\" \/>\n\t<meta property=\"og:image:type\" content=\"image\/png\" \/>\n<meta name=\"twitter:card\" content=\"summary_large_image\" \/>\n<meta name=\"twitter:site\" content=\"@strangercamapp\" \/>\n<meta name=\"twitter:label1\" content=\"Ber\u00e4knad l\u00e4stid\" \/>\n\t<meta name=\"twitter:data1\" content=\"6 minuter\" \/>\n<script type=\"application\/ld+json\" class=\"yoast-schema-graph\">{\"@context\":\"https:\\\/\\\/schema.org\",\"@graph\":[{\"@type\":\"WebPage\",\"@id\":\"https:\\\/\\\/strangercam.com\\\/camki\\\/\",\"url\":\"https:\\\/\\\/strangercam.com\\\/camki\\\/\",\"name\":\"Camki - Chat with strangers on StrangerCam.com\",\"isPartOf\":{\"@id\":\"https:\\\/\\\/strangercam.com\\\/#website\"},\"primaryImageOfPage\":{\"@id\":\"https:\\\/\\\/strangercam.com\\\/camki\\\/#primaryimage\"},\"image\":{\"@id\":\"https:\\\/\\\/strangercam.com\\\/camki\\\/#primaryimage\"},\"thumbnailUrl\":\"https:\\\/\\\/strangercam.com\\\/wp-content\\\/uploads\\\/2020\\\/11\\\/stranger-cam-1.png\",\"datePublished\":\"2022-08-11T13:06:21+00:00\",\"dateModified\":\"2023-08-21T09:40:39+00:00\",\"description\":\"Like Camki? Come chat with more than 5.000.000 strangers on Stranger Cam for Free! Turn on your cam and find new friends & maby a match!\",\"breadcrumb\":{\"@id\":\"https:\\\/\\\/strangercam.com\\\/camki\\\/#breadcrumb\"},\"inLanguage\":\"sv-SE\",\"potentialAction\":[{\"@type\":\"ReadAction\",\"target\":[\"https:\\\/\\\/strangercam.com\\\/camki\\\/\"]}]},{\"@type\":\"ImageObject\",\"inLanguage\":\"sv-SE\",\"@id\":\"https:\\\/\\\/strangercam.com\\\/camki\\\/#primaryimage\",\"url\":\"https:\\\/\\\/strangercam.com\\\/wp-content\\\/uploads\\\/2020\\\/11\\\/stranger-cam-1.png\",\"contentUrl\":\"https:\\\/\\\/strangercam.com\\\/wp-content\\\/uploads\\\/2020\\\/11\\\/stranger-cam-1.png\",\"width\":800,\"height\":800,\"caption\":\"stranger cam random video chat\"},{\"@type\":\"BreadcrumbList\",\"@id\":\"https:\\\/\\\/strangercam.com\\\/camki\\\/#breadcrumb\",\"itemListElement\":[{\"@type\":\"ListItem\",\"position\":1,\"name\":\"Home\",\"item\":\"https:\\\/\\\/strangercam.com\\\/\"},{\"@type\":\"ListItem\",\"position\":2,\"name\":\"Camki\"}]},{\"@type\":\"WebSite\",\"@id\":\"https:\\\/\\\/strangercam.com\\\/#website\",\"url\":\"https:\\\/\\\/strangercam.com\\\/\",\"name\":\"Strangercam\",\"description\":\"Random Video Chat with Strangers\",\"publisher\":{\"@id\":\"https:\\\/\\\/strangercam.com\\\/#organization\"},\"alternateName\":\"Strangercam.com\",\"potentialAction\":[{\"@type\":\"SearchAction\",\"target\":{\"@type\":\"EntryPoint\",\"urlTemplate\":\"https:\\\/\\\/strangercam.com\\\/?s={search_term_string}\"},\"query-input\":{\"@type\":\"PropertyValueSpecification\",\"valueRequired\":true,\"valueName\":\"search_term_string\"}}],\"inLanguage\":\"sv-SE\"},{\"@type\":\"Organization\",\"@id\":\"https:\\\/\\\/strangercam.com\\\/#organization\",\"name\":\"Strangercam\",\"alternateName\":\"Strangercam.com\",\"url\":\"https:\\\/\\\/strangercam.com\\\/\",\"logo\":{\"@type\":\"ImageObject\",\"inLanguage\":\"sv-SE\",\"@id\":\"https:\\\/\\\/strangercam.com\\\/#\\\/schema\\\/logo\\\/image\\\/\",\"url\":\"https:\\\/\\\/strangercam.com\\\/wp-content\\\/uploads\\\/2020\\\/11\\\/cropped-new-favicon-black.png\",\"contentUrl\":\"https:\\\/\\\/strangercam.com\\\/wp-content\\\/uploads\\\/2020\\\/11\\\/cropped-new-favicon-black.png\",\"width\":512,\"height\":512,\"caption\":\"Strangercam\"},\"image\":{\"@id\":\"https:\\\/\\\/strangercam.com\\\/#\\\/schema\\\/logo\\\/image\\\/\"},\"sameAs\":[\"https:\\\/\\\/www.facebook.com\\\/strangercam\",\"https:\\\/\\\/x.com\\\/strangercamapp\"]}]}<\/script>\n<!-- \/ Yoast SEO plugin. -->","yoast_head_json":{"title":"Camki - Chatta med fr\u00e4mlingar p\u00e5 StrangerCam.com","description":"Gillar du Camki? Kom och chatta med mer \u00e4n 5.000.000 fr\u00e4mlingar p\u00e5 Stranger Cam helt gratis! Sl\u00e5 p\u00e5 din kamera och hitta nya v\u00e4nner och kanske en match!","robots":{"index":"index","follow":"follow","max-snippet":"max-snippet:-1","max-image-preview":"max-image-preview:large","max-video-preview":"max-video-preview:-1"},"canonical":"https:\/\/strangercam.com\/sv\/camki\/","og_locale":"sv_SE","og_type":"article","og_title":"Camki - Chat with strangers on StrangerCam.com","og_description":"Like Camki? Come chat with more than 5.000.000 strangers on Stranger Cam for Free! Turn on your cam and find new friends & maby a match!","og_url":"https:\/\/strangercam.com\/sv\/camki\/","og_site_name":"Strangercam","article_publisher":"https:\/\/www.facebook.com\/strangercam","article_modified_time":"2023-08-21T09:40:39+00:00","og_image":[{"width":800,"height":800,"url":"https:\/\/strangercam.com\/wp-content\/uploads\/2020\/11\/stranger-cam-1.png","type":"image\/png"}],"twitter_card":"summary_large_image","twitter_site":"@strangercamapp","twitter_misc":{"Ber\u00e4knad l\u00e4stid":"6 minuter"},"schema":{"@context":"https:\/\/schema.org","@graph":[{"@type":"WebPage","@id":"https:\/\/strangercam.com\/camki\/","url":"https:\/\/strangercam.com\/camki\/","name":"Camki - Chatta med fr\u00e4mlingar p\u00e5 StrangerCam.com","isPartOf":{"@id":"https:\/\/strangercam.com\/#website"},"primaryImageOfPage":{"@id":"https:\/\/strangercam.com\/camki\/#primaryimage"},"image":{"@id":"https:\/\/strangercam.com\/camki\/#primaryimage"},"thumbnailUrl":"https:\/\/strangercam.com\/wp-content\/uploads\/2020\/11\/stranger-cam-1.png","datePublished":"2022-08-11T13:06:21+00:00","dateModified":"2023-08-21T09:40:39+00:00","description":"Gillar du Camki? Kom och chatta med mer \u00e4n 5.000.000 fr\u00e4mlingar p\u00e5 Stranger Cam helt gratis! Sl\u00e5 p\u00e5 din kamera och hitta nya v\u00e4nner och kanske en match!","breadcrumb":{"@id":"https:\/\/strangercam.com\/camki\/#breadcrumb"},"inLanguage":"sv-SE","potentialAction":[{"@type":"ReadAction","target":["https:\/\/strangercam.com\/camki\/"]}]},{"@type":"ImageObject","inLanguage":"sv-SE","@id":"https:\/\/strangercam.com\/camki\/#primaryimage","url":"https:\/\/strangercam.com\/wp-content\/uploads\/2020\/11\/stranger-cam-1.png","contentUrl":"https:\/\/strangercam.com\/wp-content\/uploads\/2020\/11\/stranger-cam-1.png","width":800,"height":800,"caption":"stranger cam random video chat"},{"@type":"BreadcrumbList","@id":"https:\/\/strangercam.com\/camki\/#breadcrumb","itemListElement":[{"@type":"ListItem","position":1,"name":"Home","item":"https:\/\/strangercam.com\/"},{"@type":"ListItem","position":2,"name":"Camki"}]},{"@type":"WebSite","@id":"https:\/\/strangercam.com\/#website","url":"https:\/\/strangercam.com\/","name":"Strangercam","description":"Slumpm\u00e4ssig videochatt med fr\u00e4mlingar","publisher":{"@id":"https:\/\/strangercam.com\/#organization"},"alternateName":"Strangercam.com","potentialAction":[{"@type":"SearchAction","target":{"@type":"EntryPoint","urlTemplate":"https:\/\/strangercam.com\/?s={search_term_string}"},"query-input":{"@type":"PropertyValueSpecification","valueRequired":true,"valueName":"search_term_string"}}],"inLanguage":"sv-SE"},{"@type":"Organization","@id":"https:\/\/strangercam.com\/#organization","name":"Strangercam","alternateName":"Strangercam.com","url":"https:\/\/strangercam.com\/","logo":{"@type":"ImageObject","inLanguage":"sv-SE","@id":"https:\/\/strangercam.com\/#\/schema\/logo\/image\/","url":"https:\/\/strangercam.com\/wp-content\/uploads\/2020\/11\/cropped-new-favicon-black.png","contentUrl":"https:\/\/strangercam.com\/wp-content\/uploads\/2020\/11\/cropped-new-favicon-black.png","width":512,"height":512,"caption":"Strangercam"},"image":{"@id":"https:\/\/strangercam.com\/#\/schema\/logo\/image\/"},"sameAs":["https:\/\/www.facebook.com\/strangercam","https:\/\/x.com\/strangercamapp"]}]}},"_links":{"self":[{"href":"https:\/\/strangercam.com\/sv\/wp-json\/wp\/v2\/pages\/11142","targetHints":{"allow":["GET"]}}],"collection":[{"href":"https:\/\/strangercam.com\/sv\/wp-json\/wp\/v2\/pages"}],"about":[{"href":"https:\/\/strangercam.com\/sv\/wp-json\/wp\/v2\/types\/page"}],"author":[{"embeddable":true,"href":"https:\/\/strangercam.com\/sv\/wp-json\/wp\/v2\/users\/6"}],"replies":[{"embeddable":true,"href":"https:\/\/strangercam.com\/sv\/wp-json\/wp\/v2\/comments?post=11142"}],"version-history":[{"count":0,"href":"https:\/\/strangercam.com\/sv\/wp-json\/wp\/v2\/pages\/11142\/revisions"}],"wp:featuredmedia":[{"embeddable":true,"href":"https:\/\/strangercam.com\/sv\/wp-json\/wp\/v2\/media\/559"}],"wp:attachment":[{"href":"https:\/\/strangercam.com\/sv\/wp-json\/wp\/v2\/media?parent=11142"}],"curies":[{"name":"wp","href":"https:\/\/api.w.org\/{rel}","templated":true}]}}