{"id":11129,"date":"2022-08-11T14:56:49","date_gmt":"2022-08-11T12:56:49","guid":{"rendered":"https:\/\/strangercam.com\/?page_id=11129"},"modified":"2023-08-21T12:38:21","modified_gmt":"2023-08-21T10:38:21","slug":"roulette-chat","status":"publish","type":"page","link":"https:\/\/strangercam.com\/sv\/roulette-chat\/","title":{"rendered":"Roulette Chat"},"content":{"rendered":"<p><a href=\"https:\/\/strangercam.com\/sv\/chathub\/\">Chatt<\/a> roulette \u00e4r en unik chattj\u00e4nst som g\u00f6r att du kan f\u00e5 kontakt med m\u00e4nniskor fr\u00e5n hela v\u00e4rlden. Tj\u00e4nsten \u00e4r helt gratis och det finns inga dolda avgifter eller avgifter. Du kan anv\u00e4nda tj\u00e4nsten f\u00f6r att chatta med fr\u00e4mlingar, f\u00e5 nya v\u00e4nner eller till och med hitta en dejt!<\/p>\n<h2>Vad \u00e4r roulettechatt?<\/h2>\n<p>Roulette-chat \u00e4r en typ av onlinechatt som g\u00f6r det m\u00f6jligt f\u00f6r anv\u00e4ndare att f\u00e5 kontakt med andra slumpm\u00e4ssigt. Det liknar ett traditionellt chattrum, men med det extra elementet att du kan se den person du pratar med. Detta kan vara ett bra s\u00e4tt att <a href=\"https:\/\/strangercam.com\/sv\/coomeet\/\">tr\u00e4ffas<\/a> nya m\u00e4nniskor eller bara prata med n\u00e5gon som du normalt inte skulle prata med.<\/p>\n<h2>F\u00f6rdelarna med roulettechatt<\/h2>\n<p>Det finns m\u00e5nga f\u00f6rdelar med roulette-chat-roulette. Till att b\u00f6rja med \u00e4r det ett bra s\u00e4tt att tr\u00e4ffa nya m\u00e4nniskor fr\u00e5n hela v\u00e4rlden. Du kan ocks\u00e5 l\u00e4ra dig mer om olika kulturer och livsstilar genom att chatta med m\u00e4nniskor fr\u00e5n olika l\u00e4nder. Dessutom \u00e4r det ett bra s\u00e4tt att f\u00e5 nya v\u00e4nner och till och med hitta k\u00e4rleken.<\/p>\n<h2>Hur man hittar det b\u00e4sta roulettechattrummet<\/h2>\n<p>Om du vill hitta det b\u00e4sta roulette-chattrummet finns det n\u00e5gra saker du b\u00f6r t\u00e4nka p\u00e5. F\u00f6rst och fr\u00e4mst, se till att chattrummet \u00e4r v\u00e4l modererat. Detta kommer att s\u00e4kerst\u00e4lla att konversationerna \u00e4r respektfulla och civila. F\u00f6r det andra, leta efter ett chattrum som har ett gott rykte. Detta kan fastst\u00e4llas genom att l\u00e4sa recensioner eller fr\u00e5ga runt i andra chattrum. Slutligen, se till att det chattrum du v\u00e4ljer har ett bra urval av spel och funktioner. Detta kommer att s\u00e4kerst\u00e4lla att du har mycket att g\u00f6ra och inte blir uttr\u00e5kad.<\/p>\n<h2>Hur man f\u00e5r ut det mesta av roulettechatten<\/h2>\n<p>Det finns m\u00e5nga s\u00e4tt att njuta av roulette-chat och f\u00e5 ut det mesta av det. H\u00e4r \u00e4r n\u00e5gra tips:<\/p>\n<ol>\n<li style=\"font-weight: 400;\" aria-level=\"1\">L\u00e4r k\u00e4nna de andra anv\u00e4ndarna. Ta dig tid att bl\u00e4ddra igenom de andra anv\u00e4ndarnas profiler och l\u00e4r dig lite om dem. Detta g\u00f6r det l\u00e4ttare att inleda en konversation.<\/li>\n<li style=\"font-weight: 400;\" aria-level=\"1\">Var v\u00e4nlig och tillm\u00f6tesg\u00e5ende. Var inte r\u00e4dd f\u00f6r att inleda en konversation med n\u00e5gon. Alla \u00e4r h\u00e4r f\u00f6r att prata och ha kul, s\u00e5 var bara dig sj\u00e4lv!<\/li>\n<li style=\"font-weight: 400;\" aria-level=\"1\">Anv\u00e4nd chattfunktionerna. Roulette-chat erbjuder massor av funktioner som kan g\u00f6ra din upplevelse roligare. Anv\u00e4nd dem!<\/li>\n<li style=\"font-weight: 400;\" aria-level=\"1\">Stanna kvar och chatta ett tag. Ju mer du chattar, desto mer l\u00e4r du k\u00e4nna de andra anv\u00e4ndarna och desto roligare kommer du att ha.<\/li>\n<li style=\"font-weight: 400;\" aria-level=\"1\">Ha kul! Det \u00e4r vad roulette-chat handlar om, s\u00e5 koppla av och njut av dig sj\u00e4lv!<\/li>\n<\/ol>\n<h2>Varf\u00f6r roulette-chat \u00e4r s\u00e5 popul\u00e4r slumpm\u00e4ssig videochattplattform?<\/h2>\n<p>Det finns m\u00e5nga anledningar till varf\u00f6r roulette-chat \u00e4r s\u00e5 popul\u00e4rt som en slumpm\u00e4ssig videochattplattform. F\u00f6r det f\u00f6rsta \u00e4r det otroligt enkelt att anv\u00e4nda. Du beh\u00f6ver inte registrera dig f\u00f6r ett konto eller ladda ner n\u00e5gon programvara. \u00d6ppna bara webbplatsen och b\u00f6rja chatta.<\/p>\n<p>F\u00f6r det andra \u00e4r roulette-chat helt gratis. Du beh\u00f6ver inte betala n\u00e5got f\u00f6r att chatta med slumpm\u00e4ssiga fr\u00e4mlingar. Det finns inga dolda avgifter eller prenumerationsplaner.<\/p>\n<p>F\u00f6r det tredje <a href=\"https:\/\/strangercam.com\/sv\/chatroulette\/\">chatroulette<\/a> funktionen \u00e4r mycket unik och intressant. Den skiljer sig fr\u00e5n andra chattplattformar eftersom du aldrig vet vem du kommer att prata med n\u00e4sta g\u00e5ng. Detta \u00f6verraskningsmoment g\u00f6r upplevelsen mer sp\u00e4nnande och rolig.<\/p>\n<p>F\u00f6r det fj\u00e4rde har roulette-chat en stor anv\u00e4ndarbas. Det finns alltid tusentals m\u00e4nniskor online vid varje given tidpunkt, s\u00e5 du \u00e4r s\u00e4ker p\u00e5 att hitta n\u00e5gon att chatta med oavsett n\u00e4r du loggar in.<\/p>\n<p>Slutligen finns roulette-chat tillg\u00e4ngligt p\u00e5 m\u00e5nga olika spr\u00e5k. Detta g\u00f6r det tillg\u00e4ngligt f\u00f6r m\u00e4nniskor fr\u00e5n hela v\u00e4rlden. Oavsett vilket spr\u00e5k du talar kommer du att kunna hitta n\u00e5gon att chatta med p\u00e5 roulette-chat.<\/p>\n<h2>\u00c4r det s\u00e4kert att anv\u00e4nda?<\/h2>\n<p>Om du undrar om det \u00e4r s\u00e4kert att anv\u00e4nda roulettechatt \u00e4r svaret ja - s\u00e5 l\u00e4nge du anv\u00e4nder en ansedd webbplats. Med det sagt finns det alltid risker f\u00f6rknippade med alla onlineaktiviteter, s\u00e5 det \u00e4r viktigt att vara medveten om dem och vidta \u00e5tg\u00e4rder f\u00f6r att skydda dig sj\u00e4lv. N\u00e4r det g\u00e4ller roulettechatt \u00e4r de st\u00f6rsta riskerna relaterade till identitetsst\u00f6ld och bedr\u00e4geri. Identitetsst\u00f6ld kan intr\u00e4ffa om n\u00e5gon f\u00e5r tillg\u00e5ng till dina personuppgifter, t.ex. namn, adress och f\u00f6delsedatum. Bedr\u00e4geri kan intr\u00e4ffa om du luras att ge bort din finansiella information eller skicka pengar till n\u00e5gon du inte k\u00e4nner.<\/p>\n<h2>Hur kan man vara s\u00e4ker n\u00e4r man anv\u00e4nder slumpm\u00e4ssig videochattapp?<\/h2>\n<p>N\u00e4r du anv\u00e4nder n\u00e5gon form av slumpm\u00e4ssig videochattapp finns det vissa s\u00e4kerhets\u00e5tg\u00e4rder du b\u00f6r vidta f\u00f6r att skydda dig sj\u00e4lv. H\u00e4r \u00e4r n\u00e5gra tips om hur du kan vara s\u00e4ker n\u00e4r du anv\u00e4nder roulette-chat:<\/p>\n<ol>\n<li style=\"font-weight: 400;\" aria-level=\"1\">L\u00e4mna aldrig ut personlig information till n\u00e5gon du inte k\u00e4nner. Detta inkluderar ditt fullst\u00e4ndiga namn, adress, telefonnummer, e-postadress etc.<\/li>\n<li style=\"font-weight: 400;\" aria-level=\"1\">Om n\u00e5gon ber dig om pengar eller personlig finansiell information ska du omedelbart avsluta samtalet och rapportera personen till appens moderatorer.<\/li>\n<li style=\"font-weight: 400;\" aria-level=\"1\">Var uppm\u00e4rksam p\u00e5 bedragare och catfishers som f\u00f6rs\u00f6ker lura m\u00e4nniskor genom att l\u00e5tsas vara n\u00e5gon de inte \u00e4r. Om n\u00e5gon verkar f\u00f6r bra f\u00f6r att vara sann, \u00e4r de f\u00f6rmodligen det.<\/li>\n<li style=\"font-weight: 400;\" aria-level=\"1\">H\u00e5ll dina sekretessinst\u00e4llningar uppdaterade och inst\u00e4llda p\u00e5 h\u00f6gsta m\u00f6jliga niv\u00e5. Detta hj\u00e4lper till att f\u00f6rhindra att fr\u00e4mlingar f\u00e5r tillg\u00e5ng till din personliga information.<\/li>\n<li style=\"font-weight: 400;\" aria-level=\"1\">Anv\u00e4nd alltid en ansedd och betrodd slumpm\u00e4ssig videochattapp som Roulette-Chat som har strikta s\u00e4kerhets\u00e5tg\u00e4rder p\u00e5 plats f\u00f6r att skydda sina anv\u00e4ndare.<\/li>\n<\/ol>\n<h2>Alternativ till roulettechatt<\/h2>\n<p>Det finns m\u00e5nga alternativ till roulette-chat tillg\u00e4ngliga p\u00e5 internet. N\u00e5gra av dessa alternativ \u00e4r:<\/p>\n<ol>\n<li style=\"font-weight: 400;\" aria-level=\"1\"><a href=\"https:\/\/strangercam.com\/sv\/omegle\/\">Omegle<\/a>: Detta \u00e4r en popul\u00e4r chatroulette-webbplats med miljontals anv\u00e4ndare. Det \u00e4r gratis att anv\u00e4nda och du kan chatta med fr\u00e4mlingar fr\u00e5n hela v\u00e4rlden.<\/li>\n<li style=\"font-weight: 400;\" aria-level=\"1\">Chatrandom: Den h\u00e4r webbplatsen liknar Omegle och har ocks\u00e5 miljontals anv\u00e4ndare. Den \u00e4r ocks\u00e5 gratis att anv\u00e4nda och du kan chatta med fr\u00e4mlingar fr\u00e5n hela v\u00e4rlden.<\/li>\n<li style=\"font-weight: 400;\" aria-level=\"1\"><a href=\"https:\/\/strangercam.com\/sv\/bazoocam\/\">Bazoocam<\/a>: Detta \u00e4r en fransk chatroulette-webbplats med tusentals anv\u00e4ndare. Den \u00e4r gratis att anv\u00e4nda och du kan chatta med fr\u00e4mlingar fr\u00e5n Frankrike och andra fransktalande l\u00e4nder.<\/li>\n<li style=\"font-weight: 400;\" aria-level=\"1\">Camsurf: Detta \u00e4r en popul\u00e4r chatroulettesajt med miljontals anv\u00e4ndare fr\u00e5n hela v\u00e4rlden. Det \u00e4r gratis att anv\u00e4nda och du kan chatta med fr\u00e4mlingar fr\u00e5n hela v\u00e4rlden.<\/li>\n<li style=\"font-weight: 400;\" aria-level=\"1\">Tinychat: Den h\u00e4r webbplatsen liknar chatroulette och har tusentals anv\u00e4ndare fr\u00e5n hela v\u00e4rlden. Det \u00e4r gratis att anv\u00e4nda och du kan chatta med fr\u00e4mlingar fr\u00e5n hela v\u00e4rlden.<\/li>\n<\/ol>\n<h2>Slutsats<\/h2>\n<p>Roulettechatt \u00e4r ett bra s\u00e4tt att tr\u00e4ffa nya m\u00e4nniskor och ha lite kul. Det \u00e4r l\u00e4tt att komma ig\u00e5ng och det finns gott om m\u00e4nniskor att chatta med. Oavsett om du letar efter ett seri\u00f6st f\u00f6rh\u00e5llande eller bara lite avslappnat kul, \u00e4r roulettechatt ett bra alternativ.<\/p>","protected":false},"excerpt":{"rendered":"<p>Chat roulette is a unique chat service that allows you to connect with people from all over the world. The service is completely free, and there are no hidden fees or charges. You can use the service to chat with strangers, make new friends, or even find a date! What is roulette chat? Roulette-chat is [&hellip;]<\/p>\n","protected":false},"author":6,"featured_media":559,"parent":0,"menu_order":0,"comment_status":"closed","ping_status":"closed","template":"","meta":{"footnotes":""},"class_list":["post-11129","page","type-page","status-publish","has-post-thumbnail","hentry"],"yoast_head":"<!-- This site is optimized with the Yoast SEO plugin v26.9 - https:\/\/yoast.com\/product\/yoast-seo-wordpress\/ -->\n<title>Roulette Chat - Chat with strangers on StrangerCam.com<\/title>\n<meta name=\"description\" content=\"Like Roulette Chat? Come chat with more than 5.000.000 strangers on Stranger Cam for Free! Turn on your cam and find new friends &amp; maby a match!\" \/>\n<meta name=\"robots\" content=\"index, follow, max-snippet:-1, max-image-preview:large, max-video-preview:-1\" \/>\n<link rel=\"canonical\" href=\"https:\/\/strangercam.com\/sv\/roulette-chat\/\" \/>\n<meta property=\"og:locale\" content=\"sv_SE\" \/>\n<meta property=\"og:type\" content=\"article\" \/>\n<meta property=\"og:title\" content=\"Roulette Chat - Chat with strangers on StrangerCam.com\" \/>\n<meta property=\"og:description\" content=\"Like Roulette Chat? Come chat with more than 5.000.000 strangers on Stranger Cam for Free! Turn on your cam and find new friends &amp; maby a match!\" \/>\n<meta property=\"og:url\" content=\"https:\/\/strangercam.com\/sv\/roulette-chat\/\" \/>\n<meta property=\"og:site_name\" content=\"Strangercam\" \/>\n<meta property=\"article:publisher\" content=\"https:\/\/www.facebook.com\/strangercam\" \/>\n<meta property=\"article:modified_time\" content=\"2023-08-21T10:38:21+00:00\" \/>\n<meta property=\"og:image\" content=\"https:\/\/strangercam.com\/wp-content\/uploads\/2020\/11\/stranger-cam-1.png\" \/>\n\t<meta property=\"og:image:width\" content=\"800\" \/>\n\t<meta property=\"og:image:height\" content=\"800\" \/>\n\t<meta property=\"og:image:type\" content=\"image\/png\" \/>\n<meta name=\"twitter:card\" content=\"summary_large_image\" \/>\n<meta name=\"twitter:site\" content=\"@strangercamapp\" \/>\n<meta name=\"twitter:label1\" content=\"Ber\u00e4knad l\u00e4stid\" \/>\n\t<meta name=\"twitter:data1\" content=\"5 minuter\" \/>\n<script type=\"application\/ld+json\" class=\"yoast-schema-graph\">{\"@context\":\"https:\/\/schema.org\",\"@graph\":[{\"@type\":\"WebPage\",\"@id\":\"https:\/\/strangercam.com\/roulette-chat\/\",\"url\":\"https:\/\/strangercam.com\/roulette-chat\/\",\"name\":\"Roulette Chat - Chat with strangers on StrangerCam.com\",\"isPartOf\":{\"@id\":\"https:\/\/strangercam.com\/#website\"},\"primaryImageOfPage\":{\"@id\":\"https:\/\/strangercam.com\/roulette-chat\/#primaryimage\"},\"image\":{\"@id\":\"https:\/\/strangercam.com\/roulette-chat\/#primaryimage\"},\"thumbnailUrl\":\"https:\/\/strangercam.com\/wp-content\/uploads\/2020\/11\/stranger-cam-1.png\",\"datePublished\":\"2022-08-11T12:56:49+00:00\",\"dateModified\":\"2023-08-21T10:38:21+00:00\",\"description\":\"Like Roulette Chat? Come chat with more than 5.000.000 strangers on Stranger Cam for Free! Turn on your cam and find new friends & maby a match!\",\"breadcrumb\":{\"@id\":\"https:\/\/strangercam.com\/roulette-chat\/#breadcrumb\"},\"inLanguage\":\"sv-SE\",\"potentialAction\":[{\"@type\":\"ReadAction\",\"target\":[\"https:\/\/strangercam.com\/roulette-chat\/\"]}]},{\"@type\":\"ImageObject\",\"inLanguage\":\"sv-SE\",\"@id\":\"https:\/\/strangercam.com\/roulette-chat\/#primaryimage\",\"url\":\"https:\/\/strangercam.com\/wp-content\/uploads\/2020\/11\/stranger-cam-1.png\",\"contentUrl\":\"https:\/\/strangercam.com\/wp-content\/uploads\/2020\/11\/stranger-cam-1.png\",\"width\":800,\"height\":800,\"caption\":\"stranger cam random video chat\"},{\"@type\":\"BreadcrumbList\",\"@id\":\"https:\/\/strangercam.com\/roulette-chat\/#breadcrumb\",\"itemListElement\":[{\"@type\":\"ListItem\",\"position\":1,\"name\":\"Home\",\"item\":\"https:\/\/strangercam.com\/\"},{\"@type\":\"ListItem\",\"position\":2,\"name\":\"Roulette Chat\"}]},{\"@type\":\"WebSite\",\"@id\":\"https:\/\/strangercam.com\/#website\",\"url\":\"https:\/\/strangercam.com\/\",\"name\":\"Strangercam\",\"description\":\"Random Video Chat with Strangers\",\"publisher\":{\"@id\":\"https:\/\/strangercam.com\/#organization\"},\"alternateName\":\"Strangercam.com\",\"potentialAction\":[{\"@type\":\"SearchAction\",\"target\":{\"@type\":\"EntryPoint\",\"urlTemplate\":\"https:\/\/strangercam.com\/?s={search_term_string}\"},\"query-input\":{\"@type\":\"PropertyValueSpecification\",\"valueRequired\":true,\"valueName\":\"search_term_string\"}}],\"inLanguage\":\"sv-SE\"},{\"@type\":\"Organization\",\"@id\":\"https:\/\/strangercam.com\/#organization\",\"name\":\"Strangercam\",\"alternateName\":\"Strangercam.com\",\"url\":\"https:\/\/strangercam.com\/\",\"logo\":{\"@type\":\"ImageObject\",\"inLanguage\":\"sv-SE\",\"@id\":\"https:\/\/strangercam.com\/#\/schema\/logo\/image\/\",\"url\":\"https:\/\/strangercam.com\/wp-content\/uploads\/2020\/11\/cropped-new-favicon-black.png\",\"contentUrl\":\"https:\/\/strangercam.com\/wp-content\/uploads\/2020\/11\/cropped-new-favicon-black.png\",\"width\":512,\"height\":512,\"caption\":\"Strangercam\"},\"image\":{\"@id\":\"https:\/\/strangercam.com\/#\/schema\/logo\/image\/\"},\"sameAs\":[\"https:\/\/www.facebook.com\/strangercam\",\"https:\/\/x.com\/strangercamapp\"]}]}<\/script>\n<!-- \/ Yoast SEO plugin. -->","yoast_head_json":{"title":"Roulette Chat - Chatta med fr\u00e4mlingar p\u00e5 StrangerCam.com","description":"Gillar du Roulette Chat? Kom och chatta med mer \u00e4n 5.000.000 fr\u00e4mlingar p\u00e5 Stranger Cam helt gratis! Sl\u00e5 p\u00e5 din kamera och hitta nya v\u00e4nner och kanske en match!","robots":{"index":"index","follow":"follow","max-snippet":"max-snippet:-1","max-image-preview":"max-image-preview:large","max-video-preview":"max-video-preview:-1"},"canonical":"https:\/\/strangercam.com\/sv\/roulette-chat\/","og_locale":"sv_SE","og_type":"article","og_title":"Roulette Chat - Chat with strangers on StrangerCam.com","og_description":"Like Roulette Chat? Come chat with more than 5.000.000 strangers on Stranger Cam for Free! Turn on your cam and find new friends & maby a match!","og_url":"https:\/\/strangercam.com\/sv\/roulette-chat\/","og_site_name":"Strangercam","article_publisher":"https:\/\/www.facebook.com\/strangercam","article_modified_time":"2023-08-21T10:38:21+00:00","og_image":[{"width":800,"height":800,"url":"https:\/\/strangercam.com\/wp-content\/uploads\/2020\/11\/stranger-cam-1.png","type":"image\/png"}],"twitter_card":"summary_large_image","twitter_site":"@strangercamapp","twitter_misc":{"Ber\u00e4knad l\u00e4stid":"5 minuter"},"schema":{"@context":"https:\/\/schema.org","@graph":[{"@type":"WebPage","@id":"https:\/\/strangercam.com\/roulette-chat\/","url":"https:\/\/strangercam.com\/roulette-chat\/","name":"Roulette Chat - Chatta med fr\u00e4mlingar p\u00e5 StrangerCam.com","isPartOf":{"@id":"https:\/\/strangercam.com\/#website"},"primaryImageOfPage":{"@id":"https:\/\/strangercam.com\/roulette-chat\/#primaryimage"},"image":{"@id":"https:\/\/strangercam.com\/roulette-chat\/#primaryimage"},"thumbnailUrl":"https:\/\/strangercam.com\/wp-content\/uploads\/2020\/11\/stranger-cam-1.png","datePublished":"2022-08-11T12:56:49+00:00","dateModified":"2023-08-21T10:38:21+00:00","description":"Gillar du Roulette Chat? Kom och chatta med mer \u00e4n 5.000.000 fr\u00e4mlingar p\u00e5 Stranger Cam helt gratis! Sl\u00e5 p\u00e5 din kamera och hitta nya v\u00e4nner och kanske en match!","breadcrumb":{"@id":"https:\/\/strangercam.com\/roulette-chat\/#breadcrumb"},"inLanguage":"sv-SE","potentialAction":[{"@type":"ReadAction","target":["https:\/\/strangercam.com\/roulette-chat\/"]}]},{"@type":"ImageObject","inLanguage":"sv-SE","@id":"https:\/\/strangercam.com\/roulette-chat\/#primaryimage","url":"https:\/\/strangercam.com\/wp-content\/uploads\/2020\/11\/stranger-cam-1.png","contentUrl":"https:\/\/strangercam.com\/wp-content\/uploads\/2020\/11\/stranger-cam-1.png","width":800,"height":800,"caption":"stranger cam random video chat"},{"@type":"BreadcrumbList","@id":"https:\/\/strangercam.com\/roulette-chat\/#breadcrumb","itemListElement":[{"@type":"ListItem","position":1,"name":"Home","item":"https:\/\/strangercam.com\/"},{"@type":"ListItem","position":2,"name":"Roulette Chat"}]},{"@type":"WebSite","@id":"https:\/\/strangercam.com\/#website","url":"https:\/\/strangercam.com\/","name":"Strangercam","description":"Slumpm\u00e4ssig videochatt med fr\u00e4mlingar","publisher":{"@id":"https:\/\/strangercam.com\/#organization"},"alternateName":"Strangercam.com","potentialAction":[{"@type":"SearchAction","target":{"@type":"EntryPoint","urlTemplate":"https:\/\/strangercam.com\/?s={search_term_string}"},"query-input":{"@type":"PropertyValueSpecification","valueRequired":true,"valueName":"search_term_string"}}],"inLanguage":"sv-SE"},{"@type":"Organization","@id":"https:\/\/strangercam.com\/#organization","name":"Strangercam","alternateName":"Strangercam.com","url":"https:\/\/strangercam.com\/","logo":{"@type":"ImageObject","inLanguage":"sv-SE","@id":"https:\/\/strangercam.com\/#\/schema\/logo\/image\/","url":"https:\/\/strangercam.com\/wp-content\/uploads\/2020\/11\/cropped-new-favicon-black.png","contentUrl":"https:\/\/strangercam.com\/wp-content\/uploads\/2020\/11\/cropped-new-favicon-black.png","width":512,"height":512,"caption":"Strangercam"},"image":{"@id":"https:\/\/strangercam.com\/#\/schema\/logo\/image\/"},"sameAs":["https:\/\/www.facebook.com\/strangercam","https:\/\/x.com\/strangercamapp"]}]}},"_links":{"self":[{"href":"https:\/\/strangercam.com\/sv\/wp-json\/wp\/v2\/pages\/11129","targetHints":{"allow":["GET"]}}],"collection":[{"href":"https:\/\/strangercam.com\/sv\/wp-json\/wp\/v2\/pages"}],"about":[{"href":"https:\/\/strangercam.com\/sv\/wp-json\/wp\/v2\/types\/page"}],"author":[{"embeddable":true,"href":"https:\/\/strangercam.com\/sv\/wp-json\/wp\/v2\/users\/6"}],"replies":[{"embeddable":true,"href":"https:\/\/strangercam.com\/sv\/wp-json\/wp\/v2\/comments?post=11129"}],"version-history":[{"count":0,"href":"https:\/\/strangercam.com\/sv\/wp-json\/wp\/v2\/pages\/11129\/revisions"}],"wp:featuredmedia":[{"embeddable":true,"href":"https:\/\/strangercam.com\/sv\/wp-json\/wp\/v2\/media\/559"}],"wp:attachment":[{"href":"https:\/\/strangercam.com\/sv\/wp-json\/wp\/v2\/media?parent=11129"}],"curies":[{"name":"wp","href":"https:\/\/api.w.org\/{rel}","templated":true}]}}