{"id":11108,"date":"2022-08-11T14:46:42","date_gmt":"2022-08-11T12:46:42","guid":{"rendered":"https:\/\/strangercam.com\/?page_id=11108"},"modified":"2023-08-21T11:40:39","modified_gmt":"2023-08-21T09:40:39","slug":"camround","status":"publish","type":"page","link":"https:\/\/strangercam.com\/sv\/camround\/","title":{"rendered":"Camround"},"content":{"rendered":"<p>I dagens v\u00e4rld \u00e4r det l\u00e4tt att k\u00e4nna sig ensam och som om man inte har n\u00e5gon att prata med. Om du letar efter ett s\u00e4tt att <a href=\"https:\/\/strangercam.com\/sv\/coomeet\/\">tr\u00e4ffas<\/a> nya m\u00e4nniskor och f\u00e5 v\u00e4nner, Camround \u00e4r den perfekta appen f\u00f6r dig! Camround \u00e4r en social n\u00e4tverksapp som kopplar samman dig med slumpm\u00e4ssiga m\u00e4nniskor fr\u00e5n hela v\u00e4rlden.<\/p>\n<h2>Vad \u00e4r Camround?<\/h2>\n<p>Camround \u00e4r en ny social n\u00e4tverkssajt som hj\u00e4lper dig att tr\u00e4ffa slumpm\u00e4ssiga m\u00e4nniskor och f\u00e5 nya v\u00e4nner. Det \u00e4r enkelt att anv\u00e4nda; bara registrera dig och b\u00f6rja chatta med m\u00e4nniskor fr\u00e5n hela v\u00e4rlden. Camround \u00e4r ett bra s\u00e4tt att tr\u00e4ffa nya m\u00e4nniskor, l\u00e4ra sig mer om olika kulturer och f\u00e5 nya v\u00e4nner.<\/p>\n<h2>Hur fungerar Camround?<\/h2>\n<p>Camround \u00e4r en social n\u00e4tverkssajt som kopplar samman m\u00e4nniskor fr\u00e5n hela v\u00e4rlden. Det \u00e4r enkelt att anv\u00e4nda - bara registrera dig och b\u00f6rja chatta! Du kan tr\u00e4ffa nya v\u00e4nner, l\u00e4ra dig om nya kulturer och kanske till och med hitta k\u00e4rleken!<\/p>\n<h2>F\u00f6r- och nackdelar med Camround<\/h2>\n<p>Om du letar efter ett nytt s\u00e4tt att tr\u00e4ffa m\u00e4nniskor och f\u00e5 v\u00e4nner kanske du undrar om Camround \u00e4r r\u00e4tt val f\u00f6r dig. I det h\u00e4r blogginl\u00e4gget g\u00e5r vi igenom n\u00e5gra av f\u00f6r- och nackdelarna med att anv\u00e4nda Camround s\u00e5 att du sj\u00e4lv kan best\u00e4mma om det \u00e4r r\u00e4tt f\u00f6r dig.<\/p>\n<h4>F\u00f6rdelar:<\/h4>\n<ul>\n<li style=\"font-weight: 400;\" aria-level=\"1\">Camround \u00e4r ett utm\u00e4rkt s\u00e4tt att tr\u00e4ffa nya m\u00e4nniskor fr\u00e5n hela v\u00e4rlden. Du kan f\u00e5 kontakt med m\u00e4nniskor som delar dina intressen, och du vet aldrig vem du kan tr\u00e4ffa!<\/li>\n<li style=\"font-weight: 400;\" aria-level=\"1\">Det \u00e4r ett roligt och enkelt s\u00e4tt att umg\u00e5s p\u00e5 n\u00e4tet. Du kan enkelt inleda konversationer med m\u00e4nniskor och det finns ingen press att tr\u00e4ffas personligen om du inte \u00e4r redo \u00e4n.<\/li>\n<li style=\"font-weight: 400;\" aria-level=\"1\">Camround \u00e4r gratis att anv\u00e4nda, s\u00e5 du kan prova det utan n\u00e5gra \u00e5taganden.<\/li>\n<\/ul>\n<h4>Nackdelar:<\/h4>\n<ul>\n<li style=\"font-weight: 400;\" aria-level=\"1\">Eftersom Camround \u00e4r en slumpm\u00e4ssig <a href=\"https:\/\/strangercam.com\/sv\/chatroulette\/\">chatt<\/a> finns det alltid en risk att st\u00f6ta p\u00e5 ol\u00e4mpligt beteende eller rovdjur. Om du inte \u00e4r f\u00f6rsiktig kan du hamna i en farlig situation.<\/li>\n<li style=\"font-weight: 400;\" aria-level=\"1\">Det finns ocks\u00e5 potential att sl\u00f6sa mycket tid p\u00e5 Camround om du inte \u00e4r f\u00f6rsiktig. Det \u00e4r l\u00e4tt att sugas in i att chatta i timmar i str\u00e4ck utan att verkligen \u00e5stadkomma n\u00e5gonting<\/li>\n<\/ul>\n<h2>Betydelsefulla egenskaper hos Camround<\/h2>\n<p>En av de viktigaste funktionerna i Camround \u00e4r att det hj\u00e4lper dig att tr\u00e4ffa slumpm\u00e4ssiga m\u00e4nniskor och f\u00e5 nya v\u00e4nner. Det \u00e4r en social n\u00e4tverkswebbplats som l\u00e5ter dig f\u00e5 kontakt med m\u00e4nniskor fr\u00e5n hela v\u00e4rlden. Det b\u00e4sta med Camround \u00e4r att det \u00e4r helt gratis att anv\u00e4nda!<\/p>\n<p>En annan bra funktion med Camround \u00e4r att det ger dig m\u00f6jlighet att l\u00e4ra dig om olika kulturer. Du kan interagera med m\u00e4nniskor fr\u00e5n olika delar av v\u00e4rlden och l\u00e4ra dig om deras seder och traditioner. Detta \u00e4r ett utm\u00e4rkt s\u00e4tt att vidga dina vyer och f\u00e5 en b\u00e4ttre f\u00f6rst\u00e5else f\u00f6r v\u00e4rlden omkring dig.<\/p>\n<p>Camround \u00e4r ocks\u00e5 ett bra s\u00e4tt att h\u00e5lla kontakten med gamla v\u00e4nner. Du kan \u00e5terknyta kontakten med gamla klasskamrater eller till och med f\u00e5 nya v\u00e4nner som delar dina intressen. Camround g\u00f6r det enkelt att h\u00e5lla kontakten med de m\u00e4nniskor som betyder mest f\u00f6r dig.<\/p>\n<p>S\u00e5 vad v\u00e4ntar du p\u00e5? Registrera dig f\u00f6r Camround idag och b\u00f6rja tr\u00e4ffa nya m\u00e4nniskor fr\u00e5n hela v\u00e4rlden!<\/p>\n<h2>Hur f\u00e5r man ut s\u00e5 mycket som m\u00f6jligt av Camround?<\/h2>\n<p>Om du vill f\u00e5 nya v\u00e4nner och tr\u00e4ffa slumpm\u00e4ssiga m\u00e4nniskor \u00e4r Camround den perfekta platsen f\u00f6r dig! H\u00e4r \u00e4r n\u00e5gra tips p\u00e5 hur du f\u00e5r ut det mesta av din upplevelse:<\/p>\n<ul>\n<li style=\"font-weight: 400;\" aria-level=\"1\">Var dig sj\u00e4lv! Det b\u00e4sta s\u00e4ttet att f\u00e5 v\u00e4nner \u00e4r att vara sig sj\u00e4lv och l\u00e5ta andra l\u00e4ra k\u00e4nna ditt r\u00e4tta jag.<\/li>\n<li style=\"font-weight: 400;\" aria-level=\"1\">Var \u00f6ppen f\u00f6r att tr\u00e4ffa nya m\u00e4nniskor. Var inte r\u00e4dd f\u00f6r att inleda en konversation med n\u00e5gon du inte k\u00e4nner.<\/li>\n<li style=\"font-weight: 400;\" aria-level=\"1\">Engagera dig i samh\u00e4llet. Det h\u00e4nder alltid roliga saker i Camround-communityn, s\u00e5 engagera dig och var med p\u00e5 det roliga!<\/li>\n<li style=\"font-weight: 400;\" aria-level=\"1\">Var respektfull. Kom ih\u00e5g att respektera andra och deras \u00e5sikter, \u00e4ven om du inte h\u00e5ller med om dem.<\/li>\n<li style=\"font-weight: 400;\" aria-level=\"1\">Ha roligt! Att skaffa nya v\u00e4nner ska vara roligt, s\u00e5 se till att slappna av och ha kul!<\/li>\n<\/ul>\n<h2>Varf\u00f6r Camround \u00e4r s\u00e5 popul\u00e4r slumpm\u00e4ssig videochattplattform?<\/h2>\n<p><a href=\"https:\/\/strangercam.com\/sv\/chathub\/\">Slumpm\u00e4ssig videochatt<\/a> plattformar som Camround blir alltmer popul\u00e4ra eftersom m\u00e4nniskor letar efter nya s\u00e4tt att f\u00e5 kontakt med andra online. Det finns ett antal sk\u00e4l till varf\u00f6r Camround \u00e4r s\u00e5 popul\u00e4rt, inklusive m\u00f6jligheten att tr\u00e4ffa nya m\u00e4nniskor fr\u00e5n hela v\u00e4rlden och det faktum att det \u00e4r gratis att anv\u00e4nda.<\/p>\n<p>En av de b\u00e4sta sakerna med Camround \u00e4r att det ger anv\u00e4ndarna m\u00f6jlighet att tr\u00e4ffa nya m\u00e4nniskor fr\u00e5n hela v\u00e4rlden. Oavsett var du befinner dig kan du logga in och b\u00f6rja chatta med n\u00e5gon ny. Detta \u00e4r ett bra s\u00e4tt att f\u00e5 nya v\u00e4nner och ut\u00f6ka din sociala cirkel.<\/p>\n<p>En annan anledning till att Camround \u00e4r s\u00e5 popul\u00e4rt \u00e4r att det \u00e4r gratis att anv\u00e4nda. Du beh\u00f6ver inte betala n\u00e5got f\u00f6r att registrera dig eller chatta, vilket g\u00f6r det tillg\u00e4ngligt f\u00f6r alla. Detta inneb\u00e4r ocks\u00e5 att det inte finns n\u00e5gra annonser, s\u00e5 du kan njuta av dina konversationer utan n\u00e5gra avbrott.<\/p>\n<p>Om du letar efter ett roligt och enkelt s\u00e4tt att tr\u00e4ffa nya m\u00e4nniskor \u00e4r Camround definitivt v\u00e4rt att kolla in.<\/p>\n<h2>Vad kan man f\u00f6rv\u00e4nta sig n\u00e4r man anv\u00e4nder en slumpm\u00e4ssig videochattplattform?<\/h2>\n<p>En slumpm\u00e4ssig <a href=\"https:\/\/strangercam.com\/sv\/rabbit-video-chat\/\">videochatt<\/a> plattform kan vara ett bra s\u00e4tt att tr\u00e4ffa nya m\u00e4nniskor och f\u00e5 nya v\u00e4nner. Det finns dock n\u00e5gra saker du b\u00f6r t\u00e4nka p\u00e5 n\u00e4r du anv\u00e4nder en s\u00e5dan plattform.<\/p>\n<p>Kom f\u00f6rst ih\u00e5g att inte alla du tr\u00e4ffar p\u00e5 en slumpm\u00e4ssig videochattplattform kommer att vara den de s\u00e4ger att de \u00e4r. Det finns bedragare och rovdjur som anv\u00e4nder dessa plattformar f\u00f6r att ge sig p\u00e5 intet ont anande anv\u00e4ndare. Var noga med att anv\u00e4nda sunt f\u00f6rnuft och var f\u00f6rsiktig n\u00e4r du interagerar med n\u00e5gon du tr\u00e4ffar p\u00e5 en slumpm\u00e4ssig videochattplattform.<\/p>\n<p>F\u00f6r det andra b\u00f6r du vara medveten om att vissa av de personer du tr\u00e4ffar p\u00e5 en slumpm\u00e4ssig videochattplattform kanske inte \u00e4r intresserade av att prata med dig. Om n\u00e5gon verkar ointresserad eller inte svarar, ta det inte personligt utan g\u00e5 bara vidare till n\u00e5gon annan.<\/p>\n<p>Slutligen ska du inte l\u00e4mna ut personlig information eller skicka pengar till n\u00e5gon som du tr\u00e4ffar p\u00e5 en slumpm\u00e4ssig videochattplattform.<\/p>\n<h2>\u00c4r det s\u00e4kert att anv\u00e4nda?<\/h2>\n<p>N\u00e4r det g\u00e4ller s\u00e4kerhet p\u00e5 n\u00e4tet vidtar Camround \u00e5tg\u00e4rder f\u00f6r att s\u00e4kerst\u00e4lla att dess anv\u00e4ndare skyddas fr\u00e5n bedragare och bedragare. Webbplatsen anv\u00e4nder verifieringssystem f\u00f6r att bekr\u00e4fta sina medlemmars identitet och har ocks\u00e5 en strikt antispam-policy. Dessutom erbjuder Camround ett s\u00e4kert l\u00e4ge f\u00f6r anv\u00e4ndare som vill begr\u00e4nsa sina interaktioner till endast de som har verifierats av webbplatsen.<\/p>\n<h2>Alternativ till Camround<\/h2>\n<p>Letar du efter n\u00e5gra alternativ till Camround? H\u00e4r \u00e4r n\u00e5gra andra s\u00e4tt att tr\u00e4ffa slumpm\u00e4ssiga m\u00e4nniskor och f\u00e5 nya v\u00e4nner:<\/p>\n<ul>\n<li style=\"font-weight: 400;\" aria-level=\"1\">Cam4 - Cam4 \u00e4r en webbplats som l\u00e5ter dig videochatta med slumpm\u00e4ssiga m\u00e4nniskor. Den \u00e4r mycket lik Camround, f\u00f6rutom att den inte har samma funktioner.<\/li>\n<li style=\"font-weight: 400;\" aria-level=\"1\"><a href=\"https:\/\/strangercam.com\/sv\/omegle\/\">Omegle<\/a> \u00e4r en annan webbplats som l\u00e5ter dig videochatta med slumpm\u00e4ssiga m\u00e4nniskor. Den har inte lika m\u00e5nga funktioner som Camround, men det \u00e4r fortfarande ett bra alternativ.<\/li>\n<li style=\"font-weight: 400;\" aria-level=\"1\">Chaturbate: Ett bra alternativ till Camround, Chaturbate \u00e4r en live webbkameraplattform med miljontals anv\u00e4ndare.<\/li>\n<\/ul>\n<h2>Slutsats<\/h2>\n<p>Camround \u00e4r en fantastisk app f\u00f6r att f\u00e5 nya v\u00e4nner och tr\u00e4ffa slumpm\u00e4ssiga m\u00e4nniskor. Den \u00e4r enkel att anv\u00e4nda och den \u00e4r gratis, s\u00e5 det finns inget som hindrar dig fr\u00e5n att prova den. Oavsett om du letar efter n\u00e5gon att chatta med eller vill tr\u00e4ffa n\u00e5gon personligen, \u00e4r Camround definitivt v\u00e4rt att kolla in.<\/p>","protected":false},"excerpt":{"rendered":"<p>In today&#8217;s world, it&#8217;s easy to feel alone and like you don&#8217;t have anyone to talk to. If you&#8217;re looking for a way to meet new people and make friends, Camround is the perfect app for you! Camround is a social networking app that connects you with random people from all over the world. What [&hellip;]<\/p>\n","protected":false},"author":6,"featured_media":559,"parent":0,"menu_order":0,"comment_status":"closed","ping_status":"closed","template":"","meta":{"footnotes":""},"class_list":["post-11108","page","type-page","status-publish","has-post-thumbnail","hentry"],"yoast_head":"<!-- This site is optimized with the Yoast SEO plugin v26.9 - https:\/\/yoast.com\/product\/yoast-seo-wordpress\/ -->\n<title>Camround - Chat with strangers on StrangerCam.com<\/title>\n<meta name=\"description\" content=\"Like Camround? Come chat with more than 5.000.000 strangers on Stranger Cam for Free! Turn on your cam and find new friends &amp; maby a match!\" \/>\n<meta name=\"robots\" content=\"index, follow, max-snippet:-1, max-image-preview:large, max-video-preview:-1\" \/>\n<link rel=\"canonical\" href=\"https:\/\/strangercam.com\/sv\/camround\/\" \/>\n<meta property=\"og:locale\" content=\"sv_SE\" \/>\n<meta property=\"og:type\" content=\"article\" \/>\n<meta property=\"og:title\" content=\"Camround - Chat with strangers on StrangerCam.com\" \/>\n<meta property=\"og:description\" content=\"Like Camround? Come chat with more than 5.000.000 strangers on Stranger Cam for Free! Turn on your cam and find new friends &amp; maby a match!\" \/>\n<meta property=\"og:url\" content=\"https:\/\/strangercam.com\/sv\/camround\/\" \/>\n<meta property=\"og:site_name\" content=\"Strangercam\" \/>\n<meta property=\"article:publisher\" content=\"https:\/\/www.facebook.com\/strangercam\" \/>\n<meta property=\"article:modified_time\" content=\"2023-08-21T09:40:39+00:00\" \/>\n<meta property=\"og:image\" content=\"https:\/\/strangercam.com\/wp-content\/uploads\/2020\/11\/stranger-cam-1.png\" \/>\n\t<meta property=\"og:image:width\" content=\"800\" \/>\n\t<meta property=\"og:image:height\" content=\"800\" \/>\n\t<meta property=\"og:image:type\" content=\"image\/png\" \/>\n<meta name=\"twitter:card\" content=\"summary_large_image\" \/>\n<meta name=\"twitter:site\" content=\"@strangercamapp\" \/>\n<meta name=\"twitter:label1\" content=\"Ber\u00e4knad l\u00e4stid\" \/>\n\t<meta name=\"twitter:data1\" content=\"6 minuter\" \/>\n<script type=\"application\/ld+json\" class=\"yoast-schema-graph\">{\"@context\":\"https:\/\/schema.org\",\"@graph\":[{\"@type\":\"WebPage\",\"@id\":\"https:\/\/strangercam.com\/camround\/\",\"url\":\"https:\/\/strangercam.com\/camround\/\",\"name\":\"Camround - Chat with strangers on StrangerCam.com\",\"isPartOf\":{\"@id\":\"https:\/\/strangercam.com\/#website\"},\"primaryImageOfPage\":{\"@id\":\"https:\/\/strangercam.com\/camround\/#primaryimage\"},\"image\":{\"@id\":\"https:\/\/strangercam.com\/camround\/#primaryimage\"},\"thumbnailUrl\":\"https:\/\/strangercam.com\/wp-content\/uploads\/2020\/11\/stranger-cam-1.png\",\"datePublished\":\"2022-08-11T12:46:42+00:00\",\"dateModified\":\"2023-08-21T09:40:39+00:00\",\"description\":\"Like Camround? Come chat with more than 5.000.000 strangers on Stranger Cam for Free! Turn on your cam and find new friends & maby a match!\",\"breadcrumb\":{\"@id\":\"https:\/\/strangercam.com\/camround\/#breadcrumb\"},\"inLanguage\":\"sv-SE\",\"potentialAction\":[{\"@type\":\"ReadAction\",\"target\":[\"https:\/\/strangercam.com\/camround\/\"]}]},{\"@type\":\"ImageObject\",\"inLanguage\":\"sv-SE\",\"@id\":\"https:\/\/strangercam.com\/camround\/#primaryimage\",\"url\":\"https:\/\/strangercam.com\/wp-content\/uploads\/2020\/11\/stranger-cam-1.png\",\"contentUrl\":\"https:\/\/strangercam.com\/wp-content\/uploads\/2020\/11\/stranger-cam-1.png\",\"width\":800,\"height\":800,\"caption\":\"stranger cam random video chat\"},{\"@type\":\"BreadcrumbList\",\"@id\":\"https:\/\/strangercam.com\/camround\/#breadcrumb\",\"itemListElement\":[{\"@type\":\"ListItem\",\"position\":1,\"name\":\"Home\",\"item\":\"https:\/\/strangercam.com\/\"},{\"@type\":\"ListItem\",\"position\":2,\"name\":\"Camround\"}]},{\"@type\":\"WebSite\",\"@id\":\"https:\/\/strangercam.com\/#website\",\"url\":\"https:\/\/strangercam.com\/\",\"name\":\"Strangercam\",\"description\":\"Random Video Chat with Strangers\",\"publisher\":{\"@id\":\"https:\/\/strangercam.com\/#organization\"},\"alternateName\":\"Strangercam.com\",\"potentialAction\":[{\"@type\":\"SearchAction\",\"target\":{\"@type\":\"EntryPoint\",\"urlTemplate\":\"https:\/\/strangercam.com\/?s={search_term_string}\"},\"query-input\":{\"@type\":\"PropertyValueSpecification\",\"valueRequired\":true,\"valueName\":\"search_term_string\"}}],\"inLanguage\":\"sv-SE\"},{\"@type\":\"Organization\",\"@id\":\"https:\/\/strangercam.com\/#organization\",\"name\":\"Strangercam\",\"alternateName\":\"Strangercam.com\",\"url\":\"https:\/\/strangercam.com\/\",\"logo\":{\"@type\":\"ImageObject\",\"inLanguage\":\"sv-SE\",\"@id\":\"https:\/\/strangercam.com\/#\/schema\/logo\/image\/\",\"url\":\"https:\/\/strangercam.com\/wp-content\/uploads\/2020\/11\/cropped-new-favicon-black.png\",\"contentUrl\":\"https:\/\/strangercam.com\/wp-content\/uploads\/2020\/11\/cropped-new-favicon-black.png\",\"width\":512,\"height\":512,\"caption\":\"Strangercam\"},\"image\":{\"@id\":\"https:\/\/strangercam.com\/#\/schema\/logo\/image\/\"},\"sameAs\":[\"https:\/\/www.facebook.com\/strangercam\",\"https:\/\/x.com\/strangercamapp\"]}]}<\/script>\n<!-- \/ Yoast SEO plugin. -->","yoast_head_json":{"title":"Camround - Chatta med fr\u00e4mlingar p\u00e5 StrangerCam.com","description":"Gillar du Camround? Kom och chatta med mer \u00e4n 5.000.000 fr\u00e4mlingar p\u00e5 Stranger Cam helt gratis! Sl\u00e5 p\u00e5 din kamera och hitta nya v\u00e4nner och kanske en match!","robots":{"index":"index","follow":"follow","max-snippet":"max-snippet:-1","max-image-preview":"max-image-preview:large","max-video-preview":"max-video-preview:-1"},"canonical":"https:\/\/strangercam.com\/sv\/camround\/","og_locale":"sv_SE","og_type":"article","og_title":"Camround - Chat with strangers on StrangerCam.com","og_description":"Like Camround? Come chat with more than 5.000.000 strangers on Stranger Cam for Free! Turn on your cam and find new friends & maby a match!","og_url":"https:\/\/strangercam.com\/sv\/camround\/","og_site_name":"Strangercam","article_publisher":"https:\/\/www.facebook.com\/strangercam","article_modified_time":"2023-08-21T09:40:39+00:00","og_image":[{"width":800,"height":800,"url":"https:\/\/strangercam.com\/wp-content\/uploads\/2020\/11\/stranger-cam-1.png","type":"image\/png"}],"twitter_card":"summary_large_image","twitter_site":"@strangercamapp","twitter_misc":{"Ber\u00e4knad l\u00e4stid":"6 minuter"},"schema":{"@context":"https:\/\/schema.org","@graph":[{"@type":"WebPage","@id":"https:\/\/strangercam.com\/camround\/","url":"https:\/\/strangercam.com\/camround\/","name":"Camround - Chatta med fr\u00e4mlingar p\u00e5 StrangerCam.com","isPartOf":{"@id":"https:\/\/strangercam.com\/#website"},"primaryImageOfPage":{"@id":"https:\/\/strangercam.com\/camround\/#primaryimage"},"image":{"@id":"https:\/\/strangercam.com\/camround\/#primaryimage"},"thumbnailUrl":"https:\/\/strangercam.com\/wp-content\/uploads\/2020\/11\/stranger-cam-1.png","datePublished":"2022-08-11T12:46:42+00:00","dateModified":"2023-08-21T09:40:39+00:00","description":"Gillar du Camround? Kom och chatta med mer \u00e4n 5.000.000 fr\u00e4mlingar p\u00e5 Stranger Cam helt gratis! Sl\u00e5 p\u00e5 din kamera och hitta nya v\u00e4nner och kanske en match!","breadcrumb":{"@id":"https:\/\/strangercam.com\/camround\/#breadcrumb"},"inLanguage":"sv-SE","potentialAction":[{"@type":"ReadAction","target":["https:\/\/strangercam.com\/camround\/"]}]},{"@type":"ImageObject","inLanguage":"sv-SE","@id":"https:\/\/strangercam.com\/camround\/#primaryimage","url":"https:\/\/strangercam.com\/wp-content\/uploads\/2020\/11\/stranger-cam-1.png","contentUrl":"https:\/\/strangercam.com\/wp-content\/uploads\/2020\/11\/stranger-cam-1.png","width":800,"height":800,"caption":"stranger cam random video chat"},{"@type":"BreadcrumbList","@id":"https:\/\/strangercam.com\/camround\/#breadcrumb","itemListElement":[{"@type":"ListItem","position":1,"name":"Home","item":"https:\/\/strangercam.com\/"},{"@type":"ListItem","position":2,"name":"Camround"}]},{"@type":"WebSite","@id":"https:\/\/strangercam.com\/#website","url":"https:\/\/strangercam.com\/","name":"Strangercam","description":"Slumpm\u00e4ssig videochatt med fr\u00e4mlingar","publisher":{"@id":"https:\/\/strangercam.com\/#organization"},"alternateName":"Strangercam.com","potentialAction":[{"@type":"SearchAction","target":{"@type":"EntryPoint","urlTemplate":"https:\/\/strangercam.com\/?s={search_term_string}"},"query-input":{"@type":"PropertyValueSpecification","valueRequired":true,"valueName":"search_term_string"}}],"inLanguage":"sv-SE"},{"@type":"Organization","@id":"https:\/\/strangercam.com\/#organization","name":"Strangercam","alternateName":"Strangercam.com","url":"https:\/\/strangercam.com\/","logo":{"@type":"ImageObject","inLanguage":"sv-SE","@id":"https:\/\/strangercam.com\/#\/schema\/logo\/image\/","url":"https:\/\/strangercam.com\/wp-content\/uploads\/2020\/11\/cropped-new-favicon-black.png","contentUrl":"https:\/\/strangercam.com\/wp-content\/uploads\/2020\/11\/cropped-new-favicon-black.png","width":512,"height":512,"caption":"Strangercam"},"image":{"@id":"https:\/\/strangercam.com\/#\/schema\/logo\/image\/"},"sameAs":["https:\/\/www.facebook.com\/strangercam","https:\/\/x.com\/strangercamapp"]}]}},"_links":{"self":[{"href":"https:\/\/strangercam.com\/sv\/wp-json\/wp\/v2\/pages\/11108","targetHints":{"allow":["GET"]}}],"collection":[{"href":"https:\/\/strangercam.com\/sv\/wp-json\/wp\/v2\/pages"}],"about":[{"href":"https:\/\/strangercam.com\/sv\/wp-json\/wp\/v2\/types\/page"}],"author":[{"embeddable":true,"href":"https:\/\/strangercam.com\/sv\/wp-json\/wp\/v2\/users\/6"}],"replies":[{"embeddable":true,"href":"https:\/\/strangercam.com\/sv\/wp-json\/wp\/v2\/comments?post=11108"}],"version-history":[{"count":0,"href":"https:\/\/strangercam.com\/sv\/wp-json\/wp\/v2\/pages\/11108\/revisions"}],"wp:featuredmedia":[{"embeddable":true,"href":"https:\/\/strangercam.com\/sv\/wp-json\/wp\/v2\/media\/559"}],"wp:attachment":[{"href":"https:\/\/strangercam.com\/sv\/wp-json\/wp\/v2\/media?parent=11108"}],"curies":[{"name":"wp","href":"https:\/\/api.w.org\/{rel}","templated":true}]}}